{"id":10511,"date":"2020-05-15T12:55:57","date_gmt":"2020-05-15T12:55:24","guid":{"rendered":"https:\/\/telemet.com\/ash-group-environment\/ash-eswingo-200\/"},"modified":"2023-08-18T13:41:21","modified_gmt":"2023-08-18T13:41:21","slug":"ash-eswingo-200","status":"publish","type":"page","link":"https:\/\/telemet.com\/es\/ash-group-environment\/ash-eswingo-200\/","title":{"rendered":"Aebi-Schmidt eSwingo 200+"},"content":{"rendered":"<div class=\"fusion-fullwidth fullwidth-box fusion-builder-row-1 nonhundred-percent-fullwidth non-hundred-percent-height-scrolling\" style=\"--awb-background-position:left top;--awb-border-radius-top-left:0px;--awb-border-radius-top-right:0px;--awb-border-radius-bottom-right:0px;--awb-border-radius-bottom-left:0px;--awb-padding-top:0px;--awb-padding-bottom:20px;--awb-border-sizes-top:0px;--awb-border-sizes-bottom:0px;--awb-flex-wrap:wrap;\" ><div class=\"fusion-builder-row fusion-row\"><div class=\"fusion-layout-column fusion_builder_column fusion-builder-column-0 fusion_builder_column_1_1 1_1 fusion-one-full fusion-column-first fusion-column-last fusion-column-no-min-height\" style=\"--awb-bg-size:cover;--awb-margin-top:0px;--awb-margin-bottom:0px;\"><div class=\"fusion-column-wrapper fusion-flex-column-wrapper-legacy\"><div class=\"fusion-slider-sc fusion-flexslider-loading flexslider fusion-aligncenter flexslider-hover-type-none\" data-slideshow_autoplay=\"1\" data-slideshow_smooth_height=\"0\" data-slideshow_speed=\"5000\" style=\"max-width:100%;height:100%;\"><ul class=\"slides\"><li class=\"image\"><span class=\"fusion-image-hover-element hover-type-none\"><img decoding=\"async\" src=\"https:\/\/telemet.com\/wp-content\/uploads\/2020\/05\/eswingo-200-1.jpg\" width=\"900\" height=\"599\" class=\"wp-image-10498\" srcset=\"https:\/\/telemet.com\/wp-content\/uploads\/2020\/05\/eswingo-200-1-200x133.jpg 200w, https:\/\/telemet.com\/wp-content\/uploads\/2020\/05\/eswingo-200-1-400x266.jpg 400w, https:\/\/telemet.com\/wp-content\/uploads\/2020\/05\/eswingo-200-1-600x399.jpg 600w, https:\/\/telemet.com\/wp-content\/uploads\/2020\/05\/eswingo-200-1-800x532.jpg 800w, https:\/\/telemet.com\/wp-content\/uploads\/2020\/05\/eswingo-200-1.jpg 900w\" sizes=\"(max-width: 800px) 100vw, 900px\" \/><\/span><\/li><li class=\"image\"><span class=\"fusion-image-hover-element hover-type-none\"><img decoding=\"async\" src=\"https:\/\/telemet.com\/wp-content\/uploads\/2020\/05\/eswingo-200-2.jpg\" width=\"900\" height=\"599\" class=\"wp-image-10500\" srcset=\"https:\/\/telemet.com\/wp-content\/uploads\/2020\/05\/eswingo-200-2-200x133.jpg 200w, https:\/\/telemet.com\/wp-content\/uploads\/2020\/05\/eswingo-200-2-400x266.jpg 400w, https:\/\/telemet.com\/wp-content\/uploads\/2020\/05\/eswingo-200-2-600x399.jpg 600w, https:\/\/telemet.com\/wp-content\/uploads\/2020\/05\/eswingo-200-2-800x532.jpg 800w, https:\/\/telemet.com\/wp-content\/uploads\/2020\/05\/eswingo-200-2.jpg 900w\" sizes=\"(max-width: 800px) 100vw, 900px\" \/><\/span><\/li><li class=\"image\"><span class=\"fusion-image-hover-element hover-type-none\"><img decoding=\"async\" src=\"https:\/\/telemet.com\/wp-content\/uploads\/2020\/05\/eswingo-200-3.jpg\" width=\"900\" height=\"599\" class=\"wp-image-10502\" srcset=\"https:\/\/telemet.com\/wp-content\/uploads\/2020\/05\/eswingo-200-3-200x133.jpg 200w, https:\/\/telemet.com\/wp-content\/uploads\/2020\/05\/eswingo-200-3-400x266.jpg 400w, https:\/\/telemet.com\/wp-content\/uploads\/2020\/05\/eswingo-200-3-600x399.jpg 600w, https:\/\/telemet.com\/wp-content\/uploads\/2020\/05\/eswingo-200-3-800x532.jpg 800w, https:\/\/telemet.com\/wp-content\/uploads\/2020\/05\/eswingo-200-3.jpg 900w\" sizes=\"(max-width: 800px) 100vw, 900px\" \/><\/span><\/li><li class=\"image\"><span class=\"fusion-image-hover-element hover-type-none\"><img decoding=\"async\" src=\"https:\/\/telemet.com\/wp-content\/uploads\/2020\/05\/eswingo-200-4-1.jpg\" width=\"900\" height=\"599\" class=\"wp-image-10504\" srcset=\"https:\/\/telemet.com\/wp-content\/uploads\/2020\/05\/eswingo-200-4-1-200x133.jpg 200w, https:\/\/telemet.com\/wp-content\/uploads\/2020\/05\/eswingo-200-4-1-400x266.jpg 400w, https:\/\/telemet.com\/wp-content\/uploads\/2020\/05\/eswingo-200-4-1-600x399.jpg 600w, https:\/\/telemet.com\/wp-content\/uploads\/2020\/05\/eswingo-200-4-1-800x532.jpg 800w, https:\/\/telemet.com\/wp-content\/uploads\/2020\/05\/eswingo-200-4-1.jpg 900w\" sizes=\"(max-width: 800px) 100vw, 900px\" \/><\/span><\/li><li class=\"image\"><span class=\"fusion-image-hover-element hover-type-none\"><img decoding=\"async\" src=\"https:\/\/telemet.com\/wp-content\/uploads\/2020\/05\/eswingo-200-5.jpg\" width=\"900\" height=\"599\" class=\"wp-image-10506\" srcset=\"https:\/\/telemet.com\/wp-content\/uploads\/2020\/05\/eswingo-200-5-200x133.jpg 200w, https:\/\/telemet.com\/wp-content\/uploads\/2020\/05\/eswingo-200-5-400x266.jpg 400w, https:\/\/telemet.com\/wp-content\/uploads\/2020\/05\/eswingo-200-5-600x399.jpg 600w, https:\/\/telemet.com\/wp-content\/uploads\/2020\/05\/eswingo-200-5-800x532.jpg 800w, https:\/\/telemet.com\/wp-content\/uploads\/2020\/05\/eswingo-200-5.jpg 900w\" sizes=\"(max-width: 800px) 100vw, 900px\" \/><\/span><\/li><li class=\"image\"><span class=\"fusion-image-hover-element hover-type-none\"><img decoding=\"async\" src=\"https:\/\/telemet.com\/wp-content\/uploads\/2020\/05\/eswingo-200-6.jpg\" width=\"900\" height=\"599\" class=\"wp-image-10508\" srcset=\"https:\/\/telemet.com\/wp-content\/uploads\/2020\/05\/eswingo-200-6-200x133.jpg 200w, https:\/\/telemet.com\/wp-content\/uploads\/2020\/05\/eswingo-200-6-400x266.jpg 400w, https:\/\/telemet.com\/wp-content\/uploads\/2020\/05\/eswingo-200-6-600x399.jpg 600w, https:\/\/telemet.com\/wp-content\/uploads\/2020\/05\/eswingo-200-6-800x532.jpg 800w, https:\/\/telemet.com\/wp-content\/uploads\/2020\/05\/eswingo-200-6.jpg 900w\" sizes=\"(max-width: 800px) 100vw, 900px\" \/><\/span><\/li><\/ul><\/div><div class=\"fusion-sep-clear\"><\/div><div class=\"fusion-separator fusion-full-width-sep\" style=\"margin-left: auto;margin-right: auto;margin-top:20px;width:100%;\"><\/div><div class=\"fusion-sep-clear\"><\/div><div class=\"fusion-align-block\"><a class=\"fusion-button button-flat button-xlarge button-default fusion-button-default button-1 fusion-button-default-span \" style=\"--button-border-radius-top-left:0;--button-border-radius-top-right:0;--button-border-radius-bottom-right:0;--button-border-radius-bottom-left:0;width:calc(100%);\" target=\"_blank\" rel=\"noopener noreferrer\" title=\"Download Brochure\" aria-label=\"Download Brochure\" href=\"\/wp-content\/uploads\/2020\/05\/SC_B_eSwingo_es_2019_05_R1_WEB.pdf\"><span class=\"fusion-button-text awb-button__text awb-button__text--default\">Descargar Brochure (PDF)<\/span><i class=\"fa-file-pdf far awb-button__icon awb-button__icon--default button-icon-right\" aria-hidden=\"true\"><\/i><\/a><\/div><div class=\"fusion-sep-clear\"><\/div><div class=\"fusion-separator fusion-full-width-sep\" style=\"margin-left: auto;margin-right: auto;margin-top:20px;width:100%;\"><\/div><div class=\"fusion-sep-clear\"><\/div><div class=\"fusion-clearfix\"><\/div><\/div><\/div><div class=\"fusion-layout-column fusion_builder_column fusion-builder-column-1 fusion_builder_column_1_1 1_1 fusion-one-full fusion-column-first fusion-column-last fusion-column-no-min-height\" style=\"--awb-bg-size:cover;--awb-margin-top:0px;--awb-margin-bottom:0px;\"><div class=\"fusion-column-wrapper fusion-flex-column-wrapper-legacy\"><div class=\"fusion-video fusion-youtube\" style=\"--awb-max-width:800px;--awb-max-height:550px;\"><div class=\"video-shortcode\"><div class=\"fluid-width-video-wrapper\" style=\"padding-top:68.75%;\" ><iframe title=\"YouTube video player 1\" src=\"https:\/\/www.youtube.com\/embed\/c2mgGFuB_uc?wmode=transparent&autoplay=0&amp;t=33\" width=\"800\" height=\"550\" allowfullscreen allow=\"autoplay; clipboard-write; encrypted-media; gyroscope; picture-in-picture;\"><\/iframe><\/div><\/div><\/div><div class=\"fusion-sep-clear\"><\/div><div class=\"fusion-separator fusion-full-width-sep\" style=\"margin-left: auto;margin-right: auto;margin-top:20px;width:100%;\"><\/div><div class=\"fusion-sep-clear\"><\/div><div class=\"fusion-text fusion-text-1\"><p><strong>Una gran sensaci\u00f3n en el barrido: tecnolog\u00eda probada que es m\u00e1s sencilla y m\u00e1s limpia que nunca<\/strong><\/p>\n<p>La eSwingo 200+ no solo limpia eficazmente, sino que tambi\u00e9n es limpia en s\u00ed misma. La barredora compacta funciona exclusivamente con energ\u00eda el\u00e9ctrica sin generar ninguna emisi\u00f3n, lo que la convierte  en una de las barredoras compactas m\u00e1s limpias disponibles en el mercado y tambi\u00e9n en una de las m\u00e1s econ\u00f3micas. Durante su ciclo de vida, los costes de la eSwingo 200+ est\u00e1n a la par con los de la versi\u00f3n diesel, gracias a los menores costes de energ\u00eda y mantenimiento y un mayor per\u00edodo de amortizaci\u00f3n. Por lo tanto, la eSwingo 200+ no solo beneficia al medio ambiente, sino que tambi\u00e9n beneficia al resultado final.<\/p>\n<p>Tanto el accionamiento como la unidad de barrido son propulsados completamente por energ\u00eda el\u00e9ctrica, gracias a una poderosa bater\u00eda recargable con una capacidad de m\u00e1s de 75 kWh que ofrece un rendimiento l\u00edder en su clase de hasta 10 horas sin recargar. Con el excelente poder de barrido de la Swingo 200+, pero con un accionamiento el\u00e9ctrico casi silencioso, la nueva e-Swingo ofrece un &#8220;barrido silencioso e invisible&#8221;.<\/p>\n<p>La m\u00e1s alta calidad de materiales y mano de obra garantiza la durabilidad (al menos 5000 ciclos de carga) y la seguridad de las bater\u00edas (no inflamables, completamente a prueba de explosiones). La Schmidt eSwingo 200+ es particularmente silenciosa, con un nivel de ruido mucho m\u00e1s bajo que el ruido producido por el veh\u00edculo diesel. Esto beneficia no solo a los conductores directamente, sino tambi\u00e9n a los residentes locales. Dado su bajo nivel de ruido, la m\u00e1quina puede utilizarse por la noche o por la ma\u00f1ana temprano. La velocidad m\u00e1xima es de 50 km\/h (31 mph).<\/p>\n<p>El uso de un solo motor el\u00e9ctrico instalado directamente en el eje trasero, implica un mayor rendimiento junto con un menor gasto de mantenimiento en comparaci\u00f3n con otros sistemas.<\/p>\n<p>Elegante e inteligente, la nueva Schmidt eSwingo 200+ tambi\u00e9n proporciona una nueva generaci\u00f3n de soluciones telem\u00e1ticas. Estas ofrecen un posicionamiento basado en GPS en tiempo real, permiten una conducci\u00f3n y un rendimiento de la bater\u00eda optimizados, rastrean autom\u00e1ticamente los intervalos de servicio y tambi\u00e9n se pueden utilizar para la optimizaci\u00f3n de rutas.<\/p>\n<p>Adem\u00e1s, los clientes no necesitan preocuparse por la duraci\u00f3n de la bater\u00eda, ya que ASH Group proporciona todos los servicios y diagn\u00f3sticos de la misma, mientras que las bater\u00edas usadas pueden devolverse y reciclarse sin cargo.<\/p>\n<\/div><div class=\"fusion-clearfix\"><\/div><\/div><\/div><\/div><\/div>\n","protected":false},"excerpt":{"rendered":"","protected":false},"author":1,"featured_media":0,"parent":7515,"menu_order":0,"comment_status":"closed","ping_status":"closed","template":"side-navigation.php","meta":{"footnotes":""},"class_list":["post-10511","page","type-page","status-publish","hentry"],"yoast_head":"<!-- This site is optimized with the Yoast SEO plugin v26.2 - https:\/\/yoast.com\/wordpress\/plugins\/seo\/ -->\n<title>Aebi-Schmidt eSwingo 200+ - Telemet<\/title>\n<meta name=\"robots\" content=\"index, follow, max-snippet:-1, max-image-preview:large, max-video-preview:-1\" \/>\n<link rel=\"canonical\" href=\"https:\/\/telemet.com\/es\/ash-group-environment\/ash-eswingo-200\/\" \/>\n<meta property=\"og:locale\" content=\"es_ES\" \/>\n<meta property=\"og:type\" content=\"article\" \/>\n<meta property=\"og:title\" content=\"Aebi-Schmidt eSwingo 200+ - Telemet\" \/>\n<meta property=\"og:url\" content=\"https:\/\/telemet.com\/es\/ash-group-environment\/ash-eswingo-200\/\" \/>\n<meta property=\"og:site_name\" content=\"Telemet\" \/>\n<meta property=\"article:modified_time\" content=\"2023-08-18T13:41:21+00:00\" \/>\n<meta name=\"twitter:card\" content=\"summary_large_image\" \/>\n<meta name=\"twitter:label1\" content=\"Tiempo de lectura\" \/>\n\t<meta name=\"twitter:data1\" content=\"5 minutes\" \/>\n<script type=\"application\/ld+json\" class=\"yoast-schema-graph\">{\"@context\":\"https:\/\/schema.org\",\"@graph\":[{\"@type\":\"WebPage\",\"@id\":\"https:\/\/telemet.com\/es\/ash-group-environment\/ash-eswingo-200\/\",\"url\":\"https:\/\/telemet.com\/es\/ash-group-environment\/ash-eswingo-200\/\",\"name\":\"Aebi-Schmidt eSwingo 200+ - Telemet\",\"isPartOf\":{\"@id\":\"https:\/\/telemet.com\/es\/#website\"},\"datePublished\":\"2020-05-15T12:55:24+00:00\",\"dateModified\":\"2023-08-18T13:41:21+00:00\",\"breadcrumb\":{\"@id\":\"https:\/\/telemet.com\/es\/ash-group-environment\/ash-eswingo-200\/#breadcrumb\"},\"inLanguage\":\"es-ES\",\"potentialAction\":[{\"@type\":\"ReadAction\",\"target\":[\"https:\/\/telemet.com\/es\/ash-group-environment\/ash-eswingo-200\/\"]}]},{\"@type\":\"BreadcrumbList\",\"@id\":\"https:\/\/telemet.com\/es\/ash-group-environment\/ash-eswingo-200\/#breadcrumb\",\"itemListElement\":[{\"@type\":\"ListItem\",\"position\":1,\"name\":\"Home\",\"item\":\"https:\/\/telemet.com\/es\/\"},{\"@type\":\"ListItem\",\"position\":2,\"name\":\"Aebi Schmidt Medio ambiente\",\"item\":\"https:\/\/telemet.com\/es\/ash-group-environment\/\"},{\"@type\":\"ListItem\",\"position\":3,\"name\":\"Aebi-Schmidt eSwingo 200+\"}]},{\"@type\":\"WebSite\",\"@id\":\"https:\/\/telemet.com\/es\/#website\",\"url\":\"https:\/\/telemet.com\/es\/\",\"name\":\"Telemet, Inc.\",\"description\":\"Efficiency through Simplicity\",\"potentialAction\":[{\"@type\":\"SearchAction\",\"target\":{\"@type\":\"EntryPoint\",\"urlTemplate\":\"https:\/\/telemet.com\/es\/?s={search_term_string}\"},\"query-input\":{\"@type\":\"PropertyValueSpecification\",\"valueRequired\":true,\"valueName\":\"search_term_string\"}}],\"inLanguage\":\"es-ES\"}]}<\/script>\n<!-- \/ Yoast SEO plugin. -->","yoast_head_json":{"title":"Aebi-Schmidt eSwingo 200+ - Telemet","robots":{"index":"index","follow":"follow","max-snippet":"max-snippet:-1","max-image-preview":"max-image-preview:large","max-video-preview":"max-video-preview:-1"},"canonical":"https:\/\/telemet.com\/es\/ash-group-environment\/ash-eswingo-200\/","og_locale":"es_ES","og_type":"article","og_title":"Aebi-Schmidt eSwingo 200+ - Telemet","og_url":"https:\/\/telemet.com\/es\/ash-group-environment\/ash-eswingo-200\/","og_site_name":"Telemet","article_modified_time":"2023-08-18T13:41:21+00:00","twitter_card":"summary_large_image","twitter_misc":{"Tiempo de lectura":"5 minutes"},"schema":{"@context":"https:\/\/schema.org","@graph":[{"@type":"WebPage","@id":"https:\/\/telemet.com\/es\/ash-group-environment\/ash-eswingo-200\/","url":"https:\/\/telemet.com\/es\/ash-group-environment\/ash-eswingo-200\/","name":"Aebi-Schmidt eSwingo 200+ - Telemet","isPartOf":{"@id":"https:\/\/telemet.com\/es\/#website"},"datePublished":"2020-05-15T12:55:24+00:00","dateModified":"2023-08-18T13:41:21+00:00","breadcrumb":{"@id":"https:\/\/telemet.com\/es\/ash-group-environment\/ash-eswingo-200\/#breadcrumb"},"inLanguage":"es-ES","potentialAction":[{"@type":"ReadAction","target":["https:\/\/telemet.com\/es\/ash-group-environment\/ash-eswingo-200\/"]}]},{"@type":"BreadcrumbList","@id":"https:\/\/telemet.com\/es\/ash-group-environment\/ash-eswingo-200\/#breadcrumb","itemListElement":[{"@type":"ListItem","position":1,"name":"Home","item":"https:\/\/telemet.com\/es\/"},{"@type":"ListItem","position":2,"name":"Aebi Schmidt Medio ambiente","item":"https:\/\/telemet.com\/es\/ash-group-environment\/"},{"@type":"ListItem","position":3,"name":"Aebi-Schmidt eSwingo 200+"}]},{"@type":"WebSite","@id":"https:\/\/telemet.com\/es\/#website","url":"https:\/\/telemet.com\/es\/","name":"Telemet, Inc.","description":"Efficiency through Simplicity","potentialAction":[{"@type":"SearchAction","target":{"@type":"EntryPoint","urlTemplate":"https:\/\/telemet.com\/es\/?s={search_term_string}"},"query-input":{"@type":"PropertyValueSpecification","valueRequired":true,"valueName":"search_term_string"}}],"inLanguage":"es-ES"}]}},"_links":{"self":[{"href":"https:\/\/telemet.com\/es\/wp-json\/wp\/v2\/pages\/10511","targetHints":{"allow":["GET"]}}],"collection":[{"href":"https:\/\/telemet.com\/es\/wp-json\/wp\/v2\/pages"}],"about":[{"href":"https:\/\/telemet.com\/es\/wp-json\/wp\/v2\/types\/page"}],"author":[{"embeddable":true,"href":"https:\/\/telemet.com\/es\/wp-json\/wp\/v2\/users\/1"}],"replies":[{"embeddable":true,"href":"https:\/\/telemet.com\/es\/wp-json\/wp\/v2\/comments?post=10511"}],"version-history":[{"count":3,"href":"https:\/\/telemet.com\/es\/wp-json\/wp\/v2\/pages\/10511\/revisions"}],"predecessor-version":[{"id":13958,"href":"https:\/\/telemet.com\/es\/wp-json\/wp\/v2\/pages\/10511\/revisions\/13958"}],"up":[{"embeddable":true,"href":"https:\/\/telemet.com\/es\/wp-json\/wp\/v2\/pages\/7515"}],"wp:attachment":[{"href":"https:\/\/telemet.com\/es\/wp-json\/wp\/v2\/media?parent=10511"}],"curies":[{"name":"wp","href":"https:\/\/api.w.org\/{rel}","templated":true}]}}