{"id":10683,"date":"2020-06-20T00:10:46","date_gmt":"2020-06-20T00:10:46","guid":{"rendered":"https:\/\/telemet.com\/tsm\/cubomatic-sanispray-120\/"},"modified":"2020-06-21T13:32:52","modified_gmt":"2020-06-21T13:32:52","slug":"cubomatic-sanispray-120","status":"publish","type":"page","link":"https:\/\/telemet.com\/es\/tsm\/cubomatic-sanispray-120\/","title":{"rendered":"Cubomatic Sanispray 120"},"content":{"rendered":"<div class=\"fusion-fullwidth fullwidth-box fusion-builder-row-1 nonhundred-percent-fullwidth non-hundred-percent-height-scrolling\" style=\"--awb-background-position:left top;--awb-border-radius-top-left:0px;--awb-border-radius-top-right:0px;--awb-border-radius-bottom-right:0px;--awb-border-radius-bottom-left:0px;--awb-padding-top:0px;--awb-padding-bottom:20px;--awb-border-sizes-top:0px;--awb-border-sizes-bottom:0px;--awb-flex-wrap:wrap;\" ><div class=\"fusion-builder-row fusion-row\"><div class=\"fusion-layout-column fusion_builder_column fusion-builder-column-0 fusion_builder_column_1_1 1_1 fusion-one-full fusion-column-first fusion-column-last fusion-column-no-min-height\" style=\"--awb-bg-size:cover;--awb-margin-top:0px;--awb-margin-bottom:0px;\"><div class=\"fusion-column-wrapper fusion-flex-column-wrapper-legacy\"><div class=\"fusion-image-element fusion-image-align-center in-legacy-container\" style=\"text-align:center;--awb-caption-title-font-family:var(--h2_typography-font-family);--awb-caption-title-font-weight:var(--h2_typography-font-weight);--awb-caption-title-font-style:var(--h2_typography-font-style);--awb-caption-title-size:var(--h2_typography-font-size);--awb-caption-title-transform:var(--h2_typography-text-transform);--awb-caption-title-line-height:var(--h2_typography-line-height);--awb-caption-title-letter-spacing:var(--h2_typography-letter-spacing);\"><div class=\"imageframe-align-center\"><span class=\" fusion-imageframe imageframe-none imageframe-1 hover-type-none\"><img decoding=\"async\" width=\"1024\" height=\"683\" title=\"sanispray-cubomatic\" src=\"https:\/\/telemet.com\/wp-content\/uploads\/2020\/06\/sanispray-cubomatic-1-1024x683.jpg\" alt class=\"img-responsive wp-image-10681\" srcset=\"https:\/\/telemet.com\/wp-content\/uploads\/2020\/06\/sanispray-cubomatic-1-200x133.jpg 200w, https:\/\/telemet.com\/wp-content\/uploads\/2020\/06\/sanispray-cubomatic-1-400x267.jpg 400w, https:\/\/telemet.com\/wp-content\/uploads\/2020\/06\/sanispray-cubomatic-1-600x400.jpg 600w, https:\/\/telemet.com\/wp-content\/uploads\/2020\/06\/sanispray-cubomatic-1-800x533.jpg 800w, https:\/\/telemet.com\/wp-content\/uploads\/2020\/06\/sanispray-cubomatic-1.jpg 1200w\" sizes=\"(max-width: 800px) 100vw, 1024px\" \/><\/span><\/div><\/div><div class=\"fusion-sep-clear\"><\/div><div class=\"fusion-separator fusion-full-width-sep\" style=\"margin-left: auto;margin-right: auto;margin-top:20px;width:100%;\"><\/div><div class=\"fusion-sep-clear\"><\/div><div class=\"fusion-video fusion-youtube\" style=\"--awb-max-width:800px;--awb-max-height:550px;\"><div class=\"video-shortcode\"><div class=\"fluid-width-video-wrapper\" style=\"padding-top:68.75%;\" ><iframe title=\"YouTube video player 1\" src=\"https:\/\/www.youtube.com\/embed\/5Cji_gBtoFU?wmode=transparent&autoplay=0\" width=\"800\" height=\"550\" allowfullscreen allow=\"autoplay; clipboard-write; encrypted-media; gyroscope; picture-in-picture;\"><\/iframe><\/div><\/div><\/div><div class=\"fusion-sep-clear\"><\/div><div class=\"fusion-separator fusion-full-width-sep\" style=\"margin-left: auto;margin-right: auto;margin-top:20px;width:100%;\"><\/div><div class=\"fusion-sep-clear\"><\/div><div class=\"fusion-align-block\"><a class=\"fusion-button button-flat button-xlarge button-default fusion-button-default button-1 fusion-button-default-span \" style=\"--button-border-radius-top-left:0;--button-border-radius-top-right:0;--button-border-radius-bottom-right:0;--button-border-radius-bottom-left:0;width:calc(100%);\" target=\"_blank\" rel=\"noopener noreferrer\" title=\"Download Brochure\" aria-label=\"Download Brochure\" href=\"\/wp-content\/uploads\/2020\/06\/TSM-CUBO-Sanispray_ES_short.pdf\"><span class=\"fusion-button-text awb-button__text awb-button__text--default\">Descargar Brochure (PDF)<\/span><i class=\"fa-file-pdf far awb-button__icon awb-button__icon--default button-icon-right\" aria-hidden=\"true\"><\/i><\/a><\/div><div class=\"fusion-sep-clear\"><\/div><div class=\"fusion-separator fusion-full-width-sep\" style=\"margin-left: auto;margin-right: auto;margin-top:20px;width:100%;\"><\/div><div class=\"fusion-sep-clear\"><\/div><div class=\"fusion-text fusion-text-1\"><p>TSM CUBOMATIC 120 SANISPRAY es el veh\u00edculo desinfectante con el sistema Follow Me, capaz de seguirte durante tus sesiones de limpieza. Transporta 120 Lt (expansible a 150 Lt) de desinfectante para alcanzar incluso los espacios estrechos que de otro modo deber\u00edan ser tratados puntualmente por los sistemas de rociadores de mochila..<\/p>\n<p>Sus funciones 100% el\u00e9ctricas que no generan ruido ni gases de escape, combinadas con su tama\u00f1o compacto y su extrema maniobrabilidad, hacen que Cubomatic 120 Sanispray no solo sea adecuado para uso en exteriores para desinfectar calles, aceras, bancos, muebles de jard\u00edn, Contenedores de basura, pero tambi\u00e9n encuentra aplicaci\u00f3n en los puntos de mayor agregaci\u00f3n interna, como escuelas, hospitales, aeropuertos, comedores y supermercados.<\/p>\n<h3>C\u00f3mo funciona?<\/h3>\n<p>Una vez que el agua y el l\u00edquido desinfectante se hayan cargado en el Cubomatic 120 Sanispray, col\u00f3quese frente al l\u00e1ser y haga que el sistema lo reconozca con un &#8220;clic&#8221;. Luego, simplemente vaporice dirigiendo la lanza sobre la superficie a desinfectar y Cubomatic 120 Sanispray lo seguir\u00e1 a donde quiera que vaya. Cubomatic 120 Sanispray es compatible con todo tipo de desinfectantes.<\/p>\n<p>Al agregar la barra de boquillas instalada en la parte posterior de la m\u00e1quina, roc\u00eda el desinfectante de manera autom\u00e1tica y uniforme sobre la pista de desinfecci\u00f3n de 100 cm, dejando la superficie desinfectada.<\/p>\n<p>Cubomatic 120 Sanispray es compatible con todo tipo de desinfectantes.<\/p>\n<\/div><div class=\"fusion-clearfix\"><\/div><\/div><\/div><\/div><\/div>\n","protected":false},"excerpt":{"rendered":"","protected":false},"author":1,"featured_media":0,"parent":9154,"menu_order":0,"comment_status":"closed","ping_status":"closed","template":"side-navigation.php","meta":{"footnotes":""},"class_list":["post-10683","page","type-page","status-publish","hentry"],"yoast_head":"<!-- This site is optimized with the Yoast SEO plugin v26.2 - https:\/\/yoast.com\/wordpress\/plugins\/seo\/ -->\n<title>Cubomatic Sanispray 120 - Telemet<\/title>\n<meta name=\"robots\" content=\"index, follow, max-snippet:-1, max-image-preview:large, max-video-preview:-1\" \/>\n<link rel=\"canonical\" href=\"https:\/\/telemet.com\/es\/tsm\/cubomatic-sanispray-120\/\" \/>\n<meta property=\"og:locale\" content=\"es_ES\" \/>\n<meta property=\"og:type\" content=\"article\" \/>\n<meta property=\"og:title\" content=\"Cubomatic Sanispray 120 - Telemet\" \/>\n<meta property=\"og:url\" content=\"https:\/\/telemet.com\/es\/tsm\/cubomatic-sanispray-120\/\" \/>\n<meta property=\"og:site_name\" content=\"Telemet\" \/>\n<meta property=\"article:modified_time\" content=\"2020-06-21T13:32:52+00:00\" \/>\n<meta name=\"twitter:card\" content=\"summary_large_image\" \/>\n<meta name=\"twitter:label1\" content=\"Tiempo de lectura\" \/>\n\t<meta name=\"twitter:data1\" content=\"4 minutes\" \/>\n<script type=\"application\/ld+json\" class=\"yoast-schema-graph\">{\"@context\":\"https:\/\/schema.org\",\"@graph\":[{\"@type\":\"WebPage\",\"@id\":\"https:\/\/telemet.com\/es\/tsm\/cubomatic-sanispray-120\/\",\"url\":\"https:\/\/telemet.com\/es\/tsm\/cubomatic-sanispray-120\/\",\"name\":\"Cubomatic Sanispray 120 - Telemet\",\"isPartOf\":{\"@id\":\"https:\/\/telemet.com\/es\/#website\"},\"datePublished\":\"2020-06-20T00:10:46+00:00\",\"dateModified\":\"2020-06-21T13:32:52+00:00\",\"breadcrumb\":{\"@id\":\"https:\/\/telemet.com\/es\/tsm\/cubomatic-sanispray-120\/#breadcrumb\"},\"inLanguage\":\"es-ES\",\"potentialAction\":[{\"@type\":\"ReadAction\",\"target\":[\"https:\/\/telemet.com\/es\/tsm\/cubomatic-sanispray-120\/\"]}]},{\"@type\":\"BreadcrumbList\",\"@id\":\"https:\/\/telemet.com\/es\/tsm\/cubomatic-sanispray-120\/#breadcrumb\",\"itemListElement\":[{\"@type\":\"ListItem\",\"position\":1,\"name\":\"Home\",\"item\":\"https:\/\/telemet.com\/es\/\"},{\"@type\":\"ListItem\",\"position\":2,\"name\":\"TSM\",\"item\":\"https:\/\/telemet.com\/es\/tsm\/\"},{\"@type\":\"ListItem\",\"position\":3,\"name\":\"Cubomatic Sanispray 120\"}]},{\"@type\":\"WebSite\",\"@id\":\"https:\/\/telemet.com\/es\/#website\",\"url\":\"https:\/\/telemet.com\/es\/\",\"name\":\"Telemet, Inc.\",\"description\":\"Efficiency through Simplicity\",\"potentialAction\":[{\"@type\":\"SearchAction\",\"target\":{\"@type\":\"EntryPoint\",\"urlTemplate\":\"https:\/\/telemet.com\/es\/?s={search_term_string}\"},\"query-input\":{\"@type\":\"PropertyValueSpecification\",\"valueRequired\":true,\"valueName\":\"search_term_string\"}}],\"inLanguage\":\"es-ES\"}]}<\/script>\n<!-- \/ Yoast SEO plugin. -->","yoast_head_json":{"title":"Cubomatic Sanispray 120 - Telemet","robots":{"index":"index","follow":"follow","max-snippet":"max-snippet:-1","max-image-preview":"max-image-preview:large","max-video-preview":"max-video-preview:-1"},"canonical":"https:\/\/telemet.com\/es\/tsm\/cubomatic-sanispray-120\/","og_locale":"es_ES","og_type":"article","og_title":"Cubomatic Sanispray 120 - Telemet","og_url":"https:\/\/telemet.com\/es\/tsm\/cubomatic-sanispray-120\/","og_site_name":"Telemet","article_modified_time":"2020-06-21T13:32:52+00:00","twitter_card":"summary_large_image","twitter_misc":{"Tiempo de lectura":"4 minutes"},"schema":{"@context":"https:\/\/schema.org","@graph":[{"@type":"WebPage","@id":"https:\/\/telemet.com\/es\/tsm\/cubomatic-sanispray-120\/","url":"https:\/\/telemet.com\/es\/tsm\/cubomatic-sanispray-120\/","name":"Cubomatic Sanispray 120 - Telemet","isPartOf":{"@id":"https:\/\/telemet.com\/es\/#website"},"datePublished":"2020-06-20T00:10:46+00:00","dateModified":"2020-06-21T13:32:52+00:00","breadcrumb":{"@id":"https:\/\/telemet.com\/es\/tsm\/cubomatic-sanispray-120\/#breadcrumb"},"inLanguage":"es-ES","potentialAction":[{"@type":"ReadAction","target":["https:\/\/telemet.com\/es\/tsm\/cubomatic-sanispray-120\/"]}]},{"@type":"BreadcrumbList","@id":"https:\/\/telemet.com\/es\/tsm\/cubomatic-sanispray-120\/#breadcrumb","itemListElement":[{"@type":"ListItem","position":1,"name":"Home","item":"https:\/\/telemet.com\/es\/"},{"@type":"ListItem","position":2,"name":"TSM","item":"https:\/\/telemet.com\/es\/tsm\/"},{"@type":"ListItem","position":3,"name":"Cubomatic Sanispray 120"}]},{"@type":"WebSite","@id":"https:\/\/telemet.com\/es\/#website","url":"https:\/\/telemet.com\/es\/","name":"Telemet, Inc.","description":"Efficiency through Simplicity","potentialAction":[{"@type":"SearchAction","target":{"@type":"EntryPoint","urlTemplate":"https:\/\/telemet.com\/es\/?s={search_term_string}"},"query-input":{"@type":"PropertyValueSpecification","valueRequired":true,"valueName":"search_term_string"}}],"inLanguage":"es-ES"}]}},"_links":{"self":[{"href":"https:\/\/telemet.com\/es\/wp-json\/wp\/v2\/pages\/10683","targetHints":{"allow":["GET"]}}],"collection":[{"href":"https:\/\/telemet.com\/es\/wp-json\/wp\/v2\/pages"}],"about":[{"href":"https:\/\/telemet.com\/es\/wp-json\/wp\/v2\/types\/page"}],"author":[{"embeddable":true,"href":"https:\/\/telemet.com\/es\/wp-json\/wp\/v2\/users\/1"}],"replies":[{"embeddable":true,"href":"https:\/\/telemet.com\/es\/wp-json\/wp\/v2\/comments?post=10683"}],"version-history":[{"count":4,"href":"https:\/\/telemet.com\/es\/wp-json\/wp\/v2\/pages\/10683\/revisions"}],"predecessor-version":[{"id":10719,"href":"https:\/\/telemet.com\/es\/wp-json\/wp\/v2\/pages\/10683\/revisions\/10719"}],"up":[{"embeddable":true,"href":"https:\/\/telemet.com\/es\/wp-json\/wp\/v2\/pages\/9154"}],"wp:attachment":[{"href":"https:\/\/telemet.com\/es\/wp-json\/wp\/v2\/media?parent=10683"}],"curies":[{"name":"wp","href":"https:\/\/api.w.org\/{rel}","templated":true}]}}