{"id":10692,"date":"2020-06-20T02:57:31","date_gmt":"2020-06-20T02:57:31","guid":{"rendered":"https:\/\/telemet.com\/tsm\/cubo-sanispray-120\/"},"modified":"2020-06-21T13:31:59","modified_gmt":"2020-06-21T13:31:59","slug":"cubo-sanispray-120","status":"publish","type":"page","link":"https:\/\/telemet.com\/es\/tsm\/cubo-sanispray-120\/","title":{"rendered":"Cubo Sanispray 120"},"content":{"rendered":"<div class=\"fusion-fullwidth fullwidth-box fusion-builder-row-1 nonhundred-percent-fullwidth non-hundred-percent-height-scrolling\" style=\"--awb-background-position:left top;--awb-border-radius-top-left:0px;--awb-border-radius-top-right:0px;--awb-border-radius-bottom-right:0px;--awb-border-radius-bottom-left:0px;--awb-padding-top:0px;--awb-padding-bottom:20px;--awb-border-sizes-top:0px;--awb-border-sizes-bottom:0px;--awb-flex-wrap:wrap;\" ><div class=\"fusion-builder-row fusion-row\"><div class=\"fusion-layout-column fusion_builder_column fusion-builder-column-0 fusion_builder_column_1_1 1_1 fusion-one-full fusion-column-first fusion-column-last fusion-column-no-min-height\" style=\"--awb-bg-size:cover;--awb-margin-top:0px;--awb-margin-bottom:0px;\"><div class=\"fusion-column-wrapper fusion-flex-column-wrapper-legacy\"><div class=\"fusion-image-element fusion-image-align-center in-legacy-container\" style=\"text-align:center;--awb-caption-title-font-family:var(--h2_typography-font-family);--awb-caption-title-font-weight:var(--h2_typography-font-weight);--awb-caption-title-font-style:var(--h2_typography-font-style);--awb-caption-title-size:var(--h2_typography-font-size);--awb-caption-title-transform:var(--h2_typography-text-transform);--awb-caption-title-line-height:var(--h2_typography-line-height);--awb-caption-title-letter-spacing:var(--h2_typography-letter-spacing);\"><div class=\"imageframe-align-center\"><span class=\" fusion-imageframe imageframe-none imageframe-1 hover-type-none\"><img decoding=\"async\" width=\"795\" height=\"526\" title=\"sanispray-cubo\" src=\"https:\/\/telemet.com\/wp-content\/uploads\/2020\/06\/sanispray-cubo.jpg\" alt class=\"img-responsive wp-image-10690\" srcset=\"https:\/\/telemet.com\/wp-content\/uploads\/2020\/06\/sanispray-cubo-200x132.jpg 200w, https:\/\/telemet.com\/wp-content\/uploads\/2020\/06\/sanispray-cubo-400x265.jpg 400w, https:\/\/telemet.com\/wp-content\/uploads\/2020\/06\/sanispray-cubo-600x397.jpg 600w, https:\/\/telemet.com\/wp-content\/uploads\/2020\/06\/sanispray-cubo.jpg 795w\" sizes=\"(max-width: 800px) 100vw, 795px\" \/><\/span><\/div><\/div><div class=\"fusion-sep-clear\"><\/div><div class=\"fusion-separator fusion-full-width-sep\" style=\"margin-left: auto;margin-right: auto;margin-top:20px;width:100%;\"><\/div><div class=\"fusion-sep-clear\"><\/div><div class=\"fusion-text fusion-text-1\"><p>TSM CUBOMATIC 120 SANISPRAY es el veh\u00edculo desinfectante que transporta 120 Lt (expansible a 150 Lt) de desinfectante para alcanzar incluso los espacios estrechos que de otro modo deber\u00edan ser tratados puntualmente por los sistemas de rociadores de mochila.<\/p>\n<p>Sus funciones 100% el\u00e9ctricas que no generan ruido ni gases de escape, combinadas con su tama\u00f1o compacto y su extrema maniobrabilidad, hacen que Cubo 120 Sanispray no solo sea adecuado para uso en exteriores para desinfectar calles, aceras, bancos, muebles de jard\u00edn, contenedores de basura, pero tambi\u00e9n encuentra aplicaci\u00f3n en los puntos de mayor agregaci\u00f3n interna, como escuelas, hospitales, aeropuertos, comedores y supermercados.<\/p>\n<h3>\u00bfC\u00f3mo funciona?<\/h3>\n<p>Una vez que el agua y el l\u00edquido desinfectante se hayan cargado en el Cubo 120 Sanispray, luego, simplemente vaporice dirigiendo la lanza sobre la superficie a desinfectar. Cubo 120 Sanispray es compatible con todo tipo de desinfectantes.<\/p>\n<p>Al agregar la barra de boquillas instalada en la parte posterior de la m\u00e1quina, roc\u00eda el desinfectante de manera autom\u00e1tica y uniforme sobre la pista de desinfecci\u00f3n de 100 cm, dejando la superficie desinfectada.<\/p>\n<\/div><div class=\"fusion-clearfix\"><\/div><\/div><\/div><\/div><\/div>\n","protected":false},"excerpt":{"rendered":"","protected":false},"author":1,"featured_media":0,"parent":9154,"menu_order":1,"comment_status":"closed","ping_status":"closed","template":"side-navigation.php","meta":{"footnotes":""},"class_list":["post-10692","page","type-page","status-publish","hentry"],"yoast_head":"<!-- This site is optimized with the Yoast SEO plugin v26.2 - https:\/\/yoast.com\/wordpress\/plugins\/seo\/ -->\n<title>Cubo Sanispray 120 - Telemet<\/title>\n<meta name=\"robots\" content=\"index, follow, max-snippet:-1, max-image-preview:large, max-video-preview:-1\" \/>\n<link rel=\"canonical\" href=\"https:\/\/telemet.com\/es\/tsm\/cubo-sanispray-120\/\" \/>\n<meta property=\"og:locale\" content=\"es_ES\" \/>\n<meta property=\"og:type\" content=\"article\" \/>\n<meta property=\"og:title\" content=\"Cubo Sanispray 120 - Telemet\" \/>\n<meta property=\"og:url\" content=\"https:\/\/telemet.com\/es\/tsm\/cubo-sanispray-120\/\" \/>\n<meta property=\"og:site_name\" content=\"Telemet\" \/>\n<meta property=\"article:modified_time\" content=\"2020-06-21T13:31:59+00:00\" \/>\n<meta name=\"twitter:card\" content=\"summary_large_image\" \/>\n<meta name=\"twitter:label1\" content=\"Tiempo de lectura\" \/>\n\t<meta name=\"twitter:data1\" content=\"2 minutes\" \/>\n<script type=\"application\/ld+json\" class=\"yoast-schema-graph\">{\"@context\":\"https:\/\/schema.org\",\"@graph\":[{\"@type\":\"WebPage\",\"@id\":\"https:\/\/telemet.com\/es\/tsm\/cubo-sanispray-120\/\",\"url\":\"https:\/\/telemet.com\/es\/tsm\/cubo-sanispray-120\/\",\"name\":\"Cubo Sanispray 120 - Telemet\",\"isPartOf\":{\"@id\":\"https:\/\/telemet.com\/es\/#website\"},\"datePublished\":\"2020-06-20T02:57:31+00:00\",\"dateModified\":\"2020-06-21T13:31:59+00:00\",\"breadcrumb\":{\"@id\":\"https:\/\/telemet.com\/es\/tsm\/cubo-sanispray-120\/#breadcrumb\"},\"inLanguage\":\"es-ES\",\"potentialAction\":[{\"@type\":\"ReadAction\",\"target\":[\"https:\/\/telemet.com\/es\/tsm\/cubo-sanispray-120\/\"]}]},{\"@type\":\"BreadcrumbList\",\"@id\":\"https:\/\/telemet.com\/es\/tsm\/cubo-sanispray-120\/#breadcrumb\",\"itemListElement\":[{\"@type\":\"ListItem\",\"position\":1,\"name\":\"Home\",\"item\":\"https:\/\/telemet.com\/es\/\"},{\"@type\":\"ListItem\",\"position\":2,\"name\":\"TSM\",\"item\":\"https:\/\/telemet.com\/es\/tsm\/\"},{\"@type\":\"ListItem\",\"position\":3,\"name\":\"Cubo Sanispray 120\"}]},{\"@type\":\"WebSite\",\"@id\":\"https:\/\/telemet.com\/es\/#website\",\"url\":\"https:\/\/telemet.com\/es\/\",\"name\":\"Telemet, Inc.\",\"description\":\"Efficiency through Simplicity\",\"potentialAction\":[{\"@type\":\"SearchAction\",\"target\":{\"@type\":\"EntryPoint\",\"urlTemplate\":\"https:\/\/telemet.com\/es\/?s={search_term_string}\"},\"query-input\":{\"@type\":\"PropertyValueSpecification\",\"valueRequired\":true,\"valueName\":\"search_term_string\"}}],\"inLanguage\":\"es-ES\"}]}<\/script>\n<!-- \/ Yoast SEO plugin. -->","yoast_head_json":{"title":"Cubo Sanispray 120 - Telemet","robots":{"index":"index","follow":"follow","max-snippet":"max-snippet:-1","max-image-preview":"max-image-preview:large","max-video-preview":"max-video-preview:-1"},"canonical":"https:\/\/telemet.com\/es\/tsm\/cubo-sanispray-120\/","og_locale":"es_ES","og_type":"article","og_title":"Cubo Sanispray 120 - Telemet","og_url":"https:\/\/telemet.com\/es\/tsm\/cubo-sanispray-120\/","og_site_name":"Telemet","article_modified_time":"2020-06-21T13:31:59+00:00","twitter_card":"summary_large_image","twitter_misc":{"Tiempo de lectura":"2 minutes"},"schema":{"@context":"https:\/\/schema.org","@graph":[{"@type":"WebPage","@id":"https:\/\/telemet.com\/es\/tsm\/cubo-sanispray-120\/","url":"https:\/\/telemet.com\/es\/tsm\/cubo-sanispray-120\/","name":"Cubo Sanispray 120 - Telemet","isPartOf":{"@id":"https:\/\/telemet.com\/es\/#website"},"datePublished":"2020-06-20T02:57:31+00:00","dateModified":"2020-06-21T13:31:59+00:00","breadcrumb":{"@id":"https:\/\/telemet.com\/es\/tsm\/cubo-sanispray-120\/#breadcrumb"},"inLanguage":"es-ES","potentialAction":[{"@type":"ReadAction","target":["https:\/\/telemet.com\/es\/tsm\/cubo-sanispray-120\/"]}]},{"@type":"BreadcrumbList","@id":"https:\/\/telemet.com\/es\/tsm\/cubo-sanispray-120\/#breadcrumb","itemListElement":[{"@type":"ListItem","position":1,"name":"Home","item":"https:\/\/telemet.com\/es\/"},{"@type":"ListItem","position":2,"name":"TSM","item":"https:\/\/telemet.com\/es\/tsm\/"},{"@type":"ListItem","position":3,"name":"Cubo Sanispray 120"}]},{"@type":"WebSite","@id":"https:\/\/telemet.com\/es\/#website","url":"https:\/\/telemet.com\/es\/","name":"Telemet, Inc.","description":"Efficiency through Simplicity","potentialAction":[{"@type":"SearchAction","target":{"@type":"EntryPoint","urlTemplate":"https:\/\/telemet.com\/es\/?s={search_term_string}"},"query-input":{"@type":"PropertyValueSpecification","valueRequired":true,"valueName":"search_term_string"}}],"inLanguage":"es-ES"}]}},"_links":{"self":[{"href":"https:\/\/telemet.com\/es\/wp-json\/wp\/v2\/pages\/10692","targetHints":{"allow":["GET"]}}],"collection":[{"href":"https:\/\/telemet.com\/es\/wp-json\/wp\/v2\/pages"}],"about":[{"href":"https:\/\/telemet.com\/es\/wp-json\/wp\/v2\/types\/page"}],"author":[{"embeddable":true,"href":"https:\/\/telemet.com\/es\/wp-json\/wp\/v2\/users\/1"}],"replies":[{"embeddable":true,"href":"https:\/\/telemet.com\/es\/wp-json\/wp\/v2\/comments?post=10692"}],"version-history":[{"count":2,"href":"https:\/\/telemet.com\/es\/wp-json\/wp\/v2\/pages\/10692\/revisions"}],"predecessor-version":[{"id":10718,"href":"https:\/\/telemet.com\/es\/wp-json\/wp\/v2\/pages\/10692\/revisions\/10718"}],"up":[{"embeddable":true,"href":"https:\/\/telemet.com\/es\/wp-json\/wp\/v2\/pages\/9154"}],"wp:attachment":[{"href":"https:\/\/telemet.com\/es\/wp-json\/wp\/v2\/media?parent=10692"}],"curies":[{"name":"wp","href":"https:\/\/api.w.org\/{rel}","templated":true}]}}