{"id":11045,"date":"2020-10-14T17:48:19","date_gmt":"2020-10-14T17:48:19","guid":{"rendered":"https:\/\/telemet.com\/dustboss\/dustboss-atom\/"},"modified":"2020-10-14T18:18:06","modified_gmt":"2020-10-14T18:18:06","slug":"dustboss-atom","status":"publish","type":"page","link":"https:\/\/telemet.com\/es\/dustboss\/dustboss-atom\/","title":{"rendered":"DUSTBOSS\u00ae ATOM"},"content":{"rendered":"<div class=\"fusion-fullwidth fullwidth-box fusion-builder-row-1 nonhundred-percent-fullwidth non-hundred-percent-height-scrolling\" style=\"--awb-background-position:left top;--awb-border-sizes-top:0px;--awb-border-sizes-bottom:0px;--awb-border-sizes-left:0px;--awb-border-sizes-right:0px;--awb-border-radius-top-left:0px;--awb-border-radius-top-right:0px;--awb-border-radius-bottom-right:0px;--awb-border-radius-bottom-left:0px;--awb-padding-top:0px;--awb-padding-bottom:20px;--awb-flex-wrap:wrap;\" ><div class=\"fusion-builder-row fusion-row\"><div class=\"fusion-layout-column fusion_builder_column fusion-builder-column-0 fusion_builder_column_1_1 1_1 fusion-one-full fusion-column-first fusion-column-last fusion-column-no-min-height\" style=\"--awb-bg-size:cover;--awb-margin-top:0px;--awb-margin-bottom:0px;\"><div class=\"fusion-column-wrapper fusion-flex-column-wrapper-legacy\"><div class=\"fusion-image-element fusion-image-align-center in-legacy-container\" style=\"text-align:center;--awb-caption-title-font-family:var(--h2_typography-font-family);--awb-caption-title-font-weight:var(--h2_typography-font-weight);--awb-caption-title-font-style:var(--h2_typography-font-style);--awb-caption-title-size:var(--h2_typography-font-size);--awb-caption-title-transform:var(--h2_typography-text-transform);--awb-caption-title-line-height:var(--h2_typography-line-height);--awb-caption-title-letter-spacing:var(--h2_typography-letter-spacing);\"><div class=\"imageframe-align-center\"><span class=\" fusion-imageframe imageframe-none imageframe-1 hover-type-none\"><img decoding=\"async\" width=\"1000\" height=\"468\" title=\"atom\" src=\"https:\/\/telemet.com\/wp-content\/uploads\/2020\/10\/atom.jpg\" alt class=\"img-responsive wp-image-11041\" srcset=\"https:\/\/telemet.com\/wp-content\/uploads\/2020\/10\/atom-200x94.jpg 200w, https:\/\/telemet.com\/wp-content\/uploads\/2020\/10\/atom-400x187.jpg 400w, https:\/\/telemet.com\/wp-content\/uploads\/2020\/10\/atom-600x281.jpg 600w, https:\/\/telemet.com\/wp-content\/uploads\/2020\/10\/atom-800x374.jpg 800w, https:\/\/telemet.com\/wp-content\/uploads\/2020\/10\/atom.jpg 1000w\" sizes=\"(max-width: 800px) 100vw, 1000px\" \/><\/span><\/div><\/div><div class=\"fusion-sep-clear\"><\/div><div class=\"fusion-separator fusion-full-width-sep\" style=\"margin-left: auto;margin-right: auto;margin-top:20px;width:100%;\"><\/div><div class=\"fusion-sep-clear\"><\/div><div class=\"fusion-video fusion-youtube\" style=\"--awb-max-width:820px;--awb-max-height:600px;\"><div class=\"video-shortcode\"><div class=\"fluid-width-video-wrapper\" style=\"padding-top:73.17%;\" ><iframe title=\"YouTube video player 1\" src=\"https:\/\/www.youtube.com\/embed\/7DUTPmewwrI?wmode=transparent&autoplay=0\" width=\"820\" height=\"600\" allowfullscreen allow=\"autoplay; clipboard-write; encrypted-media; gyroscope; picture-in-picture;\"><\/iframe><\/div><\/div><\/div><div class=\"fusion-sep-clear\"><\/div><div class=\"fusion-separator fusion-full-width-sep\" style=\"margin-left: auto;margin-right: auto;margin-top:20px;width:100%;\"><\/div><div class=\"fusion-sep-clear\"><\/div><div class=\"fusion-text fusion-text-1\"><p>La innovaci\u00f3n port\u00e1til y de vanguardia que est\u00e1 cambiando la industria del control del polvo DustBoss Atom&#x2122; se jacta de su nueva tecnolog\u00eda ofreciendo un comando remoto completamente virtual de todo su sistema operativo desde fuera de la unidad.<\/p>\n<p>La Telem\u00e1tica BossTek\u00ae permite una conexi\u00f3n a distancia con el equipo y un soporte simplificado.<\/p>\n<p>Esta compacta unidad autopropulsada ofrece un potente tiraje de 30 metros (100 pies). Con un peso de s\u00f3lo 255 kilos (562 libras), la unidad es f\u00e1cilmente transportable en la plataforma de una camioneta para una r\u00e1pida reubicaci\u00f3n del trabajo.<\/p>\n<ul>\n<li>Lanzamiento: 30 metros (100 pies).<\/li>\n<li>Cobertura: 567 m2 \/ 6108 pies cuadrados.<\/li>\n<li>Oscilaci\u00f3n de la boquilla: 100\u00b0 definible por el usuario, operado a distancia.<\/li>\n<li>Enfriado por aire, motor diesel final de Tier IV.<\/li>\n<li>Tiempo de funcionamiento: Aproximadamente 3 horas.<\/li>\n<li>Control remoto para una operaci\u00f3n virtual completa hasta 300 metros (1000 pies) de distancia.<\/li>\n<li>Telem\u00e1tica BossTek\u00ae para monitoreo del equipo y soporte simplificado.<\/li>\n<li>F\u00e1cil transporte en camioneta con un peso ligero de 255 kilos (562 libras).<\/li>\n<li>Garant\u00eda: 1 a\u00f1o \/ 500 horas.<\/li>\n<\/ul>\n<\/div><div class=\"fusion-clearfix\"><\/div><\/div><\/div><\/div><\/div>\n","protected":false},"excerpt":{"rendered":"","protected":false},"author":1,"featured_media":0,"parent":6591,"menu_order":1,"comment_status":"closed","ping_status":"closed","template":"side-navigation.php","meta":{"footnotes":""},"class_list":["post-11045","page","type-page","status-publish","hentry"],"yoast_head":"<!-- This site is optimized with the Yoast SEO plugin v26.2 - https:\/\/yoast.com\/wordpress\/plugins\/seo\/ -->\n<title>DUSTBOSS\u00ae ATOM - Telemet<\/title>\n<meta name=\"robots\" content=\"index, follow, max-snippet:-1, max-image-preview:large, max-video-preview:-1\" \/>\n<link rel=\"canonical\" href=\"https:\/\/telemet.com\/es\/dustboss\/dustboss-atom\/\" \/>\n<meta property=\"og:locale\" content=\"es_ES\" \/>\n<meta property=\"og:type\" content=\"article\" \/>\n<meta property=\"og:title\" content=\"DUSTBOSS\u00ae ATOM - Telemet\" \/>\n<meta property=\"og:url\" content=\"https:\/\/telemet.com\/es\/dustboss\/dustboss-atom\/\" \/>\n<meta property=\"og:site_name\" content=\"Telemet\" \/>\n<meta property=\"article:modified_time\" content=\"2020-10-14T18:18:06+00:00\" \/>\n<meta name=\"twitter:card\" content=\"summary_large_image\" \/>\n<meta name=\"twitter:label1\" content=\"Tiempo de lectura\" \/>\n\t<meta name=\"twitter:data1\" content=\"3 minutes\" \/>\n<script type=\"application\/ld+json\" class=\"yoast-schema-graph\">{\"@context\":\"https:\/\/schema.org\",\"@graph\":[{\"@type\":\"WebPage\",\"@id\":\"https:\/\/telemet.com\/es\/dustboss\/dustboss-atom\/\",\"url\":\"https:\/\/telemet.com\/es\/dustboss\/dustboss-atom\/\",\"name\":\"DUSTBOSS\u00ae ATOM - Telemet\",\"isPartOf\":{\"@id\":\"https:\/\/telemet.com\/es\/#website\"},\"datePublished\":\"2020-10-14T17:48:19+00:00\",\"dateModified\":\"2020-10-14T18:18:06+00:00\",\"breadcrumb\":{\"@id\":\"https:\/\/telemet.com\/es\/dustboss\/dustboss-atom\/#breadcrumb\"},\"inLanguage\":\"es-ES\",\"potentialAction\":[{\"@type\":\"ReadAction\",\"target\":[\"https:\/\/telemet.com\/es\/dustboss\/dustboss-atom\/\"]}]},{\"@type\":\"BreadcrumbList\",\"@id\":\"https:\/\/telemet.com\/es\/dustboss\/dustboss-atom\/#breadcrumb\",\"itemListElement\":[{\"@type\":\"ListItem\",\"position\":1,\"name\":\"Home\",\"item\":\"https:\/\/telemet.com\/es\/\"},{\"@type\":\"ListItem\",\"position\":2,\"name\":\"DustBoss\",\"item\":\"https:\/\/telemet.com\/es\/dustboss\/\"},{\"@type\":\"ListItem\",\"position\":3,\"name\":\"DUSTBOSS\u00ae ATOM\"}]},{\"@type\":\"WebSite\",\"@id\":\"https:\/\/telemet.com\/es\/#website\",\"url\":\"https:\/\/telemet.com\/es\/\",\"name\":\"Telemet, Inc.\",\"description\":\"Efficiency through Simplicity\",\"potentialAction\":[{\"@type\":\"SearchAction\",\"target\":{\"@type\":\"EntryPoint\",\"urlTemplate\":\"https:\/\/telemet.com\/es\/?s={search_term_string}\"},\"query-input\":{\"@type\":\"PropertyValueSpecification\",\"valueRequired\":true,\"valueName\":\"search_term_string\"}}],\"inLanguage\":\"es-ES\"}]}<\/script>\n<!-- \/ Yoast SEO plugin. -->","yoast_head_json":{"title":"DUSTBOSS\u00ae ATOM - Telemet","robots":{"index":"index","follow":"follow","max-snippet":"max-snippet:-1","max-image-preview":"max-image-preview:large","max-video-preview":"max-video-preview:-1"},"canonical":"https:\/\/telemet.com\/es\/dustboss\/dustboss-atom\/","og_locale":"es_ES","og_type":"article","og_title":"DUSTBOSS\u00ae ATOM - Telemet","og_url":"https:\/\/telemet.com\/es\/dustboss\/dustboss-atom\/","og_site_name":"Telemet","article_modified_time":"2020-10-14T18:18:06+00:00","twitter_card":"summary_large_image","twitter_misc":{"Tiempo de lectura":"3 minutes"},"schema":{"@context":"https:\/\/schema.org","@graph":[{"@type":"WebPage","@id":"https:\/\/telemet.com\/es\/dustboss\/dustboss-atom\/","url":"https:\/\/telemet.com\/es\/dustboss\/dustboss-atom\/","name":"DUSTBOSS\u00ae ATOM - Telemet","isPartOf":{"@id":"https:\/\/telemet.com\/es\/#website"},"datePublished":"2020-10-14T17:48:19+00:00","dateModified":"2020-10-14T18:18:06+00:00","breadcrumb":{"@id":"https:\/\/telemet.com\/es\/dustboss\/dustboss-atom\/#breadcrumb"},"inLanguage":"es-ES","potentialAction":[{"@type":"ReadAction","target":["https:\/\/telemet.com\/es\/dustboss\/dustboss-atom\/"]}]},{"@type":"BreadcrumbList","@id":"https:\/\/telemet.com\/es\/dustboss\/dustboss-atom\/#breadcrumb","itemListElement":[{"@type":"ListItem","position":1,"name":"Home","item":"https:\/\/telemet.com\/es\/"},{"@type":"ListItem","position":2,"name":"DustBoss","item":"https:\/\/telemet.com\/es\/dustboss\/"},{"@type":"ListItem","position":3,"name":"DUSTBOSS\u00ae ATOM"}]},{"@type":"WebSite","@id":"https:\/\/telemet.com\/es\/#website","url":"https:\/\/telemet.com\/es\/","name":"Telemet, Inc.","description":"Efficiency through Simplicity","potentialAction":[{"@type":"SearchAction","target":{"@type":"EntryPoint","urlTemplate":"https:\/\/telemet.com\/es\/?s={search_term_string}"},"query-input":{"@type":"PropertyValueSpecification","valueRequired":true,"valueName":"search_term_string"}}],"inLanguage":"es-ES"}]}},"_links":{"self":[{"href":"https:\/\/telemet.com\/es\/wp-json\/wp\/v2\/pages\/11045","targetHints":{"allow":["GET"]}}],"collection":[{"href":"https:\/\/telemet.com\/es\/wp-json\/wp\/v2\/pages"}],"about":[{"href":"https:\/\/telemet.com\/es\/wp-json\/wp\/v2\/types\/page"}],"author":[{"embeddable":true,"href":"https:\/\/telemet.com\/es\/wp-json\/wp\/v2\/users\/1"}],"replies":[{"embeddable":true,"href":"https:\/\/telemet.com\/es\/wp-json\/wp\/v2\/comments?post=11045"}],"version-history":[{"count":2,"href":"https:\/\/telemet.com\/es\/wp-json\/wp\/v2\/pages\/11045\/revisions"}],"predecessor-version":[{"id":11047,"href":"https:\/\/telemet.com\/es\/wp-json\/wp\/v2\/pages\/11045\/revisions\/11047"}],"up":[{"embeddable":true,"href":"https:\/\/telemet.com\/es\/wp-json\/wp\/v2\/pages\/6591"}],"wp:attachment":[{"href":"https:\/\/telemet.com\/es\/wp-json\/wp\/v2\/media?parent=11045"}],"curies":[{"name":"wp","href":"https:\/\/api.w.org\/{rel}","templated":true}]}}