{"id":11889,"date":"2021-08-18T21:46:50","date_gmt":"2021-08-18T21:46:50","guid":{"rendered":"https:\/\/telemet.com\/beachtech\/beachtech-2500\/"},"modified":"2021-08-18T22:01:58","modified_gmt":"2021-08-18T22:01:58","slug":"beachtech-2500","status":"publish","type":"page","link":"https:\/\/telemet.com\/es\/beachtech\/beachtech-2500\/","title":{"rendered":"BeachTech 2500"},"content":{"rendered":"<div class=\"fusion-fullwidth fullwidth-box fusion-builder-row-1 nonhundred-percent-fullwidth non-hundred-percent-height-scrolling\" style=\"--awb-background-position:left top;--awb-border-sizes-top:0px;--awb-border-sizes-bottom:0px;--awb-border-sizes-left:0px;--awb-border-sizes-right:0px;--awb-border-radius-top-left:0px;--awb-border-radius-top-right:0px;--awb-border-radius-bottom-right:0px;--awb-border-radius-bottom-left:0px;--awb-padding-top:0px;--awb-padding-bottom:20px;--awb-flex-wrap:wrap;\" ><div class=\"fusion-builder-row fusion-row\"><div class=\"fusion-layout-column fusion_builder_column fusion-builder-column-0 fusion_builder_column_1_1 1_1 fusion-one-full fusion-column-first fusion-column-last fusion-column-no-min-height\" style=\"--awb-bg-size:cover;--awb-margin-top:0px;--awb-margin-bottom:0px;\"><div class=\"fusion-column-wrapper fusion-flex-column-wrapper-legacy\"><div class=\"fusion-slider-sc fusion-flexslider-loading flexslider flexslider-hover-type-none\" data-slideshow_autoplay=\"1\" data-slideshow_smooth_height=\"0\" data-slideshow_speed=\"7000\" style=\"max-width:100%;height:100%;\"><ul class=\"slides\"><li class=\"image\"><span class=\"fusion-image-hover-element hover-type-none\"><img decoding=\"async\" src=\"https:\/\/telemet.com\/wp-content\/uploads\/2021\/08\/BeachTech_2500_Freisteller_Front_2020-10-1000x650-1000x513-1.jpg\" width=\"1000\" height=\"513\" class=\"wp-image-11878\" srcset=\"https:\/\/telemet.com\/wp-content\/uploads\/2021\/08\/BeachTech_2500_Freisteller_Front_2020-10-1000x650-1000x513-1-200x103.jpg 200w, https:\/\/telemet.com\/wp-content\/uploads\/2021\/08\/BeachTech_2500_Freisteller_Front_2020-10-1000x650-1000x513-1-400x205.jpg 400w, https:\/\/telemet.com\/wp-content\/uploads\/2021\/08\/BeachTech_2500_Freisteller_Front_2020-10-1000x650-1000x513-1-600x308.jpg 600w, https:\/\/telemet.com\/wp-content\/uploads\/2021\/08\/BeachTech_2500_Freisteller_Front_2020-10-1000x650-1000x513-1-800x410.jpg 800w, https:\/\/telemet.com\/wp-content\/uploads\/2021\/08\/BeachTech_2500_Freisteller_Front_2020-10-1000x650-1000x513-1.jpg 1000w\" sizes=\"(max-width: 800px) 100vw, 1000px\" \/><\/span><\/li><li class=\"image\"><span class=\"fusion-image-hover-element hover-type-none\"><img decoding=\"async\" src=\"https:\/\/telemet.com\/wp-content\/uploads\/2021\/08\/BT-2500-Borkum-76-3653x2056-2400x1351-1.jpg\" width=\"2400\" height=\"1351\" class=\"wp-image-11882\" srcset=\"https:\/\/telemet.com\/wp-content\/uploads\/2021\/08\/BT-2500-Borkum-76-3653x2056-2400x1351-1-200x113.jpg 200w, https:\/\/telemet.com\/wp-content\/uploads\/2021\/08\/BT-2500-Borkum-76-3653x2056-2400x1351-1-400x225.jpg 400w, https:\/\/telemet.com\/wp-content\/uploads\/2021\/08\/BT-2500-Borkum-76-3653x2056-2400x1351-1-600x338.jpg 600w, https:\/\/telemet.com\/wp-content\/uploads\/2021\/08\/BT-2500-Borkum-76-3653x2056-2400x1351-1-800x450.jpg 800w, https:\/\/telemet.com\/wp-content\/uploads\/2021\/08\/BT-2500-Borkum-76-3653x2056-2400x1351-1-1200x676.jpg 1200w, https:\/\/telemet.com\/wp-content\/uploads\/2021\/08\/BT-2500-Borkum-76-3653x2056-2400x1351-1.jpg 2400w\" sizes=\"(max-width: 800px) 100vw, 1200px\" \/><\/span><\/li><li class=\"image\"><span class=\"fusion-image-hover-element hover-type-none\"><img decoding=\"async\" src=\"https:\/\/telemet.com\/wp-content\/uploads\/2021\/08\/BeachTech_2500_Fernbedienung_2019-07-2329x1310-1.jpg\" width=\"2329\" height=\"1310\" class=\"wp-image-11880\" srcset=\"https:\/\/telemet.com\/wp-content\/uploads\/2021\/08\/BeachTech_2500_Fernbedienung_2019-07-2329x1310-1-200x112.jpg 200w, https:\/\/telemet.com\/wp-content\/uploads\/2021\/08\/BeachTech_2500_Fernbedienung_2019-07-2329x1310-1-400x225.jpg 400w, https:\/\/telemet.com\/wp-content\/uploads\/2021\/08\/BeachTech_2500_Fernbedienung_2019-07-2329x1310-1-600x337.jpg 600w, https:\/\/telemet.com\/wp-content\/uploads\/2021\/08\/BeachTech_2500_Fernbedienung_2019-07-2329x1310-1-800x450.jpg 800w, https:\/\/telemet.com\/wp-content\/uploads\/2021\/08\/BeachTech_2500_Fernbedienung_2019-07-2329x1310-1-1200x675.jpg 1200w, https:\/\/telemet.com\/wp-content\/uploads\/2021\/08\/BeachTech_2500_Fernbedienung_2019-07-2329x1310-1.jpg 2329w\" sizes=\"(max-width: 800px) 100vw, 1200px\" \/><\/span><\/li><\/ul><\/div><div class=\"fusion-sep-clear\"><\/div><div class=\"fusion-separator fusion-full-width-sep\" style=\"margin-left: auto;margin-right: auto;margin-top:20px;width:100%;\"><\/div><div class=\"fusion-sep-clear\"><\/div><div class=\"fusion-align-block\"><a class=\"fusion-button button-flat button-xlarge button-default fusion-button-default button-1 fusion-button-default-span \" style=\"--button-border-radius-top-left:0;--button-border-radius-top-right:0;--button-border-radius-bottom-right:0;--button-border-radius-bottom-left:0;width:calc(100%);\" target=\"_blank\" rel=\"noopener noreferrer\" title=\"BeachTech 2500\" aria-label=\"BeachTech 2500\" href=\"\/wp-content\/uploads\/2021\/08\/BeachTech_2500_Datenblatt_ES.pdf\"><span class=\"fusion-button-text awb-button__text awb-button__text--default\">Download Brochure (PDF)<\/span><i class=\"fa-file-pdf far awb-button__icon awb-button__icon--default button-icon-right\" aria-hidden=\"true\"><\/i><\/a><\/div><div class=\"fusion-sep-clear\"><\/div><div class=\"fusion-separator fusion-full-width-sep\" style=\"margin-left: auto;margin-right: auto;margin-top:20px;width:100%;\"><\/div><div class=\"fusion-sep-clear\"><\/div><div class=\"fusion-text fusion-text-1\"><p>Nuestro equipo de dise\u00f1o consult\u00f3 a los clientes en la fase preliminar del desarrollo del nuevo BeachTech 2500 y durante la ejecuci\u00f3n del proyecto nos concentramos en los valores internos. El resultado es un limpiaplayas potente que responde perfectamente a las necesidades de los clientes. Entre sus caracter\u00edsticas destaca la novedosa banda de tamiz combinada patentada: las correas de accionamiento adicionales y las varillas cruzadas le confieren un mayor rendimiento y una vida \u00fatil m\u00e1s larga. Debido a su innovador dise\u00f1o, la banda de tamiz no est\u00e1 sometida a alargamiento, por lo que ya no es necesario acortarla.<\/p>\n<p><strong>Banda de tamiz combinada patentada<\/strong><br \/>\nSin alargamiento, as\u00ed que no es necesario acortarla. Larga vida \u00fatil y poco mantenimiento.<\/p>\n<p><strong>Limpieza de playas eficiente<\/strong><br \/>\nGracias a los 2,50 m de ancho de trabajo y el gran recipiente colector, el BeachTech 2500 alcanza un rendimiento por superficie de hasta 30.000 m\u00b2 por hora.<\/p>\n<p><strong>Manejo sencillo<\/strong><br \/>\nCon el control remoto se pueden ajustar sin problemas el rodillo recogedor, el recipiente colector y el alisador.<\/p>\n<\/div><div class=\"fusion-clearfix\"><\/div><\/div><\/div><\/div><\/div>\n","protected":false},"excerpt":{"rendered":"","protected":false},"author":1,"featured_media":11879,"parent":6526,"menu_order":2,"comment_status":"closed","ping_status":"closed","template":"side-navigation.php","meta":{"footnotes":""},"class_list":["post-11889","page","type-page","status-publish","has-post-thumbnail","hentry"],"yoast_head":"<!-- This site is optimized with the Yoast SEO plugin v26.2 - https:\/\/yoast.com\/wordpress\/plugins\/seo\/ -->\n<title>BeachTech 2500 - Telemet<\/title>\n<meta name=\"robots\" content=\"index, follow, max-snippet:-1, max-image-preview:large, max-video-preview:-1\" \/>\n<link rel=\"canonical\" href=\"https:\/\/telemet.com\/es\/beachtech\/beachtech-2500\/\" \/>\n<meta property=\"og:locale\" content=\"es_ES\" \/>\n<meta property=\"og:type\" content=\"article\" \/>\n<meta property=\"og:title\" content=\"BeachTech 2500 - Telemet\" \/>\n<meta property=\"og:url\" content=\"https:\/\/telemet.com\/es\/beachtech\/beachtech-2500\/\" \/>\n<meta property=\"og:site_name\" content=\"Telemet\" \/>\n<meta property=\"article:modified_time\" content=\"2021-08-18T22:01:58+00:00\" \/>\n<meta property=\"og:image\" content=\"https:\/\/telemet.com\/wp-content\/uploads\/2021\/08\/BeachTech_2500_Freisteller_Front_2020-10-1000x650-1000x513-1.jpg\" \/>\n\t<meta property=\"og:image:width\" content=\"1000\" \/>\n\t<meta property=\"og:image:height\" content=\"513\" \/>\n\t<meta property=\"og:image:type\" content=\"image\/jpeg\" \/>\n<meta name=\"twitter:card\" content=\"summary_large_image\" \/>\n<meta name=\"twitter:label1\" content=\"Tiempo de lectura\" \/>\n\t<meta name=\"twitter:data1\" content=\"2 minutes\" \/>\n<script type=\"application\/ld+json\" class=\"yoast-schema-graph\">{\"@context\":\"https:\/\/schema.org\",\"@graph\":[{\"@type\":\"WebPage\",\"@id\":\"https:\/\/telemet.com\/es\/beachtech\/beachtech-2500\/\",\"url\":\"https:\/\/telemet.com\/es\/beachtech\/beachtech-2500\/\",\"name\":\"BeachTech 2500 - Telemet\",\"isPartOf\":{\"@id\":\"https:\/\/telemet.com\/es\/#website\"},\"primaryImageOfPage\":{\"@id\":\"https:\/\/telemet.com\/es\/beachtech\/beachtech-2500\/#primaryimage\"},\"image\":{\"@id\":\"https:\/\/telemet.com\/es\/beachtech\/beachtech-2500\/#primaryimage\"},\"thumbnailUrl\":\"https:\/\/telemet.com\/wp-content\/uploads\/2021\/08\/BeachTech_2500_Freisteller_Front_2020-10-1000x650-1000x513-1.jpg\",\"datePublished\":\"2021-08-18T21:46:50+00:00\",\"dateModified\":\"2021-08-18T22:01:58+00:00\",\"breadcrumb\":{\"@id\":\"https:\/\/telemet.com\/es\/beachtech\/beachtech-2500\/#breadcrumb\"},\"inLanguage\":\"es-ES\",\"potentialAction\":[{\"@type\":\"ReadAction\",\"target\":[\"https:\/\/telemet.com\/es\/beachtech\/beachtech-2500\/\"]}]},{\"@type\":\"ImageObject\",\"inLanguage\":\"es-ES\",\"@id\":\"https:\/\/telemet.com\/es\/beachtech\/beachtech-2500\/#primaryimage\",\"url\":\"https:\/\/telemet.com\/wp-content\/uploads\/2021\/08\/BeachTech_2500_Freisteller_Front_2020-10-1000x650-1000x513-1.jpg\",\"contentUrl\":\"https:\/\/telemet.com\/wp-content\/uploads\/2021\/08\/BeachTech_2500_Freisteller_Front_2020-10-1000x650-1000x513-1.jpg\",\"width\":1000,\"height\":513},{\"@type\":\"BreadcrumbList\",\"@id\":\"https:\/\/telemet.com\/es\/beachtech\/beachtech-2500\/#breadcrumb\",\"itemListElement\":[{\"@type\":\"ListItem\",\"position\":1,\"name\":\"Home\",\"item\":\"https:\/\/telemet.com\/es\/\"},{\"@type\":\"ListItem\",\"position\":2,\"name\":\"BeachTech\",\"item\":\"https:\/\/telemet.com\/es\/beachtech\/\"},{\"@type\":\"ListItem\",\"position\":3,\"name\":\"BeachTech 2500\"}]},{\"@type\":\"WebSite\",\"@id\":\"https:\/\/telemet.com\/es\/#website\",\"url\":\"https:\/\/telemet.com\/es\/\",\"name\":\"Telemet, Inc.\",\"description\":\"Efficiency through Simplicity\",\"potentialAction\":[{\"@type\":\"SearchAction\",\"target\":{\"@type\":\"EntryPoint\",\"urlTemplate\":\"https:\/\/telemet.com\/es\/?s={search_term_string}\"},\"query-input\":{\"@type\":\"PropertyValueSpecification\",\"valueRequired\":true,\"valueName\":\"search_term_string\"}}],\"inLanguage\":\"es-ES\"}]}<\/script>\n<!-- \/ Yoast SEO plugin. -->","yoast_head_json":{"title":"BeachTech 2500 - Telemet","robots":{"index":"index","follow":"follow","max-snippet":"max-snippet:-1","max-image-preview":"max-image-preview:large","max-video-preview":"max-video-preview:-1"},"canonical":"https:\/\/telemet.com\/es\/beachtech\/beachtech-2500\/","og_locale":"es_ES","og_type":"article","og_title":"BeachTech 2500 - Telemet","og_url":"https:\/\/telemet.com\/es\/beachtech\/beachtech-2500\/","og_site_name":"Telemet","article_modified_time":"2021-08-18T22:01:58+00:00","og_image":[{"width":1000,"height":513,"url":"https:\/\/telemet.com\/wp-content\/uploads\/2021\/08\/BeachTech_2500_Freisteller_Front_2020-10-1000x650-1000x513-1.jpg","type":"image\/jpeg"}],"twitter_card":"summary_large_image","twitter_misc":{"Tiempo de lectura":"2 minutes"},"schema":{"@context":"https:\/\/schema.org","@graph":[{"@type":"WebPage","@id":"https:\/\/telemet.com\/es\/beachtech\/beachtech-2500\/","url":"https:\/\/telemet.com\/es\/beachtech\/beachtech-2500\/","name":"BeachTech 2500 - Telemet","isPartOf":{"@id":"https:\/\/telemet.com\/es\/#website"},"primaryImageOfPage":{"@id":"https:\/\/telemet.com\/es\/beachtech\/beachtech-2500\/#primaryimage"},"image":{"@id":"https:\/\/telemet.com\/es\/beachtech\/beachtech-2500\/#primaryimage"},"thumbnailUrl":"https:\/\/telemet.com\/wp-content\/uploads\/2021\/08\/BeachTech_2500_Freisteller_Front_2020-10-1000x650-1000x513-1.jpg","datePublished":"2021-08-18T21:46:50+00:00","dateModified":"2021-08-18T22:01:58+00:00","breadcrumb":{"@id":"https:\/\/telemet.com\/es\/beachtech\/beachtech-2500\/#breadcrumb"},"inLanguage":"es-ES","potentialAction":[{"@type":"ReadAction","target":["https:\/\/telemet.com\/es\/beachtech\/beachtech-2500\/"]}]},{"@type":"ImageObject","inLanguage":"es-ES","@id":"https:\/\/telemet.com\/es\/beachtech\/beachtech-2500\/#primaryimage","url":"https:\/\/telemet.com\/wp-content\/uploads\/2021\/08\/BeachTech_2500_Freisteller_Front_2020-10-1000x650-1000x513-1.jpg","contentUrl":"https:\/\/telemet.com\/wp-content\/uploads\/2021\/08\/BeachTech_2500_Freisteller_Front_2020-10-1000x650-1000x513-1.jpg","width":1000,"height":513},{"@type":"BreadcrumbList","@id":"https:\/\/telemet.com\/es\/beachtech\/beachtech-2500\/#breadcrumb","itemListElement":[{"@type":"ListItem","position":1,"name":"Home","item":"https:\/\/telemet.com\/es\/"},{"@type":"ListItem","position":2,"name":"BeachTech","item":"https:\/\/telemet.com\/es\/beachtech\/"},{"@type":"ListItem","position":3,"name":"BeachTech 2500"}]},{"@type":"WebSite","@id":"https:\/\/telemet.com\/es\/#website","url":"https:\/\/telemet.com\/es\/","name":"Telemet, Inc.","description":"Efficiency through Simplicity","potentialAction":[{"@type":"SearchAction","target":{"@type":"EntryPoint","urlTemplate":"https:\/\/telemet.com\/es\/?s={search_term_string}"},"query-input":{"@type":"PropertyValueSpecification","valueRequired":true,"valueName":"search_term_string"}}],"inLanguage":"es-ES"}]}},"_links":{"self":[{"href":"https:\/\/telemet.com\/es\/wp-json\/wp\/v2\/pages\/11889","targetHints":{"allow":["GET"]}}],"collection":[{"href":"https:\/\/telemet.com\/es\/wp-json\/wp\/v2\/pages"}],"about":[{"href":"https:\/\/telemet.com\/es\/wp-json\/wp\/v2\/types\/page"}],"author":[{"embeddable":true,"href":"https:\/\/telemet.com\/es\/wp-json\/wp\/v2\/users\/1"}],"replies":[{"embeddable":true,"href":"https:\/\/telemet.com\/es\/wp-json\/wp\/v2\/comments?post=11889"}],"version-history":[{"count":4,"href":"https:\/\/telemet.com\/es\/wp-json\/wp\/v2\/pages\/11889\/revisions"}],"predecessor-version":[{"id":11906,"href":"https:\/\/telemet.com\/es\/wp-json\/wp\/v2\/pages\/11889\/revisions\/11906"}],"up":[{"embeddable":true,"href":"https:\/\/telemet.com\/es\/wp-json\/wp\/v2\/pages\/6526"}],"wp:featuredmedia":[{"embeddable":true,"href":"https:\/\/telemet.com\/es\/wp-json\/wp\/v2\/media\/11879"}],"wp:attachment":[{"href":"https:\/\/telemet.com\/es\/wp-json\/wp\/v2\/media?parent=11889"}],"curies":[{"name":"wp","href":"https:\/\/api.w.org\/{rel}","templated":true}]}}