{"id":12290,"date":"2021-11-18T02:13:39","date_gmt":"2021-11-18T02:13:39","guid":{"rendered":"https:\/\/telemet.com\/?page_id=12290"},"modified":"2021-11-18T02:36:19","modified_gmt":"2021-11-18T02:36:19","slug":"beachtech-5500","status":"publish","type":"page","link":"https:\/\/telemet.com\/es\/beachtech\/beachtech-5500\/","title":{"rendered":"Beachtech 5500"},"content":{"rendered":"<div class=\"fusion-fullwidth fullwidth-box fusion-builder-row-1 nonhundred-percent-fullwidth non-hundred-percent-height-scrolling\" style=\"--awb-background-position:left top;--awb-border-sizes-top:0px;--awb-border-sizes-bottom:0px;--awb-border-sizes-left:0px;--awb-border-sizes-right:0px;--awb-border-radius-top-left:0px;--awb-border-radius-top-right:0px;--awb-border-radius-bottom-right:0px;--awb-border-radius-bottom-left:0px;--awb-padding-top:0px;--awb-padding-bottom:20px;--awb-flex-wrap:wrap;\" ><div class=\"fusion-builder-row fusion-row\"><div class=\"fusion-layout-column fusion_builder_column fusion-builder-column-0 fusion_builder_column_1_1 1_1 fusion-one-full fusion-column-first fusion-column-last fusion-column-no-min-height\" style=\"--awb-bg-size:cover;--awb-margin-top:0px;--awb-margin-bottom:0px;\"><div class=\"fusion-column-wrapper fusion-flex-column-wrapper-legacy\"><div class=\"fusion-slider-sc fusion-flexslider-loading flexslider flexslider-hover-type-none\" data-slideshow_autoplay=\"1\" data-slideshow_smooth_height=\"0\" data-slideshow_speed=\"7000\" style=\"max-width:100%;height:100%;\"><ul class=\"slides\"><li class=\"image\"><span class=\"fusion-image-hover-element hover-type-none\"><img decoding=\"async\" src=\"https:\/\/telemet.com\/wp-content\/uploads\/2021\/11\/bt-5500-1.jpg\" width=\"800\" height=\"538\" class=\"wp-image-12299\" srcset=\"https:\/\/telemet.com\/wp-content\/uploads\/2021\/11\/bt-5500-1-200x135.jpg 200w, https:\/\/telemet.com\/wp-content\/uploads\/2021\/11\/bt-5500-1-400x269.jpg 400w, https:\/\/telemet.com\/wp-content\/uploads\/2021\/11\/bt-5500-1-600x404.jpg 600w, https:\/\/telemet.com\/wp-content\/uploads\/2021\/11\/bt-5500-1.jpg 800w\" sizes=\"(max-width: 800px) 100vw, 800px\" \/><\/span><\/li><li class=\"image\"><span class=\"fusion-image-hover-element hover-type-none\"><img decoding=\"async\" src=\"https:\/\/telemet.com\/wp-content\/uploads\/2021\/11\/bt-5500-2.jpg\" width=\"800\" height=\"538\" class=\"wp-image-12301\" srcset=\"https:\/\/telemet.com\/wp-content\/uploads\/2021\/11\/bt-5500-2-200x135.jpg 200w, https:\/\/telemet.com\/wp-content\/uploads\/2021\/11\/bt-5500-2-400x269.jpg 400w, https:\/\/telemet.com\/wp-content\/uploads\/2021\/11\/bt-5500-2-600x404.jpg 600w, https:\/\/telemet.com\/wp-content\/uploads\/2021\/11\/bt-5500-2.jpg 800w\" sizes=\"(max-width: 800px) 100vw, 800px\" \/><\/span><\/li><li class=\"image\"><span class=\"fusion-image-hover-element hover-type-none\"><img decoding=\"async\" src=\"https:\/\/telemet.com\/wp-content\/uploads\/2021\/11\/bt-5500-3.jpg\" width=\"800\" height=\"538\" class=\"wp-image-12303\" srcset=\"https:\/\/telemet.com\/wp-content\/uploads\/2021\/11\/bt-5500-3-200x135.jpg 200w, https:\/\/telemet.com\/wp-content\/uploads\/2021\/11\/bt-5500-3-400x269.jpg 400w, https:\/\/telemet.com\/wp-content\/uploads\/2021\/11\/bt-5500-3-600x404.jpg 600w, https:\/\/telemet.com\/wp-content\/uploads\/2021\/11\/bt-5500-3.jpg 800w\" sizes=\"(max-width: 800px) 100vw, 800px\" \/><\/span><\/li><li class=\"image\"><span class=\"fusion-image-hover-element hover-type-none\"><img decoding=\"async\" src=\"https:\/\/telemet.com\/wp-content\/uploads\/2021\/11\/bt-5500-4.jpg\" width=\"800\" height=\"538\" class=\"wp-image-12305\" srcset=\"https:\/\/telemet.com\/wp-content\/uploads\/2021\/11\/bt-5500-4-200x135.jpg 200w, https:\/\/telemet.com\/wp-content\/uploads\/2021\/11\/bt-5500-4-400x269.jpg 400w, https:\/\/telemet.com\/wp-content\/uploads\/2021\/11\/bt-5500-4-600x404.jpg 600w, https:\/\/telemet.com\/wp-content\/uploads\/2021\/11\/bt-5500-4.jpg 800w\" sizes=\"(max-width: 800px) 100vw, 800px\" \/><\/span><\/li><li class=\"image\"><span class=\"fusion-image-hover-element hover-type-none\"><img decoding=\"async\" src=\"https:\/\/telemet.com\/wp-content\/uploads\/2021\/11\/bt-5500-5.jpg\" width=\"800\" height=\"538\" class=\"wp-image-12307\" srcset=\"https:\/\/telemet.com\/wp-content\/uploads\/2021\/11\/bt-5500-5-200x135.jpg 200w, https:\/\/telemet.com\/wp-content\/uploads\/2021\/11\/bt-5500-5-400x269.jpg 400w, https:\/\/telemet.com\/wp-content\/uploads\/2021\/11\/bt-5500-5-600x404.jpg 600w, https:\/\/telemet.com\/wp-content\/uploads\/2021\/11\/bt-5500-5.jpg 800w\" sizes=\"(max-width: 800px) 100vw, 800px\" \/><\/span><\/li><\/ul><\/div><div class=\"fusion-sep-clear\"><\/div><div class=\"fusion-separator fusion-full-width-sep\" style=\"margin-left: auto;margin-right: auto;margin-top:20px;width:100%;\"><\/div><div class=\"fusion-sep-clear\"><\/div><div class=\"fusion-align-block\"><a class=\"fusion-button button-flat button-xlarge button-default fusion-button-default button-1 fusion-button-default-span \" style=\"width:calc(100%);\" target=\"_blank\" rel=\"noopener noreferrer\" title=\"BROCHURE Beachtech Model 5500\" aria-label=\"BROCHURE Beachtech Model 5500\" href=\"https:\/\/telemet.com\/wp-content\/uploads\/2021\/11\/BeachTech_5500_Prospekt_ES.pdf\"><span class=\"fusion-button-text awb-button__text awb-button__text--default\">Descargar Brochure (PDF)<\/span><i class=\"fa-file-pdf far awb-button__icon awb-button__icon--default button-icon-right\" aria-hidden=\"true\"><\/i><\/a><\/div><div class=\"fusion-sep-clear\"><\/div><div class=\"fusion-separator fusion-full-width-sep\" style=\"margin-left: auto;margin-right: auto;margin-top:20px;width:100%;\"><\/div><div class=\"fusion-sep-clear\"><\/div><div class=\"fusion-align-block\"><a class=\"fusion-button button-flat button-xlarge button-default fusion-button-default button-2 fusion-button-default-span \" style=\"width:calc(100%);\" target=\"_blank\" rel=\"noopener noreferrer\" title=\"BROCHURE Beachtech Model 5500\" aria-label=\"BROCHURE Beachtech Model 5500\" href=\"https:\/\/telemet.com\/wp-content\/uploads\/2021\/11\/BeachTech_5500_Datenblatt_ES.pdf\"><span class=\"fusion-button-text awb-button__text awb-button__text--default\">Descargar Ficha (PDF)<\/span><i class=\"fa-file-pdf far awb-button__icon awb-button__icon--default button-icon-right\" aria-hidden=\"true\"><\/i><\/a><\/div><div class=\"fusion-sep-clear\"><\/div><div class=\"fusion-separator fusion-full-width-sep\" style=\"margin-left: auto;margin-right: auto;margin-top:20px;width:100%;\"><\/div><div class=\"fusion-sep-clear\"><\/div><div class=\"fusion-text fusion-text-1\" style=\"--awb-text-transform:none;\"><p>El nuevo BeachTech 5500 es la soluci\u00f3n perfecta para su playa. Es especialmente \u00e1gil gracias a la m\u00e1xima maniobrabilidad que ofrece su especial dise\u00f1o de 3 ruedas. Si a esto se une el gran ancho de trabajo (1524 mm) y el elevado rendimiento por superficie que proporciona, la eficiencia de este limpiaplayas no tiene comparaci\u00f3n. Y adem\u00e1s hay que a\u00f1adir el gran recipiente colector de 1,5 m\u00b3 de capacidad: limpie su playa en menos tiempo \u00a1y ahorre tambi\u00e9n dinero!<\/p>\n<p><strong>Maniobrabilidad:<\/strong> El dise\u00f1o de 3 ruedas permite un radio de giro de 0 grados: perfecto para los accesos estrechos o para esquivar tumbonas.<\/p>\n<p><strong>Gran recipiente colector:<\/strong> El recipiente colector extragrande dispone de 1,5 m\u00b3 de capacidad. Esto significa descargar con menos frecuencia y ahorrar tiempo.<\/p>\n<p><strong>Elevado rendimiento por superficie:<\/strong> Gracias a su amplio ancho de trabajo y al gran recipiente colector, este limpiaplayas cubre mucha superficie en menos tiempo.<\/p>\n<h3>\u00bfPor qu\u00e9 debe apostar por el BeachTech 5500 para la limpieza profesional de playas?<\/h3>\n<p>El BeachTech 5500 puede meter en la arena el arado de recogida sin escalonamientos hasta 15 cm de profundidad. Se recoge la arena y se sube con una chapa de tamiz vibratoria. Una vez limpia, la arena cae de vuelta al suelo a trav\u00e9s de la chapa de tamiz, mientras que la basura recogida se conduce al recipiente colector. Se retiran con eficacia botellas de pl\u00e1stico, latas, piedras&#8230; e incluso las m\u00e1s peque\u00f1as part\u00edculas de suciedad, como colillas, chapas de botellas o cristales, dejando una playa segura para los usuarios.<\/p>\n<\/div><div class=\"fusion-clearfix\"><\/div><\/div><\/div><\/div><\/div>\n","protected":false},"excerpt":{"rendered":"","protected":false},"author":1,"featured_media":0,"parent":6526,"menu_order":7,"comment_status":"closed","ping_status":"closed","template":"side-navigation.php","meta":{"footnotes":""},"class_list":["post-12290","page","type-page","status-publish","hentry"],"yoast_head":"<!-- This site is optimized with the Yoast SEO plugin v26.2 - https:\/\/yoast.com\/wordpress\/plugins\/seo\/ -->\n<title>Beachtech 5500 - Telemet<\/title>\n<meta name=\"robots\" content=\"index, follow, max-snippet:-1, max-image-preview:large, max-video-preview:-1\" \/>\n<link rel=\"canonical\" href=\"https:\/\/telemet.com\/es\/beachtech\/beachtech-5500\/\" \/>\n<meta property=\"og:locale\" content=\"es_ES\" \/>\n<meta property=\"og:type\" content=\"article\" \/>\n<meta property=\"og:title\" content=\"Beachtech 5500 - Telemet\" \/>\n<meta property=\"og:url\" content=\"https:\/\/telemet.com\/es\/beachtech\/beachtech-5500\/\" \/>\n<meta property=\"og:site_name\" content=\"Telemet\" \/>\n<meta property=\"article:modified_time\" content=\"2021-11-18T02:36:19+00:00\" \/>\n<meta name=\"twitter:card\" content=\"summary_large_image\" \/>\n<meta name=\"twitter:label1\" content=\"Tiempo de lectura\" \/>\n\t<meta name=\"twitter:data1\" content=\"3 minutes\" \/>\n<script type=\"application\/ld+json\" class=\"yoast-schema-graph\">{\"@context\":\"https:\/\/schema.org\",\"@graph\":[{\"@type\":\"WebPage\",\"@id\":\"https:\/\/telemet.com\/es\/beachtech\/beachtech-5500\/\",\"url\":\"https:\/\/telemet.com\/es\/beachtech\/beachtech-5500\/\",\"name\":\"Beachtech 5500 - Telemet\",\"isPartOf\":{\"@id\":\"https:\/\/telemet.com\/es\/#website\"},\"datePublished\":\"2021-11-18T02:13:39+00:00\",\"dateModified\":\"2021-11-18T02:36:19+00:00\",\"breadcrumb\":{\"@id\":\"https:\/\/telemet.com\/es\/beachtech\/beachtech-5500\/#breadcrumb\"},\"inLanguage\":\"es-ES\",\"potentialAction\":[{\"@type\":\"ReadAction\",\"target\":[\"https:\/\/telemet.com\/es\/beachtech\/beachtech-5500\/\"]}]},{\"@type\":\"BreadcrumbList\",\"@id\":\"https:\/\/telemet.com\/es\/beachtech\/beachtech-5500\/#breadcrumb\",\"itemListElement\":[{\"@type\":\"ListItem\",\"position\":1,\"name\":\"Home\",\"item\":\"https:\/\/telemet.com\/es\/\"},{\"@type\":\"ListItem\",\"position\":2,\"name\":\"BeachTech\",\"item\":\"https:\/\/telemet.com\/es\/beachtech\/\"},{\"@type\":\"ListItem\",\"position\":3,\"name\":\"Beachtech 5500\"}]},{\"@type\":\"WebSite\",\"@id\":\"https:\/\/telemet.com\/es\/#website\",\"url\":\"https:\/\/telemet.com\/es\/\",\"name\":\"Telemet, Inc.\",\"description\":\"Efficiency through Simplicity\",\"potentialAction\":[{\"@type\":\"SearchAction\",\"target\":{\"@type\":\"EntryPoint\",\"urlTemplate\":\"https:\/\/telemet.com\/es\/?s={search_term_string}\"},\"query-input\":{\"@type\":\"PropertyValueSpecification\",\"valueRequired\":true,\"valueName\":\"search_term_string\"}}],\"inLanguage\":\"es-ES\"}]}<\/script>\n<!-- \/ Yoast SEO plugin. -->","yoast_head_json":{"title":"Beachtech 5500 - Telemet","robots":{"index":"index","follow":"follow","max-snippet":"max-snippet:-1","max-image-preview":"max-image-preview:large","max-video-preview":"max-video-preview:-1"},"canonical":"https:\/\/telemet.com\/es\/beachtech\/beachtech-5500\/","og_locale":"es_ES","og_type":"article","og_title":"Beachtech 5500 - Telemet","og_url":"https:\/\/telemet.com\/es\/beachtech\/beachtech-5500\/","og_site_name":"Telemet","article_modified_time":"2021-11-18T02:36:19+00:00","twitter_card":"summary_large_image","twitter_misc":{"Tiempo de lectura":"3 minutes"},"schema":{"@context":"https:\/\/schema.org","@graph":[{"@type":"WebPage","@id":"https:\/\/telemet.com\/es\/beachtech\/beachtech-5500\/","url":"https:\/\/telemet.com\/es\/beachtech\/beachtech-5500\/","name":"Beachtech 5500 - Telemet","isPartOf":{"@id":"https:\/\/telemet.com\/es\/#website"},"datePublished":"2021-11-18T02:13:39+00:00","dateModified":"2021-11-18T02:36:19+00:00","breadcrumb":{"@id":"https:\/\/telemet.com\/es\/beachtech\/beachtech-5500\/#breadcrumb"},"inLanguage":"es-ES","potentialAction":[{"@type":"ReadAction","target":["https:\/\/telemet.com\/es\/beachtech\/beachtech-5500\/"]}]},{"@type":"BreadcrumbList","@id":"https:\/\/telemet.com\/es\/beachtech\/beachtech-5500\/#breadcrumb","itemListElement":[{"@type":"ListItem","position":1,"name":"Home","item":"https:\/\/telemet.com\/es\/"},{"@type":"ListItem","position":2,"name":"BeachTech","item":"https:\/\/telemet.com\/es\/beachtech\/"},{"@type":"ListItem","position":3,"name":"Beachtech 5500"}]},{"@type":"WebSite","@id":"https:\/\/telemet.com\/es\/#website","url":"https:\/\/telemet.com\/es\/","name":"Telemet, Inc.","description":"Efficiency through Simplicity","potentialAction":[{"@type":"SearchAction","target":{"@type":"EntryPoint","urlTemplate":"https:\/\/telemet.com\/es\/?s={search_term_string}"},"query-input":{"@type":"PropertyValueSpecification","valueRequired":true,"valueName":"search_term_string"}}],"inLanguage":"es-ES"}]}},"_links":{"self":[{"href":"https:\/\/telemet.com\/es\/wp-json\/wp\/v2\/pages\/12290","targetHints":{"allow":["GET"]}}],"collection":[{"href":"https:\/\/telemet.com\/es\/wp-json\/wp\/v2\/pages"}],"about":[{"href":"https:\/\/telemet.com\/es\/wp-json\/wp\/v2\/types\/page"}],"author":[{"embeddable":true,"href":"https:\/\/telemet.com\/es\/wp-json\/wp\/v2\/users\/1"}],"replies":[{"embeddable":true,"href":"https:\/\/telemet.com\/es\/wp-json\/wp\/v2\/comments?post=12290"}],"version-history":[{"count":3,"href":"https:\/\/telemet.com\/es\/wp-json\/wp\/v2\/pages\/12290\/revisions"}],"predecessor-version":[{"id":12321,"href":"https:\/\/telemet.com\/es\/wp-json\/wp\/v2\/pages\/12290\/revisions\/12321"}],"up":[{"embeddable":true,"href":"https:\/\/telemet.com\/es\/wp-json\/wp\/v2\/pages\/6526"}],"wp:attachment":[{"href":"https:\/\/telemet.com\/es\/wp-json\/wp\/v2\/media?parent=12290"}],"curies":[{"name":"wp","href":"https:\/\/api.w.org\/{rel}","templated":true}]}}