{"id":12822,"date":"2022-01-31T22:29:33","date_gmt":"2022-01-31T22:29:33","guid":{"rendered":"https:\/\/telemet.com\/smi-snowmakers\/smi-latitude90\/"},"modified":"2022-02-02T20:15:28","modified_gmt":"2022-02-02T20:15:28","slug":"smi-latitude90","status":"publish","type":"page","link":"https:\/\/telemet.com\/es\/smi-snowmakers\/smi-latitude90\/","title":{"rendered":"SMI\u00ae Latitude 90"},"content":{"rendered":"<div class=\"fusion-fullwidth fullwidth-box fusion-builder-row-1 nonhundred-percent-fullwidth non-hundred-percent-height-scrolling\" style=\"--awb-background-position:left top;--awb-border-sizes-top:0px;--awb-border-sizes-bottom:0px;--awb-border-sizes-left:0px;--awb-border-sizes-right:0px;--awb-border-radius-top-left:0px;--awb-border-radius-top-right:0px;--awb-border-radius-bottom-right:0px;--awb-border-radius-bottom-left:0px;--awb-padding-top:0px;--awb-padding-bottom:20px;--awb-flex-wrap:wrap;\" ><div class=\"fusion-builder-row fusion-row\"><div class=\"fusion-layout-column fusion_builder_column fusion-builder-column-0 fusion_builder_column_1_1 1_1 fusion-one-full fusion-column-first fusion-column-last fusion-column-no-min-height\" style=\"--awb-bg-size:cover;--awb-margin-top:0px;--awb-margin-bottom:0px;\"><div class=\"fusion-column-wrapper fusion-flex-column-wrapper-legacy\"><div class=\"fusion-slider-sc fusion-flexslider-loading flexslider flexslider-hover-type-none\" data-slideshow_autoplay=\"1\" data-slideshow_smooth_height=\"0\" data-slideshow_speed=\"7000\" style=\"max-width:100%;height:100%;\"><ul class=\"slides\"><li class=\"image\"><span class=\"fusion-image-hover-element hover-type-none\"><img decoding=\"async\" src=\"https:\/\/telemet.com\/wp-content\/uploads\/2022\/01\/Latitude90-Presentation-f1.jpg\" width=\"1200\" height=\"800\" class=\"wp-image-12800\" srcset=\"https:\/\/telemet.com\/wp-content\/uploads\/2022\/01\/Latitude90-Presentation-f1-200x133.jpg 200w, https:\/\/telemet.com\/wp-content\/uploads\/2022\/01\/Latitude90-Presentation-f1-400x267.jpg 400w, https:\/\/telemet.com\/wp-content\/uploads\/2022\/01\/Latitude90-Presentation-f1-600x400.jpg 600w, https:\/\/telemet.com\/wp-content\/uploads\/2022\/01\/Latitude90-Presentation-f1-800x533.jpg 800w, https:\/\/telemet.com\/wp-content\/uploads\/2022\/01\/Latitude90-Presentation-f1.jpg 1200w\" sizes=\"(max-width: 800px) 100vw, 1200px\" \/><\/span><\/li><li class=\"image\"><span class=\"fusion-image-hover-element hover-type-none\"><img decoding=\"async\" src=\"https:\/\/telemet.com\/wp-content\/uploads\/2022\/01\/Latitude90-Presentation-f2.jpg\" width=\"1200\" height=\"800\" class=\"wp-image-12802\" srcset=\"https:\/\/telemet.com\/wp-content\/uploads\/2022\/01\/Latitude90-Presentation-f2-200x133.jpg 200w, https:\/\/telemet.com\/wp-content\/uploads\/2022\/01\/Latitude90-Presentation-f2-400x267.jpg 400w, https:\/\/telemet.com\/wp-content\/uploads\/2022\/01\/Latitude90-Presentation-f2-600x400.jpg 600w, https:\/\/telemet.com\/wp-content\/uploads\/2022\/01\/Latitude90-Presentation-f2-800x533.jpg 800w, https:\/\/telemet.com\/wp-content\/uploads\/2022\/01\/Latitude90-Presentation-f2.jpg 1200w\" sizes=\"(max-width: 800px) 100vw, 1200px\" \/><\/span><\/li><li class=\"image\"><span class=\"fusion-image-hover-element hover-type-none\"><img decoding=\"async\" src=\"https:\/\/telemet.com\/wp-content\/uploads\/2022\/01\/latitude90-cover.jpg\" width=\"1920\" height=\"1280\" class=\"wp-image-12798\" srcset=\"https:\/\/telemet.com\/wp-content\/uploads\/2022\/01\/latitude90-cover-200x133.jpg 200w, https:\/\/telemet.com\/wp-content\/uploads\/2022\/01\/latitude90-cover-400x267.jpg 400w, https:\/\/telemet.com\/wp-content\/uploads\/2022\/01\/latitude90-cover-600x400.jpg 600w, https:\/\/telemet.com\/wp-content\/uploads\/2022\/01\/latitude90-cover-800x533.jpg 800w, https:\/\/telemet.com\/wp-content\/uploads\/2022\/01\/latitude90-cover-1200x800.jpg 1200w, https:\/\/telemet.com\/wp-content\/uploads\/2022\/01\/latitude90-cover.jpg 1920w\" sizes=\"(max-width: 800px) 100vw, 1200px\" \/><\/span><\/li><li class=\"image\"><span class=\"fusion-image-hover-element hover-type-none\"><img decoding=\"async\" src=\"https:\/\/telemet.com\/wp-content\/uploads\/2022\/01\/Latitude90-Presentation-f3.jpg\" width=\"1200\" height=\"800\" class=\"wp-image-12804\" srcset=\"https:\/\/telemet.com\/wp-content\/uploads\/2022\/01\/Latitude90-Presentation-f3-200x133.jpg 200w, https:\/\/telemet.com\/wp-content\/uploads\/2022\/01\/Latitude90-Presentation-f3-400x267.jpg 400w, https:\/\/telemet.com\/wp-content\/uploads\/2022\/01\/Latitude90-Presentation-f3-600x400.jpg 600w, https:\/\/telemet.com\/wp-content\/uploads\/2022\/01\/Latitude90-Presentation-f3-800x533.jpg 800w, https:\/\/telemet.com\/wp-content\/uploads\/2022\/01\/Latitude90-Presentation-f3.jpg 1200w\" sizes=\"(max-width: 800px) 100vw, 1200px\" \/><\/span><\/li><li class=\"image\"><span class=\"fusion-image-hover-element hover-type-none\"><img decoding=\"async\" src=\"https:\/\/telemet.com\/wp-content\/uploads\/2022\/01\/Latitude90-Presentation-f7.jpg\" width=\"1200\" height=\"800\" class=\"wp-image-12812\" srcset=\"https:\/\/telemet.com\/wp-content\/uploads\/2022\/01\/Latitude90-Presentation-f7-200x133.jpg 200w, https:\/\/telemet.com\/wp-content\/uploads\/2022\/01\/Latitude90-Presentation-f7-400x267.jpg 400w, https:\/\/telemet.com\/wp-content\/uploads\/2022\/01\/Latitude90-Presentation-f7-600x400.jpg 600w, https:\/\/telemet.com\/wp-content\/uploads\/2022\/01\/Latitude90-Presentation-f7-800x533.jpg 800w, https:\/\/telemet.com\/wp-content\/uploads\/2022\/01\/Latitude90-Presentation-f7.jpg 1200w\" sizes=\"(max-width: 800px) 100vw, 1200px\" \/><\/span><\/li><li class=\"image\"><span class=\"fusion-image-hover-element hover-type-none\"><img decoding=\"async\" src=\"https:\/\/telemet.com\/wp-content\/uploads\/2022\/01\/Latitude90-Presentation-f8.jpg\" width=\"1200\" height=\"800\" class=\"wp-image-12814\" srcset=\"https:\/\/telemet.com\/wp-content\/uploads\/2022\/01\/Latitude90-Presentation-f8-200x133.jpg 200w, https:\/\/telemet.com\/wp-content\/uploads\/2022\/01\/Latitude90-Presentation-f8-400x267.jpg 400w, https:\/\/telemet.com\/wp-content\/uploads\/2022\/01\/Latitude90-Presentation-f8-600x400.jpg 600w, https:\/\/telemet.com\/wp-content\/uploads\/2022\/01\/Latitude90-Presentation-f8-800x533.jpg 800w, https:\/\/telemet.com\/wp-content\/uploads\/2022\/01\/Latitude90-Presentation-f8.jpg 1200w\" sizes=\"(max-width: 800px) 100vw, 1200px\" \/><\/span><\/li><li class=\"image\"><span class=\"fusion-image-hover-element hover-type-none\"><img decoding=\"async\" src=\"https:\/\/telemet.com\/wp-content\/uploads\/2022\/01\/Latitude90-Presentation-f4.jpg\" width=\"1200\" height=\"800\" class=\"wp-image-12806\" srcset=\"https:\/\/telemet.com\/wp-content\/uploads\/2022\/01\/Latitude90-Presentation-f4-200x133.jpg 200w, https:\/\/telemet.com\/wp-content\/uploads\/2022\/01\/Latitude90-Presentation-f4-400x267.jpg 400w, https:\/\/telemet.com\/wp-content\/uploads\/2022\/01\/Latitude90-Presentation-f4-600x400.jpg 600w, https:\/\/telemet.com\/wp-content\/uploads\/2022\/01\/Latitude90-Presentation-f4-800x533.jpg 800w, https:\/\/telemet.com\/wp-content\/uploads\/2022\/01\/Latitude90-Presentation-f4.jpg 1200w\" sizes=\"(max-width: 800px) 100vw, 1200px\" \/><\/span><\/li><li class=\"image\"><span class=\"fusion-image-hover-element hover-type-none\"><img decoding=\"async\" src=\"https:\/\/telemet.com\/wp-content\/uploads\/2022\/01\/Latitude90-Presentation-f5.jpg\" width=\"1200\" height=\"800\" class=\"wp-image-12808\" srcset=\"https:\/\/telemet.com\/wp-content\/uploads\/2022\/01\/Latitude90-Presentation-f5-200x133.jpg 200w, https:\/\/telemet.com\/wp-content\/uploads\/2022\/01\/Latitude90-Presentation-f5-400x267.jpg 400w, https:\/\/telemet.com\/wp-content\/uploads\/2022\/01\/Latitude90-Presentation-f5-600x400.jpg 600w, https:\/\/telemet.com\/wp-content\/uploads\/2022\/01\/Latitude90-Presentation-f5-800x533.jpg 800w, https:\/\/telemet.com\/wp-content\/uploads\/2022\/01\/Latitude90-Presentation-f5.jpg 1200w\" sizes=\"(max-width: 800px) 100vw, 1200px\" \/><\/span><\/li><li class=\"image\"><span class=\"fusion-image-hover-element hover-type-none\"><img decoding=\"async\" src=\"https:\/\/telemet.com\/wp-content\/uploads\/2022\/01\/Latitude90-Presentation-f6.jpg\" width=\"1200\" height=\"800\" class=\"wp-image-12810\" srcset=\"https:\/\/telemet.com\/wp-content\/uploads\/2022\/01\/Latitude90-Presentation-f6-200x133.jpg 200w, https:\/\/telemet.com\/wp-content\/uploads\/2022\/01\/Latitude90-Presentation-f6-400x267.jpg 400w, https:\/\/telemet.com\/wp-content\/uploads\/2022\/01\/Latitude90-Presentation-f6-600x400.jpg 600w, https:\/\/telemet.com\/wp-content\/uploads\/2022\/01\/Latitude90-Presentation-f6-800x533.jpg 800w, https:\/\/telemet.com\/wp-content\/uploads\/2022\/01\/Latitude90-Presentation-f6.jpg 1200w\" sizes=\"(max-width: 800px) 100vw, 1200px\" \/><\/span><\/li><\/ul><\/div><div class=\"fusion-align-block\"><a class=\"fusion-button button-flat button-xlarge button-default fusion-button-default button-1 fusion-button-default-span \" style=\"width:calc(100%);\" target=\"_blank\" rel=\"noopener noreferrer\" title=\"BROCHURE\" aria-label=\"BROCHURE\" href=\"\/wp-content\/uploads\/2022\/01\/L30.pdf\"><span class=\"fusion-button-text awb-button__text awb-button__text--default\">Descargar Brochure L30 (PDF)<\/span><i class=\"fa-file-pdf far awb-button__icon awb-button__icon--default button-icon-right\" aria-hidden=\"true\"><\/i><\/a><\/div><div class=\"fusion-align-block\"><a class=\"fusion-button button-flat button-xlarge button-default fusion-button-default button-2 fusion-button-default-span \" style=\"width:calc(100%);\" target=\"_blank\" rel=\"noopener noreferrer\" title=\"BROCHURE\" aria-label=\"BROCHURE\" href=\"\/wp-content\/uploads\/2022\/01\/L60.pdf\"><span class=\"fusion-button-text awb-button__text awb-button__text--default\">Descargar Brochure L60 (PDF)<\/span><i class=\"fa-file-pdf far awb-button__icon awb-button__icon--default button-icon-right\" aria-hidden=\"true\"><\/i><\/a><\/div><div class=\"fusion-sep-clear\"><\/div><div class=\"fusion-separator fusion-full-width-sep\" style=\"margin-left: auto;margin-right: auto;margin-top:20px;width:100%;\"><\/div><div class=\"fusion-sep-clear\"><\/div><div class=\"fusion-text fusion-text-1\" style=\"--awb-text-transform:none;\"><h3>CREACI\u00d3N DE NIEVE PARA TODO TIPO DE CLIMA<\/h3>\n<p>SMI se ha asociado con Latitude90, ofreci\u00e9ndole lo \u00faltimo en tecnolog\u00eda de innivaci\u00f3n para todo tipo de clima, combinado con el experimentado soporte t\u00e9cnico local de SMI y la cartera de innivaci\u00f3n cl\u00e1sica.<\/p>\n<p>Con dos modelos a elegir, el L30 y el L60 son sistemas de innivaci\u00f3n cerrados e independientes que soportan las temperaturas ambientales, los vientos y la humedad y son el complemento perfecto para sus ca\u00f1ones de nieve tradicionales.<\/p>\n<h3><strong>MODELO L30<\/strong><\/h3>\n<p><img decoding=\"async\" class=\"alignleft wp-image-12816 size-full\" src=\"https:\/\/telemet.com\/wp-content\/uploads\/2022\/01\/L30-1024x576-1.jpg\" alt=\"\" width=\"1024\" height=\"576\" srcset=\"https:\/\/telemet.com\/wp-content\/uploads\/2022\/01\/L30-1024x576-1-200x113.jpg 200w, https:\/\/telemet.com\/wp-content\/uploads\/2022\/01\/L30-1024x576-1-300x169.jpg 300w, https:\/\/telemet.com\/wp-content\/uploads\/2022\/01\/L30-1024x576-1-400x225.jpg 400w, https:\/\/telemet.com\/wp-content\/uploads\/2022\/01\/L30-1024x576-1-600x338.jpg 600w, https:\/\/telemet.com\/wp-content\/uploads\/2022\/01\/L30-1024x576-1-768x432.jpg 768w, https:\/\/telemet.com\/wp-content\/uploads\/2022\/01\/L30-1024x576-1-800x450.jpg 800w, https:\/\/telemet.com\/wp-content\/uploads\/2022\/01\/L30-1024x576-1.jpg 1024w\" sizes=\"(max-width: 1024px) 100vw, 1024px\" \/><br \/>\n<strong>CAPACIDAD DE PRODUCCI\u00d3N<\/strong><br \/>\n5,5 gpm de flujo de entrada<br \/>\n60 &#8211; 66 m3\/d\u00eda de producci\u00f3n<\/p>\n<p><strong>CONSUMO DE ENERG\u00cdA<\/strong><br \/>\n67 kW<br \/>\nVFD en los motores<\/p>\n<p><strong>VENTAJAS ADICIONALES<\/strong><br \/>\nSin aditivos qu\u00edmicos<br \/>\nCambio de velocidad del rotor para modificar el tama\u00f1o de las escamas<\/p>\n<h3>MODELO L60<\/h3>\n<p><img decoding=\"async\" class=\"alignright size-full wp-image-12818\" src=\"https:\/\/telemet.com\/wp-content\/uploads\/2022\/01\/L60-1024x576-1.jpg\" alt=\"\" width=\"1024\" height=\"576\" srcset=\"https:\/\/telemet.com\/wp-content\/uploads\/2022\/01\/L60-1024x576-1-200x113.jpg 200w, https:\/\/telemet.com\/wp-content\/uploads\/2022\/01\/L60-1024x576-1-300x169.jpg 300w, https:\/\/telemet.com\/wp-content\/uploads\/2022\/01\/L60-1024x576-1-400x225.jpg 400w, https:\/\/telemet.com\/wp-content\/uploads\/2022\/01\/L60-1024x576-1-600x338.jpg 600w, https:\/\/telemet.com\/wp-content\/uploads\/2022\/01\/L60-1024x576-1-768x432.jpg 768w, https:\/\/telemet.com\/wp-content\/uploads\/2022\/01\/L60-1024x576-1-800x450.jpg 800w, https:\/\/telemet.com\/wp-content\/uploads\/2022\/01\/L60-1024x576-1.jpg 1024w\" sizes=\"(max-width: 1024px) 100vw, 1024px\" \/><\/p>\n<p><strong>CAPACIDAD DE PRODUCCI\u00d3N<\/strong><br \/>\n11,1 gpm de flujo de entrada<br \/>\n120 &#8211; 132 m3\/d\u00eda de producci\u00f3n<\/p>\n<p><strong>CONSUMO DE ENERG\u00cdA<\/strong><br \/>\n<strong>139 kW<\/strong><br \/>\nVFD en los motores<\/p>\n<p><strong>VENTAJAS ADICIONALES<\/strong><br \/>\nSin aditivos qu\u00edmicos<br \/>\nCambio de velocidad del rotor para modificar el tama\u00f1o de los copos<br \/>\nDos salidas de producci\u00f3n de nieve<\/p>\n<\/div><div class=\"fusion-clearfix\"><\/div><\/div><\/div><\/div><\/div>\n","protected":false},"excerpt":{"rendered":"","protected":false},"author":1,"featured_media":0,"parent":6309,"menu_order":0,"comment_status":"closed","ping_status":"closed","template":"side-navigation.php","meta":{"footnotes":""},"class_list":["post-12822","page","type-page","status-publish","hentry"],"yoast_head":"<!-- This site is optimized with the Yoast SEO plugin v26.2 - https:\/\/yoast.com\/wordpress\/plugins\/seo\/ -->\n<title>SMI\u00ae Latitude 90 - Telemet<\/title>\n<meta name=\"robots\" content=\"index, follow, max-snippet:-1, max-image-preview:large, max-video-preview:-1\" \/>\n<link rel=\"canonical\" href=\"https:\/\/telemet.com\/es\/smi-snowmakers\/smi-latitude90\/\" \/>\n<meta property=\"og:locale\" content=\"es_ES\" \/>\n<meta property=\"og:type\" content=\"article\" \/>\n<meta property=\"og:title\" content=\"SMI\u00ae Latitude 90 - Telemet\" \/>\n<meta property=\"og:url\" content=\"https:\/\/telemet.com\/es\/smi-snowmakers\/smi-latitude90\/\" \/>\n<meta property=\"og:site_name\" content=\"Telemet\" \/>\n<meta property=\"article:modified_time\" content=\"2022-02-02T20:15:28+00:00\" \/>\n<meta property=\"og:image\" content=\"https:\/\/telemet.com\/wp-content\/uploads\/2022\/01\/L30-1024x576-1.jpg\" \/>\n<meta name=\"twitter:card\" content=\"summary_large_image\" \/>\n<meta name=\"twitter:label1\" content=\"Tiempo de lectura\" \/>\n\t<meta name=\"twitter:data1\" content=\"5 minutes\" \/>\n<script type=\"application\/ld+json\" class=\"yoast-schema-graph\">{\"@context\":\"https:\/\/schema.org\",\"@graph\":[{\"@type\":\"WebPage\",\"@id\":\"https:\/\/telemet.com\/es\/smi-snowmakers\/smi-latitude90\/\",\"url\":\"https:\/\/telemet.com\/es\/smi-snowmakers\/smi-latitude90\/\",\"name\":\"SMI\u00ae Latitude 90 - Telemet\",\"isPartOf\":{\"@id\":\"https:\/\/telemet.com\/es\/#website\"},\"primaryImageOfPage\":{\"@id\":\"https:\/\/telemet.com\/es\/smi-snowmakers\/smi-latitude90\/#primaryimage\"},\"image\":{\"@id\":\"https:\/\/telemet.com\/es\/smi-snowmakers\/smi-latitude90\/#primaryimage\"},\"thumbnailUrl\":\"https:\/\/telemet.com\/wp-content\/uploads\/2022\/01\/L30-1024x576-1.jpg\",\"datePublished\":\"2022-01-31T22:29:33+00:00\",\"dateModified\":\"2022-02-02T20:15:28+00:00\",\"breadcrumb\":{\"@id\":\"https:\/\/telemet.com\/es\/smi-snowmakers\/smi-latitude90\/#breadcrumb\"},\"inLanguage\":\"es-ES\",\"potentialAction\":[{\"@type\":\"ReadAction\",\"target\":[\"https:\/\/telemet.com\/es\/smi-snowmakers\/smi-latitude90\/\"]}]},{\"@type\":\"ImageObject\",\"inLanguage\":\"es-ES\",\"@id\":\"https:\/\/telemet.com\/es\/smi-snowmakers\/smi-latitude90\/#primaryimage\",\"url\":\"https:\/\/telemet.com\/wp-content\/uploads\/2022\/01\/L30-1024x576-1.jpg\",\"contentUrl\":\"https:\/\/telemet.com\/wp-content\/uploads\/2022\/01\/L30-1024x576-1.jpg\"},{\"@type\":\"BreadcrumbList\",\"@id\":\"https:\/\/telemet.com\/es\/smi-snowmakers\/smi-latitude90\/#breadcrumb\",\"itemListElement\":[{\"@type\":\"ListItem\",\"position\":1,\"name\":\"Home\",\"item\":\"https:\/\/telemet.com\/es\/\"},{\"@type\":\"ListItem\",\"position\":2,\"name\":\"Smi Snowmakers\",\"item\":\"https:\/\/telemet.com\/es\/smi-snowmakers\/\"},{\"@type\":\"ListItem\",\"position\":3,\"name\":\"SMI\u00ae Latitude 90\"}]},{\"@type\":\"WebSite\",\"@id\":\"https:\/\/telemet.com\/es\/#website\",\"url\":\"https:\/\/telemet.com\/es\/\",\"name\":\"Telemet, Inc.\",\"description\":\"Efficiency through Simplicity\",\"potentialAction\":[{\"@type\":\"SearchAction\",\"target\":{\"@type\":\"EntryPoint\",\"urlTemplate\":\"https:\/\/telemet.com\/es\/?s={search_term_string}\"},\"query-input\":{\"@type\":\"PropertyValueSpecification\",\"valueRequired\":true,\"valueName\":\"search_term_string\"}}],\"inLanguage\":\"es-ES\"}]}<\/script>\n<!-- \/ Yoast SEO plugin. -->","yoast_head_json":{"title":"SMI\u00ae Latitude 90 - Telemet","robots":{"index":"index","follow":"follow","max-snippet":"max-snippet:-1","max-image-preview":"max-image-preview:large","max-video-preview":"max-video-preview:-1"},"canonical":"https:\/\/telemet.com\/es\/smi-snowmakers\/smi-latitude90\/","og_locale":"es_ES","og_type":"article","og_title":"SMI\u00ae Latitude 90 - Telemet","og_url":"https:\/\/telemet.com\/es\/smi-snowmakers\/smi-latitude90\/","og_site_name":"Telemet","article_modified_time":"2022-02-02T20:15:28+00:00","og_image":[{"url":"https:\/\/telemet.com\/wp-content\/uploads\/2022\/01\/L30-1024x576-1.jpg","type":"","width":"","height":""}],"twitter_card":"summary_large_image","twitter_misc":{"Tiempo de lectura":"5 minutes"},"schema":{"@context":"https:\/\/schema.org","@graph":[{"@type":"WebPage","@id":"https:\/\/telemet.com\/es\/smi-snowmakers\/smi-latitude90\/","url":"https:\/\/telemet.com\/es\/smi-snowmakers\/smi-latitude90\/","name":"SMI\u00ae Latitude 90 - Telemet","isPartOf":{"@id":"https:\/\/telemet.com\/es\/#website"},"primaryImageOfPage":{"@id":"https:\/\/telemet.com\/es\/smi-snowmakers\/smi-latitude90\/#primaryimage"},"image":{"@id":"https:\/\/telemet.com\/es\/smi-snowmakers\/smi-latitude90\/#primaryimage"},"thumbnailUrl":"https:\/\/telemet.com\/wp-content\/uploads\/2022\/01\/L30-1024x576-1.jpg","datePublished":"2022-01-31T22:29:33+00:00","dateModified":"2022-02-02T20:15:28+00:00","breadcrumb":{"@id":"https:\/\/telemet.com\/es\/smi-snowmakers\/smi-latitude90\/#breadcrumb"},"inLanguage":"es-ES","potentialAction":[{"@type":"ReadAction","target":["https:\/\/telemet.com\/es\/smi-snowmakers\/smi-latitude90\/"]}]},{"@type":"ImageObject","inLanguage":"es-ES","@id":"https:\/\/telemet.com\/es\/smi-snowmakers\/smi-latitude90\/#primaryimage","url":"https:\/\/telemet.com\/wp-content\/uploads\/2022\/01\/L30-1024x576-1.jpg","contentUrl":"https:\/\/telemet.com\/wp-content\/uploads\/2022\/01\/L30-1024x576-1.jpg"},{"@type":"BreadcrumbList","@id":"https:\/\/telemet.com\/es\/smi-snowmakers\/smi-latitude90\/#breadcrumb","itemListElement":[{"@type":"ListItem","position":1,"name":"Home","item":"https:\/\/telemet.com\/es\/"},{"@type":"ListItem","position":2,"name":"Smi Snowmakers","item":"https:\/\/telemet.com\/es\/smi-snowmakers\/"},{"@type":"ListItem","position":3,"name":"SMI\u00ae Latitude 90"}]},{"@type":"WebSite","@id":"https:\/\/telemet.com\/es\/#website","url":"https:\/\/telemet.com\/es\/","name":"Telemet, Inc.","description":"Efficiency through Simplicity","potentialAction":[{"@type":"SearchAction","target":{"@type":"EntryPoint","urlTemplate":"https:\/\/telemet.com\/es\/?s={search_term_string}"},"query-input":{"@type":"PropertyValueSpecification","valueRequired":true,"valueName":"search_term_string"}}],"inLanguage":"es-ES"}]}},"_links":{"self":[{"href":"https:\/\/telemet.com\/es\/wp-json\/wp\/v2\/pages\/12822","targetHints":{"allow":["GET"]}}],"collection":[{"href":"https:\/\/telemet.com\/es\/wp-json\/wp\/v2\/pages"}],"about":[{"href":"https:\/\/telemet.com\/es\/wp-json\/wp\/v2\/types\/page"}],"author":[{"embeddable":true,"href":"https:\/\/telemet.com\/es\/wp-json\/wp\/v2\/users\/1"}],"replies":[{"embeddable":true,"href":"https:\/\/telemet.com\/es\/wp-json\/wp\/v2\/comments?post=12822"}],"version-history":[{"count":2,"href":"https:\/\/telemet.com\/es\/wp-json\/wp\/v2\/pages\/12822\/revisions"}],"predecessor-version":[{"id":12833,"href":"https:\/\/telemet.com\/es\/wp-json\/wp\/v2\/pages\/12822\/revisions\/12833"}],"up":[{"embeddable":true,"href":"https:\/\/telemet.com\/es\/wp-json\/wp\/v2\/pages\/6309"}],"wp:attachment":[{"href":"https:\/\/telemet.com\/es\/wp-json\/wp\/v2\/media?parent=12822"}],"curies":[{"name":"wp","href":"https:\/\/api.w.org\/{rel}","templated":true}]}}