{"id":12878,"date":"2022-02-07T13:14:20","date_gmt":"2022-02-07T13:14:20","guid":{"rendered":"https:\/\/telemet.com\/?page_id=12878"},"modified":"2022-02-07T13:14:20","modified_gmt":"2022-02-07T13:14:20","slug":"pistenbully-400-4f-w","status":"publish","type":"page","link":"https:\/\/telemet.com\/es\/pistenbully\/pistenbully-400-4f-w\/","title":{"rendered":"PistenBully\u00ae 400 4F W"},"content":{"rendered":"<div class=\"fusion-fullwidth fullwidth-box fusion-builder-row-1 nonhundred-percent-fullwidth non-hundred-percent-height-scrolling\" style=\"--awb-background-position:left top;--awb-border-sizes-top:0px;--awb-border-sizes-bottom:0px;--awb-border-sizes-left:0px;--awb-border-sizes-right:0px;--awb-border-radius-top-left:0px;--awb-border-radius-top-right:0px;--awb-border-radius-bottom-right:0px;--awb-border-radius-bottom-left:0px;--awb-padding-top:20px;--awb-padding-bottom:20px;--awb-flex-wrap:wrap;\" ><div class=\"fusion-builder-row fusion-row\"><div class=\"fusion-layout-column fusion_builder_column fusion-builder-column-0 fusion_builder_column_1_1 1_1 fusion-one-full fusion-column-first fusion-column-last fusion-column-no-min-height\" style=\"--awb-bg-size:cover;--awb-margin-top:0px;--awb-margin-bottom:0px;\"><div class=\"fusion-column-wrapper fusion-flex-column-wrapper-legacy\"><div class=\"fusion-image-element fusion-image-align-center in-legacy-container\" style=\"text-align:center;--awb-caption-title-font-family:var(--h2_typography-font-family);--awb-caption-title-font-weight:var(--h2_typography-font-weight);--awb-caption-title-font-style:var(--h2_typography-font-style);--awb-caption-title-size:var(--h2_typography-font-size);--awb-caption-title-transform:var(--h2_typography-text-transform);--awb-caption-title-line-height:var(--h2_typography-line-height);--awb-caption-title-letter-spacing:var(--h2_typography-letter-spacing);\"><div class=\"imageframe-align-center\"><span class=\" fusion-imageframe imageframe-none imageframe-1 hover-type-none\"><img decoding=\"async\" width=\"1000\" height=\"700\" title=\"PistenBully_400_W_1000\" src=\"https:\/\/telemet.com\/wp-content\/uploads\/2022\/02\/PistenBully_400_W_1000.jpg\" alt class=\"img-responsive wp-image-12880\" srcset=\"https:\/\/telemet.com\/wp-content\/uploads\/2022\/02\/PistenBully_400_W_1000-200x140.jpg 200w, https:\/\/telemet.com\/wp-content\/uploads\/2022\/02\/PistenBully_400_W_1000-400x280.jpg 400w, https:\/\/telemet.com\/wp-content\/uploads\/2022\/02\/PistenBully_400_W_1000-600x420.jpg 600w, https:\/\/telemet.com\/wp-content\/uploads\/2022\/02\/PistenBully_400_W_1000-800x560.jpg 800w, https:\/\/telemet.com\/wp-content\/uploads\/2022\/02\/PistenBully_400_W_1000.jpg 1000w\" sizes=\"(max-width: 800px) 100vw, 1000px\" \/><\/span><\/div><\/div><div class=\"fusion-sep-clear\"><\/div><div class=\"fusion-separator fusion-full-width-sep\" style=\"margin-left: auto;margin-right: auto;margin-top:20px;width:100%;\"><\/div><div class=\"fusion-sep-clear\"><\/div><div class=\"fusion-align-block\"><a class=\"fusion-button button-flat button-xlarge button-default fusion-button-default button-1 fusion-button-span-yes \" target=\"_blank\" rel=\"noopener noreferrer\" href=\"\/wp-content\/uploads\/2016\/07\/08170_brosch_400_4f_en_web.pdf\"><i class=\" fa fa-file-pdf-o awb-button__icon awb-button__icon--default button-icon-left\" aria-hidden=\"true\"><\/i><span class=\"fusion-button-text awb-button__text awb-button__text--default\">Descargar Folleto (PDF)<\/span><\/a><\/div><div class=\"fusion-sep-clear\"><\/div><div class=\"fusion-separator fusion-full-width-sep\" style=\"margin-left: auto;margin-right: auto;margin-top:20px;width:100%;\"><\/div><div class=\"fusion-sep-clear\"><\/div><div class=\"fusion-align-block\"><a class=\"fusion-button button-flat button-xlarge button-default fusion-button-default button-2 fusion-button-span-yes \" target=\"_blank\" rel=\"noopener noreferrer\" href=\"\/wp-content\/uploads\/2016\/07\/datenblatt-pistenbully-400-4f-en.pdf\"><i class=\" fa fa-file-pdf-o awb-button__icon awb-button__icon--default button-icon-left\" aria-hidden=\"true\"><\/i><span class=\"fusion-button-text awb-button__text awb-button__text--default\">Descargar Ficha T\u00e9cnica (PDF)<\/span><\/a><\/div><div class=\"fusion-sep-clear\"><\/div><div class=\"fusion-separator fusion-full-width-sep\" style=\"margin-left: auto;margin-right: auto;margin-top:20px;width:100%;\"><\/div><div class=\"fusion-sep-clear\"><\/div><div class=\"fusion-text fusion-text-1\" style=\"--awb-text-transform:none;\"><h3>El paquete de rendimiento total<\/h3>\n<p>El PistenBully 400 W es un verdadero caballo de batalla que ofrece lo \u00faltimo en tecnolog\u00eda de winches. Ya sea para su uso en pendientes pronunciadas o para mover grandes cantidades de nieve cuesta arriba en pendientes moderadas, el cabrestante de 4t es el complemento perfecto para su flota de limpieza. La tecnolog\u00eda del winche PistenBully 400W 4t tiene ventajas inherentes. Con la sujeci\u00f3n extra permite un movimiento controlado de la nieve donde se necesita. El conjunto del winche, que se ajusta con precisi\u00f3n a trav\u00e9s de cinco puntos de fijaci\u00f3n, permite un desmontaje y una instalaci\u00f3n r\u00e1pidos y sencillos.<\/p>\n<ul>\n<li>Winche de 4t con control activo del mismo: Un ingenioso sistema que trabaja entre bastidores.<\/li>\n<li>All-Way-Blade: El mejor rendimiento de empuje y transmisi\u00f3n de potencia del mercado<\/li>\n<li>AlpineFlexTiller para las condiciones de nieve m\u00e1s duras: Calidad de pendiente perfecta, incluso en condiciones extremas<\/li>\n<li>Cabina con m\u00e1s confort y m\u00e1s funciones: Entra y si\u00e9ntete bien<\/li>\n<\/ul>\n<h3>La tecnolog\u00eda del winche PistenBully 4t ofrece muchas ventajas.<\/h3>\n<p><strong>Potencia combinada<\/strong><br \/>\nCuatro toneladas de fuerza de tracci\u00f3n, 1.050 metros de longitud de cuerda y una caja de cambios extremadamente robusta son s\u00f3lo algunas de ellas. La fuerza de tracci\u00f3n del winche se mantiene constante entre la primera y la \u00faltima vuelta. Todo el conjunto del winche est\u00e1 montado en una torreta que gira 360\u00b0. Esto evita la torsi\u00f3n de la cuerda.<\/p>\n<p><strong>Control activo del winche<\/strong><br \/>\nEl control activo del winche, que puede conectarse y desconectarse, permite un control \u00f3ptimo de la direcci\u00f3n de la m\u00e1quina incluso en condiciones de pendiente dif\u00edciles. Los par\u00e1metros de direcci\u00f3n seleccionados se pueden adaptar a las condiciones de la nieve y de la pendiente.<\/p>\n<p><strong>Compa\u00f1ero de larga duraci\u00f3n<\/strong><br \/>\nEl sistema de winche que protege el cable y la larga vida \u00fatil de los engranajes y los cojinetes del eje garantizan un uso prolongado y seguro con poco mantenimiento.<\/p>\n<\/div><div class=\"fusion-clearfix\"><\/div><\/div><\/div><\/div><\/div>\n","protected":false},"excerpt":{"rendered":"","protected":false},"author":1,"featured_media":0,"parent":6261,"menu_order":10,"comment_status":"closed","ping_status":"closed","template":"side-navigation.php","meta":{"footnotes":""},"class_list":["post-12878","page","type-page","status-publish","hentry"],"yoast_head":"<!-- This site is optimized with the Yoast SEO plugin v26.2 - https:\/\/yoast.com\/wordpress\/plugins\/seo\/ -->\n<title>PistenBully\u00ae 400 4F W - Telemet<\/title>\n<meta name=\"robots\" content=\"index, follow, max-snippet:-1, max-image-preview:large, max-video-preview:-1\" \/>\n<link rel=\"canonical\" href=\"https:\/\/telemet.com\/es\/pistenbully\/pistenbully-400-4f-w\/\" \/>\n<meta property=\"og:locale\" content=\"es_ES\" \/>\n<meta property=\"og:type\" content=\"article\" \/>\n<meta property=\"og:title\" content=\"PistenBully\u00ae 400 4F W - Telemet\" \/>\n<meta property=\"og:url\" content=\"https:\/\/telemet.com\/es\/pistenbully\/pistenbully-400-4f-w\/\" \/>\n<meta property=\"og:site_name\" content=\"Telemet\" \/>\n<meta name=\"twitter:card\" content=\"summary_large_image\" \/>\n<meta name=\"twitter:label1\" content=\"Tiempo de lectura\" \/>\n\t<meta name=\"twitter:data1\" content=\"4 minutes\" \/>\n<script type=\"application\/ld+json\" class=\"yoast-schema-graph\">{\"@context\":\"https:\/\/schema.org\",\"@graph\":[{\"@type\":\"WebPage\",\"@id\":\"https:\/\/telemet.com\/es\/pistenbully\/pistenbully-400-4f-w\/\",\"url\":\"https:\/\/telemet.com\/es\/pistenbully\/pistenbully-400-4f-w\/\",\"name\":\"PistenBully\u00ae 400 4F W - Telemet\",\"isPartOf\":{\"@id\":\"https:\/\/telemet.com\/es\/#website\"},\"datePublished\":\"2022-02-07T13:14:20+00:00\",\"breadcrumb\":{\"@id\":\"https:\/\/telemet.com\/es\/pistenbully\/pistenbully-400-4f-w\/#breadcrumb\"},\"inLanguage\":\"es-ES\",\"potentialAction\":[{\"@type\":\"ReadAction\",\"target\":[\"https:\/\/telemet.com\/es\/pistenbully\/pistenbully-400-4f-w\/\"]}]},{\"@type\":\"BreadcrumbList\",\"@id\":\"https:\/\/telemet.com\/es\/pistenbully\/pistenbully-400-4f-w\/#breadcrumb\",\"itemListElement\":[{\"@type\":\"ListItem\",\"position\":1,\"name\":\"Home\",\"item\":\"https:\/\/telemet.com\/es\/\"},{\"@type\":\"ListItem\",\"position\":2,\"name\":\"PistenBully\",\"item\":\"https:\/\/telemet.com\/es\/pistenbully\/\"},{\"@type\":\"ListItem\",\"position\":3,\"name\":\"PistenBully\u00ae 400 4F W\"}]},{\"@type\":\"WebSite\",\"@id\":\"https:\/\/telemet.com\/es\/#website\",\"url\":\"https:\/\/telemet.com\/es\/\",\"name\":\"Telemet, Inc.\",\"description\":\"Efficiency through Simplicity\",\"potentialAction\":[{\"@type\":\"SearchAction\",\"target\":{\"@type\":\"EntryPoint\",\"urlTemplate\":\"https:\/\/telemet.com\/es\/?s={search_term_string}\"},\"query-input\":{\"@type\":\"PropertyValueSpecification\",\"valueRequired\":true,\"valueName\":\"search_term_string\"}}],\"inLanguage\":\"es-ES\"}]}<\/script>\n<!-- \/ Yoast SEO plugin. -->","yoast_head_json":{"title":"PistenBully\u00ae 400 4F W - Telemet","robots":{"index":"index","follow":"follow","max-snippet":"max-snippet:-1","max-image-preview":"max-image-preview:large","max-video-preview":"max-video-preview:-1"},"canonical":"https:\/\/telemet.com\/es\/pistenbully\/pistenbully-400-4f-w\/","og_locale":"es_ES","og_type":"article","og_title":"PistenBully\u00ae 400 4F W - Telemet","og_url":"https:\/\/telemet.com\/es\/pistenbully\/pistenbully-400-4f-w\/","og_site_name":"Telemet","twitter_card":"summary_large_image","twitter_misc":{"Tiempo de lectura":"4 minutes"},"schema":{"@context":"https:\/\/schema.org","@graph":[{"@type":"WebPage","@id":"https:\/\/telemet.com\/es\/pistenbully\/pistenbully-400-4f-w\/","url":"https:\/\/telemet.com\/es\/pistenbully\/pistenbully-400-4f-w\/","name":"PistenBully\u00ae 400 4F W - Telemet","isPartOf":{"@id":"https:\/\/telemet.com\/es\/#website"},"datePublished":"2022-02-07T13:14:20+00:00","breadcrumb":{"@id":"https:\/\/telemet.com\/es\/pistenbully\/pistenbully-400-4f-w\/#breadcrumb"},"inLanguage":"es-ES","potentialAction":[{"@type":"ReadAction","target":["https:\/\/telemet.com\/es\/pistenbully\/pistenbully-400-4f-w\/"]}]},{"@type":"BreadcrumbList","@id":"https:\/\/telemet.com\/es\/pistenbully\/pistenbully-400-4f-w\/#breadcrumb","itemListElement":[{"@type":"ListItem","position":1,"name":"Home","item":"https:\/\/telemet.com\/es\/"},{"@type":"ListItem","position":2,"name":"PistenBully","item":"https:\/\/telemet.com\/es\/pistenbully\/"},{"@type":"ListItem","position":3,"name":"PistenBully\u00ae 400 4F W"}]},{"@type":"WebSite","@id":"https:\/\/telemet.com\/es\/#website","url":"https:\/\/telemet.com\/es\/","name":"Telemet, Inc.","description":"Efficiency through Simplicity","potentialAction":[{"@type":"SearchAction","target":{"@type":"EntryPoint","urlTemplate":"https:\/\/telemet.com\/es\/?s={search_term_string}"},"query-input":{"@type":"PropertyValueSpecification","valueRequired":true,"valueName":"search_term_string"}}],"inLanguage":"es-ES"}]}},"_links":{"self":[{"href":"https:\/\/telemet.com\/es\/wp-json\/wp\/v2\/pages\/12878","targetHints":{"allow":["GET"]}}],"collection":[{"href":"https:\/\/telemet.com\/es\/wp-json\/wp\/v2\/pages"}],"about":[{"href":"https:\/\/telemet.com\/es\/wp-json\/wp\/v2\/types\/page"}],"author":[{"embeddable":true,"href":"https:\/\/telemet.com\/es\/wp-json\/wp\/v2\/users\/1"}],"replies":[{"embeddable":true,"href":"https:\/\/telemet.com\/es\/wp-json\/wp\/v2\/comments?post=12878"}],"version-history":[{"count":2,"href":"https:\/\/telemet.com\/es\/wp-json\/wp\/v2\/pages\/12878\/revisions"}],"predecessor-version":[{"id":12882,"href":"https:\/\/telemet.com\/es\/wp-json\/wp\/v2\/pages\/12878\/revisions\/12882"}],"up":[{"embeddable":true,"href":"https:\/\/telemet.com\/es\/wp-json\/wp\/v2\/pages\/6261"}],"wp:attachment":[{"href":"https:\/\/telemet.com\/es\/wp-json\/wp\/v2\/media?parent=12878"}],"curies":[{"name":"wp","href":"https:\/\/api.w.org\/{rel}","templated":true}]}}