{"id":13609,"date":"2023-03-24T21:21:28","date_gmt":"2023-03-24T21:21:28","guid":{"rendered":"https:\/\/telemet.com\/pistenbully\/pistenbully-800\/"},"modified":"2024-04-17T14:17:01","modified_gmt":"2024-04-17T14:17:01","slug":"pistenbully-800","status":"publish","type":"page","link":"https:\/\/telemet.com\/es\/pistenbully\/pistenbully-800\/","title":{"rendered":"PistenBully\u00ae 800"},"content":{"rendered":"<div class=\"fusion-fullwidth fullwidth-box fusion-builder-row-1 nonhundred-percent-fullwidth non-hundred-percent-height-scrolling\" style=\"--awb-background-position:left top;--awb-border-sizes-top:0px;--awb-border-sizes-bottom:0px;--awb-border-sizes-left:0px;--awb-border-sizes-right:0px;--awb-border-radius-top-left:0px;--awb-border-radius-top-right:0px;--awb-border-radius-bottom-right:0px;--awb-border-radius-bottom-left:0px;--awb-padding-top:20px;--awb-padding-bottom:20px;--awb-flex-wrap:wrap;\" ><div class=\"fusion-builder-row fusion-row\"><div class=\"fusion-layout-column fusion_builder_column fusion-builder-column-0 fusion_builder_column_1_1 1_1 fusion-one-full fusion-column-first fusion-column-last fusion-column-no-min-height\" style=\"--awb-bg-size:cover;--awb-margin-top:0px;--awb-margin-bottom:0px;\"><div class=\"fusion-column-wrapper fusion-flex-column-wrapper-legacy\"><div class=\"fusion-image-carousel fusion-image-carousel-auto fusion-image-carousel-1\"><div class=\"awb-carousel awb-swiper awb-swiper-carousel awb-carousel--carousel awb-swiper-dots-position-bottom\" data-layout=\"carousel\" data-autoplay=\"yes\" data-autoplayspeed=\"2500\" data-autoplaypause=\"no\" data-columns=\"1\" data-columnsmedium=\"1\" data-columnssmall=\"1\" data-itemmargin=\"13\" data-itemwidth=\"180\" data-touchscroll=\"drag\" data-freemode=\"no\" data-imagesize=\"auto\" data-scrollitems=\"1\" data-centeredslides=\"no\" data-rotationangle=\"50\" data-depth=\"100\" data-speed=\"500\" data-shadow=\"no\" data-pagination=\"bullets\" style=\"--awb-columns:1;\"><div class=\"swiper-wrapper awb-image-carousel-wrapper fusion-flex-align-items-center\"><div class=\"swiper-slide\"><div class=\"fusion-carousel-item-wrapper\"><div class=\"fusion-image-wrapper hover-type-none\"><img decoding=\"async\" width=\"1280\" height=\"720\" src=\"https:\/\/telemet.com\/wp-content\/uploads\/2023\/03\/PistenBully_800.jpg\" class=\"attachment-full size-full\" alt=\"\" srcset=\"https:\/\/telemet.com\/wp-content\/uploads\/2023\/03\/PistenBully_800-200x113.jpg 200w, https:\/\/telemet.com\/wp-content\/uploads\/2023\/03\/PistenBully_800-300x169.jpg 300w, https:\/\/telemet.com\/wp-content\/uploads\/2023\/03\/PistenBully_800-338x190-338x190-338x190.jpg 338w, https:\/\/telemet.com\/wp-content\/uploads\/2023\/03\/PistenBully_800-400x225.jpg 400w, https:\/\/telemet.com\/wp-content\/uploads\/2023\/03\/PistenBully_800-600x338.jpg 600w, https:\/\/telemet.com\/wp-content\/uploads\/2023\/03\/PistenBully_800-768x432.jpg 768w, https:\/\/telemet.com\/wp-content\/uploads\/2023\/03\/PistenBully_800-800x450.jpg 800w, https:\/\/telemet.com\/wp-content\/uploads\/2023\/03\/PistenBully_800-1024x576.jpg 1024w, https:\/\/telemet.com\/wp-content\/uploads\/2023\/03\/PistenBully_800-1200x675.jpg 1200w, https:\/\/telemet.com\/wp-content\/uploads\/2023\/03\/PistenBully_800.jpg 1280w\" sizes=\"(max-width: 1280px) 100vw, 1280px\" \/><\/div><\/div><\/div><div class=\"swiper-slide\"><div class=\"fusion-carousel-item-wrapper\"><div class=\"fusion-image-wrapper hover-type-none\"><img decoding=\"async\" width=\"1280\" height=\"720\" src=\"https:\/\/telemet.com\/wp-content\/uploads\/2023\/03\/PistenBully_800-2.jpg\" class=\"attachment-full size-full\" alt=\"\" srcset=\"https:\/\/telemet.com\/wp-content\/uploads\/2023\/03\/PistenBully_800-2-200x113.jpg 200w, https:\/\/telemet.com\/wp-content\/uploads\/2023\/03\/PistenBully_800-2-300x169.jpg 300w, https:\/\/telemet.com\/wp-content\/uploads\/2023\/03\/PistenBully_800-2-338x190-338x190-338x190.jpg 338w, https:\/\/telemet.com\/wp-content\/uploads\/2023\/03\/PistenBully_800-2-400x225.jpg 400w, https:\/\/telemet.com\/wp-content\/uploads\/2023\/03\/PistenBully_800-2-600x338.jpg 600w, https:\/\/telemet.com\/wp-content\/uploads\/2023\/03\/PistenBully_800-2-768x432.jpg 768w, https:\/\/telemet.com\/wp-content\/uploads\/2023\/03\/PistenBully_800-2-800x450.jpg 800w, https:\/\/telemet.com\/wp-content\/uploads\/2023\/03\/PistenBully_800-2-1024x576.jpg 1024w, https:\/\/telemet.com\/wp-content\/uploads\/2023\/03\/PistenBully_800-2-1200x675.jpg 1200w, https:\/\/telemet.com\/wp-content\/uploads\/2023\/03\/PistenBully_800-2.jpg 1280w\" sizes=\"(max-width: 1280px) 100vw, 1280px\" \/><\/div><\/div><\/div><div class=\"swiper-slide\"><div class=\"fusion-carousel-item-wrapper\"><div class=\"fusion-image-wrapper hover-type-none\"><img decoding=\"async\" width=\"1280\" height=\"720\" src=\"https:\/\/telemet.com\/wp-content\/uploads\/2023\/03\/Pistenbully-800_cabin.jpg\" class=\"attachment-full size-full\" alt=\"\" srcset=\"https:\/\/telemet.com\/wp-content\/uploads\/2023\/03\/Pistenbully-800_cabin-200x113.jpg 200w, https:\/\/telemet.com\/wp-content\/uploads\/2023\/03\/Pistenbully-800_cabin-300x169.jpg 300w, https:\/\/telemet.com\/wp-content\/uploads\/2023\/03\/Pistenbully-800_cabin-338x190-338x190-338x190.jpg 338w, https:\/\/telemet.com\/wp-content\/uploads\/2023\/03\/Pistenbully-800_cabin-400x225.jpg 400w, https:\/\/telemet.com\/wp-content\/uploads\/2023\/03\/Pistenbully-800_cabin-600x338.jpg 600w, https:\/\/telemet.com\/wp-content\/uploads\/2023\/03\/Pistenbully-800_cabin-768x432.jpg 768w, https:\/\/telemet.com\/wp-content\/uploads\/2023\/03\/Pistenbully-800_cabin-800x450.jpg 800w, https:\/\/telemet.com\/wp-content\/uploads\/2023\/03\/Pistenbully-800_cabin-1024x576.jpg 1024w, https:\/\/telemet.com\/wp-content\/uploads\/2023\/03\/Pistenbully-800_cabin-1200x675.jpg 1200w, https:\/\/telemet.com\/wp-content\/uploads\/2023\/03\/Pistenbully-800_cabin.jpg 1280w\" sizes=\"(max-width: 1280px) 100vw, 1280px\" \/><\/div><\/div><\/div><\/div><div class=\"awb-swiper-button awb-swiper-button-prev\"><i class=\"awb-icon-angle-left\" aria-hidden=\"true\"><\/i><\/div><div class=\"awb-swiper-button awb-swiper-button-next\"><i class=\"awb-icon-angle-right\" aria-hidden=\"true\"><\/i><\/div><\/div><\/div><div class=\"fusion-text fusion-text-1\" style=\"--awb-text-transform:none;\"><h2>El PistenBully 800 combina la experiencia y la tecnolog\u00eda de los \u00faltimos a\u00f1os. Es el resultado de a\u00f1os de innovaci\u00f3n con un objetivo en mente: producir la pendiente perfecta.<\/h2>\n<p>Potencia masiva -con una agilidad sorprendente. M\u00e1ximo rendimiento de empuje incluso a bajas revoluciones del motor. Esto se traduce en una eficacia extrema para la preparaci\u00f3n de pendientes.<\/p>\n<p>Cuando se empuja mucha m\u00e1s nieve pero se utiliza poco combustible para hacerlo, el resultado es sustancialmente m\u00e1s eficiente y se produce menos CO2.<\/p>\n<div class=\"video-shortcode\"><iframe title=\"The PistenBully 800\" width=\"1170\" height=\"658\" src=\"https:\/\/www.youtube.com\/embed\/naXy5KJd2EU?feature=oembed\" frameborder=\"0\" allow=\"accelerometer; autoplay; clipboard-write; encrypted-media; gyroscope; picture-in-picture; web-share\" allowfullscreen><\/iframe><\/div>\n<p>Est\u00e1 claro que apoyamos a nuestros clientes en sus esfuerzos de reducci\u00f3n de CO2 con el nuevo propulsor. Durante el desarrollo del veh\u00edculo, nos centramos en conceptos de propulsi\u00f3n alternativos y estamos abiertos a las posibilidades tecnol\u00f3gicas del futuro. El PistenBully 800 est\u00e1 deseando hacerlo: cuando el mercado est\u00e9 preparado para la tecnolog\u00eda del hidr\u00f3geno, el PB800 tambi\u00e9n lo estar\u00e1, con un motor alternativo de hidr\u00f3geno.<\/p>\n<h3>Motor de potencia<\/h3>\n<p>El limpio motor de 6 cilindros con un potente torque garantiza un empuje \u00fanico.<\/p>\n<h3>Tren de rodaje m\u00e1s largo<\/h3>\n<p>5 ejes de rodadura con un chasis m\u00e1s largo para una mayor suavidad, empuje y rendimiento en las subidas.<\/p>\n<h3>AllWayBlade 5,0m<\/h3>\n<p>5,95 metros de ancho y 1,25 metros de alto: Esto la convierte en la pala m\u00e1s grande del mercado. Para un m\u00e1ximo rendimiento de empuje, una \u00f3ptima preparaci\u00f3n de los bordes de las pendientes y la mejor cobertura de la anchura de laboreo.<\/p>\n<h3>Nueva cabina con dise\u00f1o moderno<\/h3>\n<p>Desde un flujo de aire optimizado y una iluminaci\u00f3n LED completa hasta zonas de almacenamiento m\u00e1s grandes y m\u00e1s espacio para la cabeza: todo esto y mucho m\u00e1s hace que el trabajo sea m\u00e1s relajado y garantiza una agradable sensaci\u00f3n de espacio.<\/p>\n<h3>AutoTracer<\/h3>\n<p>La asistencia aut\u00f3noma de la direcci\u00f3n en las curvas y el contravolante autom\u00e1tico en pendientes laterales simplifican el trabajo del operador. El portaimplementos trasero con asistencia de direcci\u00f3n inteligente y activa lo hace posible tanto en posici\u00f3n bloqueada como flotante.<\/p>\n<h3>SlopeTracer<\/h3>\n<p>Control inteligente del portaimplementos combinado. El software permite el uso como portaimplementos paralelo. Garantiza la adaptaci\u00f3n ideal del tim\u00f3n al terreno accidentado y ajusta autom\u00e1ticamente la profundidad del tim\u00f3n. SlopeTracer simplifica el manejo y un amplio radio de movimiento.<\/p>\n<h3>Medici\u00f3n de la profundidad de la nieve SNOWsat<\/h3>\n<p>La medici\u00f3n de alta precisi\u00f3n de la profundidad de la nieve ayuda al operador a detectar las zonas de pendiente con peque\u00f1as cantidades de nieve y a identificar las reservas de nieve -debajo, delante y a ambos lados del veh\u00edculo. De este modo, se puede empujar la nieve con precisi\u00f3n y conseguir la m\u00e1xima calidad para la estructura de la pendiente. Aumenta la productividad al tiempo que conserva los recursos y ayuda a preservar el medio ambiente.<\/p>\n<\/div><div class=\"fusion-sep-clear\"><\/div><div class=\"fusion-separator fusion-full-width-sep\" style=\"margin-left: auto;margin-right: auto;margin-top:20px;width:100%;\"><\/div><div class=\"fusion-sep-clear\"><\/div><div class=\"fusion-align-block\"><a class=\"fusion-button button-flat button-xlarge button-default fusion-button-default button-1 fusion-button-span-yes \" target=\"_blank\" rel=\"noopener noreferrer\" href=\"https:\/\/telemet.com\/wp-content\/uploads\/2024\/04\/PB_800_booklet_2023.pdf\"><i class=\"fa-file-pdf far awb-button__icon awb-button__icon--default button-icon-left\" aria-hidden=\"true\"><\/i><span class=\"fusion-button-text awb-button__text awb-button__text--default\">Descargar Presentaci\u00f3n (PDF)<\/span><\/a><\/div><div class=\"fusion-sep-clear\"><\/div><div class=\"fusion-separator fusion-full-width-sep\" style=\"margin-left: auto;margin-right: auto;margin-top:20px;width:100%;\"><\/div><div class=\"fusion-sep-clear\"><\/div><div class=\"fusion-align-block\"><a class=\"fusion-button button-flat button-xlarge button-default fusion-button-default button-2 fusion-button-span-yes \" target=\"_blank\" rel=\"noopener noreferrer\" href=\"\/wp-content\/uploads\/2023\/03\/Broschuere_800_800-W_EN.pdf\"><i class=\"fa-file-pdf far awb-button__icon awb-button__icon--default button-icon-left\" aria-hidden=\"true\"><\/i><span class=\"fusion-button-text awb-button__text awb-button__text--default\">Descargar Brochure (PDF)<\/span><\/a><\/div><div class=\"fusion-sep-clear\"><\/div><div class=\"fusion-separator fusion-full-width-sep\" style=\"margin-left: auto;margin-right: auto;margin-top:20px;width:100%;\"><\/div><div class=\"fusion-sep-clear\"><\/div><div class=\"fusion-align-block\"><a class=\"fusion-button button-flat button-xlarge button-default fusion-button-default button-3 fusion-button-span-yes \" target=\"_blank\" rel=\"noopener noreferrer\" href=\"\/wp-content\/uploads\/2023\/03\/Datenblatt_800_EN.pdf\"><i class=\"fa-file-pdf far awb-button__icon awb-button__icon--default button-icon-left\" aria-hidden=\"true\"><\/i><span class=\"fusion-button-text awb-button__text awb-button__text--default\">Descargar Ficha T\u00e9cnica (PDF)<\/span><\/a><\/div><div class=\"fusion-clearfix\"><\/div><\/div><\/div><\/div><\/div>\n","protected":false},"excerpt":{"rendered":"","protected":false},"author":1,"featured_media":0,"parent":6261,"menu_order":6,"comment_status":"closed","ping_status":"closed","template":"side-navigation.php","meta":{"footnotes":""},"class_list":["post-13609","page","type-page","status-publish","hentry"],"yoast_head":"<!-- This site is optimized with the Yoast SEO plugin v26.2 - https:\/\/yoast.com\/wordpress\/plugins\/seo\/ -->\n<title>PistenBully\u00ae 800 - Telemet<\/title>\n<meta name=\"robots\" content=\"index, follow, max-snippet:-1, max-image-preview:large, max-video-preview:-1\" \/>\n<link rel=\"canonical\" href=\"https:\/\/telemet.com\/es\/pistenbully\/pistenbully-800\/\" \/>\n<meta property=\"og:locale\" content=\"es_ES\" \/>\n<meta property=\"og:type\" content=\"article\" \/>\n<meta property=\"og:title\" content=\"PistenBully\u00ae 800 - Telemet\" \/>\n<meta property=\"og:url\" content=\"https:\/\/telemet.com\/es\/pistenbully\/pistenbully-800\/\" \/>\n<meta property=\"og:site_name\" content=\"Telemet\" \/>\n<meta property=\"article:modified_time\" content=\"2024-04-17T14:17:01+00:00\" \/>\n<meta name=\"twitter:card\" content=\"summary_large_image\" \/>\n<meta name=\"twitter:label1\" content=\"Tiempo de lectura\" \/>\n\t<meta name=\"twitter:data1\" content=\"3 minutes\" \/>\n<script type=\"application\/ld+json\" class=\"yoast-schema-graph\">{\"@context\":\"https:\/\/schema.org\",\"@graph\":[{\"@type\":\"WebPage\",\"@id\":\"https:\/\/telemet.com\/es\/pistenbully\/pistenbully-800\/\",\"url\":\"https:\/\/telemet.com\/es\/pistenbully\/pistenbully-800\/\",\"name\":\"PistenBully\u00ae 800 - Telemet\",\"isPartOf\":{\"@id\":\"https:\/\/telemet.com\/es\/#website\"},\"datePublished\":\"2023-03-24T21:21:28+00:00\",\"dateModified\":\"2024-04-17T14:17:01+00:00\",\"breadcrumb\":{\"@id\":\"https:\/\/telemet.com\/es\/pistenbully\/pistenbully-800\/#breadcrumb\"},\"inLanguage\":\"es-ES\",\"potentialAction\":[{\"@type\":\"ReadAction\",\"target\":[\"https:\/\/telemet.com\/es\/pistenbully\/pistenbully-800\/\"]}]},{\"@type\":\"BreadcrumbList\",\"@id\":\"https:\/\/telemet.com\/es\/pistenbully\/pistenbully-800\/#breadcrumb\",\"itemListElement\":[{\"@type\":\"ListItem\",\"position\":1,\"name\":\"Home\",\"item\":\"https:\/\/telemet.com\/es\/\"},{\"@type\":\"ListItem\",\"position\":2,\"name\":\"PistenBully\",\"item\":\"https:\/\/telemet.com\/es\/pistenbully\/\"},{\"@type\":\"ListItem\",\"position\":3,\"name\":\"PistenBully\u00ae 800\"}]},{\"@type\":\"WebSite\",\"@id\":\"https:\/\/telemet.com\/es\/#website\",\"url\":\"https:\/\/telemet.com\/es\/\",\"name\":\"Telemet, Inc.\",\"description\":\"Efficiency through Simplicity\",\"potentialAction\":[{\"@type\":\"SearchAction\",\"target\":{\"@type\":\"EntryPoint\",\"urlTemplate\":\"https:\/\/telemet.com\/es\/?s={search_term_string}\"},\"query-input\":{\"@type\":\"PropertyValueSpecification\",\"valueRequired\":true,\"valueName\":\"search_term_string\"}}],\"inLanguage\":\"es-ES\"}]}<\/script>\n<!-- \/ Yoast SEO plugin. -->","yoast_head_json":{"title":"PistenBully\u00ae 800 - Telemet","robots":{"index":"index","follow":"follow","max-snippet":"max-snippet:-1","max-image-preview":"max-image-preview:large","max-video-preview":"max-video-preview:-1"},"canonical":"https:\/\/telemet.com\/es\/pistenbully\/pistenbully-800\/","og_locale":"es_ES","og_type":"article","og_title":"PistenBully\u00ae 800 - Telemet","og_url":"https:\/\/telemet.com\/es\/pistenbully\/pistenbully-800\/","og_site_name":"Telemet","article_modified_time":"2024-04-17T14:17:01+00:00","twitter_card":"summary_large_image","twitter_misc":{"Tiempo de lectura":"3 minutes"},"schema":{"@context":"https:\/\/schema.org","@graph":[{"@type":"WebPage","@id":"https:\/\/telemet.com\/es\/pistenbully\/pistenbully-800\/","url":"https:\/\/telemet.com\/es\/pistenbully\/pistenbully-800\/","name":"PistenBully\u00ae 800 - Telemet","isPartOf":{"@id":"https:\/\/telemet.com\/es\/#website"},"datePublished":"2023-03-24T21:21:28+00:00","dateModified":"2024-04-17T14:17:01+00:00","breadcrumb":{"@id":"https:\/\/telemet.com\/es\/pistenbully\/pistenbully-800\/#breadcrumb"},"inLanguage":"es-ES","potentialAction":[{"@type":"ReadAction","target":["https:\/\/telemet.com\/es\/pistenbully\/pistenbully-800\/"]}]},{"@type":"BreadcrumbList","@id":"https:\/\/telemet.com\/es\/pistenbully\/pistenbully-800\/#breadcrumb","itemListElement":[{"@type":"ListItem","position":1,"name":"Home","item":"https:\/\/telemet.com\/es\/"},{"@type":"ListItem","position":2,"name":"PistenBully","item":"https:\/\/telemet.com\/es\/pistenbully\/"},{"@type":"ListItem","position":3,"name":"PistenBully\u00ae 800"}]},{"@type":"WebSite","@id":"https:\/\/telemet.com\/es\/#website","url":"https:\/\/telemet.com\/es\/","name":"Telemet, Inc.","description":"Efficiency through Simplicity","potentialAction":[{"@type":"SearchAction","target":{"@type":"EntryPoint","urlTemplate":"https:\/\/telemet.com\/es\/?s={search_term_string}"},"query-input":{"@type":"PropertyValueSpecification","valueRequired":true,"valueName":"search_term_string"}}],"inLanguage":"es-ES"}]}},"_links":{"self":[{"href":"https:\/\/telemet.com\/es\/wp-json\/wp\/v2\/pages\/13609","targetHints":{"allow":["GET"]}}],"collection":[{"href":"https:\/\/telemet.com\/es\/wp-json\/wp\/v2\/pages"}],"about":[{"href":"https:\/\/telemet.com\/es\/wp-json\/wp\/v2\/types\/page"}],"author":[{"embeddable":true,"href":"https:\/\/telemet.com\/es\/wp-json\/wp\/v2\/users\/1"}],"replies":[{"embeddable":true,"href":"https:\/\/telemet.com\/es\/wp-json\/wp\/v2\/comments?post=13609"}],"version-history":[{"count":5,"href":"https:\/\/telemet.com\/es\/wp-json\/wp\/v2\/pages\/13609\/revisions"}],"predecessor-version":[{"id":14479,"href":"https:\/\/telemet.com\/es\/wp-json\/wp\/v2\/pages\/13609\/revisions\/14479"}],"up":[{"embeddable":true,"href":"https:\/\/telemet.com\/es\/wp-json\/wp\/v2\/pages\/6261"}],"wp:attachment":[{"href":"https:\/\/telemet.com\/es\/wp-json\/wp\/v2\/media?parent=13609"}],"curies":[{"name":"wp","href":"https:\/\/api.w.org\/{rel}","templated":true}]}}