{"id":14202,"date":"2023-08-21T13:44:36","date_gmt":"2023-08-21T13:44:36","guid":{"rendered":"https:\/\/telemet.com\/?page_id=14202"},"modified":"2023-08-21T13:51:46","modified_gmt":"2023-08-21T13:51:46","slug":"pistenbully-kfx-sistema-de-enganche-rapido","status":"publish","type":"page","link":"https:\/\/telemet.com\/es\/pistenbully\/pistenbully-kfx-sistema-de-enganche-rapido\/","title":{"rendered":"PistenBully\u00ae KFX &#8211; Sistema de montaje r\u00e1pido"},"content":{"rendered":"<div class=\"fusion-fullwidth fullwidth-box fusion-builder-row-1 nonhundred-percent-fullwidth non-hundred-percent-height-scrolling\" style=\"--awb-background-position:left top;--awb-border-sizes-top:0px;--awb-border-sizes-bottom:0px;--awb-border-sizes-left:0px;--awb-border-sizes-right:0px;--awb-border-radius-top-left:0px;--awb-border-radius-top-right:0px;--awb-border-radius-bottom-right:0px;--awb-border-radius-bottom-left:0px;--awb-padding-top:20px;--awb-padding-bottom:20px;--awb-flex-wrap:wrap;\" ><div class=\"fusion-builder-row fusion-row\"><div class=\"fusion-layout-column fusion_builder_column fusion-builder-column-0 fusion_builder_column_1_1 1_1 fusion-one-full fusion-column-first fusion-column-last fusion-column-no-min-height\" style=\"--awb-bg-size:cover;--awb-margin-top:0px;--awb-margin-bottom:0px;\"><div class=\"fusion-column-wrapper fusion-flex-column-wrapper-legacy\"><div class=\"fusion-video fusion-vimeo fusion-aligncenter\" style=\"--awb-max-width:800px;--awb-max-height:450px;--awb-width:100%;--awb-margin-bottom:40px;\"><div class=\"video-shortcode\"><div class=\"fluid-width-video-wrapper\" style=\"padding-top:56.25%;\" ><iframe title=\"Vimeo video player 1\" src=\"https:\/\/player.vimeo.com\/video\/856402987?autoplay=0&amp;autopause=0&amp;muted=1\" width=\"800\" height=\"450\" allowfullscreen allow=\"autoplay; fullscreen\"><\/iframe><\/div><\/div><\/div><div class=\"fusion-text fusion-text-1\"><p>Introducimos un innovador producto dise\u00f1ado para transformar su eficiencia y ahorro de tiempo. Nuestro nuevo dispositivo permite un montaje y desmontaje de la fresa en menos de 30 segundos, gracias a su enganche ultrarr\u00e1pido, con un bloqueo autom\u00e1tico de la fresa y una tecnolog\u00eda hidr\u00e1ulica sin fugas de aceite, garantizamos un rendimiento \u00f3ptimo y seguridad en cada tarea.<\/p>\n<p>Poder trabajar sin la fresa le permite una reducci\u00f3n de 1200 kilos en peso, experimentar\u00e1 un aumento significativo en la productividad teniendo un empuje para el ascenso m\u00e1s poderoso, al tiempo que alivia la tensi\u00f3n en la estructura de acero y el tim\u00f3n. Tambi\u00e9n permitir\u00e1 una vista trasera excepcional que garantiza una marcha atr\u00e1s segura, minimizando el riesgo de da\u00f1os costosos por colisi\u00f3n.<\/p>\n<p>La entrada en espacios reducidos ya no ser\u00e1 un problema, la capacidad de escalada mejora sustancialmente y facilita el acceso al punto de anclaje en cualquier pendiente.<\/p>\n<p>Con esta nueva\u00a0 tecnolog\u00eda, incluso la preparaci\u00f3n del talud con el tim\u00f3n es m\u00e1s eficiente, sin a\u00f1adir peso adicional. Simplifique sus tareas con nuestra soluci\u00f3n avanzada que combina practicidad y rendimiento incomparables.<\/p>\n<ul>\n<li>R\u00e1pido enganche y desmontaje de la fresa en menos de 30 segundos.<\/li>\n<li>Bloqueo autom\u00e1tico de la fresa.<\/li>\n<li>Bloqueo hidr\u00e1ulico sin p\u00e9rdida de aceite.<\/li>\n<li>1200 kilos menos en peso.<\/li>\n<li>M\u00e1s rendimiento de empuje y ascenso.<\/li>\n<li>Reducci\u00f3n de la tensi\u00f3n en la estructura de acero y el tim\u00f3n.<\/li>\n<li>Vista trasera \u00f3ptima para una marcha atr\u00e1s segura.<\/li>\n<li>Menor riesgo de costosos da\u00f1os por colisi\u00f3n.<\/li>\n<li>Entrada segura y f\u00e1cil, incluso en espacios reducidos.<\/li>\n<li>KFX para el invierno y veh\u00edculos individuales.<\/li>\n<li>Capacidad de escalada mejorada.<\/li>\n<li>Facilita el acceso al punto de anclaje en todas las condiciones de pendiente.<\/li>\n<li>Inserci\u00f3n eficiente de las pendientes, sin peso adicional del tim\u00f3n.<\/li>\n<li>Preparaci\u00f3n del talud, con tim\u00f3n.<\/li>\n<\/ul>\n<\/div><div class=\"fusion-clearfix\"><\/div><\/div><\/div><\/div><\/div>\n","protected":false},"excerpt":{"rendered":"","protected":false},"author":1,"featured_media":14200,"parent":6261,"menu_order":1,"comment_status":"closed","ping_status":"closed","template":"side-navigation.php","meta":{"footnotes":""},"class_list":["post-14202","page","type-page","status-publish","has-post-thumbnail","hentry"],"yoast_head":"<!-- This site is optimized with the Yoast SEO plugin v26.2 - https:\/\/yoast.com\/wordpress\/plugins\/seo\/ -->\n<title>PistenBully\u00ae KFX - Sistema de montaje r\u00e1pido - Telemet<\/title>\n<meta name=\"robots\" content=\"index, follow, max-snippet:-1, max-image-preview:large, max-video-preview:-1\" \/>\n<link rel=\"canonical\" href=\"https:\/\/telemet.com\/es\/pistenbully\/pistenbully-kfx-sistema-de-enganche-rapido\/\" \/>\n<meta property=\"og:locale\" content=\"es_ES\" \/>\n<meta property=\"og:type\" content=\"article\" \/>\n<meta property=\"og:title\" content=\"PistenBully\u00ae KFX - Sistema de montaje r\u00e1pido - Telemet\" \/>\n<meta property=\"og:url\" content=\"https:\/\/telemet.com\/es\/pistenbully\/pistenbully-kfx-sistema-de-enganche-rapido\/\" \/>\n<meta property=\"og:site_name\" content=\"Telemet\" \/>\n<meta property=\"article:modified_time\" content=\"2023-08-21T13:51:46+00:00\" \/>\n<meta property=\"og:image\" content=\"https:\/\/telemet.com\/wp-content\/uploads\/2023\/08\/KFX-sistema-de-enganchge-rapido.jpg\" \/>\n\t<meta property=\"og:image:width\" content=\"1000\" \/>\n\t<meta property=\"og:image:height\" content=\"609\" \/>\n\t<meta property=\"og:image:type\" content=\"image\/jpeg\" \/>\n<meta name=\"twitter:card\" content=\"summary_large_image\" \/>\n<meta name=\"twitter:label1\" content=\"Tiempo de lectura\" \/>\n\t<meta name=\"twitter:data1\" content=\"2 minutes\" \/>\n<script type=\"application\/ld+json\" class=\"yoast-schema-graph\">{\"@context\":\"https:\/\/schema.org\",\"@graph\":[{\"@type\":\"WebPage\",\"@id\":\"https:\/\/telemet.com\/es\/pistenbully\/pistenbully-kfx-sistema-de-enganche-rapido\/\",\"url\":\"https:\/\/telemet.com\/es\/pistenbully\/pistenbully-kfx-sistema-de-enganche-rapido\/\",\"name\":\"PistenBully\u00ae KFX - Sistema de montaje r\u00e1pido - Telemet\",\"isPartOf\":{\"@id\":\"https:\/\/telemet.com\/es\/#website\"},\"primaryImageOfPage\":{\"@id\":\"https:\/\/telemet.com\/es\/pistenbully\/pistenbully-kfx-sistema-de-enganche-rapido\/#primaryimage\"},\"image\":{\"@id\":\"https:\/\/telemet.com\/es\/pistenbully\/pistenbully-kfx-sistema-de-enganche-rapido\/#primaryimage\"},\"thumbnailUrl\":\"https:\/\/telemet.com\/wp-content\/uploads\/2023\/08\/KFX-sistema-de-enganchge-rapido.jpg\",\"datePublished\":\"2023-08-21T13:44:36+00:00\",\"dateModified\":\"2023-08-21T13:51:46+00:00\",\"breadcrumb\":{\"@id\":\"https:\/\/telemet.com\/es\/pistenbully\/pistenbully-kfx-sistema-de-enganche-rapido\/#breadcrumb\"},\"inLanguage\":\"es-ES\",\"potentialAction\":[{\"@type\":\"ReadAction\",\"target\":[\"https:\/\/telemet.com\/es\/pistenbully\/pistenbully-kfx-sistema-de-enganche-rapido\/\"]}]},{\"@type\":\"ImageObject\",\"inLanguage\":\"es-ES\",\"@id\":\"https:\/\/telemet.com\/es\/pistenbully\/pistenbully-kfx-sistema-de-enganche-rapido\/#primaryimage\",\"url\":\"https:\/\/telemet.com\/wp-content\/uploads\/2023\/08\/KFX-sistema-de-enganchge-rapido.jpg\",\"contentUrl\":\"https:\/\/telemet.com\/wp-content\/uploads\/2023\/08\/KFX-sistema-de-enganchge-rapido.jpg\",\"width\":1000,\"height\":609},{\"@type\":\"BreadcrumbList\",\"@id\":\"https:\/\/telemet.com\/es\/pistenbully\/pistenbully-kfx-sistema-de-enganche-rapido\/#breadcrumb\",\"itemListElement\":[{\"@type\":\"ListItem\",\"position\":1,\"name\":\"Home\",\"item\":\"https:\/\/telemet.com\/es\/\"},{\"@type\":\"ListItem\",\"position\":2,\"name\":\"PistenBully\",\"item\":\"https:\/\/telemet.com\/es\/pistenbully\/\"},{\"@type\":\"ListItem\",\"position\":3,\"name\":\"PistenBully\u00ae KFX &#8211; Sistema de montaje r\u00e1pido\"}]},{\"@type\":\"WebSite\",\"@id\":\"https:\/\/telemet.com\/es\/#website\",\"url\":\"https:\/\/telemet.com\/es\/\",\"name\":\"Telemet, Inc.\",\"description\":\"Efficiency through Simplicity\",\"potentialAction\":[{\"@type\":\"SearchAction\",\"target\":{\"@type\":\"EntryPoint\",\"urlTemplate\":\"https:\/\/telemet.com\/es\/?s={search_term_string}\"},\"query-input\":{\"@type\":\"PropertyValueSpecification\",\"valueRequired\":true,\"valueName\":\"search_term_string\"}}],\"inLanguage\":\"es-ES\"}]}<\/script>\n<!-- \/ Yoast SEO plugin. -->","yoast_head_json":{"title":"PistenBully\u00ae KFX - Sistema de montaje r\u00e1pido - Telemet","robots":{"index":"index","follow":"follow","max-snippet":"max-snippet:-1","max-image-preview":"max-image-preview:large","max-video-preview":"max-video-preview:-1"},"canonical":"https:\/\/telemet.com\/es\/pistenbully\/pistenbully-kfx-sistema-de-enganche-rapido\/","og_locale":"es_ES","og_type":"article","og_title":"PistenBully\u00ae KFX - Sistema de montaje r\u00e1pido - Telemet","og_url":"https:\/\/telemet.com\/es\/pistenbully\/pistenbully-kfx-sistema-de-enganche-rapido\/","og_site_name":"Telemet","article_modified_time":"2023-08-21T13:51:46+00:00","og_image":[{"width":1000,"height":609,"url":"https:\/\/telemet.com\/wp-content\/uploads\/2023\/08\/KFX-sistema-de-enganchge-rapido.jpg","type":"image\/jpeg"}],"twitter_card":"summary_large_image","twitter_misc":{"Tiempo de lectura":"2 minutes"},"schema":{"@context":"https:\/\/schema.org","@graph":[{"@type":"WebPage","@id":"https:\/\/telemet.com\/es\/pistenbully\/pistenbully-kfx-sistema-de-enganche-rapido\/","url":"https:\/\/telemet.com\/es\/pistenbully\/pistenbully-kfx-sistema-de-enganche-rapido\/","name":"PistenBully\u00ae KFX - Sistema de montaje r\u00e1pido - Telemet","isPartOf":{"@id":"https:\/\/telemet.com\/es\/#website"},"primaryImageOfPage":{"@id":"https:\/\/telemet.com\/es\/pistenbully\/pistenbully-kfx-sistema-de-enganche-rapido\/#primaryimage"},"image":{"@id":"https:\/\/telemet.com\/es\/pistenbully\/pistenbully-kfx-sistema-de-enganche-rapido\/#primaryimage"},"thumbnailUrl":"https:\/\/telemet.com\/wp-content\/uploads\/2023\/08\/KFX-sistema-de-enganchge-rapido.jpg","datePublished":"2023-08-21T13:44:36+00:00","dateModified":"2023-08-21T13:51:46+00:00","breadcrumb":{"@id":"https:\/\/telemet.com\/es\/pistenbully\/pistenbully-kfx-sistema-de-enganche-rapido\/#breadcrumb"},"inLanguage":"es-ES","potentialAction":[{"@type":"ReadAction","target":["https:\/\/telemet.com\/es\/pistenbully\/pistenbully-kfx-sistema-de-enganche-rapido\/"]}]},{"@type":"ImageObject","inLanguage":"es-ES","@id":"https:\/\/telemet.com\/es\/pistenbully\/pistenbully-kfx-sistema-de-enganche-rapido\/#primaryimage","url":"https:\/\/telemet.com\/wp-content\/uploads\/2023\/08\/KFX-sistema-de-enganchge-rapido.jpg","contentUrl":"https:\/\/telemet.com\/wp-content\/uploads\/2023\/08\/KFX-sistema-de-enganchge-rapido.jpg","width":1000,"height":609},{"@type":"BreadcrumbList","@id":"https:\/\/telemet.com\/es\/pistenbully\/pistenbully-kfx-sistema-de-enganche-rapido\/#breadcrumb","itemListElement":[{"@type":"ListItem","position":1,"name":"Home","item":"https:\/\/telemet.com\/es\/"},{"@type":"ListItem","position":2,"name":"PistenBully","item":"https:\/\/telemet.com\/es\/pistenbully\/"},{"@type":"ListItem","position":3,"name":"PistenBully\u00ae KFX &#8211; Sistema de montaje r\u00e1pido"}]},{"@type":"WebSite","@id":"https:\/\/telemet.com\/es\/#website","url":"https:\/\/telemet.com\/es\/","name":"Telemet, Inc.","description":"Efficiency through Simplicity","potentialAction":[{"@type":"SearchAction","target":{"@type":"EntryPoint","urlTemplate":"https:\/\/telemet.com\/es\/?s={search_term_string}"},"query-input":{"@type":"PropertyValueSpecification","valueRequired":true,"valueName":"search_term_string"}}],"inLanguage":"es-ES"}]}},"_links":{"self":[{"href":"https:\/\/telemet.com\/es\/wp-json\/wp\/v2\/pages\/14202","targetHints":{"allow":["GET"]}}],"collection":[{"href":"https:\/\/telemet.com\/es\/wp-json\/wp\/v2\/pages"}],"about":[{"href":"https:\/\/telemet.com\/es\/wp-json\/wp\/v2\/types\/page"}],"author":[{"embeddable":true,"href":"https:\/\/telemet.com\/es\/wp-json\/wp\/v2\/users\/1"}],"replies":[{"embeddable":true,"href":"https:\/\/telemet.com\/es\/wp-json\/wp\/v2\/comments?post=14202"}],"version-history":[{"count":4,"href":"https:\/\/telemet.com\/es\/wp-json\/wp\/v2\/pages\/14202\/revisions"}],"predecessor-version":[{"id":14206,"href":"https:\/\/telemet.com\/es\/wp-json\/wp\/v2\/pages\/14202\/revisions\/14206"}],"up":[{"embeddable":true,"href":"https:\/\/telemet.com\/es\/wp-json\/wp\/v2\/pages\/6261"}],"wp:featuredmedia":[{"embeddable":true,"href":"https:\/\/telemet.com\/es\/wp-json\/wp\/v2\/media\/14200"}],"wp:attachment":[{"href":"https:\/\/telemet.com\/es\/wp-json\/wp\/v2\/media?parent=14202"}],"curies":[{"name":"wp","href":"https:\/\/api.w.org\/{rel}","templated":true}]}}