{"id":14279,"date":"2023-10-27T04:05:12","date_gmt":"2023-10-27T04:05:12","guid":{"rendered":"https:\/\/telemet.com\/powerbully\/powerbully-9d\/"},"modified":"2023-10-27T04:09:12","modified_gmt":"2023-10-27T04:09:12","slug":"powerbully-9d","status":"publish","type":"page","link":"https:\/\/telemet.com\/es\/powerbully\/powerbully-9d\/","title":{"rendered":"PowerBully\u00ae 9D"},"content":{"rendered":"<div class=\"fusion-fullwidth fullwidth-box fusion-builder-row-1 nonhundred-percent-fullwidth non-hundred-percent-height-scrolling\" style=\"--awb-background-position:left top;--awb-border-sizes-top:0px;--awb-border-sizes-bottom:0px;--awb-border-sizes-left:0px;--awb-border-sizes-right:0px;--awb-border-radius-top-left:0px;--awb-border-radius-top-right:0px;--awb-border-radius-bottom-right:0px;--awb-border-radius-bottom-left:0px;--awb-padding-top:0px;--awb-padding-bottom:20px;--awb-flex-wrap:wrap;\" ><div class=\"fusion-builder-row fusion-row\"><div class=\"fusion-layout-column fusion_builder_column fusion-builder-column-0 fusion_builder_column_1_1 1_1 fusion-one-full fusion-column-first fusion-column-last fusion-column-no-min-height\" style=\"--awb-bg-size:cover;--awb-margin-top:0px;--awb-margin-bottom:0px;\"><div class=\"fusion-column-wrapper fusion-flex-column-wrapper-legacy\"><div class=\"fusion-slider-sc fusion-flexslider-loading flexslider flexslider-hover-type-none\" data-slideshow_autoplay=\"1\" data-slideshow_smooth_height=\"0\" data-slideshow_speed=\"7000\" style=\"max-width:100%;height:100%;\"><ul class=\"slides\"><li class=\"image\"><span class=\"fusion-image-hover-element hover-type-none\"><img decoding=\"async\" src=\"https:\/\/telemet.com\/wp-content\/uploads\/2023\/10\/9C_powerbully.jpg\" width=\"1000\" height=\"643\" class=\"wp-image-14268\" srcset=\"https:\/\/telemet.com\/wp-content\/uploads\/2023\/10\/9C_powerbully-200x129.jpg 200w, https:\/\/telemet.com\/wp-content\/uploads\/2023\/10\/9C_powerbully-400x257.jpg 400w, https:\/\/telemet.com\/wp-content\/uploads\/2023\/10\/9C_powerbully-600x386.jpg 600w, https:\/\/telemet.com\/wp-content\/uploads\/2023\/10\/9C_powerbully-800x514.jpg 800w, https:\/\/telemet.com\/wp-content\/uploads\/2023\/10\/9C_powerbully.jpg 1000w\" sizes=\"(max-width: 800px) 100vw, 1000px\" \/><\/span><\/li><li class=\"image\"><span class=\"fusion-image-hover-element hover-type-none\"><img decoding=\"async\" src=\"https:\/\/telemet.com\/wp-content\/uploads\/2023\/10\/PowerBully_9C.jpg\" width=\"1000\" height=\"643\" class=\"wp-image-14270\" srcset=\"https:\/\/telemet.com\/wp-content\/uploads\/2023\/10\/PowerBully_9C-200x129.jpg 200w, https:\/\/telemet.com\/wp-content\/uploads\/2023\/10\/PowerBully_9C-400x257.jpg 400w, https:\/\/telemet.com\/wp-content\/uploads\/2023\/10\/PowerBully_9C-600x386.jpg 600w, https:\/\/telemet.com\/wp-content\/uploads\/2023\/10\/PowerBully_9C-800x514.jpg 800w, https:\/\/telemet.com\/wp-content\/uploads\/2023\/10\/PowerBully_9C.jpg 1000w\" sizes=\"(max-width: 800px) 100vw, 1000px\" \/><\/span><\/li><\/ul><\/div><div class=\"fusion-align-block\"><a class=\"fusion-button button-flat button-xlarge button-default fusion-button-default button-1 fusion-button-default-span \" style=\"width:calc(100%);\" target=\"_blank\" rel=\"noopener noreferrer\" title=\"Download Brochure\" aria-label=\"Download Brochure\" href=\"\/wp-content\/uploads\/2023\/10\/230525_PowerBully_Brochure_EN.pdf\"><span class=\"fusion-button-text awb-button__text awb-button__text--default\">Descargar Brochure (PDF)<\/span><i class=\"fa-file-pdf far awb-button__icon awb-button__icon--default button-icon-right\" aria-hidden=\"true\"><\/i><\/a><\/div><div class=\"fusion-align-block\"><a class=\"fusion-button button-flat button-xlarge button-default fusion-button-default button-2 fusion-button-default-span \" style=\"width:calc(100%);\" target=\"_blank\" rel=\"noopener noreferrer\" title=\"Download Data Sheet\" aria-label=\"Download Data Sheet\" href=\"\/wp-content\/uploads\/2023\/10\/230120_datenblatt_9C_en_print.pdf\"><span class=\"fusion-button-text awb-button__text awb-button__text--default\">Descargar Ficha T\u00e9cnica (PDF)<\/span><i class=\"fa-file-pdf far awb-button__icon awb-button__icon--default button-icon-right\" aria-hidden=\"true\"><\/i><\/a><\/div><div class=\"fusion-sep-clear\"><\/div><div class=\"fusion-separator fusion-full-width-sep\" style=\"margin-left: auto;margin-right: auto;margin-top:20px;width:100%;\"><\/div><div class=\"fusion-sep-clear\"><\/div><div class=\"fusion-text fusion-text-1\"><p><strong>Maestro de la versatilidad:<\/strong> En las condiciones m\u00e1s desafiantes, donde sea que lleve a cabo su trabajo, PowerBully se siente como en casa. Nuestros veh\u00edculos todoterreno con capacidades de carga de 9,000 a 16,600 kg (19,900 a 36,600 lb) llevan personas, equipo y materiales de manera segura y confiable a cualquier lugar de trabajo.<\/p>\n<p><strong>Sin limitaciones:<\/strong> Gracias a su capacidad de conducci\u00f3n todoterreno, PowerBully domina terrenos irregulares, barro, pantanos y obst\u00e1culos con facilidad.<\/p>\n<p><strong>Seguro y c\u00f3modo:<\/strong> Grandes ventanas combinadas con un sistema de c\u00e1maras de 360\u00b0 y luces LED premium proporcionan al operador una visibilidad \u00f3ptima. La suspensi\u00f3n de la cabina y las grandes ruedas ofrecen un viaje suave en terrenos accidentados.<\/p>\n<ul>\n<li>Carga \u00fatil: 7,500 kg \/ 16,500 lb<\/li>\n<li>Capacidad ISO 6483 colmada: 5.0 m\u00b3 \/ 6.5 yd\u00b3<\/li>\n<li>Potencia a 2,000 rpm: 173 kW \/ 235 hp<\/li>\n<\/ul>\n<h2>PowerBully no conoce l\u00edmites<\/h2>\n<p>PowerBully domina terrenos irregulares, barro, pantanos y obst\u00e1culos con facilidad.<\/p>\n<p><strong>Bajo impacto:<\/strong> Debido al amplio contacto con el suelo de nuestras orugas de goma, PowerBully es su portador de orugas de baja presi\u00f3n en el suelo (PSI) que no perturba el terreno en el que est\u00e1 trabajando.<\/p>\n<p><strong>Maestro de la capacidad de pendiente<\/strong>: Con una capacidad de escalada del 60% cuesta arriba\/cuesta abajo y del 40% lateral, PowerBully trabaja de manera confiable y segura incluso en pendientes pronunciadas.<\/p>\n<p><strong>Le lleva a donde sea necesario:<\/strong> Con una profundidad de vadeo de 1,400 mm (51.2&#8243;), PowerBully domina \u00e1reas inundadas o pantanos sin esfuerzo.<\/p>\n<h2>El poder se convierte en eficiencia<\/h2>\n<p><strong>Motor:<\/strong> Un potente motor Cummins de 6 cilindros dota a los veh\u00edculos de potencia para su uso todoterreno.<\/p>\n<p><strong>Potencia:<\/strong> La transmisi\u00f3n hidrost\u00e1tica permite maniobras precisas en entornos desafiantes. La tracci\u00f3n trasera garantiza una alta fuerza de tracci\u00f3n y m\u00e1xima tracci\u00f3n.<\/p>\n<p><strong>Chasis:<\/strong> Las grandes ruedas y las amplias orugas se adaptan de manera \u00f3ptima al terreno y ofrecen estabilidad y un viaje suave.<\/p>\n<\/div><div class=\"fusion-clearfix\"><\/div><\/div><\/div><\/div><\/div>\n","protected":false},"excerpt":{"rendered":"","protected":false},"author":1,"featured_media":0,"parent":6618,"menu_order":1,"comment_status":"closed","ping_status":"closed","template":"side-navigation.php","meta":{"footnotes":""},"class_list":["post-14279","page","type-page","status-publish","hentry"],"yoast_head":"<!-- This site is optimized with the Yoast SEO plugin v26.2 - https:\/\/yoast.com\/wordpress\/plugins\/seo\/ -->\n<title>PowerBully\u00ae 9D - Telemet<\/title>\n<meta name=\"robots\" content=\"index, follow, max-snippet:-1, max-image-preview:large, max-video-preview:-1\" \/>\n<link rel=\"canonical\" href=\"https:\/\/telemet.com\/es\/powerbully\/powerbully-9d\/\" \/>\n<meta property=\"og:locale\" content=\"es_ES\" \/>\n<meta property=\"og:type\" content=\"article\" \/>\n<meta property=\"og:title\" content=\"PowerBully\u00ae 9D - Telemet\" \/>\n<meta property=\"og:url\" content=\"https:\/\/telemet.com\/es\/powerbully\/powerbully-9d\/\" \/>\n<meta property=\"og:site_name\" content=\"Telemet\" \/>\n<meta property=\"article:modified_time\" content=\"2023-10-27T04:09:12+00:00\" \/>\n<meta name=\"twitter:card\" content=\"summary_large_image\" \/>\n<meta name=\"twitter:label1\" content=\"Tiempo de lectura\" \/>\n\t<meta name=\"twitter:data1\" content=\"3 minutes\" \/>\n<script type=\"application\/ld+json\" class=\"yoast-schema-graph\">{\"@context\":\"https:\/\/schema.org\",\"@graph\":[{\"@type\":\"WebPage\",\"@id\":\"https:\/\/telemet.com\/es\/powerbully\/powerbully-9d\/\",\"url\":\"https:\/\/telemet.com\/es\/powerbully\/powerbully-9d\/\",\"name\":\"PowerBully\u00ae 9D - Telemet\",\"isPartOf\":{\"@id\":\"https:\/\/telemet.com\/es\/#website\"},\"datePublished\":\"2023-10-27T04:05:12+00:00\",\"dateModified\":\"2023-10-27T04:09:12+00:00\",\"breadcrumb\":{\"@id\":\"https:\/\/telemet.com\/es\/powerbully\/powerbully-9d\/#breadcrumb\"},\"inLanguage\":\"es-ES\",\"potentialAction\":[{\"@type\":\"ReadAction\",\"target\":[\"https:\/\/telemet.com\/es\/powerbully\/powerbully-9d\/\"]}]},{\"@type\":\"BreadcrumbList\",\"@id\":\"https:\/\/telemet.com\/es\/powerbully\/powerbully-9d\/#breadcrumb\",\"itemListElement\":[{\"@type\":\"ListItem\",\"position\":1,\"name\":\"Home\",\"item\":\"https:\/\/telemet.com\/es\/\"},{\"@type\":\"ListItem\",\"position\":2,\"name\":\"PowerBully\u00ae\",\"item\":\"https:\/\/telemet.com\/es\/powerbully\/\"},{\"@type\":\"ListItem\",\"position\":3,\"name\":\"PowerBully\u00ae 9D\"}]},{\"@type\":\"WebSite\",\"@id\":\"https:\/\/telemet.com\/es\/#website\",\"url\":\"https:\/\/telemet.com\/es\/\",\"name\":\"Telemet, Inc.\",\"description\":\"Efficiency through Simplicity\",\"potentialAction\":[{\"@type\":\"SearchAction\",\"target\":{\"@type\":\"EntryPoint\",\"urlTemplate\":\"https:\/\/telemet.com\/es\/?s={search_term_string}\"},\"query-input\":{\"@type\":\"PropertyValueSpecification\",\"valueRequired\":true,\"valueName\":\"search_term_string\"}}],\"inLanguage\":\"es-ES\"}]}<\/script>\n<!-- \/ Yoast SEO plugin. -->","yoast_head_json":{"title":"PowerBully\u00ae 9D - Telemet","robots":{"index":"index","follow":"follow","max-snippet":"max-snippet:-1","max-image-preview":"max-image-preview:large","max-video-preview":"max-video-preview:-1"},"canonical":"https:\/\/telemet.com\/es\/powerbully\/powerbully-9d\/","og_locale":"es_ES","og_type":"article","og_title":"PowerBully\u00ae 9D - Telemet","og_url":"https:\/\/telemet.com\/es\/powerbully\/powerbully-9d\/","og_site_name":"Telemet","article_modified_time":"2023-10-27T04:09:12+00:00","twitter_card":"summary_large_image","twitter_misc":{"Tiempo de lectura":"3 minutes"},"schema":{"@context":"https:\/\/schema.org","@graph":[{"@type":"WebPage","@id":"https:\/\/telemet.com\/es\/powerbully\/powerbully-9d\/","url":"https:\/\/telemet.com\/es\/powerbully\/powerbully-9d\/","name":"PowerBully\u00ae 9D - Telemet","isPartOf":{"@id":"https:\/\/telemet.com\/es\/#website"},"datePublished":"2023-10-27T04:05:12+00:00","dateModified":"2023-10-27T04:09:12+00:00","breadcrumb":{"@id":"https:\/\/telemet.com\/es\/powerbully\/powerbully-9d\/#breadcrumb"},"inLanguage":"es-ES","potentialAction":[{"@type":"ReadAction","target":["https:\/\/telemet.com\/es\/powerbully\/powerbully-9d\/"]}]},{"@type":"BreadcrumbList","@id":"https:\/\/telemet.com\/es\/powerbully\/powerbully-9d\/#breadcrumb","itemListElement":[{"@type":"ListItem","position":1,"name":"Home","item":"https:\/\/telemet.com\/es\/"},{"@type":"ListItem","position":2,"name":"PowerBully\u00ae","item":"https:\/\/telemet.com\/es\/powerbully\/"},{"@type":"ListItem","position":3,"name":"PowerBully\u00ae 9D"}]},{"@type":"WebSite","@id":"https:\/\/telemet.com\/es\/#website","url":"https:\/\/telemet.com\/es\/","name":"Telemet, Inc.","description":"Efficiency through Simplicity","potentialAction":[{"@type":"SearchAction","target":{"@type":"EntryPoint","urlTemplate":"https:\/\/telemet.com\/es\/?s={search_term_string}"},"query-input":{"@type":"PropertyValueSpecification","valueRequired":true,"valueName":"search_term_string"}}],"inLanguage":"es-ES"}]}},"_links":{"self":[{"href":"https:\/\/telemet.com\/es\/wp-json\/wp\/v2\/pages\/14279","targetHints":{"allow":["GET"]}}],"collection":[{"href":"https:\/\/telemet.com\/es\/wp-json\/wp\/v2\/pages"}],"about":[{"href":"https:\/\/telemet.com\/es\/wp-json\/wp\/v2\/types\/page"}],"author":[{"embeddable":true,"href":"https:\/\/telemet.com\/es\/wp-json\/wp\/v2\/users\/1"}],"replies":[{"embeddable":true,"href":"https:\/\/telemet.com\/es\/wp-json\/wp\/v2\/comments?post=14279"}],"version-history":[{"count":2,"href":"https:\/\/telemet.com\/es\/wp-json\/wp\/v2\/pages\/14279\/revisions"}],"predecessor-version":[{"id":14281,"href":"https:\/\/telemet.com\/es\/wp-json\/wp\/v2\/pages\/14279\/revisions\/14281"}],"up":[{"embeddable":true,"href":"https:\/\/telemet.com\/es\/wp-json\/wp\/v2\/pages\/6618"}],"wp:attachment":[{"href":"https:\/\/telemet.com\/es\/wp-json\/wp\/v2\/media?parent=14279"}],"curies":[{"name":"wp","href":"https:\/\/api.w.org\/{rel}","templated":true}]}}