{"id":14295,"date":"2023-10-27T04:13:21","date_gmt":"2023-10-27T04:13:21","guid":{"rendered":"https:\/\/telemet.com\/powerbully\/powerbully-12d\/"},"modified":"2023-10-27T04:16:35","modified_gmt":"2023-10-27T04:16:35","slug":"powerbully-12d","status":"publish","type":"page","link":"https:\/\/telemet.com\/es\/powerbully\/powerbully-12d\/","title":{"rendered":"PowerBully\u00ae 12D"},"content":{"rendered":"<div class=\"fusion-fullwidth fullwidth-box fusion-builder-row-1 nonhundred-percent-fullwidth non-hundred-percent-height-scrolling\" style=\"--awb-background-position:left top;--awb-border-sizes-top:0px;--awb-border-sizes-bottom:0px;--awb-border-sizes-left:0px;--awb-border-sizes-right:0px;--awb-border-radius-top-left:0px;--awb-border-radius-top-right:0px;--awb-border-radius-bottom-right:0px;--awb-border-radius-bottom-left:0px;--awb-padding-top:0px;--awb-padding-bottom:20px;--awb-flex-wrap:wrap;\" ><div class=\"fusion-builder-row fusion-row\"><div class=\"fusion-layout-column fusion_builder_column fusion-builder-column-0 fusion_builder_column_1_1 1_1 fusion-one-full fusion-column-first fusion-column-last fusion-column-no-min-height\" style=\"--awb-bg-size:cover;--awb-margin-top:0px;--awb-margin-bottom:0px;\"><div class=\"fusion-column-wrapper fusion-flex-column-wrapper-legacy\"><div class=\"fusion-slider-sc fusion-flexslider-loading flexslider flexslider-hover-type-none\" data-slideshow_autoplay=\"1\" data-slideshow_smooth_height=\"0\" data-slideshow_speed=\"7000\" style=\"max-width:100%;height:100%;\"><ul class=\"slides\"><li class=\"image\"><span class=\"fusion-image-hover-element hover-type-none\"><img decoding=\"async\" src=\"https:\/\/telemet.com\/wp-content\/uploads\/2023\/10\/PowerBully-12D_pantano.jpg\" width=\"1000\" height=\"642\" class=\"wp-image-14284\" srcset=\"https:\/\/telemet.com\/wp-content\/uploads\/2023\/10\/PowerBully-12D_pantano-200x128.jpg 200w, https:\/\/telemet.com\/wp-content\/uploads\/2023\/10\/PowerBully-12D_pantano-400x257.jpg 400w, https:\/\/telemet.com\/wp-content\/uploads\/2023\/10\/PowerBully-12D_pantano-600x385.jpg 600w, https:\/\/telemet.com\/wp-content\/uploads\/2023\/10\/PowerBully-12D_pantano-800x514.jpg 800w, https:\/\/telemet.com\/wp-content\/uploads\/2023\/10\/PowerBully-12D_pantano.jpg 1000w\" sizes=\"(max-width: 800px) 100vw, 1000px\" \/><\/span><\/li><li class=\"image\"><span class=\"fusion-image-hover-element hover-type-none\"><img decoding=\"async\" src=\"https:\/\/telemet.com\/wp-content\/uploads\/2023\/10\/PowerBully-12D-cargando-tierra.jpg\" width=\"1000\" height=\"643\" class=\"wp-image-14286\" srcset=\"https:\/\/telemet.com\/wp-content\/uploads\/2023\/10\/PowerBully-12D-cargando-tierra-200x129.jpg 200w, https:\/\/telemet.com\/wp-content\/uploads\/2023\/10\/PowerBully-12D-cargando-tierra-400x257.jpg 400w, https:\/\/telemet.com\/wp-content\/uploads\/2023\/10\/PowerBully-12D-cargando-tierra-600x386.jpg 600w, https:\/\/telemet.com\/wp-content\/uploads\/2023\/10\/PowerBully-12D-cargando-tierra-800x514.jpg 800w, https:\/\/telemet.com\/wp-content\/uploads\/2023\/10\/PowerBully-12D-cargando-tierra.jpg 1000w\" sizes=\"(max-width: 800px) 100vw, 1000px\" \/><\/span><\/li><li class=\"image\"><span class=\"fusion-image-hover-element hover-type-none\"><img decoding=\"async\" src=\"https:\/\/telemet.com\/wp-content\/uploads\/2023\/10\/PowerBully-Dumper-12D.jpg\" width=\"1000\" height=\"642\" class=\"wp-image-14288\" srcset=\"https:\/\/telemet.com\/wp-content\/uploads\/2023\/10\/PowerBully-Dumper-12D-200x128.jpg 200w, https:\/\/telemet.com\/wp-content\/uploads\/2023\/10\/PowerBully-Dumper-12D-400x257.jpg 400w, https:\/\/telemet.com\/wp-content\/uploads\/2023\/10\/PowerBully-Dumper-12D-600x385.jpg 600w, https:\/\/telemet.com\/wp-content\/uploads\/2023\/10\/PowerBully-Dumper-12D-800x514.jpg 800w, https:\/\/telemet.com\/wp-content\/uploads\/2023\/10\/PowerBully-Dumper-12D.jpg 1000w\" sizes=\"(max-width: 800px) 100vw, 1000px\" \/><\/span><\/li><li class=\"image\"><span class=\"fusion-image-hover-element hover-type-none\"><img decoding=\"async\" src=\"https:\/\/telemet.com\/wp-content\/uploads\/2023\/10\/PowerBully-Dumper-12D-cabin.jpg\" width=\"1000\" height=\"644\" class=\"wp-image-14290\" srcset=\"https:\/\/telemet.com\/wp-content\/uploads\/2023\/10\/PowerBully-Dumper-12D-cabin-200x129.jpg 200w, https:\/\/telemet.com\/wp-content\/uploads\/2023\/10\/PowerBully-Dumper-12D-cabin-400x258.jpg 400w, https:\/\/telemet.com\/wp-content\/uploads\/2023\/10\/PowerBully-Dumper-12D-cabin-600x386.jpg 600w, https:\/\/telemet.com\/wp-content\/uploads\/2023\/10\/PowerBully-Dumper-12D-cabin-800x515.jpg 800w, https:\/\/telemet.com\/wp-content\/uploads\/2023\/10\/PowerBully-Dumper-12D-cabin.jpg 1000w\" sizes=\"(max-width: 800px) 100vw, 1000px\" \/><\/span><\/li><li class=\"image\"><span class=\"fusion-image-hover-element hover-type-none\"><img decoding=\"async\" src=\"https:\/\/telemet.com\/wp-content\/uploads\/2023\/10\/PowerBully-Dumper-12D-rear.jpg\" width=\"1000\" height=\"643\" class=\"wp-image-14292\" srcset=\"https:\/\/telemet.com\/wp-content\/uploads\/2023\/10\/PowerBully-Dumper-12D-rear-200x129.jpg 200w, https:\/\/telemet.com\/wp-content\/uploads\/2023\/10\/PowerBully-Dumper-12D-rear-400x257.jpg 400w, https:\/\/telemet.com\/wp-content\/uploads\/2023\/10\/PowerBully-Dumper-12D-rear-600x386.jpg 600w, https:\/\/telemet.com\/wp-content\/uploads\/2023\/10\/PowerBully-Dumper-12D-rear-800x514.jpg 800w, https:\/\/telemet.com\/wp-content\/uploads\/2023\/10\/PowerBully-Dumper-12D-rear.jpg 1000w\" sizes=\"(max-width: 800px) 100vw, 1000px\" \/><\/span><\/li><\/ul><\/div><div class=\"fusion-align-block\"><a class=\"fusion-button button-flat button-xlarge button-default fusion-button-default button-1 fusion-button-default-span \" style=\"width:calc(100%);\" target=\"_blank\" rel=\"noopener noreferrer\" title=\"Download Brochure\" aria-label=\"Download Brochure\" href=\"\/wp-content\/uploads\/2023\/10\/230525_PowerBully_Brochure_EN.pdf\"><span class=\"fusion-button-text awb-button__text awb-button__text--default\">Descargar Brochure (PDF)<\/span><i class=\"fa-file-pdf far awb-button__icon awb-button__icon--default button-icon-right\" aria-hidden=\"true\"><\/i><\/a><\/div><div class=\"fusion-align-block\"><a class=\"fusion-button button-flat button-xlarge button-default fusion-button-default button-2 fusion-button-default-span \" style=\"width:calc(100%);\" target=\"_blank\" rel=\"noopener noreferrer\" title=\"Download Data Sheet\" aria-label=\"Download Data Sheet\" href=\"\/wp-content\/uploads\/2023\/10\/PowerBully12D_Datenblatt_EN.pdf\"><span class=\"fusion-button-text awb-button__text awb-button__text--default\">Descargar Ficha T\u00e9cnica (PDF)<\/span><i class=\"fa-file-pdf far awb-button__icon awb-button__icon--default button-icon-right\" aria-hidden=\"true\"><\/i><\/a><\/div><div class=\"fusion-sep-clear\"><\/div><div class=\"fusion-separator fusion-full-width-sep\" style=\"margin-left: auto;margin-right: auto;margin-top:20px;width:100%;\"><\/div><div class=\"fusion-sep-clear\"><\/div><div class=\"fusion-text fusion-text-1\"><p><strong>Transporte incre\u00edble:<\/strong> Las altas cargas \u00fatiles y los grandes vol\u00famenes de carga permiten transportar hasta 11.5 toneladas de tierra, material a granel u otros materiales.<\/p>\n<p><strong>Sin limitaciones:<\/strong> Gracias a su capacidad de conducci\u00f3n todoterreno, PowerBully domina terrenos irregulares, barro, pantanos y obst\u00e1culos con facilidad.<\/p>\n<p><strong>Seguro y c\u00f3modo:<\/strong> Grandes ventanas combinadas con un sistema de c\u00e1maras de 360\u00b0 y luces LED premium proporcionan al operador una visibilidad \u00f3ptima. La suspensi\u00f3n de la cabina y las ruedas grandes ofrecen un viaje suave en terrenos accidentados.<\/p>\n<ul>\n<li>Capacidad de carga: 11,500 kg \/ 25,400 lb<\/li>\n<li>Capacidad ISO 6483 colmada: 6.4 m\u00b3 \/ 8.4 yd\u00b3<\/li>\n<li>Potencia a 2,000 rpm: 209 kW \/ 285 hp<\/li>\n<\/ul>\n<h2>Powerbully no conoce l\u00edmites<\/h2>\n<p>PowerBully domina terrenos irregulares, barro, pantanos y obst\u00e1culos con facilidad.<\/p>\n<p><strong>Bajo impacto:<\/strong> Debido al amplio contacto con el suelo de nuestras orugas de goma, PowerBully es su portador de orugas de baja presi\u00f3n en el suelo (PSI) que no perturba el terreno en el que trabaja.<\/p>\n<p><strong>Maestro de la capacidad de pendiente:<\/strong> Con una capacidad de escalada del 60% cuesta arriba\/cuesta abajo y del 40% lateral, PowerBully trabaja de manera confiable y segura incluso en pendientes pronunciadas.<\/p>\n<p><strong>Te lleva a trav\u00e9s:<\/strong> Con una profundidad de vadeo de 1,400 mm (51.2&#8243;), PowerBully domina \u00e1reas inundadas o pantanos sin esfuerzo.<\/p>\n<h2>El poder se convierte en eficiencia<\/h2>\n<p><strong>Motor:<\/strong> Un potente motor Cummins de 6 cilindros dota de potencia a los veh\u00edculos para uso todoterreno.<\/p>\n<p><strong>Potencia:<\/strong> La transmisi\u00f3n hidrost\u00e1tica permite maniobras precisas en entornos desafiantes. La tracci\u00f3n trasera garantiza una alta fuerza de tracci\u00f3n y m\u00e1xima tracci\u00f3n.<\/p>\n<p><strong>Chasis:<\/strong> Las ruedas grandes y las amplias orugas se adaptan de manera \u00f3ptima al terreno y ofrecen estabilidad y un viaje suave.<\/p>\n<\/div><div class=\"fusion-clearfix\"><\/div><\/div><\/div><\/div><\/div>\n","protected":false},"excerpt":{"rendered":"","protected":false},"author":1,"featured_media":0,"parent":6618,"menu_order":2,"comment_status":"closed","ping_status":"closed","template":"side-navigation.php","meta":{"footnotes":""},"class_list":["post-14295","page","type-page","status-publish","hentry"],"yoast_head":"<!-- This site is optimized with the Yoast SEO plugin v26.2 - https:\/\/yoast.com\/wordpress\/plugins\/seo\/ -->\n<title>PowerBully\u00ae 12D - Telemet<\/title>\n<meta name=\"robots\" content=\"index, follow, max-snippet:-1, max-image-preview:large, max-video-preview:-1\" \/>\n<link rel=\"canonical\" href=\"https:\/\/telemet.com\/es\/powerbully\/powerbully-12d\/\" \/>\n<meta property=\"og:locale\" content=\"es_ES\" \/>\n<meta property=\"og:type\" content=\"article\" \/>\n<meta property=\"og:title\" content=\"PowerBully\u00ae 12D - Telemet\" \/>\n<meta property=\"og:url\" content=\"https:\/\/telemet.com\/es\/powerbully\/powerbully-12d\/\" \/>\n<meta property=\"og:site_name\" content=\"Telemet\" \/>\n<meta property=\"article:modified_time\" content=\"2023-10-27T04:16:35+00:00\" \/>\n<meta name=\"twitter:card\" content=\"summary_large_image\" \/>\n<meta name=\"twitter:label1\" content=\"Tiempo de lectura\" \/>\n\t<meta name=\"twitter:data1\" content=\"3 minutes\" \/>\n<script type=\"application\/ld+json\" class=\"yoast-schema-graph\">{\"@context\":\"https:\/\/schema.org\",\"@graph\":[{\"@type\":\"WebPage\",\"@id\":\"https:\/\/telemet.com\/es\/powerbully\/powerbully-12d\/\",\"url\":\"https:\/\/telemet.com\/es\/powerbully\/powerbully-12d\/\",\"name\":\"PowerBully\u00ae 12D - Telemet\",\"isPartOf\":{\"@id\":\"https:\/\/telemet.com\/es\/#website\"},\"datePublished\":\"2023-10-27T04:13:21+00:00\",\"dateModified\":\"2023-10-27T04:16:35+00:00\",\"breadcrumb\":{\"@id\":\"https:\/\/telemet.com\/es\/powerbully\/powerbully-12d\/#breadcrumb\"},\"inLanguage\":\"es-ES\",\"potentialAction\":[{\"@type\":\"ReadAction\",\"target\":[\"https:\/\/telemet.com\/es\/powerbully\/powerbully-12d\/\"]}]},{\"@type\":\"BreadcrumbList\",\"@id\":\"https:\/\/telemet.com\/es\/powerbully\/powerbully-12d\/#breadcrumb\",\"itemListElement\":[{\"@type\":\"ListItem\",\"position\":1,\"name\":\"Home\",\"item\":\"https:\/\/telemet.com\/es\/\"},{\"@type\":\"ListItem\",\"position\":2,\"name\":\"PowerBully\u00ae\",\"item\":\"https:\/\/telemet.com\/es\/powerbully\/\"},{\"@type\":\"ListItem\",\"position\":3,\"name\":\"PowerBully\u00ae 12D\"}]},{\"@type\":\"WebSite\",\"@id\":\"https:\/\/telemet.com\/es\/#website\",\"url\":\"https:\/\/telemet.com\/es\/\",\"name\":\"Telemet, Inc.\",\"description\":\"Efficiency through Simplicity\",\"potentialAction\":[{\"@type\":\"SearchAction\",\"target\":{\"@type\":\"EntryPoint\",\"urlTemplate\":\"https:\/\/telemet.com\/es\/?s={search_term_string}\"},\"query-input\":{\"@type\":\"PropertyValueSpecification\",\"valueRequired\":true,\"valueName\":\"search_term_string\"}}],\"inLanguage\":\"es-ES\"}]}<\/script>\n<!-- \/ Yoast SEO plugin. -->","yoast_head_json":{"title":"PowerBully\u00ae 12D - Telemet","robots":{"index":"index","follow":"follow","max-snippet":"max-snippet:-1","max-image-preview":"max-image-preview:large","max-video-preview":"max-video-preview:-1"},"canonical":"https:\/\/telemet.com\/es\/powerbully\/powerbully-12d\/","og_locale":"es_ES","og_type":"article","og_title":"PowerBully\u00ae 12D - Telemet","og_url":"https:\/\/telemet.com\/es\/powerbully\/powerbully-12d\/","og_site_name":"Telemet","article_modified_time":"2023-10-27T04:16:35+00:00","twitter_card":"summary_large_image","twitter_misc":{"Tiempo de lectura":"3 minutes"},"schema":{"@context":"https:\/\/schema.org","@graph":[{"@type":"WebPage","@id":"https:\/\/telemet.com\/es\/powerbully\/powerbully-12d\/","url":"https:\/\/telemet.com\/es\/powerbully\/powerbully-12d\/","name":"PowerBully\u00ae 12D - Telemet","isPartOf":{"@id":"https:\/\/telemet.com\/es\/#website"},"datePublished":"2023-10-27T04:13:21+00:00","dateModified":"2023-10-27T04:16:35+00:00","breadcrumb":{"@id":"https:\/\/telemet.com\/es\/powerbully\/powerbully-12d\/#breadcrumb"},"inLanguage":"es-ES","potentialAction":[{"@type":"ReadAction","target":["https:\/\/telemet.com\/es\/powerbully\/powerbully-12d\/"]}]},{"@type":"BreadcrumbList","@id":"https:\/\/telemet.com\/es\/powerbully\/powerbully-12d\/#breadcrumb","itemListElement":[{"@type":"ListItem","position":1,"name":"Home","item":"https:\/\/telemet.com\/es\/"},{"@type":"ListItem","position":2,"name":"PowerBully\u00ae","item":"https:\/\/telemet.com\/es\/powerbully\/"},{"@type":"ListItem","position":3,"name":"PowerBully\u00ae 12D"}]},{"@type":"WebSite","@id":"https:\/\/telemet.com\/es\/#website","url":"https:\/\/telemet.com\/es\/","name":"Telemet, Inc.","description":"Efficiency through Simplicity","potentialAction":[{"@type":"SearchAction","target":{"@type":"EntryPoint","urlTemplate":"https:\/\/telemet.com\/es\/?s={search_term_string}"},"query-input":{"@type":"PropertyValueSpecification","valueRequired":true,"valueName":"search_term_string"}}],"inLanguage":"es-ES"}]}},"_links":{"self":[{"href":"https:\/\/telemet.com\/es\/wp-json\/wp\/v2\/pages\/14295","targetHints":{"allow":["GET"]}}],"collection":[{"href":"https:\/\/telemet.com\/es\/wp-json\/wp\/v2\/pages"}],"about":[{"href":"https:\/\/telemet.com\/es\/wp-json\/wp\/v2\/types\/page"}],"author":[{"embeddable":true,"href":"https:\/\/telemet.com\/es\/wp-json\/wp\/v2\/users\/1"}],"replies":[{"embeddable":true,"href":"https:\/\/telemet.com\/es\/wp-json\/wp\/v2\/comments?post=14295"}],"version-history":[{"count":2,"href":"https:\/\/telemet.com\/es\/wp-json\/wp\/v2\/pages\/14295\/revisions"}],"predecessor-version":[{"id":14297,"href":"https:\/\/telemet.com\/es\/wp-json\/wp\/v2\/pages\/14295\/revisions\/14297"}],"up":[{"embeddable":true,"href":"https:\/\/telemet.com\/es\/wp-json\/wp\/v2\/pages\/6618"}],"wp:attachment":[{"href":"https:\/\/telemet.com\/es\/wp-json\/wp\/v2\/media?parent=14295"}],"curies":[{"name":"wp","href":"https:\/\/api.w.org\/{rel}","templated":true}]}}