{"id":6172,"date":"2016-03-26T20:26:57","date_gmt":"2016-03-26T20:26:57","guid":{"rendered":"http:\/\/telemet.com\/about-telemet\/?lang=es"},"modified":"2017-04-24T20:44:16","modified_gmt":"2017-04-24T20:44:16","slug":"acerca-de-telemet","status":"publish","type":"page","link":"https:\/\/telemet.com\/es\/acerca-de-telemet\/","title":{"rendered":"Acerca de TELEMET"},"content":{"rendered":"<p><div class=\"fusion-fullwidth fullwidth-box fusion-builder-row-1 nonhundred-percent-fullwidth non-hundred-percent-height-scrolling\" style=\"--awb-background-position:left top;--awb-border-radius-top-left:0px;--awb-border-radius-top-right:0px;--awb-border-radius-bottom-right:0px;--awb-border-radius-bottom-left:0px;--awb-padding-top:20px;--awb-padding-bottom:20px;--awb-border-sizes-top:0px;--awb-border-sizes-bottom:0px;--awb-flex-wrap:wrap;\" ><div class=\"fusion-builder-row fusion-row\"><div class=\"fusion-layout-column fusion_builder_column fusion-builder-column-0 fusion_builder_column_1_1 1_1 fusion-one-full fusion-column-first fusion-column-last fusion-column-no-min-height\" style=\"--awb-bg-size:cover;--awb-margin-top:0px;--awb-margin-bottom:0px;\"><div class=\"fusion-column-wrapper fusion-flex-column-wrapper-legacy\"><div class=\"fusion-text fusion-text-1\"><p>Desde su comienzo en 1988, Telemet se ha expandido hacia m\u00faltiples mercados. Junto con sus Compa\u00f1\u00edas asociadas en Chile y Uruguay, Telemet representa a proveedores l\u00edderes de servicios y productos de avanzada, evolucionando como el principal proveedor para un variado n\u00famero de industrias y agencias gubernamentales.<\/p>\n<p>En Telemet, un equipo de individuos muy dedicados est\u00e1 constantemente desafi\u00e1ndose a s\u00ed mismo para proveer el mejor servicio posible manteniendo siempre presente el principio de la compa\u00f1\u00eda.<\/p>\n<\/div><div class=\"fusion-sep-clear\"><\/div><div class=\"fusion-separator fusion-full-width-sep\" style=\"margin-left: auto;margin-right: auto;margin-top:20px;width:100%;\"><\/div><div class=\"fusion-sep-clear\"><\/div><div class=\"fusion-clearfix\"><\/div><\/div><\/div><div class=\"fusion-layout-column fusion_builder_column fusion-builder-column-1 fusion_builder_column_1_1 1_1 fusion-one-full fusion-column-first fusion-column-last fusion-column-no-min-height\" style=\"--awb-bg-size:cover;--awb-margin-top:0px;--awb-margin-bottom:0px;\"><div class=\"fusion-column-wrapper fusion-flex-column-wrapper-legacy\"><div class=\"fusion-title title fusion-title-1 fusion-sep-none fusion-title-center fusion-title-text fusion-title-size-two\"><h2 class=\"fusion-title-heading title-heading-center fusion-responsive-typography-calculated\" style=\"margin:0;--fontSize:40;line-height:1.2;\"><strong>Eficiencia a Trav\u00e9s de la Simplicidad<\/strong><\/h2><\/div><div class=\"fusion-sep-clear\"><\/div><div class=\"fusion-separator fusion-full-width-sep\" style=\"margin-left: auto;margin-right: auto;margin-top:20px;width:100%;\"><\/div><div class=\"fusion-sep-clear\"><\/div><div class=\"fusion-clearfix\"><\/div><\/div><\/div><div class=\"fusion-layout-column fusion_builder_column fusion-builder-column-2 fusion_builder_column_1_4 1_4 fusion-one-fourth fusion-column-first\" style=\"--awb-bg-size:cover;width:22%; margin-right: 4%;\"><div class=\"fusion-column-wrapper fusion-flex-column-wrapper-legacy\"><div class=\"fusion-column-content-centered\"><div class=\"fusion-column-content\"><div class=\"fusion-image-element fusion-image-align-center in-legacy-container\" style=\"text-align:center;--awb-bottom-shadow-color:rgba(255,255,255,0.4);--awb-caption-title-font-family:var(--h2_typography-font-family);--awb-caption-title-font-weight:var(--h2_typography-font-weight);--awb-caption-title-font-style:var(--h2_typography-font-style);--awb-caption-title-size:var(--h2_typography-font-size);--awb-caption-title-transform:var(--h2_typography-text-transform);--awb-caption-title-line-height:var(--h2_typography-line-height);--awb-caption-title-letter-spacing:var(--h2_typography-letter-spacing);\"><div class=\"imageframe-align-center\"><div class=\"awb-image-frame awb-image-frame-1 imageframe-liftup awb-bottomshadow\"><span class=\" fusion-imageframe imageframe-bottomshadow imageframe-1\" style=\"border:2px solid #ffffff;\"><a class=\"fusion-no-lightbox\" href=\"\/es\/meteorology\" target=\"_self\" aria-label=\"meteo-500\"><img decoding=\"async\" width=\"500\" height=\"350\" alt=\"Meteorology\" src=\"https:\/\/telemet.com\/wp-content\/uploads\/2016\/03\/meteo-500.jpg\" class=\"img-responsive wp-image-1473\" srcset=\"https:\/\/telemet.com\/wp-content\/uploads\/2016\/03\/meteo-500-300x210.jpg 300w, https:\/\/telemet.com\/wp-content\/uploads\/2016\/03\/meteo-500.jpg 500w\" sizes=\"(max-width: 500px) 100vw, 500px\" \/><\/a><\/span><svg xmlns=\"http:\/\/www.w3.org\/2000\/svg\" version=\"1.1\" width=\"100%\" viewBox=\"0 0 600 28\" preserveAspectRatio=\"none\"><g clip-path=\"url(#a)\"><mask id=\"b\" style=\"mask-type:luminance\" maskUnits=\"userSpaceOnUse\" x=\"0\" y=\"0\" width=\"600\" height=\"28\"><path d=\"M0 0h600v28H0V0Z\" fill=\"#fff\"\/><\/mask><g filter=\"url(#c)\" mask=\"url(#b)\"><path d=\"M16.439-18.667h567.123v30.8S438.961-8.4 300-8.4C161.04-8.4 16.438 12.133 16.438 12.133v-30.8Z\" fill=\"#000\"\/><\/g><\/g><defs><clipPath id=\"a\"><path fill=\"#fff\" d=\"M0 0h600v28H0z\"\/><\/clipPath><filter id=\"c\" x=\"5.438\" y=\"-29.667\" width=\"589.123\" height=\"52.8\" filterUnits=\"userSpaceOnUse\" color-interpolation-filters=\"sRGB\"><feFlood flood-opacity=\"0\" result=\"BackgroundImageFix\"\/><feBlend in=\"SourceGraphic\" in2=\"BackgroundImageFix\" result=\"shape\"\/><feGaussianBlur stdDeviation=\"5.5\" result=\"effect1_foregroundBlur_3983_183\"\/><\/filter><\/defs><\/svg><\/div><\/div><\/div><div class=\"fusion-title title fusion-title-2 fusion-sep-none fusion-title-center fusion-title-text fusion-title-size-three\"><h3 class=\"fusion-title-heading title-heading-center fusion-responsive-typography-calculated\" style=\"margin:0;--fontSize:32;line-height:1.25;\">Divisi\u00f3n Meteorolog\u00eda<\/h3><\/div><div class=\"fusion-text fusion-text-2\"><p>La Divisi\u00f3n <a class=\"liinternal\" href=\"\/?page_id=1657\">Meteorolog\u00eda<\/a> de Telemet, provee los servicios y productos de AccuWeather a compa\u00f1\u00edas dispersas a trav\u00e9s de todo el mundo. Nuestra cartera de clientes incluye medios de comunicaci\u00f3n, sitios de Internet, compa\u00f1\u00edas de utilidades y una extensa variedad de otras industrias. AccuWeather brinda servicios meteorol\u00f3gicos a m\u00e1s de 20,000 clientes alrededor del mundo y ofrece su informaci\u00f3n en un vasto espectro de formatos. La Divisi\u00f3n Meteorolog\u00eda de Telemet distribuye tambi\u00e9n de forma exclusiva los servicios de AccuWeather, para todos los centros de esqu\u00ed del mundo.<\/p>\n<\/div><\/div><\/div><div class=\"fusion-clearfix\"><\/div><\/div><\/div><div class=\"fusion-layout-column fusion_builder_column fusion-builder-column-3 fusion_builder_column_1_4 1_4 fusion-one-fourth\" style=\"--awb-bg-size:cover;width:22%; margin-right: 4%;\"><div class=\"fusion-column-wrapper fusion-flex-column-wrapper-legacy\"><div class=\"fusion-image-element fusion-image-align-center in-legacy-container\" style=\"text-align:center;--awb-bottom-shadow-color:rgba(255,255,255,0.4);--awb-caption-title-font-family:var(--h2_typography-font-family);--awb-caption-title-font-weight:var(--h2_typography-font-weight);--awb-caption-title-font-style:var(--h2_typography-font-style);--awb-caption-title-size:var(--h2_typography-font-size);--awb-caption-title-transform:var(--h2_typography-text-transform);--awb-caption-title-line-height:var(--h2_typography-line-height);--awb-caption-title-letter-spacing:var(--h2_typography-letter-spacing);\"><div class=\"imageframe-align-center\"><div class=\"awb-image-frame awb-image-frame-2 imageframe-liftup awb-bottomshadow\"><span class=\" fusion-imageframe imageframe-bottomshadow imageframe-2\" style=\"border:2px solid #ffffff;\"><a class=\"fusion-no-lightbox\" href=\"\/es\/snow-service\" target=\"_self\" aria-label=\"snow-500\"><img decoding=\"async\" width=\"500\" height=\"350\" alt=\"Snow Service\" src=\"https:\/\/telemet.com\/wp-content\/uploads\/2016\/03\/snow-500.jpg\" class=\"img-responsive wp-image-1474\" srcset=\"https:\/\/telemet.com\/wp-content\/uploads\/2016\/03\/snow-500-300x210.jpg 300w, https:\/\/telemet.com\/wp-content\/uploads\/2016\/03\/snow-500.jpg 500w\" sizes=\"(max-width: 500px) 100vw, 500px\" \/><\/a><\/span><svg xmlns=\"http:\/\/www.w3.org\/2000\/svg\" version=\"1.1\" width=\"100%\" viewBox=\"0 0 600 28\" preserveAspectRatio=\"none\"><g clip-path=\"url(#a)\"><mask id=\"b\" style=\"mask-type:luminance\" maskUnits=\"userSpaceOnUse\" x=\"0\" y=\"0\" width=\"600\" height=\"28\"><path d=\"M0 0h600v28H0V0Z\" fill=\"#fff\"\/><\/mask><g filter=\"url(#c)\" mask=\"url(#b)\"><path d=\"M16.439-18.667h567.123v30.8S438.961-8.4 300-8.4C161.04-8.4 16.438 12.133 16.438 12.133v-30.8Z\" fill=\"#000\"\/><\/g><\/g><defs><clipPath id=\"a\"><path fill=\"#fff\" d=\"M0 0h600v28H0z\"\/><\/clipPath><filter id=\"c\" x=\"5.438\" y=\"-29.667\" width=\"589.123\" height=\"52.8\" filterUnits=\"userSpaceOnUse\" color-interpolation-filters=\"sRGB\"><feFlood flood-opacity=\"0\" result=\"BackgroundImageFix\"\/><feBlend in=\"SourceGraphic\" in2=\"BackgroundImageFix\" result=\"shape\"\/><feGaussianBlur stdDeviation=\"5.5\" result=\"effect1_foregroundBlur_3983_183\"\/><\/filter><\/defs><\/svg><\/div><\/div><\/div><div class=\"fusion-title title fusion-title-3 fusion-sep-none fusion-title-center fusion-title-text fusion-title-size-three\"><h3 class=\"fusion-title-heading title-heading-center fusion-responsive-typography-calculated\" style=\"margin:0;--fontSize:32;line-height:1.25;\">Divisi\u00f3n Nieve<\/h3><\/div><div class=\"fusion-text fusion-text-3\"><p>La Divisi\u00f3n <a class=\"liinternal\" href=\"\/?page_id=1667\">Nieve<\/a> de Telemet, junto con sus compa\u00f1\u00edas l\u00edderes asociadas, ha estado proveyendo servicios de consultor\u00eda a diferentes \u00e1reas de esqu\u00ed de Am\u00e9rica del Sur desde 1989 y ha obtenido una destacada reputaci\u00f3n en la industria. Todos los aspectos concernientes a la fabricaci\u00f3n de nieve, preparado de pistas y operaci\u00f3n de las \u00e1reas de esqu\u00ed son factores que se encuentran dentro de los conocimientos de dicha divisi\u00f3n. La misma ofrece servicios de consultor\u00eda, ingenier\u00eda, servicios financieros y de planeamiento, junto con los mejores productos disponibles en el mercado, ideados para satisfacer las necesidades particulares de cada cliente.<\/p>\n<\/div><div class=\"fusion-clearfix\"><\/div><\/div><\/div><div class=\"fusion-layout-column fusion_builder_column fusion-builder-column-4 fusion_builder_column_1_4 1_4 fusion-one-fourth\" style=\"--awb-bg-size:cover;width:22%; margin-right: 4%;\"><div class=\"fusion-column-wrapper fusion-flex-column-wrapper-legacy\"><div class=\"fusion-image-element fusion-image-align-center in-legacy-container\" style=\"text-align:center;--awb-bottom-shadow-color:rgba(255,255,255,0.4);--awb-caption-title-font-family:var(--h2_typography-font-family);--awb-caption-title-font-weight:var(--h2_typography-font-weight);--awb-caption-title-font-style:var(--h2_typography-font-style);--awb-caption-title-size:var(--h2_typography-font-size);--awb-caption-title-transform:var(--h2_typography-text-transform);--awb-caption-title-line-height:var(--h2_typography-line-height);--awb-caption-title-letter-spacing:var(--h2_typography-letter-spacing);\"><div class=\"imageframe-align-center\"><div class=\"awb-image-frame awb-image-frame-3 imageframe-liftup awb-bottomshadow\"><span class=\" fusion-imageframe imageframe-bottomshadow imageframe-3\" style=\"border:2px solid #ffffff;\"><a class=\"fusion-no-lightbox\" href=\"\/es\/environment\" target=\"_self\" aria-label=\"enviro-500\"><img decoding=\"async\" width=\"500\" height=\"350\" alt=\"Environment\" src=\"https:\/\/telemet.com\/wp-content\/uploads\/2016\/03\/enviro-500.jpg\" class=\"img-responsive wp-image-1472\" srcset=\"https:\/\/telemet.com\/wp-content\/uploads\/2016\/03\/enviro-500-300x210.jpg 300w, https:\/\/telemet.com\/wp-content\/uploads\/2016\/03\/enviro-500.jpg 500w\" sizes=\"(max-width: 500px) 100vw, 500px\" \/><\/a><\/span><svg xmlns=\"http:\/\/www.w3.org\/2000\/svg\" version=\"1.1\" width=\"100%\" viewBox=\"0 0 600 28\" preserveAspectRatio=\"none\"><g clip-path=\"url(#a)\"><mask id=\"b\" style=\"mask-type:luminance\" maskUnits=\"userSpaceOnUse\" x=\"0\" y=\"0\" width=\"600\" height=\"28\"><path d=\"M0 0h600v28H0V0Z\" fill=\"#fff\"\/><\/mask><g filter=\"url(#c)\" mask=\"url(#b)\"><path d=\"M16.439-18.667h567.123v30.8S438.961-8.4 300-8.4C161.04-8.4 16.438 12.133 16.438 12.133v-30.8Z\" fill=\"#000\"\/><\/g><\/g><defs><clipPath id=\"a\"><path fill=\"#fff\" d=\"M0 0h600v28H0z\"\/><\/clipPath><filter id=\"c\" x=\"5.438\" y=\"-29.667\" width=\"589.123\" height=\"52.8\" filterUnits=\"userSpaceOnUse\" color-interpolation-filters=\"sRGB\"><feFlood flood-opacity=\"0\" result=\"BackgroundImageFix\"\/><feBlend in=\"SourceGraphic\" in2=\"BackgroundImageFix\" result=\"shape\"\/><feGaussianBlur stdDeviation=\"5.5\" result=\"effect1_foregroundBlur_3983_183\"\/><\/filter><\/defs><\/svg><\/div><\/div><\/div><div class=\"fusion-title title fusion-title-4 fusion-sep-none fusion-title-center fusion-title-text fusion-title-size-three\"><h3 class=\"fusion-title-heading title-heading-center fusion-responsive-typography-calculated\" style=\"margin:0;--fontSize:32;line-height:1.25;\">Divisi\u00f3n de Medio Ambiente<\/h3><\/div><div class=\"fusion-text fusion-text-4\"><p>La Divisi\u00f3n de\u00a0<a class=\"liinternal\" href=\"\/?page_id=1766\">Medio Ambiente<\/a>\u00a0proporciona equipamiento para el tratado de aguas residuales en operaciones mineras del mercado sudamericano, as\u00ed como tambi\u00e9n una completa l\u00ednea de unidades para la limpieza de playas en el Cono Sur.<\/p>\n<\/div><div class=\"fusion-clearfix\"><\/div><\/div><\/div><div class=\"fusion-layout-column fusion_builder_column fusion-builder-column-5 fusion_builder_column_1_4 1_4 fusion-one-fourth fusion-column-last\" style=\"--awb-bg-size:cover;width:22%;\"><div class=\"fusion-column-wrapper fusion-flex-column-wrapper-legacy\"><div class=\"fusion-image-element fusion-image-align-center in-legacy-container\" style=\"text-align:center;--awb-bottom-shadow-color:rgba(255,255,255,0.4);--awb-caption-title-font-family:var(--h2_typography-font-family);--awb-caption-title-font-weight:var(--h2_typography-font-weight);--awb-caption-title-font-style:var(--h2_typography-font-style);--awb-caption-title-size:var(--h2_typography-font-size);--awb-caption-title-transform:var(--h2_typography-text-transform);--awb-caption-title-line-height:var(--h2_typography-line-height);--awb-caption-title-letter-spacing:var(--h2_typography-letter-spacing);\"><div class=\"imageframe-align-center\"><div class=\"awb-image-frame awb-image-frame-4 imageframe-liftup awb-bottomshadow\"><span class=\" fusion-imageframe imageframe-bottomshadow imageframe-4\" style=\"border:2px solid #ffffff;\"><a class=\"fusion-no-lightbox\" href=\"\/es\/multipurpose-vehicles\" target=\"_self\" aria-label=\"multipurpose-home\"><img decoding=\"async\" width=\"500\" height=\"350\" alt=\"Multipurpose Vehicles\" src=\"https:\/\/telemet.com\/wp-content\/uploads\/2016\/03\/multipurpose-home.jpg\" class=\"img-responsive wp-image-2054\" srcset=\"https:\/\/telemet.com\/wp-content\/uploads\/2016\/03\/multipurpose-home-200x140.jpg 200w, https:\/\/telemet.com\/wp-content\/uploads\/2016\/03\/multipurpose-home-400x280.jpg 400w, https:\/\/telemet.com\/wp-content\/uploads\/2016\/03\/multipurpose-home.jpg 500w\" sizes=\"(max-width: 800px) 100vw, 400px\" \/><\/a><\/span><svg xmlns=\"http:\/\/www.w3.org\/2000\/svg\" version=\"1.1\" width=\"100%\" viewBox=\"0 0 600 28\" preserveAspectRatio=\"none\"><g clip-path=\"url(#a)\"><mask id=\"b\" style=\"mask-type:luminance\" maskUnits=\"userSpaceOnUse\" x=\"0\" y=\"0\" width=\"600\" height=\"28\"><path d=\"M0 0h600v28H0V0Z\" fill=\"#fff\"\/><\/mask><g filter=\"url(#c)\" mask=\"url(#b)\"><path d=\"M16.439-18.667h567.123v30.8S438.961-8.4 300-8.4C161.04-8.4 16.438 12.133 16.438 12.133v-30.8Z\" fill=\"#000\"\/><\/g><\/g><defs><clipPath id=\"a\"><path fill=\"#fff\" d=\"M0 0h600v28H0z\"\/><\/clipPath><filter id=\"c\" x=\"5.438\" y=\"-29.667\" width=\"589.123\" height=\"52.8\" filterUnits=\"userSpaceOnUse\" color-interpolation-filters=\"sRGB\"><feFlood flood-opacity=\"0\" result=\"BackgroundImageFix\"\/><feBlend in=\"SourceGraphic\" in2=\"BackgroundImageFix\" result=\"shape\"\/><feGaussianBlur stdDeviation=\"5.5\" result=\"effect1_foregroundBlur_3983_183\"\/><\/filter><\/defs><\/svg><\/div><\/div><\/div><div class=\"fusion-title title fusion-title-5 fusion-sep-none fusion-title-center fusion-title-text fusion-title-size-three\"><h3 class=\"fusion-title-heading title-heading-center fusion-responsive-typography-calculated\" style=\"margin:0;--fontSize:32;line-height:1.25;\">Veh\u00edculos multiprop\u00f3sito<\/h3><\/div><div class=\"fusion-text fusion-text-5\"><p>Este sector se encarga de proporcionar <a href=\"\/?page_id=1764\">equipos especializados<\/a> para diversas actividades, como los veh\u00edculos todo terreno GreenTech para localidades exigentes y condiciones extremas, los Aebi Terratrac (con accesorios delanteros o traseros) para terrenos inclinados, los transportadores PowerBully que ofrecen transportadores sobre orugas de baja presi\u00f3n sobre el suelo y una alta capacidad de carga hasta la base m\u00f3vil perfecta para m\u00faltiples accesorios. Desde unidades ASH tales como el reparador de baches de caminos que posibilitan una forma altamente eficiente de reparar baches, hasta el Santera 3000 cortador y soplador, especialmente dise\u00f1ado para tareas de eliminaci\u00f3n de arena. Equipos \u00fanicos para cuando importa.<\/p>\n<\/div><div class=\"fusion-clearfix\"><\/div><\/div><\/div><\/div><\/div><div class=\"fusion-fullwidth fullwidth-box fusion-builder-row-2 nonhundred-percent-fullwidth non-hundred-percent-height-scrolling\" style=\"--awb-background-position:left top;--awb-border-radius-top-left:0px;--awb-border-radius-top-right:0px;--awb-border-radius-bottom-right:0px;--awb-border-radius-bottom-left:0px;--awb-padding-top:20px;--awb-padding-bottom:20px;--awb-background-color:#48b8e7;--awb-border-sizes-top:0px;--awb-border-sizes-bottom:0px;--awb-flex-wrap:wrap;\" ><div class=\"fusion-builder-row fusion-row\"><div class=\"fusion-layout-column fusion_builder_column fusion-builder-column-6 fusion_builder_column_1_2 1_2 fusion-one-half fusion-column-first\" style=\"--awb-bg-size:cover;width:48%; margin-right: 4%;\"><div class=\"fusion-column-wrapper fusion-flex-column-wrapper-legacy\"><div class=\"fusion-slider-sc fusion-flexslider-loading flexslider flexslider-hover-type-zoomout\" data-slideshow_autoplay=\"1\" data-slideshow_smooth_height=\"0\" data-slideshow_speed=\"7000\" style=\"max-width:100%;height:100%;\"><ul class=\"slides\"><li class=\"image\"><span class=\"fusion-image-hover-element hover-type-zoomout\"><img decoding=\"async\" src=\"https:\/\/telemet.com\/wp-content\/uploads\/2016\/03\/telemet-chile-about.jpg\" width=\"956\" height=\"580\" \/><\/span><\/li><li class=\"image\"><span class=\"fusion-image-hover-element hover-type-zoomout\"><img decoding=\"async\" src=\"https:\/\/telemet.com\/wp-content\/uploads\/2016\/03\/telemet-chile-about-2.jpg\" width=\"956\" height=\"580\" \/><\/span><\/li><\/ul><\/div><div class=\"fusion-clearfix\"><\/div><\/div><\/div><div class=\"fusion-layout-column fusion_builder_column fusion-builder-column-7 fusion_builder_column_1_2 1_2 fusion-one-half fusion-column-last\" style=\"--awb-bg-size:cover;width:48%;\"><div class=\"fusion-column-wrapper fusion-flex-column-wrapper-legacy\"><div class=\"fusion-title title fusion-title-6 fusion-sep-none fusion-title-text fusion-title-size-three\"><h3 class=\"fusion-title-heading title-heading-left fusion-responsive-typography-calculated\" style=\"margin:0;--fontSize:32;line-height:1.25;\"><span style=\"color: #ffffff;\">Telemet Sudam\u00e9rica S.A.<\/span><\/h3><\/div><div class=\"fusion-text fusion-text-6\"><h5><span style=\"color: #ffffff;\">La Divisi\u00f3n Nieve est\u00e1 comprometida en proveer a sus clientes y al total de la industria con la mejor informaci\u00f3n, herramientas y recursos disponibles para permitirles a \u00e9stos, prepararse para su futuro desarrollo. Nuestra compa\u00f1\u00eda asociada, Telemet Sudamerica S.A. de Santiago, Chile, contribuye y apoya nuestras operaciones en la regi\u00f3n del Cono Sur con personal altamente capacitado y de extenso conocimiento local. Esta operaci\u00f3n est\u00e1 conducida por el Sr. Cristi\u00e1n Elgueta, quien ha estado asociado a Telemet desde 1991.<\/span><\/h5>\n<\/div><div class=\"fusion-clearfix\"><\/div><\/div><\/div><\/div><\/div><\/p>\n","protected":false},"excerpt":{"rendered":"","protected":false},"author":1,"featured_media":0,"parent":0,"menu_order":39,"comment_status":"closed","ping_status":"closed","template":"100-width.php","meta":{"footnotes":""},"class_list":["post-6172","page","type-page","status-publish","hentry"],"yoast_head":"<!-- This site is optimized with the Yoast SEO plugin v26.2 - https:\/\/yoast.com\/wordpress\/plugins\/seo\/ -->\n<title>Acerca de TELEMET - Telemet<\/title>\n<meta name=\"robots\" content=\"index, follow, max-snippet:-1, max-image-preview:large, max-video-preview:-1\" \/>\n<link rel=\"canonical\" href=\"https:\/\/telemet.com\/es\/acerca-de-telemet\/\" \/>\n<meta property=\"og:locale\" content=\"es_ES\" \/>\n<meta property=\"og:type\" content=\"article\" \/>\n<meta property=\"og:title\" content=\"Acerca de TELEMET - Telemet\" \/>\n<meta property=\"og:url\" content=\"https:\/\/telemet.com\/es\/acerca-de-telemet\/\" \/>\n<meta property=\"og:site_name\" content=\"Telemet\" \/>\n<meta property=\"article:modified_time\" content=\"2017-04-24T20:44:16+00:00\" \/>\n<meta property=\"og:image\" content=\"https:\/\/telemet.com\/wp-content\/uploads\/2016\/03\/meteo-500.jpg\" \/>\n<meta name=\"twitter:card\" content=\"summary_large_image\" \/>\n<meta name=\"twitter:label1\" content=\"Tiempo de lectura\" \/>\n\t<meta name=\"twitter:data1\" content=\"8 minutes\" \/>\n<script type=\"application\/ld+json\" class=\"yoast-schema-graph\">{\"@context\":\"https:\/\/schema.org\",\"@graph\":[{\"@type\":\"WebPage\",\"@id\":\"https:\/\/telemet.com\/es\/acerca-de-telemet\/\",\"url\":\"https:\/\/telemet.com\/es\/acerca-de-telemet\/\",\"name\":\"Acerca de TELEMET - Telemet\",\"isPartOf\":{\"@id\":\"https:\/\/telemet.com\/es\/#website\"},\"primaryImageOfPage\":{\"@id\":\"https:\/\/telemet.com\/es\/acerca-de-telemet\/#primaryimage\"},\"image\":{\"@id\":\"https:\/\/telemet.com\/es\/acerca-de-telemet\/#primaryimage\"},\"thumbnailUrl\":\"https:\/\/telemet.com\/wp-content\/uploads\/2016\/03\/meteo-500.jpg\",\"datePublished\":\"2016-03-26T20:26:57+00:00\",\"dateModified\":\"2017-04-24T20:44:16+00:00\",\"breadcrumb\":{\"@id\":\"https:\/\/telemet.com\/es\/acerca-de-telemet\/#breadcrumb\"},\"inLanguage\":\"es-ES\",\"potentialAction\":[{\"@type\":\"ReadAction\",\"target\":[\"https:\/\/telemet.com\/es\/acerca-de-telemet\/\"]}]},{\"@type\":\"ImageObject\",\"inLanguage\":\"es-ES\",\"@id\":\"https:\/\/telemet.com\/es\/acerca-de-telemet\/#primaryimage\",\"url\":\"https:\/\/telemet.com\/wp-content\/uploads\/2016\/03\/meteo-500.jpg\",\"contentUrl\":\"https:\/\/telemet.com\/wp-content\/uploads\/2016\/03\/meteo-500.jpg\"},{\"@type\":\"BreadcrumbList\",\"@id\":\"https:\/\/telemet.com\/es\/acerca-de-telemet\/#breadcrumb\",\"itemListElement\":[{\"@type\":\"ListItem\",\"position\":1,\"name\":\"Home\",\"item\":\"https:\/\/telemet.com\/es\/\"},{\"@type\":\"ListItem\",\"position\":2,\"name\":\"Acerca de TELEMET\"}]},{\"@type\":\"WebSite\",\"@id\":\"https:\/\/telemet.com\/es\/#website\",\"url\":\"https:\/\/telemet.com\/es\/\",\"name\":\"Telemet, Inc.\",\"description\":\"Efficiency through Simplicity\",\"potentialAction\":[{\"@type\":\"SearchAction\",\"target\":{\"@type\":\"EntryPoint\",\"urlTemplate\":\"https:\/\/telemet.com\/es\/?s={search_term_string}\"},\"query-input\":{\"@type\":\"PropertyValueSpecification\",\"valueRequired\":true,\"valueName\":\"search_term_string\"}}],\"inLanguage\":\"es-ES\"}]}<\/script>\n<!-- \/ Yoast SEO plugin. -->","yoast_head_json":{"title":"Acerca de TELEMET - Telemet","robots":{"index":"index","follow":"follow","max-snippet":"max-snippet:-1","max-image-preview":"max-image-preview:large","max-video-preview":"max-video-preview:-1"},"canonical":"https:\/\/telemet.com\/es\/acerca-de-telemet\/","og_locale":"es_ES","og_type":"article","og_title":"Acerca de TELEMET - Telemet","og_url":"https:\/\/telemet.com\/es\/acerca-de-telemet\/","og_site_name":"Telemet","article_modified_time":"2017-04-24T20:44:16+00:00","og_image":[{"url":"https:\/\/telemet.com\/wp-content\/uploads\/2016\/03\/meteo-500.jpg","type":"","width":"","height":""}],"twitter_card":"summary_large_image","twitter_misc":{"Tiempo de lectura":"8 minutes"},"schema":{"@context":"https:\/\/schema.org","@graph":[{"@type":"WebPage","@id":"https:\/\/telemet.com\/es\/acerca-de-telemet\/","url":"https:\/\/telemet.com\/es\/acerca-de-telemet\/","name":"Acerca de TELEMET - Telemet","isPartOf":{"@id":"https:\/\/telemet.com\/es\/#website"},"primaryImageOfPage":{"@id":"https:\/\/telemet.com\/es\/acerca-de-telemet\/#primaryimage"},"image":{"@id":"https:\/\/telemet.com\/es\/acerca-de-telemet\/#primaryimage"},"thumbnailUrl":"https:\/\/telemet.com\/wp-content\/uploads\/2016\/03\/meteo-500.jpg","datePublished":"2016-03-26T20:26:57+00:00","dateModified":"2017-04-24T20:44:16+00:00","breadcrumb":{"@id":"https:\/\/telemet.com\/es\/acerca-de-telemet\/#breadcrumb"},"inLanguage":"es-ES","potentialAction":[{"@type":"ReadAction","target":["https:\/\/telemet.com\/es\/acerca-de-telemet\/"]}]},{"@type":"ImageObject","inLanguage":"es-ES","@id":"https:\/\/telemet.com\/es\/acerca-de-telemet\/#primaryimage","url":"https:\/\/telemet.com\/wp-content\/uploads\/2016\/03\/meteo-500.jpg","contentUrl":"https:\/\/telemet.com\/wp-content\/uploads\/2016\/03\/meteo-500.jpg"},{"@type":"BreadcrumbList","@id":"https:\/\/telemet.com\/es\/acerca-de-telemet\/#breadcrumb","itemListElement":[{"@type":"ListItem","position":1,"name":"Home","item":"https:\/\/telemet.com\/es\/"},{"@type":"ListItem","position":2,"name":"Acerca de TELEMET"}]},{"@type":"WebSite","@id":"https:\/\/telemet.com\/es\/#website","url":"https:\/\/telemet.com\/es\/","name":"Telemet, Inc.","description":"Efficiency through Simplicity","potentialAction":[{"@type":"SearchAction","target":{"@type":"EntryPoint","urlTemplate":"https:\/\/telemet.com\/es\/?s={search_term_string}"},"query-input":{"@type":"PropertyValueSpecification","valueRequired":true,"valueName":"search_term_string"}}],"inLanguage":"es-ES"}]}},"_links":{"self":[{"href":"https:\/\/telemet.com\/es\/wp-json\/wp\/v2\/pages\/6172","targetHints":{"allow":["GET"]}}],"collection":[{"href":"https:\/\/telemet.com\/es\/wp-json\/wp\/v2\/pages"}],"about":[{"href":"https:\/\/telemet.com\/es\/wp-json\/wp\/v2\/types\/page"}],"author":[{"embeddable":true,"href":"https:\/\/telemet.com\/es\/wp-json\/wp\/v2\/users\/1"}],"replies":[{"embeddable":true,"href":"https:\/\/telemet.com\/es\/wp-json\/wp\/v2\/comments?post=6172"}],"version-history":[{"count":5,"href":"https:\/\/telemet.com\/es\/wp-json\/wp\/v2\/pages\/6172\/revisions"}],"predecessor-version":[{"id":8587,"href":"https:\/\/telemet.com\/es\/wp-json\/wp\/v2\/pages\/6172\/revisions\/8587"}],"wp:attachment":[{"href":"https:\/\/telemet.com\/es\/wp-json\/wp\/v2\/media?parent=6172"}],"curies":[{"name":"wp","href":"https:\/\/api.w.org\/{rel}","templated":true}]}}