{"id":6201,"date":"2016-08-18T20:09:54","date_gmt":"2016-08-18T20:09:54","guid":{"rendered":"http:\/\/telemet.com\/pistenbully-100-4f\/?lang=es"},"modified":"2017-04-24T20:43:50","modified_gmt":"2017-04-24T20:43:50","slug":"pistenbully-100-4f","status":"publish","type":"page","link":"https:\/\/telemet.com\/es\/pistenbully\/pistenbully-100-4f\/","title":{"rendered":"PistenBully\u00ae 100 4F"},"content":{"rendered":"<div class=\"fusion-fullwidth fullwidth-box fusion-builder-row-1 nonhundred-percent-fullwidth non-hundred-percent-height-scrolling\" style=\"--awb-background-position:left top;--awb-border-radius-top-left:0px;--awb-border-radius-top-right:0px;--awb-border-radius-bottom-right:0px;--awb-border-radius-bottom-left:0px;--awb-padding-top:20px;--awb-padding-bottom:20px;--awb-border-sizes-top:0px;--awb-border-sizes-bottom:0px;--awb-flex-wrap:wrap;\" ><div class=\"fusion-builder-row fusion-row\"><div class=\"fusion-layout-column fusion_builder_column fusion-builder-column-0 fusion_builder_column_1_1 1_1 fusion-one-full fusion-column-first fusion-column-last fusion-column-no-min-height\" style=\"--awb-bg-size:cover;--awb-margin-top:0px;--awb-margin-bottom:0px;\"><div class=\"fusion-column-wrapper fusion-flex-column-wrapper-legacy\"><div class=\"fusion-image-element fusion-image-align-right in-legacy-container\" style=\"text-align:right;--awb-caption-title-font-family:var(--h2_typography-font-family);--awb-caption-title-font-weight:var(--h2_typography-font-weight);--awb-caption-title-font-style:var(--h2_typography-font-style);--awb-caption-title-size:var(--h2_typography-font-size);--awb-caption-title-transform:var(--h2_typography-text-transform);--awb-caption-title-line-height:var(--h2_typography-line-height);--awb-caption-title-letter-spacing:var(--h2_typography-letter-spacing);\"><span class=\" fusion-imageframe imageframe-none imageframe-1 hover-type-none\" style=\"margin-left:25px;float:right;\"><img decoding=\"async\" width=\"900\" height=\"596\" title=\"pisten_100_4F_\" src=\"https:\/\/telemet.com\/wp-content\/uploads\/2016\/08\/pisten_100_4F_.jpg\" alt class=\"img-responsive wp-image-5829\" srcset=\"https:\/\/telemet.com\/wp-content\/uploads\/2016\/08\/pisten_100_4F_-200x132.jpg 200w, https:\/\/telemet.com\/wp-content\/uploads\/2016\/08\/pisten_100_4F_-400x265.jpg 400w, https:\/\/telemet.com\/wp-content\/uploads\/2016\/08\/pisten_100_4F_-600x397.jpg 600w, https:\/\/telemet.com\/wp-content\/uploads\/2016\/08\/pisten_100_4F_-800x530.jpg 800w, https:\/\/telemet.com\/wp-content\/uploads\/2016\/08\/pisten_100_4F_.jpg 900w\" sizes=\"(max-width: 800px) 100vw, 900px\" \/><\/span><\/div><div class=\"fusion-sep-clear\"><\/div><div class=\"fusion-separator fusion-full-width-sep\" style=\"margin-left: auto;margin-right: auto;margin-top:20px;width:100%;\"><\/div><div class=\"fusion-sep-clear\"><\/div><div class=\"fusion-align-block\"><a class=\"fusion-button button-flat button-xlarge button-default fusion-button-default button-1 fusion-button-span-yes \" target=\"_blank\" rel=\"noopener noreferrer\" href=\"\/wp-content\/uploads\/2016\/08\/08871_100_4F_en_v04_web.pdf\"><i class=\" fa fa-file-pdf-o awb-button__icon awb-button__icon--default button-icon-left\" aria-hidden=\"true\"><\/i><span class=\"fusion-button-text awb-button__text awb-button__text--default\">Descargar Folleto (PDF)<\/span><\/a><\/div><div class=\"fusion-sep-clear\"><\/div><div class=\"fusion-separator fusion-full-width-sep\" style=\"margin-left: auto;margin-right: auto;margin-top:20px;width:100%;\"><\/div><div class=\"fusion-sep-clear\"><\/div><div class=\"fusion-align-block\"><a class=\"fusion-button button-flat button-xlarge button-default fusion-button-default button-2 fusion-button-span-yes \" target=\"_blank\" rel=\"noopener noreferrer\" href=\"\/wp-content\/uploads\/2016\/08\/technische-daten-100-4f-en.pdf\"><i class=\" fa fa-file-pdf-o awb-button__icon awb-button__icon--default button-icon-left\" aria-hidden=\"true\"><\/i><span class=\"fusion-button-text awb-button__text awb-button__text--default\">Descargar Ficha T\u00e9cnica (PDF)<\/span><\/a><\/div><div class=\"fusion-sep-clear\"><\/div><div class=\"fusion-separator fusion-full-width-sep\" style=\"margin-left: auto;margin-right: auto;margin-top:20px;width:100%;\"><\/div><div class=\"fusion-sep-clear\"><\/div><div class=\"fusion-text fusion-text-1\"><h3><strong>El motor m\u00e1s poderoso en su clase<\/strong><\/h3>\n<p>Econ\u00f3mico y eficiente: con un veinte por ciento m\u00e1s de fuerza, el PistenBully 100 4F ahora es m\u00e1s \u00e1gil y m\u00e1s poderoso. Adem\u00e1s consume menos combustible.<\/p>\n<h3><strong>Tecnolog\u00eda de gases de escape m\u00e1s amigable al medio ambiente<\/strong><\/h3>\n<p>Motor de bajas emisiones de acuerdo a la etapa 4 EU, nivel 4 final y lista para la conversi\u00f3n a la etapa 5 EU.<\/p>\n<h3><strong>Un incontaminante sin igual<\/strong><\/h3>\n<p>Actualmente, el PistenBully 100 4F es el \u00fanico veh\u00edculo en su clase que puede ser reactualizado con un filtro de part\u00edculas diesel. Esto reduce significativamente la emisi\u00f3n de part\u00edculas contaminantes.<\/p>\n<p><img decoding=\"async\" class=\"alignnone size-full wp-image-5886\" src=\"https:\/\/telemet.com\/wp-content\/uploads\/2016\/08\/100-4f-copckit.jpg\" alt=\"100-4f-copckit\" width=\"937\" height=\"680\" srcset=\"https:\/\/telemet.com\/wp-content\/uploads\/2016\/08\/100-4f-copckit-200x145.jpg 200w, https:\/\/telemet.com\/wp-content\/uploads\/2016\/08\/100-4f-copckit-300x218.jpg 300w, https:\/\/telemet.com\/wp-content\/uploads\/2016\/08\/100-4f-copckit-400x290.jpg 400w, https:\/\/telemet.com\/wp-content\/uploads\/2016\/08\/100-4f-copckit-600x435.jpg 600w, https:\/\/telemet.com\/wp-content\/uploads\/2016\/08\/100-4f-copckit-768x557.jpg 768w, https:\/\/telemet.com\/wp-content\/uploads\/2016\/08\/100-4f-copckit-800x581.jpg 800w, https:\/\/telemet.com\/wp-content\/uploads\/2016\/08\/100-4f-copckit.jpg 937w\" sizes=\"(max-width: 937px) 100vw, 937px\" \/><\/p>\n<h3><strong>Nueva pala <em>all-way<\/em>\u00a0sensible y de gran volumen<\/strong><\/h3>\n<p>Un protector de nieve m\u00e1s alto y una amplitud de trabajo m\u00e1s extensa para manejar mayores vol\u00famenes de nieve. Alerones laterales sincronizados y sobrerodamientos reforzados. La fresa y la pala puede ser operadas de forma simult\u00e1nea utilizando el joystick.<\/p>\n<h3><strong>Nuevo sistema de cambio r\u00e1pido, m\u00e1s largo, mejor y m\u00e1s profundo<\/strong><\/h3>\n<p>Una estructura de empuje con sistema de cambio r\u00e1pido (QCS) m\u00e1s larga, para una mejor visibilidad de la pala <em>all-way<\/em> y un nuevo cilindro hidr\u00e1ulico de elevaci\u00f3n para un mayor rango de movimiento para el sistema de cambio r\u00e1pido (QCS).<\/p>\n<h3><strong>Tambi\u00e9n utilizable como versi\u00f3n para parques<\/strong><\/h3>\n<p>Con un sistema especial de cambio r\u00e1pido el PistenBully 100 4F es adecuado para usarse en parques. \u00a0La funci\u00f3n de trabajar la pala en reversa facilita una terminaci\u00f3n perfecta de los trabajos.<\/p>\n<h3><strong>Una mordida mejor que nunca, diferentes anchos de trabajo<\/strong><\/h3>\n<p>Pasadas m\u00e1s eficientes gracias\u00a0a un eje de fresadora m\u00e1s ancho y una mayor amplitud de trabajo. M\u00e1s dientes para una mejor superficie de nieve. La profundidad de fresa y la presi\u00f3n de contacto de la fresa y de los marca pistas pueden ser ajustados en forma aut\u00f3noma.<\/p>\n<h3><strong>Una amplia gama de marca pistas para cada uso<\/strong><\/h3>\n<p>Una preparaci\u00f3n de pista de precisi\u00f3n y una adecuada conformaci\u00f3n del terreno gracias a marca-pistas m\u00e1s profundos. Cuando no est\u00e1 en uso, la fresa de pistas \u00a0(VarioTrackDesigner)\u00a0 puede ser retirada con facilidad sin necesidad de herramientas.<\/p>\n<h3><strong>El chasis y las orugas m\u00e1s bajas y estables<\/strong><\/h3>\n<p>Un mejor manejo sobre terreno gracias a 4 ejes de apoyo,\u00a0 mayores cargas transportables y\u00a0 mejores accesos de mantenimiento distinguen el chasis del PistenBully 100 4F. El tensionado autom\u00e1tico reduce el desgaste de las orugas.<\/p>\n<\/div><div class=\"fusion-clearfix\"><\/div><\/div><\/div><\/div><\/div>\n","protected":false},"excerpt":{"rendered":"","protected":false},"author":1,"featured_media":0,"parent":6261,"menu_order":4,"comment_status":"closed","ping_status":"closed","template":"side-navigation.php","meta":{"footnotes":""},"class_list":["post-6201","page","type-page","status-publish","hentry"],"yoast_head":"<!-- This site is optimized with the Yoast SEO plugin v26.2 - https:\/\/yoast.com\/wordpress\/plugins\/seo\/ -->\n<title>PistenBully\u00ae 100 4F - Telemet<\/title>\n<meta name=\"robots\" content=\"index, follow, max-snippet:-1, max-image-preview:large, max-video-preview:-1\" \/>\n<link rel=\"canonical\" href=\"https:\/\/telemet.com\/es\/pistenbully\/pistenbully-100-4f\/\" \/>\n<meta property=\"og:locale\" content=\"es_ES\" \/>\n<meta property=\"og:type\" content=\"article\" \/>\n<meta property=\"og:title\" content=\"PistenBully\u00ae 100 4F - Telemet\" \/>\n<meta property=\"og:url\" content=\"https:\/\/telemet.com\/es\/pistenbully\/pistenbully-100-4f\/\" \/>\n<meta property=\"og:site_name\" content=\"Telemet\" \/>\n<meta property=\"article:modified_time\" content=\"2017-04-24T20:43:50+00:00\" \/>\n<meta property=\"og:image\" content=\"https:\/\/telemet.com\/wp-content\/uploads\/2016\/08\/pisten_100_4F_.jpg\" \/>\n<meta name=\"twitter:card\" content=\"summary_large_image\" \/>\n<meta name=\"twitter:label1\" content=\"Tiempo de lectura\" \/>\n\t<meta name=\"twitter:data1\" content=\"4 minutes\" \/>\n<script type=\"application\/ld+json\" class=\"yoast-schema-graph\">{\"@context\":\"https:\/\/schema.org\",\"@graph\":[{\"@type\":\"WebPage\",\"@id\":\"https:\/\/telemet.com\/es\/pistenbully\/pistenbully-100-4f\/\",\"url\":\"https:\/\/telemet.com\/es\/pistenbully\/pistenbully-100-4f\/\",\"name\":\"PistenBully\u00ae 100 4F - Telemet\",\"isPartOf\":{\"@id\":\"https:\/\/telemet.com\/es\/#website\"},\"primaryImageOfPage\":{\"@id\":\"https:\/\/telemet.com\/es\/pistenbully\/pistenbully-100-4f\/#primaryimage\"},\"image\":{\"@id\":\"https:\/\/telemet.com\/es\/pistenbully\/pistenbully-100-4f\/#primaryimage\"},\"thumbnailUrl\":\"https:\/\/telemet.com\/wp-content\/uploads\/2016\/08\/pisten_100_4F_.jpg\",\"datePublished\":\"2016-08-18T20:09:54+00:00\",\"dateModified\":\"2017-04-24T20:43:50+00:00\",\"breadcrumb\":{\"@id\":\"https:\/\/telemet.com\/es\/pistenbully\/pistenbully-100-4f\/#breadcrumb\"},\"inLanguage\":\"es-ES\",\"potentialAction\":[{\"@type\":\"ReadAction\",\"target\":[\"https:\/\/telemet.com\/es\/pistenbully\/pistenbully-100-4f\/\"]}]},{\"@type\":\"ImageObject\",\"inLanguage\":\"es-ES\",\"@id\":\"https:\/\/telemet.com\/es\/pistenbully\/pistenbully-100-4f\/#primaryimage\",\"url\":\"https:\/\/telemet.com\/wp-content\/uploads\/2016\/08\/pisten_100_4F_.jpg\",\"contentUrl\":\"https:\/\/telemet.com\/wp-content\/uploads\/2016\/08\/pisten_100_4F_.jpg\"},{\"@type\":\"BreadcrumbList\",\"@id\":\"https:\/\/telemet.com\/es\/pistenbully\/pistenbully-100-4f\/#breadcrumb\",\"itemListElement\":[{\"@type\":\"ListItem\",\"position\":1,\"name\":\"Home\",\"item\":\"https:\/\/telemet.com\/es\/\"},{\"@type\":\"ListItem\",\"position\":2,\"name\":\"PistenBully\",\"item\":\"https:\/\/telemet.com\/es\/pistenbully\/\"},{\"@type\":\"ListItem\",\"position\":3,\"name\":\"PistenBully\u00ae 100 4F\"}]},{\"@type\":\"WebSite\",\"@id\":\"https:\/\/telemet.com\/es\/#website\",\"url\":\"https:\/\/telemet.com\/es\/\",\"name\":\"Telemet, Inc.\",\"description\":\"Efficiency through Simplicity\",\"potentialAction\":[{\"@type\":\"SearchAction\",\"target\":{\"@type\":\"EntryPoint\",\"urlTemplate\":\"https:\/\/telemet.com\/es\/?s={search_term_string}\"},\"query-input\":{\"@type\":\"PropertyValueSpecification\",\"valueRequired\":true,\"valueName\":\"search_term_string\"}}],\"inLanguage\":\"es-ES\"}]}<\/script>\n<!-- \/ Yoast SEO plugin. -->","yoast_head_json":{"title":"PistenBully\u00ae 100 4F - Telemet","robots":{"index":"index","follow":"follow","max-snippet":"max-snippet:-1","max-image-preview":"max-image-preview:large","max-video-preview":"max-video-preview:-1"},"canonical":"https:\/\/telemet.com\/es\/pistenbully\/pistenbully-100-4f\/","og_locale":"es_ES","og_type":"article","og_title":"PistenBully\u00ae 100 4F - Telemet","og_url":"https:\/\/telemet.com\/es\/pistenbully\/pistenbully-100-4f\/","og_site_name":"Telemet","article_modified_time":"2017-04-24T20:43:50+00:00","og_image":[{"url":"https:\/\/telemet.com\/wp-content\/uploads\/2016\/08\/pisten_100_4F_.jpg","type":"","width":"","height":""}],"twitter_card":"summary_large_image","twitter_misc":{"Tiempo de lectura":"4 minutes"},"schema":{"@context":"https:\/\/schema.org","@graph":[{"@type":"WebPage","@id":"https:\/\/telemet.com\/es\/pistenbully\/pistenbully-100-4f\/","url":"https:\/\/telemet.com\/es\/pistenbully\/pistenbully-100-4f\/","name":"PistenBully\u00ae 100 4F - Telemet","isPartOf":{"@id":"https:\/\/telemet.com\/es\/#website"},"primaryImageOfPage":{"@id":"https:\/\/telemet.com\/es\/pistenbully\/pistenbully-100-4f\/#primaryimage"},"image":{"@id":"https:\/\/telemet.com\/es\/pistenbully\/pistenbully-100-4f\/#primaryimage"},"thumbnailUrl":"https:\/\/telemet.com\/wp-content\/uploads\/2016\/08\/pisten_100_4F_.jpg","datePublished":"2016-08-18T20:09:54+00:00","dateModified":"2017-04-24T20:43:50+00:00","breadcrumb":{"@id":"https:\/\/telemet.com\/es\/pistenbully\/pistenbully-100-4f\/#breadcrumb"},"inLanguage":"es-ES","potentialAction":[{"@type":"ReadAction","target":["https:\/\/telemet.com\/es\/pistenbully\/pistenbully-100-4f\/"]}]},{"@type":"ImageObject","inLanguage":"es-ES","@id":"https:\/\/telemet.com\/es\/pistenbully\/pistenbully-100-4f\/#primaryimage","url":"https:\/\/telemet.com\/wp-content\/uploads\/2016\/08\/pisten_100_4F_.jpg","contentUrl":"https:\/\/telemet.com\/wp-content\/uploads\/2016\/08\/pisten_100_4F_.jpg"},{"@type":"BreadcrumbList","@id":"https:\/\/telemet.com\/es\/pistenbully\/pistenbully-100-4f\/#breadcrumb","itemListElement":[{"@type":"ListItem","position":1,"name":"Home","item":"https:\/\/telemet.com\/es\/"},{"@type":"ListItem","position":2,"name":"PistenBully","item":"https:\/\/telemet.com\/es\/pistenbully\/"},{"@type":"ListItem","position":3,"name":"PistenBully\u00ae 100 4F"}]},{"@type":"WebSite","@id":"https:\/\/telemet.com\/es\/#website","url":"https:\/\/telemet.com\/es\/","name":"Telemet, Inc.","description":"Efficiency through Simplicity","potentialAction":[{"@type":"SearchAction","target":{"@type":"EntryPoint","urlTemplate":"https:\/\/telemet.com\/es\/?s={search_term_string}"},"query-input":{"@type":"PropertyValueSpecification","valueRequired":true,"valueName":"search_term_string"}}],"inLanguage":"es-ES"}]}},"_links":{"self":[{"href":"https:\/\/telemet.com\/es\/wp-json\/wp\/v2\/pages\/6201","targetHints":{"allow":["GET"]}}],"collection":[{"href":"https:\/\/telemet.com\/es\/wp-json\/wp\/v2\/pages"}],"about":[{"href":"https:\/\/telemet.com\/es\/wp-json\/wp\/v2\/types\/page"}],"author":[{"embeddable":true,"href":"https:\/\/telemet.com\/es\/wp-json\/wp\/v2\/users\/1"}],"replies":[{"embeddable":true,"href":"https:\/\/telemet.com\/es\/wp-json\/wp\/v2\/comments?post=6201"}],"version-history":[{"count":3,"href":"https:\/\/telemet.com\/es\/wp-json\/wp\/v2\/pages\/6201\/revisions"}],"predecessor-version":[{"id":8387,"href":"https:\/\/telemet.com\/es\/wp-json\/wp\/v2\/pages\/6201\/revisions\/8387"}],"up":[{"embeddable":true,"href":"https:\/\/telemet.com\/es\/wp-json\/wp\/v2\/pages\/6261"}],"wp:attachment":[{"href":"https:\/\/telemet.com\/es\/wp-json\/wp\/v2\/media?parent=6201"}],"curies":[{"name":"wp","href":"https:\/\/api.w.org\/{rel}","templated":true}]}}