{"id":6203,"date":"2016-07-08T03:53:59","date_gmt":"2016-07-08T03:53:10","guid":{"rendered":"http:\/\/telemet.com\/pistenbully-100-scr\/?lang=es"},"modified":"2017-04-24T20:44:15","modified_gmt":"2017-04-24T20:44:15","slug":"pistenbully-100-scr","status":"publish","type":"page","link":"https:\/\/telemet.com\/es\/pistenbully\/pistenbully-100-scr\/","title":{"rendered":"PistenBully\u00ae 100 SCR"},"content":{"rendered":"<div class=\"fusion-fullwidth fullwidth-box fusion-builder-row-1 nonhundred-percent-fullwidth non-hundred-percent-height-scrolling\" style=\"--awb-background-position:left top;--awb-border-radius-top-left:0px;--awb-border-radius-top-right:0px;--awb-border-radius-bottom-right:0px;--awb-border-radius-bottom-left:0px;--awb-padding-top:20px;--awb-padding-bottom:20px;--awb-border-sizes-top:0px;--awb-border-sizes-bottom:0px;--awb-flex-wrap:wrap;\" ><div class=\"fusion-builder-row fusion-row\"><div class=\"fusion-layout-column fusion_builder_column fusion-builder-column-0 fusion_builder_column_1_1 1_1 fusion-one-full fusion-column-first fusion-column-last fusion-column-no-min-height\" style=\"--awb-bg-size:cover;--awb-margin-top:0px;--awb-margin-bottom:0px;\"><div class=\"fusion-column-wrapper fusion-flex-column-wrapper-legacy\"><div class=\"fusion-image-element fusion-image-align-right in-legacy-container\" style=\"text-align:right;--awb-caption-title-font-family:var(--h2_typography-font-family);--awb-caption-title-font-weight:var(--h2_typography-font-weight);--awb-caption-title-font-style:var(--h2_typography-font-style);--awb-caption-title-size:var(--h2_typography-font-size);--awb-caption-title-transform:var(--h2_typography-text-transform);--awb-caption-title-line-height:var(--h2_typography-line-height);--awb-caption-title-letter-spacing:var(--h2_typography-letter-spacing);\"><span class=\" fusion-imageframe imageframe-none imageframe-1 hover-type-none\" style=\"margin-left:25px;float:right;\"><img decoding=\"async\" width=\"1100\" height=\"733\" title=\"PistenBully_100-1\" src=\"https:\/\/telemet.com\/wp-content\/uploads\/2016\/07\/PistenBully_100-1-1.jpg\" alt class=\"img-responsive wp-image-5753\" srcset=\"https:\/\/telemet.com\/wp-content\/uploads\/2016\/07\/PistenBully_100-1-1-200x133.jpg 200w, https:\/\/telemet.com\/wp-content\/uploads\/2016\/07\/PistenBully_100-1-1-400x267.jpg 400w, https:\/\/telemet.com\/wp-content\/uploads\/2016\/07\/PistenBully_100-1-1-600x400.jpg 600w, https:\/\/telemet.com\/wp-content\/uploads\/2016\/07\/PistenBully_100-1-1-800x533.jpg 800w, https:\/\/telemet.com\/wp-content\/uploads\/2016\/07\/PistenBully_100-1-1.jpg 1100w\" sizes=\"(max-width: 800px) 100vw, 1100px\" \/><\/span><\/div><div class=\"fusion-sep-clear\"><\/div><div class=\"fusion-separator fusion-full-width-sep\" style=\"margin-left: auto;margin-right: auto;margin-top:20px;width:100%;\"><\/div><div class=\"fusion-sep-clear\"><\/div><div class=\"fusion-align-block\"><a class=\"fusion-button button-flat button-xlarge button-default fusion-button-default button-1 fusion-button-span-yes \" target=\"_blank\" rel=\"noopener noreferrer\" href=\"\/wp-content\/uploads\/2016\/07\/100_SCR_en_korrigiert.pdf\"><i class=\" fa fa-file-pdf-o awb-button__icon awb-button__icon--default button-icon-left\" aria-hidden=\"true\"><\/i><span class=\"fusion-button-text awb-button__text awb-button__text--default\">Descargar Folleto (PDF)<\/span><\/a><\/div><div class=\"fusion-sep-clear\"><\/div><div class=\"fusion-separator fusion-full-width-sep\" style=\"margin-left: auto;margin-right: auto;margin-top:20px;width:100%;\"><\/div><div class=\"fusion-sep-clear\"><\/div><div class=\"fusion-align-block\"><a class=\"fusion-button button-flat button-xlarge button-default fusion-button-default button-2 fusion-button-span-yes \" target=\"_blank\" rel=\"noopener noreferrer\" href=\"\/wp-content\/uploads\/2016\/07\/technische-daten-100-scr-en.pdf\"><i class=\" fa fa-file-pdf-o awb-button__icon awb-button__icon--default button-icon-left\" aria-hidden=\"true\"><\/i><span class=\"fusion-button-text awb-button__text awb-button__text--default\">Descargar Ficha T\u00e9cnica (PDF)<\/span><\/a><\/div><div class=\"fusion-sep-clear\"><\/div><div class=\"fusion-separator fusion-full-width-sep\" style=\"margin-left: auto;margin-right: auto;margin-top:20px;width:100%;\"><\/div><div class=\"fusion-sep-clear\"><\/div><div class=\"fusion-text fusion-text-1\"><h3>Motor de nivel 4i amigable al medio ambiente<\/h3>\n<p>Gracias a la introducci\u00f3n de la tecnolog\u00eda SCR el PistenBully SCR produce un 90% menos de emisiones. La reducci\u00f3n en emisiones de nitr\u00f3geno y de finas part\u00edculas de polvo es resuelto mediante un convertidor catal\u00edtico aguas abajo.<\/p>\n<p>&nbsp;<\/p>\n<h3>M\u00e1s potencia a menos rpm<\/h3>\n<p>Todos los 150 Kw de potencia se hacen sentir mucho antes. El motor tiene m\u00e1s respuesta a menor velocidad, y esto ayuda a un mejor manejo y comportamiento.<\/p>\n<p>&nbsp;<\/p>\n<h3>Una mejor habilidad de trepada, gracias a su cuarto eje intermedio.<\/h3>\n<p>Un cuarto eje intermedio permite una mayor superficie de contacto de la oruga. Esto ha mejorado la tracci\u00f3n y el poder\u00a0 de trepada. El andar m\u00e1s suave y la mejor distribuci\u00f3n del peso incrementan significativamente el confort de marcha y el resultado del manejo.<div class=\"fusion-title title fusion-title-1 fusion-title-text fusion-title-size-two cazul\" style=\"--awb-margin-top:20px;--awb-margin-bottom:10px;--awb-sep-color:#35baf2;\"><h2 class=\"fusion-title-heading title-heading-left fusion-responsive-typography-calculated\" style=\"margin:0;--fontSize:40;line-height:1.2;\">COCKPIT<\/h2><span class=\"awb-title-spacer\"><\/span><div class=\"title-sep-container\"><div class=\"title-sep sep-double sep-solid\" style=\"border-color:#35baf2;\"><\/div><\/div><\/div>\n<iframe src=\"http:\/\/www.pistenbully.com\/fileadmin\/content_pistenbully\/panorama\/pistenbully-100\/panorama-100.html\" width=\"820\" height=\"400\" frameborder=\"0\" marginwidth=\"0\" marginheight=\"0\" scrolling=\"no\"><\/iframe><\/p>\n<h3>Pala <em>all-way <\/em>de alta flexibilidad<\/h3>\n<p>La pala <em>all-way<\/em> provee la m\u00e1xima flexibilidad (ancho de 2,7m o 3,1m). Una sensibilidad optimizada del control de pala y controles ergon\u00f3micos facilitan una labor relajada y de alta precissi\u00f3n.<\/p>\n<h3>Cambio r\u00e1pido y variable de accesorios delanteros<\/h3>\n<p>El sistema unipersonal de cambio r\u00e1pido facilita el cambio de accesorios delanteros tales como el soplador de nieve delantero.<\/p>\n<p>&nbsp;<\/p>\n<h3>Excelente fresa de dientes cortantes en 3 anchos diferentes<\/h3>\n<p>Ofrecemos la fresa de nieve en tres diferentes anchos de trabajo. Es ideal para todas las tareas, para el fresado de peque\u00f1as pendientes, la pistas de subida, sendas, en domos de nieve, pero especialmente para los caminos de esqu\u00ed de fondo.<\/p>\n<h3>Una extensa selecci\u00f3n de formadores de caminos para cada escenario<\/h3>\n<p>El PistenBully 100 SCR demuestra su particular fuerza y flexibilidad en la formaci\u00f3n perfecta de caminos de esqu\u00ed de fondo para el sector de competici\u00f3n o de placer,\u00a0 tanto sea para el cl\u00e1sico esqu\u00ed de fondo o de patinaje&#8230;<\/p>\n<h3>A gusto en domos de nieve, silencioso y de bajas emisiones<\/h3>\n<p>El PistenBully 100 Indoor es el veh\u00edculo ideal para ser usado en domos de nieve: tiene un\u00a0motor silencioso y de bajas emisiones gracias a su control de emisiones integrado y un filtro para el holl\u00edn.<\/p>\n<\/div><div class=\"fusion-clearfix\"><\/div><\/div><\/div><\/div><\/div>\n","protected":false},"excerpt":{"rendered":"","protected":false},"author":1,"featured_media":0,"parent":6261,"menu_order":3,"comment_status":"closed","ping_status":"closed","template":"side-navigation.php","meta":{"footnotes":""},"class_list":["post-6203","page","type-page","status-publish","hentry"],"yoast_head":"<!-- This site is optimized with the Yoast SEO plugin v26.2 - https:\/\/yoast.com\/wordpress\/plugins\/seo\/ -->\n<title>PistenBully\u00ae 100 SCR - Telemet<\/title>\n<meta name=\"robots\" content=\"index, follow, max-snippet:-1, max-image-preview:large, max-video-preview:-1\" \/>\n<link rel=\"canonical\" href=\"https:\/\/telemet.com\/es\/pistenbully\/pistenbully-100-scr\/\" \/>\n<meta property=\"og:locale\" content=\"es_ES\" \/>\n<meta property=\"og:type\" content=\"article\" \/>\n<meta property=\"og:title\" content=\"PistenBully\u00ae 100 SCR - Telemet\" \/>\n<meta property=\"og:url\" content=\"https:\/\/telemet.com\/es\/pistenbully\/pistenbully-100-scr\/\" \/>\n<meta property=\"og:site_name\" content=\"Telemet\" \/>\n<meta property=\"article:modified_time\" content=\"2017-04-24T20:44:15+00:00\" \/>\n<meta property=\"og:image\" content=\"https:\/\/telemet.com\/wp-content\/uploads\/2016\/07\/PistenBully_100-1-1.jpg\" \/>\n<meta name=\"twitter:card\" content=\"summary_large_image\" \/>\n<meta name=\"twitter:label1\" content=\"Tiempo de lectura\" \/>\n\t<meta name=\"twitter:data1\" content=\"4 minutes\" \/>\n<script type=\"application\/ld+json\" class=\"yoast-schema-graph\">{\"@context\":\"https:\/\/schema.org\",\"@graph\":[{\"@type\":\"WebPage\",\"@id\":\"https:\/\/telemet.com\/es\/pistenbully\/pistenbully-100-scr\/\",\"url\":\"https:\/\/telemet.com\/es\/pistenbully\/pistenbully-100-scr\/\",\"name\":\"PistenBully\u00ae 100 SCR - Telemet\",\"isPartOf\":{\"@id\":\"https:\/\/telemet.com\/es\/#website\"},\"primaryImageOfPage\":{\"@id\":\"https:\/\/telemet.com\/es\/pistenbully\/pistenbully-100-scr\/#primaryimage\"},\"image\":{\"@id\":\"https:\/\/telemet.com\/es\/pistenbully\/pistenbully-100-scr\/#primaryimage\"},\"thumbnailUrl\":\"https:\/\/telemet.com\/wp-content\/uploads\/2016\/07\/PistenBully_100-1-1.jpg\",\"datePublished\":\"2016-07-08T03:53:10+00:00\",\"dateModified\":\"2017-04-24T20:44:15+00:00\",\"breadcrumb\":{\"@id\":\"https:\/\/telemet.com\/es\/pistenbully\/pistenbully-100-scr\/#breadcrumb\"},\"inLanguage\":\"es-ES\",\"potentialAction\":[{\"@type\":\"ReadAction\",\"target\":[\"https:\/\/telemet.com\/es\/pistenbully\/pistenbully-100-scr\/\"]}]},{\"@type\":\"ImageObject\",\"inLanguage\":\"es-ES\",\"@id\":\"https:\/\/telemet.com\/es\/pistenbully\/pistenbully-100-scr\/#primaryimage\",\"url\":\"https:\/\/telemet.com\/wp-content\/uploads\/2016\/07\/PistenBully_100-1-1.jpg\",\"contentUrl\":\"https:\/\/telemet.com\/wp-content\/uploads\/2016\/07\/PistenBully_100-1-1.jpg\"},{\"@type\":\"BreadcrumbList\",\"@id\":\"https:\/\/telemet.com\/es\/pistenbully\/pistenbully-100-scr\/#breadcrumb\",\"itemListElement\":[{\"@type\":\"ListItem\",\"position\":1,\"name\":\"Home\",\"item\":\"https:\/\/telemet.com\/es\/\"},{\"@type\":\"ListItem\",\"position\":2,\"name\":\"PistenBully\",\"item\":\"https:\/\/telemet.com\/es\/pistenbully\/\"},{\"@type\":\"ListItem\",\"position\":3,\"name\":\"PistenBully\u00ae 100 SCR\"}]},{\"@type\":\"WebSite\",\"@id\":\"https:\/\/telemet.com\/es\/#website\",\"url\":\"https:\/\/telemet.com\/es\/\",\"name\":\"Telemet, Inc.\",\"description\":\"Efficiency through Simplicity\",\"potentialAction\":[{\"@type\":\"SearchAction\",\"target\":{\"@type\":\"EntryPoint\",\"urlTemplate\":\"https:\/\/telemet.com\/es\/?s={search_term_string}\"},\"query-input\":{\"@type\":\"PropertyValueSpecification\",\"valueRequired\":true,\"valueName\":\"search_term_string\"}}],\"inLanguage\":\"es-ES\"}]}<\/script>\n<!-- \/ Yoast SEO plugin. -->","yoast_head_json":{"title":"PistenBully\u00ae 100 SCR - Telemet","robots":{"index":"index","follow":"follow","max-snippet":"max-snippet:-1","max-image-preview":"max-image-preview:large","max-video-preview":"max-video-preview:-1"},"canonical":"https:\/\/telemet.com\/es\/pistenbully\/pistenbully-100-scr\/","og_locale":"es_ES","og_type":"article","og_title":"PistenBully\u00ae 100 SCR - Telemet","og_url":"https:\/\/telemet.com\/es\/pistenbully\/pistenbully-100-scr\/","og_site_name":"Telemet","article_modified_time":"2017-04-24T20:44:15+00:00","og_image":[{"url":"https:\/\/telemet.com\/wp-content\/uploads\/2016\/07\/PistenBully_100-1-1.jpg","type":"","width":"","height":""}],"twitter_card":"summary_large_image","twitter_misc":{"Tiempo de lectura":"4 minutes"},"schema":{"@context":"https:\/\/schema.org","@graph":[{"@type":"WebPage","@id":"https:\/\/telemet.com\/es\/pistenbully\/pistenbully-100-scr\/","url":"https:\/\/telemet.com\/es\/pistenbully\/pistenbully-100-scr\/","name":"PistenBully\u00ae 100 SCR - Telemet","isPartOf":{"@id":"https:\/\/telemet.com\/es\/#website"},"primaryImageOfPage":{"@id":"https:\/\/telemet.com\/es\/pistenbully\/pistenbully-100-scr\/#primaryimage"},"image":{"@id":"https:\/\/telemet.com\/es\/pistenbully\/pistenbully-100-scr\/#primaryimage"},"thumbnailUrl":"https:\/\/telemet.com\/wp-content\/uploads\/2016\/07\/PistenBully_100-1-1.jpg","datePublished":"2016-07-08T03:53:10+00:00","dateModified":"2017-04-24T20:44:15+00:00","breadcrumb":{"@id":"https:\/\/telemet.com\/es\/pistenbully\/pistenbully-100-scr\/#breadcrumb"},"inLanguage":"es-ES","potentialAction":[{"@type":"ReadAction","target":["https:\/\/telemet.com\/es\/pistenbully\/pistenbully-100-scr\/"]}]},{"@type":"ImageObject","inLanguage":"es-ES","@id":"https:\/\/telemet.com\/es\/pistenbully\/pistenbully-100-scr\/#primaryimage","url":"https:\/\/telemet.com\/wp-content\/uploads\/2016\/07\/PistenBully_100-1-1.jpg","contentUrl":"https:\/\/telemet.com\/wp-content\/uploads\/2016\/07\/PistenBully_100-1-1.jpg"},{"@type":"BreadcrumbList","@id":"https:\/\/telemet.com\/es\/pistenbully\/pistenbully-100-scr\/#breadcrumb","itemListElement":[{"@type":"ListItem","position":1,"name":"Home","item":"https:\/\/telemet.com\/es\/"},{"@type":"ListItem","position":2,"name":"PistenBully","item":"https:\/\/telemet.com\/es\/pistenbully\/"},{"@type":"ListItem","position":3,"name":"PistenBully\u00ae 100 SCR"}]},{"@type":"WebSite","@id":"https:\/\/telemet.com\/es\/#website","url":"https:\/\/telemet.com\/es\/","name":"Telemet, Inc.","description":"Efficiency through Simplicity","potentialAction":[{"@type":"SearchAction","target":{"@type":"EntryPoint","urlTemplate":"https:\/\/telemet.com\/es\/?s={search_term_string}"},"query-input":{"@type":"PropertyValueSpecification","valueRequired":true,"valueName":"search_term_string"}}],"inLanguage":"es-ES"}]}},"_links":{"self":[{"href":"https:\/\/telemet.com\/es\/wp-json\/wp\/v2\/pages\/6203","targetHints":{"allow":["GET"]}}],"collection":[{"href":"https:\/\/telemet.com\/es\/wp-json\/wp\/v2\/pages"}],"about":[{"href":"https:\/\/telemet.com\/es\/wp-json\/wp\/v2\/types\/page"}],"author":[{"embeddable":true,"href":"https:\/\/telemet.com\/es\/wp-json\/wp\/v2\/users\/1"}],"replies":[{"embeddable":true,"href":"https:\/\/telemet.com\/es\/wp-json\/wp\/v2\/comments?post=6203"}],"version-history":[{"count":5,"href":"https:\/\/telemet.com\/es\/wp-json\/wp\/v2\/pages\/6203\/revisions"}],"predecessor-version":[{"id":8563,"href":"https:\/\/telemet.com\/es\/wp-json\/wp\/v2\/pages\/6203\/revisions\/8563"}],"up":[{"embeddable":true,"href":"https:\/\/telemet.com\/es\/wp-json\/wp\/v2\/pages\/6261"}],"wp:attachment":[{"href":"https:\/\/telemet.com\/es\/wp-json\/wp\/v2\/media?parent=6203"}],"curies":[{"name":"wp","href":"https:\/\/api.w.org\/{rel}","templated":true}]}}