{"id":6206,"date":"2016-07-25T15:03:28","date_gmt":"2016-07-25T15:03:28","guid":{"rendered":"http:\/\/telemet.com\/pistenbully-400-4f\/?lang=es"},"modified":"2022-02-07T12:30:17","modified_gmt":"2022-02-07T12:30:17","slug":"pistenbully-400-4f","status":"publish","type":"page","link":"https:\/\/telemet.com\/es\/pistenbully\/pistenbully-400-4f\/","title":{"rendered":"PistenBully\u00ae 400 4F"},"content":{"rendered":"<div class=\"fusion-fullwidth fullwidth-box fusion-builder-row-1 nonhundred-percent-fullwidth non-hundred-percent-height-scrolling\" style=\"--awb-background-position:left top;--awb-border-sizes-top:0px;--awb-border-sizes-bottom:0px;--awb-border-sizes-left:0px;--awb-border-sizes-right:0px;--awb-border-radius-top-left:0px;--awb-border-radius-top-right:0px;--awb-border-radius-bottom-right:0px;--awb-border-radius-bottom-left:0px;--awb-padding-top:20px;--awb-padding-bottom:20px;--awb-flex-wrap:wrap;\" ><div class=\"fusion-builder-row fusion-row\"><div class=\"fusion-layout-column fusion_builder_column fusion-builder-column-0 fusion_builder_column_1_1 1_1 fusion-one-full fusion-column-first fusion-column-last fusion-column-no-min-height\" style=\"--awb-bg-size:cover;--awb-margin-top:0px;--awb-margin-bottom:0px;\"><div class=\"fusion-column-wrapper fusion-flex-column-wrapper-legacy\"><div class=\"fusion-image-element fusion-image-align-center in-legacy-container\" style=\"text-align:center;--awb-caption-title-font-family:var(--h2_typography-font-family);--awb-caption-title-font-weight:var(--h2_typography-font-weight);--awb-caption-title-font-style:var(--h2_typography-font-style);--awb-caption-title-size:var(--h2_typography-font-size);--awb-caption-title-transform:var(--h2_typography-text-transform);--awb-caption-title-line-height:var(--h2_typography-line-height);--awb-caption-title-letter-spacing:var(--h2_typography-letter-spacing);\"><div class=\"imageframe-align-center\"><span class=\" fusion-imageframe imageframe-none imageframe-1 hover-type-none\"><img decoding=\"async\" width=\"1000\" height=\"619\" title=\"PistenBully_400_4F_1000\" src=\"https:\/\/telemet.com\/wp-content\/uploads\/2022\/02\/PistenBully_400_4F_1000.jpg\" alt class=\"img-responsive wp-image-12868\" srcset=\"https:\/\/telemet.com\/wp-content\/uploads\/2022\/02\/PistenBully_400_4F_1000-200x124.jpg 200w, https:\/\/telemet.com\/wp-content\/uploads\/2022\/02\/PistenBully_400_4F_1000-400x248.jpg 400w, https:\/\/telemet.com\/wp-content\/uploads\/2022\/02\/PistenBully_400_4F_1000-600x371.jpg 600w, https:\/\/telemet.com\/wp-content\/uploads\/2022\/02\/PistenBully_400_4F_1000-800x495.jpg 800w, https:\/\/telemet.com\/wp-content\/uploads\/2022\/02\/PistenBully_400_4F_1000.jpg 1000w\" sizes=\"(max-width: 800px) 100vw, 1000px\" \/><\/span><\/div><\/div><div class=\"fusion-sep-clear\"><\/div><div class=\"fusion-separator fusion-full-width-sep\" style=\"margin-left: auto;margin-right: auto;margin-top:20px;width:100%;\"><\/div><div class=\"fusion-sep-clear\"><\/div><div class=\"fusion-align-block\"><a class=\"fusion-button button-flat button-xlarge button-default fusion-button-default button-1 fusion-button-span-yes \" target=\"_blank\" rel=\"noopener noreferrer\" href=\"\/wp-content\/uploads\/2016\/07\/08170_brosch_400_4f_en_web.pdf\"><i class=\" fa fa-file-pdf-o awb-button__icon awb-button__icon--default button-icon-left\" aria-hidden=\"true\"><\/i><span class=\"fusion-button-text awb-button__text awb-button__text--default\">Descargar Folleto (PDF)<\/span><\/a><\/div><div class=\"fusion-sep-clear\"><\/div><div class=\"fusion-separator fusion-full-width-sep\" style=\"margin-left: auto;margin-right: auto;margin-top:20px;width:100%;\"><\/div><div class=\"fusion-sep-clear\"><\/div><div class=\"fusion-align-block\"><a class=\"fusion-button button-flat button-xlarge button-default fusion-button-default button-2 fusion-button-span-yes \" target=\"_blank\" rel=\"noopener noreferrer\" href=\"\/wp-content\/uploads\/2016\/07\/datenblatt-pistenbully-400-4f-en.pdf\"><i class=\" fa fa-file-pdf-o awb-button__icon awb-button__icon--default button-icon-left\" aria-hidden=\"true\"><\/i><span class=\"fusion-button-text awb-button__text awb-button__text--default\">Descargar Ficha T\u00e9cnica (PDF)<\/span><\/a><\/div><div class=\"fusion-sep-clear\"><\/div><div class=\"fusion-separator fusion-full-width-sep\" style=\"margin-left: auto;margin-right: auto;margin-top:20px;width:100%;\"><\/div><div class=\"fusion-sep-clear\"><\/div><div class=\"fusion-text fusion-text-1\" style=\"--awb-text-transform:none;\"><h3>La m\u00e1quina ideal para todas las tareas de aseo<\/h3>\n<p>El PistenBully 400 ofrece una combinaci\u00f3n perfectamente equilibrada de potencia, peso y dimensiones. El trabajo pesado no es un problema para el potente motor Cummins.<\/p>\n<p>La cuchilla de 12 v\u00edas mueve f\u00e1cilmente enormes monta\u00f1as de nieve. Sin embargo, el PistenBully 400 es extremadamente \u00e1gil. Gracias a su maniobrabilidad, puede realizar un trabajo preciso de limpieza incluso en espacios reducidos. Su suspensi\u00f3n de alto rendimiento le proporciona una enorme capacidad de ascenso sin tener que sacrificar el confort y la suavidad de marcha.<\/p>\n<ul>\n<li><strong>Cuchilla todoterreno:<\/strong> El mejor rendimiento de empuje y transmisi\u00f3n de potencia del mercado<\/li>\n<li><strong>AlpinFlexTiller para las condiciones de nieve m\u00e1s duras:<\/strong> Calidad de pendiente perfecta, incluso en condiciones extremas<\/li>\n<li><strong>Amplia gama de orugas:<\/strong> Ajuste preciso para cada aplicaci\u00f3n<\/li>\n<li><strong>Cabina con m\u00e1s confort y m\u00e1s funciones<\/strong>: Entra y si\u00e9ntete bien<\/li>\n<\/ul>\n<p><img decoding=\"async\" class=\"aligcenter size-full wp-image-12850\" src=\"https:\/\/telemet.com\/wp-content\/uploads\/2022\/02\/PistenBully_400_4F_Cockpit_2015-05_1000.jpg\" alt=\"PistenBull 400 4F Cockpit\" width=\"1000\" height=\"562\" srcset=\"https:\/\/telemet.com\/wp-content\/uploads\/2022\/02\/PistenBully_400_4F_Cockpit_2015-05_1000-200x112.jpg 200w, https:\/\/telemet.com\/wp-content\/uploads\/2022\/02\/PistenBully_400_4F_Cockpit_2015-05_1000-300x169.jpg 300w, https:\/\/telemet.com\/wp-content\/uploads\/2022\/02\/PistenBully_400_4F_Cockpit_2015-05_1000-400x225.jpg 400w, https:\/\/telemet.com\/wp-content\/uploads\/2022\/02\/PistenBully_400_4F_Cockpit_2015-05_1000-600x337.jpg 600w, https:\/\/telemet.com\/wp-content\/uploads\/2022\/02\/PistenBully_400_4F_Cockpit_2015-05_1000-768x432.jpg 768w, https:\/\/telemet.com\/wp-content\/uploads\/2022\/02\/PistenBully_400_4F_Cockpit_2015-05_1000-800x450.jpg 800w, https:\/\/telemet.com\/wp-content\/uploads\/2022\/02\/PistenBully_400_4F_Cockpit_2015-05_1000.jpg 1000w\" sizes=\"(max-width: 1000px) 100vw, 1000px\" \/><\/p>\n<h3>Equipamiento de serie<\/h3>\n<p><strong>Ergonom\u00eda mejorada<\/strong><\/p>\n<p>Asiento ergon\u00f3mico para el conductor<br \/>\nJoystick ergon\u00f3mico para todos los PistenBully 400<br \/>\nDisposici\u00f3n clara de todas las pantallas, controles e informaci\u00f3n<br \/>\nPantalla de mayor resoluci\u00f3n y brillo<\/p>\n<p><strong>Cabina<\/strong><\/p>\n<p>Cabina calefactada con sistema de ventilaci\u00f3n optimizado para un clima interior agradable<br \/>\nGrandes superficies de cristal calefactadas para una mejor visibilidad panor\u00e1mica<br \/>\nNivel de ruido hasta 6 dB inferior<br \/>\nColoraci\u00f3n autoexplicativa de las funciones<br \/>\nFundas de asiento antideslizantes y transpirables<br \/>\nAsiento adicional de emergencia \/ para ni\u00f1os<br \/>\nDiagn\u00f3stico a bordo<br \/>\nCabina homologada ROPS (15 toneladas de carga en el techo)<br \/>\nParabrisas antipinchazos<\/p>\n<p><strong>Otros<\/strong><\/p>\n<p>Rueda dentada de PU<br \/>\nNeum\u00e1ticos<br \/>\nIluminaci\u00f3n hal\u00f3gena<br \/>\nBastidor superior con plataforma<\/p>\n<h3>Equipamiento opcional<\/h3>\n<p><strong>Pi\u00f1\u00f3n de arrastre<\/strong><\/p>\n<p>Pi\u00f1\u00f3n Magnum: Permite una transmisi\u00f3n \u00f3ptima de la potencia a las orugas. Es de una calidad especialmente alta y robusta y est\u00e1 sometida a un bajo desgaste con una vida \u00fatil considerablemente m\u00e1s larga<br \/>\nNeum\u00e1ticos macizos: Como alternativa a la neum\u00e1tica, tambi\u00e9n est\u00e1n disponibles las ruedas macizas, que son significativamente m\u00e1s duraderas.<\/p>\n<p><strong>Iluminaci\u00f3n LED <\/strong><\/p>\n<p>El importante paquete de iluminaci\u00f3n LED con potentes faros de trabajo, tambi\u00e9n en los soportes de los espejos, as\u00ed como las luces de los \u00e1rboles, garantizan una iluminaci\u00f3n \u00f3ptima de las zonas de trabajo en la parte delantera y trasera, a los lados, as\u00ed como de las orugas.<\/p>\n<p><strong>Paquete tecnol\u00f3gico <\/strong><\/p>\n<p>El PistenBully puede complementarse con otros accesorios de accionamiento hidr\u00e1ulico, como el quitanieves delantero, mediante una conexi\u00f3n adicional de alta presi\u00f3n en la parte delantera del veh\u00edculo.<\/p>\n<p><strong>Tecnolog\u00eda y motor<\/strong><\/p>\n<p>Enganche de remolque<br \/>\nPrecalentamiento del aceite hidr\u00e1ulico<\/p>\n<p><strong>Cabina y confort<\/strong><\/p>\n<p>Mando de palanca<br \/>\nCintur\u00f3n de seguridad con suspensi\u00f3n en el hombro<br \/>\nC\u00e1mara trasera (color)<\/p>\n<p><strong>Otros<\/strong><\/p>\n<p>Protector de cepillo<br \/>\nGaler\u00eda de transporte plegable<br \/>\nPreparado para la instalaci\u00f3n de la cabina de pasajeros<br \/>\nPreparado para la instalaci\u00f3n de VarioTrackDesigner<br \/>\nPreparado para el asiento Comfort\/Comfort Park<\/p>\n<\/div><div class=\"fusion-clearfix\"><\/div><\/div><\/div><\/div><\/div>\n","protected":false},"excerpt":{"rendered":"","protected":false},"author":1,"featured_media":0,"parent":6261,"menu_order":9,"comment_status":"closed","ping_status":"closed","template":"side-navigation.php","meta":{"footnotes":""},"class_list":["post-6206","page","type-page","status-publish","hentry"],"yoast_head":"<!-- This site is optimized with the Yoast SEO plugin v26.2 - https:\/\/yoast.com\/wordpress\/plugins\/seo\/ -->\n<title>PistenBully\u00ae 400 4F - Telemet<\/title>\n<meta name=\"robots\" content=\"index, follow, max-snippet:-1, max-image-preview:large, max-video-preview:-1\" \/>\n<link rel=\"canonical\" href=\"https:\/\/telemet.com\/es\/pistenbully\/pistenbully-400-4f\/\" \/>\n<meta property=\"og:locale\" content=\"es_ES\" \/>\n<meta property=\"og:type\" content=\"article\" \/>\n<meta property=\"og:title\" content=\"PistenBully\u00ae 400 4F - Telemet\" \/>\n<meta property=\"og:url\" content=\"https:\/\/telemet.com\/es\/pistenbully\/pistenbully-400-4f\/\" \/>\n<meta property=\"og:site_name\" content=\"Telemet\" \/>\n<meta property=\"article:modified_time\" content=\"2022-02-07T12:30:17+00:00\" \/>\n<meta property=\"og:image\" content=\"https:\/\/telemet.com\/wp-content\/uploads\/2022\/02\/PistenBully_400_4F_Cockpit_2015-05_1000.jpg\" \/>\n<meta name=\"twitter:card\" content=\"summary_large_image\" \/>\n<meta name=\"twitter:label1\" content=\"Tiempo de lectura\" \/>\n\t<meta name=\"twitter:data1\" content=\"6 minutes\" \/>\n<script type=\"application\/ld+json\" class=\"yoast-schema-graph\">{\"@context\":\"https:\/\/schema.org\",\"@graph\":[{\"@type\":\"WebPage\",\"@id\":\"https:\/\/telemet.com\/es\/pistenbully\/pistenbully-400-4f\/\",\"url\":\"https:\/\/telemet.com\/es\/pistenbully\/pistenbully-400-4f\/\",\"name\":\"PistenBully\u00ae 400 4F - Telemet\",\"isPartOf\":{\"@id\":\"https:\/\/telemet.com\/es\/#website\"},\"primaryImageOfPage\":{\"@id\":\"https:\/\/telemet.com\/es\/pistenbully\/pistenbully-400-4f\/#primaryimage\"},\"image\":{\"@id\":\"https:\/\/telemet.com\/es\/pistenbully\/pistenbully-400-4f\/#primaryimage\"},\"thumbnailUrl\":\"https:\/\/telemet.com\/wp-content\/uploads\/2022\/02\/PistenBully_400_4F_Cockpit_2015-05_1000.jpg\",\"datePublished\":\"2016-07-25T15:03:28+00:00\",\"dateModified\":\"2022-02-07T12:30:17+00:00\",\"breadcrumb\":{\"@id\":\"https:\/\/telemet.com\/es\/pistenbully\/pistenbully-400-4f\/#breadcrumb\"},\"inLanguage\":\"es-ES\",\"potentialAction\":[{\"@type\":\"ReadAction\",\"target\":[\"https:\/\/telemet.com\/es\/pistenbully\/pistenbully-400-4f\/\"]}]},{\"@type\":\"ImageObject\",\"inLanguage\":\"es-ES\",\"@id\":\"https:\/\/telemet.com\/es\/pistenbully\/pistenbully-400-4f\/#primaryimage\",\"url\":\"https:\/\/telemet.com\/wp-content\/uploads\/2022\/02\/PistenBully_400_4F_Cockpit_2015-05_1000.jpg\",\"contentUrl\":\"https:\/\/telemet.com\/wp-content\/uploads\/2022\/02\/PistenBully_400_4F_Cockpit_2015-05_1000.jpg\"},{\"@type\":\"BreadcrumbList\",\"@id\":\"https:\/\/telemet.com\/es\/pistenbully\/pistenbully-400-4f\/#breadcrumb\",\"itemListElement\":[{\"@type\":\"ListItem\",\"position\":1,\"name\":\"Home\",\"item\":\"https:\/\/telemet.com\/es\/\"},{\"@type\":\"ListItem\",\"position\":2,\"name\":\"PistenBully\",\"item\":\"https:\/\/telemet.com\/es\/pistenbully\/\"},{\"@type\":\"ListItem\",\"position\":3,\"name\":\"PistenBully\u00ae 400 4F\"}]},{\"@type\":\"WebSite\",\"@id\":\"https:\/\/telemet.com\/es\/#website\",\"url\":\"https:\/\/telemet.com\/es\/\",\"name\":\"Telemet, Inc.\",\"description\":\"Efficiency through Simplicity\",\"potentialAction\":[{\"@type\":\"SearchAction\",\"target\":{\"@type\":\"EntryPoint\",\"urlTemplate\":\"https:\/\/telemet.com\/es\/?s={search_term_string}\"},\"query-input\":{\"@type\":\"PropertyValueSpecification\",\"valueRequired\":true,\"valueName\":\"search_term_string\"}}],\"inLanguage\":\"es-ES\"}]}<\/script>\n<!-- \/ Yoast SEO plugin. -->","yoast_head_json":{"title":"PistenBully\u00ae 400 4F - Telemet","robots":{"index":"index","follow":"follow","max-snippet":"max-snippet:-1","max-image-preview":"max-image-preview:large","max-video-preview":"max-video-preview:-1"},"canonical":"https:\/\/telemet.com\/es\/pistenbully\/pistenbully-400-4f\/","og_locale":"es_ES","og_type":"article","og_title":"PistenBully\u00ae 400 4F - Telemet","og_url":"https:\/\/telemet.com\/es\/pistenbully\/pistenbully-400-4f\/","og_site_name":"Telemet","article_modified_time":"2022-02-07T12:30:17+00:00","og_image":[{"url":"https:\/\/telemet.com\/wp-content\/uploads\/2022\/02\/PistenBully_400_4F_Cockpit_2015-05_1000.jpg","type":"","width":"","height":""}],"twitter_card":"summary_large_image","twitter_misc":{"Tiempo de lectura":"6 minutes"},"schema":{"@context":"https:\/\/schema.org","@graph":[{"@type":"WebPage","@id":"https:\/\/telemet.com\/es\/pistenbully\/pistenbully-400-4f\/","url":"https:\/\/telemet.com\/es\/pistenbully\/pistenbully-400-4f\/","name":"PistenBully\u00ae 400 4F - Telemet","isPartOf":{"@id":"https:\/\/telemet.com\/es\/#website"},"primaryImageOfPage":{"@id":"https:\/\/telemet.com\/es\/pistenbully\/pistenbully-400-4f\/#primaryimage"},"image":{"@id":"https:\/\/telemet.com\/es\/pistenbully\/pistenbully-400-4f\/#primaryimage"},"thumbnailUrl":"https:\/\/telemet.com\/wp-content\/uploads\/2022\/02\/PistenBully_400_4F_Cockpit_2015-05_1000.jpg","datePublished":"2016-07-25T15:03:28+00:00","dateModified":"2022-02-07T12:30:17+00:00","breadcrumb":{"@id":"https:\/\/telemet.com\/es\/pistenbully\/pistenbully-400-4f\/#breadcrumb"},"inLanguage":"es-ES","potentialAction":[{"@type":"ReadAction","target":["https:\/\/telemet.com\/es\/pistenbully\/pistenbully-400-4f\/"]}]},{"@type":"ImageObject","inLanguage":"es-ES","@id":"https:\/\/telemet.com\/es\/pistenbully\/pistenbully-400-4f\/#primaryimage","url":"https:\/\/telemet.com\/wp-content\/uploads\/2022\/02\/PistenBully_400_4F_Cockpit_2015-05_1000.jpg","contentUrl":"https:\/\/telemet.com\/wp-content\/uploads\/2022\/02\/PistenBully_400_4F_Cockpit_2015-05_1000.jpg"},{"@type":"BreadcrumbList","@id":"https:\/\/telemet.com\/es\/pistenbully\/pistenbully-400-4f\/#breadcrumb","itemListElement":[{"@type":"ListItem","position":1,"name":"Home","item":"https:\/\/telemet.com\/es\/"},{"@type":"ListItem","position":2,"name":"PistenBully","item":"https:\/\/telemet.com\/es\/pistenbully\/"},{"@type":"ListItem","position":3,"name":"PistenBully\u00ae 400 4F"}]},{"@type":"WebSite","@id":"https:\/\/telemet.com\/es\/#website","url":"https:\/\/telemet.com\/es\/","name":"Telemet, Inc.","description":"Efficiency through Simplicity","potentialAction":[{"@type":"SearchAction","target":{"@type":"EntryPoint","urlTemplate":"https:\/\/telemet.com\/es\/?s={search_term_string}"},"query-input":{"@type":"PropertyValueSpecification","valueRequired":true,"valueName":"search_term_string"}}],"inLanguage":"es-ES"}]}},"_links":{"self":[{"href":"https:\/\/telemet.com\/es\/wp-json\/wp\/v2\/pages\/6206","targetHints":{"allow":["GET"]}}],"collection":[{"href":"https:\/\/telemet.com\/es\/wp-json\/wp\/v2\/pages"}],"about":[{"href":"https:\/\/telemet.com\/es\/wp-json\/wp\/v2\/types\/page"}],"author":[{"embeddable":true,"href":"https:\/\/telemet.com\/es\/wp-json\/wp\/v2\/users\/1"}],"replies":[{"embeddable":true,"href":"https:\/\/telemet.com\/es\/wp-json\/wp\/v2\/comments?post=6206"}],"version-history":[{"count":5,"href":"https:\/\/telemet.com\/es\/wp-json\/wp\/v2\/pages\/6206\/revisions"}],"predecessor-version":[{"id":12870,"href":"https:\/\/telemet.com\/es\/wp-json\/wp\/v2\/pages\/6206\/revisions\/12870"}],"up":[{"embeddable":true,"href":"https:\/\/telemet.com\/es\/wp-json\/wp\/v2\/pages\/6261"}],"wp:attachment":[{"href":"https:\/\/telemet.com\/es\/wp-json\/wp\/v2\/media?parent=6206"}],"curies":[{"name":"wp","href":"https:\/\/api.w.org\/{rel}","templated":true}]}}