{"id":6220,"date":"2016-07-08T02:59:44","date_gmt":"2016-07-08T02:59:44","guid":{"rendered":"http:\/\/telemet.com\/meteorology\/research-forensics\/?lang=es"},"modified":"2017-04-24T20:44:15","modified_gmt":"2017-04-24T20:44:15","slug":"research-forensics","status":"publish","type":"page","link":"https:\/\/telemet.com\/es\/meteorology\/research-forensics\/","title":{"rendered":"Investigaci\u00f3n &#038; Forenses clim\u00e1ticos"},"content":{"rendered":"<div class=\"fusion-fullwidth fullwidth-box fusion-builder-row-1 nonhundred-percent-fullwidth non-hundred-percent-height-scrolling\" style=\"--awb-background-position:left top;--awb-border-radius-top-left:0px;--awb-border-radius-top-right:0px;--awb-border-radius-bottom-right:0px;--awb-border-radius-bottom-left:0px;--awb-padding-top:10px;--awb-padding-bottom:20px;--awb-border-sizes-top:0px;--awb-border-sizes-bottom:0px;--awb-flex-wrap:wrap;\" ><div class=\"fusion-builder-row fusion-row\"><div class=\"fusion-layout-column fusion_builder_column fusion-builder-column-0 fusion_builder_column_1_1 1_1 fusion-one-full fusion-column-first fusion-column-last fusion-column-no-min-height\" style=\"--awb-bg-size:cover;--awb-margin-top:0px;--awb-margin-bottom:0px;\"><div class=\"fusion-column-wrapper fusion-flex-column-wrapper-legacy\"><div class=\"fusion-title title fusion-title-1 fusion-sep-none fusion-title-text fusion-title-size-three\"><h3 class=\"fusion-title-heading title-heading-left fusion-responsive-typography-calculated\" style=\"margin:0;--fontSize:32;line-height:1.25;\">Se\u00f1alar tendencias clim\u00e1ticas a largo plazo, proveer estudios comparativos del historial meteorol\u00f3gico y recopilar forenses clim\u00e1ticos espec\u00edficos de data referente a eventos del tiempo ya registrados, son algunas de las actividades que el Centro de Investigaci\u00f3n y Forenses Clim\u00e1ticos lleva a cabo.<\/h3><\/div><div class=\"fusion-sep-clear\"><\/div><div class=\"fusion-separator fusion-full-width-sep\" style=\"margin-left: auto;margin-right: auto;margin-top:20px;width:100%;\"><\/div><div class=\"fusion-sep-clear\"><\/div><div class=\"fusion-image-element in-legacy-container\" style=\"--awb-caption-title-font-family:var(--h2_typography-font-family);--awb-caption-title-font-weight:var(--h2_typography-font-weight);--awb-caption-title-font-style:var(--h2_typography-font-style);--awb-caption-title-size:var(--h2_typography-font-size);--awb-caption-title-transform:var(--h2_typography-text-transform);--awb-caption-title-line-height:var(--h2_typography-line-height);--awb-caption-title-letter-spacing:var(--h2_typography-letter-spacing);\"><span class=\" fusion-imageframe imageframe-none imageframe-1 hover-type-none\"><img decoding=\"async\" width=\"800\" height=\"500\" title=\"forenses-meteo\" src=\"https:\/\/telemet.com\/wp-content\/uploads\/2016\/07\/forenses-meteo.jpg\" alt class=\"img-responsive wp-image-1780\" srcset=\"https:\/\/telemet.com\/wp-content\/uploads\/2016\/07\/forenses-meteo-200x125.jpg 200w, https:\/\/telemet.com\/wp-content\/uploads\/2016\/07\/forenses-meteo-400x250.jpg 400w, https:\/\/telemet.com\/wp-content\/uploads\/2016\/07\/forenses-meteo-600x375.jpg 600w, https:\/\/telemet.com\/wp-content\/uploads\/2016\/07\/forenses-meteo.jpg 800w\" sizes=\"(max-width: 800px) 100vw, 800px\" \/><\/span><\/div><div class=\"fusion-sep-clear\"><\/div><div class=\"fusion-separator fusion-full-width-sep\" style=\"margin-left: auto;margin-right: auto;margin-top:20px;width:100%;\"><\/div><div class=\"fusion-sep-clear\"><\/div><div class=\"fusion-text fusion-text-1\"><p>Los datos hist\u00f3ricos de clima \u00a0son \u00fatiles para clientes que buscan conocer los patrones y tendencias c\u00edclicas para determinar el comportamiento del clima en el \u00e1rea donde se ubicar\u00e1 un posible proyecto o para obtener r\u00e9cords de inter\u00e9s agr\u00edcola.<\/p>\n<p>\u00bfEst\u00e1 lista su empresa para utilizar estos recursos con el fin de maximizar \u00e9xito? \u00a1Cont\u00e1ctenos!<\/p>\n<\/div><div class=\"fusion-clearfix\"><\/div><\/div><\/div><\/div><\/div>\n","protected":false},"excerpt":{"rendered":"","protected":false},"author":1,"featured_media":0,"parent":6177,"menu_order":2,"comment_status":"closed","ping_status":"closed","template":"side-navigation.php","meta":{"footnotes":""},"class_list":["post-6220","page","type-page","status-publish","hentry"],"yoast_head":"<!-- This site is optimized with the Yoast SEO plugin v26.2 - https:\/\/yoast.com\/wordpress\/plugins\/seo\/ -->\n<title>Investigaci\u00f3n &amp; Forenses clim\u00e1ticos - Telemet<\/title>\n<meta name=\"robots\" content=\"index, follow, max-snippet:-1, max-image-preview:large, max-video-preview:-1\" \/>\n<link rel=\"canonical\" href=\"https:\/\/telemet.com\/es\/meteorology\/research-forensics\/\" \/>\n<meta property=\"og:locale\" content=\"es_ES\" \/>\n<meta property=\"og:type\" content=\"article\" \/>\n<meta property=\"og:title\" content=\"Investigaci\u00f3n &amp; Forenses clim\u00e1ticos - Telemet\" \/>\n<meta property=\"og:url\" content=\"https:\/\/telemet.com\/es\/meteorology\/research-forensics\/\" \/>\n<meta property=\"og:site_name\" content=\"Telemet\" \/>\n<meta property=\"article:modified_time\" content=\"2017-04-24T20:44:15+00:00\" \/>\n<meta property=\"og:image\" content=\"https:\/\/telemet.com\/wp-content\/uploads\/2016\/07\/forenses-meteo.jpg\" \/>\n<meta name=\"twitter:card\" content=\"summary_large_image\" \/>\n<meta name=\"twitter:label1\" content=\"Tiempo de lectura\" \/>\n\t<meta name=\"twitter:data1\" content=\"2 minutes\" \/>\n<script type=\"application\/ld+json\" class=\"yoast-schema-graph\">{\"@context\":\"https:\/\/schema.org\",\"@graph\":[{\"@type\":\"WebPage\",\"@id\":\"https:\/\/telemet.com\/es\/meteorology\/research-forensics\/\",\"url\":\"https:\/\/telemet.com\/es\/meteorology\/research-forensics\/\",\"name\":\"Investigaci\u00f3n & Forenses clim\u00e1ticos - Telemet\",\"isPartOf\":{\"@id\":\"https:\/\/telemet.com\/es\/#website\"},\"primaryImageOfPage\":{\"@id\":\"https:\/\/telemet.com\/es\/meteorology\/research-forensics\/#primaryimage\"},\"image\":{\"@id\":\"https:\/\/telemet.com\/es\/meteorology\/research-forensics\/#primaryimage\"},\"thumbnailUrl\":\"https:\/\/telemet.com\/wp-content\/uploads\/2016\/07\/forenses-meteo.jpg\",\"datePublished\":\"2016-07-08T02:59:44+00:00\",\"dateModified\":\"2017-04-24T20:44:15+00:00\",\"breadcrumb\":{\"@id\":\"https:\/\/telemet.com\/es\/meteorology\/research-forensics\/#breadcrumb\"},\"inLanguage\":\"es-ES\",\"potentialAction\":[{\"@type\":\"ReadAction\",\"target\":[\"https:\/\/telemet.com\/es\/meteorology\/research-forensics\/\"]}]},{\"@type\":\"ImageObject\",\"inLanguage\":\"es-ES\",\"@id\":\"https:\/\/telemet.com\/es\/meteorology\/research-forensics\/#primaryimage\",\"url\":\"https:\/\/telemet.com\/wp-content\/uploads\/2016\/07\/forenses-meteo.jpg\",\"contentUrl\":\"https:\/\/telemet.com\/wp-content\/uploads\/2016\/07\/forenses-meteo.jpg\"},{\"@type\":\"BreadcrumbList\",\"@id\":\"https:\/\/telemet.com\/es\/meteorology\/research-forensics\/#breadcrumb\",\"itemListElement\":[{\"@type\":\"ListItem\",\"position\":1,\"name\":\"Home\",\"item\":\"https:\/\/telemet.com\/es\/\"},{\"@type\":\"ListItem\",\"position\":2,\"name\":\"Meteorolog\u00eda\",\"item\":\"https:\/\/telemet.com\/es\/meteorology\/\"},{\"@type\":\"ListItem\",\"position\":3,\"name\":\"Investigaci\u00f3n &#038; Forenses clim\u00e1ticos\"}]},{\"@type\":\"WebSite\",\"@id\":\"https:\/\/telemet.com\/es\/#website\",\"url\":\"https:\/\/telemet.com\/es\/\",\"name\":\"Telemet, Inc.\",\"description\":\"Efficiency through Simplicity\",\"potentialAction\":[{\"@type\":\"SearchAction\",\"target\":{\"@type\":\"EntryPoint\",\"urlTemplate\":\"https:\/\/telemet.com\/es\/?s={search_term_string}\"},\"query-input\":{\"@type\":\"PropertyValueSpecification\",\"valueRequired\":true,\"valueName\":\"search_term_string\"}}],\"inLanguage\":\"es-ES\"}]}<\/script>\n<!-- \/ Yoast SEO plugin. -->","yoast_head_json":{"title":"Investigaci\u00f3n & Forenses clim\u00e1ticos - Telemet","robots":{"index":"index","follow":"follow","max-snippet":"max-snippet:-1","max-image-preview":"max-image-preview:large","max-video-preview":"max-video-preview:-1"},"canonical":"https:\/\/telemet.com\/es\/meteorology\/research-forensics\/","og_locale":"es_ES","og_type":"article","og_title":"Investigaci\u00f3n & Forenses clim\u00e1ticos - Telemet","og_url":"https:\/\/telemet.com\/es\/meteorology\/research-forensics\/","og_site_name":"Telemet","article_modified_time":"2017-04-24T20:44:15+00:00","og_image":[{"url":"https:\/\/telemet.com\/wp-content\/uploads\/2016\/07\/forenses-meteo.jpg","type":"","width":"","height":""}],"twitter_card":"summary_large_image","twitter_misc":{"Tiempo de lectura":"2 minutes"},"schema":{"@context":"https:\/\/schema.org","@graph":[{"@type":"WebPage","@id":"https:\/\/telemet.com\/es\/meteorology\/research-forensics\/","url":"https:\/\/telemet.com\/es\/meteorology\/research-forensics\/","name":"Investigaci\u00f3n & Forenses clim\u00e1ticos - Telemet","isPartOf":{"@id":"https:\/\/telemet.com\/es\/#website"},"primaryImageOfPage":{"@id":"https:\/\/telemet.com\/es\/meteorology\/research-forensics\/#primaryimage"},"image":{"@id":"https:\/\/telemet.com\/es\/meteorology\/research-forensics\/#primaryimage"},"thumbnailUrl":"https:\/\/telemet.com\/wp-content\/uploads\/2016\/07\/forenses-meteo.jpg","datePublished":"2016-07-08T02:59:44+00:00","dateModified":"2017-04-24T20:44:15+00:00","breadcrumb":{"@id":"https:\/\/telemet.com\/es\/meteorology\/research-forensics\/#breadcrumb"},"inLanguage":"es-ES","potentialAction":[{"@type":"ReadAction","target":["https:\/\/telemet.com\/es\/meteorology\/research-forensics\/"]}]},{"@type":"ImageObject","inLanguage":"es-ES","@id":"https:\/\/telemet.com\/es\/meteorology\/research-forensics\/#primaryimage","url":"https:\/\/telemet.com\/wp-content\/uploads\/2016\/07\/forenses-meteo.jpg","contentUrl":"https:\/\/telemet.com\/wp-content\/uploads\/2016\/07\/forenses-meteo.jpg"},{"@type":"BreadcrumbList","@id":"https:\/\/telemet.com\/es\/meteorology\/research-forensics\/#breadcrumb","itemListElement":[{"@type":"ListItem","position":1,"name":"Home","item":"https:\/\/telemet.com\/es\/"},{"@type":"ListItem","position":2,"name":"Meteorolog\u00eda","item":"https:\/\/telemet.com\/es\/meteorology\/"},{"@type":"ListItem","position":3,"name":"Investigaci\u00f3n &#038; Forenses clim\u00e1ticos"}]},{"@type":"WebSite","@id":"https:\/\/telemet.com\/es\/#website","url":"https:\/\/telemet.com\/es\/","name":"Telemet, Inc.","description":"Efficiency through Simplicity","potentialAction":[{"@type":"SearchAction","target":{"@type":"EntryPoint","urlTemplate":"https:\/\/telemet.com\/es\/?s={search_term_string}"},"query-input":{"@type":"PropertyValueSpecification","valueRequired":true,"valueName":"search_term_string"}}],"inLanguage":"es-ES"}]}},"_links":{"self":[{"href":"https:\/\/telemet.com\/es\/wp-json\/wp\/v2\/pages\/6220","targetHints":{"allow":["GET"]}}],"collection":[{"href":"https:\/\/telemet.com\/es\/wp-json\/wp\/v2\/pages"}],"about":[{"href":"https:\/\/telemet.com\/es\/wp-json\/wp\/v2\/types\/page"}],"author":[{"embeddable":true,"href":"https:\/\/telemet.com\/es\/wp-json\/wp\/v2\/users\/1"}],"replies":[{"embeddable":true,"href":"https:\/\/telemet.com\/es\/wp-json\/wp\/v2\/comments?post=6220"}],"version-history":[{"count":5,"href":"https:\/\/telemet.com\/es\/wp-json\/wp\/v2\/pages\/6220\/revisions"}],"predecessor-version":[{"id":8573,"href":"https:\/\/telemet.com\/es\/wp-json\/wp\/v2\/pages\/6220\/revisions\/8573"}],"up":[{"embeddable":true,"href":"https:\/\/telemet.com\/es\/wp-json\/wp\/v2\/pages\/6177"}],"wp:attachment":[{"href":"https:\/\/telemet.com\/es\/wp-json\/wp\/v2\/media?parent=6220"}],"curies":[{"name":"wp","href":"https:\/\/api.w.org\/{rel}","templated":true}]}}