{"id":6221,"date":"2016-08-29T20:27:31","date_gmt":"2016-08-29T20:27:31","guid":{"rendered":"http:\/\/telemet.com\/pistenbully-600-scr\/?lang=es"},"modified":"2017-04-24T20:43:49","modified_gmt":"2017-04-24T20:43:49","slug":"pistenbully-600-scr","status":"publish","type":"page","link":"https:\/\/telemet.com\/es\/pistenbully\/pistenbully-600-scr\/","title":{"rendered":"PistenBully\u00ae 600 SCR"},"content":{"rendered":"<div class=\"fusion-fullwidth fullwidth-box fusion-builder-row-1 nonhundred-percent-fullwidth non-hundred-percent-height-scrolling\" style=\"--awb-background-position:left top;--awb-border-radius-top-left:0px;--awb-border-radius-top-right:0px;--awb-border-radius-bottom-right:0px;--awb-border-radius-bottom-left:0px;--awb-padding-top:20px;--awb-padding-bottom:20px;--awb-border-sizes-top:0px;--awb-border-sizes-bottom:0px;--awb-flex-wrap:wrap;\" ><div class=\"fusion-builder-row fusion-row\"><div class=\"fusion-layout-column fusion_builder_column fusion-builder-column-0 fusion_builder_column_1_1 1_1 fusion-one-full fusion-column-first fusion-column-last fusion-column-no-min-height\" style=\"--awb-bg-size:cover;--awb-margin-top:0px;--awb-margin-bottom:0px;\"><div class=\"fusion-column-wrapper fusion-flex-column-wrapper-legacy\"><div class=\"fusion-image-element fusion-image-align-center in-legacy-container\" style=\"text-align:center;--awb-caption-title-font-family:var(--h2_typography-font-family);--awb-caption-title-font-weight:var(--h2_typography-font-weight);--awb-caption-title-font-style:var(--h2_typography-font-style);--awb-caption-title-size:var(--h2_typography-font-size);--awb-caption-title-transform:var(--h2_typography-text-transform);--awb-caption-title-line-height:var(--h2_typography-line-height);--awb-caption-title-letter-spacing:var(--h2_typography-letter-spacing);\"><div class=\"imageframe-align-center\"><span class=\" fusion-imageframe imageframe-none imageframe-1 hover-type-none\"><img decoding=\"async\" width=\"900\" height=\"488\" title=\"600-scr-foto1\" src=\"https:\/\/telemet.com\/wp-content\/uploads\/2016\/08\/600-scr-foto1.jpg\" alt class=\"img-responsive wp-image-6090\" srcset=\"https:\/\/telemet.com\/wp-content\/uploads\/2016\/08\/600-scr-foto1-200x108.jpg 200w, https:\/\/telemet.com\/wp-content\/uploads\/2016\/08\/600-scr-foto1-400x217.jpg 400w, https:\/\/telemet.com\/wp-content\/uploads\/2016\/08\/600-scr-foto1-600x325.jpg 600w, https:\/\/telemet.com\/wp-content\/uploads\/2016\/08\/600-scr-foto1-800x434.jpg 800w, https:\/\/telemet.com\/wp-content\/uploads\/2016\/08\/600-scr-foto1.jpg 900w\" sizes=\"(max-width: 800px) 100vw, 900px\" \/><\/span><\/div><\/div><div class=\"fusion-sep-clear\"><\/div><div class=\"fusion-separator fusion-full-width-sep\" style=\"margin-left: auto;margin-right: auto;margin-top:20px;width:100%;\"><\/div><div class=\"fusion-sep-clear\"><\/div><div class=\"fusion-align-block\"><a class=\"fusion-button button-flat button-xlarge button-default fusion-button-default button-1 fusion-button-span-yes \" target=\"_blank\" rel=\"noopener noreferrer\" href=\"\/wp-content\/uploads\/2016\/08\/PistenBully_600_scr_en.pdf\"><i class=\" fa fa-file-pdf-o awb-button__icon awb-button__icon--default button-icon-left\" aria-hidden=\"true\"><\/i><span class=\"fusion-button-text awb-button__text awb-button__text--default\">Descargar Folleto (PDF)<\/span><\/a><\/div><div class=\"fusion-sep-clear\"><\/div><div class=\"fusion-separator fusion-full-width-sep\" style=\"margin-left: auto;margin-right: auto;margin-top:20px;width:100%;\"><\/div><div class=\"fusion-sep-clear\"><\/div><div class=\"fusion-align-block\"><a class=\"fusion-button button-flat button-xlarge button-default fusion-button-default button-2 fusion-button-span-yes \" target=\"_blank\" rel=\"noopener noreferrer\" href=\"\/wp-content\/uploads\/2016\/08\/PistenBully_600_scr_en_daten.pdf\"><i class=\" fa fa-file-pdf-o awb-button__icon awb-button__icon--default button-icon-left\" aria-hidden=\"true\"><\/i><span class=\"fusion-button-text awb-button__text awb-button__text--default\">Descargar Ficha T\u00e9cnica (PDF)<\/span><\/a><\/div><div class=\"fusion-sep-clear\"><\/div><div class=\"fusion-separator fusion-full-width-sep\" style=\"margin-left: auto;margin-right: auto;margin-top:20px;width:100%;\"><\/div><div class=\"fusion-sep-clear\"><\/div><div class=\"fusion-text fusion-text-1\"><h3>Rendimiento 100 % sobre cualquier terreno<\/h3>\n<p>El PistenBully 600 SCR est\u00e1 equipado con gran potencia gracias a un motor con m\u00e1s torque y sistemas hidr\u00e1ulicos m\u00e1s poderosos. Su destacada capacidad de manejo y su andar obtendr\u00e1n ciertamente su atenci\u00f3n.<\/p>\n<p><div class=\"fusion-title title fusion-title-1 fusion-title-text fusion-title-size-two cazul\" style=\"--awb-margin-top:20px;--awb-margin-bottom:10px;--awb-sep-color:#35baf2;\"><h2 class=\"fusion-title-heading title-heading-left fusion-responsive-typography-calculated\" style=\"margin:0;--fontSize:40;line-height:1.2;\">COCKPIT<\/h2><span class=\"awb-title-spacer\"><\/span><div class=\"title-sep-container\"><div class=\"title-sep sep-double sep-solid\" style=\"border-color:#35baf2;\"><\/div><\/div><\/div>\n<iframe src=\"http:\/\/www.pistenbully.com\/fileadmin\/content_pistenbully\/panorama\/pistenbully-600\/panorama-600.html\" width=\"820\" height=\"400\" frameborder=\"0\" marginwidth=\"0\" marginheight=\"0\" scrolling=\"no\"><\/iframe><\/p>\n<h3><strong>M\u00e1s estabilidad, m\u00e1s control y m\u00e1s dominio<\/strong><\/h3>\n<p>El PistenBully 600 SCR tiene una nueva generaci\u00f3n de bombas hidr\u00e1ulicas al igual que hidr\u00e1ulicos delanteros\u00a0optimizados. Adem\u00e1s, nos esforzamos continuamente en mejorar\u00a0nuestros veh\u00edculos en\u00a0todos sus detalles.<\/p>\n<p>&nbsp;<\/p>\n<h3><strong>Motorizaci\u00f3n amable con el medio ambiente<\/strong><\/h3>\n<p>El PistenBully 600 SCR produce 90% menos de emisiones. La reducci\u00f3n en emisiones de nitr\u00f3geno est\u00e1 corregida aguas abajo, por un convertidor catal\u00edtico SCR. El veh\u00edculo cumple con las normas de emisi\u00f3n de gases de escape Etapa 4i.<\/p>\n<p>&nbsp;<\/p>\n<h3><strong>M\u00e1xima estabilidad y m\u00e1ximo empuje<\/strong><\/h3>\n<p>Las fuerzas est\u00e1n distribuidas uniformemente en toda la estructura del veh\u00edculo durante las tareas de empuje. Esto tiene un efecto positivo, lo cual resulta en un andar estable y un desempe\u00f1o destacado en el empuje.<\/p>\n<p>&nbsp;<\/p>\n<h3><strong>Alta flexibilidad y comportamiento ideal de rolado<\/strong><\/h3>\n<p>La amplia pala <em>All-Way<\/em> asegura la m\u00e1s alta flexibilidad y el joystick optimizado le dan al operador un control preciso y una tarea libre de estr\u00e9s. La especial corona de rolado sobre la pala generan en la nieve las mejores caracter\u00edsticas para el rolado.<\/p>\n<p>&nbsp;<\/p>\n<h3><strong>Calidad de nieve perfecta, bajo las condiciones m\u00e1s duras<\/strong><\/h3>\n<p>Los arboles de la fresa preparan la nieve y aseguran la mejor calidad de pistas. La superficie terminada alcanza los est\u00e1ndares t\u00e9cnicos m\u00e1s altos y proporcionan un terminado tipo pana, parejo.<\/p>\n<p>&nbsp;<\/p>\n<h3><strong>Adapt\u00e1ndose a las condiciones cambiantes individualmente y de forma r\u00e1pida<\/strong><\/h3>\n<p>Las bien pensadas modificaciones a la fresa garantizan una preparaci\u00f3n de la nieve sobresaliente. Todas las variables de configuraci\u00f3n pueden ser guardadas y recordadas\u00a0 usando la funci\u00f3n de la memoria.<\/p>\n<\/div><div class=\"fusion-clearfix\"><\/div><\/div><\/div><\/div><\/div>\n","protected":false},"excerpt":{"rendered":"","protected":false},"author":1,"featured_media":0,"parent":6261,"menu_order":18,"comment_status":"closed","ping_status":"closed","template":"side-navigation.php","meta":{"footnotes":""},"class_list":["post-6221","page","type-page","status-publish","hentry"],"yoast_head":"<!-- This site is optimized with the Yoast SEO plugin v26.2 - https:\/\/yoast.com\/wordpress\/plugins\/seo\/ -->\n<title>PistenBully\u00ae 600 SCR - Telemet<\/title>\n<meta name=\"robots\" content=\"index, follow, max-snippet:-1, max-image-preview:large, max-video-preview:-1\" \/>\n<link rel=\"canonical\" href=\"https:\/\/telemet.com\/es\/pistenbully\/pistenbully-600-scr\/\" \/>\n<meta property=\"og:locale\" content=\"es_ES\" \/>\n<meta property=\"og:type\" content=\"article\" \/>\n<meta property=\"og:title\" content=\"PistenBully\u00ae 600 SCR - Telemet\" \/>\n<meta property=\"og:url\" content=\"https:\/\/telemet.com\/es\/pistenbully\/pistenbully-600-scr\/\" \/>\n<meta property=\"og:site_name\" content=\"Telemet\" \/>\n<meta property=\"article:modified_time\" content=\"2017-04-24T20:43:49+00:00\" \/>\n<meta property=\"og:image\" content=\"https:\/\/telemet.com\/wp-content\/uploads\/2016\/08\/600-scr-foto1.jpg\" \/>\n<meta name=\"twitter:card\" content=\"summary_large_image\" \/>\n<meta name=\"twitter:label1\" content=\"Tiempo de lectura\" \/>\n\t<meta name=\"twitter:data1\" content=\"4 minutes\" \/>\n<script type=\"application\/ld+json\" class=\"yoast-schema-graph\">{\"@context\":\"https:\/\/schema.org\",\"@graph\":[{\"@type\":\"WebPage\",\"@id\":\"https:\/\/telemet.com\/es\/pistenbully\/pistenbully-600-scr\/\",\"url\":\"https:\/\/telemet.com\/es\/pistenbully\/pistenbully-600-scr\/\",\"name\":\"PistenBully\u00ae 600 SCR - Telemet\",\"isPartOf\":{\"@id\":\"https:\/\/telemet.com\/es\/#website\"},\"primaryImageOfPage\":{\"@id\":\"https:\/\/telemet.com\/es\/pistenbully\/pistenbully-600-scr\/#primaryimage\"},\"image\":{\"@id\":\"https:\/\/telemet.com\/es\/pistenbully\/pistenbully-600-scr\/#primaryimage\"},\"thumbnailUrl\":\"https:\/\/telemet.com\/wp-content\/uploads\/2016\/08\/600-scr-foto1.jpg\",\"datePublished\":\"2016-08-29T20:27:31+00:00\",\"dateModified\":\"2017-04-24T20:43:49+00:00\",\"breadcrumb\":{\"@id\":\"https:\/\/telemet.com\/es\/pistenbully\/pistenbully-600-scr\/#breadcrumb\"},\"inLanguage\":\"es-ES\",\"potentialAction\":[{\"@type\":\"ReadAction\",\"target\":[\"https:\/\/telemet.com\/es\/pistenbully\/pistenbully-600-scr\/\"]}]},{\"@type\":\"ImageObject\",\"inLanguage\":\"es-ES\",\"@id\":\"https:\/\/telemet.com\/es\/pistenbully\/pistenbully-600-scr\/#primaryimage\",\"url\":\"https:\/\/telemet.com\/wp-content\/uploads\/2016\/08\/600-scr-foto1.jpg\",\"contentUrl\":\"https:\/\/telemet.com\/wp-content\/uploads\/2016\/08\/600-scr-foto1.jpg\"},{\"@type\":\"BreadcrumbList\",\"@id\":\"https:\/\/telemet.com\/es\/pistenbully\/pistenbully-600-scr\/#breadcrumb\",\"itemListElement\":[{\"@type\":\"ListItem\",\"position\":1,\"name\":\"Home\",\"item\":\"https:\/\/telemet.com\/es\/\"},{\"@type\":\"ListItem\",\"position\":2,\"name\":\"PistenBully\",\"item\":\"https:\/\/telemet.com\/es\/pistenbully\/\"},{\"@type\":\"ListItem\",\"position\":3,\"name\":\"PistenBully\u00ae 600 SCR\"}]},{\"@type\":\"WebSite\",\"@id\":\"https:\/\/telemet.com\/es\/#website\",\"url\":\"https:\/\/telemet.com\/es\/\",\"name\":\"Telemet, Inc.\",\"description\":\"Efficiency through Simplicity\",\"potentialAction\":[{\"@type\":\"SearchAction\",\"target\":{\"@type\":\"EntryPoint\",\"urlTemplate\":\"https:\/\/telemet.com\/es\/?s={search_term_string}\"},\"query-input\":{\"@type\":\"PropertyValueSpecification\",\"valueRequired\":true,\"valueName\":\"search_term_string\"}}],\"inLanguage\":\"es-ES\"}]}<\/script>\n<!-- \/ Yoast SEO plugin. -->","yoast_head_json":{"title":"PistenBully\u00ae 600 SCR - Telemet","robots":{"index":"index","follow":"follow","max-snippet":"max-snippet:-1","max-image-preview":"max-image-preview:large","max-video-preview":"max-video-preview:-1"},"canonical":"https:\/\/telemet.com\/es\/pistenbully\/pistenbully-600-scr\/","og_locale":"es_ES","og_type":"article","og_title":"PistenBully\u00ae 600 SCR - Telemet","og_url":"https:\/\/telemet.com\/es\/pistenbully\/pistenbully-600-scr\/","og_site_name":"Telemet","article_modified_time":"2017-04-24T20:43:49+00:00","og_image":[{"url":"https:\/\/telemet.com\/wp-content\/uploads\/2016\/08\/600-scr-foto1.jpg","type":"","width":"","height":""}],"twitter_card":"summary_large_image","twitter_misc":{"Tiempo de lectura":"4 minutes"},"schema":{"@context":"https:\/\/schema.org","@graph":[{"@type":"WebPage","@id":"https:\/\/telemet.com\/es\/pistenbully\/pistenbully-600-scr\/","url":"https:\/\/telemet.com\/es\/pistenbully\/pistenbully-600-scr\/","name":"PistenBully\u00ae 600 SCR - Telemet","isPartOf":{"@id":"https:\/\/telemet.com\/es\/#website"},"primaryImageOfPage":{"@id":"https:\/\/telemet.com\/es\/pistenbully\/pistenbully-600-scr\/#primaryimage"},"image":{"@id":"https:\/\/telemet.com\/es\/pistenbully\/pistenbully-600-scr\/#primaryimage"},"thumbnailUrl":"https:\/\/telemet.com\/wp-content\/uploads\/2016\/08\/600-scr-foto1.jpg","datePublished":"2016-08-29T20:27:31+00:00","dateModified":"2017-04-24T20:43:49+00:00","breadcrumb":{"@id":"https:\/\/telemet.com\/es\/pistenbully\/pistenbully-600-scr\/#breadcrumb"},"inLanguage":"es-ES","potentialAction":[{"@type":"ReadAction","target":["https:\/\/telemet.com\/es\/pistenbully\/pistenbully-600-scr\/"]}]},{"@type":"ImageObject","inLanguage":"es-ES","@id":"https:\/\/telemet.com\/es\/pistenbully\/pistenbully-600-scr\/#primaryimage","url":"https:\/\/telemet.com\/wp-content\/uploads\/2016\/08\/600-scr-foto1.jpg","contentUrl":"https:\/\/telemet.com\/wp-content\/uploads\/2016\/08\/600-scr-foto1.jpg"},{"@type":"BreadcrumbList","@id":"https:\/\/telemet.com\/es\/pistenbully\/pistenbully-600-scr\/#breadcrumb","itemListElement":[{"@type":"ListItem","position":1,"name":"Home","item":"https:\/\/telemet.com\/es\/"},{"@type":"ListItem","position":2,"name":"PistenBully","item":"https:\/\/telemet.com\/es\/pistenbully\/"},{"@type":"ListItem","position":3,"name":"PistenBully\u00ae 600 SCR"}]},{"@type":"WebSite","@id":"https:\/\/telemet.com\/es\/#website","url":"https:\/\/telemet.com\/es\/","name":"Telemet, Inc.","description":"Efficiency through Simplicity","potentialAction":[{"@type":"SearchAction","target":{"@type":"EntryPoint","urlTemplate":"https:\/\/telemet.com\/es\/?s={search_term_string}"},"query-input":{"@type":"PropertyValueSpecification","valueRequired":true,"valueName":"search_term_string"}}],"inLanguage":"es-ES"}]}},"_links":{"self":[{"href":"https:\/\/telemet.com\/es\/wp-json\/wp\/v2\/pages\/6221","targetHints":{"allow":["GET"]}}],"collection":[{"href":"https:\/\/telemet.com\/es\/wp-json\/wp\/v2\/pages"}],"about":[{"href":"https:\/\/telemet.com\/es\/wp-json\/wp\/v2\/types\/page"}],"author":[{"embeddable":true,"href":"https:\/\/telemet.com\/es\/wp-json\/wp\/v2\/users\/1"}],"replies":[{"embeddable":true,"href":"https:\/\/telemet.com\/es\/wp-json\/wp\/v2\/comments?post=6221"}],"version-history":[{"count":3,"href":"https:\/\/telemet.com\/es\/wp-json\/wp\/v2\/pages\/6221\/revisions"}],"predecessor-version":[{"id":8383,"href":"https:\/\/telemet.com\/es\/wp-json\/wp\/v2\/pages\/6221\/revisions\/8383"}],"up":[{"embeddable":true,"href":"https:\/\/telemet.com\/es\/wp-json\/wp\/v2\/pages\/6261"}],"wp:attachment":[{"href":"https:\/\/telemet.com\/es\/wp-json\/wp\/v2\/media?parent=6221"}],"curies":[{"name":"wp","href":"https:\/\/api.w.org\/{rel}","templated":true}]}}