{"id":6228,"date":"2016-08-01T20:43:45","date_gmt":"2016-08-01T20:43:45","guid":{"rendered":"http:\/\/telemet.com\/5t\/?lang=es"},"modified":"2019-11-15T11:42:01","modified_gmt":"2019-11-15T11:42:01","slug":"5t","status":"publish","type":"page","link":"https:\/\/telemet.com\/es\/powerbully\/5t\/","title":{"rendered":"PowerBully\u00ae 5T"},"content":{"rendered":"<div class=\"fusion-fullwidth fullwidth-box fusion-builder-row-1 nonhundred-percent-fullwidth non-hundred-percent-height-scrolling\" style=\"--awb-background-position:left top;--awb-border-radius-top-left:0px;--awb-border-radius-top-right:0px;--awb-border-radius-bottom-right:0px;--awb-border-radius-bottom-left:0px;--awb-padding-top:0px;--awb-padding-bottom:20px;--awb-border-sizes-top:0px;--awb-border-sizes-bottom:0px;--awb-flex-wrap:wrap;\" ><div class=\"fusion-builder-row fusion-row\"><div class=\"fusion-layout-column fusion_builder_column fusion-builder-column-0 fusion_builder_column_1_1 1_1 fusion-one-full fusion-column-first fusion-column-last fusion-column-no-min-height\" style=\"--awb-bg-size:cover;--awb-margin-top:0px;--awb-margin-bottom:0px;\"><div class=\"fusion-column-wrapper fusion-flex-column-wrapper-legacy\"><div class=\"fusion-slider-sc fusion-flexslider-loading flexslider flexslider-hover-type-none\" data-slideshow_autoplay=\"1\" data-slideshow_smooth_height=\"0\" data-slideshow_speed=\"7000\" style=\"max-width:100%;height:100%;\"><ul class=\"slides\"><li class=\"image\"><span class=\"fusion-image-hover-element hover-type-none\"><img decoding=\"async\" src=\"https:\/\/telemet.com\/wp-content\/uploads\/2019\/11\/Powerbully-5T-01.jpg\" width=\"940\" height=\"600\" class=\"wp-image-10357\" srcset=\"https:\/\/telemet.com\/wp-content\/uploads\/2019\/11\/Powerbully-5T-01-200x128.jpg 200w, https:\/\/telemet.com\/wp-content\/uploads\/2019\/11\/Powerbully-5T-01-400x255.jpg 400w, https:\/\/telemet.com\/wp-content\/uploads\/2019\/11\/Powerbully-5T-01-600x383.jpg 600w, https:\/\/telemet.com\/wp-content\/uploads\/2019\/11\/Powerbully-5T-01-800x511.jpg 800w, https:\/\/telemet.com\/wp-content\/uploads\/2019\/11\/Powerbully-5T-01.jpg 940w\" sizes=\"(max-width: 800px) 100vw, 940px\" \/><\/span><\/li><li class=\"image\"><span class=\"fusion-image-hover-element hover-type-none\"><img decoding=\"async\" src=\"https:\/\/telemet.com\/wp-content\/uploads\/2019\/11\/Powerbully-5T-02.jpg\" width=\"940\" height=\"600\" class=\"wp-image-10359\" srcset=\"https:\/\/telemet.com\/wp-content\/uploads\/2019\/11\/Powerbully-5T-02-200x128.jpg 200w, https:\/\/telemet.com\/wp-content\/uploads\/2019\/11\/Powerbully-5T-02-400x255.jpg 400w, https:\/\/telemet.com\/wp-content\/uploads\/2019\/11\/Powerbully-5T-02-600x383.jpg 600w, https:\/\/telemet.com\/wp-content\/uploads\/2019\/11\/Powerbully-5T-02-800x511.jpg 800w, https:\/\/telemet.com\/wp-content\/uploads\/2019\/11\/Powerbully-5T-02.jpg 940w\" sizes=\"(max-width: 800px) 100vw, 940px\" \/><\/span><\/li><li class=\"image\"><span class=\"fusion-image-hover-element hover-type-none\"><img decoding=\"async\" src=\"https:\/\/telemet.com\/wp-content\/uploads\/2019\/11\/Powerbully-5T-04.jpg\" width=\"940\" height=\"600\" class=\"wp-image-10363\" srcset=\"https:\/\/telemet.com\/wp-content\/uploads\/2019\/11\/Powerbully-5T-04-200x128.jpg 200w, https:\/\/telemet.com\/wp-content\/uploads\/2019\/11\/Powerbully-5T-04-400x255.jpg 400w, https:\/\/telemet.com\/wp-content\/uploads\/2019\/11\/Powerbully-5T-04-600x383.jpg 600w, https:\/\/telemet.com\/wp-content\/uploads\/2019\/11\/Powerbully-5T-04-800x511.jpg 800w, https:\/\/telemet.com\/wp-content\/uploads\/2019\/11\/Powerbully-5T-04.jpg 940w\" sizes=\"(max-width: 800px) 100vw, 940px\" \/><\/span><\/li><li class=\"image\"><span class=\"fusion-image-hover-element hover-type-none\"><img decoding=\"async\" src=\"https:\/\/telemet.com\/wp-content\/uploads\/2019\/11\/Powerbully-5T-05.jpg\" width=\"940\" height=\"600\" class=\"wp-image-10365\" srcset=\"https:\/\/telemet.com\/wp-content\/uploads\/2019\/11\/Powerbully-5T-05-200x128.jpg 200w, https:\/\/telemet.com\/wp-content\/uploads\/2019\/11\/Powerbully-5T-05-400x255.jpg 400w, https:\/\/telemet.com\/wp-content\/uploads\/2019\/11\/Powerbully-5T-05-600x383.jpg 600w, https:\/\/telemet.com\/wp-content\/uploads\/2019\/11\/Powerbully-5T-05-800x511.jpg 800w, https:\/\/telemet.com\/wp-content\/uploads\/2019\/11\/Powerbully-5T-05.jpg 940w\" sizes=\"(max-width: 800px) 100vw, 940px\" \/><\/span><\/li><li class=\"image\"><span class=\"fusion-image-hover-element hover-type-none\"><img decoding=\"async\" src=\"https:\/\/telemet.com\/wp-content\/uploads\/2019\/11\/Powerbully-5T-06.jpg\" width=\"940\" height=\"600\" class=\"wp-image-10367\" srcset=\"https:\/\/telemet.com\/wp-content\/uploads\/2019\/11\/Powerbully-5T-06-200x128.jpg 200w, https:\/\/telemet.com\/wp-content\/uploads\/2019\/11\/Powerbully-5T-06-400x255.jpg 400w, https:\/\/telemet.com\/wp-content\/uploads\/2019\/11\/Powerbully-5T-06-600x383.jpg 600w, https:\/\/telemet.com\/wp-content\/uploads\/2019\/11\/Powerbully-5T-06-800x511.jpg 800w, https:\/\/telemet.com\/wp-content\/uploads\/2019\/11\/Powerbully-5T-06.jpg 940w\" sizes=\"(max-width: 800px) 100vw, 940px\" \/><\/span><\/li><li class=\"image\"><span class=\"fusion-image-hover-element hover-type-none\"><img decoding=\"async\" src=\"https:\/\/telemet.com\/wp-content\/uploads\/2019\/11\/Powerbully-5T-08.jpg\" width=\"940\" height=\"600\" class=\"wp-image-10369\" srcset=\"https:\/\/telemet.com\/wp-content\/uploads\/2019\/11\/Powerbully-5T-08-200x128.jpg 200w, https:\/\/telemet.com\/wp-content\/uploads\/2019\/11\/Powerbully-5T-08-400x255.jpg 400w, https:\/\/telemet.com\/wp-content\/uploads\/2019\/11\/Powerbully-5T-08-600x383.jpg 600w, https:\/\/telemet.com\/wp-content\/uploads\/2019\/11\/Powerbully-5T-08-800x511.jpg 800w, https:\/\/telemet.com\/wp-content\/uploads\/2019\/11\/Powerbully-5T-08.jpg 940w\" sizes=\"(max-width: 800px) 100vw, 940px\" \/><\/span><\/li><li class=\"image\"><span class=\"fusion-image-hover-element hover-type-none\"><img decoding=\"async\" src=\"https:\/\/telemet.com\/wp-content\/uploads\/2019\/11\/Powerbully-5T-09.jpg\" width=\"940\" height=\"600\" class=\"wp-image-10371\" srcset=\"https:\/\/telemet.com\/wp-content\/uploads\/2019\/11\/Powerbully-5T-09-200x128.jpg 200w, https:\/\/telemet.com\/wp-content\/uploads\/2019\/11\/Powerbully-5T-09-400x255.jpg 400w, https:\/\/telemet.com\/wp-content\/uploads\/2019\/11\/Powerbully-5T-09-600x383.jpg 600w, https:\/\/telemet.com\/wp-content\/uploads\/2019\/11\/Powerbully-5T-09-800x511.jpg 800w, https:\/\/telemet.com\/wp-content\/uploads\/2019\/11\/Powerbully-5T-09.jpg 940w\" sizes=\"(max-width: 800px) 100vw, 940px\" \/><\/span><\/li><li class=\"image\"><span class=\"fusion-image-hover-element hover-type-none\"><img decoding=\"async\" src=\"https:\/\/telemet.com\/wp-content\/uploads\/2019\/11\/Powerbully-5T-03.jpg\" width=\"940\" height=\"600\" class=\"wp-image-10361\" srcset=\"https:\/\/telemet.com\/wp-content\/uploads\/2019\/11\/Powerbully-5T-03-200x128.jpg 200w, https:\/\/telemet.com\/wp-content\/uploads\/2019\/11\/Powerbully-5T-03-400x255.jpg 400w, https:\/\/telemet.com\/wp-content\/uploads\/2019\/11\/Powerbully-5T-03-600x383.jpg 600w, https:\/\/telemet.com\/wp-content\/uploads\/2019\/11\/Powerbully-5T-03-800x511.jpg 800w, https:\/\/telemet.com\/wp-content\/uploads\/2019\/11\/Powerbully-5T-03.jpg 940w\" sizes=\"(max-width: 800px) 100vw, 940px\" \/><\/span><\/li><li class=\"image\"><span class=\"fusion-image-hover-element hover-type-none\"><img decoding=\"async\" src=\"https:\/\/telemet.com\/wp-content\/uploads\/2019\/11\/Powerbully-5T-10.jpg\" width=\"940\" height=\"600\" class=\"wp-image-10373\" srcset=\"https:\/\/telemet.com\/wp-content\/uploads\/2019\/11\/Powerbully-5T-10-200x128.jpg 200w, https:\/\/telemet.com\/wp-content\/uploads\/2019\/11\/Powerbully-5T-10-400x255.jpg 400w, https:\/\/telemet.com\/wp-content\/uploads\/2019\/11\/Powerbully-5T-10-600x383.jpg 600w, https:\/\/telemet.com\/wp-content\/uploads\/2019\/11\/Powerbully-5T-10-800x511.jpg 800w, https:\/\/telemet.com\/wp-content\/uploads\/2019\/11\/Powerbully-5T-10.jpg 940w\" sizes=\"(max-width: 800px) 100vw, 940px\" \/><\/span><\/li><li class=\"image\"><span class=\"fusion-image-hover-element hover-type-none\"><img decoding=\"async\" src=\"https:\/\/telemet.com\/wp-content\/uploads\/2019\/11\/Powerbully-5T-11.jpg\" width=\"940\" height=\"600\" class=\"wp-image-10375\" srcset=\"https:\/\/telemet.com\/wp-content\/uploads\/2019\/11\/Powerbully-5T-11-200x128.jpg 200w, https:\/\/telemet.com\/wp-content\/uploads\/2019\/11\/Powerbully-5T-11-400x255.jpg 400w, https:\/\/telemet.com\/wp-content\/uploads\/2019\/11\/Powerbully-5T-11-600x383.jpg 600w, https:\/\/telemet.com\/wp-content\/uploads\/2019\/11\/Powerbully-5T-11-800x511.jpg 800w, https:\/\/telemet.com\/wp-content\/uploads\/2019\/11\/Powerbully-5T-11.jpg 940w\" sizes=\"(max-width: 800px) 100vw, 940px\" \/><\/span><\/li><li class=\"image\"><span class=\"fusion-image-hover-element hover-type-none\"><img decoding=\"async\" src=\"https:\/\/telemet.com\/wp-content\/uploads\/2019\/11\/Powerbully-5T-12.jpg\" width=\"940\" height=\"600\" class=\"wp-image-10377\" srcset=\"https:\/\/telemet.com\/wp-content\/uploads\/2019\/11\/Powerbully-5T-12-200x128.jpg 200w, https:\/\/telemet.com\/wp-content\/uploads\/2019\/11\/Powerbully-5T-12-400x255.jpg 400w, https:\/\/telemet.com\/wp-content\/uploads\/2019\/11\/Powerbully-5T-12-600x383.jpg 600w, https:\/\/telemet.com\/wp-content\/uploads\/2019\/11\/Powerbully-5T-12-800x511.jpg 800w, https:\/\/telemet.com\/wp-content\/uploads\/2019\/11\/Powerbully-5T-12.jpg 940w\" sizes=\"(max-width: 800px) 100vw, 940px\" \/><\/span><\/li><li class=\"image\"><span class=\"fusion-image-hover-element hover-type-none\"><img decoding=\"async\" src=\"https:\/\/telemet.com\/wp-content\/uploads\/2019\/11\/Powerbully-5T-13.jpg\" width=\"940\" height=\"600\" class=\"wp-image-10379\" srcset=\"https:\/\/telemet.com\/wp-content\/uploads\/2019\/11\/Powerbully-5T-13-200x128.jpg 200w, https:\/\/telemet.com\/wp-content\/uploads\/2019\/11\/Powerbully-5T-13-400x255.jpg 400w, https:\/\/telemet.com\/wp-content\/uploads\/2019\/11\/Powerbully-5T-13-600x383.jpg 600w, https:\/\/telemet.com\/wp-content\/uploads\/2019\/11\/Powerbully-5T-13-800x511.jpg 800w, https:\/\/telemet.com\/wp-content\/uploads\/2019\/11\/Powerbully-5T-13.jpg 940w\" sizes=\"(max-width: 800px) 100vw, 940px\" \/><\/span><\/li><li class=\"image\"><span class=\"fusion-image-hover-element hover-type-none\"><img decoding=\"async\" src=\"https:\/\/telemet.com\/wp-content\/uploads\/2019\/11\/Powerbully-5T-14.jpg\" width=\"940\" height=\"600\" class=\"wp-image-10381\" srcset=\"https:\/\/telemet.com\/wp-content\/uploads\/2019\/11\/Powerbully-5T-14-200x128.jpg 200w, https:\/\/telemet.com\/wp-content\/uploads\/2019\/11\/Powerbully-5T-14-400x255.jpg 400w, https:\/\/telemet.com\/wp-content\/uploads\/2019\/11\/Powerbully-5T-14-600x383.jpg 600w, https:\/\/telemet.com\/wp-content\/uploads\/2019\/11\/Powerbully-5T-14-800x511.jpg 800w, https:\/\/telemet.com\/wp-content\/uploads\/2019\/11\/Powerbully-5T-14.jpg 940w\" sizes=\"(max-width: 800px) 100vw, 940px\" \/><\/span><\/li><\/ul><\/div><div class=\"fusion-align-block\"><a class=\"fusion-button button-flat button-xlarge button-default fusion-button-default button-1 fusion-button-default-span \" style=\"--button-border-radius-top-left:0;--button-border-radius-top-right:0;--button-border-radius-bottom-right:0;--button-border-radius-bottom-left:0;width:calc(100%);\" target=\"_blank\" rel=\"noopener noreferrer\" title=\"Download Brochure\" aria-label=\"Download Brochure\" href=\"\/_pdf\/PowerBully_5T_Brochure-new.pdf\"><span class=\"fusion-button-text awb-button__text awb-button__text--default\">Descargar Folleto (PDF)<\/span><i class=\"fa-file-pdf far awb-button__icon awb-button__icon--default button-icon-right\" aria-hidden=\"true\"><\/i><\/a><\/div><div class=\"fusion-align-block\"><a class=\"fusion-button button-flat button-xlarge button-default fusion-button-default button-2 fusion-button-default-span \" style=\"--button-border-radius-top-left:0;--button-border-radius-top-right:0;--button-border-radius-bottom-right:0;--button-border-radius-bottom-left:0;width:calc(100%);\" target=\"_blank\" rel=\"noopener noreferrer\" title=\"Download Data Sheet\" aria-label=\"Download Data Sheet\" href=\"\/wp-content\/uploads\/2016\/08\/datasheet-powerbully-5t.pdf\"><span class=\"fusion-button-text awb-button__text awb-button__text--default\">Descargar Ficha T\u00e9cnica (PDF)<\/span><i class=\" fa fa-file-pdf-o awb-button__icon awb-button__icon--default button-icon-right\" aria-hidden=\"true\"><\/i><\/a><\/div><div class=\"fusion-sep-clear\"><\/div><div class=\"fusion-separator fusion-full-width-sep\" style=\"margin-left: auto;margin-right: auto;margin-top:20px;width:100%;\"><\/div><div class=\"fusion-sep-clear\"><\/div><div class=\"fusion-text fusion-text-1\"><p>El PowerBully\u00ae 5T es el transportador sobre orugas\u00a0ideal\u00a0para ir r\u00e1pidamente a su lugar de trabajo. Con su motor Cummings, su chasis reforzado y su m\u00e1stil con perforadora de suelo, el vers\u00e1til PowerBully 5T puede realizar r\u00e1pidamente trabajos de cambio de postes el\u00e9ctricos.<\/p>\n<ul>\n<li>Ancho legal para facilidad del transporte<\/li>\n<li>Transmisi\u00f3n hidrost\u00e1tica<\/li>\n<li>Baja presi\u00f3n de suelo<\/li>\n<li>Orugas de Uretano opcionales<\/li>\n<\/ul>\n<h3><\/h3>\n<h3><strong>Un socio s\u00f3lido, durable y confiable<\/strong><\/h3>\n<p>Todos los componentes de alta calidad, el chasis, las orugas, la suspensi\u00f3n, la transmisi\u00f3n,\u00a0 la hidr\u00e1ulica, la electr\u00f3nica y la cabina, trabajan como una unidad coordinada. Nunca tendr\u00e1 que preocuparse de los costos de operaci\u00f3n y mantenimiento.<\/p>\n<p>&nbsp;<\/p>\n<h3><strong>Transporte amigable; cargue y continue su marcha<\/strong><\/h3>\n<p>El ancho legal de transporte le ahorra tiempo en ir hasta su lugar de trabajo desde el galp\u00f3n de m\u00e1quinas. No requiere de permisos especiales de sobre ancho o sobrepeso.<\/p>\n<p>&nbsp;<\/p>\n<h3><strong>Versatilidad de aplicaciones, Ud. elige<\/strong><\/h3>\n<p>Sea un m\u00e1stil con perforadora de suelo, un elevador, un volquete o una gr\u00faa, la fortaleza y solidez del chasis y la plataforma, soportan la herramienta de su elecci\u00f3n, con un sistema hidr\u00e1ulico de gran desempe\u00f1o para accionarlos.<\/p>\n<p>&nbsp;<\/p>\n<h3><strong>Un pisada liviana, alta movilidad<\/strong><\/h3>\n<p>La baja presi\u00f3n sobre el suelo asegura un m\u00ednimo impacto al transitar sobre terrenos blandos. La transmisi\u00f3n hidrost\u00e1tica con control independiente de las orugas le permite maniobrar en lugares estrechos y girar sobre su eje.<\/p>\n<p>&nbsp;<\/p>\n<h3><strong>Opciones de orugas, flexibilidad para diversos trabajo<\/strong>s<\/h3>\n<p>Campos llenos de piedras, tierras pantanosas, colinas de arena y pavimento o cemento generan distintos desaf\u00edos. El\u00a0 PowerBully tiene orugas con distintos estilos de travesa\u00f1os y anchos para enfrentar estas exigencias.<\/p>\n<\/div><div class=\"fusion-clearfix\"><\/div><\/div><\/div><\/div><\/div>\n","protected":false},"excerpt":{"rendered":"","protected":false},"author":1,"featured_media":0,"parent":6618,"menu_order":3,"comment_status":"closed","ping_status":"closed","template":"side-navigation.php","meta":{"footnotes":""},"class_list":["post-6228","page","type-page","status-publish","hentry"],"yoast_head":"<!-- This site is optimized with the Yoast SEO plugin v26.2 - https:\/\/yoast.com\/wordpress\/plugins\/seo\/ -->\n<title>PowerBully\u00ae 5T - Telemet<\/title>\n<meta name=\"robots\" content=\"index, follow, max-snippet:-1, max-image-preview:large, max-video-preview:-1\" \/>\n<link rel=\"canonical\" href=\"https:\/\/telemet.com\/es\/powerbully\/5t\/\" \/>\n<meta property=\"og:locale\" content=\"es_ES\" \/>\n<meta property=\"og:type\" content=\"article\" \/>\n<meta property=\"og:title\" content=\"PowerBully\u00ae 5T - Telemet\" \/>\n<meta property=\"og:url\" content=\"https:\/\/telemet.com\/es\/powerbully\/5t\/\" \/>\n<meta property=\"og:site_name\" content=\"Telemet\" \/>\n<meta property=\"article:modified_time\" content=\"2019-11-15T11:42:01+00:00\" \/>\n<meta name=\"twitter:card\" content=\"summary_large_image\" \/>\n<meta name=\"twitter:label1\" content=\"Tiempo de lectura\" \/>\n\t<meta name=\"twitter:data1\" content=\"5 minutes\" \/>\n<script type=\"application\/ld+json\" class=\"yoast-schema-graph\">{\"@context\":\"https:\/\/schema.org\",\"@graph\":[{\"@type\":\"WebPage\",\"@id\":\"https:\/\/telemet.com\/es\/powerbully\/5t\/\",\"url\":\"https:\/\/telemet.com\/es\/powerbully\/5t\/\",\"name\":\"PowerBully\u00ae 5T - Telemet\",\"isPartOf\":{\"@id\":\"https:\/\/telemet.com\/es\/#website\"},\"datePublished\":\"2016-08-01T20:43:45+00:00\",\"dateModified\":\"2019-11-15T11:42:01+00:00\",\"breadcrumb\":{\"@id\":\"https:\/\/telemet.com\/es\/powerbully\/5t\/#breadcrumb\"},\"inLanguage\":\"es-ES\",\"potentialAction\":[{\"@type\":\"ReadAction\",\"target\":[\"https:\/\/telemet.com\/es\/powerbully\/5t\/\"]}]},{\"@type\":\"BreadcrumbList\",\"@id\":\"https:\/\/telemet.com\/es\/powerbully\/5t\/#breadcrumb\",\"itemListElement\":[{\"@type\":\"ListItem\",\"position\":1,\"name\":\"Home\",\"item\":\"https:\/\/telemet.com\/es\/\"},{\"@type\":\"ListItem\",\"position\":2,\"name\":\"PowerBully\u00ae\",\"item\":\"https:\/\/telemet.com\/es\/powerbully\/\"},{\"@type\":\"ListItem\",\"position\":3,\"name\":\"PowerBully\u00ae 5T\"}]},{\"@type\":\"WebSite\",\"@id\":\"https:\/\/telemet.com\/es\/#website\",\"url\":\"https:\/\/telemet.com\/es\/\",\"name\":\"Telemet, Inc.\",\"description\":\"Efficiency through Simplicity\",\"potentialAction\":[{\"@type\":\"SearchAction\",\"target\":{\"@type\":\"EntryPoint\",\"urlTemplate\":\"https:\/\/telemet.com\/es\/?s={search_term_string}\"},\"query-input\":{\"@type\":\"PropertyValueSpecification\",\"valueRequired\":true,\"valueName\":\"search_term_string\"}}],\"inLanguage\":\"es-ES\"}]}<\/script>\n<!-- \/ Yoast SEO plugin. -->","yoast_head_json":{"title":"PowerBully\u00ae 5T - Telemet","robots":{"index":"index","follow":"follow","max-snippet":"max-snippet:-1","max-image-preview":"max-image-preview:large","max-video-preview":"max-video-preview:-1"},"canonical":"https:\/\/telemet.com\/es\/powerbully\/5t\/","og_locale":"es_ES","og_type":"article","og_title":"PowerBully\u00ae 5T - Telemet","og_url":"https:\/\/telemet.com\/es\/powerbully\/5t\/","og_site_name":"Telemet","article_modified_time":"2019-11-15T11:42:01+00:00","twitter_card":"summary_large_image","twitter_misc":{"Tiempo de lectura":"5 minutes"},"schema":{"@context":"https:\/\/schema.org","@graph":[{"@type":"WebPage","@id":"https:\/\/telemet.com\/es\/powerbully\/5t\/","url":"https:\/\/telemet.com\/es\/powerbully\/5t\/","name":"PowerBully\u00ae 5T - Telemet","isPartOf":{"@id":"https:\/\/telemet.com\/es\/#website"},"datePublished":"2016-08-01T20:43:45+00:00","dateModified":"2019-11-15T11:42:01+00:00","breadcrumb":{"@id":"https:\/\/telemet.com\/es\/powerbully\/5t\/#breadcrumb"},"inLanguage":"es-ES","potentialAction":[{"@type":"ReadAction","target":["https:\/\/telemet.com\/es\/powerbully\/5t\/"]}]},{"@type":"BreadcrumbList","@id":"https:\/\/telemet.com\/es\/powerbully\/5t\/#breadcrumb","itemListElement":[{"@type":"ListItem","position":1,"name":"Home","item":"https:\/\/telemet.com\/es\/"},{"@type":"ListItem","position":2,"name":"PowerBully\u00ae","item":"https:\/\/telemet.com\/es\/powerbully\/"},{"@type":"ListItem","position":3,"name":"PowerBully\u00ae 5T"}]},{"@type":"WebSite","@id":"https:\/\/telemet.com\/es\/#website","url":"https:\/\/telemet.com\/es\/","name":"Telemet, Inc.","description":"Efficiency through Simplicity","potentialAction":[{"@type":"SearchAction","target":{"@type":"EntryPoint","urlTemplate":"https:\/\/telemet.com\/es\/?s={search_term_string}"},"query-input":{"@type":"PropertyValueSpecification","valueRequired":true,"valueName":"search_term_string"}}],"inLanguage":"es-ES"}]}},"_links":{"self":[{"href":"https:\/\/telemet.com\/es\/wp-json\/wp\/v2\/pages\/6228","targetHints":{"allow":["GET"]}}],"collection":[{"href":"https:\/\/telemet.com\/es\/wp-json\/wp\/v2\/pages"}],"about":[{"href":"https:\/\/telemet.com\/es\/wp-json\/wp\/v2\/types\/page"}],"author":[{"embeddable":true,"href":"https:\/\/telemet.com\/es\/wp-json\/wp\/v2\/users\/1"}],"replies":[{"embeddable":true,"href":"https:\/\/telemet.com\/es\/wp-json\/wp\/v2\/comments?post=6228"}],"version-history":[{"count":7,"href":"https:\/\/telemet.com\/es\/wp-json\/wp\/v2\/pages\/6228\/revisions"}],"predecessor-version":[{"id":10386,"href":"https:\/\/telemet.com\/es\/wp-json\/wp\/v2\/pages\/6228\/revisions\/10386"}],"up":[{"embeddable":true,"href":"https:\/\/telemet.com\/es\/wp-json\/wp\/v2\/pages\/6618"}],"wp:attachment":[{"href":"https:\/\/telemet.com\/es\/wp-json\/wp\/v2\/media?parent=6228"}],"curies":[{"name":"wp","href":"https:\/\/api.w.org\/{rel}","templated":true}]}}