{"id":6243,"date":"2016-08-30T20:00:09","date_gmt":"2016-08-30T20:00:09","guid":{"rendered":"http:\/\/telemet.com\/front-attachments\/?lang=es"},"modified":"2017-04-24T20:43:49","modified_gmt":"2017-04-24T20:43:49","slug":"front-attachments","status":"publish","type":"page","link":"https:\/\/telemet.com\/es\/pistenbully\/front-attachments\/","title":{"rendered":"Accesorios delanteros"},"content":{"rendered":"<div class=\"fusion-fullwidth fullwidth-box fusion-builder-row-1 nonhundred-percent-fullwidth non-hundred-percent-height-scrolling\" style=\"--awb-background-position:left top;--awb-border-radius-top-left:0px;--awb-border-radius-top-right:0px;--awb-border-radius-bottom-right:0px;--awb-border-radius-bottom-left:0px;--awb-padding-top:20px;--awb-padding-bottom:20px;--awb-border-sizes-top:0px;--awb-border-sizes-bottom:0px;--awb-flex-wrap:wrap;\" ><div class=\"fusion-builder-row fusion-row\"><div class=\"fusion-layout-column fusion_builder_column fusion-builder-column-0 fusion_builder_column_1_1 1_1 fusion-one-full fusion-column-first fusion-column-last fusion-column-no-min-height\" style=\"--awb-bg-size:cover;--awb-margin-top:0px;--awb-margin-bottom:0px;\"><div class=\"fusion-column-wrapper fusion-flex-column-wrapper-legacy\"><div class=\"fusion-text fusion-text-1\"><h2>Corta nieve<\/h2>\n<p>Para romper pistas heladas e incrustadas, remozar pistas de subida y sacar el hielo superficial de glaciares. El corta nieve puede ser utilizado con la pala <em>All-Way<\/em>.<\/p>\n<p><img decoding=\"async\" class=\"alignnone size-full wp-image-6132\" src=\"https:\/\/telemet.com\/wp-content\/uploads\/2016\/08\/snowcutter-pb.jpg\" alt=\"snowcutter-pb\" width=\"940\" height=\"480\" srcset=\"https:\/\/telemet.com\/wp-content\/uploads\/2016\/08\/snowcutter-pb-200x102.jpg 200w, https:\/\/telemet.com\/wp-content\/uploads\/2016\/08\/snowcutter-pb-300x153.jpg 300w, https:\/\/telemet.com\/wp-content\/uploads\/2016\/08\/snowcutter-pb-400x204.jpg 400w, https:\/\/telemet.com\/wp-content\/uploads\/2016\/08\/snowcutter-pb-600x306.jpg 600w, https:\/\/telemet.com\/wp-content\/uploads\/2016\/08\/snowcutter-pb-768x392.jpg 768w, https:\/\/telemet.com\/wp-content\/uploads\/2016\/08\/snowcutter-pb-800x409.jpg 800w, https:\/\/telemet.com\/wp-content\/uploads\/2016\/08\/snowcutter-pb.jpg 940w\" sizes=\"(max-width: 940px) 100vw, 940px\" \/><\/p>\n<h2>ParkBlade<\/h2>\n<h3>El Arte de Dise\u00f1ar Funparks<\/h3>\n<p>El ParkBlade. Otro accesorio de K\u00e4ssbohrer Gel\u00e4ndefahrzeug AG que hace m\u00e1s f\u00e1cil su trabajo. El polifac\u00e9tico accesorio para la creaci\u00f3n y mantenimiento de los Funparks y pistas de Boardercross. Pero tambi\u00e9n para transportar Rails, Funboxes,&#8230;<\/p>\n<p><img decoding=\"async\" class=\"alignnone size-full wp-image-6131\" src=\"https:\/\/telemet.com\/wp-content\/uploads\/2016\/08\/parkblade-pb.jpg\" alt=\"parkblade-pb\" width=\"940\" height=\"480\" srcset=\"https:\/\/telemet.com\/wp-content\/uploads\/2016\/08\/parkblade-pb-200x102.jpg 200w, https:\/\/telemet.com\/wp-content\/uploads\/2016\/08\/parkblade-pb-300x153.jpg 300w, https:\/\/telemet.com\/wp-content\/uploads\/2016\/08\/parkblade-pb-400x204.jpg 400w, https:\/\/telemet.com\/wp-content\/uploads\/2016\/08\/parkblade-pb-600x306.jpg 600w, https:\/\/telemet.com\/wp-content\/uploads\/2016\/08\/parkblade-pb-768x392.jpg 768w, https:\/\/telemet.com\/wp-content\/uploads\/2016\/08\/parkblade-pb-800x409.jpg 800w, https:\/\/telemet.com\/wp-content\/uploads\/2016\/08\/parkblade-pb.jpg 940w\" sizes=\"(max-width: 940px) 100vw, 940px\" \/><\/p>\n<h3>Soluci\u00f3n de Excelencia<\/h3>\n<p>\u00danico. Con el nuevo ParkBlade se tiene gran flexibilidad. Ud. est\u00e1 trabajando como es usual sobre sus pistas o en el Funpark. Pero el ParkBlade puede hacer mucho m\u00e1s.\u00a0 Mediante un interruptor de pedal se puede activar una funci\u00f3n adicional. Los alerones laterales se fijan en la posici\u00f3n actual. Ahora se pueden desplegar las puntas del ParkBlade hidr\u00e1ulicamente mediante el Joystick . Est\u00e1n ubicadas directamente debajo de la grilla de nieve del ParkBlade y son bien visibles desde el asiento del conductor. \u00a0El ParkBlade est\u00e1 listo. Ahora puede transportar cualquier objeto. Sean obst\u00e1culos en el Funpark, Funboxes y Rails u objetos para el transporte, tachos de basura, etc.<\/p>\n<p>Las cargas de hasta 1,000 kg no son un problema para el ParkBlade y su PistenBully. Adem\u00e1s solo en los casos extremos se necesitar\u00e1n cintas de sujeci\u00f3n para ajustar la carga.<\/p>\n<p>&nbsp;<\/p>\n<h3>Otra ventaja<\/h3>\n<p>El ParkBlade tiene una barra de terminaci\u00f3n dentada. Esto le permite al conductor darle una superficie atractiva y uniforme a los elementos del Funpark como ser Bankturns, Tables o Saltos, con una sola pasada, cortando en reversa.<\/p>\n<p>El ParkBlade es un equipo est\u00e1ndar del PistenBully 200 Park, el PistenBully 300 Park, el PistenBully 400 Park y el PistenBully 600 Park. Tambi\u00e9n puede ser montado opcionalmente sobre veh\u00edculos est\u00e1ndar de los modelos PistenBully 200\/ 300\/ 400 y 600, si el veh\u00edculo estuviera preparado para ello.<\/p>\n<h2>Balde de\u00a0Nieve<\/h2>\n<p><img decoding=\"async\" class=\"alignnone size-full wp-image-6133\" src=\"https:\/\/telemet.com\/wp-content\/uploads\/2016\/08\/bucket-pb.jpg\" alt=\"bucket-pb\" width=\"940\" height=\"480\" srcset=\"https:\/\/telemet.com\/wp-content\/uploads\/2016\/08\/bucket-pb-200x102.jpg 200w, https:\/\/telemet.com\/wp-content\/uploads\/2016\/08\/bucket-pb-300x153.jpg 300w, https:\/\/telemet.com\/wp-content\/uploads\/2016\/08\/bucket-pb-400x204.jpg 400w, https:\/\/telemet.com\/wp-content\/uploads\/2016\/08\/bucket-pb-600x306.jpg 600w, https:\/\/telemet.com\/wp-content\/uploads\/2016\/08\/bucket-pb-768x392.jpg 768w, https:\/\/telemet.com\/wp-content\/uploads\/2016\/08\/bucket-pb-800x409.jpg 800w, https:\/\/telemet.com\/wp-content\/uploads\/2016\/08\/bucket-pb.jpg 940w\" sizes=\"(max-width: 940px) 100vw, 940px\" \/><\/p>\n<p>El accesorio perfecto para el transporte de nieve sobre trayectos cortos y medianos, sobre las pendientes, medios de elevaci\u00f3n o estacionamientos. Por ejemplo, para rellenar lugares desgastados o para tareas de desplazamiento y limpieza.<\/p>\n<p>&nbsp;<\/p>\n<h2>Pipemagician<\/h2>\n<h3>Especialista en Funparks<\/h3>\n<p>Una construcci\u00f3n liviana con un nuevo y patentado sistema de transmisi\u00f3n. Excelente visi\u00f3n del \u00e1rea de trabajo, con ruidos y vibraciones reducidas.<\/p>\n<p><img decoding=\"async\" class=\"alignnone size-full wp-image-6134\" src=\"https:\/\/telemet.com\/wp-content\/uploads\/2016\/08\/pipe-pb.jpg\" alt=\"pipe-pb\" width=\"940\" height=\"480\" srcset=\"https:\/\/telemet.com\/wp-content\/uploads\/2016\/08\/pipe-pb-200x102.jpg 200w, https:\/\/telemet.com\/wp-content\/uploads\/2016\/08\/pipe-pb-300x153.jpg 300w, https:\/\/telemet.com\/wp-content\/uploads\/2016\/08\/pipe-pb-400x204.jpg 400w, https:\/\/telemet.com\/wp-content\/uploads\/2016\/08\/pipe-pb-600x306.jpg 600w, https:\/\/telemet.com\/wp-content\/uploads\/2016\/08\/pipe-pb-768x392.jpg 768w, https:\/\/telemet.com\/wp-content\/uploads\/2016\/08\/pipe-pb-800x409.jpg 800w, https:\/\/telemet.com\/wp-content\/uploads\/2016\/08\/pipe-pb.jpg 940w\" sizes=\"(max-width: 940px) 100vw, 940px\" \/><\/p>\n<h3>C\u00f3mo funciona:<\/h3>\n<p>El Halfpipe se construye con un radio definido, por medio de elementos raspadores, de transporte de nieve y compactadores. \u00a0Estos elementos -que pueden ser cambiados con facilidad- est\u00e1n sujetos a una cadena motorizada por dos motores hidr\u00e1ulicos y dos poleas recubiertas de goma, que arrastran al cable por fricci\u00f3n. La velocidad de estos elementos est\u00e1 controlada por un potenci\u00f3metro. Si el sentido de giro se invierte, el borde del salto se forma por el efecto de contra rotaci\u00f3n. Los finishers pl\u00e1sticos -que sirven para el acabado de la superficie de nieve- \u00a0se reposicionan manualmente, cuando el PipeMagician est\u00e1 girado. Inclinando el PipeMagician, se pueden realizar HalfPipes para eventos de amateurs o de profesionales. Un indicador est\u00e1ndar del \u00e1ngulo de inclinaci\u00f3n le informa al conductor cuando se alcanza la inclinaci\u00f3n deseada.<\/p>\n<p>&nbsp;<\/p>\n<h2>Cuchilla Cargadora<\/h2>\n<h3>Transportador de Nieve<\/h3>\n<p>El accesorio perfecto para el transporte de nieve sobre trayectos cortos y medianos sobre las pendientes, medios de elevaci\u00f3n o estacionamientos. Por ejemplo, para rellenar lugares desgastados o para tareas de desplazamiento y limpieza.<\/p>\n<p><img decoding=\"async\" class=\"alignnone size-full wp-image-6135\" src=\"https:\/\/telemet.com\/wp-content\/uploads\/2016\/08\/loader-pb.jpg\" alt=\"loader-pb\" width=\"940\" height=\"480\" srcset=\"https:\/\/telemet.com\/wp-content\/uploads\/2016\/08\/loader-pb-200x102.jpg 200w, https:\/\/telemet.com\/wp-content\/uploads\/2016\/08\/loader-pb-300x153.jpg 300w, https:\/\/telemet.com\/wp-content\/uploads\/2016\/08\/loader-pb-400x204.jpg 400w, https:\/\/telemet.com\/wp-content\/uploads\/2016\/08\/loader-pb-600x306.jpg 600w, https:\/\/telemet.com\/wp-content\/uploads\/2016\/08\/loader-pb-768x392.jpg 768w, https:\/\/telemet.com\/wp-content\/uploads\/2016\/08\/loader-pb-800x409.jpg 800w, https:\/\/telemet.com\/wp-content\/uploads\/2016\/08\/loader-pb.jpg 940w\" sizes=\"(max-width: 940px) 100vw, 940px\" \/><\/p>\n<h2><\/h2>\n<h2>Caja de Transporte<\/h2>\n<p><img decoding=\"async\" class=\"alignright size-full wp-image-6136\" src=\"https:\/\/telemet.com\/wp-content\/uploads\/2016\/08\/Transportbox-pb.jpg\" alt=\"Transportbox-pb\" width=\"300\" height=\"196\" srcset=\"https:\/\/telemet.com\/wp-content\/uploads\/2016\/08\/Transportbox-pb-200x131.jpg 200w, https:\/\/telemet.com\/wp-content\/uploads\/2016\/08\/Transportbox-pb.jpg 300w\" sizes=\"(max-width: 300px) 100vw, 300px\" \/>El accesorio ideal para el transporte de material sensible, tal como equipaje, equipamientos o herramientas. Debido a que la caja de transporte es resistente al clima y a la temperatura, los bienes permanecen limpios y secos, a pesar de las inclemencias clim\u00e1ticas. Se puede cerrar la caja de transporte y sus mercader\u00edas estar\u00e1n 100% seguras. Las patas de apoyo simplifican la estabilizaci\u00f3n y f\u00e1cilmente se puede sujetar la caja de transporte a la pala <em>All-Way<\/em> convencional del PistenBully, mediante soportes.<\/p>\n<\/div><div class=\"fusion-clearfix\"><\/div><\/div><\/div><\/div><\/div>\n","protected":false},"excerpt":{"rendered":"","protected":false},"author":1,"featured_media":0,"parent":6261,"menu_order":22,"comment_status":"closed","ping_status":"closed","template":"side-navigation.php","meta":{"footnotes":""},"class_list":["post-6243","page","type-page","status-publish","hentry"],"yoast_head":"<!-- This site is optimized with the Yoast SEO plugin v26.2 - https:\/\/yoast.com\/wordpress\/plugins\/seo\/ -->\n<title>Accesorios delanteros - Telemet<\/title>\n<meta name=\"robots\" content=\"index, follow, max-snippet:-1, max-image-preview:large, max-video-preview:-1\" \/>\n<link rel=\"canonical\" href=\"https:\/\/telemet.com\/es\/pistenbully\/front-attachments\/\" \/>\n<meta property=\"og:locale\" content=\"es_ES\" \/>\n<meta property=\"og:type\" content=\"article\" \/>\n<meta property=\"og:title\" content=\"Accesorios delanteros - Telemet\" \/>\n<meta property=\"og:url\" content=\"https:\/\/telemet.com\/es\/pistenbully\/front-attachments\/\" \/>\n<meta property=\"og:site_name\" content=\"Telemet\" \/>\n<meta property=\"article:modified_time\" content=\"2017-04-24T20:43:49+00:00\" \/>\n<meta property=\"og:image\" content=\"https:\/\/telemet.com\/wp-content\/uploads\/2016\/08\/snowcutter-pb.jpg\" \/>\n<meta name=\"twitter:card\" content=\"summary_large_image\" \/>\n<meta name=\"twitter:label1\" content=\"Tiempo de lectura\" \/>\n\t<meta name=\"twitter:data1\" content=\"4 minutes\" \/>\n<script type=\"application\/ld+json\" class=\"yoast-schema-graph\">{\"@context\":\"https:\/\/schema.org\",\"@graph\":[{\"@type\":\"WebPage\",\"@id\":\"https:\/\/telemet.com\/es\/pistenbully\/front-attachments\/\",\"url\":\"https:\/\/telemet.com\/es\/pistenbully\/front-attachments\/\",\"name\":\"Accesorios delanteros - Telemet\",\"isPartOf\":{\"@id\":\"https:\/\/telemet.com\/es\/#website\"},\"primaryImageOfPage\":{\"@id\":\"https:\/\/telemet.com\/es\/pistenbully\/front-attachments\/#primaryimage\"},\"image\":{\"@id\":\"https:\/\/telemet.com\/es\/pistenbully\/front-attachments\/#primaryimage\"},\"thumbnailUrl\":\"https:\/\/telemet.com\/wp-content\/uploads\/2016\/08\/snowcutter-pb.jpg\",\"datePublished\":\"2016-08-30T20:00:09+00:00\",\"dateModified\":\"2017-04-24T20:43:49+00:00\",\"breadcrumb\":{\"@id\":\"https:\/\/telemet.com\/es\/pistenbully\/front-attachments\/#breadcrumb\"},\"inLanguage\":\"es-ES\",\"potentialAction\":[{\"@type\":\"ReadAction\",\"target\":[\"https:\/\/telemet.com\/es\/pistenbully\/front-attachments\/\"]}]},{\"@type\":\"ImageObject\",\"inLanguage\":\"es-ES\",\"@id\":\"https:\/\/telemet.com\/es\/pistenbully\/front-attachments\/#primaryimage\",\"url\":\"https:\/\/telemet.com\/wp-content\/uploads\/2016\/08\/snowcutter-pb.jpg\",\"contentUrl\":\"https:\/\/telemet.com\/wp-content\/uploads\/2016\/08\/snowcutter-pb.jpg\"},{\"@type\":\"BreadcrumbList\",\"@id\":\"https:\/\/telemet.com\/es\/pistenbully\/front-attachments\/#breadcrumb\",\"itemListElement\":[{\"@type\":\"ListItem\",\"position\":1,\"name\":\"Home\",\"item\":\"https:\/\/telemet.com\/es\/\"},{\"@type\":\"ListItem\",\"position\":2,\"name\":\"PistenBully\",\"item\":\"https:\/\/telemet.com\/es\/pistenbully\/\"},{\"@type\":\"ListItem\",\"position\":3,\"name\":\"Accesorios delanteros\"}]},{\"@type\":\"WebSite\",\"@id\":\"https:\/\/telemet.com\/es\/#website\",\"url\":\"https:\/\/telemet.com\/es\/\",\"name\":\"Telemet, Inc.\",\"description\":\"Efficiency through Simplicity\",\"potentialAction\":[{\"@type\":\"SearchAction\",\"target\":{\"@type\":\"EntryPoint\",\"urlTemplate\":\"https:\/\/telemet.com\/es\/?s={search_term_string}\"},\"query-input\":{\"@type\":\"PropertyValueSpecification\",\"valueRequired\":true,\"valueName\":\"search_term_string\"}}],\"inLanguage\":\"es-ES\"}]}<\/script>\n<!-- \/ Yoast SEO plugin. -->","yoast_head_json":{"title":"Accesorios delanteros - Telemet","robots":{"index":"index","follow":"follow","max-snippet":"max-snippet:-1","max-image-preview":"max-image-preview:large","max-video-preview":"max-video-preview:-1"},"canonical":"https:\/\/telemet.com\/es\/pistenbully\/front-attachments\/","og_locale":"es_ES","og_type":"article","og_title":"Accesorios delanteros - Telemet","og_url":"https:\/\/telemet.com\/es\/pistenbully\/front-attachments\/","og_site_name":"Telemet","article_modified_time":"2017-04-24T20:43:49+00:00","og_image":[{"url":"https:\/\/telemet.com\/wp-content\/uploads\/2016\/08\/snowcutter-pb.jpg","type":"","width":"","height":""}],"twitter_card":"summary_large_image","twitter_misc":{"Tiempo de lectura":"4 minutes"},"schema":{"@context":"https:\/\/schema.org","@graph":[{"@type":"WebPage","@id":"https:\/\/telemet.com\/es\/pistenbully\/front-attachments\/","url":"https:\/\/telemet.com\/es\/pistenbully\/front-attachments\/","name":"Accesorios delanteros - Telemet","isPartOf":{"@id":"https:\/\/telemet.com\/es\/#website"},"primaryImageOfPage":{"@id":"https:\/\/telemet.com\/es\/pistenbully\/front-attachments\/#primaryimage"},"image":{"@id":"https:\/\/telemet.com\/es\/pistenbully\/front-attachments\/#primaryimage"},"thumbnailUrl":"https:\/\/telemet.com\/wp-content\/uploads\/2016\/08\/snowcutter-pb.jpg","datePublished":"2016-08-30T20:00:09+00:00","dateModified":"2017-04-24T20:43:49+00:00","breadcrumb":{"@id":"https:\/\/telemet.com\/es\/pistenbully\/front-attachments\/#breadcrumb"},"inLanguage":"es-ES","potentialAction":[{"@type":"ReadAction","target":["https:\/\/telemet.com\/es\/pistenbully\/front-attachments\/"]}]},{"@type":"ImageObject","inLanguage":"es-ES","@id":"https:\/\/telemet.com\/es\/pistenbully\/front-attachments\/#primaryimage","url":"https:\/\/telemet.com\/wp-content\/uploads\/2016\/08\/snowcutter-pb.jpg","contentUrl":"https:\/\/telemet.com\/wp-content\/uploads\/2016\/08\/snowcutter-pb.jpg"},{"@type":"BreadcrumbList","@id":"https:\/\/telemet.com\/es\/pistenbully\/front-attachments\/#breadcrumb","itemListElement":[{"@type":"ListItem","position":1,"name":"Home","item":"https:\/\/telemet.com\/es\/"},{"@type":"ListItem","position":2,"name":"PistenBully","item":"https:\/\/telemet.com\/es\/pistenbully\/"},{"@type":"ListItem","position":3,"name":"Accesorios delanteros"}]},{"@type":"WebSite","@id":"https:\/\/telemet.com\/es\/#website","url":"https:\/\/telemet.com\/es\/","name":"Telemet, Inc.","description":"Efficiency through Simplicity","potentialAction":[{"@type":"SearchAction","target":{"@type":"EntryPoint","urlTemplate":"https:\/\/telemet.com\/es\/?s={search_term_string}"},"query-input":{"@type":"PropertyValueSpecification","valueRequired":true,"valueName":"search_term_string"}}],"inLanguage":"es-ES"}]}},"_links":{"self":[{"href":"https:\/\/telemet.com\/es\/wp-json\/wp\/v2\/pages\/6243","targetHints":{"allow":["GET"]}}],"collection":[{"href":"https:\/\/telemet.com\/es\/wp-json\/wp\/v2\/pages"}],"about":[{"href":"https:\/\/telemet.com\/es\/wp-json\/wp\/v2\/types\/page"}],"author":[{"embeddable":true,"href":"https:\/\/telemet.com\/es\/wp-json\/wp\/v2\/users\/1"}],"replies":[{"embeddable":true,"href":"https:\/\/telemet.com\/es\/wp-json\/wp\/v2\/comments?post=6243"}],"version-history":[{"count":3,"href":"https:\/\/telemet.com\/es\/wp-json\/wp\/v2\/pages\/6243\/revisions"}],"predecessor-version":[{"id":8379,"href":"https:\/\/telemet.com\/es\/wp-json\/wp\/v2\/pages\/6243\/revisions\/8379"}],"up":[{"embeddable":true,"href":"https:\/\/telemet.com\/es\/wp-json\/wp\/v2\/pages\/6261"}],"wp:attachment":[{"href":"https:\/\/telemet.com\/es\/wp-json\/wp\/v2\/media?parent=6243"}],"curies":[{"name":"wp","href":"https:\/\/api.w.org\/{rel}","templated":true}]}}