{"id":6246,"date":"2016-08-30T20:25:56","date_gmt":"2016-08-30T20:25:56","guid":{"rendered":"http:\/\/telemet.com\/rear-mounted-equipment\/?lang=es"},"modified":"2017-04-24T20:43:49","modified_gmt":"2017-04-24T20:43:49","slug":"rear-mounted-equipment","status":"publish","type":"page","link":"https:\/\/telemet.com\/es\/pistenbully\/rear-mounted-equipment\/","title":{"rendered":"Equipamiento de montaje trasero"},"content":{"rendered":"<div class=\"fusion-fullwidth fullwidth-box fusion-builder-row-1 nonhundred-percent-fullwidth non-hundred-percent-height-scrolling\" style=\"--awb-background-position:left top;--awb-border-radius-top-left:0px;--awb-border-radius-top-right:0px;--awb-border-radius-bottom-right:0px;--awb-border-radius-bottom-left:0px;--awb-padding-top:20px;--awb-padding-bottom:20px;--awb-border-sizes-top:0px;--awb-border-sizes-bottom:0px;--awb-flex-wrap:wrap;\" ><div class=\"fusion-builder-row fusion-row\"><div class=\"fusion-layout-column fusion_builder_column fusion-builder-column-0 fusion_builder_column_1_1 1_1 fusion-one-full fusion-column-first fusion-column-last fusion-column-no-min-height\" style=\"--awb-bg-size:cover;--awb-margin-top:0px;--awb-margin-bottom:0px;\"><div class=\"fusion-column-wrapper fusion-flex-column-wrapper-legacy\"><div class=\"fusion-text fusion-text-1\"><h2>AlpineFlexTiller: apariencia perfecta de pistas<\/h2>\n<p><img decoding=\"async\" class=\"alignnone size-full wp-image-6143\" src=\"https:\/\/telemet.com\/wp-content\/uploads\/2016\/08\/alpine-pb.jpg\" alt=\"alpine-pb\" width=\"940\" height=\"480\" srcset=\"https:\/\/telemet.com\/wp-content\/uploads\/2016\/08\/alpine-pb-200x102.jpg 200w, https:\/\/telemet.com\/wp-content\/uploads\/2016\/08\/alpine-pb-300x153.jpg 300w, https:\/\/telemet.com\/wp-content\/uploads\/2016\/08\/alpine-pb-400x204.jpg 400w, https:\/\/telemet.com\/wp-content\/uploads\/2016\/08\/alpine-pb-600x306.jpg 600w, https:\/\/telemet.com\/wp-content\/uploads\/2016\/08\/alpine-pb-768x392.jpg 768w, https:\/\/telemet.com\/wp-content\/uploads\/2016\/08\/alpine-pb-800x409.jpg 800w, https:\/\/telemet.com\/wp-content\/uploads\/2016\/08\/alpine-pb.jpg 940w\" sizes=\"(max-width: 940px) 100vw, 940px\" \/><\/p>\n<p>El AlpineFlexTiller impresiona con su sobresaliente performance bajo todas las condiciones de nieve. Durante el desarrollo del AlpineFlexTiller se prest\u00f3 atenci\u00f3n particularmente a su peso y como resultado el peso total es muy bajo; las estructuras de la extensi\u00f3n y de la fresa son muy livianas. El soporte de terminaci\u00f3n asegura una alineaci\u00f3n perfecta con el terreno mediante el\u00a0 &#8220;sistema de limpiaparabrisas&#8221; y el amplio protector evita que la nieve encuentre una v\u00eda hacia la fresa o las partes terminadas de la pista.<\/p>\n<p><strong>Los mejores resultados en el fresado<\/strong><br \/>\nLos \u00f3ptimos ejes son responsables de la preparaci\u00f3n de la nieve y del transporte dentro de la caja de fresa. Adem\u00e1s, la gran bomba de la fresa asegura una velocidad de rotaci\u00f3n \u00f3ptima y el torque perfecto para el AlpineFlexTiller, aun bajo las condiciones m\u00e1s dif\u00edciles de operaci\u00f3n. Los poderosos amortiguadores aseguran una presi\u00f3n de contacto pareja.<\/p>\n<p><strong>Flaps laterales<\/strong><br \/>\nLos flaps laterales opcionales, operados hidr\u00e1ulicamente, evitan la formaci\u00f3n de cordones marginales y aseguran una perfecta transici\u00f3n en el caso de pisadas superpuestas. Los flaps laterales son f\u00e1ciles de alinear utilizando los cilindros hidr\u00e1ulicos ajustables.<\/p>\n<p><strong>F\u00e1cil mantenimiento<\/strong><br \/>\nV\u00e1lvulas hidr\u00e1ulicas de f\u00e1cil acceso encima de la fresa hacen que el mantenimiento sea m\u00e1s f\u00e1cil y simplifican la colocaci\u00f3n de accesorios posteriores como ser formadores de caminos. El estable dise\u00f1o de los ejes y los dientes de la fresa realizados en acero de alta resistencia y grano fino aseguran un menor desgaste.<\/p>\n<p>&nbsp;<\/p>\n<h2>Variotrackdesigner: pistas perfectas para esqu\u00ed de fondo<\/h2>\n<p><img decoding=\"async\" class=\"alignnone size-full wp-image-6144\" src=\"https:\/\/telemet.com\/wp-content\/uploads\/2016\/08\/variotrackdesigner-pb.jpg\" alt=\"variotrackdesigner-pb\" width=\"940\" height=\"480\" srcset=\"https:\/\/telemet.com\/wp-content\/uploads\/2016\/08\/variotrackdesigner-pb-200x102.jpg 200w, https:\/\/telemet.com\/wp-content\/uploads\/2016\/08\/variotrackdesigner-pb-300x153.jpg 300w, https:\/\/telemet.com\/wp-content\/uploads\/2016\/08\/variotrackdesigner-pb-400x204.jpg 400w, https:\/\/telemet.com\/wp-content\/uploads\/2016\/08\/variotrackdesigner-pb-600x306.jpg 600w, https:\/\/telemet.com\/wp-content\/uploads\/2016\/08\/variotrackdesigner-pb-768x392.jpg 768w, https:\/\/telemet.com\/wp-content\/uploads\/2016\/08\/variotrackdesigner-pb-800x409.jpg 800w, https:\/\/telemet.com\/wp-content\/uploads\/2016\/08\/variotrackdesigner-pb.jpg 940w\" sizes=\"(max-width: 940px) 100vw, 940px\" \/><\/p>\n<p>La preparaci\u00f3n de pistas de esqu\u00ed de fondo requiere de una gran variedad de habilidades. \u00bfUd. prepara pistas de esqu\u00ed para atletas profesionales de competici\u00f3n o mantiene una red de pistas para deporte popular? \u00bfCrea pistas especiales de esqu\u00ed de fondo para ni\u00f1os? Todas estas tareas pueden ser realizadas con un solo dispositivo. La fresa VarioTrackDesigner para pistas, es el nuevo todo terreno para la preparaci\u00f3n de las pistas de esqu\u00ed de fondo del mundo!<\/p>\n<p>El VarioTrackDesigner es una fresa para pistas que prepara la nieve justo enfrente de la bandeja del marca pistas. Trabajando en un\u00edsono con la fresa de nieve el VarioTrackDesigner se asegura la creaci\u00f3n de sendas de esqu\u00ed perfectas. Adem\u00e1s es econ\u00f3mico, porque la fresa de nieve prepara la superficie de la nieve mientras que el VarioTrackDesigner -trabajando a velocidades de hasta 2000 rpm- va m\u00e1s profundo en la nieve, inclusive aflojando pistas extremadamente heladas. Si no se precisa la fresa, no hay problema, puede ser levantada hidr\u00e1ulicamente. Los marca pistas del VarioTrackDesigner pueden ser ajustados el\u00e9ctricamente desde la cabina. Este aspecto le permite preparar pistas especiales para ni\u00f1os sin ning\u00fan esfuerzo, simplemente ajustando el ancho de la huella a las necesidades y requerimientos de los ni\u00f1os. Tambi\u00e9n puede f\u00e1cilmente hacer la huella de esqu\u00ed m\u00e1s ancha, si las pistas son descendentes, y de esa forma proveer a los esquiadores fondistas con m\u00e1s agarre al descender. La fresa de pistas sigue estos ajustes autom\u00e1ticamente.<\/p>\n<h2>Marca Pistas: para el PistenBully 100<\/h2>\n<p><img decoding=\"async\" class=\"alignnone size-full wp-image-6145\" src=\"https:\/\/telemet.com\/wp-content\/uploads\/2016\/08\/setter-pb100.jpg\" alt=\"setter-pb100\" width=\"940\" height=\"480\" srcset=\"https:\/\/telemet.com\/wp-content\/uploads\/2016\/08\/setter-pb100-200x102.jpg 200w, https:\/\/telemet.com\/wp-content\/uploads\/2016\/08\/setter-pb100-300x153.jpg 300w, https:\/\/telemet.com\/wp-content\/uploads\/2016\/08\/setter-pb100-400x204.jpg 400w, https:\/\/telemet.com\/wp-content\/uploads\/2016\/08\/setter-pb100-600x306.jpg 600w, https:\/\/telemet.com\/wp-content\/uploads\/2016\/08\/setter-pb100-768x392.jpg 768w, https:\/\/telemet.com\/wp-content\/uploads\/2016\/08\/setter-pb100-800x409.jpg 800w, https:\/\/telemet.com\/wp-content\/uploads\/2016\/08\/setter-pb100.jpg 940w\" sizes=\"(max-width: 940px) 100vw, 940px\" \/><\/p>\n<p>La preparaci\u00f3n de pistas de esqu\u00ed de fondo requiere de una gran variedad de habilidades. \u00bfUd. prepara pistas de esqu\u00ed para atletas profesionales de competici\u00f3n o mantiene una red de pistas para deporte popular? Con nuestros modelos Ud. puede preparar pistas de esqu\u00ed con pista sobre la derecha o sobre la izquierda y pistas para el patinaje sin marca o hasta 3 pistas paralelas. La fresa de nieve afloja la nieve, rompe el hielo y refuerza la cubierta de nieve.<\/p>\n<p>En todos los modelos, los formadores son elevables individualmente, puede tambi\u00e9n elegir el VarioTrackDesigner, una fresa de nieve que est\u00e1 integrada con la bandeja de formar, directamente enfrentada a los marca pistas. Trabajando al un\u00edsono con la fresa de nieve el VarioTrackDesigner asegura la creaci\u00f3n de una pista de esqu\u00ed perfecta. Si la fresa no fuera necesaria, no hay problema, puede ser levantada hidr\u00e1ulicamente. El amplio despeje garantiza adem\u00e1s el eficiente vaciado de la bandeja, como as\u00ed tambi\u00e9n el invertir la marcha sin problemas. Es adecuado para el PistenBully 100.<\/p>\n<h2>Marca Pistas: para el PistenBully 400\/600<\/h2>\n<p>La preparaci\u00f3n de pistas de esqu\u00ed de fondo requiere de una gran variedad de habilidades. \u00bfUd. prepara pistas de esqu\u00ed para atletas profesionales de competici\u00f3n o mantiene una red de pistas para deporte popular? Con nuestros modelos, Ud. puede preparar pistas de esqu\u00ed con pista sobre la derecha o sobre la izquierda y pistas para el patinaje sin marca o hasta 4 pistas paralelas. La fresa de nieve afloja la nieve, rompe el hielo y refuerza la cubierta de nieve.<\/p>\n<p><img decoding=\"async\" class=\"alignnone size-full wp-image-6146\" src=\"https:\/\/telemet.com\/wp-content\/uploads\/2016\/08\/setter-pb400-600.jpg\" alt=\"setter-pb400-600\" width=\"940\" height=\"480\" srcset=\"https:\/\/telemet.com\/wp-content\/uploads\/2016\/08\/setter-pb400-600-200x102.jpg 200w, https:\/\/telemet.com\/wp-content\/uploads\/2016\/08\/setter-pb400-600-300x153.jpg 300w, https:\/\/telemet.com\/wp-content\/uploads\/2016\/08\/setter-pb400-600-400x204.jpg 400w, https:\/\/telemet.com\/wp-content\/uploads\/2016\/08\/setter-pb400-600-600x306.jpg 600w, https:\/\/telemet.com\/wp-content\/uploads\/2016\/08\/setter-pb400-600-768x392.jpg 768w, https:\/\/telemet.com\/wp-content\/uploads\/2016\/08\/setter-pb400-600-800x409.jpg 800w, https:\/\/telemet.com\/wp-content\/uploads\/2016\/08\/setter-pb400-600.jpg 940w\" sizes=\"(max-width: 940px) 100vw, 940px\" \/><\/p>\n<p>En todos los modelos, los formadores son\u00a0elevables\u00a0individualmente, puede tambi\u00e9n elegir el VarioTrackDesigner, una fresa de nieve que est\u00e1 integrada con la bandeja de formar, directamente enfrentada a los marca pistas. Trabajando al un\u00edsono con la fresa de nieve el VarioTrackDesigner asegura la creaci\u00f3n de una pista de esqu\u00ed perfecta. Si la fresa no fuera necesaria, no hay problema, puede ser levantada hidr\u00e1ulicamente. El amplio despeje garantiza adem\u00e1s el eficiente vaciado de la bandeja, como as\u00ed tambi\u00e9n el invertir la marcha sin problemas. Es adecuado para el PistenBully 400\u00a0 y el PistenBully 600.<\/p>\n<\/div><div class=\"fusion-clearfix\"><\/div><\/div><\/div><\/div><\/div>\n","protected":false},"excerpt":{"rendered":"","protected":false},"author":1,"featured_media":0,"parent":6261,"menu_order":23,"comment_status":"closed","ping_status":"closed","template":"side-navigation.php","meta":{"footnotes":""},"class_list":["post-6246","page","type-page","status-publish","hentry"],"yoast_head":"<!-- This site is optimized with the Yoast SEO plugin v26.2 - https:\/\/yoast.com\/wordpress\/plugins\/seo\/ -->\n<title>Equipamiento de montaje trasero - Telemet<\/title>\n<meta name=\"robots\" content=\"index, follow, max-snippet:-1, max-image-preview:large, max-video-preview:-1\" \/>\n<link rel=\"canonical\" href=\"https:\/\/telemet.com\/es\/pistenbully\/rear-mounted-equipment\/\" \/>\n<meta property=\"og:locale\" content=\"es_ES\" \/>\n<meta property=\"og:type\" content=\"article\" \/>\n<meta property=\"og:title\" content=\"Equipamiento de montaje trasero - Telemet\" \/>\n<meta property=\"og:url\" content=\"https:\/\/telemet.com\/es\/pistenbully\/rear-mounted-equipment\/\" \/>\n<meta property=\"og:site_name\" content=\"Telemet\" \/>\n<meta property=\"article:modified_time\" content=\"2017-04-24T20:43:49+00:00\" \/>\n<meta property=\"og:image\" content=\"https:\/\/telemet.com\/wp-content\/uploads\/2016\/08\/alpine-pb.jpg\" \/>\n<meta name=\"twitter:card\" content=\"summary_large_image\" \/>\n<meta name=\"twitter:label1\" content=\"Tiempo de lectura\" \/>\n\t<meta name=\"twitter:data1\" content=\"5 minutes\" \/>\n<script type=\"application\/ld+json\" class=\"yoast-schema-graph\">{\"@context\":\"https:\/\/schema.org\",\"@graph\":[{\"@type\":\"WebPage\",\"@id\":\"https:\/\/telemet.com\/es\/pistenbully\/rear-mounted-equipment\/\",\"url\":\"https:\/\/telemet.com\/es\/pistenbully\/rear-mounted-equipment\/\",\"name\":\"Equipamiento de montaje trasero - Telemet\",\"isPartOf\":{\"@id\":\"https:\/\/telemet.com\/es\/#website\"},\"primaryImageOfPage\":{\"@id\":\"https:\/\/telemet.com\/es\/pistenbully\/rear-mounted-equipment\/#primaryimage\"},\"image\":{\"@id\":\"https:\/\/telemet.com\/es\/pistenbully\/rear-mounted-equipment\/#primaryimage\"},\"thumbnailUrl\":\"https:\/\/telemet.com\/wp-content\/uploads\/2016\/08\/alpine-pb.jpg\",\"datePublished\":\"2016-08-30T20:25:56+00:00\",\"dateModified\":\"2017-04-24T20:43:49+00:00\",\"breadcrumb\":{\"@id\":\"https:\/\/telemet.com\/es\/pistenbully\/rear-mounted-equipment\/#breadcrumb\"},\"inLanguage\":\"es-ES\",\"potentialAction\":[{\"@type\":\"ReadAction\",\"target\":[\"https:\/\/telemet.com\/es\/pistenbully\/rear-mounted-equipment\/\"]}]},{\"@type\":\"ImageObject\",\"inLanguage\":\"es-ES\",\"@id\":\"https:\/\/telemet.com\/es\/pistenbully\/rear-mounted-equipment\/#primaryimage\",\"url\":\"https:\/\/telemet.com\/wp-content\/uploads\/2016\/08\/alpine-pb.jpg\",\"contentUrl\":\"https:\/\/telemet.com\/wp-content\/uploads\/2016\/08\/alpine-pb.jpg\"},{\"@type\":\"BreadcrumbList\",\"@id\":\"https:\/\/telemet.com\/es\/pistenbully\/rear-mounted-equipment\/#breadcrumb\",\"itemListElement\":[{\"@type\":\"ListItem\",\"position\":1,\"name\":\"Home\",\"item\":\"https:\/\/telemet.com\/es\/\"},{\"@type\":\"ListItem\",\"position\":2,\"name\":\"PistenBully\",\"item\":\"https:\/\/telemet.com\/es\/pistenbully\/\"},{\"@type\":\"ListItem\",\"position\":3,\"name\":\"Equipamiento de montaje trasero\"}]},{\"@type\":\"WebSite\",\"@id\":\"https:\/\/telemet.com\/es\/#website\",\"url\":\"https:\/\/telemet.com\/es\/\",\"name\":\"Telemet, Inc.\",\"description\":\"Efficiency through Simplicity\",\"potentialAction\":[{\"@type\":\"SearchAction\",\"target\":{\"@type\":\"EntryPoint\",\"urlTemplate\":\"https:\/\/telemet.com\/es\/?s={search_term_string}\"},\"query-input\":{\"@type\":\"PropertyValueSpecification\",\"valueRequired\":true,\"valueName\":\"search_term_string\"}}],\"inLanguage\":\"es-ES\"}]}<\/script>\n<!-- \/ Yoast SEO plugin. -->","yoast_head_json":{"title":"Equipamiento de montaje trasero - Telemet","robots":{"index":"index","follow":"follow","max-snippet":"max-snippet:-1","max-image-preview":"max-image-preview:large","max-video-preview":"max-video-preview:-1"},"canonical":"https:\/\/telemet.com\/es\/pistenbully\/rear-mounted-equipment\/","og_locale":"es_ES","og_type":"article","og_title":"Equipamiento de montaje trasero - Telemet","og_url":"https:\/\/telemet.com\/es\/pistenbully\/rear-mounted-equipment\/","og_site_name":"Telemet","article_modified_time":"2017-04-24T20:43:49+00:00","og_image":[{"url":"https:\/\/telemet.com\/wp-content\/uploads\/2016\/08\/alpine-pb.jpg","type":"","width":"","height":""}],"twitter_card":"summary_large_image","twitter_misc":{"Tiempo de lectura":"5 minutes"},"schema":{"@context":"https:\/\/schema.org","@graph":[{"@type":"WebPage","@id":"https:\/\/telemet.com\/es\/pistenbully\/rear-mounted-equipment\/","url":"https:\/\/telemet.com\/es\/pistenbully\/rear-mounted-equipment\/","name":"Equipamiento de montaje trasero - Telemet","isPartOf":{"@id":"https:\/\/telemet.com\/es\/#website"},"primaryImageOfPage":{"@id":"https:\/\/telemet.com\/es\/pistenbully\/rear-mounted-equipment\/#primaryimage"},"image":{"@id":"https:\/\/telemet.com\/es\/pistenbully\/rear-mounted-equipment\/#primaryimage"},"thumbnailUrl":"https:\/\/telemet.com\/wp-content\/uploads\/2016\/08\/alpine-pb.jpg","datePublished":"2016-08-30T20:25:56+00:00","dateModified":"2017-04-24T20:43:49+00:00","breadcrumb":{"@id":"https:\/\/telemet.com\/es\/pistenbully\/rear-mounted-equipment\/#breadcrumb"},"inLanguage":"es-ES","potentialAction":[{"@type":"ReadAction","target":["https:\/\/telemet.com\/es\/pistenbully\/rear-mounted-equipment\/"]}]},{"@type":"ImageObject","inLanguage":"es-ES","@id":"https:\/\/telemet.com\/es\/pistenbully\/rear-mounted-equipment\/#primaryimage","url":"https:\/\/telemet.com\/wp-content\/uploads\/2016\/08\/alpine-pb.jpg","contentUrl":"https:\/\/telemet.com\/wp-content\/uploads\/2016\/08\/alpine-pb.jpg"},{"@type":"BreadcrumbList","@id":"https:\/\/telemet.com\/es\/pistenbully\/rear-mounted-equipment\/#breadcrumb","itemListElement":[{"@type":"ListItem","position":1,"name":"Home","item":"https:\/\/telemet.com\/es\/"},{"@type":"ListItem","position":2,"name":"PistenBully","item":"https:\/\/telemet.com\/es\/pistenbully\/"},{"@type":"ListItem","position":3,"name":"Equipamiento de montaje trasero"}]},{"@type":"WebSite","@id":"https:\/\/telemet.com\/es\/#website","url":"https:\/\/telemet.com\/es\/","name":"Telemet, Inc.","description":"Efficiency through Simplicity","potentialAction":[{"@type":"SearchAction","target":{"@type":"EntryPoint","urlTemplate":"https:\/\/telemet.com\/es\/?s={search_term_string}"},"query-input":{"@type":"PropertyValueSpecification","valueRequired":true,"valueName":"search_term_string"}}],"inLanguage":"es-ES"}]}},"_links":{"self":[{"href":"https:\/\/telemet.com\/es\/wp-json\/wp\/v2\/pages\/6246","targetHints":{"allow":["GET"]}}],"collection":[{"href":"https:\/\/telemet.com\/es\/wp-json\/wp\/v2\/pages"}],"about":[{"href":"https:\/\/telemet.com\/es\/wp-json\/wp\/v2\/types\/page"}],"author":[{"embeddable":true,"href":"https:\/\/telemet.com\/es\/wp-json\/wp\/v2\/users\/1"}],"replies":[{"embeddable":true,"href":"https:\/\/telemet.com\/es\/wp-json\/wp\/v2\/comments?post=6246"}],"version-history":[{"count":4,"href":"https:\/\/telemet.com\/es\/wp-json\/wp\/v2\/pages\/6246\/revisions"}],"predecessor-version":[{"id":8377,"href":"https:\/\/telemet.com\/es\/wp-json\/wp\/v2\/pages\/6246\/revisions\/8377"}],"up":[{"embeddable":true,"href":"https:\/\/telemet.com\/es\/wp-json\/wp\/v2\/pages\/6261"}],"wp:attachment":[{"href":"https:\/\/telemet.com\/es\/wp-json\/wp\/v2\/media?parent=6246"}],"curies":[{"name":"wp","href":"https:\/\/api.w.org\/{rel}","templated":true}]}}