{"id":6250,"date":"2016-07-27T11:34:59","date_gmt":"2016-07-27T11:34:59","guid":{"rendered":"http:\/\/telemet.com\/contact-us\/?lang=es"},"modified":"2023-03-31T19:07:27","modified_gmt":"2023-03-31T19:07:27","slug":"contact-us","status":"publish","type":"page","link":"https:\/\/telemet.com\/es\/contact-us\/","title":{"rendered":"Cont\u00e1ctenos"},"content":{"rendered":"<p><div class=\"fusion-fullwidth fullwidth-box fusion-builder-row-1 nonhundred-percent-fullwidth non-hundred-percent-height-scrolling\" style=\"--awb-background-position:left top;--awb-border-sizes-top:0px;--awb-border-sizes-bottom:0px;--awb-border-sizes-left:0px;--awb-border-sizes-right:0px;--awb-border-radius-top-left:0px;--awb-border-radius-top-right:0px;--awb-border-radius-bottom-right:0px;--awb-border-radius-bottom-left:0px;--awb-padding-top:20px;--awb-padding-bottom:20px;--awb-flex-wrap:wrap;\" ><div class=\"fusion-builder-row fusion-row\"><\/div><\/div><div class=\"fusion-fullwidth fullwidth-box fusion-builder-row-2 hundred-percent-fullwidth non-hundred-percent-height-scrolling\" style=\"--awb-border-radius-top-left:0px;--awb-border-radius-top-right:0px;--awb-border-radius-bottom-right:0px;--awb-border-radius-bottom-left:0px;--awb-overflow:visible;--awb-flex-wrap:wrap;\" ><div class=\"fusion-builder-row fusion-row\"><div class=\"fusion-layout-column fusion_builder_column fusion-builder-column-0 fusion_builder_column_2_3 2_3 fusion-two-third fusion-column-first\" style=\"--awb-bg-size:cover;width:65.3333%; margin-right: 4%;\"><div class=\"fusion-column-wrapper fusion-flex-column-wrapper-legacy\"><div class=\"fusion-text fusion-text-1\"><h3>Escr\u00edbanos a\u00a0<a href=\"mailto:info@telemet.com\">info@telemet.com<\/a> o complete el siguiente formulario<\/h3>\n<\/div><div class=\"fusion-sep-clear\"><\/div><div class=\"fusion-separator fusion-full-width-sep\" style=\"margin-left: auto;margin-right: auto;margin-top:20px;margin-bottom:10px;width:100%;\"><\/div><div class=\"fusion-sep-clear\"><\/div>\n<div class=\"wpcf7 no-js\" id=\"wpcf7-f6256-o1\" lang=\"es-ES\" dir=\"ltr\" data-wpcf7-id=\"6256\">\n<div class=\"screen-reader-response\"><p role=\"status\" aria-live=\"polite\" aria-atomic=\"true\"><\/p> <ul><\/ul><\/div>\n<form action=\"\/es\/wp-json\/wp\/v2\/pages\/6250#wpcf7-f6256-o1\" method=\"post\" class=\"wpcf7-form init\" aria-label=\"Formulario de contacto\" novalidate=\"novalidate\" data-status=\"init\">\n<fieldset class=\"hidden-fields-container\"><input type=\"hidden\" name=\"_wpcf7\" value=\"6256\" \/><input type=\"hidden\" name=\"_wpcf7_version\" value=\"6.1.3\" \/><input type=\"hidden\" name=\"_wpcf7_locale\" value=\"es_ES\" \/><input type=\"hidden\" name=\"_wpcf7_unit_tag\" value=\"wpcf7-f6256-o1\" \/><input type=\"hidden\" name=\"_wpcf7_container_post\" value=\"0\" \/><input type=\"hidden\" name=\"_wpcf7_posted_data_hash\" value=\"\" \/><input type=\"hidden\" name=\"_wpcf7cf_hidden_group_fields\" value=\"[]\" \/><input type=\"hidden\" name=\"_wpcf7cf_hidden_groups\" value=\"[]\" \/><input type=\"hidden\" name=\"_wpcf7cf_visible_groups\" value=\"[]\" \/><input type=\"hidden\" name=\"_wpcf7cf_repeaters\" value=\"[]\" \/><input type=\"hidden\" name=\"_wpcf7cf_steps\" value=\"{}\" \/><input type=\"hidden\" name=\"_wpcf7cf_options\" value=\"{&quot;form_id&quot;:6256,&quot;conditions&quot;:[],&quot;settings&quot;:{&quot;animation&quot;:&quot;yes&quot;,&quot;animation_intime&quot;:200,&quot;animation_outtime&quot;:200,&quot;conditions_ui&quot;:&quot;normal&quot;,&quot;notice_dismissed&quot;:false,&quot;notice_dismissed_rollback-cf7-5.4.1&quot;:true,&quot;notice_dismissed_rollback-cf7-5.9.5&quot;:true,&quot;notice_dismissed_update-cf7-6.0.4&quot;:true}}\" \/><input type=\"hidden\" name=\"_wpcf7_recaptcha_response\" value=\"\" \/>\n<\/fieldset>\n<p><label> Nombre (requerido)<br \/>\n<span class=\"wpcf7-form-control-wrap\" data-name=\"your-name\"><input size=\"40\" maxlength=\"400\" class=\"wpcf7-form-control wpcf7-text wpcf7-validates-as-required\" aria-required=\"true\" aria-invalid=\"false\" value=\"\" type=\"text\" name=\"your-name\" \/><\/span> <\/label>\n<\/p>\n<p><label> e-Mail (requerido)<br \/>\n<span class=\"wpcf7-form-control-wrap\" data-name=\"your-email\"><input size=\"40\" maxlength=\"400\" class=\"wpcf7-form-control wpcf7-email wpcf7-validates-as-required wpcf7-text wpcf7-validates-as-email\" aria-required=\"true\" aria-invalid=\"false\" value=\"\" type=\"email\" name=\"your-email\" \/><\/span> <\/label>\n<\/p>\n<p><label> Asunto<br \/>\n<span class=\"wpcf7-form-control-wrap\" data-name=\"your-subject\"><input size=\"40\" maxlength=\"400\" class=\"wpcf7-form-control wpcf7-text\" aria-invalid=\"false\" value=\"\" type=\"text\" name=\"your-subject\" \/><\/span> <\/label>\n<\/p>\n<p><label> Mensaje<br \/>\n<span class=\"wpcf7-form-control-wrap\" data-name=\"your-message\"><textarea cols=\"40\" rows=\"10\" maxlength=\"2000\" class=\"wpcf7-form-control wpcf7-textarea\" aria-invalid=\"false\" name=\"your-message\"><\/textarea><\/span> <\/label>\n<\/p>\n<p><input class=\"wpcf7-form-control wpcf7-submit has-spinner\" type=\"submit\" value=\"Enviar\" \/><br \/>\n<small style=\"line-height:11px !important\">This site is protected by reCAPTCHA and the Google <a target=\"_blank\" href=\"https:\/\/policies.google.com\/privacy\">Privacy Policy<\/a> and<a target=\"_blank\"  href=\"https:\/\/policies.google.com\/terms\">Terms of Service<\/a> apply.<\/small>\n<\/p><p style=\"display: none !important;\" class=\"akismet-fields-container\" data-prefix=\"_wpcf7_ak_\"><label>&#916;<textarea name=\"_wpcf7_ak_hp_textarea\" cols=\"45\" rows=\"8\" maxlength=\"100\"><\/textarea><\/label><input type=\"hidden\" id=\"ak_js_1\" name=\"_wpcf7_ak_js\" value=\"130\"\/><script>document.getElementById( \"ak_js_1\" ).setAttribute( \"value\", ( new Date() ).getTime() );<\/script><\/p><div class=\"fusion-alert alert custom alert-custom fusion-alert-center wpcf7-response-output fusion-alert-capitalize awb-alert-native-link-color alert-dismissable awb-alert-close-boxed\" style=\"--awb-border-size:1px;--awb-border-top-left-radius:0px;--awb-border-top-right-radius:0px;--awb-border-bottom-left-radius:0px;--awb-border-bottom-right-radius:0px;\" role=\"alert\"><div class=\"fusion-alert-content-wrapper\"><span class=\"fusion-alert-content\"><\/span><\/div><button type=\"button\" class=\"close toggle-alert\" data-dismiss=\"alert\" aria-label=\"Close\">&times;<\/button><\/div>\n<\/form>\n<\/div>\n<div class=\"fusion-clearfix\"><\/div><\/div><\/div><div class=\"fusion-layout-column fusion_builder_column fusion-builder-column-1 fusion_builder_column_1_3 1_3 fusion-one-third fusion-column-last\" style=\"--awb-bg-size:cover;width:30.6666%;\"><div class=\"fusion-column-wrapper fusion-flex-column-wrapper-legacy\"><div class=\"fusion-text fusion-text-2\"><h4>Oficina Principal<\/h4>\n<p>P.O. Box 829,<br \/>\n2290 Route 296,<br \/>\nHunter, NY 12442, USA.<br \/>\nTel.: 1-518-263-4968<br \/>\nFax: 1-518-263-5491<\/p>\n<h4>Oficina en Santiago<\/h4>\n<p>Los Canteros 8723<br \/>\nLa Reina, Santiago,<br \/>\n7880414, Chile<br \/>\nTel: 56-22-356-2735<br \/>\nFax: 56-22-356-3822<\/p>\n<h4>Oficina en Montevideo<\/h4>\n<p>Juncal 1378 \/ of 1305<br \/>\nMontevideo, 11500, Uruguay<br \/>\nPh: 598-99825392<\/p>\n<\/div><div class=\"fusion-clearfix\"><\/div><\/div><\/div><div class=\"fusion-layout-column fusion_builder_column fusion-builder-column-2 fusion_builder_column_1_1 1_1 fusion-one-full fusion-column-first fusion-column-last fusion-column-no-min-height\" style=\"--awb-bg-size:cover;--awb-margin-top:0px;--awb-margin-bottom:0px;\"><div class=\"fusion-column-wrapper fusion-flex-column-wrapper-legacy\"><div class=\"fusion-sep-clear\"><\/div><div class=\"fusion-separator fusion-full-width-sep\" style=\"margin-left: auto;margin-right: auto;margin-top:20px;margin-bottom:40px;width:100%;\"><div class=\"fusion-separator-border sep-single sep-dotted\" style=\"--awb-height:20px;--awb-amount:20px;--awb-sep-color:#d8d8d8;border-color:#d8d8d8;border-top-width:1px;\"><\/div><\/div><div class=\"fusion-sep-clear\"><\/div><div class=\"fusion-clearfix\"><\/div><\/div><\/div><div class=\"fusion-layout-column fusion_builder_column fusion-builder-column-3 fusion_builder_column_3_5 3_5 fusion-three-fifth fusion-column-first\" style=\"--awb-bg-size:cover;width:58.4%; margin-right: 4%;\"><div class=\"fusion-column-wrapper fusion-flex-column-wrapper-legacy\"><div class=\"fusion-text fusion-text-3\"><h2>Servicio al Cliente<\/h2>\n<p>El Servicio al Cliente de Telemet, ofrece una atenci\u00f3n activa y soluciones efectivas a todo requerimiento que cada uno de nuestros clientes presente. Nuestro calificado e instruido personal lo asistir\u00e1 con cortes\u00eda y respeto mutuo.<\/p>\n<p>El personal de Telemet es altamente entrenado en sus respectivas \u00e1reas de pericia. Hacemos esfuerzos considerables para avanzar en el desarrollo continuo de nuestro personal. Cada uno de ellos mantiene extensos per\u00edodos de entrenamiento y actualizaci\u00f3n t\u00e9cnica; cada uno de ellos es consciente de los constantes cambios que el mercado experimenta en el \u00e1mbito mundial.<\/p>\n<\/div><div class=\"fusion-clearfix\"><\/div><\/div><\/div><\/div><\/div><\/p>\n","protected":false},"excerpt":{"rendered":"","protected":false},"author":1,"featured_media":0,"parent":0,"menu_order":42,"comment_status":"closed","ping_status":"closed","template":"","meta":{"footnotes":""},"class_list":["post-6250","page","type-page","status-publish","hentry"],"yoast_head":"<!-- This site is optimized with the Yoast SEO plugin v26.2 - https:\/\/yoast.com\/wordpress\/plugins\/seo\/ -->\n<title>Cont\u00e1ctenos - Telemet<\/title>\n<meta name=\"robots\" content=\"index, follow, max-snippet:-1, max-image-preview:large, max-video-preview:-1\" \/>\n<link rel=\"canonical\" href=\"https:\/\/telemet.com\/es\/contact-us\/\" \/>\n<meta property=\"og:locale\" content=\"es_ES\" \/>\n<meta property=\"og:type\" content=\"article\" \/>\n<meta property=\"og:title\" content=\"Cont\u00e1ctenos - Telemet\" \/>\n<meta property=\"og:url\" content=\"https:\/\/telemet.com\/es\/contact-us\/\" \/>\n<meta property=\"og:site_name\" content=\"Telemet\" \/>\n<meta property=\"article:modified_time\" content=\"2023-03-31T19:07:27+00:00\" \/>\n<meta name=\"twitter:card\" content=\"summary_large_image\" \/>\n<meta name=\"twitter:label1\" content=\"Tiempo de lectura\" \/>\n\t<meta name=\"twitter:data1\" content=\"2 minutes\" \/>\n<script type=\"application\/ld+json\" class=\"yoast-schema-graph\">{\"@context\":\"https:\/\/schema.org\",\"@graph\":[{\"@type\":\"WebPage\",\"@id\":\"https:\/\/telemet.com\/es\/contact-us\/\",\"url\":\"https:\/\/telemet.com\/es\/contact-us\/\",\"name\":\"Cont\u00e1ctenos - Telemet\",\"isPartOf\":{\"@id\":\"https:\/\/telemet.com\/es\/#website\"},\"datePublished\":\"2016-07-27T11:34:59+00:00\",\"dateModified\":\"2023-03-31T19:07:27+00:00\",\"breadcrumb\":{\"@id\":\"https:\/\/telemet.com\/es\/contact-us\/#breadcrumb\"},\"inLanguage\":\"es-ES\",\"potentialAction\":[{\"@type\":\"ReadAction\",\"target\":[\"https:\/\/telemet.com\/es\/contact-us\/\"]}]},{\"@type\":\"BreadcrumbList\",\"@id\":\"https:\/\/telemet.com\/es\/contact-us\/#breadcrumb\",\"itemListElement\":[{\"@type\":\"ListItem\",\"position\":1,\"name\":\"Home\",\"item\":\"https:\/\/telemet.com\/es\/\"},{\"@type\":\"ListItem\",\"position\":2,\"name\":\"Cont\u00e1ctenos\"}]},{\"@type\":\"WebSite\",\"@id\":\"https:\/\/telemet.com\/es\/#website\",\"url\":\"https:\/\/telemet.com\/es\/\",\"name\":\"Telemet, Inc.\",\"description\":\"Efficiency through Simplicity\",\"potentialAction\":[{\"@type\":\"SearchAction\",\"target\":{\"@type\":\"EntryPoint\",\"urlTemplate\":\"https:\/\/telemet.com\/es\/?s={search_term_string}\"},\"query-input\":{\"@type\":\"PropertyValueSpecification\",\"valueRequired\":true,\"valueName\":\"search_term_string\"}}],\"inLanguage\":\"es-ES\"}]}<\/script>\n<!-- \/ Yoast SEO plugin. -->","yoast_head_json":{"title":"Cont\u00e1ctenos - Telemet","robots":{"index":"index","follow":"follow","max-snippet":"max-snippet:-1","max-image-preview":"max-image-preview:large","max-video-preview":"max-video-preview:-1"},"canonical":"https:\/\/telemet.com\/es\/contact-us\/","og_locale":"es_ES","og_type":"article","og_title":"Cont\u00e1ctenos - Telemet","og_url":"https:\/\/telemet.com\/es\/contact-us\/","og_site_name":"Telemet","article_modified_time":"2023-03-31T19:07:27+00:00","twitter_card":"summary_large_image","twitter_misc":{"Tiempo de lectura":"2 minutes"},"schema":{"@context":"https:\/\/schema.org","@graph":[{"@type":"WebPage","@id":"https:\/\/telemet.com\/es\/contact-us\/","url":"https:\/\/telemet.com\/es\/contact-us\/","name":"Cont\u00e1ctenos - Telemet","isPartOf":{"@id":"https:\/\/telemet.com\/es\/#website"},"datePublished":"2016-07-27T11:34:59+00:00","dateModified":"2023-03-31T19:07:27+00:00","breadcrumb":{"@id":"https:\/\/telemet.com\/es\/contact-us\/#breadcrumb"},"inLanguage":"es-ES","potentialAction":[{"@type":"ReadAction","target":["https:\/\/telemet.com\/es\/contact-us\/"]}]},{"@type":"BreadcrumbList","@id":"https:\/\/telemet.com\/es\/contact-us\/#breadcrumb","itemListElement":[{"@type":"ListItem","position":1,"name":"Home","item":"https:\/\/telemet.com\/es\/"},{"@type":"ListItem","position":2,"name":"Cont\u00e1ctenos"}]},{"@type":"WebSite","@id":"https:\/\/telemet.com\/es\/#website","url":"https:\/\/telemet.com\/es\/","name":"Telemet, Inc.","description":"Efficiency through Simplicity","potentialAction":[{"@type":"SearchAction","target":{"@type":"EntryPoint","urlTemplate":"https:\/\/telemet.com\/es\/?s={search_term_string}"},"query-input":{"@type":"PropertyValueSpecification","valueRequired":true,"valueName":"search_term_string"}}],"inLanguage":"es-ES"}]}},"_links":{"self":[{"href":"https:\/\/telemet.com\/es\/wp-json\/wp\/v2\/pages\/6250","targetHints":{"allow":["GET"]}}],"collection":[{"href":"https:\/\/telemet.com\/es\/wp-json\/wp\/v2\/pages"}],"about":[{"href":"https:\/\/telemet.com\/es\/wp-json\/wp\/v2\/types\/page"}],"author":[{"embeddable":true,"href":"https:\/\/telemet.com\/es\/wp-json\/wp\/v2\/users\/1"}],"replies":[{"embeddable":true,"href":"https:\/\/telemet.com\/es\/wp-json\/wp\/v2\/comments?post=6250"}],"version-history":[{"count":8,"href":"https:\/\/telemet.com\/es\/wp-json\/wp\/v2\/pages\/6250\/revisions"}],"predecessor-version":[{"id":13679,"href":"https:\/\/telemet.com\/es\/wp-json\/wp\/v2\/pages\/6250\/revisions\/13679"}],"wp:attachment":[{"href":"https:\/\/telemet.com\/es\/wp-json\/wp\/v2\/media?parent=6250"}],"curies":[{"name":"wp","href":"https:\/\/api.w.org\/{rel}","templated":true}]}}