{"id":6253,"date":"2016-08-30T19:31:51","date_gmt":"2016-08-30T19:31:51","guid":{"rendered":"http:\/\/telemet.com\/superstructures\/?lang=es"},"modified":"2017-04-24T20:43:49","modified_gmt":"2017-04-24T20:43:49","slug":"superstructures","status":"publish","type":"page","link":"https:\/\/telemet.com\/es\/pistenbully\/superstructures\/","title":{"rendered":"Superestructuras"},"content":{"rendered":"<div class=\"fusion-fullwidth fullwidth-box fusion-builder-row-1 nonhundred-percent-fullwidth non-hundred-percent-height-scrolling\" style=\"--awb-background-position:left top;--awb-border-radius-top-left:0px;--awb-border-radius-top-right:0px;--awb-border-radius-bottom-right:0px;--awb-border-radius-bottom-left:0px;--awb-padding-top:20px;--awb-padding-bottom:20px;--awb-border-sizes-top:0px;--awb-border-sizes-bottom:0px;--awb-flex-wrap:wrap;\" ><div class=\"fusion-builder-row fusion-row\"><div class=\"fusion-layout-column fusion_builder_column fusion-builder-column-0 fusion_builder_column_1_1 1_1 fusion-one-full fusion-column-first fusion-column-last fusion-column-no-min-height\" style=\"--awb-bg-size:cover;--awb-margin-top:0px;--awb-margin-bottom:0px;\"><div class=\"fusion-column-wrapper fusion-flex-column-wrapper-legacy\"><div class=\"fusion-text fusion-text-1\"><h2>CAB 5 pers.\/750KG a CAB 20 pers.\/1,600 KG<\/h2>\n<p>La cabina de personal est\u00e1 construida en base a una estructura robusta de acero con componentes GRP. La certificaci\u00f3n ROPS asegura la protecci\u00f3n de todos los pasajeros.<\/p>\n<p><img decoding=\"async\" class=\"alignnone size-full wp-image-6121\" src=\"https:\/\/telemet.com\/wp-content\/uploads\/2016\/08\/cabs-pb.jpg\" alt=\"cabs-pb\" width=\"940\" height=\"450\" srcset=\"https:\/\/telemet.com\/wp-content\/uploads\/2016\/08\/cabs-pb-200x96.jpg 200w, https:\/\/telemet.com\/wp-content\/uploads\/2016\/08\/cabs-pb-300x144.jpg 300w, https:\/\/telemet.com\/wp-content\/uploads\/2016\/08\/cabs-pb-400x191.jpg 400w, https:\/\/telemet.com\/wp-content\/uploads\/2016\/08\/cabs-pb-600x287.jpg 600w, https:\/\/telemet.com\/wp-content\/uploads\/2016\/08\/cabs-pb-768x368.jpg 768w, https:\/\/telemet.com\/wp-content\/uploads\/2016\/08\/cabs-pb-800x383.jpg 800w, https:\/\/telemet.com\/wp-content\/uploads\/2016\/08\/cabs-pb.jpg 940w\" sizes=\"(max-width: 940px) 100vw, 940px\" \/><\/p>\n<p>El interior de la cabina est\u00e1 recubierto con un tejido t\u00e9rmico, de alta resistencia y a prueba de sonido.<\/p>\n<p>La entrada se encuentra del lado del conductor. Se accede mediante una serie de escalones (pueden extenderse sobre la pista) y una escalera de acceso. Una manija asegurada al interior de la puerta sirve como ayuda para subir cuando \u00e9sta se encuentra abierta.<\/p>\n<p>La cabina est\u00e1 equipada con asientos plegables, orientados hacia adelante en relaci\u00f3n a la direcci\u00f3n de viaje. Cuenta con cinturones de seguridad autom\u00e1ticos y manijas para proporcionar seguridad a los pasajeros.<\/p>\n<p>La iluminaci\u00f3n de la cabina funciona por medio de interruptores de contacto ubicados en la puerta. Cuenta con un sistema de calefacci\u00f3n a diesel el cual se alimenta de un tanque de combustible separado. Las ventanas delanteras y traseras pueden girarse para ventilar la cabina.<\/p>\n<p><img decoding=\"async\" class=\"alignnone size-full wp-image-6122\" src=\"https:\/\/telemet.com\/wp-content\/uploads\/2016\/08\/cabins-pb.jpg\" alt=\"cabins-pb\" width=\"940\" height=\"147\" srcset=\"https:\/\/telemet.com\/wp-content\/uploads\/2016\/08\/cabins-pb-200x31.jpg 200w, https:\/\/telemet.com\/wp-content\/uploads\/2016\/08\/cabins-pb-300x47.jpg 300w, https:\/\/telemet.com\/wp-content\/uploads\/2016\/08\/cabins-pb-400x63.jpg 400w, https:\/\/telemet.com\/wp-content\/uploads\/2016\/08\/cabins-pb-600x94.jpg 600w, https:\/\/telemet.com\/wp-content\/uploads\/2016\/08\/cabins-pb-768x120.jpg 768w, https:\/\/telemet.com\/wp-content\/uploads\/2016\/08\/cabins-pb-800x125.jpg 800w, https:\/\/telemet.com\/wp-content\/uploads\/2016\/08\/cabins-pb.jpg 940w\" sizes=\"(max-width: 940px) 100vw, 940px\" \/><\/p>\n<p>Dentro de la cabina hay un extintor y un martillo de emergencia, adem\u00e1s de una ventana con visagras en el techo la cual sirve como salida de emergencia. La comunicaci\u00f3n entre los pasajeros y el conductor se mantiene a trav\u00e9s de un intercomunicador.<\/p>\n<p>La cabina de personal puede ser montada y desmontada con poco esfuerzo, as\u00ed volviendo a dejar disponible el espacio de carga.<\/p>\n<p>&nbsp;<\/p>\n<h2>CABINA VIP<\/h2>\n<p>Al equipar\u00a0las cabinas de pasajeros, buscamos satisfacer las lujosas demandas de nuestros clientes. En este caso, vidrios polarizados, un sistema de sonido de alta fidelidad incluyendo un monitor de alta tecnolog\u00eda y asientos extremadamente c\u00f3modos para que puedan disfrutar de la mejor experiencia en las monta\u00f1as.<\/p>\n<div class=\"fusion-video fusion-youtube\" style=\"--awb-max-width:820px;--awb-max-height:490px;\"><div class=\"video-shortcode\"><div class=\"fluid-width-video-wrapper\" style=\"padding-top:59.76%;\" ><iframe title=\"YouTube video player 1\" src=\"https:\/\/www.youtube.com\/embed\/aLE9i7EBBi4?wmode=transparent&autoplay=0\" width=\"820\" height=\"490\" allowfullscreen allow=\"autoplay; clipboard-write; encrypted-media; gyroscope; picture-in-picture;\"><\/iframe><\/div><\/div><\/div>\n<p>&nbsp;<\/p>\n<h2>SKIBOX<\/h2>\n<p><strong>Resguardo para el equipo de esqu\u00ed<\/strong><br \/>\nEl Skibox tiene lugar para 20 pares de skies. Una vez que se haya terminado de usar el Akia, podr\u00e1 guardarse en la skibox. Gracias a \u00e9sta, la cabina no se da\u00f1ar\u00e1 y el equipo no se perder\u00e1. El Skibox es muy f\u00e1cil de encastrar. Solo se necesita insertar dos soportes\u00a0en el lado izquierdo del chasis de la cabina de pasajeros y asegurarlos con un tornillo cada uno.<\/p>\n<p><img decoding=\"async\" class=\"alignnone size-full wp-image-6120\" src=\"https:\/\/telemet.com\/wp-content\/uploads\/2016\/08\/skibox-pb.jpg\" alt=\"skibox-pb\" width=\"940\" height=\"450\" srcset=\"https:\/\/telemet.com\/wp-content\/uploads\/2016\/08\/skibox-pb-200x96.jpg 200w, https:\/\/telemet.com\/wp-content\/uploads\/2016\/08\/skibox-pb-300x144.jpg 300w, https:\/\/telemet.com\/wp-content\/uploads\/2016\/08\/skibox-pb-400x191.jpg 400w, https:\/\/telemet.com\/wp-content\/uploads\/2016\/08\/skibox-pb-600x287.jpg 600w, https:\/\/telemet.com\/wp-content\/uploads\/2016\/08\/skibox-pb-768x368.jpg 768w, https:\/\/telemet.com\/wp-content\/uploads\/2016\/08\/skibox-pb-800x383.jpg 800w, https:\/\/telemet.com\/wp-content\/uploads\/2016\/08\/skibox-pb.jpg 940w\" sizes=\"(max-width: 940px) 100vw, 940px\" \/><\/p>\n<p><strong>Dise\u00f1o<\/strong><br \/>\nEl Skibox est\u00e1 construido con placas de aluminio. Est\u00e1 equipado con 4 soportes para que los skis y las tablas de snowboard puedan ser guardadas de forma segura. Estos soportes tambi\u00e9n pueden guardarse de ser necesario. Hay dos manijas, por lo que es f\u00e1cil de abrir.<\/p>\n<\/div><div class=\"fusion-clearfix\"><\/div><\/div><\/div><\/div><\/div>\n","protected":false},"excerpt":{"rendered":"","protected":false},"author":1,"featured_media":0,"parent":6261,"menu_order":21,"comment_status":"closed","ping_status":"closed","template":"side-navigation.php","meta":{"footnotes":""},"class_list":["post-6253","page","type-page","status-publish","hentry"],"yoast_head":"<!-- This site is optimized with the Yoast SEO plugin v26.2 - https:\/\/yoast.com\/wordpress\/plugins\/seo\/ -->\n<title>Superestructuras - Telemet<\/title>\n<meta name=\"robots\" content=\"index, follow, max-snippet:-1, max-image-preview:large, max-video-preview:-1\" \/>\n<link rel=\"canonical\" href=\"https:\/\/telemet.com\/es\/pistenbully\/superstructures\/\" \/>\n<meta property=\"og:locale\" content=\"es_ES\" \/>\n<meta property=\"og:type\" content=\"article\" \/>\n<meta property=\"og:title\" content=\"Superestructuras - Telemet\" \/>\n<meta property=\"og:url\" content=\"https:\/\/telemet.com\/es\/pistenbully\/superstructures\/\" \/>\n<meta property=\"og:site_name\" content=\"Telemet\" \/>\n<meta property=\"article:modified_time\" content=\"2017-04-24T20:43:49+00:00\" \/>\n<meta property=\"og:image\" content=\"https:\/\/telemet.com\/wp-content\/uploads\/2016\/08\/cabs-pb.jpg\" \/>\n<meta name=\"twitter:card\" content=\"summary_large_image\" \/>\n<meta name=\"twitter:label1\" content=\"Tiempo de lectura\" \/>\n\t<meta name=\"twitter:data1\" content=\"3 minutes\" \/>\n<script type=\"application\/ld+json\" class=\"yoast-schema-graph\">{\"@context\":\"https:\/\/schema.org\",\"@graph\":[{\"@type\":\"WebPage\",\"@id\":\"https:\/\/telemet.com\/es\/pistenbully\/superstructures\/\",\"url\":\"https:\/\/telemet.com\/es\/pistenbully\/superstructures\/\",\"name\":\"Superestructuras - Telemet\",\"isPartOf\":{\"@id\":\"https:\/\/telemet.com\/es\/#website\"},\"primaryImageOfPage\":{\"@id\":\"https:\/\/telemet.com\/es\/pistenbully\/superstructures\/#primaryimage\"},\"image\":{\"@id\":\"https:\/\/telemet.com\/es\/pistenbully\/superstructures\/#primaryimage\"},\"thumbnailUrl\":\"https:\/\/telemet.com\/wp-content\/uploads\/2016\/08\/cabs-pb.jpg\",\"datePublished\":\"2016-08-30T19:31:51+00:00\",\"dateModified\":\"2017-04-24T20:43:49+00:00\",\"breadcrumb\":{\"@id\":\"https:\/\/telemet.com\/es\/pistenbully\/superstructures\/#breadcrumb\"},\"inLanguage\":\"es-ES\",\"potentialAction\":[{\"@type\":\"ReadAction\",\"target\":[\"https:\/\/telemet.com\/es\/pistenbully\/superstructures\/\"]}]},{\"@type\":\"ImageObject\",\"inLanguage\":\"es-ES\",\"@id\":\"https:\/\/telemet.com\/es\/pistenbully\/superstructures\/#primaryimage\",\"url\":\"https:\/\/telemet.com\/wp-content\/uploads\/2016\/08\/cabs-pb.jpg\",\"contentUrl\":\"https:\/\/telemet.com\/wp-content\/uploads\/2016\/08\/cabs-pb.jpg\"},{\"@type\":\"BreadcrumbList\",\"@id\":\"https:\/\/telemet.com\/es\/pistenbully\/superstructures\/#breadcrumb\",\"itemListElement\":[{\"@type\":\"ListItem\",\"position\":1,\"name\":\"Home\",\"item\":\"https:\/\/telemet.com\/es\/\"},{\"@type\":\"ListItem\",\"position\":2,\"name\":\"PistenBully\",\"item\":\"https:\/\/telemet.com\/es\/pistenbully\/\"},{\"@type\":\"ListItem\",\"position\":3,\"name\":\"Superestructuras\"}]},{\"@type\":\"WebSite\",\"@id\":\"https:\/\/telemet.com\/es\/#website\",\"url\":\"https:\/\/telemet.com\/es\/\",\"name\":\"Telemet, Inc.\",\"description\":\"Efficiency through Simplicity\",\"potentialAction\":[{\"@type\":\"SearchAction\",\"target\":{\"@type\":\"EntryPoint\",\"urlTemplate\":\"https:\/\/telemet.com\/es\/?s={search_term_string}\"},\"query-input\":{\"@type\":\"PropertyValueSpecification\",\"valueRequired\":true,\"valueName\":\"search_term_string\"}}],\"inLanguage\":\"es-ES\"}]}<\/script>\n<!-- \/ Yoast SEO plugin. -->","yoast_head_json":{"title":"Superestructuras - Telemet","robots":{"index":"index","follow":"follow","max-snippet":"max-snippet:-1","max-image-preview":"max-image-preview:large","max-video-preview":"max-video-preview:-1"},"canonical":"https:\/\/telemet.com\/es\/pistenbully\/superstructures\/","og_locale":"es_ES","og_type":"article","og_title":"Superestructuras - Telemet","og_url":"https:\/\/telemet.com\/es\/pistenbully\/superstructures\/","og_site_name":"Telemet","article_modified_time":"2017-04-24T20:43:49+00:00","og_image":[{"url":"https:\/\/telemet.com\/wp-content\/uploads\/2016\/08\/cabs-pb.jpg","type":"","width":"","height":""}],"twitter_card":"summary_large_image","twitter_misc":{"Tiempo de lectura":"3 minutes"},"schema":{"@context":"https:\/\/schema.org","@graph":[{"@type":"WebPage","@id":"https:\/\/telemet.com\/es\/pistenbully\/superstructures\/","url":"https:\/\/telemet.com\/es\/pistenbully\/superstructures\/","name":"Superestructuras - Telemet","isPartOf":{"@id":"https:\/\/telemet.com\/es\/#website"},"primaryImageOfPage":{"@id":"https:\/\/telemet.com\/es\/pistenbully\/superstructures\/#primaryimage"},"image":{"@id":"https:\/\/telemet.com\/es\/pistenbully\/superstructures\/#primaryimage"},"thumbnailUrl":"https:\/\/telemet.com\/wp-content\/uploads\/2016\/08\/cabs-pb.jpg","datePublished":"2016-08-30T19:31:51+00:00","dateModified":"2017-04-24T20:43:49+00:00","breadcrumb":{"@id":"https:\/\/telemet.com\/es\/pistenbully\/superstructures\/#breadcrumb"},"inLanguage":"es-ES","potentialAction":[{"@type":"ReadAction","target":["https:\/\/telemet.com\/es\/pistenbully\/superstructures\/"]}]},{"@type":"ImageObject","inLanguage":"es-ES","@id":"https:\/\/telemet.com\/es\/pistenbully\/superstructures\/#primaryimage","url":"https:\/\/telemet.com\/wp-content\/uploads\/2016\/08\/cabs-pb.jpg","contentUrl":"https:\/\/telemet.com\/wp-content\/uploads\/2016\/08\/cabs-pb.jpg"},{"@type":"BreadcrumbList","@id":"https:\/\/telemet.com\/es\/pistenbully\/superstructures\/#breadcrumb","itemListElement":[{"@type":"ListItem","position":1,"name":"Home","item":"https:\/\/telemet.com\/es\/"},{"@type":"ListItem","position":2,"name":"PistenBully","item":"https:\/\/telemet.com\/es\/pistenbully\/"},{"@type":"ListItem","position":3,"name":"Superestructuras"}]},{"@type":"WebSite","@id":"https:\/\/telemet.com\/es\/#website","url":"https:\/\/telemet.com\/es\/","name":"Telemet, Inc.","description":"Efficiency through Simplicity","potentialAction":[{"@type":"SearchAction","target":{"@type":"EntryPoint","urlTemplate":"https:\/\/telemet.com\/es\/?s={search_term_string}"},"query-input":{"@type":"PropertyValueSpecification","valueRequired":true,"valueName":"search_term_string"}}],"inLanguage":"es-ES"}]}},"_links":{"self":[{"href":"https:\/\/telemet.com\/es\/wp-json\/wp\/v2\/pages\/6253","targetHints":{"allow":["GET"]}}],"collection":[{"href":"https:\/\/telemet.com\/es\/wp-json\/wp\/v2\/pages"}],"about":[{"href":"https:\/\/telemet.com\/es\/wp-json\/wp\/v2\/types\/page"}],"author":[{"embeddable":true,"href":"https:\/\/telemet.com\/es\/wp-json\/wp\/v2\/users\/1"}],"replies":[{"embeddable":true,"href":"https:\/\/telemet.com\/es\/wp-json\/wp\/v2\/comments?post=6253"}],"version-history":[{"count":3,"href":"https:\/\/telemet.com\/es\/wp-json\/wp\/v2\/pages\/6253\/revisions"}],"predecessor-version":[{"id":8381,"href":"https:\/\/telemet.com\/es\/wp-json\/wp\/v2\/pages\/6253\/revisions\/8381"}],"up":[{"embeddable":true,"href":"https:\/\/telemet.com\/es\/wp-json\/wp\/v2\/pages\/6261"}],"wp:attachment":[{"href":"https:\/\/telemet.com\/es\/wp-json\/wp\/v2\/media?parent=6253"}],"curies":[{"name":"wp","href":"https:\/\/api.w.org\/{rel}","templated":true}]}}