{"id":6265,"date":"2016-07-08T03:20:34","date_gmt":"2016-07-08T03:20:34","guid":{"rendered":"http:\/\/telemet.com\/pistenbully\/pistenbully-paana\/?lang=es"},"modified":"2017-04-24T20:44:15","modified_gmt":"2017-04-24T20:44:15","slug":"pistenbully-paana","status":"publish","type":"page","link":"https:\/\/telemet.com\/es\/pistenbully\/pistenbully-paana\/","title":{"rendered":"PistenBully\u00ae Paana"},"content":{"rendered":"<div class=\"fusion-fullwidth fullwidth-box fusion-builder-row-1 nonhundred-percent-fullwidth non-hundred-percent-height-scrolling\" style=\"--awb-background-position:left top;--awb-border-radius-top-left:0px;--awb-border-radius-top-right:0px;--awb-border-radius-bottom-right:0px;--awb-border-radius-bottom-left:0px;--awb-padding-top:20px;--awb-padding-bottom:20px;--awb-border-sizes-top:0px;--awb-border-sizes-bottom:0px;--awb-flex-wrap:wrap;\" ><div class=\"fusion-builder-row fusion-row\"><div class=\"fusion-layout-column fusion_builder_column fusion-builder-column-0 fusion_builder_column_1_1 1_1 fusion-one-full fusion-column-first fusion-column-last fusion-column-no-min-height\" style=\"--awb-bg-size:cover;--awb-margin-top:0px;--awb-margin-bottom:0px;\"><div class=\"fusion-column-wrapper fusion-flex-column-wrapper-legacy\"><div class=\"fusion-image-element in-legacy-container\" style=\"--awb-caption-title-font-family:var(--h2_typography-font-family);--awb-caption-title-font-weight:var(--h2_typography-font-weight);--awb-caption-title-font-style:var(--h2_typography-font-style);--awb-caption-title-size:var(--h2_typography-font-size);--awb-caption-title-transform:var(--h2_typography-text-transform);--awb-caption-title-line-height:var(--h2_typography-line-height);--awb-caption-title-letter-spacing:var(--h2_typography-letter-spacing);\"><span class=\" fusion-imageframe imageframe-none imageframe-1 hover-type-none\"><img decoding=\"async\" width=\"1100\" height=\"736\" title=\"PistenBully_Paana\" src=\"https:\/\/telemet.com\/wp-content\/uploads\/2016\/07\/PistenBully_Paana.jpg\" alt class=\"img-responsive wp-image-1971\" srcset=\"https:\/\/telemet.com\/wp-content\/uploads\/2016\/07\/PistenBully_Paana-200x134.jpg 200w, https:\/\/telemet.com\/wp-content\/uploads\/2016\/07\/PistenBully_Paana-400x268.jpg 400w, https:\/\/telemet.com\/wp-content\/uploads\/2016\/07\/PistenBully_Paana-600x401.jpg 600w, https:\/\/telemet.com\/wp-content\/uploads\/2016\/07\/PistenBully_Paana-800x535.jpg 800w, https:\/\/telemet.com\/wp-content\/uploads\/2016\/07\/PistenBully_Paana.jpg 1100w\" sizes=\"(max-width: 800px) 100vw, 1100px\" \/><\/span><\/div><div class=\"fusion-sep-clear\"><\/div><div class=\"fusion-separator fusion-full-width-sep\" style=\"margin-left: auto;margin-right: auto;margin-top:20px;width:100%;\"><\/div><div class=\"fusion-sep-clear\"><\/div><div class=\"fusion-align-block\"><a class=\"fusion-button button-flat button-xlarge button-default fusion-button-default button-1 fusion-button-span-yes \" target=\"_blank\" rel=\"noopener noreferrer\" title=\"Panna Brochure\" aria-label=\"Panna Brochure\" href=\"\/wp-content\/uploads\/2016\/07\/broschuere_paana_en.pdf\"><i class=\" fa fa-file-pdf-o awb-button__icon awb-button__icon--default button-icon-left\" aria-hidden=\"true\"><\/i><span class=\"fusion-button-text awb-button__text awb-button__text--default\">Descargar Folleto (PDF)<\/span><\/a><\/div><div class=\"fusion-sep-clear\"><\/div><div class=\"fusion-separator fusion-full-width-sep\" style=\"margin-left: auto;margin-right: auto;margin-top:20px;width:100%;\"><\/div><div class=\"fusion-sep-clear\"><\/div><div class=\"fusion-align-block\"><a class=\"fusion-button button-flat button-xlarge button-default fusion-button-default button-2 fusion-button-span-yes \" target=\"_blank\" rel=\"noopener noreferrer\" title=\"Panna Data Sheet\" aria-label=\"Panna Data Sheet\" href=\"\/wp-content\/uploads\/2016\/07\/technische-daten-paana-en.pdf\"><i class=\" fa fa-file-pdf-o awb-button__icon awb-button__icon--default button-icon-left\" aria-hidden=\"true\"><\/i><span class=\"fusion-button-text awb-button__text awb-button__text--default\">Descargar Ficha T\u00e9cnica (PDF)<\/span><\/a><\/div><div class=\"fusion-sep-clear\"><\/div><div class=\"fusion-separator fusion-full-width-sep\" style=\"margin-left: auto;margin-right: auto;margin-top:20px;width:100%;\"><\/div><div class=\"fusion-sep-clear\"><\/div><div class=\"fusion-text fusion-text-1\"><h3>Marcando los limites para pistas de ski de fondo perfectas<\/h3>\n<p>El PistenBully Paana \u2013 disponible en tres anchos diferentes \u2013 hace f\u00e1cil el trabajo de preparar todo tipo de nieve, desde nieve reci\u00e9n ca\u00edda hasta superficies cubiertas de hielo. El sistema de fresa de dos etapas permite preparar pista de ski de campo traviesa, conforme a los est\u00e1ndares FIS, en una sola pasada. Las orugas han sido especialmente dise\u00f1adas para pista de ski de campo traviesa y pueden ser utilizadas aun con las m\u00e1s delgadas coberturas de nieve.<div class=\"fusion-title title fusion-title-1 fusion-title-text fusion-title-size-two cazul\" style=\"--awb-margin-top:20px;--awb-margin-bottom:10px;--awb-sep-color:#35baf2;\"><h2 class=\"fusion-title-heading title-heading-left fusion-responsive-typography-calculated\" style=\"margin:0;--fontSize:40;line-height:1.2;\">COCKPIT<\/h2><span class=\"awb-title-spacer\"><\/span><div class=\"title-sep-container\"><div class=\"title-sep sep-double sep-solid\" style=\"border-color:#35baf2;\"><\/div><\/div><\/div>\n<iframe class=\"cockpit\" src=\"http:\/\/www.pistenbully.com\/fileadmin\/content_pistenbully\/panorama\/pistenbully-paana\/panorama-paana.html\" width=\"100%\" height=\"400\" frameborder=\"0\" marginwidth=\"0\" marginheight=\"0\" scrolling=\"no\"><\/iframe><\/p>\n<h3>Potente sistema de tracci\u00f3n<\/h3>\n<p>115 hp, 2,000 rpm. El potente motor Cummins de 4 cilindros en l\u00ednea con turbo alimentador es confiable en toda situaci\u00f3n. El interruptor de control de crucero, integrado en el volante asegura que el conductor pueda operar la maquina con absoluto confort. El dispositivo de control de crucero es ideal para pistas largas y aseguran una preparaci\u00f3n consistente y pareja. El mando de la fresa a trav\u00e9s de una bomba Rexroth 10VG45 garantizan flexibilidad durante el trabajo. La transmisi\u00f3n al eje de la fresa es infinitamente variable.<\/p>\n<h3>Hidr\u00e1ulica asombrosa<\/h3>\n<p>La presi\u00f3n hacia abajo de la fresa y de las bandejas moldeadoras pueden ser reguladas separadamente y la profundidad de la fresa puede ser ajustada hidr\u00e1ulicamente. La fresa puede ser operada en posici\u00f3n de flote y con presi\u00f3n hacia abajo. El soporte para accesorios trasero posicionado lateralmente con punto de flote permite pivotar.<\/p>\n<h3>Chasis resistente al desgaste<\/h3>\n<p>Los travesa\u00f1os de oruga de perfil abierto (perfil tipo G) del PistenBully Paana est\u00e1n construidos de acero endurecido, ayudan a asegurar un alto nivel de Resistencia al desgaste. El PistenBully Paana es capaz de trabajar con gran suavidad y puede prepara pistas aun con coberturas de nieve muy livianas. Para \u00e1reas particularmente sensibles como as\u00ed tambi\u00e9n con delgadas capas de nieve, tambi\u00e9n est\u00e1n disponibles orugas con un perfil de 62mm como alternativa a las orugas est\u00e1ndar que tiene una altura de perfil de 72mm.<\/p>\n<h3>Cabina confortable para el conductor<\/h3>\n<p>El conductor tiene una visi\u00f3n interrumpida en todas las direcciones gracias a sus ventanas que se extienden hasta muy abajo y al asiento del conductor posicionado centralmente. El gran techo vidriado, un sistema de calefacci\u00f3n extremadamente efectivo, controles ergon\u00f3micamente dise\u00f1ados y de f\u00e1cil acceso, sin dejar de mencionar suspensi\u00f3n de aire del asiento calefaccionado del conductor, todo ello se combina para hacer que la operaci\u00f3n diaria sea tan confortable y f\u00e1cil como sea posible. En lo que concierne a la seguridad la cabina del conductor cumple con los requerimientos de la certificaci\u00f3n ROPS est\u00e1ndar y es muy silencioso.<\/p>\n<\/div><div class=\"fusion-clearfix\"><\/div><\/div><\/div><\/div><\/div>\n","protected":false},"excerpt":{"rendered":"","protected":false},"author":1,"featured_media":0,"parent":6261,"menu_order":0,"comment_status":"closed","ping_status":"closed","template":"side-navigation.php","meta":{"footnotes":""},"class_list":["post-6265","page","type-page","status-publish","hentry"],"yoast_head":"<!-- This site is optimized with the Yoast SEO plugin v26.2 - https:\/\/yoast.com\/wordpress\/plugins\/seo\/ -->\n<title>PistenBully\u00ae Paana - Telemet<\/title>\n<meta name=\"robots\" content=\"index, follow, max-snippet:-1, max-image-preview:large, max-video-preview:-1\" \/>\n<link rel=\"canonical\" href=\"https:\/\/telemet.com\/es\/pistenbully\/pistenbully-paana\/\" \/>\n<meta property=\"og:locale\" content=\"es_ES\" \/>\n<meta property=\"og:type\" content=\"article\" \/>\n<meta property=\"og:title\" content=\"PistenBully\u00ae Paana - Telemet\" \/>\n<meta property=\"og:url\" content=\"https:\/\/telemet.com\/es\/pistenbully\/pistenbully-paana\/\" \/>\n<meta property=\"og:site_name\" content=\"Telemet\" \/>\n<meta property=\"article:modified_time\" content=\"2017-04-24T20:44:15+00:00\" \/>\n<meta property=\"og:image\" content=\"https:\/\/telemet.com\/wp-content\/uploads\/2016\/07\/PistenBully_Paana.jpg\" \/>\n<meta name=\"twitter:card\" content=\"summary_large_image\" \/>\n<meta name=\"twitter:label1\" content=\"Tiempo de lectura\" \/>\n\t<meta name=\"twitter:data1\" content=\"4 minutes\" \/>\n<script type=\"application\/ld+json\" class=\"yoast-schema-graph\">{\"@context\":\"https:\/\/schema.org\",\"@graph\":[{\"@type\":\"WebPage\",\"@id\":\"https:\/\/telemet.com\/es\/pistenbully\/pistenbully-paana\/\",\"url\":\"https:\/\/telemet.com\/es\/pistenbully\/pistenbully-paana\/\",\"name\":\"PistenBully\u00ae Paana - Telemet\",\"isPartOf\":{\"@id\":\"https:\/\/telemet.com\/es\/#website\"},\"primaryImageOfPage\":{\"@id\":\"https:\/\/telemet.com\/es\/pistenbully\/pistenbully-paana\/#primaryimage\"},\"image\":{\"@id\":\"https:\/\/telemet.com\/es\/pistenbully\/pistenbully-paana\/#primaryimage\"},\"thumbnailUrl\":\"https:\/\/telemet.com\/wp-content\/uploads\/2016\/07\/PistenBully_Paana.jpg\",\"datePublished\":\"2016-07-08T03:20:34+00:00\",\"dateModified\":\"2017-04-24T20:44:15+00:00\",\"breadcrumb\":{\"@id\":\"https:\/\/telemet.com\/es\/pistenbully\/pistenbully-paana\/#breadcrumb\"},\"inLanguage\":\"es-ES\",\"potentialAction\":[{\"@type\":\"ReadAction\",\"target\":[\"https:\/\/telemet.com\/es\/pistenbully\/pistenbully-paana\/\"]}]},{\"@type\":\"ImageObject\",\"inLanguage\":\"es-ES\",\"@id\":\"https:\/\/telemet.com\/es\/pistenbully\/pistenbully-paana\/#primaryimage\",\"url\":\"https:\/\/telemet.com\/wp-content\/uploads\/2016\/07\/PistenBully_Paana.jpg\",\"contentUrl\":\"https:\/\/telemet.com\/wp-content\/uploads\/2016\/07\/PistenBully_Paana.jpg\"},{\"@type\":\"BreadcrumbList\",\"@id\":\"https:\/\/telemet.com\/es\/pistenbully\/pistenbully-paana\/#breadcrumb\",\"itemListElement\":[{\"@type\":\"ListItem\",\"position\":1,\"name\":\"Home\",\"item\":\"https:\/\/telemet.com\/es\/\"},{\"@type\":\"ListItem\",\"position\":2,\"name\":\"PistenBully\",\"item\":\"https:\/\/telemet.com\/es\/pistenbully\/\"},{\"@type\":\"ListItem\",\"position\":3,\"name\":\"PistenBully\u00ae Paana\"}]},{\"@type\":\"WebSite\",\"@id\":\"https:\/\/telemet.com\/es\/#website\",\"url\":\"https:\/\/telemet.com\/es\/\",\"name\":\"Telemet, Inc.\",\"description\":\"Efficiency through Simplicity\",\"potentialAction\":[{\"@type\":\"SearchAction\",\"target\":{\"@type\":\"EntryPoint\",\"urlTemplate\":\"https:\/\/telemet.com\/es\/?s={search_term_string}\"},\"query-input\":{\"@type\":\"PropertyValueSpecification\",\"valueRequired\":true,\"valueName\":\"search_term_string\"}}],\"inLanguage\":\"es-ES\"}]}<\/script>\n<!-- \/ Yoast SEO plugin. -->","yoast_head_json":{"title":"PistenBully\u00ae Paana - Telemet","robots":{"index":"index","follow":"follow","max-snippet":"max-snippet:-1","max-image-preview":"max-image-preview:large","max-video-preview":"max-video-preview:-1"},"canonical":"https:\/\/telemet.com\/es\/pistenbully\/pistenbully-paana\/","og_locale":"es_ES","og_type":"article","og_title":"PistenBully\u00ae Paana - Telemet","og_url":"https:\/\/telemet.com\/es\/pistenbully\/pistenbully-paana\/","og_site_name":"Telemet","article_modified_time":"2017-04-24T20:44:15+00:00","og_image":[{"url":"https:\/\/telemet.com\/wp-content\/uploads\/2016\/07\/PistenBully_Paana.jpg","type":"","width":"","height":""}],"twitter_card":"summary_large_image","twitter_misc":{"Tiempo de lectura":"4 minutes"},"schema":{"@context":"https:\/\/schema.org","@graph":[{"@type":"WebPage","@id":"https:\/\/telemet.com\/es\/pistenbully\/pistenbully-paana\/","url":"https:\/\/telemet.com\/es\/pistenbully\/pistenbully-paana\/","name":"PistenBully\u00ae Paana - Telemet","isPartOf":{"@id":"https:\/\/telemet.com\/es\/#website"},"primaryImageOfPage":{"@id":"https:\/\/telemet.com\/es\/pistenbully\/pistenbully-paana\/#primaryimage"},"image":{"@id":"https:\/\/telemet.com\/es\/pistenbully\/pistenbully-paana\/#primaryimage"},"thumbnailUrl":"https:\/\/telemet.com\/wp-content\/uploads\/2016\/07\/PistenBully_Paana.jpg","datePublished":"2016-07-08T03:20:34+00:00","dateModified":"2017-04-24T20:44:15+00:00","breadcrumb":{"@id":"https:\/\/telemet.com\/es\/pistenbully\/pistenbully-paana\/#breadcrumb"},"inLanguage":"es-ES","potentialAction":[{"@type":"ReadAction","target":["https:\/\/telemet.com\/es\/pistenbully\/pistenbully-paana\/"]}]},{"@type":"ImageObject","inLanguage":"es-ES","@id":"https:\/\/telemet.com\/es\/pistenbully\/pistenbully-paana\/#primaryimage","url":"https:\/\/telemet.com\/wp-content\/uploads\/2016\/07\/PistenBully_Paana.jpg","contentUrl":"https:\/\/telemet.com\/wp-content\/uploads\/2016\/07\/PistenBully_Paana.jpg"},{"@type":"BreadcrumbList","@id":"https:\/\/telemet.com\/es\/pistenbully\/pistenbully-paana\/#breadcrumb","itemListElement":[{"@type":"ListItem","position":1,"name":"Home","item":"https:\/\/telemet.com\/es\/"},{"@type":"ListItem","position":2,"name":"PistenBully","item":"https:\/\/telemet.com\/es\/pistenbully\/"},{"@type":"ListItem","position":3,"name":"PistenBully\u00ae Paana"}]},{"@type":"WebSite","@id":"https:\/\/telemet.com\/es\/#website","url":"https:\/\/telemet.com\/es\/","name":"Telemet, Inc.","description":"Efficiency through Simplicity","potentialAction":[{"@type":"SearchAction","target":{"@type":"EntryPoint","urlTemplate":"https:\/\/telemet.com\/es\/?s={search_term_string}"},"query-input":{"@type":"PropertyValueSpecification","valueRequired":true,"valueName":"search_term_string"}}],"inLanguage":"es-ES"}]}},"_links":{"self":[{"href":"https:\/\/telemet.com\/es\/wp-json\/wp\/v2\/pages\/6265","targetHints":{"allow":["GET"]}}],"collection":[{"href":"https:\/\/telemet.com\/es\/wp-json\/wp\/v2\/pages"}],"about":[{"href":"https:\/\/telemet.com\/es\/wp-json\/wp\/v2\/types\/page"}],"author":[{"embeddable":true,"href":"https:\/\/telemet.com\/es\/wp-json\/wp\/v2\/users\/1"}],"replies":[{"embeddable":true,"href":"https:\/\/telemet.com\/es\/wp-json\/wp\/v2\/comments?post=6265"}],"version-history":[{"count":2,"href":"https:\/\/telemet.com\/es\/wp-json\/wp\/v2\/pages\/6265\/revisions"}],"predecessor-version":[{"id":8568,"href":"https:\/\/telemet.com\/es\/wp-json\/wp\/v2\/pages\/6265\/revisions\/8568"}],"up":[{"embeddable":true,"href":"https:\/\/telemet.com\/es\/wp-json\/wp\/v2\/pages\/6261"}],"wp:attachment":[{"href":"https:\/\/telemet.com\/es\/wp-json\/wp\/v2\/media?parent=6265"}],"curies":[{"name":"wp","href":"https:\/\/api.w.org\/{rel}","templated":true}]}}