{"id":6273,"date":"2016-07-08T03:59:35","date_gmt":"2016-07-08T03:59:35","guid":{"rendered":"http:\/\/telemet.com\/pistenbully\/pistenbully-400\/?lang=es"},"modified":"2022-02-07T11:19:47","modified_gmt":"2022-02-07T11:19:47","slug":"pistenbully-400","status":"publish","type":"page","link":"https:\/\/telemet.com\/es\/pistenbully\/pistenbully-400\/","title":{"rendered":"PistenBully\u00ae 400"},"content":{"rendered":"<div class=\"fusion-fullwidth fullwidth-box fusion-builder-row-1 nonhundred-percent-fullwidth non-hundred-percent-height-scrolling\" style=\"--awb-background-position:left top;--awb-border-sizes-top:0px;--awb-border-sizes-bottom:0px;--awb-border-sizes-left:0px;--awb-border-sizes-right:0px;--awb-border-radius-top-left:0px;--awb-border-radius-top-right:0px;--awb-border-radius-bottom-right:0px;--awb-border-radius-bottom-left:0px;--awb-padding-top:20px;--awb-padding-bottom:20px;--awb-flex-wrap:wrap;\" ><div class=\"fusion-builder-row fusion-row\"><div class=\"fusion-layout-column fusion_builder_column fusion-builder-column-0 fusion_builder_column_1_1 1_1 fusion-one-full fusion-column-first fusion-column-last fusion-column-no-min-height\" style=\"--awb-bg-size:cover;--awb-margin-top:0px;--awb-margin-bottom:0px;\"><div class=\"fusion-column-wrapper fusion-flex-column-wrapper-legacy\"><div class=\"fusion-image-element fusion-image-align-right in-legacy-container\" style=\"text-align:right;--awb-caption-title-font-family:var(--h2_typography-font-family);--awb-caption-title-font-weight:var(--h2_typography-font-weight);--awb-caption-title-font-style:var(--h2_typography-font-style);--awb-caption-title-size:var(--h2_typography-font-size);--awb-caption-title-transform:var(--h2_typography-text-transform);--awb-caption-title-line-height:var(--h2_typography-line-height);--awb-caption-title-letter-spacing:var(--h2_typography-letter-spacing);\"><span class=\" fusion-imageframe imageframe-none imageframe-1 hover-type-none\" style=\"margin-left:25px;float:right;\"><img decoding=\"async\" width=\"974\" height=\"599\" title=\"PistenBully_400-1\" src=\"https:\/\/telemet.com\/wp-content\/uploads\/2016\/07\/PistenBully_400-1.jpg\" alt class=\"img-responsive wp-image-2067\" srcset=\"https:\/\/telemet.com\/wp-content\/uploads\/2016\/07\/PistenBully_400-1-200x123.jpg 200w, https:\/\/telemet.com\/wp-content\/uploads\/2016\/07\/PistenBully_400-1-400x246.jpg 400w, https:\/\/telemet.com\/wp-content\/uploads\/2016\/07\/PistenBully_400-1-600x369.jpg 600w, https:\/\/telemet.com\/wp-content\/uploads\/2016\/07\/PistenBully_400-1-800x492.jpg 800w, https:\/\/telemet.com\/wp-content\/uploads\/2016\/07\/PistenBully_400-1.jpg 974w\" sizes=\"(max-width: 800px) 100vw, 974px\" \/><\/span><\/div><div class=\"fusion-sep-clear\"><\/div><div class=\"fusion-separator fusion-full-width-sep\" style=\"margin-left: auto;margin-right: auto;margin-top:20px;width:100%;\"><\/div><div class=\"fusion-sep-clear\"><\/div><div class=\"fusion-align-block\"><a class=\"fusion-button button-flat button-xlarge button-default fusion-button-default button-1 fusion-button-span-yes \" target=\"_blank\" rel=\"noopener noreferrer\" href=\"\/wp-content\/uploads\/2016\/07\/pistenbully_brochure_400_en.pdf\"><i class=\" fa fa-file-pdf-o awb-button__icon awb-button__icon--default button-icon-left\" aria-hidden=\"true\"><\/i><span class=\"fusion-button-text awb-button__text awb-button__text--default\">Descargar Folleto (PDF)<\/span><\/a><\/div><div class=\"fusion-sep-clear\"><\/div><div class=\"fusion-separator fusion-full-width-sep\" style=\"margin-left: auto;margin-right: auto;margin-top:20px;width:100%;\"><\/div><div class=\"fusion-sep-clear\"><\/div><div class=\"fusion-align-block\"><a class=\"fusion-button button-flat button-xlarge button-default fusion-button-default button-2 fusion-button-span-yes \" target=\"_blank\" rel=\"noopener noreferrer\" href=\"\/wp-content\/uploads\/2016\/07\/data_sheet_400_en-1.pdf\"><i class=\" fa fa-file-pdf-o awb-button__icon awb-button__icon--default button-icon-left\" aria-hidden=\"true\"><\/i><span class=\"fusion-button-text awb-button__text awb-button__text--default\">Descargar Ficha T\u00e9cnica (PDF)<\/span><\/a><\/div><div class=\"fusion-sep-clear\"><\/div><div class=\"fusion-separator fusion-full-width-sep\" style=\"margin-left: auto;margin-right: auto;margin-top:20px;width:100%;\"><\/div><div class=\"fusion-sep-clear\"><\/div><div class=\"fusion-text fusion-text-1\" style=\"--awb-text-transform:none;\"><h3>Un socio fuerte y confiable.<\/h3>\n<p>T\u00e9cnicamente, el mejor en su clase. Extremadamente f\u00e1cil y confortable de operar. Absoluta precisi\u00f3n. El PistenBully 400 posee todas las caracter\u00edsticas esenciales necesarias para trabajar en las monta\u00f1as de todo el mundo. Desde su confortable cabina a su poderoso pero econ\u00f3mico motor, a la estructura de su chasis, este nuevo socio ha sido dise\u00f1ado para satisfacer, de la manera m\u00e1s eficiente, todas las demandas del operador y de las severas condiciones de monta\u00f1a.<\/p>\n<h3>No hay mejor lugar donde trabajar en el mundo.<\/h3>\n<p>Apenas uno entra en la cabina, uno se siente en la cima del mundo. El PB400 impresiona cada vez que uno lo mira. Nuestra insistencia en un dise\u00f1o de alta calidad y nuestra extensa experiencia han resultado en la creaci\u00f3n de un lugar de trabajo sin igual. Es una buena impresi\u00f3n, que perdura!<\/p>\n<h3>Detalles que hablan por s\u00ed mismos.<\/h3>\n<p>El amplio espacio de la cabina fue realizado con el confiado y comprobado m\u00e9todo de construcci\u00f3n h\u00edbrido de K\u00e4ssbohrer. Es muy estable y tiene la certificaci\u00f3n ROPS en acuerdo con las directivas DIN 30770 y \u00d6N 9850. El amplio parabrisas se extiende hacia abajo y provee una visibilidad perfecta en todas direcciones. Una atm\u00f3sfera agradable de bajo ruido es asegurada a trav\u00e9s de numerosos paneles de aislaci\u00f3n de sonido ubicados en el piso, el techo y en los paneles exteriores. Cuando la temperatura baja por debajo de 0\u00ba, se provee de calefacci\u00f3n al \u00e1rea del piso y de las ventanas laterales a trav\u00e9s de dos c\u00e1maras separadas de intercambio de calor, equipadas con ventiladores.<\/p>\n<h3>Robusta caja de marcha, para una potencia controlada en terreno.<\/h3>\n<p>Las mejores caracter\u00edsticas para la mejor capacidad de empuje. Este veh\u00edculo \u00f3ptimamente balanceado asegura una agradable experiencia de manejo y produce pistas de resultados perfectos.<\/p>\n<h3>Excelente performance en todas las categor\u00edas.<\/h3>\n<p>El PB400 combina todos los factores que van para asegurar un trabajo preciso, seguro y libre de problemas. El peso y la estabilidad de su estructura han sido optimizados, y \u00e9ste ha sido construido con acero de grano fino de alta fuerza, extremadamente resistente a temperaturas fr\u00edas. Todos los ejes tienen resortes de barras de torsi\u00f3n planos, generosamente proporcionados, que requieren m\u00ednimos niveles de mantenci\u00f3n.<\/p>\n<h3>Una experiencia en iluminaci\u00f3n.<\/h3>\n<p>El concepto de iluminaci\u00f3n del PB400 es un total \u00e9xito. Tiene dos focos frontales y doble buscapistas integrados al techo de la cabina que aseguran una iluminaci\u00f3n del \u00e1rea de trabajo clara y amplia.<\/p>\n<p>Los focos H3 SideFinder montados a los costados aseguran una excelente iluminaci\u00f3n de los bordes de pistas y bordes de pala. Los dos focos H11 traseros aseguran la visi\u00f3n de la fresa AlpineFlex y la pista. Tambi\u00e9n tiene un foco de servicio en el compartimiento del motor que provee buena iluminaci\u00f3n del \u00e1rea de soporte del brazo trasero. Como opcional, se puede tener tambi\u00e9n las versiones Xenon de los focos para las \u00e1reas de trabajo frontales y traseras o tener dos l\u00e1mparas TreeLine y focos adicionales Xenon en el pasamanos de soporte. El efecto total, es una iluminaci\u00f3n del \u00e1rea de trabajo, tan clara como la luz natural del d\u00eda.<\/p>\n<\/div><div class=\"fusion-clearfix\"><\/div><\/div><\/div><\/div><\/div>\n","protected":false},"excerpt":{"rendered":"","protected":false},"author":1,"featured_media":0,"parent":6261,"menu_order":8,"comment_status":"closed","ping_status":"closed","template":"side-navigation.php","meta":{"footnotes":""},"class_list":["post-6273","page","type-page","status-publish","hentry"],"yoast_head":"<!-- This site is optimized with the Yoast SEO plugin v26.2 - https:\/\/yoast.com\/wordpress\/plugins\/seo\/ -->\n<title>PistenBully\u00ae 400 - Telemet<\/title>\n<meta name=\"robots\" content=\"index, follow, max-snippet:-1, max-image-preview:large, max-video-preview:-1\" \/>\n<link rel=\"canonical\" href=\"https:\/\/telemet.com\/es\/pistenbully\/pistenbully-400\/\" \/>\n<meta property=\"og:locale\" content=\"es_ES\" \/>\n<meta property=\"og:type\" content=\"article\" \/>\n<meta property=\"og:title\" content=\"PistenBully\u00ae 400 - Telemet\" \/>\n<meta property=\"og:url\" content=\"https:\/\/telemet.com\/es\/pistenbully\/pistenbully-400\/\" \/>\n<meta property=\"og:site_name\" content=\"Telemet\" \/>\n<meta property=\"article:modified_time\" content=\"2022-02-07T11:19:47+00:00\" \/>\n<meta property=\"og:image\" content=\"https:\/\/telemet.com\/wp-content\/uploads\/2016\/07\/PistenBully_400-1.jpg\" \/>\n<meta name=\"twitter:card\" content=\"summary_large_image\" \/>\n<meta name=\"twitter:label1\" content=\"Tiempo de lectura\" \/>\n\t<meta name=\"twitter:data1\" content=\"5 minutes\" \/>\n<script type=\"application\/ld+json\" class=\"yoast-schema-graph\">{\"@context\":\"https:\/\/schema.org\",\"@graph\":[{\"@type\":\"WebPage\",\"@id\":\"https:\/\/telemet.com\/es\/pistenbully\/pistenbully-400\/\",\"url\":\"https:\/\/telemet.com\/es\/pistenbully\/pistenbully-400\/\",\"name\":\"PistenBully\u00ae 400 - Telemet\",\"isPartOf\":{\"@id\":\"https:\/\/telemet.com\/es\/#website\"},\"primaryImageOfPage\":{\"@id\":\"https:\/\/telemet.com\/es\/pistenbully\/pistenbully-400\/#primaryimage\"},\"image\":{\"@id\":\"https:\/\/telemet.com\/es\/pistenbully\/pistenbully-400\/#primaryimage\"},\"thumbnailUrl\":\"https:\/\/telemet.com\/wp-content\/uploads\/2016\/07\/PistenBully_400-1.jpg\",\"datePublished\":\"2016-07-08T03:59:35+00:00\",\"dateModified\":\"2022-02-07T11:19:47+00:00\",\"breadcrumb\":{\"@id\":\"https:\/\/telemet.com\/es\/pistenbully\/pistenbully-400\/#breadcrumb\"},\"inLanguage\":\"es-ES\",\"potentialAction\":[{\"@type\":\"ReadAction\",\"target\":[\"https:\/\/telemet.com\/es\/pistenbully\/pistenbully-400\/\"]}]},{\"@type\":\"ImageObject\",\"inLanguage\":\"es-ES\",\"@id\":\"https:\/\/telemet.com\/es\/pistenbully\/pistenbully-400\/#primaryimage\",\"url\":\"https:\/\/telemet.com\/wp-content\/uploads\/2016\/07\/PistenBully_400-1.jpg\",\"contentUrl\":\"https:\/\/telemet.com\/wp-content\/uploads\/2016\/07\/PistenBully_400-1.jpg\"},{\"@type\":\"BreadcrumbList\",\"@id\":\"https:\/\/telemet.com\/es\/pistenbully\/pistenbully-400\/#breadcrumb\",\"itemListElement\":[{\"@type\":\"ListItem\",\"position\":1,\"name\":\"Home\",\"item\":\"https:\/\/telemet.com\/es\/\"},{\"@type\":\"ListItem\",\"position\":2,\"name\":\"PistenBully\",\"item\":\"https:\/\/telemet.com\/es\/pistenbully\/\"},{\"@type\":\"ListItem\",\"position\":3,\"name\":\"PistenBully\u00ae 400\"}]},{\"@type\":\"WebSite\",\"@id\":\"https:\/\/telemet.com\/es\/#website\",\"url\":\"https:\/\/telemet.com\/es\/\",\"name\":\"Telemet, Inc.\",\"description\":\"Efficiency through Simplicity\",\"potentialAction\":[{\"@type\":\"SearchAction\",\"target\":{\"@type\":\"EntryPoint\",\"urlTemplate\":\"https:\/\/telemet.com\/es\/?s={search_term_string}\"},\"query-input\":{\"@type\":\"PropertyValueSpecification\",\"valueRequired\":true,\"valueName\":\"search_term_string\"}}],\"inLanguage\":\"es-ES\"}]}<\/script>\n<!-- \/ Yoast SEO plugin. -->","yoast_head_json":{"title":"PistenBully\u00ae 400 - Telemet","robots":{"index":"index","follow":"follow","max-snippet":"max-snippet:-1","max-image-preview":"max-image-preview:large","max-video-preview":"max-video-preview:-1"},"canonical":"https:\/\/telemet.com\/es\/pistenbully\/pistenbully-400\/","og_locale":"es_ES","og_type":"article","og_title":"PistenBully\u00ae 400 - Telemet","og_url":"https:\/\/telemet.com\/es\/pistenbully\/pistenbully-400\/","og_site_name":"Telemet","article_modified_time":"2022-02-07T11:19:47+00:00","og_image":[{"url":"https:\/\/telemet.com\/wp-content\/uploads\/2016\/07\/PistenBully_400-1.jpg","type":"","width":"","height":""}],"twitter_card":"summary_large_image","twitter_misc":{"Tiempo de lectura":"5 minutes"},"schema":{"@context":"https:\/\/schema.org","@graph":[{"@type":"WebPage","@id":"https:\/\/telemet.com\/es\/pistenbully\/pistenbully-400\/","url":"https:\/\/telemet.com\/es\/pistenbully\/pistenbully-400\/","name":"PistenBully\u00ae 400 - Telemet","isPartOf":{"@id":"https:\/\/telemet.com\/es\/#website"},"primaryImageOfPage":{"@id":"https:\/\/telemet.com\/es\/pistenbully\/pistenbully-400\/#primaryimage"},"image":{"@id":"https:\/\/telemet.com\/es\/pistenbully\/pistenbully-400\/#primaryimage"},"thumbnailUrl":"https:\/\/telemet.com\/wp-content\/uploads\/2016\/07\/PistenBully_400-1.jpg","datePublished":"2016-07-08T03:59:35+00:00","dateModified":"2022-02-07T11:19:47+00:00","breadcrumb":{"@id":"https:\/\/telemet.com\/es\/pistenbully\/pistenbully-400\/#breadcrumb"},"inLanguage":"es-ES","potentialAction":[{"@type":"ReadAction","target":["https:\/\/telemet.com\/es\/pistenbully\/pistenbully-400\/"]}]},{"@type":"ImageObject","inLanguage":"es-ES","@id":"https:\/\/telemet.com\/es\/pistenbully\/pistenbully-400\/#primaryimage","url":"https:\/\/telemet.com\/wp-content\/uploads\/2016\/07\/PistenBully_400-1.jpg","contentUrl":"https:\/\/telemet.com\/wp-content\/uploads\/2016\/07\/PistenBully_400-1.jpg"},{"@type":"BreadcrumbList","@id":"https:\/\/telemet.com\/es\/pistenbully\/pistenbully-400\/#breadcrumb","itemListElement":[{"@type":"ListItem","position":1,"name":"Home","item":"https:\/\/telemet.com\/es\/"},{"@type":"ListItem","position":2,"name":"PistenBully","item":"https:\/\/telemet.com\/es\/pistenbully\/"},{"@type":"ListItem","position":3,"name":"PistenBully\u00ae 400"}]},{"@type":"WebSite","@id":"https:\/\/telemet.com\/es\/#website","url":"https:\/\/telemet.com\/es\/","name":"Telemet, Inc.","description":"Efficiency through Simplicity","potentialAction":[{"@type":"SearchAction","target":{"@type":"EntryPoint","urlTemplate":"https:\/\/telemet.com\/es\/?s={search_term_string}"},"query-input":{"@type":"PropertyValueSpecification","valueRequired":true,"valueName":"search_term_string"}}],"inLanguage":"es-ES"}]}},"_links":{"self":[{"href":"https:\/\/telemet.com\/es\/wp-json\/wp\/v2\/pages\/6273","targetHints":{"allow":["GET"]}}],"collection":[{"href":"https:\/\/telemet.com\/es\/wp-json\/wp\/v2\/pages"}],"about":[{"href":"https:\/\/telemet.com\/es\/wp-json\/wp\/v2\/types\/page"}],"author":[{"embeddable":true,"href":"https:\/\/telemet.com\/es\/wp-json\/wp\/v2\/users\/1"}],"replies":[{"embeddable":true,"href":"https:\/\/telemet.com\/es\/wp-json\/wp\/v2\/comments?post=6273"}],"version-history":[{"count":3,"href":"https:\/\/telemet.com\/es\/wp-json\/wp\/v2\/pages\/6273\/revisions"}],"predecessor-version":[{"id":12847,"href":"https:\/\/telemet.com\/es\/wp-json\/wp\/v2\/pages\/6273\/revisions\/12847"}],"up":[{"embeddable":true,"href":"https:\/\/telemet.com\/es\/wp-json\/wp\/v2\/pages\/6261"}],"wp:attachment":[{"href":"https:\/\/telemet.com\/es\/wp-json\/wp\/v2\/media?parent=6273"}],"curies":[{"name":"wp","href":"https:\/\/api.w.org\/{rel}","templated":true}]}}