{"id":6278,"date":"2016-07-08T04:00:24","date_gmt":"2016-07-08T04:00:24","guid":{"rendered":"http:\/\/telemet.com\/pistenbully\/pistenbully-600\/?lang=es"},"modified":"2017-04-24T20:44:14","modified_gmt":"2017-04-24T20:44:14","slug":"pistenbully-600","status":"publish","type":"page","link":"https:\/\/telemet.com\/es\/pistenbully\/pistenbully-600\/","title":{"rendered":"PistenBully\u00ae 600"},"content":{"rendered":"<div class=\"fusion-fullwidth fullwidth-box fusion-builder-row-1 nonhundred-percent-fullwidth non-hundred-percent-height-scrolling\" style=\"--awb-background-position:left top;--awb-border-radius-top-left:0px;--awb-border-radius-top-right:0px;--awb-border-radius-bottom-right:0px;--awb-border-radius-bottom-left:0px;--awb-padding-top:20px;--awb-padding-bottom:20px;--awb-border-sizes-top:0px;--awb-border-sizes-bottom:0px;--awb-flex-wrap:wrap;\" ><div class=\"fusion-builder-row fusion-row\"><div class=\"fusion-layout-column fusion_builder_column fusion-builder-column-0 fusion_builder_column_1_1 1_1 fusion-one-full fusion-column-first fusion-column-last fusion-column-no-min-height\" style=\"--awb-bg-size:cover;--awb-margin-top:0px;--awb-margin-bottom:0px;\"><div class=\"fusion-column-wrapper fusion-flex-column-wrapper-legacy\"><div class=\"fusion-image-element fusion-image-align-right in-legacy-container\" style=\"text-align:right;--awb-caption-title-font-family:var(--h2_typography-font-family);--awb-caption-title-font-weight:var(--h2_typography-font-weight);--awb-caption-title-font-style:var(--h2_typography-font-style);--awb-caption-title-size:var(--h2_typography-font-size);--awb-caption-title-transform:var(--h2_typography-text-transform);--awb-caption-title-line-height:var(--h2_typography-line-height);--awb-caption-title-letter-spacing:var(--h2_typography-letter-spacing);\"><span class=\" fusion-imageframe imageframe-none imageframe-1 hover-type-none\" style=\"margin-left:25px;float:right;\"><img decoding=\"async\" width=\"1100\" height=\"736\" title=\"PistenBully_600-1\" src=\"https:\/\/telemet.com\/wp-content\/uploads\/2016\/07\/PistenBully_600-1.jpg\" alt class=\"img-responsive wp-image-2077\" srcset=\"https:\/\/telemet.com\/wp-content\/uploads\/2016\/07\/PistenBully_600-1-200x134.jpg 200w, https:\/\/telemet.com\/wp-content\/uploads\/2016\/07\/PistenBully_600-1-400x268.jpg 400w, https:\/\/telemet.com\/wp-content\/uploads\/2016\/07\/PistenBully_600-1-600x401.jpg 600w, https:\/\/telemet.com\/wp-content\/uploads\/2016\/07\/PistenBully_600-1-800x535.jpg 800w, https:\/\/telemet.com\/wp-content\/uploads\/2016\/07\/PistenBully_600-1.jpg 1100w\" sizes=\"(max-width: 800px) 100vw, 1100px\" \/><\/span><\/div><div class=\"fusion-sep-clear\"><\/div><div class=\"fusion-separator fusion-full-width-sep\" style=\"margin-left: auto;margin-right: auto;margin-top:20px;width:100%;\"><\/div><div class=\"fusion-sep-clear\"><\/div><div class=\"fusion-align-block\"><a class=\"fusion-button button-flat button-xlarge button-default fusion-button-default button-1 fusion-button-span-yes \" target=\"_blank\" rel=\"noopener noreferrer\" href=\"\/wp-content\/uploads\/2016\/07\/PB_600_general.pdf\"><i class=\" fa fa-file-pdf-o awb-button__icon awb-button__icon--default button-icon-left\" aria-hidden=\"true\"><\/i><span class=\"fusion-button-text awb-button__text awb-button__text--default\">Descargar Folleto (PDF)<\/span><\/a><\/div><div class=\"fusion-sep-clear\"><\/div><div class=\"fusion-separator fusion-full-width-sep\" style=\"margin-left: auto;margin-right: auto;margin-top:20px;width:100%;\"><\/div><div class=\"fusion-sep-clear\"><\/div><div class=\"fusion-align-block\"><a class=\"fusion-button button-flat button-xlarge button-default fusion-button-default button-2 fusion-button-span-yes \" target=\"_blank\" rel=\"noopener noreferrer\" href=\"\/wp-content\/uploads\/2016\/07\/PB_600_en.pdf\"><i class=\" fa fa-file-pdf-o awb-button__icon awb-button__icon--default button-icon-left\" aria-hidden=\"true\"><\/i><span class=\"fusion-button-text awb-button__text awb-button__text--default\">Descargar Ficha T\u00e9cnica (PDF)<\/span><\/a><\/div><div class=\"fusion-sep-clear\"><\/div><div class=\"fusion-separator fusion-full-width-sep\" style=\"margin-left: auto;margin-right: auto;margin-top:20px;width:100%;\"><\/div><div class=\"fusion-sep-clear\"><\/div><div class=\"fusion-text fusion-text-1\"><p>El nuevo PistenBully es \u00fanico en t\u00e9rminos de ergonom\u00eda, dise\u00f1o, tecnolog\u00eda, confort de operador como as\u00ed tambi\u00e9n en innovadores sistemas de asistencia y cajas de transmisi\u00f3n de precisi\u00f3n.<\/p>\n<p>Incontables pruebas y un alto nivel de calidad aplicados desde la primera etapa de desarrollo han hecho del nuevo PistenBully un veh\u00edculo donde los componentes son perfectamente interconectados<span style=\"line-height: 1.5;\">.<\/span><\/p>\n<p><div class=\"fusion-title title fusion-title-1 fusion-title-text fusion-title-size-two cazul\" style=\"--awb-margin-top:20px;--awb-margin-bottom:10px;--awb-sep-color:#35baf2;\"><h2 class=\"fusion-title-heading title-heading-left fusion-responsive-typography-calculated\" style=\"margin:0;--fontSize:40;line-height:1.2;\">COCKPIT<\/h2><span class=\"awb-title-spacer\"><\/span><div class=\"title-sep-container\"><div class=\"title-sep sep-double sep-solid\" style=\"border-color:#35baf2;\"><\/div><\/div><\/div>\n<iframe src=\"http:\/\/www.pistenbully.com\/fileadmin\/content_pistenbully\/panorama\/pistenbully-600\/panorama-600.html\" width=\"820\" height=\"400\" frameborder=\"0\" marginwidth=\"0\" marginheight=\"0\" scrolling=\"no\"><\/iframe><br \/>\nDe manera de garantizar la seguridad del veh\u00edculo y el operador, se utiliz\u00f3 un prototipo al cual se le aplicaron espectaculares testeos tales como el testeo de impacto de p\u00e9ndulo, que pone a prueba la estabilidad del parabrisas; el test ROPS de anti-vuelco y el test de fr\u00edo, en c\u00e1mara.<\/p>\n<p>El nuevo PistenBully 600 arranca con 6-cilindros y 400 hp. Las bombas de generosa capacidad vienen con corte de presi\u00f3n y control de servo integrados., El peso y la performance optimizada de la caja de engranajes aseguran \u00f3ptima eficiencia y adecuadas reservas de torque. La plataforma plegable de transportaci\u00f3n, -introducida con el PB300 Polar, ha sido adoptada para el PB600. Es una soluci\u00f3n ideal para el transporte extra de personal.<\/p>\n<p>Control inteligente y diagn\u00f3stico positivo: el controlador PSX es la computadora \u201chost\u201d para el manejo de energ\u00eda y fuerza. El motor diesel y las bombas de manejo y fresa son directamente controladas v\u00eda se\u00f1ales CAN. El chasis ha sido perfeccionado y los puntos de contacto tanto de la pala como de la fresa han sido optimizados.<\/p>\n<p>El asiento del operador ha sido completamente redise\u00f1ado. Tiene mayor grado de ajuste y los veh\u00edculos con malacate tienen un cintur\u00f3n de seguridad integrado directamente al armaz\u00f3n del asiento con movimiento lateral. Esto es de particular importancia para aquellos operadores con largos turnos de trabajo.<\/p>\n<p>El volante semicircular con pantalla multi-funcional incorporada, es un nuevo desarrollo como resultado de requerimientos ergon\u00f3micos. El alcance y altura de la columna de manejo se puede ajustar de forma m\u00e1s sutil, asegurando que el volante est\u00e9 en la posici\u00f3n ideal. Un parabrisas con mayor visibilidad permite una visi\u00f3n \u00f3ptima en toda direcci\u00f3n. Las ventanillas laterales permiten una mejor vista de las orugas.<\/p>\n<p>Tanto los operadores con a\u00f1os de experiencia o aquellos que sean nuevos en el oficio pueden usar el sistema de ayuda inteligente de acuerdo con sus requerimientos y preferencias personales. Los controles auto-explicativos y una pantalla de toque facilitan ampliamente el manejo del sistema.. Todo el veh\u00edculo est\u00e1 representado en el panel de control.<\/p>\n<p>Como no hab\u00eda \u201cjoystick\u201d disponible en el mercado, que conformara los requerimientos de K\u00e4ssbohrer en t\u00e9rminos de ergonom\u00eda y confort del operador, se dise\u00f1\u00f3 uno nuevo. Ahora, el operador ya no necesita apretar el \u201cjoystick\u201d firmemente, sino que descansar la mano sobre el mismo. Esto ha permitido incorporarle m\u00e1s funciones, al mismo tiempo que se lo ha hecho m\u00e1s agradable y menos exigente. Los interruptores est\u00e1n ubicados a modo de seguir el movimiento radial natural de los dedos. El \u201cjoystick\u201d tiene tambi\u00e9n un potenci\u00f3metro con funci\u00f3n de \u201cdistensi\u00f3n\u201d para la operaci\u00f3n del malacate y la fresa.<\/p>\n<h3>El dise\u00f1o del nuevo PistenBully 600 emana acci\u00f3n y energ\u00eda.<\/h3>\n<p>Todas las luces frontales y la doble luz de b\u00fasqueda est\u00e1n integradas en el techo de la cabina, asegurando excelente iluminaci\u00f3n del \u00e1rea de trabajo, siendo tambi\u00e9n de largo alcance. Las luces traseras, sin resplandor, proveen \u00f3ptima vista de la fresa y la pista. El paquete est\u00e1ndar de iluminaci\u00f3n incluye luces de trabajo Xenon y luces SideFinder que iluminan el costado y detr\u00e1s del \u00e1rea de trabajo de la pala.<\/p>\n<p>Con el cambio de generaci\u00f3n, el PistenBully 600 incrementa la superioridad no s\u00f3lo en performance sino tambi\u00e9n en dise\u00f1o, din\u00e1mica, seguridad, ergonom\u00eda y en la experiencia operacional<span style=\"line-height: 1.5;\">.<\/span><\/p>\n<\/div><div class=\"fusion-clearfix\"><\/div><\/div><\/div><\/div><\/div>\n","protected":false},"excerpt":{"rendered":"","protected":false},"author":1,"featured_media":0,"parent":6261,"menu_order":14,"comment_status":"closed","ping_status":"closed","template":"side-navigation.php","meta":{"footnotes":""},"class_list":["post-6278","page","type-page","status-publish","hentry"],"yoast_head":"<!-- This site is optimized with the Yoast SEO plugin v26.2 - https:\/\/yoast.com\/wordpress\/plugins\/seo\/ -->\n<title>PistenBully\u00ae 600 - Telemet<\/title>\n<meta name=\"robots\" content=\"index, follow, max-snippet:-1, max-image-preview:large, max-video-preview:-1\" \/>\n<link rel=\"canonical\" href=\"https:\/\/telemet.com\/es\/pistenbully\/pistenbully-600\/\" \/>\n<meta property=\"og:locale\" content=\"es_ES\" \/>\n<meta property=\"og:type\" content=\"article\" \/>\n<meta property=\"og:title\" content=\"PistenBully\u00ae 600 - Telemet\" \/>\n<meta property=\"og:url\" content=\"https:\/\/telemet.com\/es\/pistenbully\/pistenbully-600\/\" \/>\n<meta property=\"og:site_name\" content=\"Telemet\" \/>\n<meta property=\"article:modified_time\" content=\"2017-04-24T20:44:14+00:00\" \/>\n<meta property=\"og:image\" content=\"https:\/\/telemet.com\/wp-content\/uploads\/2016\/07\/PistenBully_600-1.jpg\" \/>\n<meta name=\"twitter:card\" content=\"summary_large_image\" \/>\n<meta name=\"twitter:label1\" content=\"Tiempo de lectura\" \/>\n\t<meta name=\"twitter:data1\" content=\"5 minutes\" \/>\n<script type=\"application\/ld+json\" class=\"yoast-schema-graph\">{\"@context\":\"https:\/\/schema.org\",\"@graph\":[{\"@type\":\"WebPage\",\"@id\":\"https:\/\/telemet.com\/es\/pistenbully\/pistenbully-600\/\",\"url\":\"https:\/\/telemet.com\/es\/pistenbully\/pistenbully-600\/\",\"name\":\"PistenBully\u00ae 600 - Telemet\",\"isPartOf\":{\"@id\":\"https:\/\/telemet.com\/es\/#website\"},\"primaryImageOfPage\":{\"@id\":\"https:\/\/telemet.com\/es\/pistenbully\/pistenbully-600\/#primaryimage\"},\"image\":{\"@id\":\"https:\/\/telemet.com\/es\/pistenbully\/pistenbully-600\/#primaryimage\"},\"thumbnailUrl\":\"https:\/\/telemet.com\/wp-content\/uploads\/2016\/07\/PistenBully_600-1.jpg\",\"datePublished\":\"2016-07-08T04:00:24+00:00\",\"dateModified\":\"2017-04-24T20:44:14+00:00\",\"breadcrumb\":{\"@id\":\"https:\/\/telemet.com\/es\/pistenbully\/pistenbully-600\/#breadcrumb\"},\"inLanguage\":\"es-ES\",\"potentialAction\":[{\"@type\":\"ReadAction\",\"target\":[\"https:\/\/telemet.com\/es\/pistenbully\/pistenbully-600\/\"]}]},{\"@type\":\"ImageObject\",\"inLanguage\":\"es-ES\",\"@id\":\"https:\/\/telemet.com\/es\/pistenbully\/pistenbully-600\/#primaryimage\",\"url\":\"https:\/\/telemet.com\/wp-content\/uploads\/2016\/07\/PistenBully_600-1.jpg\",\"contentUrl\":\"https:\/\/telemet.com\/wp-content\/uploads\/2016\/07\/PistenBully_600-1.jpg\"},{\"@type\":\"BreadcrumbList\",\"@id\":\"https:\/\/telemet.com\/es\/pistenbully\/pistenbully-600\/#breadcrumb\",\"itemListElement\":[{\"@type\":\"ListItem\",\"position\":1,\"name\":\"Home\",\"item\":\"https:\/\/telemet.com\/es\/\"},{\"@type\":\"ListItem\",\"position\":2,\"name\":\"PistenBully\",\"item\":\"https:\/\/telemet.com\/es\/pistenbully\/\"},{\"@type\":\"ListItem\",\"position\":3,\"name\":\"PistenBully\u00ae 600\"}]},{\"@type\":\"WebSite\",\"@id\":\"https:\/\/telemet.com\/es\/#website\",\"url\":\"https:\/\/telemet.com\/es\/\",\"name\":\"Telemet, Inc.\",\"description\":\"Efficiency through Simplicity\",\"potentialAction\":[{\"@type\":\"SearchAction\",\"target\":{\"@type\":\"EntryPoint\",\"urlTemplate\":\"https:\/\/telemet.com\/es\/?s={search_term_string}\"},\"query-input\":{\"@type\":\"PropertyValueSpecification\",\"valueRequired\":true,\"valueName\":\"search_term_string\"}}],\"inLanguage\":\"es-ES\"}]}<\/script>\n<!-- \/ Yoast SEO plugin. -->","yoast_head_json":{"title":"PistenBully\u00ae 600 - Telemet","robots":{"index":"index","follow":"follow","max-snippet":"max-snippet:-1","max-image-preview":"max-image-preview:large","max-video-preview":"max-video-preview:-1"},"canonical":"https:\/\/telemet.com\/es\/pistenbully\/pistenbully-600\/","og_locale":"es_ES","og_type":"article","og_title":"PistenBully\u00ae 600 - Telemet","og_url":"https:\/\/telemet.com\/es\/pistenbully\/pistenbully-600\/","og_site_name":"Telemet","article_modified_time":"2017-04-24T20:44:14+00:00","og_image":[{"url":"https:\/\/telemet.com\/wp-content\/uploads\/2016\/07\/PistenBully_600-1.jpg","type":"","width":"","height":""}],"twitter_card":"summary_large_image","twitter_misc":{"Tiempo de lectura":"5 minutes"},"schema":{"@context":"https:\/\/schema.org","@graph":[{"@type":"WebPage","@id":"https:\/\/telemet.com\/es\/pistenbully\/pistenbully-600\/","url":"https:\/\/telemet.com\/es\/pistenbully\/pistenbully-600\/","name":"PistenBully\u00ae 600 - Telemet","isPartOf":{"@id":"https:\/\/telemet.com\/es\/#website"},"primaryImageOfPage":{"@id":"https:\/\/telemet.com\/es\/pistenbully\/pistenbully-600\/#primaryimage"},"image":{"@id":"https:\/\/telemet.com\/es\/pistenbully\/pistenbully-600\/#primaryimage"},"thumbnailUrl":"https:\/\/telemet.com\/wp-content\/uploads\/2016\/07\/PistenBully_600-1.jpg","datePublished":"2016-07-08T04:00:24+00:00","dateModified":"2017-04-24T20:44:14+00:00","breadcrumb":{"@id":"https:\/\/telemet.com\/es\/pistenbully\/pistenbully-600\/#breadcrumb"},"inLanguage":"es-ES","potentialAction":[{"@type":"ReadAction","target":["https:\/\/telemet.com\/es\/pistenbully\/pistenbully-600\/"]}]},{"@type":"ImageObject","inLanguage":"es-ES","@id":"https:\/\/telemet.com\/es\/pistenbully\/pistenbully-600\/#primaryimage","url":"https:\/\/telemet.com\/wp-content\/uploads\/2016\/07\/PistenBully_600-1.jpg","contentUrl":"https:\/\/telemet.com\/wp-content\/uploads\/2016\/07\/PistenBully_600-1.jpg"},{"@type":"BreadcrumbList","@id":"https:\/\/telemet.com\/es\/pistenbully\/pistenbully-600\/#breadcrumb","itemListElement":[{"@type":"ListItem","position":1,"name":"Home","item":"https:\/\/telemet.com\/es\/"},{"@type":"ListItem","position":2,"name":"PistenBully","item":"https:\/\/telemet.com\/es\/pistenbully\/"},{"@type":"ListItem","position":3,"name":"PistenBully\u00ae 600"}]},{"@type":"WebSite","@id":"https:\/\/telemet.com\/es\/#website","url":"https:\/\/telemet.com\/es\/","name":"Telemet, Inc.","description":"Efficiency through Simplicity","potentialAction":[{"@type":"SearchAction","target":{"@type":"EntryPoint","urlTemplate":"https:\/\/telemet.com\/es\/?s={search_term_string}"},"query-input":{"@type":"PropertyValueSpecification","valueRequired":true,"valueName":"search_term_string"}}],"inLanguage":"es-ES"}]}},"_links":{"self":[{"href":"https:\/\/telemet.com\/es\/wp-json\/wp\/v2\/pages\/6278","targetHints":{"allow":["GET"]}}],"collection":[{"href":"https:\/\/telemet.com\/es\/wp-json\/wp\/v2\/pages"}],"about":[{"href":"https:\/\/telemet.com\/es\/wp-json\/wp\/v2\/types\/page"}],"author":[{"embeddable":true,"href":"https:\/\/telemet.com\/es\/wp-json\/wp\/v2\/users\/1"}],"replies":[{"embeddable":true,"href":"https:\/\/telemet.com\/es\/wp-json\/wp\/v2\/comments?post=6278"}],"version-history":[{"count":2,"href":"https:\/\/telemet.com\/es\/wp-json\/wp\/v2\/pages\/6278\/revisions"}],"predecessor-version":[{"id":8557,"href":"https:\/\/telemet.com\/es\/wp-json\/wp\/v2\/pages\/6278\/revisions\/8557"}],"up":[{"embeddable":true,"href":"https:\/\/telemet.com\/es\/wp-json\/wp\/v2\/pages\/6261"}],"wp:attachment":[{"href":"https:\/\/telemet.com\/es\/wp-json\/wp\/v2\/media?parent=6278"}],"curies":[{"name":"wp","href":"https:\/\/api.w.org\/{rel}","templated":true}]}}