{"id":6283,"date":"2016-07-08T02:53:10","date_gmt":"2016-07-08T02:53:10","guid":{"rendered":"http:\/\/telemet.com\/pistenbully\/pb-600-select\/?lang=es"},"modified":"2022-02-03T02:12:19","modified_gmt":"2022-02-03T02:12:19","slug":"pb-600-select","status":"publish","type":"page","link":"https:\/\/telemet.com\/es\/pistenbully\/pb-600-select\/","title":{"rendered":"PistenBully\u00ae 600 Select"},"content":{"rendered":"<div class=\"fusion-fullwidth fullwidth-box fusion-builder-row-1 nonhundred-percent-fullwidth non-hundred-percent-height-scrolling\" style=\"--awb-background-position:left top;--awb-border-sizes-top:0px;--awb-border-sizes-bottom:0px;--awb-border-sizes-left:0px;--awb-border-sizes-right:0px;--awb-border-radius-top-left:0px;--awb-border-radius-top-right:0px;--awb-border-radius-bottom-right:0px;--awb-border-radius-bottom-left:0px;--awb-padding-top:0px;--awb-padding-bottom:20px;--awb-flex-wrap:wrap;\" ><div class=\"fusion-builder-row fusion-row\"><div class=\"fusion-layout-column fusion_builder_column fusion-builder-column-0 fusion_builder_column_1_1 1_1 fusion-one-full fusion-column-first fusion-column-last fusion-column-no-min-height\" style=\"--awb-bg-size:cover;--awb-margin-top:0px;--awb-margin-bottom:0px;\"><div class=\"fusion-column-wrapper fusion-flex-column-wrapper-legacy\"><div class=\"fusion-image-element in-legacy-container\" style=\"--awb-caption-title-font-family:var(--h2_typography-font-family);--awb-caption-title-font-weight:var(--h2_typography-font-weight);--awb-caption-title-font-style:var(--h2_typography-font-style);--awb-caption-title-size:var(--h2_typography-font-size);--awb-caption-title-transform:var(--h2_typography-text-transform);--awb-caption-title-line-height:var(--h2_typography-line-height);--awb-caption-title-letter-spacing:var(--h2_typography-letter-spacing);\"><span class=\" fusion-imageframe imageframe-none imageframe-1 hover-type-none\"><img decoding=\"async\" width=\"916\" height=\"406\" title=\"pbselect\" src=\"https:\/\/telemet.com\/wp-content\/uploads\/2016\/07\/pbselect.jpg\" alt class=\"img-responsive wp-image-1957\" srcset=\"https:\/\/telemet.com\/wp-content\/uploads\/2016\/07\/pbselect-200x89.jpg 200w, https:\/\/telemet.com\/wp-content\/uploads\/2016\/07\/pbselect-400x177.jpg 400w, https:\/\/telemet.com\/wp-content\/uploads\/2016\/07\/pbselect-600x266.jpg 600w, https:\/\/telemet.com\/wp-content\/uploads\/2016\/07\/pbselect-800x355.jpg 800w, https:\/\/telemet.com\/wp-content\/uploads\/2016\/07\/pbselect.jpg 916w\" sizes=\"(max-width: 800px) 100vw, 916px\" \/><\/span><\/div><div class=\"fusion-sep-clear\"><\/div><div class=\"fusion-separator fusion-full-width-sep\" style=\"margin-left: auto;margin-right: auto;margin-top:20px;width:100%;\"><\/div><div class=\"fusion-sep-clear\"><\/div><div class=\"fusion-align-block\"><a class=\"fusion-button button-flat button-xlarge button-default fusion-button-default button-1 fusion-button-default-span \" style=\"width:calc(100%);\" target=\"_blank\" rel=\"noopener noreferrer\" title=\"BROCHURE PistenBully 600 Select\" aria-label=\"BROCHURE PistenBully 600 Select\" href=\"\/wp-content\/uploads\/2016\/07\/broschuere_600select_en.pdf\"><span class=\"fusion-button-text awb-button__text awb-button__text--default\">Descargar Folleto (PDF)<\/span><i class=\" fa fa-file-pdf-o awb-button__icon awb-button__icon--default button-icon-right\" aria-hidden=\"true\"><\/i><\/a><\/div><div class=\"fusion-sep-clear\"><\/div><div class=\"fusion-separator fusion-full-width-sep\" style=\"margin-left: auto;margin-right: auto;margin-top:20px;width:100%;\"><\/div><div class=\"fusion-sep-clear\"><\/div><div class=\"fusion-text fusion-text-1\" style=\"--awb-text-transform:none;\"><p>En estos d\u00edas todos estamos luchando, tanto t\u00fa como distribuidor como especialmente nuestros clientes, las estaciones de esqu\u00ed. En algunos casos simplemente no es posible tomar la decisi\u00f3n de invertir en un nuevo PistenBully. El PistenBully Select puede ser una alternativa inmejorable en estos casos.<\/p>\n<div class=\"fusion-video fusion-youtube\" style=\"--awb-max-width:600px;--awb-max-height:350px;\"><div class=\"video-shortcode\"><div class=\"fluid-width-video-wrapper\" style=\"padding-top:58.33%;\" ><iframe title=\"YouTube video player 1\" src=\"https:\/\/www.youtube.com\/embed\/RTm6Sw7Xg1M?wmode=transparent&autoplay=0\" width=\"600\" height=\"350\" allowfullscreen allow=\"autoplay; clipboard-write; encrypted-media; gyroscope; picture-in-picture;\"><\/iframe><\/div><\/div><\/div>\n<h3>Casi como nuevo<\/h3>\n<p>El PistenBully 600 Select es EL veh\u00edculo de segunda mano de calidad absoluta: comparable en calidad a un veh\u00edculo nuevo, imbatible en precio. Con piezas de alta calidad, un motor completamente reelaborado por Mercedes, una actualizaci\u00f3n del estado t\u00e9cnico actual y la nueva garant\u00eda del veh\u00edculo, el Select es la alternativa \u00f3ptima a un flamante PistenBully.<\/p>\n<h3>Nuevas orugas en cada veh\u00edculo<\/h3>\n<p>No s\u00f3lo el motor del PistenBully 600 Select es de \u00faltima generaci\u00f3n (revisado directamente en Mercedes), sino tambi\u00e9n las bombas hidr\u00e1ulicas, la electr\u00f3nica y la caja de cambios planetaria. Y tambi\u00e9n para las orugas: \u00a1 cada Select est\u00e1 equipado con orugas nuevas! Elecci\u00f3n de 5, 6 o 7 bandas.<\/p>\n<h3>Winche: actualizado<\/h3>\n<p>Si lo desea, el PistenBully 600 Select tambi\u00e9n puede equiparse con un winche activo.<\/p>\n<h3>Nuevo tim\u00f3n AlpinFlex<\/h3>\n<p>Todos los modelos Select est\u00e1n equipados con el \u00faltimo tim\u00f3n AlpinFlex. O bien se repara la prima original de AlpinFlexFr\u00e4se (y por lo tanto est\u00e1 como nueva). Por otro lado, los veh\u00edculos que a\u00fan estaban equipados con un MultiFlexFr\u00e4se reciben un nuevo AlpinFlexFr\u00e4se.<\/p>\n<h3>Como un buen vino tinto: \u00a1cuanto m\u00e1s viejo, mejor!<\/h3>\n<p>La tecnolog\u00eda, a veces compleja, requerida para cumplir con las \u00faltimas normas de emisiones no era todav\u00eda necesaria cuando se introdujo el PistenBully 600. Por ello, todos los veh\u00edculos Select siguen actualmente en el nivel de emisiones TIER 3A. Esto puede ser un argumento decisivo para los clientes que, por ejemplo, a\u00fan no disponen de un moderno sistema de dep\u00f3sitos para la tecnolog\u00eda SCR (aditivo de urea) en la zona de esqu\u00ed.<\/p>\n<h3>Preparado para SNOWsat de serie<\/h3>\n<p>Si ten\u00edas que decidirte a favor o en contra de SNOWsat antes de la revisi\u00f3n, ahora puedes hacerlo despu\u00e9s: Todos los PistenBully 600 Select est\u00e1n ahora preparados para SNOWsat de serie. Ya sea antes o despu\u00e9s, completamente o no, SNOWsat est\u00e1 preparado y el Select puede integrarse en la flota de SNOWsat en cualquier momento.<\/p>\n<h3>Ampliaci\u00f3n de la garant\u00eda del veh\u00edculo nuevo<\/h3>\n<p>Los PistenBully 600 Select &#8211; como todos los PistenBully nuevos &#8211; siempre han recibido la garant\u00eda completa de f\u00e1brica. Esta oferta demuestra lo mucho que en K\u00e4ssbohrer respaldamos la calidad del &#8220;modelo como nuevo&#8221;: ahora hay una ampliaci\u00f3n opcional de la garant\u00eda para veh\u00edculos nuevos a tres a\u00f1os para el PistenBully Select. Nada puede salir mal. Garantizado.<\/p>\n<h3>Precio inmejorable<\/h3>\n<p>En la actual lista de precios, no hemos podido evitar un aumento de los precios de los veh\u00edculos nuevos. No es as\u00ed con el PistenBully 600 Select: \u00a1aqu\u00ed los precios se han mantenido igual que el a\u00f1o pasado!<\/p>\n<h1>PistenBully Select: Una alternativa real incluso en tiempos dif\u00edciles.<\/h1>\n<\/div><div class=\"fusion-clearfix\"><\/div><\/div><\/div><\/div><\/div>\n","protected":false},"excerpt":{"rendered":"","protected":false},"author":1,"featured_media":0,"parent":6261,"menu_order":16,"comment_status":"closed","ping_status":"closed","template":"side-navigation.php","meta":{"footnotes":""},"class_list":["post-6283","page","type-page","status-publish","hentry"],"yoast_head":"<!-- This site is optimized with the Yoast SEO plugin v26.2 - https:\/\/yoast.com\/wordpress\/plugins\/seo\/ -->\n<title>PistenBully\u00ae 600 Select - Telemet<\/title>\n<meta name=\"robots\" content=\"index, follow, max-snippet:-1, max-image-preview:large, max-video-preview:-1\" \/>\n<link rel=\"canonical\" href=\"https:\/\/telemet.com\/es\/pistenbully\/pb-600-select\/\" \/>\n<meta property=\"og:locale\" content=\"es_ES\" \/>\n<meta property=\"og:type\" content=\"article\" \/>\n<meta property=\"og:title\" content=\"PistenBully\u00ae 600 Select - Telemet\" \/>\n<meta property=\"og:url\" content=\"https:\/\/telemet.com\/es\/pistenbully\/pb-600-select\/\" \/>\n<meta property=\"og:site_name\" content=\"Telemet\" \/>\n<meta property=\"article:modified_time\" content=\"2022-02-03T02:12:19+00:00\" \/>\n<meta property=\"og:image\" content=\"https:\/\/telemet.com\/wp-content\/uploads\/2016\/07\/pbselect.jpg\" \/>\n<meta name=\"twitter:card\" content=\"summary_large_image\" \/>\n<meta name=\"twitter:label1\" content=\"Tiempo de lectura\" \/>\n\t<meta name=\"twitter:data1\" content=\"2 minutes\" \/>\n<script type=\"application\/ld+json\" class=\"yoast-schema-graph\">{\"@context\":\"https:\/\/schema.org\",\"@graph\":[{\"@type\":\"WebPage\",\"@id\":\"https:\/\/telemet.com\/es\/pistenbully\/pb-600-select\/\",\"url\":\"https:\/\/telemet.com\/es\/pistenbully\/pb-600-select\/\",\"name\":\"PistenBully\u00ae 600 Select - Telemet\",\"isPartOf\":{\"@id\":\"https:\/\/telemet.com\/es\/#website\"},\"primaryImageOfPage\":{\"@id\":\"https:\/\/telemet.com\/es\/pistenbully\/pb-600-select\/#primaryimage\"},\"image\":{\"@id\":\"https:\/\/telemet.com\/es\/pistenbully\/pb-600-select\/#primaryimage\"},\"thumbnailUrl\":\"https:\/\/telemet.com\/wp-content\/uploads\/2016\/07\/pbselect.jpg\",\"datePublished\":\"2016-07-08T02:53:10+00:00\",\"dateModified\":\"2022-02-03T02:12:19+00:00\",\"breadcrumb\":{\"@id\":\"https:\/\/telemet.com\/es\/pistenbully\/pb-600-select\/#breadcrumb\"},\"inLanguage\":\"es-ES\",\"potentialAction\":[{\"@type\":\"ReadAction\",\"target\":[\"https:\/\/telemet.com\/es\/pistenbully\/pb-600-select\/\"]}]},{\"@type\":\"ImageObject\",\"inLanguage\":\"es-ES\",\"@id\":\"https:\/\/telemet.com\/es\/pistenbully\/pb-600-select\/#primaryimage\",\"url\":\"https:\/\/telemet.com\/wp-content\/uploads\/2016\/07\/pbselect.jpg\",\"contentUrl\":\"https:\/\/telemet.com\/wp-content\/uploads\/2016\/07\/pbselect.jpg\"},{\"@type\":\"BreadcrumbList\",\"@id\":\"https:\/\/telemet.com\/es\/pistenbully\/pb-600-select\/#breadcrumb\",\"itemListElement\":[{\"@type\":\"ListItem\",\"position\":1,\"name\":\"Home\",\"item\":\"https:\/\/telemet.com\/es\/\"},{\"@type\":\"ListItem\",\"position\":2,\"name\":\"PistenBully\",\"item\":\"https:\/\/telemet.com\/es\/pistenbully\/\"},{\"@type\":\"ListItem\",\"position\":3,\"name\":\"PistenBully\u00ae 600 Select\"}]},{\"@type\":\"WebSite\",\"@id\":\"https:\/\/telemet.com\/es\/#website\",\"url\":\"https:\/\/telemet.com\/es\/\",\"name\":\"Telemet, Inc.\",\"description\":\"Efficiency through Simplicity\",\"potentialAction\":[{\"@type\":\"SearchAction\",\"target\":{\"@type\":\"EntryPoint\",\"urlTemplate\":\"https:\/\/telemet.com\/es\/?s={search_term_string}\"},\"query-input\":{\"@type\":\"PropertyValueSpecification\",\"valueRequired\":true,\"valueName\":\"search_term_string\"}}],\"inLanguage\":\"es-ES\"}]}<\/script>\n<!-- \/ Yoast SEO plugin. -->","yoast_head_json":{"title":"PistenBully\u00ae 600 Select - Telemet","robots":{"index":"index","follow":"follow","max-snippet":"max-snippet:-1","max-image-preview":"max-image-preview:large","max-video-preview":"max-video-preview:-1"},"canonical":"https:\/\/telemet.com\/es\/pistenbully\/pb-600-select\/","og_locale":"es_ES","og_type":"article","og_title":"PistenBully\u00ae 600 Select - Telemet","og_url":"https:\/\/telemet.com\/es\/pistenbully\/pb-600-select\/","og_site_name":"Telemet","article_modified_time":"2022-02-03T02:12:19+00:00","og_image":[{"url":"https:\/\/telemet.com\/wp-content\/uploads\/2016\/07\/pbselect.jpg","type":"","width":"","height":""}],"twitter_card":"summary_large_image","twitter_misc":{"Tiempo de lectura":"2 minutes"},"schema":{"@context":"https:\/\/schema.org","@graph":[{"@type":"WebPage","@id":"https:\/\/telemet.com\/es\/pistenbully\/pb-600-select\/","url":"https:\/\/telemet.com\/es\/pistenbully\/pb-600-select\/","name":"PistenBully\u00ae 600 Select - Telemet","isPartOf":{"@id":"https:\/\/telemet.com\/es\/#website"},"primaryImageOfPage":{"@id":"https:\/\/telemet.com\/es\/pistenbully\/pb-600-select\/#primaryimage"},"image":{"@id":"https:\/\/telemet.com\/es\/pistenbully\/pb-600-select\/#primaryimage"},"thumbnailUrl":"https:\/\/telemet.com\/wp-content\/uploads\/2016\/07\/pbselect.jpg","datePublished":"2016-07-08T02:53:10+00:00","dateModified":"2022-02-03T02:12:19+00:00","breadcrumb":{"@id":"https:\/\/telemet.com\/es\/pistenbully\/pb-600-select\/#breadcrumb"},"inLanguage":"es-ES","potentialAction":[{"@type":"ReadAction","target":["https:\/\/telemet.com\/es\/pistenbully\/pb-600-select\/"]}]},{"@type":"ImageObject","inLanguage":"es-ES","@id":"https:\/\/telemet.com\/es\/pistenbully\/pb-600-select\/#primaryimage","url":"https:\/\/telemet.com\/wp-content\/uploads\/2016\/07\/pbselect.jpg","contentUrl":"https:\/\/telemet.com\/wp-content\/uploads\/2016\/07\/pbselect.jpg"},{"@type":"BreadcrumbList","@id":"https:\/\/telemet.com\/es\/pistenbully\/pb-600-select\/#breadcrumb","itemListElement":[{"@type":"ListItem","position":1,"name":"Home","item":"https:\/\/telemet.com\/es\/"},{"@type":"ListItem","position":2,"name":"PistenBully","item":"https:\/\/telemet.com\/es\/pistenbully\/"},{"@type":"ListItem","position":3,"name":"PistenBully\u00ae 600 Select"}]},{"@type":"WebSite","@id":"https:\/\/telemet.com\/es\/#website","url":"https:\/\/telemet.com\/es\/","name":"Telemet, Inc.","description":"Efficiency through Simplicity","potentialAction":[{"@type":"SearchAction","target":{"@type":"EntryPoint","urlTemplate":"https:\/\/telemet.com\/es\/?s={search_term_string}"},"query-input":{"@type":"PropertyValueSpecification","valueRequired":true,"valueName":"search_term_string"}}],"inLanguage":"es-ES"}]}},"_links":{"self":[{"href":"https:\/\/telemet.com\/es\/wp-json\/wp\/v2\/pages\/6283","targetHints":{"allow":["GET"]}}],"collection":[{"href":"https:\/\/telemet.com\/es\/wp-json\/wp\/v2\/pages"}],"about":[{"href":"https:\/\/telemet.com\/es\/wp-json\/wp\/v2\/types\/page"}],"author":[{"embeddable":true,"href":"https:\/\/telemet.com\/es\/wp-json\/wp\/v2\/users\/1"}],"replies":[{"embeddable":true,"href":"https:\/\/telemet.com\/es\/wp-json\/wp\/v2\/comments?post=6283"}],"version-history":[{"count":3,"href":"https:\/\/telemet.com\/es\/wp-json\/wp\/v2\/pages\/6283\/revisions"}],"predecessor-version":[{"id":12844,"href":"https:\/\/telemet.com\/es\/wp-json\/wp\/v2\/pages\/6283\/revisions\/12844"}],"up":[{"embeddable":true,"href":"https:\/\/telemet.com\/es\/wp-json\/wp\/v2\/pages\/6261"}],"wp:attachment":[{"href":"https:\/\/telemet.com\/es\/wp-json\/wp\/v2\/media?parent=6283"}],"curies":[{"name":"wp","href":"https:\/\/api.w.org\/{rel}","templated":true}]}}