{"id":6285,"date":"2016-07-08T04:01:21","date_gmt":"2016-07-08T04:01:21","guid":{"rendered":"http:\/\/telemet.com\/pistenbully\/pistenbully-600-polar\/?lang=es"},"modified":"2017-04-24T20:44:14","modified_gmt":"2017-04-24T20:44:14","slug":"pistenbully-600-polar","status":"publish","type":"page","link":"https:\/\/telemet.com\/es\/pistenbully\/pistenbully-600-polar\/","title":{"rendered":"PistenBully\u00ae 600 Polar"},"content":{"rendered":"<div class=\"fusion-fullwidth fullwidth-box fusion-builder-row-1 nonhundred-percent-fullwidth non-hundred-percent-height-scrolling\" style=\"--awb-background-position:left top;--awb-border-radius-top-left:0px;--awb-border-radius-top-right:0px;--awb-border-radius-bottom-right:0px;--awb-border-radius-bottom-left:0px;--awb-padding-top:20px;--awb-padding-bottom:20px;--awb-border-sizes-top:0px;--awb-border-sizes-bottom:0px;--awb-flex-wrap:wrap;\" ><div class=\"fusion-builder-row fusion-row\"><div class=\"fusion-layout-column fusion_builder_column fusion-builder-column-0 fusion_builder_column_1_1 1_1 fusion-one-full fusion-column-first fusion-column-last fusion-column-no-min-height\" style=\"--awb-bg-size:cover;--awb-margin-top:0px;--awb-margin-bottom:0px;\"><div class=\"fusion-column-wrapper fusion-flex-column-wrapper-legacy\"><div class=\"fusion-image-element fusion-image-align-right in-legacy-container\" style=\"text-align:right;--awb-caption-title-font-family:var(--h2_typography-font-family);--awb-caption-title-font-weight:var(--h2_typography-font-weight);--awb-caption-title-font-style:var(--h2_typography-font-style);--awb-caption-title-size:var(--h2_typography-font-size);--awb-caption-title-transform:var(--h2_typography-text-transform);--awb-caption-title-line-height:var(--h2_typography-line-height);--awb-caption-title-letter-spacing:var(--h2_typography-letter-spacing);\"><span class=\" fusion-imageframe imageframe-none imageframe-1 hover-type-none\" style=\"margin-left:25px;float:right;\"><img decoding=\"async\" width=\"1100\" height=\"733\" title=\"PistenBully_600_Polar-1\" src=\"https:\/\/telemet.com\/wp-content\/uploads\/2016\/07\/PistenBully_600_Polar-1.jpg\" alt class=\"img-responsive wp-image-2083\" srcset=\"https:\/\/telemet.com\/wp-content\/uploads\/2016\/07\/PistenBully_600_Polar-1-200x133.jpg 200w, https:\/\/telemet.com\/wp-content\/uploads\/2016\/07\/PistenBully_600_Polar-1-400x267.jpg 400w, https:\/\/telemet.com\/wp-content\/uploads\/2016\/07\/PistenBully_600_Polar-1-600x400.jpg 600w, https:\/\/telemet.com\/wp-content\/uploads\/2016\/07\/PistenBully_600_Polar-1-800x533.jpg 800w, https:\/\/telemet.com\/wp-content\/uploads\/2016\/07\/PistenBully_600_Polar-1.jpg 1100w\" sizes=\"(max-width: 800px) 100vw, 1100px\" \/><\/span><\/div><div class=\"fusion-sep-clear\"><\/div><div class=\"fusion-separator fusion-full-width-sep\" style=\"margin-left: auto;margin-right: auto;margin-top:20px;width:100%;\"><\/div><div class=\"fusion-sep-clear\"><\/div><div class=\"fusion-align-block\"><a class=\"fusion-button button-flat button-xlarge button-default fusion-button-default button-1 fusion-button-span-yes \" target=\"_blank\" rel=\"noopener noreferrer\" href=\"\/wp-content\/uploads\/2016\/07\/PB_600_Polar-brochure.pdf\"><i class=\" fa fa-file-pdf-o awb-button__icon awb-button__icon--default button-icon-left\" aria-hidden=\"true\"><\/i><span class=\"fusion-button-text awb-button__text awb-button__text--default\">Descargar Folleto (PDF)<\/span><\/a><\/div><div class=\"fusion-sep-clear\"><\/div><div class=\"fusion-separator fusion-full-width-sep\" style=\"margin-left: auto;margin-right: auto;margin-top:20px;width:100%;\"><\/div><div class=\"fusion-sep-clear\"><\/div><div class=\"fusion-align-block\"><a class=\"fusion-button button-flat button-xlarge button-default fusion-button-default button-2 fusion-button-span-yes \" target=\"_blank\" rel=\"noopener noreferrer\" href=\"\/wp-content\/uploads\/2016\/07\/PB_600p_en-data.pdf\"><i class=\" fa fa-file-pdf-o awb-button__icon awb-button__icon--default button-icon-left\" aria-hidden=\"true\"><\/i><span class=\"fusion-button-text awb-button__text awb-button__text--default\">Descargar Ficha T\u00e9cnica (PDF)<\/span><\/a><\/div><div class=\"fusion-sep-clear\"><\/div><div class=\"fusion-separator fusion-full-width-sep\" style=\"margin-left: auto;margin-right: auto;margin-top:20px;width:100%;\"><\/div><div class=\"fusion-sep-clear\"><\/div><div class=\"fusion-text fusion-text-1\"><h3>Tecnolog\u00eda probada y comprobada \u2013 nuevos niveles de potencia.<\/h3>\n<p>El nuevo Mercedes-Benz OM 460 LA de seis cilindros y con un desplazamiento de 12.8-litros alcanza los requerimientos del Euromot III y aun as\u00ed genera 360 Kw. (490 hp) de pura potencia sobre las pistas. Tiene un enorme torque de 2,200 Nm. para una m\u00e1xima performance.<div class=\"fusion-title title fusion-title-1 fusion-title-text fusion-title-size-two cazul\" style=\"--awb-margin-top:20px;--awb-margin-bottom:10px;--awb-sep-color:#35baf2;\"><h2 class=\"fusion-title-heading title-heading-left fusion-responsive-typography-calculated\" style=\"margin:0;--fontSize:40;line-height:1.2;\">COCKPIT<\/h2><span class=\"awb-title-spacer\"><\/span><div class=\"title-sep-container\"><div class=\"title-sep sep-double sep-solid\" style=\"border-color:#35baf2;\"><\/div><\/div><\/div>\n<iframe src=\"http:\/\/www.pistenbully.com\/fileadmin\/content_pistenbully\/panorama\/pistenbully-600\/panorama-600.html\" width=\"820\" height=\"400\" frameborder=\"0\" marginwidth=\"0\" marginheight=\"0\" scrolling=\"no\"><\/iframe><\/p>\n<h3>F\u00e1cil de usar.<\/h3>\n<p>Tanto conductores que han estado usando un PistenBully por a\u00f1os como personas con menos experiencia pueden utilizar todo el sistema de asistencia inteligente de acuerdo a sus preferencias y requerimientos individuales. Los controles auto explicativos y la pantalla \u201ctouch screen\u201d lo hacen muy f\u00e1cil para que el conductor opere el sistema. El veh\u00edculo completo se ve en el panel de control. El conductor se ubica r\u00e1pidamente gracias a iconos l\u00f3gicos. No tiene que acordarse de cu\u00e1l interruptor se utiliza para qu\u00e9 operaci\u00f3n, simplemente oprime el icono para la parte apropiada del veh\u00edculo. Por ejemplo, si oprime la fresa esta se baja. Todas las funciones pueden ser realizadas utilizando el \u201cTerminal-Control-Center\u201d que est\u00e1 integrado en el apoya brazo.<\/p>\n<h3>Moviendo monta\u00f1as de nieve?<\/h3>\n<p>No hay problema: Ud. podr\u00e1 desplazar aproximadamente 40% m\u00e1s de nieve con el PistenBully 600 Polar gracias a su destacado aumento de fuerza de empuje, desarrollando 490 hp, con un ancho de pala de 4.60 m.<\/p>\n<h3>Todo bajo control.<\/h3>\n<p>Control inteligente y diagn\u00f3sticos positivos: el controlador PSX es la computadora central del veh\u00edculo para la administraci\u00f3n de la potencia y de la energ\u00eda. El motor diesel y las bombas de tracci\u00f3n y de la fresa son controlados directamente por se\u00f1ales CAN. La distribuci\u00f3n de la cantidad de aceite para los sistemas hidr\u00e1ulicos y para el sistema autom\u00e1tico de control de profundidad de la fresa, tambi\u00e9n son controlados por el PSX. Todos los sensores y actores pueden cambiar al modo \u201cfail safe\u201d si fuera necesario. El uso de sensores sin contacto asegura una alta seguridad de operaci\u00f3n y de confiabilidad. La funci\u00f3n de diagn\u00f3stico de los componentes individuales y de los datos de operaci\u00f3n ha sido desarrollada para asegurar que el conductor sepa exactamente lo que est\u00e1 sucediendo en su PistenBully.<\/p>\n<p>El nuevo PistenBully es \u00fanico en t\u00e9rminos ergon\u00f3micos, confort de manejo y dise\u00f1o, como as\u00ed tambi\u00e9n en t\u00e9rminos tecnol\u00f3gicos por ejemplo, el innovador sistema de asistencia y el equipamiento para manejo de precisi\u00f3n<span style=\"line-height: 1.5;\">.<\/span><\/p>\n<\/div><div class=\"fusion-clearfix\"><\/div><\/div><\/div><\/div><\/div>\n","protected":false},"excerpt":{"rendered":"","protected":false},"author":1,"featured_media":0,"parent":6261,"menu_order":17,"comment_status":"closed","ping_status":"closed","template":"side-navigation.php","meta":{"footnotes":""},"class_list":["post-6285","page","type-page","status-publish","hentry"],"yoast_head":"<!-- This site is optimized with the Yoast SEO plugin v26.2 - https:\/\/yoast.com\/wordpress\/plugins\/seo\/ -->\n<title>PistenBully\u00ae 600 Polar - Telemet<\/title>\n<meta name=\"robots\" content=\"index, follow, max-snippet:-1, max-image-preview:large, max-video-preview:-1\" \/>\n<link rel=\"canonical\" href=\"https:\/\/telemet.com\/es\/pistenbully\/pistenbully-600-polar\/\" \/>\n<meta property=\"og:locale\" content=\"es_ES\" \/>\n<meta property=\"og:type\" content=\"article\" \/>\n<meta property=\"og:title\" content=\"PistenBully\u00ae 600 Polar - Telemet\" \/>\n<meta property=\"og:url\" content=\"https:\/\/telemet.com\/es\/pistenbully\/pistenbully-600-polar\/\" \/>\n<meta property=\"og:site_name\" content=\"Telemet\" \/>\n<meta property=\"article:modified_time\" content=\"2017-04-24T20:44:14+00:00\" \/>\n<meta property=\"og:image\" content=\"https:\/\/telemet.com\/wp-content\/uploads\/2016\/07\/PistenBully_600_Polar-1.jpg\" \/>\n<meta name=\"twitter:card\" content=\"summary_large_image\" \/>\n<meta name=\"twitter:label1\" content=\"Tiempo de lectura\" \/>\n\t<meta name=\"twitter:data1\" content=\"4 minutes\" \/>\n<script type=\"application\/ld+json\" class=\"yoast-schema-graph\">{\"@context\":\"https:\/\/schema.org\",\"@graph\":[{\"@type\":\"WebPage\",\"@id\":\"https:\/\/telemet.com\/es\/pistenbully\/pistenbully-600-polar\/\",\"url\":\"https:\/\/telemet.com\/es\/pistenbully\/pistenbully-600-polar\/\",\"name\":\"PistenBully\u00ae 600 Polar - Telemet\",\"isPartOf\":{\"@id\":\"https:\/\/telemet.com\/es\/#website\"},\"primaryImageOfPage\":{\"@id\":\"https:\/\/telemet.com\/es\/pistenbully\/pistenbully-600-polar\/#primaryimage\"},\"image\":{\"@id\":\"https:\/\/telemet.com\/es\/pistenbully\/pistenbully-600-polar\/#primaryimage\"},\"thumbnailUrl\":\"https:\/\/telemet.com\/wp-content\/uploads\/2016\/07\/PistenBully_600_Polar-1.jpg\",\"datePublished\":\"2016-07-08T04:01:21+00:00\",\"dateModified\":\"2017-04-24T20:44:14+00:00\",\"breadcrumb\":{\"@id\":\"https:\/\/telemet.com\/es\/pistenbully\/pistenbully-600-polar\/#breadcrumb\"},\"inLanguage\":\"es-ES\",\"potentialAction\":[{\"@type\":\"ReadAction\",\"target\":[\"https:\/\/telemet.com\/es\/pistenbully\/pistenbully-600-polar\/\"]}]},{\"@type\":\"ImageObject\",\"inLanguage\":\"es-ES\",\"@id\":\"https:\/\/telemet.com\/es\/pistenbully\/pistenbully-600-polar\/#primaryimage\",\"url\":\"https:\/\/telemet.com\/wp-content\/uploads\/2016\/07\/PistenBully_600_Polar-1.jpg\",\"contentUrl\":\"https:\/\/telemet.com\/wp-content\/uploads\/2016\/07\/PistenBully_600_Polar-1.jpg\"},{\"@type\":\"BreadcrumbList\",\"@id\":\"https:\/\/telemet.com\/es\/pistenbully\/pistenbully-600-polar\/#breadcrumb\",\"itemListElement\":[{\"@type\":\"ListItem\",\"position\":1,\"name\":\"Home\",\"item\":\"https:\/\/telemet.com\/es\/\"},{\"@type\":\"ListItem\",\"position\":2,\"name\":\"PistenBully\",\"item\":\"https:\/\/telemet.com\/es\/pistenbully\/\"},{\"@type\":\"ListItem\",\"position\":3,\"name\":\"PistenBully\u00ae 600 Polar\"}]},{\"@type\":\"WebSite\",\"@id\":\"https:\/\/telemet.com\/es\/#website\",\"url\":\"https:\/\/telemet.com\/es\/\",\"name\":\"Telemet, Inc.\",\"description\":\"Efficiency through Simplicity\",\"potentialAction\":[{\"@type\":\"SearchAction\",\"target\":{\"@type\":\"EntryPoint\",\"urlTemplate\":\"https:\/\/telemet.com\/es\/?s={search_term_string}\"},\"query-input\":{\"@type\":\"PropertyValueSpecification\",\"valueRequired\":true,\"valueName\":\"search_term_string\"}}],\"inLanguage\":\"es-ES\"}]}<\/script>\n<!-- \/ Yoast SEO plugin. -->","yoast_head_json":{"title":"PistenBully\u00ae 600 Polar - Telemet","robots":{"index":"index","follow":"follow","max-snippet":"max-snippet:-1","max-image-preview":"max-image-preview:large","max-video-preview":"max-video-preview:-1"},"canonical":"https:\/\/telemet.com\/es\/pistenbully\/pistenbully-600-polar\/","og_locale":"es_ES","og_type":"article","og_title":"PistenBully\u00ae 600 Polar - Telemet","og_url":"https:\/\/telemet.com\/es\/pistenbully\/pistenbully-600-polar\/","og_site_name":"Telemet","article_modified_time":"2017-04-24T20:44:14+00:00","og_image":[{"url":"https:\/\/telemet.com\/wp-content\/uploads\/2016\/07\/PistenBully_600_Polar-1.jpg","type":"","width":"","height":""}],"twitter_card":"summary_large_image","twitter_misc":{"Tiempo de lectura":"4 minutes"},"schema":{"@context":"https:\/\/schema.org","@graph":[{"@type":"WebPage","@id":"https:\/\/telemet.com\/es\/pistenbully\/pistenbully-600-polar\/","url":"https:\/\/telemet.com\/es\/pistenbully\/pistenbully-600-polar\/","name":"PistenBully\u00ae 600 Polar - Telemet","isPartOf":{"@id":"https:\/\/telemet.com\/es\/#website"},"primaryImageOfPage":{"@id":"https:\/\/telemet.com\/es\/pistenbully\/pistenbully-600-polar\/#primaryimage"},"image":{"@id":"https:\/\/telemet.com\/es\/pistenbully\/pistenbully-600-polar\/#primaryimage"},"thumbnailUrl":"https:\/\/telemet.com\/wp-content\/uploads\/2016\/07\/PistenBully_600_Polar-1.jpg","datePublished":"2016-07-08T04:01:21+00:00","dateModified":"2017-04-24T20:44:14+00:00","breadcrumb":{"@id":"https:\/\/telemet.com\/es\/pistenbully\/pistenbully-600-polar\/#breadcrumb"},"inLanguage":"es-ES","potentialAction":[{"@type":"ReadAction","target":["https:\/\/telemet.com\/es\/pistenbully\/pistenbully-600-polar\/"]}]},{"@type":"ImageObject","inLanguage":"es-ES","@id":"https:\/\/telemet.com\/es\/pistenbully\/pistenbully-600-polar\/#primaryimage","url":"https:\/\/telemet.com\/wp-content\/uploads\/2016\/07\/PistenBully_600_Polar-1.jpg","contentUrl":"https:\/\/telemet.com\/wp-content\/uploads\/2016\/07\/PistenBully_600_Polar-1.jpg"},{"@type":"BreadcrumbList","@id":"https:\/\/telemet.com\/es\/pistenbully\/pistenbully-600-polar\/#breadcrumb","itemListElement":[{"@type":"ListItem","position":1,"name":"Home","item":"https:\/\/telemet.com\/es\/"},{"@type":"ListItem","position":2,"name":"PistenBully","item":"https:\/\/telemet.com\/es\/pistenbully\/"},{"@type":"ListItem","position":3,"name":"PistenBully\u00ae 600 Polar"}]},{"@type":"WebSite","@id":"https:\/\/telemet.com\/es\/#website","url":"https:\/\/telemet.com\/es\/","name":"Telemet, Inc.","description":"Efficiency through Simplicity","potentialAction":[{"@type":"SearchAction","target":{"@type":"EntryPoint","urlTemplate":"https:\/\/telemet.com\/es\/?s={search_term_string}"},"query-input":{"@type":"PropertyValueSpecification","valueRequired":true,"valueName":"search_term_string"}}],"inLanguage":"es-ES"}]}},"_links":{"self":[{"href":"https:\/\/telemet.com\/es\/wp-json\/wp\/v2\/pages\/6285","targetHints":{"allow":["GET"]}}],"collection":[{"href":"https:\/\/telemet.com\/es\/wp-json\/wp\/v2\/pages"}],"about":[{"href":"https:\/\/telemet.com\/es\/wp-json\/wp\/v2\/types\/page"}],"author":[{"embeddable":true,"href":"https:\/\/telemet.com\/es\/wp-json\/wp\/v2\/users\/1"}],"replies":[{"embeddable":true,"href":"https:\/\/telemet.com\/es\/wp-json\/wp\/v2\/comments?post=6285"}],"version-history":[{"count":3,"href":"https:\/\/telemet.com\/es\/wp-json\/wp\/v2\/pages\/6285\/revisions"}],"predecessor-version":[{"id":8555,"href":"https:\/\/telemet.com\/es\/wp-json\/wp\/v2\/pages\/6285\/revisions\/8555"}],"up":[{"embeddable":true,"href":"https:\/\/telemet.com\/es\/wp-json\/wp\/v2\/pages\/6261"}],"wp:attachment":[{"href":"https:\/\/telemet.com\/es\/wp-json\/wp\/v2\/media?parent=6285"}],"curies":[{"name":"wp","href":"https:\/\/api.w.org\/{rel}","templated":true}]}}