{"id":6303,"date":"2016-07-27T13:17:34","date_gmt":"2016-07-27T13:17:34","guid":{"rendered":"http:\/\/telemet.com\/lif-track-pks\/snow-grooming-lift\/?lang=es"},"modified":"2017-04-24T20:44:07","modified_gmt":"2017-04-24T20:44:07","slug":"snow-grooming-lift","status":"publish","type":"page","link":"https:\/\/telemet.com\/es\/lif-track-pks\/snow-grooming-lift\/","title":{"rendered":"Elevadores para Pisanieves con Orugas"},"content":{"rendered":"<div class=\"fusion-fullwidth fullwidth-box fusion-builder-row-1 nonhundred-percent-fullwidth non-hundred-percent-height-scrolling\" style=\"--awb-background-position:left top;--awb-border-radius-top-left:0px;--awb-border-radius-top-right:0px;--awb-border-radius-bottom-right:0px;--awb-border-radius-bottom-left:0px;--awb-padding-top:20px;--awb-padding-bottom:20px;--awb-border-sizes-top:0px;--awb-border-sizes-bottom:0px;--awb-flex-wrap:wrap;\" ><div class=\"fusion-builder-row fusion-row\"><div class=\"fusion-layout-column fusion_builder_column fusion-builder-column-0 fusion_builder_column_1_1 1_1 fusion-one-full fusion-column-first fusion-column-last fusion-column-no-min-height\" style=\"--awb-bg-size:cover;--awb-margin-top:0px;--awb-margin-bottom:0px;\"><div class=\"fusion-column-wrapper fusion-flex-column-wrapper-legacy\"><div class=\"fusion-image-element in-legacy-container\" style=\"--awb-caption-title-font-family:var(--h2_typography-font-family);--awb-caption-title-font-weight:var(--h2_typography-font-weight);--awb-caption-title-font-style:var(--h2_typography-font-style);--awb-caption-title-size:var(--h2_typography-font-size);--awb-caption-title-transform:var(--h2_typography-text-transform);--awb-caption-title-line-height:var(--h2_typography-line-height);--awb-caption-title-letter-spacing:var(--h2_typography-letter-spacing);\"><span class=\" fusion-imageframe imageframe-none imageframe-1 hover-type-none\"><img decoding=\"async\" width=\"1500\" height=\"750\" title=\"lift_pisten_1\" src=\"https:\/\/telemet.com\/wp-content\/uploads\/2016\/07\/lift_pisten_1.jpg\" alt class=\"img-responsive wp-image-2190\" srcset=\"https:\/\/telemet.com\/wp-content\/uploads\/2016\/07\/lift_pisten_1-200x100.jpg 200w, https:\/\/telemet.com\/wp-content\/uploads\/2016\/07\/lift_pisten_1-400x200.jpg 400w, https:\/\/telemet.com\/wp-content\/uploads\/2016\/07\/lift_pisten_1-600x300.jpg 600w, https:\/\/telemet.com\/wp-content\/uploads\/2016\/07\/lift_pisten_1-800x400.jpg 800w, https:\/\/telemet.com\/wp-content\/uploads\/2016\/07\/lift_pisten_1-1200x600.jpg 1200w, https:\/\/telemet.com\/wp-content\/uploads\/2016\/07\/lift_pisten_1.jpg 1500w\" sizes=\"(max-width: 800px) 100vw, 1200px\" \/><\/span><\/div><div class=\"fusion-sep-clear\"><\/div><div class=\"fusion-separator fusion-full-width-sep\" style=\"margin-left: auto;margin-right: auto;margin-top:20px;width:100%;\"><\/div><div class=\"fusion-sep-clear\"><\/div><div class=\"fusion-text fusion-text-1\"><p>El elevador de veh\u00edculos LIF-TRACK dise\u00f1ado para elevar maquinas pisanieves con orugas.<\/p>\n<p>Acceder al chasis significa que su mec\u00e1nico tendr\u00e1 el espacio necesario para trabajar m\u00e1s f\u00e1cil y minuciosamente.<\/p>\n<p>No solo podr\u00e1 tener su maquinaria en funcionamiento de modo m\u00e1s r\u00e1pido tras una reparaci\u00f3n de emergencia, sino que adem\u00e1s podr\u00e1 implementar un verdadero programa de mantenimiento preventivo para reducir demoras y costos generales de manutenci\u00f3n.<\/p>\n<h3>Eficiente y productivo<\/h3>\n<p>Vers\u00e1til y productivo, no es necesario remover las orugas! Simplemente lev\u00e1ntelo con la pala, fresa de nieve y las orugas colocadas!<\/p>\n<h3>Mantenimiento de todos los veh\u00edculos<\/h3>\n<p>Sus plataformas f\u00e1cilmente ajustables funcionan para toda su flota de camionetas, camiones, o pisanieves sin orugas.<\/p>\n<h3>Mantenimiento Preventivo<\/h3>\n<p>Inspecciones y lubricaciones r\u00e1pidas y f\u00e1ciles, reducir\u00e1n las horas de m\u00e1quinas paradas y las reparaciones mayores, debido a la detecci\u00f3n temprana de fallas.<\/p>\n<h3>Eficiente y seguro<\/h3>\n<p>Todo trabajo es realizado eficientemente y con seguridad gracias a sus trabas mec\u00e1nicas.<\/p>\n<h3>Mejor acceso, incrementa la productividad<\/h3>\n<p>Con un rango variable de alturas, Lif-track le permite a su mec\u00e1nico estar de pie, para trabajar m\u00e1s r\u00e1pida y efectivamente.<\/p>\n<h3>Amigable con el medio ambiente<\/h3>\n<p>Sin contacto con el piso, no hay exposici\u00f3n al suelo ni al agua.<\/p>\n<h3>Equipamiento opcional<\/h3>\n<p>Soportes para elevadores para permitir levantar el pisanieves de la plataforma para trabajar en las orugas. Acceso a trav\u00e9s de rampas.<\/p>\n<h3>Accesible y confiable<\/h3>\n<p>Dise\u00f1ado para ser simple, asegurando confiabilidad. Pr\u00e1cticamente no precisa manutenci\u00f3n y es asequible. Apto para todas las m\u00e1quinas de PistenBully, LMC, Bombardier, Prinoth y Tucker. Cumple con las especificaciones ANSI\/ALI B153.1-1990.<\/p>\n<\/div><div class=\"fusion-clearfix\"><\/div><\/div><\/div><\/div><\/div>\n","protected":false},"excerpt":{"rendered":"","protected":false},"author":1,"featured_media":0,"parent":6293,"menu_order":1,"comment_status":"closed","ping_status":"closed","template":"side-navigation.php","meta":{"footnotes":""},"class_list":["post-6303","page","type-page","status-publish","hentry"],"yoast_head":"<!-- This site is optimized with the Yoast SEO plugin v26.2 - https:\/\/yoast.com\/wordpress\/plugins\/seo\/ -->\n<title>Elevadores para Pisanieves con Orugas - Telemet<\/title>\n<meta name=\"robots\" content=\"index, follow, max-snippet:-1, max-image-preview:large, max-video-preview:-1\" \/>\n<link rel=\"canonical\" href=\"https:\/\/telemet.com\/es\/lif-track-pks\/snow-grooming-lift\/\" \/>\n<meta property=\"og:locale\" content=\"es_ES\" \/>\n<meta property=\"og:type\" content=\"article\" \/>\n<meta property=\"og:title\" content=\"Elevadores para Pisanieves con Orugas - Telemet\" \/>\n<meta property=\"og:url\" content=\"https:\/\/telemet.com\/es\/lif-track-pks\/snow-grooming-lift\/\" \/>\n<meta property=\"og:site_name\" content=\"Telemet\" \/>\n<meta property=\"article:modified_time\" content=\"2017-04-24T20:44:07+00:00\" \/>\n<meta property=\"og:image\" content=\"https:\/\/telemet.com\/wp-content\/uploads\/2016\/07\/lift_pisten_1.jpg\" \/>\n<meta name=\"twitter:card\" content=\"summary_large_image\" \/>\n<meta name=\"twitter:label1\" content=\"Tiempo de lectura\" \/>\n\t<meta name=\"twitter:data1\" content=\"2 minutes\" \/>\n<script type=\"application\/ld+json\" class=\"yoast-schema-graph\">{\"@context\":\"https:\/\/schema.org\",\"@graph\":[{\"@type\":\"WebPage\",\"@id\":\"https:\/\/telemet.com\/es\/lif-track-pks\/snow-grooming-lift\/\",\"url\":\"https:\/\/telemet.com\/es\/lif-track-pks\/snow-grooming-lift\/\",\"name\":\"Elevadores para Pisanieves con Orugas - Telemet\",\"isPartOf\":{\"@id\":\"https:\/\/telemet.com\/es\/#website\"},\"primaryImageOfPage\":{\"@id\":\"https:\/\/telemet.com\/es\/lif-track-pks\/snow-grooming-lift\/#primaryimage\"},\"image\":{\"@id\":\"https:\/\/telemet.com\/es\/lif-track-pks\/snow-grooming-lift\/#primaryimage\"},\"thumbnailUrl\":\"https:\/\/telemet.com\/wp-content\/uploads\/2016\/07\/lift_pisten_1.jpg\",\"datePublished\":\"2016-07-27T13:17:34+00:00\",\"dateModified\":\"2017-04-24T20:44:07+00:00\",\"breadcrumb\":{\"@id\":\"https:\/\/telemet.com\/es\/lif-track-pks\/snow-grooming-lift\/#breadcrumb\"},\"inLanguage\":\"es-ES\",\"potentialAction\":[{\"@type\":\"ReadAction\",\"target\":[\"https:\/\/telemet.com\/es\/lif-track-pks\/snow-grooming-lift\/\"]}]},{\"@type\":\"ImageObject\",\"inLanguage\":\"es-ES\",\"@id\":\"https:\/\/telemet.com\/es\/lif-track-pks\/snow-grooming-lift\/#primaryimage\",\"url\":\"https:\/\/telemet.com\/wp-content\/uploads\/2016\/07\/lift_pisten_1.jpg\",\"contentUrl\":\"https:\/\/telemet.com\/wp-content\/uploads\/2016\/07\/lift_pisten_1.jpg\"},{\"@type\":\"BreadcrumbList\",\"@id\":\"https:\/\/telemet.com\/es\/lif-track-pks\/snow-grooming-lift\/#breadcrumb\",\"itemListElement\":[{\"@type\":\"ListItem\",\"position\":1,\"name\":\"Home\",\"item\":\"https:\/\/telemet.com\/es\/\"},{\"@type\":\"ListItem\",\"position\":2,\"name\":\"Lif-track\/PKS\",\"item\":\"https:\/\/telemet.com\/es\/lif-track-pks\/\"},{\"@type\":\"ListItem\",\"position\":3,\"name\":\"Elevadores para Pisanieves con Orugas\"}]},{\"@type\":\"WebSite\",\"@id\":\"https:\/\/telemet.com\/es\/#website\",\"url\":\"https:\/\/telemet.com\/es\/\",\"name\":\"Telemet, Inc.\",\"description\":\"Efficiency through Simplicity\",\"potentialAction\":[{\"@type\":\"SearchAction\",\"target\":{\"@type\":\"EntryPoint\",\"urlTemplate\":\"https:\/\/telemet.com\/es\/?s={search_term_string}\"},\"query-input\":{\"@type\":\"PropertyValueSpecification\",\"valueRequired\":true,\"valueName\":\"search_term_string\"}}],\"inLanguage\":\"es-ES\"}]}<\/script>\n<!-- \/ Yoast SEO plugin. -->","yoast_head_json":{"title":"Elevadores para Pisanieves con Orugas - Telemet","robots":{"index":"index","follow":"follow","max-snippet":"max-snippet:-1","max-image-preview":"max-image-preview:large","max-video-preview":"max-video-preview:-1"},"canonical":"https:\/\/telemet.com\/es\/lif-track-pks\/snow-grooming-lift\/","og_locale":"es_ES","og_type":"article","og_title":"Elevadores para Pisanieves con Orugas - Telemet","og_url":"https:\/\/telemet.com\/es\/lif-track-pks\/snow-grooming-lift\/","og_site_name":"Telemet","article_modified_time":"2017-04-24T20:44:07+00:00","og_image":[{"url":"https:\/\/telemet.com\/wp-content\/uploads\/2016\/07\/lift_pisten_1.jpg","type":"","width":"","height":""}],"twitter_card":"summary_large_image","twitter_misc":{"Tiempo de lectura":"2 minutes"},"schema":{"@context":"https:\/\/schema.org","@graph":[{"@type":"WebPage","@id":"https:\/\/telemet.com\/es\/lif-track-pks\/snow-grooming-lift\/","url":"https:\/\/telemet.com\/es\/lif-track-pks\/snow-grooming-lift\/","name":"Elevadores para Pisanieves con Orugas - Telemet","isPartOf":{"@id":"https:\/\/telemet.com\/es\/#website"},"primaryImageOfPage":{"@id":"https:\/\/telemet.com\/es\/lif-track-pks\/snow-grooming-lift\/#primaryimage"},"image":{"@id":"https:\/\/telemet.com\/es\/lif-track-pks\/snow-grooming-lift\/#primaryimage"},"thumbnailUrl":"https:\/\/telemet.com\/wp-content\/uploads\/2016\/07\/lift_pisten_1.jpg","datePublished":"2016-07-27T13:17:34+00:00","dateModified":"2017-04-24T20:44:07+00:00","breadcrumb":{"@id":"https:\/\/telemet.com\/es\/lif-track-pks\/snow-grooming-lift\/#breadcrumb"},"inLanguage":"es-ES","potentialAction":[{"@type":"ReadAction","target":["https:\/\/telemet.com\/es\/lif-track-pks\/snow-grooming-lift\/"]}]},{"@type":"ImageObject","inLanguage":"es-ES","@id":"https:\/\/telemet.com\/es\/lif-track-pks\/snow-grooming-lift\/#primaryimage","url":"https:\/\/telemet.com\/wp-content\/uploads\/2016\/07\/lift_pisten_1.jpg","contentUrl":"https:\/\/telemet.com\/wp-content\/uploads\/2016\/07\/lift_pisten_1.jpg"},{"@type":"BreadcrumbList","@id":"https:\/\/telemet.com\/es\/lif-track-pks\/snow-grooming-lift\/#breadcrumb","itemListElement":[{"@type":"ListItem","position":1,"name":"Home","item":"https:\/\/telemet.com\/es\/"},{"@type":"ListItem","position":2,"name":"Lif-track\/PKS","item":"https:\/\/telemet.com\/es\/lif-track-pks\/"},{"@type":"ListItem","position":3,"name":"Elevadores para Pisanieves con Orugas"}]},{"@type":"WebSite","@id":"https:\/\/telemet.com\/es\/#website","url":"https:\/\/telemet.com\/es\/","name":"Telemet, Inc.","description":"Efficiency through Simplicity","potentialAction":[{"@type":"SearchAction","target":{"@type":"EntryPoint","urlTemplate":"https:\/\/telemet.com\/es\/?s={search_term_string}"},"query-input":{"@type":"PropertyValueSpecification","valueRequired":true,"valueName":"search_term_string"}}],"inLanguage":"es-ES"}]}},"_links":{"self":[{"href":"https:\/\/telemet.com\/es\/wp-json\/wp\/v2\/pages\/6303","targetHints":{"allow":["GET"]}}],"collection":[{"href":"https:\/\/telemet.com\/es\/wp-json\/wp\/v2\/pages"}],"about":[{"href":"https:\/\/telemet.com\/es\/wp-json\/wp\/v2\/types\/page"}],"author":[{"embeddable":true,"href":"https:\/\/telemet.com\/es\/wp-json\/wp\/v2\/users\/1"}],"replies":[{"embeddable":true,"href":"https:\/\/telemet.com\/es\/wp-json\/wp\/v2\/comments?post=6303"}],"version-history":[{"count":3,"href":"https:\/\/telemet.com\/es\/wp-json\/wp\/v2\/pages\/6303\/revisions"}],"predecessor-version":[{"id":8513,"href":"https:\/\/telemet.com\/es\/wp-json\/wp\/v2\/pages\/6303\/revisions\/8513"}],"up":[{"embeddable":true,"href":"https:\/\/telemet.com\/es\/wp-json\/wp\/v2\/pages\/6293"}],"wp:attachment":[{"href":"https:\/\/telemet.com\/es\/wp-json\/wp\/v2\/media?parent=6303"}],"curies":[{"name":"wp","href":"https:\/\/api.w.org\/{rel}","templated":true}]}}