{"id":6322,"date":"2016-07-28T12:10:42","date_gmt":"2016-07-28T12:10:42","guid":{"rendered":"http:\/\/telemet.com\/smi-snowmakers\/kid-wizzard\/?lang=es"},"modified":"2017-04-24T20:44:05","modified_gmt":"2017-04-24T20:44:05","slug":"kid-wizzard","status":"publish","type":"page","link":"https:\/\/telemet.com\/es\/smi-snowmakers\/kid-wizzard\/","title":{"rendered":"SMI\u00ae Kid Wizzard"},"content":{"rendered":"<div class=\"fusion-fullwidth fullwidth-box fusion-builder-row-1 nonhundred-percent-fullwidth non-hundred-percent-height-scrolling\" style=\"--awb-background-position:left top;--awb-border-radius-top-left:0px;--awb-border-radius-top-right:0px;--awb-border-radius-bottom-right:0px;--awb-border-radius-bottom-left:0px;--awb-padding-top:0px;--awb-padding-bottom:20px;--awb-border-sizes-top:0px;--awb-border-sizes-bottom:0px;--awb-flex-wrap:wrap;\" ><div class=\"fusion-builder-row fusion-row\"><div class=\"fusion-layout-column fusion_builder_column fusion-builder-column-0 fusion_builder_column_1_1 1_1 fusion-one-full fusion-column-first fusion-column-last fusion-column-no-min-height\" style=\"--awb-bg-size:cover;--awb-margin-top:0px;--awb-margin-bottom:0px;\"><div class=\"fusion-column-wrapper fusion-flex-column-wrapper-legacy\"><div class=\"fusion-slider-sc fusion-flexslider-loading flexslider flexslider-hover-type-none\" data-slideshow_autoplay=\"1\" data-slideshow_smooth_height=\"0\" data-slideshow_speed=\"7000\" style=\"max-width:100%;height:100%;\"><ul class=\"slides\"><li class=\"image\"><span class=\"fusion-image-hover-element hover-type-none\"><img decoding=\"async\" src=\"https:\/\/telemet.com\/wp-content\/uploads\/2016\/07\/kidwizzard-slider2.jpg\" width=\"590\" height=\"393\" \/><\/span><\/li><li class=\"image\"><span class=\"fusion-image-hover-element hover-type-none\"><img decoding=\"async\" src=\"https:\/\/telemet.com\/wp-content\/uploads\/2016\/07\/kidwizzard-slider1.jpg\" width=\"590\" height=\"393\" \/><\/span><\/li><li class=\"image\"><span class=\"fusion-image-hover-element hover-type-none\"><img decoding=\"async\" src=\"https:\/\/telemet.com\/wp-content\/uploads\/2016\/07\/kid-1.jpg\" width=\"590\" height=\"393\" \/><\/span><\/li><\/ul><\/div><div class=\"fusion-align-block\"><a class=\"fusion-button button-flat button-xlarge button-default fusion-button-default button-1 fusion-button-default-span \" style=\"width:calc(100%);\" target=\"_blank\" rel=\"noopener noreferrer\" title=\"BROCHURE PistenBully 600 Select\" aria-label=\"BROCHURE PistenBully 600 Select\" href=\"\/wp-content\/uploads\/2017\/03\/SMI-Kid-Wizzard.pdf\"><span class=\"fusion-button-text awb-button__text awb-button__text--default\">Descargar Folleto (PDF)<\/span><i class=\" fa fa-file-pdf-o awb-button__icon awb-button__icon--default button-icon-right\" aria-hidden=\"true\"><\/i><\/a><\/div><div class=\"fusion-sep-clear\"><\/div><div class=\"fusion-separator fusion-full-width-sep\" style=\"margin-left: auto;margin-right: auto;margin-top:20px;width:100%;\"><\/div><div class=\"fusion-sep-clear\"><\/div><div class=\"fusion-text fusion-text-1\"><p>El Kid Wizzard Snowmaker de SMI\u00ae est\u00e1 dise\u00f1ado para obtener m\u00e1ximos resultados con temperaturas marginales y humedades altas. El Kid Wizzard fue desarrollado para hacer frente a la demanda de un ca\u00f1\u00f3n de nieve peque\u00f1o con ventilador, port\u00e1til y liviano.<\/p>\n<p>El Kid Wizzard est\u00e1 dise\u00f1ado para obtener una buena producci\u00f3n en condiciones marginales a un precio competitivo.<\/p>\n<p>El Kid Wizzard utiliza tres anillos con 45 boquillas cada uno para convertir el agua en nieve. Estas 135 boquillas calefaccionadas son nucleadas con un anillo perif\u00e9rico desmontable. Este anillo exclusivo de SMI\u00ae est\u00e1 alimentado por un compresor a bordo de 5 HP para proveer una mezcla constante en cada boquilla nucleadora. La regulaci\u00f3n del agua es f\u00e1cil mediante tres v\u00e1lvulas esf\u00e9ricas de tres v\u00edas calefaccionadas y auto drenantes. Se utiliza la tecnolog\u00eda patentada de los ventiladores de SMI\u00ae, para proyectar la nieve.<\/p>\n<p>El chasis del Kid Wizzard est\u00e1 galvanizado y posee dos ruedas y una barra de tiro. Se incluyen soportes para el izado del Kid Wizzard mediante la pala del pisanieve, para agilizar su traslado.<\/p>\n<p>El Kid Wizzard es f\u00e1cil de usar, f\u00e1cil de mantener, eficiente, silencioso y una buena compra<span style=\"line-height: 1.5;\">.<\/span><\/p>\n<\/div><div class=\"fusion-clearfix\"><\/div><\/div><\/div><\/div><\/div>\n","protected":false},"excerpt":{"rendered":"","protected":false},"author":1,"featured_media":0,"parent":6309,"menu_order":8,"comment_status":"closed","ping_status":"closed","template":"side-navigation.php","meta":{"footnotes":""},"class_list":["post-6322","page","type-page","status-publish","hentry"],"yoast_head":"<!-- This site is optimized with the Yoast SEO plugin v26.2 - https:\/\/yoast.com\/wordpress\/plugins\/seo\/ -->\n<title>SMI\u00ae Kid Wizzard - Telemet<\/title>\n<meta name=\"robots\" content=\"index, follow, max-snippet:-1, max-image-preview:large, max-video-preview:-1\" \/>\n<link rel=\"canonical\" href=\"https:\/\/telemet.com\/es\/smi-snowmakers\/kid-wizzard\/\" \/>\n<meta property=\"og:locale\" content=\"es_ES\" \/>\n<meta property=\"og:type\" content=\"article\" \/>\n<meta property=\"og:title\" content=\"SMI\u00ae Kid Wizzard - Telemet\" \/>\n<meta property=\"og:url\" content=\"https:\/\/telemet.com\/es\/smi-snowmakers\/kid-wizzard\/\" \/>\n<meta property=\"og:site_name\" content=\"Telemet\" \/>\n<meta property=\"article:modified_time\" content=\"2017-04-24T20:44:05+00:00\" \/>\n<meta name=\"twitter:card\" content=\"summary_large_image\" \/>\n<meta name=\"twitter:label1\" content=\"Tiempo de lectura\" \/>\n\t<meta name=\"twitter:data1\" content=\"2 minutes\" \/>\n<script type=\"application\/ld+json\" class=\"yoast-schema-graph\">{\"@context\":\"https:\/\/schema.org\",\"@graph\":[{\"@type\":\"WebPage\",\"@id\":\"https:\/\/telemet.com\/es\/smi-snowmakers\/kid-wizzard\/\",\"url\":\"https:\/\/telemet.com\/es\/smi-snowmakers\/kid-wizzard\/\",\"name\":\"SMI\u00ae Kid Wizzard - Telemet\",\"isPartOf\":{\"@id\":\"https:\/\/telemet.com\/es\/#website\"},\"datePublished\":\"2016-07-28T12:10:42+00:00\",\"dateModified\":\"2017-04-24T20:44:05+00:00\",\"breadcrumb\":{\"@id\":\"https:\/\/telemet.com\/es\/smi-snowmakers\/kid-wizzard\/#breadcrumb\"},\"inLanguage\":\"es-ES\",\"potentialAction\":[{\"@type\":\"ReadAction\",\"target\":[\"https:\/\/telemet.com\/es\/smi-snowmakers\/kid-wizzard\/\"]}]},{\"@type\":\"BreadcrumbList\",\"@id\":\"https:\/\/telemet.com\/es\/smi-snowmakers\/kid-wizzard\/#breadcrumb\",\"itemListElement\":[{\"@type\":\"ListItem\",\"position\":1,\"name\":\"Home\",\"item\":\"https:\/\/telemet.com\/es\/\"},{\"@type\":\"ListItem\",\"position\":2,\"name\":\"Smi Snowmakers\",\"item\":\"https:\/\/telemet.com\/es\/smi-snowmakers\/\"},{\"@type\":\"ListItem\",\"position\":3,\"name\":\"SMI\u00ae Kid Wizzard\"}]},{\"@type\":\"WebSite\",\"@id\":\"https:\/\/telemet.com\/es\/#website\",\"url\":\"https:\/\/telemet.com\/es\/\",\"name\":\"Telemet, Inc.\",\"description\":\"Efficiency through Simplicity\",\"potentialAction\":[{\"@type\":\"SearchAction\",\"target\":{\"@type\":\"EntryPoint\",\"urlTemplate\":\"https:\/\/telemet.com\/es\/?s={search_term_string}\"},\"query-input\":{\"@type\":\"PropertyValueSpecification\",\"valueRequired\":true,\"valueName\":\"search_term_string\"}}],\"inLanguage\":\"es-ES\"}]}<\/script>\n<!-- \/ Yoast SEO plugin. -->","yoast_head_json":{"title":"SMI\u00ae Kid Wizzard - Telemet","robots":{"index":"index","follow":"follow","max-snippet":"max-snippet:-1","max-image-preview":"max-image-preview:large","max-video-preview":"max-video-preview:-1"},"canonical":"https:\/\/telemet.com\/es\/smi-snowmakers\/kid-wizzard\/","og_locale":"es_ES","og_type":"article","og_title":"SMI\u00ae Kid Wizzard - Telemet","og_url":"https:\/\/telemet.com\/es\/smi-snowmakers\/kid-wizzard\/","og_site_name":"Telemet","article_modified_time":"2017-04-24T20:44:05+00:00","twitter_card":"summary_large_image","twitter_misc":{"Tiempo de lectura":"2 minutes"},"schema":{"@context":"https:\/\/schema.org","@graph":[{"@type":"WebPage","@id":"https:\/\/telemet.com\/es\/smi-snowmakers\/kid-wizzard\/","url":"https:\/\/telemet.com\/es\/smi-snowmakers\/kid-wizzard\/","name":"SMI\u00ae Kid Wizzard - Telemet","isPartOf":{"@id":"https:\/\/telemet.com\/es\/#website"},"datePublished":"2016-07-28T12:10:42+00:00","dateModified":"2017-04-24T20:44:05+00:00","breadcrumb":{"@id":"https:\/\/telemet.com\/es\/smi-snowmakers\/kid-wizzard\/#breadcrumb"},"inLanguage":"es-ES","potentialAction":[{"@type":"ReadAction","target":["https:\/\/telemet.com\/es\/smi-snowmakers\/kid-wizzard\/"]}]},{"@type":"BreadcrumbList","@id":"https:\/\/telemet.com\/es\/smi-snowmakers\/kid-wizzard\/#breadcrumb","itemListElement":[{"@type":"ListItem","position":1,"name":"Home","item":"https:\/\/telemet.com\/es\/"},{"@type":"ListItem","position":2,"name":"Smi Snowmakers","item":"https:\/\/telemet.com\/es\/smi-snowmakers\/"},{"@type":"ListItem","position":3,"name":"SMI\u00ae Kid Wizzard"}]},{"@type":"WebSite","@id":"https:\/\/telemet.com\/es\/#website","url":"https:\/\/telemet.com\/es\/","name":"Telemet, Inc.","description":"Efficiency through Simplicity","potentialAction":[{"@type":"SearchAction","target":{"@type":"EntryPoint","urlTemplate":"https:\/\/telemet.com\/es\/?s={search_term_string}"},"query-input":{"@type":"PropertyValueSpecification","valueRequired":true,"valueName":"search_term_string"}}],"inLanguage":"es-ES"}]}},"_links":{"self":[{"href":"https:\/\/telemet.com\/es\/wp-json\/wp\/v2\/pages\/6322","targetHints":{"allow":["GET"]}}],"collection":[{"href":"https:\/\/telemet.com\/es\/wp-json\/wp\/v2\/pages"}],"about":[{"href":"https:\/\/telemet.com\/es\/wp-json\/wp\/v2\/types\/page"}],"author":[{"embeddable":true,"href":"https:\/\/telemet.com\/es\/wp-json\/wp\/v2\/users\/1"}],"replies":[{"embeddable":true,"href":"https:\/\/telemet.com\/es\/wp-json\/wp\/v2\/comments?post=6322"}],"version-history":[{"count":3,"href":"https:\/\/telemet.com\/es\/wp-json\/wp\/v2\/pages\/6322\/revisions"}],"predecessor-version":[{"id":8487,"href":"https:\/\/telemet.com\/es\/wp-json\/wp\/v2\/pages\/6322\/revisions\/8487"}],"up":[{"embeddable":true,"href":"https:\/\/telemet.com\/es\/wp-json\/wp\/v2\/pages\/6309"}],"wp:attachment":[{"href":"https:\/\/telemet.com\/es\/wp-json\/wp\/v2\/media?parent=6322"}],"curies":[{"name":"wp","href":"https:\/\/api.w.org\/{rel}","templated":true}]}}