{"id":6324,"date":"2016-07-25T19:50:16","date_gmt":"2016-07-25T19:50:16","guid":{"rendered":"http:\/\/telemet.com\/torrent-engineering-and-equipment\/?lang=es"},"modified":"2017-04-24T20:44:08","modified_gmt":"2017-04-24T20:44:08","slug":"torrent-engineering-and-equipment","status":"publish","type":"page","link":"https:\/\/telemet.com\/es\/torrent-engineering-and-equipment\/","title":{"rendered":"Torrent Engineering and equipment"},"content":{"rendered":"<p><div class=\"fusion-fullwidth fullwidth-box fusion-builder-row-1 backlink hundred-percent-fullwidth non-hundred-percent-height-scrolling\" style=\"--awb-background-position:left top;--awb-border-radius-top-left:0px;--awb-border-radius-top-right:0px;--awb-border-radius-bottom-right:0px;--awb-border-radius-bottom-left:0px;--awb-padding-top:10px;--awb-padding-bottom:10px;--awb-background-color:#fcfcfc;--awb-border-sizes-top:0px;--awb-border-sizes-bottom:0px;--awb-flex-wrap:wrap;\" ><div class=\"fusion-builder-row fusion-row\"><div class=\"fusion-layout-column fusion_builder_column fusion-builder-column-0 fusion_builder_column_1_1 1_1 fusion-one-full fusion-column-first fusion-column-last fusion-column-no-min-height\" style=\"--awb-bg-size:cover;--awb-margin-top:0px;--awb-margin-bottom:0px;\"><div class=\"fusion-column-wrapper fusion-flex-column-wrapper-legacy\"><div class=\"fusion-title title fusion-title-1 fusion-sep-none fusion-title-center fusion-title-text fusion-title-size-five\" style=\"--awb-margin-top:0px;--awb-margin-bottom:0px;\"><h5 class=\"fusion-title-heading title-heading-center fusion-responsive-typography-calculated\" style=\"margin:0;--fontSize:22;--minFontSize:22;line-height:1.36;\"><a href=\"\/?page_id=1799\">Fabricaci\u00f3n de Nieve<\/a> \u00a0\/ \u00a0<strong>Torrent<\/strong><\/h5><\/div><div class=\"fusion-clearfix\"><\/div><\/div><\/div><\/div><\/div><div class=\"fusion-fullwidth fullwidth-box fusion-builder-row-2 nonhundred-percent-fullwidth non-hundred-percent-height-scrolling\" style=\"--awb-background-position:left top;--awb-border-radius-top-left:0px;--awb-border-radius-top-right:0px;--awb-border-radius-bottom-right:0px;--awb-border-radius-bottom-left:0px;--awb-padding-top:20px;--awb-padding-bottom:20px;--awb-border-sizes-top:0px;--awb-border-sizes-bottom:0px;--awb-flex-wrap:wrap;\" ><div class=\"fusion-builder-row fusion-row\"><div class=\"fusion-layout-column fusion_builder_column fusion-builder-column-1 fusion_builder_column_1_2 1_2 fusion-one-half fusion-column-first\" style=\"--awb-bg-size:cover;width:48%; margin-right: 4%;\"><div class=\"fusion-column-wrapper fusion-flex-column-wrapper-legacy\"><div class=\"fusion-image-element fusion-image-align-center in-legacy-container\" style=\"text-align:center;--awb-caption-title-font-family:var(--h2_typography-font-family);--awb-caption-title-font-weight:var(--h2_typography-font-weight);--awb-caption-title-font-style:var(--h2_typography-font-style);--awb-caption-title-size:var(--h2_typography-font-size);--awb-caption-title-transform:var(--h2_typography-text-transform);--awb-caption-title-line-height:var(--h2_typography-line-height);--awb-caption-title-letter-spacing:var(--h2_typography-letter-spacing);\"><div class=\"imageframe-align-center\"><span class=\" fusion-imageframe imageframe-none imageframe-1 hover-type-none\"><img decoding=\"async\" width=\"266\" height=\"86\" title=\"torrent-logo-0\" src=\"https:\/\/telemet.com\/wp-content\/uploads\/2016\/07\/torrent-logo-0.jpg\" alt class=\"img-responsive wp-image-1817\" srcset=\"https:\/\/telemet.com\/wp-content\/uploads\/2016\/07\/torrent-logo-0-200x65.jpg 200w, https:\/\/telemet.com\/wp-content\/uploads\/2016\/07\/torrent-logo-0.jpg 266w\" sizes=\"(max-width: 800px) 100vw, 266px\" \/><\/span><\/div><\/div><div class=\"fusion-clearfix\"><\/div><\/div><\/div><div class=\"fusion-layout-column fusion_builder_column fusion-builder-column-2 fusion_builder_column_1_2 1_2 fusion-one-half fusion-column-last\" style=\"--awb-bg-size:cover;width:48%;\"><div class=\"fusion-column-wrapper fusion-flex-column-wrapper-legacy\"><div class=\"fusion-text fusion-text-1\"><\/div><div class=\"fusion-clearfix\"><\/div><\/div><\/div><\/div><\/div><div class=\"fusion-fullwidth fullwidth-box fusion-builder-row-3 hundred-percent-fullwidth non-hundred-percent-height-scrolling\" style=\"--awb-border-radius-top-left:0px;--awb-border-radius-top-right:0px;--awb-border-radius-bottom-right:0px;--awb-border-radius-bottom-left:0px;--awb-overflow:visible;--awb-flex-wrap:wrap;\" ><div class=\"fusion-builder-row fusion-row\"><div class=\"fusion-layout-column fusion_builder_column fusion-builder-column-3 fusion_builder_column_1_1 1_1 fusion-one-full fusion-column-first fusion-column-last fusion-column-no-min-height\" style=\"--awb-bg-size:cover;--awb-margin-top:0px;--awb-margin-bottom:0px;\"><div class=\"fusion-column-wrapper fusion-flex-column-wrapper-legacy\"><div class=\"fusion-section-separator section-separator triangle fusion-section-separator-1\" style=\"--awb-border-bottom:0px solid #ffffff;--awb-spacer-height:0px;--awb-svg-margin-left:0;--awb-svg-margin-right:0;--awb-icon-color:#ffffff;\"><div class=\"fusion-section-separator-svg\"><div class=\"divider-candy-arrow bottom\" style=\"top:0px;border-top-color: #ffffff;\"><\/div><div class=\"divider-candy bottom\" style=\"bottom:-20px;border-bottom:1px solid #ffffff;border-left:1px solid #ffffff;\"><\/div><\/div><div class=\"fusion-section-separator-spacer\"><div class=\"fusion-section-separator-spacer-height\"><\/div><\/div><\/div><div class=\"fusion-clearfix\"><\/div><\/div><\/div><\/div><\/div><div class=\"fusion-fullwidth fullwidth-box fusion-builder-row-4 nonhundred-percent-fullwidth non-hundred-percent-height-scrolling\" style=\"--awb-background-position:left top;--awb-border-radius-top-left:0px;--awb-border-radius-top-right:0px;--awb-border-radius-bottom-right:0px;--awb-border-radius-bottom-left:0px;--awb-padding-top:20px;--awb-padding-bottom:20px;--awb-border-sizes-top:0px;--awb-border-sizes-bottom:0px;--awb-flex-wrap:wrap;\" ><div class=\"fusion-builder-row fusion-row\"><div class=\"fusion-layout-column fusion_builder_column fusion-builder-column-4 fusion_builder_column_1_1 1_1 fusion-one-full fusion-column-first fusion-column-last fusion-column-no-min-height\" style=\"--awb-bg-size:cover;--awb-margin-top:0px;--awb-margin-bottom:0px;\"><div class=\"fusion-column-wrapper fusion-flex-column-wrapper-legacy\"><div class=\"fusion-text fusion-text-2\"><h3>Servicios de Ingenier\u00eda:<\/h3>\n<ul>\n<li>An\u00e1lisis de sistemas y recomendaciones<\/li>\n<li>Planificaci\u00f3n central de sistemas<\/li>\n<li>Servicio de diagramado completo, mec\u00e1nico y el\u00e9ctrico<\/li>\n<li>Dise\u00f1o y disposici\u00f3n de sistema de tuber\u00edas en la monta\u00f1a<\/li>\n<li>Especificaciones de equipos y listas de materiales<\/li>\n<li>Servicios in situ; evaluaci\u00f3n de sistemas y revisi\u00f3n de instalaciones<\/li>\n<\/ul>\n<h3>Sistemas de Bombeo:<\/h3>\n<ul>\n<li>Paquetes completos de sistemas de bombeo incluyendo estaciones de bombeo prefabricadas<\/li>\n<li>Equipos de turbina vertical, turbina sumergible y de bombas horizontales<\/li>\n<li>Controladores de presi\u00f3n de velocidad variable o a v\u00e1lvula<\/li>\n<li>Sistemas para bombeo de alta presi\u00f3n, port\u00e1tiles<\/li>\n<li>Sistemas de bombeo dom\u00e9sticos<\/li>\n<li>FLOWSERVE autorizado (conocido formalmente como Ingersoll-Dresser Pump) OEM<\/li>\n<\/ul>\n<h3>Sistemas de enfriamiento y auxiliares para compresores:<\/h3>\n<ul>\n<li>Sistemas de enfriamiento aire-aire<\/li>\n<li>Sistemas de enfriamiento de circuito cerrado Agua\/Glicol<\/li>\n<li>Sistemas de separaci\u00f3n de condensados<\/li>\n<li>Sistemas de control para ventiladores y motores de velocidad variable<\/li>\n<\/ul>\n<h3>Sistemas de Enfriamiento de Agua:<\/h3>\n<ul>\n<li>Sistemas de control y auxiliares para torres de enfriamiento<\/li>\n<li>Sistemas de rociado sobre piletas<\/li>\n<li>Intercambiadores de calor<\/li>\n<\/ul>\n<h3>Sistemas de Automatizaci\u00f3n de Maquinaria:<\/h3>\n<ul>\n<li>Software para el control de procesos TorrentLOGIC\u2122<\/li>\n<li>Control de bombas, compresores y enfriamiento basados en PLC<\/li>\n<li>Redes PLC<\/li>\n<li>Sistemas de interfaces remotas<\/li>\n<\/ul>\n<h3>Sistemas de Control de Motores y Distribuci\u00f3n El\u00e9ctrica:<\/h3>\n<ul>\n<li>Mandos de velocidad variables para el control de motores y ventiladores<\/li>\n<li>Arranques suaves para motores<\/li>\n<li>M\u00f3dulos MCC con barras y cableados internos<\/li>\n<li>Entradas principales y distribuci\u00f3n de potencia<\/li>\n<li>Autorizados por ABB Drive OEM<\/li>\n<\/ul>\n<h3>Partes y Servicios:<\/h3>\n<ul>\n<li>V\u00e1lvulas mariposa, esf\u00e9ricas, y operadas con v\u00e1lvulas piloto; accesorios para v\u00e1lvulas<\/li>\n<li>Instrumentaci\u00f3n<\/li>\n<li>Sellos mec\u00e1nicos<\/li>\n<li>Componentes el\u00e9ctricos<\/li>\n<li>Servicio autorizado regional y soporte 24-horas<\/li>\n<\/ul>\n<\/div><div class=\"fusion-clearfix\"><\/div><\/div><\/div><\/div><\/div><\/p>\n","protected":false},"excerpt":{"rendered":"","protected":false},"author":1,"featured_media":0,"parent":0,"menu_order":25,"comment_status":"closed","ping_status":"closed","template":"","meta":{"footnotes":""},"class_list":["post-6324","page","type-page","status-publish","hentry"],"yoast_head":"<!-- This site is optimized with the Yoast SEO plugin v26.2 - https:\/\/yoast.com\/wordpress\/plugins\/seo\/ -->\n<title>Torrent Engineering and equipment - Telemet<\/title>\n<meta name=\"robots\" content=\"index, follow, max-snippet:-1, max-image-preview:large, max-video-preview:-1\" \/>\n<link rel=\"canonical\" href=\"https:\/\/telemet.com\/es\/torrent-engineering-and-equipment\/\" \/>\n<meta property=\"og:locale\" content=\"es_ES\" \/>\n<meta property=\"og:type\" content=\"article\" \/>\n<meta property=\"og:title\" content=\"Torrent Engineering and equipment - Telemet\" \/>\n<meta property=\"og:url\" content=\"https:\/\/telemet.com\/es\/torrent-engineering-and-equipment\/\" \/>\n<meta property=\"og:site_name\" content=\"Telemet\" \/>\n<meta property=\"article:modified_time\" content=\"2017-04-24T20:44:08+00:00\" \/>\n<meta property=\"og:image\" content=\"https:\/\/telemet.com\/wp-content\/uploads\/2016\/07\/torrent-logo-0.jpg\" \/>\n<meta name=\"twitter:card\" content=\"summary_large_image\" \/>\n<meta name=\"twitter:label1\" content=\"Tiempo de lectura\" \/>\n\t<meta name=\"twitter:data1\" content=\"5 minutes\" \/>\n<script type=\"application\/ld+json\" class=\"yoast-schema-graph\">{\"@context\":\"https:\/\/schema.org\",\"@graph\":[{\"@type\":\"WebPage\",\"@id\":\"https:\/\/telemet.com\/es\/torrent-engineering-and-equipment\/\",\"url\":\"https:\/\/telemet.com\/es\/torrent-engineering-and-equipment\/\",\"name\":\"Torrent Engineering and equipment - Telemet\",\"isPartOf\":{\"@id\":\"https:\/\/telemet.com\/es\/#website\"},\"primaryImageOfPage\":{\"@id\":\"https:\/\/telemet.com\/es\/torrent-engineering-and-equipment\/#primaryimage\"},\"image\":{\"@id\":\"https:\/\/telemet.com\/es\/torrent-engineering-and-equipment\/#primaryimage\"},\"thumbnailUrl\":\"https:\/\/telemet.com\/wp-content\/uploads\/2016\/07\/torrent-logo-0.jpg\",\"datePublished\":\"2016-07-25T19:50:16+00:00\",\"dateModified\":\"2017-04-24T20:44:08+00:00\",\"breadcrumb\":{\"@id\":\"https:\/\/telemet.com\/es\/torrent-engineering-and-equipment\/#breadcrumb\"},\"inLanguage\":\"es-ES\",\"potentialAction\":[{\"@type\":\"ReadAction\",\"target\":[\"https:\/\/telemet.com\/es\/torrent-engineering-and-equipment\/\"]}]},{\"@type\":\"ImageObject\",\"inLanguage\":\"es-ES\",\"@id\":\"https:\/\/telemet.com\/es\/torrent-engineering-and-equipment\/#primaryimage\",\"url\":\"https:\/\/telemet.com\/wp-content\/uploads\/2016\/07\/torrent-logo-0.jpg\",\"contentUrl\":\"https:\/\/telemet.com\/wp-content\/uploads\/2016\/07\/torrent-logo-0.jpg\"},{\"@type\":\"BreadcrumbList\",\"@id\":\"https:\/\/telemet.com\/es\/torrent-engineering-and-equipment\/#breadcrumb\",\"itemListElement\":[{\"@type\":\"ListItem\",\"position\":1,\"name\":\"Home\",\"item\":\"https:\/\/telemet.com\/es\/\"},{\"@type\":\"ListItem\",\"position\":2,\"name\":\"Torrent Engineering and equipment\"}]},{\"@type\":\"WebSite\",\"@id\":\"https:\/\/telemet.com\/es\/#website\",\"url\":\"https:\/\/telemet.com\/es\/\",\"name\":\"Telemet, Inc.\",\"description\":\"Efficiency through Simplicity\",\"potentialAction\":[{\"@type\":\"SearchAction\",\"target\":{\"@type\":\"EntryPoint\",\"urlTemplate\":\"https:\/\/telemet.com\/es\/?s={search_term_string}\"},\"query-input\":{\"@type\":\"PropertyValueSpecification\",\"valueRequired\":true,\"valueName\":\"search_term_string\"}}],\"inLanguage\":\"es-ES\"}]}<\/script>\n<!-- \/ Yoast SEO plugin. -->","yoast_head_json":{"title":"Torrent Engineering and equipment - Telemet","robots":{"index":"index","follow":"follow","max-snippet":"max-snippet:-1","max-image-preview":"max-image-preview:large","max-video-preview":"max-video-preview:-1"},"canonical":"https:\/\/telemet.com\/es\/torrent-engineering-and-equipment\/","og_locale":"es_ES","og_type":"article","og_title":"Torrent Engineering and equipment - Telemet","og_url":"https:\/\/telemet.com\/es\/torrent-engineering-and-equipment\/","og_site_name":"Telemet","article_modified_time":"2017-04-24T20:44:08+00:00","og_image":[{"url":"https:\/\/telemet.com\/wp-content\/uploads\/2016\/07\/torrent-logo-0.jpg","type":"","width":"","height":""}],"twitter_card":"summary_large_image","twitter_misc":{"Tiempo de lectura":"5 minutes"},"schema":{"@context":"https:\/\/schema.org","@graph":[{"@type":"WebPage","@id":"https:\/\/telemet.com\/es\/torrent-engineering-and-equipment\/","url":"https:\/\/telemet.com\/es\/torrent-engineering-and-equipment\/","name":"Torrent Engineering and equipment - Telemet","isPartOf":{"@id":"https:\/\/telemet.com\/es\/#website"},"primaryImageOfPage":{"@id":"https:\/\/telemet.com\/es\/torrent-engineering-and-equipment\/#primaryimage"},"image":{"@id":"https:\/\/telemet.com\/es\/torrent-engineering-and-equipment\/#primaryimage"},"thumbnailUrl":"https:\/\/telemet.com\/wp-content\/uploads\/2016\/07\/torrent-logo-0.jpg","datePublished":"2016-07-25T19:50:16+00:00","dateModified":"2017-04-24T20:44:08+00:00","breadcrumb":{"@id":"https:\/\/telemet.com\/es\/torrent-engineering-and-equipment\/#breadcrumb"},"inLanguage":"es-ES","potentialAction":[{"@type":"ReadAction","target":["https:\/\/telemet.com\/es\/torrent-engineering-and-equipment\/"]}]},{"@type":"ImageObject","inLanguage":"es-ES","@id":"https:\/\/telemet.com\/es\/torrent-engineering-and-equipment\/#primaryimage","url":"https:\/\/telemet.com\/wp-content\/uploads\/2016\/07\/torrent-logo-0.jpg","contentUrl":"https:\/\/telemet.com\/wp-content\/uploads\/2016\/07\/torrent-logo-0.jpg"},{"@type":"BreadcrumbList","@id":"https:\/\/telemet.com\/es\/torrent-engineering-and-equipment\/#breadcrumb","itemListElement":[{"@type":"ListItem","position":1,"name":"Home","item":"https:\/\/telemet.com\/es\/"},{"@type":"ListItem","position":2,"name":"Torrent Engineering and equipment"}]},{"@type":"WebSite","@id":"https:\/\/telemet.com\/es\/#website","url":"https:\/\/telemet.com\/es\/","name":"Telemet, Inc.","description":"Efficiency through Simplicity","potentialAction":[{"@type":"SearchAction","target":{"@type":"EntryPoint","urlTemplate":"https:\/\/telemet.com\/es\/?s={search_term_string}"},"query-input":{"@type":"PropertyValueSpecification","valueRequired":true,"valueName":"search_term_string"}}],"inLanguage":"es-ES"}]}},"_links":{"self":[{"href":"https:\/\/telemet.com\/es\/wp-json\/wp\/v2\/pages\/6324","targetHints":{"allow":["GET"]}}],"collection":[{"href":"https:\/\/telemet.com\/es\/wp-json\/wp\/v2\/pages"}],"about":[{"href":"https:\/\/telemet.com\/es\/wp-json\/wp\/v2\/types\/page"}],"author":[{"embeddable":true,"href":"https:\/\/telemet.com\/es\/wp-json\/wp\/v2\/users\/1"}],"replies":[{"embeddable":true,"href":"https:\/\/telemet.com\/es\/wp-json\/wp\/v2\/comments?post=6324"}],"version-history":[{"count":5,"href":"https:\/\/telemet.com\/es\/wp-json\/wp\/v2\/pages\/6324\/revisions"}],"predecessor-version":[{"id":8525,"href":"https:\/\/telemet.com\/es\/wp-json\/wp\/v2\/pages\/6324\/revisions\/8525"}],"wp:attachment":[{"href":"https:\/\/telemet.com\/es\/wp-json\/wp\/v2\/media?parent=6324"}],"curies":[{"name":"wp","href":"https:\/\/api.w.org\/{rel}","templated":true}]}}