{"id":6327,"date":"2016-07-25T20:18:17","date_gmt":"2016-07-25T20:18:17","guid":{"rendered":"http:\/\/telemet.com\/snomax-snow-inducer\/?lang=es"},"modified":"2017-04-24T20:44:08","modified_gmt":"2017-04-24T20:44:08","slug":"snomax-snow-inducer","status":"publish","type":"page","link":"https:\/\/telemet.com\/es\/snomax-snow-inducer\/","title":{"rendered":"Snomax\u00ae Snow Inducer"},"content":{"rendered":"<p><div class=\"fusion-fullwidth fullwidth-box fusion-builder-row-1 backlink hundred-percent-fullwidth non-hundred-percent-height-scrolling\" style=\"--awb-background-position:left top;--awb-border-radius-top-left:0px;--awb-border-radius-top-right:0px;--awb-border-radius-bottom-right:0px;--awb-border-radius-bottom-left:0px;--awb-padding-top:10px;--awb-padding-bottom:10px;--awb-background-color:#fcfcfc;--awb-border-sizes-top:0px;--awb-border-sizes-bottom:0px;--awb-flex-wrap:wrap;\" ><div class=\"fusion-builder-row fusion-row\"><div class=\"fusion-layout-column fusion_builder_column fusion-builder-column-0 fusion_builder_column_1_1 1_1 fusion-one-full fusion-column-first fusion-column-last fusion-column-no-min-height\" style=\"--awb-bg-size:cover;--awb-margin-top:0px;--awb-margin-bottom:0px;\"><div class=\"fusion-column-wrapper fusion-flex-column-wrapper-legacy\"><div class=\"fusion-title title fusion-title-1 fusion-sep-none fusion-title-center fusion-title-text fusion-title-size-five\" style=\"--awb-margin-top:0px;--awb-margin-bottom:0px;\"><h5 class=\"fusion-title-heading title-heading-center fusion-responsive-typography-calculated\" style=\"margin:0;--fontSize:22;--minFontSize:22;line-height:1.36;\"><a href=\"\/?page_id=1799\">Fabricaci\u00f3n de Nieve<\/a> \u00a0\/ \u00a0<strong>Snomax\u00ae<\/strong><\/h5><\/div><div class=\"fusion-clearfix\"><\/div><\/div><\/div><\/div><\/div><div class=\"fusion-fullwidth fullwidth-box fusion-builder-row-2 nonhundred-percent-fullwidth non-hundred-percent-height-scrolling\" style=\"--awb-background-position:left top;--awb-border-radius-top-left:0px;--awb-border-radius-top-right:0px;--awb-border-radius-bottom-right:0px;--awb-border-radius-bottom-left:0px;--awb-padding-top:20px;--awb-padding-bottom:20px;--awb-border-sizes-top:0px;--awb-border-sizes-bottom:0px;--awb-flex-wrap:wrap;\" ><div class=\"fusion-builder-row fusion-row\"><div class=\"fusion-layout-column fusion_builder_column fusion-builder-column-1 fusion_builder_column_1_2 1_2 fusion-one-half fusion-column-first\" style=\"--awb-bg-size:cover;width:48%; margin-right: 4%;\"><div class=\"fusion-column-wrapper fusion-flex-column-wrapper-legacy\"><div class=\"fusion-image-element fusion-image-align-center in-legacy-container\" style=\"text-align:center;--awb-caption-title-font-family:var(--h2_typography-font-family);--awb-caption-title-font-weight:var(--h2_typography-font-weight);--awb-caption-title-font-style:var(--h2_typography-font-style);--awb-caption-title-size:var(--h2_typography-font-size);--awb-caption-title-transform:var(--h2_typography-text-transform);--awb-caption-title-line-height:var(--h2_typography-line-height);--awb-caption-title-letter-spacing:var(--h2_typography-letter-spacing);\"><div class=\"imageframe-align-center\"><span class=\" fusion-imageframe imageframe-none imageframe-1 hover-type-none\"><img decoding=\"async\" width=\"279\" height=\"91\" title=\"snomax-logo-0\" src=\"https:\/\/telemet.com\/wp-content\/uploads\/2016\/07\/snomax-logo-0.jpg\" alt class=\"img-responsive wp-image-1816\" srcset=\"https:\/\/telemet.com\/wp-content\/uploads\/2016\/07\/snomax-logo-0-200x65.jpg 200w, https:\/\/telemet.com\/wp-content\/uploads\/2016\/07\/snomax-logo-0.jpg 279w\" sizes=\"(max-width: 800px) 100vw, 279px\" \/><\/span><\/div><\/div><div class=\"fusion-clearfix\"><\/div><\/div><\/div><div class=\"fusion-layout-column fusion_builder_column fusion-builder-column-2 fusion_builder_column_1_2 1_2 fusion-one-half fusion-column-last\" style=\"--awb-bg-size:cover;width:48%;\"><div class=\"fusion-column-wrapper fusion-flex-column-wrapper-legacy\"><div class=\"fusion-text fusion-text-1\"><p>Desde 1987, Snomax\u00ae Snow Inducer ha ayudado a centros de esqu\u00ed alrededor del mundo incrementando su productividad y eficiencia en la fabricaci\u00f3n de nieve. Ello ha sido a trav\u00e9s del uso de sus prote\u00ednas hielo-nucleadoras que inducen la formaci\u00f3n de cristales de hielo bajo toda temperatura utilizada en la fabricaci\u00f3n de nieve.<\/p>\n<\/div><div class=\"fusion-clearfix\"><\/div><\/div><\/div><\/div><\/div><div class=\"fusion-fullwidth fullwidth-box fusion-builder-row-3 hundred-percent-fullwidth non-hundred-percent-height-scrolling\" style=\"--awb-border-radius-top-left:0px;--awb-border-radius-top-right:0px;--awb-border-radius-bottom-right:0px;--awb-border-radius-bottom-left:0px;--awb-overflow:visible;--awb-flex-wrap:wrap;\" ><div class=\"fusion-builder-row fusion-row\"><div class=\"fusion-layout-column fusion_builder_column fusion-builder-column-3 fusion_builder_column_1_1 1_1 fusion-one-full fusion-column-first fusion-column-last fusion-column-no-min-height\" style=\"--awb-bg-size:cover;--awb-margin-top:0px;--awb-margin-bottom:0px;\"><div class=\"fusion-column-wrapper fusion-flex-column-wrapper-legacy\"><div class=\"fusion-section-separator section-separator triangle fusion-section-separator-1\" style=\"--awb-border-bottom:0px solid #ffffff;--awb-spacer-height:0px;--awb-svg-margin-left:0;--awb-svg-margin-right:0;--awb-icon-color:#ffffff;\"><div class=\"fusion-section-separator-svg\"><div class=\"divider-candy-arrow bottom\" style=\"top:0px;border-top-color: #ffffff;\"><\/div><div class=\"divider-candy bottom\" style=\"bottom:-20px;border-bottom:1px solid #ffffff;border-left:1px solid #ffffff;\"><\/div><\/div><div class=\"fusion-section-separator-spacer\"><div class=\"fusion-section-separator-spacer-height\"><\/div><\/div><\/div><div class=\"fusion-clearfix\"><\/div><\/div><\/div><\/div><\/div><div class=\"fusion-fullwidth fullwidth-box fusion-builder-row-4 nonhundred-percent-fullwidth non-hundred-percent-height-scrolling\" style=\"--awb-background-position:left top;--awb-border-radius-top-left:0px;--awb-border-radius-top-right:0px;--awb-border-radius-bottom-right:0px;--awb-border-radius-bottom-left:0px;--awb-padding-top:20px;--awb-padding-bottom:20px;--awb-border-sizes-top:0px;--awb-border-sizes-bottom:0px;--awb-flex-wrap:wrap;\" ><div class=\"fusion-builder-row fusion-row\"><div class=\"fusion-layout-column fusion_builder_column fusion-builder-column-4 fusion_builder_column_1_1 1_1 fusion-one-full fusion-column-first fusion-column-last fusion-column-no-min-height\" style=\"--awb-bg-size:cover;--awb-margin-top:0px;--awb-margin-bottom:0px;\"><div class=\"fusion-column-wrapper fusion-flex-column-wrapper-legacy\"><div class=\"fusion-text fusion-text-2\"><h3>\u00bfQu\u00e9 es\u00a0Snomax?<\/h3>\n<p>Snomax es una prote\u00edna activa, que potencia la conversi\u00f3n de gotas de agua salientes de un ca\u00f1\u00f3n, en nieve. Esta prote\u00edna es resultante de una peque\u00f1a bacteria llamada Pseudomonas syringae. Dicha bacteria se encuentra f\u00e1cilmente en la Naturaleza, desde pasto a \u00e1rboles, a vegetales y cereales e incluso en el mismo aire que respiramos.<\/p>\n<p>Snomax Technologies cultiva Pseudomonas syringae bajo un ambiente controlado en equipamiento de fermentaci\u00f3n esterilizado. Su proceso consiste en congelar el micro-organismo, -de forma similar a como se producen los alimentos congelados, y obtener como resultado final, una prote\u00edna. Los gr\u00e1nulos resultantes son luego esterilizados en el mismo tipo de equipamiento usado para esterilizar instrumentos m\u00e9dicos. El derivado de este proceso es Snomax, una prote\u00edna hielo-nucleadora muy activa<span style=\"line-height: 1.5;\">.<\/span><\/p>\n<h3>\u00bfC\u00f3mo se forma la nieve?<\/h3>\n<p>Las mol\u00e9culas del agua est\u00e1n en continuo movimiento. Es la energ\u00eda de dicho movimiento la que determina la temperatura del agua y la cual previene la formaci\u00f3n de cualquier estructura molecular. La mayor\u00eda de nosotros pensamos que el agua alcanza su punto de congelaci\u00f3n a 0 grado Celsius (32\u00b0 F). Pero de hecho, agua pura y destilada, puede ser \u201cs\u00faper-enfriada\u201d alcanzando -4.4\u00b0 C(\u201340\u00b0 F) antes de que se congele.<\/p>\n<p>Para que la congelaci\u00f3n sea iniciada, debe sustraerse al agua suficiente energ\u00eda para que las mol\u00e9culas comiencen a disminuir su movimiento y alinearse en un enrejado hexagonal.<\/p>\n<p>Un nucleador de hielo cumple dicha funci\u00f3n atrayendo las mol\u00e9culas de agua y frenando su movimiento. Por consiguiente, un nucleador puede ser simplemente definido como una part\u00edcula extra\u00f1a en el agua que inicia el proceso de congelamiento<span style=\"line-height: 1.5;\">.<\/span><\/p>\n<h3>\u00bfC\u00f3mo trabaja Snomax?<\/h3>\n<p>Snomax es mezclado con el agua para formar un concentrado que es liberado en el suministro de agua a usar para fabricar nieve. Cada gota de agua que es expulsada por el ca\u00f1\u00f3n de nieve es entonces germinada con los nucleadores de Snomax. Esto es importante porque la clave para la manufactura de nieve es congelar la mayor cantidad posible de gotas -antes de que estas hagan contacto con el suelo. Si las gotas no contienen nucleadores, la gran mayor\u00eda de \u00e9stas podr\u00edan no congelarse a tiempo, antes de tocar el suelo.<\/p>\n<p>Una fuente de agua que ha sido tratada con Snomax contiene -en cualquier parte- m\u00e1s sitios de nucleaci\u00f3n -entre 1,000 y m\u00e1s de 100,000- que cualquier otra fuente de agua no tratada. Esto significa que cada gota de agua tiene un sitio para que los cristales de hielo se formen.<\/p>\n<p>Una fuente de agua que ha sido tratada con Snomax contiene -en cualquier parte- m\u00e1s sitios de nucleaci\u00f3n -entre 1,000 y m\u00e1s de 100,000- que cualquier otra fuente de agua no tratada. Esto significa que cada gota de agua tiene un sitio para que los cristales de hielo se formen.<\/p>\n<p>Otra caracter\u00edstica de Snomax es que funciona como un necleador a alta temperatura, lo que simplemente significa que es capaz de iniciar el proceso de congelaci\u00f3n a temperaturas m\u00e1s altas. Los estudios han demostrado que Snomax es efectivo a casi -2.7 \u00b0 C (27 \u00b0 F). La mayor\u00eda de los aditivos naturales de agua, no son eficaces a temperaturas superiores a los menos 9.5 a \u2013 6.5 \u00b0C (15-20 \u00b0 F) y por lo tanto son clasificados como nucleadores de baja temperatura. Por ende, agua con Snomax incorporado, se congelar\u00e1 m\u00e1s r\u00e1pidamente, de modo m\u00e1s completo y en un rango m\u00e1s amplio de condiciones<span style=\"line-height: 1.5;\">.<\/span><\/p>\n<p>&nbsp;<\/p>\n<div class=\"video-shortcode\"><iframe width=\"1170\" height=\"658\" src=\"https:\/\/www.youtube.com\/embed\/SWa17IQdE-8?feature=oembed\" frameborder=\"0\" allowfullscreen><\/iframe><\/div>\n<p>&nbsp;<\/p>\n<h3>Snomax y la seguridad ambiental<\/h3>\n<p>A diario, la gente alrededor del mundo entero es expuesta a billones de bacterias inocuas \u2013en el aire que respiran, en los alimentos que ingieren, en las bebidas que consumen. De hecho, una palada de la capa superficial del suelo, contiene tantos organismos vivientes como humanos vivos hay en el planeta \u2013cerca de 3 billones. Entre dichos micro-organismos, se encuentra Pseudomonas syringae, la fuente proteica de Snomax Snow Inducer.<\/p>\n<p>Pseudomonas syringae es tan com\u00fan, que se la encuentra a nivel mundial, en un promedio de 40 organismos por metro c\u00fabico de aire. Una simple hoja de tomate puede dar lugar a 10 billones de estos organismos. De hecho, un estudio conducido por el gobierno de Canad\u00e1 concluy\u00f3 en que si Snomax fuera utilizado en los 70 centros de esqu\u00ed del pa\u00eds que producen nieve, la liberaci\u00f3n total de micro-organismos vivos no ser\u00eda m\u00e1s de lo recolectado en 100 hojas en una granja.<\/p>\n<p>El estudio de esta bacteria usada en Snomax ha comprobado ser un organismo sano no pat\u00f3geno. La lista de agencias que han regulado el desarrollo comercial de Snomax incluye U.S. Environmental Protection Agency (Agencia de Protecci\u00f3n Ambiental de Estados Unidos), el U.S. Department of Agriculture (Departamento de Agricultura de Estados Unidos), el U.S. Forest Service and Environment Canada (Servicio de Forestaci\u00f3n de Estados Unidos y Ambiente de Canad\u00e1).<\/p>\n<p>Agencias reguladores en Canad\u00e1, Noruega, Jap\u00f3n, Suecia, Finlandia, Italia, Suiza, Argentina, Chile y Australia \u2013pa\u00edses reconocidos como los m\u00e1s preocupados del mundo en cuanto al medio ambiente- han estudiado tambi\u00e9n a Snomax, aprobando su uso comercial.<\/p>\n<p>M\u00e1s de 35 estudios cient\u00edficos independientes (muchos de ellos requeridos por el gobierno) realizados en un per\u00edodo de 6 a\u00f1os en los Estados Unidos y varios otros pa\u00edses, han arribado a la misma conclusi\u00f3n \u2013Snomax no representa amenaza o similar alguno ni a la salud ni al medio ambiente<span style=\"line-height: 1.5;\">.<\/span><\/p>\n<h3>Trabajando en equipo<\/h3>\n<p>La fabricaci\u00f3n de nieve implica un trabajo de equipo necesario para alcanzar una buena combinaci\u00f3n de maquinaria, agua, aire, energ\u00eda y mano de obra para hacer frente a las variables condiciones clim\u00e1ticas. Conlleva know-how para integrar de manera satisfactoria todas las variables de este tipo de trabajo. El Equipo de Soporte de Snomax ofrece las habilidades, experiencia y dedicaci\u00f3n necesarias para ayudar a los operadores a implementar un sistema de fabricaci\u00f3n de nieve realmente efectivo, factor que integra todas las variables existentes, cient\u00edfica y sistem\u00e1ticamente.<\/p>\n<p>El Equipo de Soporte de Snomax est\u00e1 a su disposici\u00f3n para crear un sistema de fabricaci\u00f3n de nieve efectivo y costo-eficiente<span style=\"line-height: 1.5;\">.<\/span><\/p>\n<\/div><div class=\"fusion-clearfix\"><\/div><\/div><\/div><\/div><\/div><\/p>\n","protected":false},"excerpt":{"rendered":"","protected":false},"author":1,"featured_media":0,"parent":0,"menu_order":28,"comment_status":"closed","ping_status":"closed","template":"","meta":{"footnotes":""},"class_list":["post-6327","page","type-page","status-publish","hentry"],"yoast_head":"<!-- This site is optimized with the Yoast SEO plugin v26.2 - https:\/\/yoast.com\/wordpress\/plugins\/seo\/ -->\n<title>Snomax\u00ae Snow Inducer - Telemet<\/title>\n<meta name=\"robots\" content=\"index, follow, max-snippet:-1, max-image-preview:large, max-video-preview:-1\" \/>\n<link rel=\"canonical\" href=\"https:\/\/telemet.com\/es\/snomax-snow-inducer\/\" \/>\n<meta property=\"og:locale\" content=\"es_ES\" \/>\n<meta property=\"og:type\" content=\"article\" \/>\n<meta property=\"og:title\" content=\"Snomax\u00ae Snow Inducer - Telemet\" \/>\n<meta property=\"og:url\" content=\"https:\/\/telemet.com\/es\/snomax-snow-inducer\/\" \/>\n<meta property=\"og:site_name\" content=\"Telemet\" \/>\n<meta property=\"article:modified_time\" content=\"2017-04-24T20:44:08+00:00\" \/>\n<meta property=\"og:image\" content=\"https:\/\/telemet.com\/wp-content\/uploads\/2016\/07\/snomax-logo-0.jpg\" \/>\n<meta name=\"twitter:card\" content=\"summary_large_image\" \/>\n<meta name=\"twitter:label1\" content=\"Tiempo de lectura\" \/>\n\t<meta name=\"twitter:data1\" content=\"9 minutes\" \/>\n<script type=\"application\/ld+json\" class=\"yoast-schema-graph\">{\"@context\":\"https:\/\/schema.org\",\"@graph\":[{\"@type\":\"WebPage\",\"@id\":\"https:\/\/telemet.com\/es\/snomax-snow-inducer\/\",\"url\":\"https:\/\/telemet.com\/es\/snomax-snow-inducer\/\",\"name\":\"Snomax\u00ae Snow Inducer - Telemet\",\"isPartOf\":{\"@id\":\"https:\/\/telemet.com\/es\/#website\"},\"primaryImageOfPage\":{\"@id\":\"https:\/\/telemet.com\/es\/snomax-snow-inducer\/#primaryimage\"},\"image\":{\"@id\":\"https:\/\/telemet.com\/es\/snomax-snow-inducer\/#primaryimage\"},\"thumbnailUrl\":\"https:\/\/telemet.com\/wp-content\/uploads\/2016\/07\/snomax-logo-0.jpg\",\"datePublished\":\"2016-07-25T20:18:17+00:00\",\"dateModified\":\"2017-04-24T20:44:08+00:00\",\"breadcrumb\":{\"@id\":\"https:\/\/telemet.com\/es\/snomax-snow-inducer\/#breadcrumb\"},\"inLanguage\":\"es-ES\",\"potentialAction\":[{\"@type\":\"ReadAction\",\"target\":[\"https:\/\/telemet.com\/es\/snomax-snow-inducer\/\"]}]},{\"@type\":\"ImageObject\",\"inLanguage\":\"es-ES\",\"@id\":\"https:\/\/telemet.com\/es\/snomax-snow-inducer\/#primaryimage\",\"url\":\"https:\/\/telemet.com\/wp-content\/uploads\/2016\/07\/snomax-logo-0.jpg\",\"contentUrl\":\"https:\/\/telemet.com\/wp-content\/uploads\/2016\/07\/snomax-logo-0.jpg\"},{\"@type\":\"BreadcrumbList\",\"@id\":\"https:\/\/telemet.com\/es\/snomax-snow-inducer\/#breadcrumb\",\"itemListElement\":[{\"@type\":\"ListItem\",\"position\":1,\"name\":\"Home\",\"item\":\"https:\/\/telemet.com\/es\/\"},{\"@type\":\"ListItem\",\"position\":2,\"name\":\"Snomax\u00ae Snow Inducer\"}]},{\"@type\":\"WebSite\",\"@id\":\"https:\/\/telemet.com\/es\/#website\",\"url\":\"https:\/\/telemet.com\/es\/\",\"name\":\"Telemet, Inc.\",\"description\":\"Efficiency through Simplicity\",\"potentialAction\":[{\"@type\":\"SearchAction\",\"target\":{\"@type\":\"EntryPoint\",\"urlTemplate\":\"https:\/\/telemet.com\/es\/?s={search_term_string}\"},\"query-input\":{\"@type\":\"PropertyValueSpecification\",\"valueRequired\":true,\"valueName\":\"search_term_string\"}}],\"inLanguage\":\"es-ES\"}]}<\/script>\n<!-- \/ Yoast SEO plugin. -->","yoast_head_json":{"title":"Snomax\u00ae Snow Inducer - Telemet","robots":{"index":"index","follow":"follow","max-snippet":"max-snippet:-1","max-image-preview":"max-image-preview:large","max-video-preview":"max-video-preview:-1"},"canonical":"https:\/\/telemet.com\/es\/snomax-snow-inducer\/","og_locale":"es_ES","og_type":"article","og_title":"Snomax\u00ae Snow Inducer - Telemet","og_url":"https:\/\/telemet.com\/es\/snomax-snow-inducer\/","og_site_name":"Telemet","article_modified_time":"2017-04-24T20:44:08+00:00","og_image":[{"url":"https:\/\/telemet.com\/wp-content\/uploads\/2016\/07\/snomax-logo-0.jpg","type":"","width":"","height":""}],"twitter_card":"summary_large_image","twitter_misc":{"Tiempo de lectura":"9 minutes"},"schema":{"@context":"https:\/\/schema.org","@graph":[{"@type":"WebPage","@id":"https:\/\/telemet.com\/es\/snomax-snow-inducer\/","url":"https:\/\/telemet.com\/es\/snomax-snow-inducer\/","name":"Snomax\u00ae Snow Inducer - Telemet","isPartOf":{"@id":"https:\/\/telemet.com\/es\/#website"},"primaryImageOfPage":{"@id":"https:\/\/telemet.com\/es\/snomax-snow-inducer\/#primaryimage"},"image":{"@id":"https:\/\/telemet.com\/es\/snomax-snow-inducer\/#primaryimage"},"thumbnailUrl":"https:\/\/telemet.com\/wp-content\/uploads\/2016\/07\/snomax-logo-0.jpg","datePublished":"2016-07-25T20:18:17+00:00","dateModified":"2017-04-24T20:44:08+00:00","breadcrumb":{"@id":"https:\/\/telemet.com\/es\/snomax-snow-inducer\/#breadcrumb"},"inLanguage":"es-ES","potentialAction":[{"@type":"ReadAction","target":["https:\/\/telemet.com\/es\/snomax-snow-inducer\/"]}]},{"@type":"ImageObject","inLanguage":"es-ES","@id":"https:\/\/telemet.com\/es\/snomax-snow-inducer\/#primaryimage","url":"https:\/\/telemet.com\/wp-content\/uploads\/2016\/07\/snomax-logo-0.jpg","contentUrl":"https:\/\/telemet.com\/wp-content\/uploads\/2016\/07\/snomax-logo-0.jpg"},{"@type":"BreadcrumbList","@id":"https:\/\/telemet.com\/es\/snomax-snow-inducer\/#breadcrumb","itemListElement":[{"@type":"ListItem","position":1,"name":"Home","item":"https:\/\/telemet.com\/es\/"},{"@type":"ListItem","position":2,"name":"Snomax\u00ae Snow Inducer"}]},{"@type":"WebSite","@id":"https:\/\/telemet.com\/es\/#website","url":"https:\/\/telemet.com\/es\/","name":"Telemet, Inc.","description":"Efficiency through Simplicity","potentialAction":[{"@type":"SearchAction","target":{"@type":"EntryPoint","urlTemplate":"https:\/\/telemet.com\/es\/?s={search_term_string}"},"query-input":{"@type":"PropertyValueSpecification","valueRequired":true,"valueName":"search_term_string"}}],"inLanguage":"es-ES"}]}},"_links":{"self":[{"href":"https:\/\/telemet.com\/es\/wp-json\/wp\/v2\/pages\/6327","targetHints":{"allow":["GET"]}}],"collection":[{"href":"https:\/\/telemet.com\/es\/wp-json\/wp\/v2\/pages"}],"about":[{"href":"https:\/\/telemet.com\/es\/wp-json\/wp\/v2\/types\/page"}],"author":[{"embeddable":true,"href":"https:\/\/telemet.com\/es\/wp-json\/wp\/v2\/users\/1"}],"replies":[{"embeddable":true,"href":"https:\/\/telemet.com\/es\/wp-json\/wp\/v2\/comments?post=6327"}],"version-history":[{"count":4,"href":"https:\/\/telemet.com\/es\/wp-json\/wp\/v2\/pages\/6327\/revisions"}],"predecessor-version":[{"id":8523,"href":"https:\/\/telemet.com\/es\/wp-json\/wp\/v2\/pages\/6327\/revisions\/8523"}],"wp:attachment":[{"href":"https:\/\/telemet.com\/es\/wp-json\/wp\/v2\/media?parent=6327"}],"curies":[{"name":"wp","href":"https:\/\/api.w.org\/{rel}","templated":true}]}}