{"id":6338,"date":"2016-08-31T17:39:46","date_gmt":"2016-08-31T17:39:46","guid":{"rendered":"http:\/\/telemet.com\/pistenbully\/winch\/?lang=es"},"modified":"2017-04-24T20:43:49","modified_gmt":"2017-04-24T20:43:49","slug":"winch","status":"publish","type":"page","link":"https:\/\/telemet.com\/es\/pistenbully\/winch\/","title":{"rendered":"Malacate"},"content":{"rendered":"<div class=\"fusion-fullwidth fullwidth-box fusion-builder-row-1 nonhundred-percent-fullwidth non-hundred-percent-height-scrolling\" style=\"--awb-background-position:left top;--awb-border-radius-top-left:0px;--awb-border-radius-top-right:0px;--awb-border-radius-bottom-right:0px;--awb-border-radius-bottom-left:0px;--awb-padding-top:20px;--awb-padding-bottom:20px;--awb-border-sizes-top:0px;--awb-border-sizes-bottom:0px;--awb-flex-wrap:wrap;\" ><div class=\"fusion-builder-row fusion-row\"><div class=\"fusion-layout-column fusion_builder_column fusion-builder-column-0 fusion_builder_column_1_1 1_1 fusion-one-full fusion-column-first fusion-column-last fusion-column-no-min-height\" style=\"--awb-bg-size:cover;--awb-margin-top:0px;--awb-margin-bottom:0px;\"><div class=\"fusion-column-wrapper fusion-flex-column-wrapper-legacy\"><div class=\"fusion-text fusion-text-1\"><h2>Malacate de 4.5 tn: r\u00e1pido y f\u00e1cil de operar<\/h2>\n<p>Como l\u00edder del mercado y de la tecnolog\u00eda, K\u00e4ssbohrer Gel\u00e4ndefahrzeug AG, introdujo el primer malacate al mercado en 1983. Utilizamos nuestras d\u00e9cadas en el mercado para el continuo refinamiento de la tecnolog\u00eda del malacate.\u00a0 El \u00faltimo resultado es el malacate de 4.5 tn,\u00a0 ha estado en el mercado desde el 2011.<\/p>\n<p><img decoding=\"async\" class=\"alignnone wp-image-6160 size-full\" src=\"https:\/\/telemet.com\/wp-content\/uploads\/2016\/08\/winch.45.jpg\" alt=\"winch.45\" width=\"940\" height=\"450\" srcset=\"https:\/\/telemet.com\/wp-content\/uploads\/2016\/08\/winch.45-200x96.jpg 200w, https:\/\/telemet.com\/wp-content\/uploads\/2016\/08\/winch.45-300x144.jpg 300w, https:\/\/telemet.com\/wp-content\/uploads\/2016\/08\/winch.45-400x191.jpg 400w, https:\/\/telemet.com\/wp-content\/uploads\/2016\/08\/winch.45-600x287.jpg 600w, https:\/\/telemet.com\/wp-content\/uploads\/2016\/08\/winch.45-768x368.jpg 768w, https:\/\/telemet.com\/wp-content\/uploads\/2016\/08\/winch.45-800x383.jpg 800w, https:\/\/telemet.com\/wp-content\/uploads\/2016\/08\/winch.45.jpg 940w\" sizes=\"(max-width: 940px) 100vw, 940px\" \/><\/p>\n<p>Los malacates ya no se utilizan solamente en situaciones de grandes pendientes, sino\u00a0tambi\u00e9n para el desplazamiento de grandes vol\u00famenes de nieve. En vista del aumento en la cantidad de inviernos con poca nieve y los altos costos asociados a la producci\u00f3n mec\u00e1nica de la nieve, la utilizaci\u00f3n del malacate no es un argumento econ\u00f3mico insignificante.<\/p>\n<h3>Los cables duran aproximadamente 20% m\u00e1s<\/h3>\n<p>Gracias a las muchas innovaciones en el redise\u00f1o del malacate de 4.5 tn, las cuales van desde el aumento del di\u00e1metro del cabrestante con menos ciclos de doblado del cable, hasta la tensi\u00f3n constante del malacate con compensaci\u00f3n de la posici\u00f3n del cable, los cables ahora duran alrededor de 20% m\u00e1s que antes.<\/p>\n<p>Obviamente K\u00e4ssbohrer Gel\u00e4ndefahrzeug AG ha pensado tambi\u00e9n en la seguridad del conductor: sensores y se\u00f1ales ac\u00fasticas advierten sobre cualquier error en el arrollado y muestran la distancia restante y disponible del cable. El nuevo monitor de disponibilidad del cable significa que el conductor puede ver siempre de cuantos metros de cable puede disponer. El malacate viene ahora con un cable de 1,050m en forma est\u00e1ndar, pero f\u00e1cilmente puede solicitarse un largo de 1,450 m en cualquier momento del departamento de repuestos en Laupheim.<\/p>\n<h3>PistenBully ayuda a reducir los costos operacionales<\/h3>\n<p>La caja de engranajes para el nuevo malacate de 4.5 toneladas ha sido completamente re-desarrollada.\u00a0 Ahora est\u00e1 dise\u00f1ada para durar toda la vida del malacate (la inspecci\u00f3n previamente requerida ya no es necesaria). La facilidad de inspecci\u00f3n del malacate y la mayor vida \u00fatil del cable reducen los costos operativos, incrementando la relaci\u00f3n costo-rendimiento de los veh\u00edculos.<\/p>\n<h3>Control activo del malacate<\/h3>\n<p>Se ha mejorado la sintonizaci\u00f3n entre el mando y la conducci\u00f3n con el redise\u00f1o del malacate de 4.5 tn. Esto evita la eventualidad de cable flojo en situaciones l\u00edmite.<\/p>\n<h3>Resultados de monitero incluidos<\/h3>\n<p>La c\u00e1mara trasera garantiza una vista absolutamente clara y permite hacer evaluaciones instant\u00e1neamente de la calidad de las pistas. Aun cuanto se est\u00e1 retrocediendo con el malacate, el conductor puede ver todo porque la imagen a color de la c\u00e1mara se superpone autom\u00e1ticamente sobre el display cuando el veh\u00edculo retrocede.<\/p>\n<h2>Malacate de 4.0 toneladas: agarre extra y seguridad aumentada en la monta\u00f1a<\/h2>\n<p>La tecnolog\u00eda del malacate de 4.0 tn tiene ventajas inherentes.<\/p>\n<p><span style=\"line-height: 1.5;\">Cuatro toneladas de fuerza de arrastre (4.4 tn EE.UU.), 1,050 metros de cable y una caja de reducci\u00f3n extremadamente robusta. El malacate del PistenBully mantiene una fuerza constante de tiro que no var\u00eda entre el primer enrollado y el \u00faltimo. El radio de apoyo entre los dos cabrestantes de m\u00faltiples canaladuras es constante, independientemente de cuanto cable hay el tambor. Toda la estructura del malacate est\u00e1 montados sobre una torreta que gira 360\u00ba. Esto elimina la necesidad de controlar o compensar las torcidas del cable en las vueltas. El conductor no tiene que preocuparse de secuenciar los giros hacia la derecha y hacia la izquierda.<\/span><\/p>\n<p><img decoding=\"async\" class=\"alignnone size-full wp-image-6161\" src=\"https:\/\/telemet.com\/wp-content\/uploads\/2016\/08\/winch.40.jpg\" alt=\"winch.40\" width=\"940\" height=\"450\" srcset=\"https:\/\/telemet.com\/wp-content\/uploads\/2016\/08\/winch.40-200x96.jpg 200w, https:\/\/telemet.com\/wp-content\/uploads\/2016\/08\/winch.40-300x144.jpg 300w, https:\/\/telemet.com\/wp-content\/uploads\/2016\/08\/winch.40-400x191.jpg 400w, https:\/\/telemet.com\/wp-content\/uploads\/2016\/08\/winch.40-600x287.jpg 600w, https:\/\/telemet.com\/wp-content\/uploads\/2016\/08\/winch.40-768x368.jpg 768w, https:\/\/telemet.com\/wp-content\/uploads\/2016\/08\/winch.40-800x383.jpg 800w, https:\/\/telemet.com\/wp-content\/uploads\/2016\/08\/winch.40.jpg 940w\" sizes=\"(max-width: 940px) 100vw, 940px\" \/><\/p>\n<p>El control activo de la pluma, que es provisto en forma est\u00e1ndar, tambi\u00e9n asegura la \u00f3ptima conducci\u00f3n de la m\u00e1quina bajo condiciones dif\u00edciles de nieve. Los par\u00e1metros de conducci\u00f3n seleccionados pueden ser modificados para acomodarse a las condiciones de nieve y de la pendiente. El sistema de malacate con bajo desgaste y la larga durabilidad de los engranajes y de cojinetes le aseguran una utilidad\u00a0larga\u00a0y segura con bajos requerimientos de mantenimiento.<\/p>\n<h3>Alta seguridad garantizada<\/h3>\n<ul>\n<li>Sistema sofisticado de control para un \u00f3ptimo comportamiento de conducci\u00f3n<\/li>\n<li>Bomba de alta capacidad para el mando del malacate<\/li>\n<li>Control de tensi\u00f3n del cable variable en forma continua de \u00a00 a 4.0 ton<\/li>\n<li>Ajuste de fuerza de tiro individual<\/li>\n<li>Control autom\u00e1tico de enrollamiento parejo, alarma de fallas<\/li>\n<li>Monitoreo autom\u00e1tico del cable para la detecci\u00f3n temprana de roturas de hilos o hebras.<\/li>\n<li>Parada de emergencia sobre la columna de direcci\u00f3n<\/li>\n<li>Se\u00f1al de alarma cuando la pluma est\u00e1 inclinada<\/li>\n<li>Display permanente del largo de cable restante<\/li>\n<\/ul>\n<\/div><div class=\"fusion-clearfix\"><\/div><\/div><\/div><\/div><\/div>\n","protected":false},"excerpt":{"rendered":"","protected":false},"author":1,"featured_media":0,"parent":6261,"menu_order":24,"comment_status":"closed","ping_status":"closed","template":"side-navigation.php","meta":{"footnotes":""},"class_list":["post-6338","page","type-page","status-publish","hentry"],"yoast_head":"<!-- This site is optimized with the Yoast SEO plugin v26.2 - https:\/\/yoast.com\/wordpress\/plugins\/seo\/ -->\n<title>Malacate - Telemet<\/title>\n<meta name=\"robots\" content=\"index, follow, max-snippet:-1, max-image-preview:large, max-video-preview:-1\" \/>\n<link rel=\"canonical\" href=\"https:\/\/telemet.com\/es\/pistenbully\/winch\/\" \/>\n<meta property=\"og:locale\" content=\"es_ES\" \/>\n<meta property=\"og:type\" content=\"article\" \/>\n<meta property=\"og:title\" content=\"Malacate - Telemet\" \/>\n<meta property=\"og:url\" content=\"https:\/\/telemet.com\/es\/pistenbully\/winch\/\" \/>\n<meta property=\"og:site_name\" content=\"Telemet\" \/>\n<meta property=\"article:modified_time\" content=\"2017-04-24T20:43:49+00:00\" \/>\n<meta property=\"og:image\" content=\"https:\/\/telemet.com\/wp-content\/uploads\/2016\/08\/winch.45.jpg\" \/>\n<meta name=\"twitter:card\" content=\"summary_large_image\" \/>\n<meta name=\"twitter:label1\" content=\"Tiempo de lectura\" \/>\n\t<meta name=\"twitter:data1\" content=\"4 minutes\" \/>\n<script type=\"application\/ld+json\" class=\"yoast-schema-graph\">{\"@context\":\"https:\/\/schema.org\",\"@graph\":[{\"@type\":\"WebPage\",\"@id\":\"https:\/\/telemet.com\/es\/pistenbully\/winch\/\",\"url\":\"https:\/\/telemet.com\/es\/pistenbully\/winch\/\",\"name\":\"Malacate - Telemet\",\"isPartOf\":{\"@id\":\"https:\/\/telemet.com\/es\/#website\"},\"primaryImageOfPage\":{\"@id\":\"https:\/\/telemet.com\/es\/pistenbully\/winch\/#primaryimage\"},\"image\":{\"@id\":\"https:\/\/telemet.com\/es\/pistenbully\/winch\/#primaryimage\"},\"thumbnailUrl\":\"https:\/\/telemet.com\/wp-content\/uploads\/2016\/08\/winch.45.jpg\",\"datePublished\":\"2016-08-31T17:39:46+00:00\",\"dateModified\":\"2017-04-24T20:43:49+00:00\",\"breadcrumb\":{\"@id\":\"https:\/\/telemet.com\/es\/pistenbully\/winch\/#breadcrumb\"},\"inLanguage\":\"es-ES\",\"potentialAction\":[{\"@type\":\"ReadAction\",\"target\":[\"https:\/\/telemet.com\/es\/pistenbully\/winch\/\"]}]},{\"@type\":\"ImageObject\",\"inLanguage\":\"es-ES\",\"@id\":\"https:\/\/telemet.com\/es\/pistenbully\/winch\/#primaryimage\",\"url\":\"https:\/\/telemet.com\/wp-content\/uploads\/2016\/08\/winch.45.jpg\",\"contentUrl\":\"https:\/\/telemet.com\/wp-content\/uploads\/2016\/08\/winch.45.jpg\"},{\"@type\":\"BreadcrumbList\",\"@id\":\"https:\/\/telemet.com\/es\/pistenbully\/winch\/#breadcrumb\",\"itemListElement\":[{\"@type\":\"ListItem\",\"position\":1,\"name\":\"Home\",\"item\":\"https:\/\/telemet.com\/es\/\"},{\"@type\":\"ListItem\",\"position\":2,\"name\":\"PistenBully\",\"item\":\"https:\/\/telemet.com\/es\/pistenbully\/\"},{\"@type\":\"ListItem\",\"position\":3,\"name\":\"Malacate\"}]},{\"@type\":\"WebSite\",\"@id\":\"https:\/\/telemet.com\/es\/#website\",\"url\":\"https:\/\/telemet.com\/es\/\",\"name\":\"Telemet, Inc.\",\"description\":\"Efficiency through Simplicity\",\"potentialAction\":[{\"@type\":\"SearchAction\",\"target\":{\"@type\":\"EntryPoint\",\"urlTemplate\":\"https:\/\/telemet.com\/es\/?s={search_term_string}\"},\"query-input\":{\"@type\":\"PropertyValueSpecification\",\"valueRequired\":true,\"valueName\":\"search_term_string\"}}],\"inLanguage\":\"es-ES\"}]}<\/script>\n<!-- \/ Yoast SEO plugin. -->","yoast_head_json":{"title":"Malacate - Telemet","robots":{"index":"index","follow":"follow","max-snippet":"max-snippet:-1","max-image-preview":"max-image-preview:large","max-video-preview":"max-video-preview:-1"},"canonical":"https:\/\/telemet.com\/es\/pistenbully\/winch\/","og_locale":"es_ES","og_type":"article","og_title":"Malacate - Telemet","og_url":"https:\/\/telemet.com\/es\/pistenbully\/winch\/","og_site_name":"Telemet","article_modified_time":"2017-04-24T20:43:49+00:00","og_image":[{"url":"https:\/\/telemet.com\/wp-content\/uploads\/2016\/08\/winch.45.jpg","type":"","width":"","height":""}],"twitter_card":"summary_large_image","twitter_misc":{"Tiempo de lectura":"4 minutes"},"schema":{"@context":"https:\/\/schema.org","@graph":[{"@type":"WebPage","@id":"https:\/\/telemet.com\/es\/pistenbully\/winch\/","url":"https:\/\/telemet.com\/es\/pistenbully\/winch\/","name":"Malacate - Telemet","isPartOf":{"@id":"https:\/\/telemet.com\/es\/#website"},"primaryImageOfPage":{"@id":"https:\/\/telemet.com\/es\/pistenbully\/winch\/#primaryimage"},"image":{"@id":"https:\/\/telemet.com\/es\/pistenbully\/winch\/#primaryimage"},"thumbnailUrl":"https:\/\/telemet.com\/wp-content\/uploads\/2016\/08\/winch.45.jpg","datePublished":"2016-08-31T17:39:46+00:00","dateModified":"2017-04-24T20:43:49+00:00","breadcrumb":{"@id":"https:\/\/telemet.com\/es\/pistenbully\/winch\/#breadcrumb"},"inLanguage":"es-ES","potentialAction":[{"@type":"ReadAction","target":["https:\/\/telemet.com\/es\/pistenbully\/winch\/"]}]},{"@type":"ImageObject","inLanguage":"es-ES","@id":"https:\/\/telemet.com\/es\/pistenbully\/winch\/#primaryimage","url":"https:\/\/telemet.com\/wp-content\/uploads\/2016\/08\/winch.45.jpg","contentUrl":"https:\/\/telemet.com\/wp-content\/uploads\/2016\/08\/winch.45.jpg"},{"@type":"BreadcrumbList","@id":"https:\/\/telemet.com\/es\/pistenbully\/winch\/#breadcrumb","itemListElement":[{"@type":"ListItem","position":1,"name":"Home","item":"https:\/\/telemet.com\/es\/"},{"@type":"ListItem","position":2,"name":"PistenBully","item":"https:\/\/telemet.com\/es\/pistenbully\/"},{"@type":"ListItem","position":3,"name":"Malacate"}]},{"@type":"WebSite","@id":"https:\/\/telemet.com\/es\/#website","url":"https:\/\/telemet.com\/es\/","name":"Telemet, Inc.","description":"Efficiency through Simplicity","potentialAction":[{"@type":"SearchAction","target":{"@type":"EntryPoint","urlTemplate":"https:\/\/telemet.com\/es\/?s={search_term_string}"},"query-input":{"@type":"PropertyValueSpecification","valueRequired":true,"valueName":"search_term_string"}}],"inLanguage":"es-ES"}]}},"_links":{"self":[{"href":"https:\/\/telemet.com\/es\/wp-json\/wp\/v2\/pages\/6338","targetHints":{"allow":["GET"]}}],"collection":[{"href":"https:\/\/telemet.com\/es\/wp-json\/wp\/v2\/pages"}],"about":[{"href":"https:\/\/telemet.com\/es\/wp-json\/wp\/v2\/types\/page"}],"author":[{"embeddable":true,"href":"https:\/\/telemet.com\/es\/wp-json\/wp\/v2\/users\/1"}],"replies":[{"embeddable":true,"href":"https:\/\/telemet.com\/es\/wp-json\/wp\/v2\/comments?post=6338"}],"version-history":[{"count":3,"href":"https:\/\/telemet.com\/es\/wp-json\/wp\/v2\/pages\/6338\/revisions"}],"predecessor-version":[{"id":8374,"href":"https:\/\/telemet.com\/es\/wp-json\/wp\/v2\/pages\/6338\/revisions\/8374"}],"up":[{"embeddable":true,"href":"https:\/\/telemet.com\/es\/wp-json\/wp\/v2\/pages\/6261"}],"wp:attachment":[{"href":"https:\/\/telemet.com\/es\/wp-json\/wp\/v2\/media?parent=6338"}],"curies":[{"name":"wp","href":"https:\/\/api.w.org\/{rel}","templated":true}]}}