{"id":6341,"date":"2016-07-08T03:00:10","date_gmt":"2016-07-08T03:00:10","guid":{"rendered":"http:\/\/telemet.com\/meteorology\/consulting\/?lang=es"},"modified":"2017-04-24T20:44:15","modified_gmt":"2017-04-24T20:44:15","slug":"consulting","status":"publish","type":"page","link":"https:\/\/telemet.com\/es\/meteorology\/consulting\/","title":{"rendered":"Consultor\u00eda"},"content":{"rendered":"<div class=\"fusion-fullwidth fullwidth-box fusion-builder-row-1 nonhundred-percent-fullwidth non-hundred-percent-height-scrolling\" style=\"--awb-background-position:left top;--awb-border-radius-top-left:0px;--awb-border-radius-top-right:0px;--awb-border-radius-bottom-right:0px;--awb-border-radius-bottom-left:0px;--awb-padding-top:10px;--awb-padding-bottom:20px;--awb-border-sizes-top:0px;--awb-border-sizes-bottom:0px;--awb-flex-wrap:wrap;\" ><div class=\"fusion-builder-row fusion-row\"><div class=\"fusion-layout-column fusion_builder_column fusion-builder-column-0 fusion_builder_column_1_1 1_1 fusion-one-full fusion-column-first fusion-column-last fusion-column-no-min-height\" style=\"--awb-bg-size:cover;--awb-margin-top:0px;--awb-margin-bottom:0px;\"><div class=\"fusion-column-wrapper fusion-flex-column-wrapper-legacy\"><div class=\"fusion-title title fusion-title-1 fusion-sep-none fusion-title-text fusion-title-size-three\"><h3 class=\"fusion-title-heading title-heading-left fusion-responsive-typography-calculated\" style=\"margin:0;--fontSize:32;line-height:1.25;\">Cuando su organizaci\u00f3n requiere del mejor pron\u00f3stico meteorol\u00f3gico, sin importar que industria o actividad desarrolle, el servicio elite de AccuWeather by Telemet ofrece un numeroso grupo de meteor\u00f3logos extremadamente calificados, con conocimiento mundial insuperable en su campo&#8230;<\/h3><\/div><div class=\"fusion-sep-clear\"><\/div><div class=\"fusion-separator fusion-full-width-sep\" style=\"margin-left: auto;margin-right: auto;margin-top:20px;width:100%;\"><\/div><div class=\"fusion-sep-clear\"><\/div><div class=\"fusion-image-element in-legacy-container\" style=\"--awb-caption-title-font-family:var(--h2_typography-font-family);--awb-caption-title-font-weight:var(--h2_typography-font-weight);--awb-caption-title-font-style:var(--h2_typography-font-style);--awb-caption-title-size:var(--h2_typography-font-size);--awb-caption-title-transform:var(--h2_typography-text-transform);--awb-caption-title-line-height:var(--h2_typography-line-height);--awb-caption-title-letter-spacing:var(--h2_typography-letter-spacing);\"><span class=\" fusion-imageframe imageframe-none imageframe-1 hover-type-none\"><img decoding=\"async\" width=\"1500\" height=\"750\" title=\"aw-usa\" src=\"https:\/\/telemet.com\/wp-content\/uploads\/2016\/07\/aw-usa.jpg\" alt class=\"img-responsive wp-image-5739\" srcset=\"https:\/\/telemet.com\/wp-content\/uploads\/2016\/07\/aw-usa-200x100.jpg 200w, https:\/\/telemet.com\/wp-content\/uploads\/2016\/07\/aw-usa-400x200.jpg 400w, https:\/\/telemet.com\/wp-content\/uploads\/2016\/07\/aw-usa-600x300.jpg 600w, https:\/\/telemet.com\/wp-content\/uploads\/2016\/07\/aw-usa-800x400.jpg 800w, https:\/\/telemet.com\/wp-content\/uploads\/2016\/07\/aw-usa-1200x600.jpg 1200w, https:\/\/telemet.com\/wp-content\/uploads\/2016\/07\/aw-usa.jpg 1500w\" sizes=\"(max-width: 800px) 100vw, 1200px\" \/><\/span><\/div><div class=\"fusion-sep-clear\"><\/div><div class=\"fusion-separator fusion-full-width-sep\" style=\"margin-left: auto;margin-right: auto;margin-top:20px;width:100%;\"><\/div><div class=\"fusion-sep-clear\"><\/div><div class=\"fusion-text fusion-text-1\"><p>\u00bfNecesita un pron\u00f3stico de advertencia por nieve para un \u00e1rea espec\u00edfica? \u00bfUn show de tiempo para su estaci\u00f3n televisiva o un informe detallado Hora-por-Hora\u2122 para manejo de Utilidades? \u00a0\u00bfEres el l\u00edder de un equipo de carreras de autos y necesitas saber exactamente qu\u00e9 pasar\u00e1 en la pista el pr\u00f3ximo fin de semana&#8230;en Malasia?<\/p>\n<p>Nosotros tenemos un servicio especialmente dise\u00f1ado para usted. \u00a1\u00a1Cualquier lugar del mundo, las 24 horas del d\u00eda, 7 d\u00edas a la semana!<\/p>\n<p>Env\u00edenos un correo electr\u00f3nico detallando sus necesidades y nuestros representantes se contactar\u00e1n con usted para presentarle las opciones disponibles.<\/p>\n<\/div><div class=\"fusion-clearfix\"><\/div><\/div><\/div><\/div><\/div>\n","protected":false},"excerpt":{"rendered":"","protected":false},"author":1,"featured_media":0,"parent":6177,"menu_order":3,"comment_status":"closed","ping_status":"closed","template":"side-navigation.php","meta":{"footnotes":""},"class_list":["post-6341","page","type-page","status-publish","hentry"],"yoast_head":"<!-- This site is optimized with the Yoast SEO plugin v26.2 - https:\/\/yoast.com\/wordpress\/plugins\/seo\/ -->\n<title>Consultor\u00eda - Telemet<\/title>\n<meta name=\"robots\" content=\"index, follow, max-snippet:-1, max-image-preview:large, max-video-preview:-1\" \/>\n<link rel=\"canonical\" href=\"https:\/\/telemet.com\/es\/meteorology\/consulting\/\" \/>\n<meta property=\"og:locale\" content=\"es_ES\" \/>\n<meta property=\"og:type\" content=\"article\" \/>\n<meta property=\"og:title\" content=\"Consultor\u00eda - Telemet\" \/>\n<meta property=\"og:url\" content=\"https:\/\/telemet.com\/es\/meteorology\/consulting\/\" \/>\n<meta property=\"og:site_name\" content=\"Telemet\" \/>\n<meta property=\"article:modified_time\" content=\"2017-04-24T20:44:15+00:00\" \/>\n<meta property=\"og:image\" content=\"https:\/\/telemet.com\/wp-content\/uploads\/2016\/07\/aw-usa.jpg\" \/>\n<meta name=\"twitter:card\" content=\"summary_large_image\" \/>\n<meta name=\"twitter:label1\" content=\"Tiempo de lectura\" \/>\n\t<meta name=\"twitter:data1\" content=\"2 minutes\" \/>\n<script type=\"application\/ld+json\" class=\"yoast-schema-graph\">{\"@context\":\"https:\/\/schema.org\",\"@graph\":[{\"@type\":\"WebPage\",\"@id\":\"https:\/\/telemet.com\/es\/meteorology\/consulting\/\",\"url\":\"https:\/\/telemet.com\/es\/meteorology\/consulting\/\",\"name\":\"Consultor\u00eda - Telemet\",\"isPartOf\":{\"@id\":\"https:\/\/telemet.com\/es\/#website\"},\"primaryImageOfPage\":{\"@id\":\"https:\/\/telemet.com\/es\/meteorology\/consulting\/#primaryimage\"},\"image\":{\"@id\":\"https:\/\/telemet.com\/es\/meteorology\/consulting\/#primaryimage\"},\"thumbnailUrl\":\"https:\/\/telemet.com\/wp-content\/uploads\/2016\/07\/aw-usa.jpg\",\"datePublished\":\"2016-07-08T03:00:10+00:00\",\"dateModified\":\"2017-04-24T20:44:15+00:00\",\"breadcrumb\":{\"@id\":\"https:\/\/telemet.com\/es\/meteorology\/consulting\/#breadcrumb\"},\"inLanguage\":\"es-ES\",\"potentialAction\":[{\"@type\":\"ReadAction\",\"target\":[\"https:\/\/telemet.com\/es\/meteorology\/consulting\/\"]}]},{\"@type\":\"ImageObject\",\"inLanguage\":\"es-ES\",\"@id\":\"https:\/\/telemet.com\/es\/meteorology\/consulting\/#primaryimage\",\"url\":\"https:\/\/telemet.com\/wp-content\/uploads\/2016\/07\/aw-usa.jpg\",\"contentUrl\":\"https:\/\/telemet.com\/wp-content\/uploads\/2016\/07\/aw-usa.jpg\"},{\"@type\":\"BreadcrumbList\",\"@id\":\"https:\/\/telemet.com\/es\/meteorology\/consulting\/#breadcrumb\",\"itemListElement\":[{\"@type\":\"ListItem\",\"position\":1,\"name\":\"Home\",\"item\":\"https:\/\/telemet.com\/es\/\"},{\"@type\":\"ListItem\",\"position\":2,\"name\":\"Meteorolog\u00eda\",\"item\":\"https:\/\/telemet.com\/es\/meteorology\/\"},{\"@type\":\"ListItem\",\"position\":3,\"name\":\"Consultor\u00eda\"}]},{\"@type\":\"WebSite\",\"@id\":\"https:\/\/telemet.com\/es\/#website\",\"url\":\"https:\/\/telemet.com\/es\/\",\"name\":\"Telemet, Inc.\",\"description\":\"Efficiency through Simplicity\",\"potentialAction\":[{\"@type\":\"SearchAction\",\"target\":{\"@type\":\"EntryPoint\",\"urlTemplate\":\"https:\/\/telemet.com\/es\/?s={search_term_string}\"},\"query-input\":{\"@type\":\"PropertyValueSpecification\",\"valueRequired\":true,\"valueName\":\"search_term_string\"}}],\"inLanguage\":\"es-ES\"}]}<\/script>\n<!-- \/ Yoast SEO plugin. -->","yoast_head_json":{"title":"Consultor\u00eda - Telemet","robots":{"index":"index","follow":"follow","max-snippet":"max-snippet:-1","max-image-preview":"max-image-preview:large","max-video-preview":"max-video-preview:-1"},"canonical":"https:\/\/telemet.com\/es\/meteorology\/consulting\/","og_locale":"es_ES","og_type":"article","og_title":"Consultor\u00eda - Telemet","og_url":"https:\/\/telemet.com\/es\/meteorology\/consulting\/","og_site_name":"Telemet","article_modified_time":"2017-04-24T20:44:15+00:00","og_image":[{"url":"https:\/\/telemet.com\/wp-content\/uploads\/2016\/07\/aw-usa.jpg","type":"","width":"","height":""}],"twitter_card":"summary_large_image","twitter_misc":{"Tiempo de lectura":"2 minutes"},"schema":{"@context":"https:\/\/schema.org","@graph":[{"@type":"WebPage","@id":"https:\/\/telemet.com\/es\/meteorology\/consulting\/","url":"https:\/\/telemet.com\/es\/meteorology\/consulting\/","name":"Consultor\u00eda - Telemet","isPartOf":{"@id":"https:\/\/telemet.com\/es\/#website"},"primaryImageOfPage":{"@id":"https:\/\/telemet.com\/es\/meteorology\/consulting\/#primaryimage"},"image":{"@id":"https:\/\/telemet.com\/es\/meteorology\/consulting\/#primaryimage"},"thumbnailUrl":"https:\/\/telemet.com\/wp-content\/uploads\/2016\/07\/aw-usa.jpg","datePublished":"2016-07-08T03:00:10+00:00","dateModified":"2017-04-24T20:44:15+00:00","breadcrumb":{"@id":"https:\/\/telemet.com\/es\/meteorology\/consulting\/#breadcrumb"},"inLanguage":"es-ES","potentialAction":[{"@type":"ReadAction","target":["https:\/\/telemet.com\/es\/meteorology\/consulting\/"]}]},{"@type":"ImageObject","inLanguage":"es-ES","@id":"https:\/\/telemet.com\/es\/meteorology\/consulting\/#primaryimage","url":"https:\/\/telemet.com\/wp-content\/uploads\/2016\/07\/aw-usa.jpg","contentUrl":"https:\/\/telemet.com\/wp-content\/uploads\/2016\/07\/aw-usa.jpg"},{"@type":"BreadcrumbList","@id":"https:\/\/telemet.com\/es\/meteorology\/consulting\/#breadcrumb","itemListElement":[{"@type":"ListItem","position":1,"name":"Home","item":"https:\/\/telemet.com\/es\/"},{"@type":"ListItem","position":2,"name":"Meteorolog\u00eda","item":"https:\/\/telemet.com\/es\/meteorology\/"},{"@type":"ListItem","position":3,"name":"Consultor\u00eda"}]},{"@type":"WebSite","@id":"https:\/\/telemet.com\/es\/#website","url":"https:\/\/telemet.com\/es\/","name":"Telemet, Inc.","description":"Efficiency through Simplicity","potentialAction":[{"@type":"SearchAction","target":{"@type":"EntryPoint","urlTemplate":"https:\/\/telemet.com\/es\/?s={search_term_string}"},"query-input":{"@type":"PropertyValueSpecification","valueRequired":true,"valueName":"search_term_string"}}],"inLanguage":"es-ES"}]}},"_links":{"self":[{"href":"https:\/\/telemet.com\/es\/wp-json\/wp\/v2\/pages\/6341","targetHints":{"allow":["GET"]}}],"collection":[{"href":"https:\/\/telemet.com\/es\/wp-json\/wp\/v2\/pages"}],"about":[{"href":"https:\/\/telemet.com\/es\/wp-json\/wp\/v2\/types\/page"}],"author":[{"embeddable":true,"href":"https:\/\/telemet.com\/es\/wp-json\/wp\/v2\/users\/1"}],"replies":[{"embeddable":true,"href":"https:\/\/telemet.com\/es\/wp-json\/wp\/v2\/comments?post=6341"}],"version-history":[{"count":5,"href":"https:\/\/telemet.com\/es\/wp-json\/wp\/v2\/pages\/6341\/revisions"}],"predecessor-version":[{"id":8571,"href":"https:\/\/telemet.com\/es\/wp-json\/wp\/v2\/pages\/6341\/revisions\/8571"}],"up":[{"embeddable":true,"href":"https:\/\/telemet.com\/es\/wp-json\/wp\/v2\/pages\/6177"}],"wp:attachment":[{"href":"https:\/\/telemet.com\/es\/wp-json\/wp\/v2\/media?parent=6341"}],"curies":[{"name":"wp","href":"https:\/\/api.w.org\/{rel}","templated":true}]}}