{"id":6346,"date":"2016-07-19T16:54:12","date_gmt":"2016-07-19T16:54:12","guid":{"rendered":"http:\/\/telemet.com\/meteorology\/contents\/?lang=es"},"modified":"2017-04-24T20:44:10","modified_gmt":"2017-04-24T20:44:10","slug":"contents","status":"publish","type":"page","link":"https:\/\/telemet.com\/es\/meteorology\/contents\/","title":{"rendered":"Contenido"},"content":{"rendered":"<div class=\"fusion-fullwidth fullwidth-box fusion-builder-row-1 hundred-percent-fullwidth non-hundred-percent-height-scrolling\" style=\"--awb-border-radius-top-left:0px;--awb-border-radius-top-right:0px;--awb-border-radius-bottom-right:0px;--awb-border-radius-bottom-left:0px;--awb-overflow:visible;--awb-flex-wrap:wrap;\" ><div class=\"fusion-builder-row fusion-row\"><div class=\"fusion-layout-column fusion_builder_column fusion-builder-column-0 fusion_builder_column_1_1 1_1 fusion-one-full fusion-column-first fusion-column-last fusion-column-no-min-height\" style=\"--awb-bg-size:cover;--awb-margin-top:0px;--awb-margin-bottom:0px;\"><div class=\"fusion-column-wrapper fusion-flex-column-wrapper-legacy\"><div class=\"fusion-text fusion-text-1\"><h3>La divisi\u00f3n Contenido de Telemet, crea contenido de alta calidad, con dedicaci\u00f3n, compromiso y disciplina, maximizando nuestros amplios conocimientos.<\/h3>\n<\/div><div class=\"fusion-sep-clear\"><\/div><div class=\"fusion-separator fusion-full-width-sep\" style=\"margin-left: auto;margin-right: auto;margin-bottom:30px;width:100%;\"><div class=\"fusion-separator-border sep-single sep-dotted\" style=\"--awb-height:20px;--awb-amount:20px;border-color:#dbe2ea;border-top-width:1px;\"><\/div><\/div><div class=\"fusion-sep-clear\"><\/div><div class=\"fusion-clearfix\"><\/div><\/div><\/div><div class=\"fusion-layout-column fusion_builder_column fusion-builder-column-1 fusion_builder_column_1_2 1_2 fusion-one-half fusion-column-first\" style=\"--awb-bg-size:cover;width:48%; margin-right: 4%;\"><div class=\"fusion-column-wrapper fusion-flex-column-wrapper-legacy\"><div class=\"fusion-title title fusion-title-1 fusion-sep-none fusion-title-center fusion-title-text fusion-title-size-three\"><h3 class=\"fusion-title-heading title-heading-center fusion-responsive-typography-calculated\" style=\"margin:0;--fontSize:32;line-height:1.25;\"><strong>AccuWeather\u00aeGlobal\u2122<\/strong><\/h3><\/div><div class=\"fusion-video fusion-vimeo\" style=\"--awb-max-width:600px;--awb-max-height:350px;\"><div class=\"video-shortcode\"><div class=\"fluid-width-video-wrapper\" style=\"padding-top:58.33%;\" ><iframe title=\"Vimeo video player 1\" src=\"https:\/\/player.vimeo.com\/video\/32629336?autoplay=0&amp;autopause=0\" width=\"600\" height=\"350\" allowfullscreen allow=\"autoplay; fullscreen\"><\/iframe><\/div><\/div><\/div><div class=\"fusion-sep-clear\"><\/div><div class=\"fusion-separator fusion-full-width-sep\" style=\"margin-left: auto;margin-right: auto;margin-top:20px;width:100%;\"><\/div><div class=\"fusion-sep-clear\"><\/div><div class=\"fusion-text fusion-text-2\"><p>R\u00e1pido, Econ\u00f3mico y Automatizado, la manera m\u00e1s simple de obtener data meteorol\u00f3gica de AccuWeather\u00ae.<\/p>\n<p><strong>\u00a1Recibe tus datos en minutos con tan solo unos pocos clicks!\u00a0<\/strong><\/p>\n<\/div><div class=\"fusion-align-block\"><a class=\"fusion-button button-flat button-medium button-default fusion-button-default button-1 fusion-button-span-yes \" target=\"_blank\" rel=\"noopener noreferrer\" href=\"http:\/\/www.accuweatherglobal.com\/demo.php\"><i class=\" fa fa-check awb-button__icon awb-button__icon--default button-icon-left\" aria-hidden=\"true\"><\/i><span class=\"fusion-button-text awb-button__text awb-button__text--default\">\u00a1Pru\u00e9belo!<\/span><\/a><\/div><div class=\"fusion-clearfix\"><\/div><\/div><\/div><div class=\"fusion-layout-column fusion_builder_column fusion-builder-column-2 fusion_builder_column_1_2 1_2 fusion-one-half fusion-column-last\" style=\"--awb-bg-size:cover;width:48%;\"><div class=\"fusion-column-wrapper fusion-flex-column-wrapper-legacy\"><div class=\"fusion-title title fusion-title-2 fusion-sep-none fusion-title-center fusion-title-text fusion-title-size-three\"><h3 class=\"fusion-title-heading title-heading-center fusion-responsive-typography-calculated\" style=\"margin:0;--fontSize:32;line-height:1.25;\"><strong>WeatherCyclopedia\u2122<\/strong><\/h3><\/div><div class=\"fusion-image-carousel fusion-image-carousel-auto fusion-image-carousel-1\"><div class=\"awb-carousel awb-swiper awb-swiper-carousel awb-carousel--carousel awb-swiper-dots-position-bottom\" data-layout=\"carousel\" data-autoplay=\"yes\" data-autoplayspeed=\"2500\" data-autoplaypause=\"no\" data-columns=\"2\" data-columnsmedium=\"1\" data-columnssmall=\"1\" data-itemmargin=\"13\" data-itemwidth=\"180\" data-touchscroll=\"no\" data-freemode=\"no\" data-imagesize=\"auto\" data-scrollitems=\"1\" data-centeredslides=\"no\" data-rotationangle=\"50\" data-depth=\"100\" data-speed=\"500\" data-shadow=\"no\" data-pagination=\"bullets\" style=\"--awb-columns:2;\"><div class=\"swiper-wrapper awb-image-carousel-wrapper fusion-flex-align-items-center\"><div class=\"swiper-slide\"><div class=\"fusion-carousel-item-wrapper\"><div class=\"fusion-image-wrapper hover-type-none\"><img decoding=\"async\" src=\"http:\/\/testus.telemet.com\/wp-content\/uploads\/2016\/05\/screen320x480.jpeg\" alt=\"\"\/><\/div><\/div><\/div><div class=\"swiper-slide\"><div class=\"fusion-carousel-item-wrapper\"><div class=\"fusion-image-wrapper hover-type-none\"><img decoding=\"async\" src=\"http:\/\/testus.telemet.com\/wp-content\/uploads\/2016\/05\/screen320x480-4.jpeg\" alt=\"\"\/><\/div><\/div><\/div><div class=\"swiper-slide\"><div class=\"fusion-carousel-item-wrapper\"><div class=\"fusion-image-wrapper hover-type-none\"><img decoding=\"async\" src=\"http:\/\/testus.telemet.com\/wp-content\/uploads\/2016\/05\/screen320x480-3.jpeg\" alt=\"\"\/><\/div><\/div><\/div><div class=\"swiper-slide\"><div class=\"fusion-carousel-item-wrapper\"><div class=\"fusion-image-wrapper hover-type-none\"><img decoding=\"async\" src=\"http:\/\/testus.telemet.com\/wp-content\/uploads\/2016\/05\/screen320x480-2.jpeg\" alt=\"\"\/><\/div><\/div><\/div><div class=\"swiper-slide\"><div class=\"fusion-carousel-item-wrapper\"><div class=\"fusion-image-wrapper hover-type-none\"><img decoding=\"async\" src=\"http:\/\/testus.telemet.com\/wp-content\/uploads\/2016\/05\/screen320x480-1.jpeg\" alt=\"\"\/><\/div><\/div><\/div><\/div><\/div><\/div><div class=\"fusion-text fusion-text-3\"><p>El clima est\u00e1 en la primera plana de nuestras noticias diarias \u2013 \u00a1sepa de lo que est\u00e1n hablando!.<\/p>\n<p>Hemos creado AccuWeather.com\u00ae WeatherCyclopedia\u2122, la Enciclopedia Meteorol\u00f3gica M\u00e1s Extensa Bajo el Sol.<\/p>\n<p>Todo lo que siempre has querido saber sobre conceptos y terminolog\u00eda meteorol\u00f3gica ahora est\u00e1 al alcance de tus dedos.<\/p>\n<\/div><div class=\"fusion-align-block\"><a class=\"fusion-button button-flat button-medium button-default fusion-button-default button-2 fusion-button-span-yes \" target=\"_blank\" rel=\"noopener noreferrer\" href=\"http:\/\/www.weathercyclopedia.com\/platforms\/\"><i class=\" fa fa-check awb-button__icon awb-button__icon--default button-icon-left\" aria-hidden=\"true\"><\/i><span class=\"fusion-button-text awb-button__text awb-button__text--default\">Visite la Web<\/span><\/a><\/div><div class=\"fusion-sep-clear\"><\/div><div class=\"fusion-separator fusion-full-width-sep\" style=\"margin-left: auto;margin-right: auto;margin-top:20px;width:100%;\"><\/div><div class=\"fusion-sep-clear\"><\/div><div class=\"fusion-image-element fusion-image-align-center in-legacy-container\" style=\"text-align:center;--awb-caption-title-font-family:var(--h2_typography-font-family);--awb-caption-title-font-weight:var(--h2_typography-font-weight);--awb-caption-title-font-style:var(--h2_typography-font-style);--awb-caption-title-size:var(--h2_typography-font-size);--awb-caption-title-transform:var(--h2_typography-text-transform);--awb-caption-title-line-height:var(--h2_typography-line-height);--awb-caption-title-letter-spacing:var(--h2_typography-letter-spacing);\"><div class=\"imageframe-align-center\"><span class=\" fusion-imageframe imageframe-none imageframe-1 hover-type-none\"><a class=\"fusion-no-lightbox\" href=\"http:\/\/itunes.apple.com\/us\/app\/accuweather-com-weathercyclopedia\/id305728705?mt=8\" target=\"_blank\" rel=\"noopener noreferrer\"><img decoding=\"async\" src=\"http:\/\/testus.telemet.com\/wp-content\/uploads\/2016\/05\/AppStoreUS.png\" alt class=\"img-responsive\"\/><\/a><\/span><\/div><\/div><div class=\"fusion-clearfix\"><\/div><\/div><\/div><\/div><\/div>\n","protected":false},"excerpt":{"rendered":"","protected":false},"author":1,"featured_media":0,"parent":6177,"menu_order":4,"comment_status":"closed","ping_status":"closed","template":"side-navigation.php","meta":{"footnotes":""},"class_list":["post-6346","page","type-page","status-publish","hentry"],"yoast_head":"<!-- This site is optimized with the Yoast SEO plugin v26.2 - https:\/\/yoast.com\/wordpress\/plugins\/seo\/ -->\n<title>Contenido - Telemet<\/title>\n<meta name=\"robots\" content=\"index, follow, max-snippet:-1, max-image-preview:large, max-video-preview:-1\" \/>\n<link rel=\"canonical\" href=\"https:\/\/telemet.com\/es\/meteorology\/contents\/\" \/>\n<meta property=\"og:locale\" content=\"es_ES\" \/>\n<meta property=\"og:type\" content=\"article\" \/>\n<meta property=\"og:title\" content=\"Contenido - Telemet\" \/>\n<meta property=\"og:url\" content=\"https:\/\/telemet.com\/es\/meteorology\/contents\/\" \/>\n<meta property=\"og:site_name\" content=\"Telemet\" \/>\n<meta property=\"article:modified_time\" content=\"2017-04-24T20:44:10+00:00\" \/>\n<meta property=\"og:image\" content=\"http:\/\/testus.telemet.com\/wp-content\/uploads\/2016\/05\/AppStoreUS.png\" \/>\n<meta name=\"twitter:card\" content=\"summary_large_image\" \/>\n<meta name=\"twitter:label1\" content=\"Tiempo de lectura\" \/>\n\t<meta name=\"twitter:data1\" content=\"4 minutes\" \/>\n<script type=\"application\/ld+json\" class=\"yoast-schema-graph\">{\"@context\":\"https:\/\/schema.org\",\"@graph\":[{\"@type\":\"WebPage\",\"@id\":\"https:\/\/telemet.com\/es\/meteorology\/contents\/\",\"url\":\"https:\/\/telemet.com\/es\/meteorology\/contents\/\",\"name\":\"Contenido - Telemet\",\"isPartOf\":{\"@id\":\"https:\/\/telemet.com\/es\/#website\"},\"primaryImageOfPage\":{\"@id\":\"https:\/\/telemet.com\/es\/meteorology\/contents\/#primaryimage\"},\"image\":{\"@id\":\"https:\/\/telemet.com\/es\/meteorology\/contents\/#primaryimage\"},\"thumbnailUrl\":\"http:\/\/testus.telemet.com\/wp-content\/uploads\/2016\/05\/AppStoreUS.png\",\"datePublished\":\"2016-07-19T16:54:12+00:00\",\"dateModified\":\"2017-04-24T20:44:10+00:00\",\"breadcrumb\":{\"@id\":\"https:\/\/telemet.com\/es\/meteorology\/contents\/#breadcrumb\"},\"inLanguage\":\"es-ES\",\"potentialAction\":[{\"@type\":\"ReadAction\",\"target\":[\"https:\/\/telemet.com\/es\/meteorology\/contents\/\"]}]},{\"@type\":\"ImageObject\",\"inLanguage\":\"es-ES\",\"@id\":\"https:\/\/telemet.com\/es\/meteorology\/contents\/#primaryimage\",\"url\":\"http:\/\/testus.telemet.com\/wp-content\/uploads\/2016\/05\/AppStoreUS.png\",\"contentUrl\":\"http:\/\/testus.telemet.com\/wp-content\/uploads\/2016\/05\/AppStoreUS.png\"},{\"@type\":\"BreadcrumbList\",\"@id\":\"https:\/\/telemet.com\/es\/meteorology\/contents\/#breadcrumb\",\"itemListElement\":[{\"@type\":\"ListItem\",\"position\":1,\"name\":\"Home\",\"item\":\"https:\/\/telemet.com\/es\/\"},{\"@type\":\"ListItem\",\"position\":2,\"name\":\"Meteorolog\u00eda\",\"item\":\"https:\/\/telemet.com\/es\/meteorology\/\"},{\"@type\":\"ListItem\",\"position\":3,\"name\":\"Contenido\"}]},{\"@type\":\"WebSite\",\"@id\":\"https:\/\/telemet.com\/es\/#website\",\"url\":\"https:\/\/telemet.com\/es\/\",\"name\":\"Telemet, Inc.\",\"description\":\"Efficiency through Simplicity\",\"potentialAction\":[{\"@type\":\"SearchAction\",\"target\":{\"@type\":\"EntryPoint\",\"urlTemplate\":\"https:\/\/telemet.com\/es\/?s={search_term_string}\"},\"query-input\":{\"@type\":\"PropertyValueSpecification\",\"valueRequired\":true,\"valueName\":\"search_term_string\"}}],\"inLanguage\":\"es-ES\"}]}<\/script>\n<!-- \/ Yoast SEO plugin. -->","yoast_head_json":{"title":"Contenido - Telemet","robots":{"index":"index","follow":"follow","max-snippet":"max-snippet:-1","max-image-preview":"max-image-preview:large","max-video-preview":"max-video-preview:-1"},"canonical":"https:\/\/telemet.com\/es\/meteorology\/contents\/","og_locale":"es_ES","og_type":"article","og_title":"Contenido - Telemet","og_url":"https:\/\/telemet.com\/es\/meteorology\/contents\/","og_site_name":"Telemet","article_modified_time":"2017-04-24T20:44:10+00:00","og_image":[{"url":"http:\/\/testus.telemet.com\/wp-content\/uploads\/2016\/05\/AppStoreUS.png","type":"","width":"","height":""}],"twitter_card":"summary_large_image","twitter_misc":{"Tiempo de lectura":"4 minutes"},"schema":{"@context":"https:\/\/schema.org","@graph":[{"@type":"WebPage","@id":"https:\/\/telemet.com\/es\/meteorology\/contents\/","url":"https:\/\/telemet.com\/es\/meteorology\/contents\/","name":"Contenido - Telemet","isPartOf":{"@id":"https:\/\/telemet.com\/es\/#website"},"primaryImageOfPage":{"@id":"https:\/\/telemet.com\/es\/meteorology\/contents\/#primaryimage"},"image":{"@id":"https:\/\/telemet.com\/es\/meteorology\/contents\/#primaryimage"},"thumbnailUrl":"http:\/\/testus.telemet.com\/wp-content\/uploads\/2016\/05\/AppStoreUS.png","datePublished":"2016-07-19T16:54:12+00:00","dateModified":"2017-04-24T20:44:10+00:00","breadcrumb":{"@id":"https:\/\/telemet.com\/es\/meteorology\/contents\/#breadcrumb"},"inLanguage":"es-ES","potentialAction":[{"@type":"ReadAction","target":["https:\/\/telemet.com\/es\/meteorology\/contents\/"]}]},{"@type":"ImageObject","inLanguage":"es-ES","@id":"https:\/\/telemet.com\/es\/meteorology\/contents\/#primaryimage","url":"http:\/\/testus.telemet.com\/wp-content\/uploads\/2016\/05\/AppStoreUS.png","contentUrl":"http:\/\/testus.telemet.com\/wp-content\/uploads\/2016\/05\/AppStoreUS.png"},{"@type":"BreadcrumbList","@id":"https:\/\/telemet.com\/es\/meteorology\/contents\/#breadcrumb","itemListElement":[{"@type":"ListItem","position":1,"name":"Home","item":"https:\/\/telemet.com\/es\/"},{"@type":"ListItem","position":2,"name":"Meteorolog\u00eda","item":"https:\/\/telemet.com\/es\/meteorology\/"},{"@type":"ListItem","position":3,"name":"Contenido"}]},{"@type":"WebSite","@id":"https:\/\/telemet.com\/es\/#website","url":"https:\/\/telemet.com\/es\/","name":"Telemet, Inc.","description":"Efficiency through Simplicity","potentialAction":[{"@type":"SearchAction","target":{"@type":"EntryPoint","urlTemplate":"https:\/\/telemet.com\/es\/?s={search_term_string}"},"query-input":{"@type":"PropertyValueSpecification","valueRequired":true,"valueName":"search_term_string"}}],"inLanguage":"es-ES"}]}},"_links":{"self":[{"href":"https:\/\/telemet.com\/es\/wp-json\/wp\/v2\/pages\/6346","targetHints":{"allow":["GET"]}}],"collection":[{"href":"https:\/\/telemet.com\/es\/wp-json\/wp\/v2\/pages"}],"about":[{"href":"https:\/\/telemet.com\/es\/wp-json\/wp\/v2\/types\/page"}],"author":[{"embeddable":true,"href":"https:\/\/telemet.com\/es\/wp-json\/wp\/v2\/users\/1"}],"replies":[{"embeddable":true,"href":"https:\/\/telemet.com\/es\/wp-json\/wp\/v2\/comments?post=6346"}],"version-history":[{"count":5,"href":"https:\/\/telemet.com\/es\/wp-json\/wp\/v2\/pages\/6346\/revisions"}],"predecessor-version":[{"id":8545,"href":"https:\/\/telemet.com\/es\/wp-json\/wp\/v2\/pages\/6346\/revisions\/8545"}],"up":[{"embeddable":true,"href":"https:\/\/telemet.com\/es\/wp-json\/wp\/v2\/pages\/6177"}],"wp:attachment":[{"href":"https:\/\/telemet.com\/es\/wp-json\/wp\/v2\/media?parent=6346"}],"curies":[{"name":"wp","href":"https:\/\/api.w.org\/{rel}","templated":true}]}}