{"id":6354,"date":"2016-07-29T21:34:57","date_gmt":"2016-07-29T21:34:43","guid":{"rendered":"http:\/\/telemet.com\/ash-group\/de-icing-2\/?lang=es"},"modified":"2023-08-18T13:40:52","modified_gmt":"2023-08-18T13:40:52","slug":"de-icing-2","status":"publish","type":"page","link":"https:\/\/telemet.com\/es\/ash-group\/de-icing-2\/","title":{"rendered":"Aebi-Schmidt Deshielo"},"content":{"rendered":"<div class=\"fusion-fullwidth fullwidth-box fusion-builder-row-1 nonhundred-percent-fullwidth non-hundred-percent-height-scrolling\" style=\"--awb-background-position:left top;--awb-border-radius-top-left:0px;--awb-border-radius-top-right:0px;--awb-border-radius-bottom-right:0px;--awb-border-radius-bottom-left:0px;--awb-padding-top:0px;--awb-padding-bottom:20px;--awb-border-sizes-top:0px;--awb-border-sizes-bottom:0px;--awb-flex-wrap:wrap;\" ><div class=\"fusion-builder-row fusion-row\"><div class=\"fusion-layout-column fusion_builder_column fusion-builder-column-0 fusion_builder_column_1_1 1_1 fusion-one-full fusion-column-first fusion-column-last fusion-column-no-min-height\" style=\"--awb-bg-size:cover;--awb-margin-top:0px;--awb-margin-bottom:0px;\"><div class=\"fusion-column-wrapper fusion-flex-column-wrapper-legacy\"><div class=\"fusion-image-element fusion-image-align-center in-legacy-container\" style=\"text-align:center;--awb-caption-title-font-family:var(--h2_typography-font-family);--awb-caption-title-font-weight:var(--h2_typography-font-weight);--awb-caption-title-font-style:var(--h2_typography-font-style);--awb-caption-title-size:var(--h2_typography-font-size);--awb-caption-title-transform:var(--h2_typography-text-transform);--awb-caption-title-line-height:var(--h2_typography-line-height);--awb-caption-title-letter-spacing:var(--h2_typography-letter-spacing);\"><div class=\"imageframe-align-center\"><span class=\" fusion-imageframe imageframe-none imageframe-1 hover-type-none\"><img decoding=\"async\" width=\"1181\" height=\"787\" title=\"sratosxl2\" src=\"https:\/\/telemet.com\/wp-content\/uploads\/2016\/07\/sratosxl2.jpg\" alt class=\"img-responsive wp-image-2483\" srcset=\"https:\/\/telemet.com\/wp-content\/uploads\/2016\/07\/sratosxl2-200x133.jpg 200w, https:\/\/telemet.com\/wp-content\/uploads\/2016\/07\/sratosxl2-400x267.jpg 400w, https:\/\/telemet.com\/wp-content\/uploads\/2016\/07\/sratosxl2-600x400.jpg 600w, https:\/\/telemet.com\/wp-content\/uploads\/2016\/07\/sratosxl2-800x533.jpg 800w, https:\/\/telemet.com\/wp-content\/uploads\/2016\/07\/sratosxl2.jpg 1181w\" sizes=\"(max-width: 800px) 100vw, 1181px\" \/><\/span><\/div><\/div><div class=\"fusion-sep-clear\"><\/div><div class=\"fusion-separator fusion-full-width-sep\" style=\"margin-left: auto;margin-right: auto;margin-top:20px;width:100%;\"><\/div><div class=\"fusion-sep-clear\"><\/div><div class=\"fusion-text fusion-text-1\"><h2>Esparcidores<\/h2>\n<p>El grupo SCHMIDT, con actividades en todo el mundo a trav\u00e9s de una vasta red de servicios internacionales, ofrece soluciones a medida para todas las operaciones de deshielo. El objetivo de los innovadores esparcidores con silo y su sistema de control electr\u00f3nico, es proporcionar una dosificaci\u00f3n y distribuci\u00f3n extremadamente precisa de los materiales a esparcir.<br \/>\nSu construcci\u00f3n modular hace posible una variada combinaci\u00f3n de componentes que se necesiten individualmente para cada operaci\u00f3n. Elementos de acero inoxidable y pl\u00e1stico de alta calidad garantizan una larga vida -criterio importante en caso de reventa. Hay un esparcidor de SCHIMDT para cada veh\u00edculo transportador y aun si se cambiara el veh\u00edculo, en muchos casos puede readaptarse sin dificultades.<\/p>\n<\/div><div class=\"fusion-text fusion-text-2\"><h3>Esparcidores desmontables<\/h3>\n<p>Para casi todo veh\u00edculo transportador, SCHMIDT ofrece la soluci\u00f3n correspondiente. Esparcidores desmontables con capacidades de tolva de 0.6 a 9.0 m\u00b3 hacen posible comprar la m\u00e1quina adecuada para el trabajo correcto.<\/p>\n<p><img decoding=\"async\" class=\"alignnone size-full wp-image-2484\" src=\"https:\/\/telemet.com\/wp-content\/uploads\/2016\/07\/De-mountable-spreaders.jpg\" alt=\"De-mountable-spreaders\" width=\"800\" height=\"530\" srcset=\"https:\/\/telemet.com\/wp-content\/uploads\/2016\/07\/De-mountable-spreaders-200x133.jpg 200w, https:\/\/telemet.com\/wp-content\/uploads\/2016\/07\/De-mountable-spreaders-300x199.jpg 300w, https:\/\/telemet.com\/wp-content\/uploads\/2016\/07\/De-mountable-spreaders-400x265.jpg 400w, https:\/\/telemet.com\/wp-content\/uploads\/2016\/07\/De-mountable-spreaders-600x398.jpg 600w, https:\/\/telemet.com\/wp-content\/uploads\/2016\/07\/De-mountable-spreaders-768x509.jpg 768w, https:\/\/telemet.com\/wp-content\/uploads\/2016\/07\/De-mountable-spreaders.jpg 800w\" sizes=\"(max-width: 800px) 100vw, 800px\" \/><\/p>\n<h3>Esparcidores remolcados<\/h3>\n<p>Los esparcidores remolcados STRATOS, le garantizan la m\u00e1xima flexibilidad de esparcido. La fuente de potencia integrada significa que el acoplado STRATOS solo tiene que acoplarse al veh\u00edculo que lo arrastrar\u00e1 para comenzar a esparcir de inmediato.<\/p>\n<p><img decoding=\"async\" class=\"alignnone size-full wp-image-2488\" src=\"https:\/\/telemet.com\/wp-content\/uploads\/2016\/07\/Towed-spreaders.jpg\" alt=\"Towed-spreaders\" width=\"752\" height=\"501\" srcset=\"https:\/\/telemet.com\/wp-content\/uploads\/2016\/07\/Towed-spreaders-200x133.jpg 200w, https:\/\/telemet.com\/wp-content\/uploads\/2016\/07\/Towed-spreaders-300x200.jpg 300w, https:\/\/telemet.com\/wp-content\/uploads\/2016\/07\/Towed-spreaders-400x266.jpg 400w, https:\/\/telemet.com\/wp-content\/uploads\/2016\/07\/Towed-spreaders-600x400.jpg 600w, https:\/\/telemet.com\/wp-content\/uploads\/2016\/07\/Towed-spreaders.jpg 752w\" sizes=\"(max-width: 752px) 100vw, 752px\" \/><\/p>\n<h3>Esparcidores acoplables<\/h3>\n<p>Los esparcidores acoplables de la serie constructiva TRAXOS fueron especialmente concebidos para ser montados sobre tractores y para un uso profesional, tanto por municipios como por empresas privadas.<\/p>\n<p><img decoding=\"async\" class=\"alignnone size-full wp-image-2489\" src=\"https:\/\/telemet.com\/wp-content\/uploads\/2016\/07\/Attachable-spreaders.jpg\" alt=\"Attachable-spreaders\" width=\"800\" height=\"535\" srcset=\"https:\/\/telemet.com\/wp-content\/uploads\/2016\/07\/Attachable-spreaders-200x134.jpg 200w, https:\/\/telemet.com\/wp-content\/uploads\/2016\/07\/Attachable-spreaders-300x201.jpg 300w, https:\/\/telemet.com\/wp-content\/uploads\/2016\/07\/Attachable-spreaders-400x268.jpg 400w, https:\/\/telemet.com\/wp-content\/uploads\/2016\/07\/Attachable-spreaders-600x401.jpg 600w, https:\/\/telemet.com\/wp-content\/uploads\/2016\/07\/Attachable-spreaders-768x514.jpg 768w, https:\/\/telemet.com\/wp-content\/uploads\/2016\/07\/Attachable-spreaders.jpg 800w\" sizes=\"(max-width: 800px) 100vw, 800px\" \/><\/p>\n<p>&nbsp;<\/p>\n<h2>M\u00e1quinas combinadas para rociar y esparcir<\/h2>\n<p>Las m\u00e1quinas combinadas para rociar y esparcir de la serie STRATOS COMBI SOLIQ, permiten combinar materiales s\u00f3lidos, semil\u00edquidos y l\u00edquidos para ser esparcidos y distribuidos en una sola operaci\u00f3n.<\/p>\n<h3>Stratos Combi SOLIQ<\/h3>\n<p>Para obtener las condiciones m\u00e1s seguras posibles en una ruta con hielo, es muy importante usar el m\u00e9todo de esparcir apropiado con el agente de deshielo correcto. El COMBI SOLIQ combina los m\u00e9todos espec\u00edficos para todo clima: s\u00f3lido, l\u00edquido, seco y mezcla de agentes de deshielo a libre elecci\u00f3n; todo, en una sola m\u00e1quina y de forma eficiente. La \u00f3ptima soluci\u00f3n para cada situaci\u00f3n.<\/p>\n<p><img decoding=\"async\" class=\"alignnone size-full wp-image-2490\" src=\"https:\/\/telemet.com\/wp-content\/uploads\/2016\/07\/Stratos-Combi-SOLIQ.jpg\" alt=\"Stratos Combi SOLIQ\" width=\"752\" height=\"486\" srcset=\"https:\/\/telemet.com\/wp-content\/uploads\/2016\/07\/Stratos-Combi-SOLIQ-200x129.jpg 200w, https:\/\/telemet.com\/wp-content\/uploads\/2016\/07\/Stratos-Combi-SOLIQ-300x194.jpg 300w, https:\/\/telemet.com\/wp-content\/uploads\/2016\/07\/Stratos-Combi-SOLIQ-400x259.jpg 400w, https:\/\/telemet.com\/wp-content\/uploads\/2016\/07\/Stratos-Combi-SOLIQ-600x388.jpg 600w, https:\/\/telemet.com\/wp-content\/uploads\/2016\/07\/Stratos-Combi-SOLIQ.jpg 752w\" sizes=\"(max-width: 752px) 100vw, 752px\" \/><\/p>\n<p>&nbsp;<\/p>\n<h2>Estaciones de sal en disoluci\u00f3n<\/h2>\n<p>Las estaciones SCHMIDT de disoluci\u00f3n de sal, permiten una producci\u00f3n continua de la salmuera necesaria para el esparcido de sal previamente humedecida<\/p>\n<h3><strong>P 2000, S 2000, S 6000P 2000, S 2000, S 6000<\/strong><\/h3>\n<p>Las estaciones de salmuera de SCHMIDT son f\u00e1ciles de usar, de una operaci\u00f3n eficiente y ofrecen un m\u00e9todo rentable para la producci\u00f3n de salmuera.<\/p>\n<p><img decoding=\"async\" class=\"alignnone size-full wp-image-2491\" src=\"https:\/\/telemet.com\/wp-content\/uploads\/2016\/07\/Salt-solution-stations.jpg\" alt=\"Salt-solution-stations\" width=\"800\" height=\"533\" srcset=\"https:\/\/telemet.com\/wp-content\/uploads\/2016\/07\/Salt-solution-stations-200x133.jpg 200w, https:\/\/telemet.com\/wp-content\/uploads\/2016\/07\/Salt-solution-stations-300x200.jpg 300w, https:\/\/telemet.com\/wp-content\/uploads\/2016\/07\/Salt-solution-stations-400x267.jpg 400w, https:\/\/telemet.com\/wp-content\/uploads\/2016\/07\/Salt-solution-stations-600x400.jpg 600w, https:\/\/telemet.com\/wp-content\/uploads\/2016\/07\/Salt-solution-stations-768x512.jpg 768w, https:\/\/telemet.com\/wp-content\/uploads\/2016\/07\/Salt-solution-stations.jpg 800w\" sizes=\"(max-width: 800px) 100vw, 800px\" \/><\/p>\n<\/div><div class=\"fusion-clearfix\"><\/div><\/div><\/div><\/div><\/div>\n","protected":false},"excerpt":{"rendered":"","protected":false},"author":1,"featured_media":0,"parent":6350,"menu_order":0,"comment_status":"closed","ping_status":"closed","template":"side-navigation.php","meta":{"footnotes":""},"class_list":["post-6354","page","type-page","status-publish","hentry"],"yoast_head":"<!-- This site is optimized with the Yoast SEO plugin v26.2 - https:\/\/yoast.com\/wordpress\/plugins\/seo\/ -->\n<title>Aebi-Schmidt Deshielo - Telemet<\/title>\n<meta name=\"robots\" content=\"index, follow, max-snippet:-1, max-image-preview:large, max-video-preview:-1\" \/>\n<link rel=\"canonical\" href=\"https:\/\/telemet.com\/es\/ash-group\/de-icing-2\/\" \/>\n<meta property=\"og:locale\" content=\"es_ES\" \/>\n<meta property=\"og:type\" content=\"article\" \/>\n<meta property=\"og:title\" content=\"Aebi-Schmidt Deshielo - Telemet\" \/>\n<meta property=\"og:url\" content=\"https:\/\/telemet.com\/es\/ash-group\/de-icing-2\/\" \/>\n<meta property=\"og:site_name\" content=\"Telemet\" \/>\n<meta property=\"article:modified_time\" content=\"2023-08-18T13:40:52+00:00\" \/>\n<meta property=\"og:image\" content=\"https:\/\/telemet.com\/wp-content\/uploads\/2016\/07\/sratosxl2.jpg\" \/>\n<meta name=\"twitter:card\" content=\"summary_large_image\" \/>\n<meta name=\"twitter:label1\" content=\"Tiempo de lectura\" \/>\n\t<meta name=\"twitter:data1\" content=\"3 minutes\" \/>\n<script type=\"application\/ld+json\" class=\"yoast-schema-graph\">{\"@context\":\"https:\/\/schema.org\",\"@graph\":[{\"@type\":\"WebPage\",\"@id\":\"https:\/\/telemet.com\/es\/ash-group\/de-icing-2\/\",\"url\":\"https:\/\/telemet.com\/es\/ash-group\/de-icing-2\/\",\"name\":\"Aebi-Schmidt Deshielo - Telemet\",\"isPartOf\":{\"@id\":\"https:\/\/telemet.com\/es\/#website\"},\"primaryImageOfPage\":{\"@id\":\"https:\/\/telemet.com\/es\/ash-group\/de-icing-2\/#primaryimage\"},\"image\":{\"@id\":\"https:\/\/telemet.com\/es\/ash-group\/de-icing-2\/#primaryimage\"},\"thumbnailUrl\":\"https:\/\/telemet.com\/wp-content\/uploads\/2016\/07\/sratosxl2.jpg\",\"datePublished\":\"2016-07-29T21:34:43+00:00\",\"dateModified\":\"2023-08-18T13:40:52+00:00\",\"breadcrumb\":{\"@id\":\"https:\/\/telemet.com\/es\/ash-group\/de-icing-2\/#breadcrumb\"},\"inLanguage\":\"es-ES\",\"potentialAction\":[{\"@type\":\"ReadAction\",\"target\":[\"https:\/\/telemet.com\/es\/ash-group\/de-icing-2\/\"]}]},{\"@type\":\"ImageObject\",\"inLanguage\":\"es-ES\",\"@id\":\"https:\/\/telemet.com\/es\/ash-group\/de-icing-2\/#primaryimage\",\"url\":\"https:\/\/telemet.com\/wp-content\/uploads\/2016\/07\/sratosxl2.jpg\",\"contentUrl\":\"https:\/\/telemet.com\/wp-content\/uploads\/2016\/07\/sratosxl2.jpg\"},{\"@type\":\"BreadcrumbList\",\"@id\":\"https:\/\/telemet.com\/es\/ash-group\/de-icing-2\/#breadcrumb\",\"itemListElement\":[{\"@type\":\"ListItem\",\"position\":1,\"name\":\"Home\",\"item\":\"https:\/\/telemet.com\/es\/\"},{\"@type\":\"ListItem\",\"position\":2,\"name\":\"Aebi Schmidt\",\"item\":\"https:\/\/telemet.com\/es\/ash-group\/\"},{\"@type\":\"ListItem\",\"position\":3,\"name\":\"Aebi-Schmidt Deshielo\"}]},{\"@type\":\"WebSite\",\"@id\":\"https:\/\/telemet.com\/es\/#website\",\"url\":\"https:\/\/telemet.com\/es\/\",\"name\":\"Telemet, Inc.\",\"description\":\"Efficiency through Simplicity\",\"potentialAction\":[{\"@type\":\"SearchAction\",\"target\":{\"@type\":\"EntryPoint\",\"urlTemplate\":\"https:\/\/telemet.com\/es\/?s={search_term_string}\"},\"query-input\":{\"@type\":\"PropertyValueSpecification\",\"valueRequired\":true,\"valueName\":\"search_term_string\"}}],\"inLanguage\":\"es-ES\"}]}<\/script>\n<!-- \/ Yoast SEO plugin. -->","yoast_head_json":{"title":"Aebi-Schmidt Deshielo - Telemet","robots":{"index":"index","follow":"follow","max-snippet":"max-snippet:-1","max-image-preview":"max-image-preview:large","max-video-preview":"max-video-preview:-1"},"canonical":"https:\/\/telemet.com\/es\/ash-group\/de-icing-2\/","og_locale":"es_ES","og_type":"article","og_title":"Aebi-Schmidt Deshielo - Telemet","og_url":"https:\/\/telemet.com\/es\/ash-group\/de-icing-2\/","og_site_name":"Telemet","article_modified_time":"2023-08-18T13:40:52+00:00","og_image":[{"url":"https:\/\/telemet.com\/wp-content\/uploads\/2016\/07\/sratosxl2.jpg","type":"","width":"","height":""}],"twitter_card":"summary_large_image","twitter_misc":{"Tiempo de lectura":"3 minutes"},"schema":{"@context":"https:\/\/schema.org","@graph":[{"@type":"WebPage","@id":"https:\/\/telemet.com\/es\/ash-group\/de-icing-2\/","url":"https:\/\/telemet.com\/es\/ash-group\/de-icing-2\/","name":"Aebi-Schmidt Deshielo - Telemet","isPartOf":{"@id":"https:\/\/telemet.com\/es\/#website"},"primaryImageOfPage":{"@id":"https:\/\/telemet.com\/es\/ash-group\/de-icing-2\/#primaryimage"},"image":{"@id":"https:\/\/telemet.com\/es\/ash-group\/de-icing-2\/#primaryimage"},"thumbnailUrl":"https:\/\/telemet.com\/wp-content\/uploads\/2016\/07\/sratosxl2.jpg","datePublished":"2016-07-29T21:34:43+00:00","dateModified":"2023-08-18T13:40:52+00:00","breadcrumb":{"@id":"https:\/\/telemet.com\/es\/ash-group\/de-icing-2\/#breadcrumb"},"inLanguage":"es-ES","potentialAction":[{"@type":"ReadAction","target":["https:\/\/telemet.com\/es\/ash-group\/de-icing-2\/"]}]},{"@type":"ImageObject","inLanguage":"es-ES","@id":"https:\/\/telemet.com\/es\/ash-group\/de-icing-2\/#primaryimage","url":"https:\/\/telemet.com\/wp-content\/uploads\/2016\/07\/sratosxl2.jpg","contentUrl":"https:\/\/telemet.com\/wp-content\/uploads\/2016\/07\/sratosxl2.jpg"},{"@type":"BreadcrumbList","@id":"https:\/\/telemet.com\/es\/ash-group\/de-icing-2\/#breadcrumb","itemListElement":[{"@type":"ListItem","position":1,"name":"Home","item":"https:\/\/telemet.com\/es\/"},{"@type":"ListItem","position":2,"name":"Aebi Schmidt","item":"https:\/\/telemet.com\/es\/ash-group\/"},{"@type":"ListItem","position":3,"name":"Aebi-Schmidt Deshielo"}]},{"@type":"WebSite","@id":"https:\/\/telemet.com\/es\/#website","url":"https:\/\/telemet.com\/es\/","name":"Telemet, Inc.","description":"Efficiency through Simplicity","potentialAction":[{"@type":"SearchAction","target":{"@type":"EntryPoint","urlTemplate":"https:\/\/telemet.com\/es\/?s={search_term_string}"},"query-input":{"@type":"PropertyValueSpecification","valueRequired":true,"valueName":"search_term_string"}}],"inLanguage":"es-ES"}]}},"_links":{"self":[{"href":"https:\/\/telemet.com\/es\/wp-json\/wp\/v2\/pages\/6354","targetHints":{"allow":["GET"]}}],"collection":[{"href":"https:\/\/telemet.com\/es\/wp-json\/wp\/v2\/pages"}],"about":[{"href":"https:\/\/telemet.com\/es\/wp-json\/wp\/v2\/types\/page"}],"author":[{"embeddable":true,"href":"https:\/\/telemet.com\/es\/wp-json\/wp\/v2\/users\/1"}],"replies":[{"embeddable":true,"href":"https:\/\/telemet.com\/es\/wp-json\/wp\/v2\/comments?post=6354"}],"version-history":[{"count":5,"href":"https:\/\/telemet.com\/es\/wp-json\/wp\/v2\/pages\/6354\/revisions"}],"predecessor-version":[{"id":13950,"href":"https:\/\/telemet.com\/es\/wp-json\/wp\/v2\/pages\/6354\/revisions\/13950"}],"up":[{"embeddable":true,"href":"https:\/\/telemet.com\/es\/wp-json\/wp\/v2\/pages\/6350"}],"wp:attachment":[{"href":"https:\/\/telemet.com\/es\/wp-json\/wp\/v2\/media?parent=6354"}],"curies":[{"name":"wp","href":"https:\/\/api.w.org\/{rel}","templated":true}]}}