{"id":6358,"date":"2016-07-29T21:19:57","date_gmt":"2016-07-29T21:19:32","guid":{"rendered":"http:\/\/telemet.com\/ash-group\/snow-clearance\/?lang=es"},"modified":"2023-08-18T13:41:29","modified_gmt":"2023-08-18T13:41:29","slug":"snow-clearance","status":"publish","type":"page","link":"https:\/\/telemet.com\/es\/ash-group\/snow-clearance\/","title":{"rendered":"Aebi-Schmidt Limpieza de nieve"},"content":{"rendered":"<div class=\"fusion-fullwidth fullwidth-box fusion-builder-row-1 nonhundred-percent-fullwidth non-hundred-percent-height-scrolling\" style=\"--awb-background-position:left top;--awb-border-radius-top-left:0px;--awb-border-radius-top-right:0px;--awb-border-radius-bottom-right:0px;--awb-border-radius-bottom-left:0px;--awb-padding-top:0px;--awb-padding-bottom:20px;--awb-border-sizes-top:0px;--awb-border-sizes-bottom:0px;--awb-flex-wrap:wrap;\" ><div class=\"fusion-builder-row fusion-row\"><div class=\"fusion-layout-column fusion_builder_column fusion-builder-column-0 fusion_builder_column_1_1 1_1 fusion-one-full fusion-column-first fusion-column-last fusion-column-no-min-height\" style=\"--awb-bg-size:cover;--awb-margin-top:0px;--awb-margin-bottom:0px;\"><div class=\"fusion-column-wrapper fusion-flex-column-wrapper-legacy\"><div class=\"fusion-image-element fusion-image-align-center in-legacy-container\" style=\"text-align:center;--awb-caption-title-font-family:var(--h2_typography-font-family);--awb-caption-title-font-weight:var(--h2_typography-font-weight);--awb-caption-title-font-style:var(--h2_typography-font-style);--awb-caption-title-size:var(--h2_typography-font-size);--awb-caption-title-transform:var(--h2_typography-text-transform);--awb-caption-title-line-height:var(--h2_typography-line-height);--awb-caption-title-letter-spacing:var(--h2_typography-letter-spacing);\"><div class=\"imageframe-align-center\"><span class=\" fusion-imageframe imageframe-none imageframe-1 hover-type-none\"><img decoding=\"async\" width=\"900\" height=\"602\" title=\"ash-1-f\" src=\"https:\/\/telemet.com\/wp-content\/uploads\/2016\/07\/ash-1-f.jpg\" alt class=\"img-responsive wp-image-2495\" srcset=\"https:\/\/telemet.com\/wp-content\/uploads\/2016\/07\/ash-1-f-200x134.jpg 200w, https:\/\/telemet.com\/wp-content\/uploads\/2016\/07\/ash-1-f-400x268.jpg 400w, https:\/\/telemet.com\/wp-content\/uploads\/2016\/07\/ash-1-f-600x401.jpg 600w, https:\/\/telemet.com\/wp-content\/uploads\/2016\/07\/ash-1-f-800x535.jpg 800w, https:\/\/telemet.com\/wp-content\/uploads\/2016\/07\/ash-1-f.jpg 900w\" sizes=\"(max-width: 800px) 100vw, 900px\" \/><\/span><\/div><\/div><div class=\"fusion-sep-clear\"><\/div><div class=\"fusion-separator fusion-full-width-sep\" style=\"margin-left: auto;margin-right: auto;margin-top:20px;width:100%;\"><\/div><div class=\"fusion-sep-clear\"><\/div><div class=\"fusion-text fusion-text-1\"><h2>Limpieza de nieve con sistemas rotativos<\/h2>\n<p>Las m\u00e1quinas rotativas para limpieza de nieve de SCHMIDT se utilizan por excelencia en condiciones dif\u00edciles de nieve y para la eliminaci\u00f3n de paredes de nieve sobre los laterales de los caminos.<\/p>\n<h3>El TS 10000\/5 la m\u00e1quina de alta performance para limpieza de nieve en aeropuertos<\/h3>\n<p>La m\u00e1quina de limpieza de nieve ideada para limpiezas a alta velocidad en aeropuertos. La TS 10000\/5 fue dise\u00f1ada para operar a alta velocidad y tiene una capacidad de limpieza de\u00a0 hasta 6.000 t\/hr. El sistema de limpieza turbo funciona de acuerdo al reconocido sistema de lanzado de Schmidt, el cual es impresionante por su confiable performance de limpieza de grandes cantidades de nieve y con una amplia y precisa distancia de lanzamiento.<\/p>\n<h3><\/h3>\n<\/div><div class=\"fusion-clearfix\"><\/div><\/div><\/div><div class=\"fusion-layout-column fusion_builder_column fusion-builder-column-1 fusion_builder_column_1_1 1_1 fusion-one-full fusion-column-first fusion-column-last fusion-column-no-min-height\" style=\"--awb-bg-size:cover;--awb-margin-top:0px;--awb-margin-bottom:0px;\"><div class=\"fusion-column-wrapper fusion-flex-column-wrapper-legacy\"><div class=\"fusion-slider-sc fusion-flexslider-loading flexslider flexslider-hover-type-none\" data-slideshow_autoplay=\"1\" data-slideshow_smooth_height=\"0\" data-slideshow_speed=\"7000\" style=\"max-width:100%;height:100%;\"><ul class=\"slides\"><li class=\"image\"><span class=\"fusion-image-hover-element hover-type-none\"><img decoding=\"async\" src=\"https:\/\/telemet.com\/wp-content\/uploads\/2016\/07\/ts-2.jpg\" width=\"1024\" height=\"685\" \/><\/span><\/li><li class=\"image\"><span class=\"fusion-image-hover-element hover-type-none\"><img decoding=\"async\" src=\"https:\/\/telemet.com\/wp-content\/uploads\/2016\/07\/ts-3.jpg\" width=\"1024\" height=\"685\" \/><\/span><\/li><li class=\"image\"><span class=\"fusion-image-hover-element hover-type-none\"><img decoding=\"async\" src=\"https:\/\/telemet.com\/wp-content\/uploads\/2016\/07\/TS-1.jpg\" width=\"1024\" height=\"685\" \/><\/span><\/li><li class=\"image\"><span class=\"fusion-image-hover-element hover-type-none\"><img decoding=\"async\" src=\"https:\/\/telemet.com\/wp-content\/uploads\/2016\/07\/ts-5.jpg\" width=\"1024\" height=\"685\" \/><\/span><\/li><\/ul><\/div><div class=\"fusion-text fusion-text-2\"><h2>Limpianieve acoplable<\/h2>\n<p>SCHMIDT ofrece una amplia variedad de m\u00e1quinas acoplables para limpieza de nieve, aptas para trabajar con todo tipo de nieve, en todo tipo de tareas y en todo tipo de veh\u00edculo transportador com\u00fanmente utilizado.<\/p>\n<p><img decoding=\"async\" class=\"alignnone size-full wp-image-2499\" src=\"https:\/\/telemet.com\/wp-content\/uploads\/2016\/07\/Attachable-snow-clearing.jpg\" alt=\"Attachable snow clearing\" width=\"752\" height=\"512\" srcset=\"https:\/\/telemet.com\/wp-content\/uploads\/2016\/07\/Attachable-snow-clearing-200x136.jpg 200w, https:\/\/telemet.com\/wp-content\/uploads\/2016\/07\/Attachable-snow-clearing-300x204.jpg 300w, https:\/\/telemet.com\/wp-content\/uploads\/2016\/07\/Attachable-snow-clearing-400x272.jpg 400w, https:\/\/telemet.com\/wp-content\/uploads\/2016\/07\/Attachable-snow-clearing-600x409.jpg 600w, https:\/\/telemet.com\/wp-content\/uploads\/2016\/07\/Attachable-snow-clearing.jpg 752w\" sizes=\"(max-width: 752px) 100vw, 752px\" \/><\/p>\n<h3>Limpianieve auto transportada<\/h3>\n<p>Las m\u00e1quinas auto transportadas de SCHMIDT le hacen frente a las condiciones m\u00e1s dif\u00edciles de limpieza de nieve. Su sistema de direcci\u00f3n de chasis articulado permite una \u00f3ptima transmisi\u00f3n de potencia en toda situaci\u00f3n.<\/p>\n<p><img decoding=\"async\" class=\"alignnone size-full wp-image-5950\" src=\"https:\/\/telemet.com\/wp-content\/uploads\/2016\/07\/supra4002-900.png\" alt=\"supra4002-900\" width=\"900\" height=\"596\" srcset=\"https:\/\/telemet.com\/wp-content\/uploads\/2016\/07\/supra4002-900-200x132.png 200w, https:\/\/telemet.com\/wp-content\/uploads\/2016\/07\/supra4002-900-300x199.png 300w, https:\/\/telemet.com\/wp-content\/uploads\/2016\/07\/supra4002-900-400x265.png 400w, https:\/\/telemet.com\/wp-content\/uploads\/2016\/07\/supra4002-900-600x397.png 600w, https:\/\/telemet.com\/wp-content\/uploads\/2016\/07\/supra4002-900-768x509.png 768w, https:\/\/telemet.com\/wp-content\/uploads\/2016\/07\/supra4002-900-800x530.png 800w, https:\/\/telemet.com\/wp-content\/uploads\/2016\/07\/supra4002-900.png 900w\" sizes=\"(max-width: 900px) 100vw, 900px\" \/><\/p>\n<\/div><div class=\"fusion-sep-clear\"><\/div><div class=\"fusion-separator fusion-full-width-sep\" style=\"margin-left: auto;margin-right: auto;margin-top:20px;width:100%;\"><\/div><div class=\"fusion-sep-clear\"><\/div><div class=\"fusion-text fusion-text-3\"><h2>Palas de nieve<\/h2>\n<p>Los modernos sistemas de palas de nieve de SCHMIDT -en sus m\u00faltiples variaciones- ayudan a mantener los caminos siempre limpios. Adem\u00e1s de la inmensa capacidad de limpieza, los sistemas se destacan por su alto nivel de facilidad de uso y bajos requisitos de mantenimiento.<\/p>\n<h3>Palas de nieve de una sola hoja<\/h3>\n<p>Las palas de una sola hoja de SCHMIDT son ideales para trabajos simples de limpieza de nieve, especialmente en \u00e1reas municipales. Son de construcci\u00f3n robusta y de muy f\u00e1cil mantenimiento.<\/p>\n<p><img decoding=\"async\" class=\"alignnone size-full wp-image-2496\" src=\"https:\/\/telemet.com\/wp-content\/uploads\/2016\/07\/Single-blade-snow-plows.jpg\" alt=\"Single-blade snow plows\" width=\"752\" height=\"430\" srcset=\"https:\/\/telemet.com\/wp-content\/uploads\/2016\/07\/Single-blade-snow-plows-200x114.jpg 200w, https:\/\/telemet.com\/wp-content\/uploads\/2016\/07\/Single-blade-snow-plows-300x172.jpg 300w, https:\/\/telemet.com\/wp-content\/uploads\/2016\/07\/Single-blade-snow-plows-400x229.jpg 400w, https:\/\/telemet.com\/wp-content\/uploads\/2016\/07\/Single-blade-snow-plows-600x343.jpg 600w, https:\/\/telemet.com\/wp-content\/uploads\/2016\/07\/Single-blade-snow-plows.jpg 752w\" sizes=\"(max-width: 752px) 100vw, 752px\" \/><\/p>\n<h3>Palas de nieve de m\u00faltiples hojas<\/h3>\n<p>Las palas de m\u00faltiples hojas de SCHMIDT est\u00e1n subdividas en hasta 5 secciones. Se logra la mejor adaptaci\u00f3n posible para cada camino a trav\u00e9s de un sistema de vinculaci\u00f3n especial.<\/p>\n<p><img decoding=\"async\" class=\"alignnone size-full wp-image-2497\" src=\"https:\/\/telemet.com\/wp-content\/uploads\/2016\/07\/Multi-blade-snow-ploughs.jpg\" alt=\"Multi-blade snow ploughs\" width=\"500\" height=\"363\" srcset=\"https:\/\/telemet.com\/wp-content\/uploads\/2016\/07\/Multi-blade-snow-ploughs-200x145.jpg 200w, https:\/\/telemet.com\/wp-content\/uploads\/2016\/07\/Multi-blade-snow-ploughs-300x218.jpg 300w, https:\/\/telemet.com\/wp-content\/uploads\/2016\/07\/Multi-blade-snow-ploughs-400x290.jpg 400w, https:\/\/telemet.com\/wp-content\/uploads\/2016\/07\/Multi-blade-snow-ploughs.jpg 500w\" sizes=\"(max-width: 500px) 100vw, 500px\" \/><\/p>\n<h3>Palas de nieve especiales<\/h3>\n<p>Para \u00e1reas operativas muy espec\u00edficas, SCHMIDT ofrece una variedad de modelos especiales. Sus palas de nieve de cu\u00f1a variable hacen posible una limpieza flexible de nieve: en zonas c\u00e9ntricas de ciudades y en caminos angostos, en playas de estacionamiento y en cruces de caminos. Las palas de nieve ML y CPS son especiales para autopistas.<\/p>\n<p><img decoding=\"async\" class=\"alignnone size-full wp-image-2498\" src=\"https:\/\/telemet.com\/wp-content\/uploads\/2016\/07\/Special-snow-plows.jpg\" alt=\"Special snow plows\" width=\"752\" height=\"735\" srcset=\"https:\/\/telemet.com\/wp-content\/uploads\/2016\/07\/Special-snow-plows-66x66.jpg 66w, https:\/\/telemet.com\/wp-content\/uploads\/2016\/07\/Special-snow-plows-200x195.jpg 200w, https:\/\/telemet.com\/wp-content\/uploads\/2016\/07\/Special-snow-plows-300x293.jpg 300w, https:\/\/telemet.com\/wp-content\/uploads\/2016\/07\/Special-snow-plows-400x391.jpg 400w, https:\/\/telemet.com\/wp-content\/uploads\/2016\/07\/Special-snow-plows-600x586.jpg 600w, https:\/\/telemet.com\/wp-content\/uploads\/2016\/07\/Special-snow-plows.jpg 752w\" sizes=\"(max-width: 752px) 100vw, 752px\" \/><\/p>\n<h3><\/h3>\n<\/div><div class=\"fusion-clearfix\"><\/div><\/div><\/div><\/div><\/div>\n","protected":false},"excerpt":{"rendered":"","protected":false},"author":1,"featured_media":0,"parent":6350,"menu_order":1,"comment_status":"closed","ping_status":"closed","template":"side-navigation.php","meta":{"footnotes":""},"class_list":["post-6358","page","type-page","status-publish","hentry"],"yoast_head":"<!-- This site is optimized with the Yoast SEO plugin v26.2 - https:\/\/yoast.com\/wordpress\/plugins\/seo\/ -->\n<title>Aebi-Schmidt Limpieza de nieve - Telemet<\/title>\n<meta name=\"robots\" content=\"index, follow, max-snippet:-1, max-image-preview:large, max-video-preview:-1\" \/>\n<link rel=\"canonical\" href=\"https:\/\/telemet.com\/es\/ash-group\/snow-clearance\/\" \/>\n<meta property=\"og:locale\" content=\"es_ES\" \/>\n<meta property=\"og:type\" content=\"article\" \/>\n<meta property=\"og:title\" content=\"Aebi-Schmidt Limpieza de nieve - Telemet\" \/>\n<meta property=\"og:url\" content=\"https:\/\/telemet.com\/es\/ash-group\/snow-clearance\/\" \/>\n<meta property=\"og:site_name\" content=\"Telemet\" \/>\n<meta property=\"article:modified_time\" content=\"2023-08-18T13:41:29+00:00\" \/>\n<meta property=\"og:image\" content=\"https:\/\/telemet.com\/wp-content\/uploads\/2016\/07\/ash-1-f.jpg\" \/>\n<meta name=\"twitter:card\" content=\"summary_large_image\" \/>\n<meta name=\"twitter:label1\" content=\"Tiempo de lectura\" \/>\n\t<meta name=\"twitter:data1\" content=\"4 minutes\" \/>\n<script type=\"application\/ld+json\" class=\"yoast-schema-graph\">{\"@context\":\"https:\/\/schema.org\",\"@graph\":[{\"@type\":\"WebPage\",\"@id\":\"https:\/\/telemet.com\/es\/ash-group\/snow-clearance\/\",\"url\":\"https:\/\/telemet.com\/es\/ash-group\/snow-clearance\/\",\"name\":\"Aebi-Schmidt Limpieza de nieve - Telemet\",\"isPartOf\":{\"@id\":\"https:\/\/telemet.com\/es\/#website\"},\"primaryImageOfPage\":{\"@id\":\"https:\/\/telemet.com\/es\/ash-group\/snow-clearance\/#primaryimage\"},\"image\":{\"@id\":\"https:\/\/telemet.com\/es\/ash-group\/snow-clearance\/#primaryimage\"},\"thumbnailUrl\":\"https:\/\/telemet.com\/wp-content\/uploads\/2016\/07\/ash-1-f.jpg\",\"datePublished\":\"2016-07-29T21:19:32+00:00\",\"dateModified\":\"2023-08-18T13:41:29+00:00\",\"breadcrumb\":{\"@id\":\"https:\/\/telemet.com\/es\/ash-group\/snow-clearance\/#breadcrumb\"},\"inLanguage\":\"es-ES\",\"potentialAction\":[{\"@type\":\"ReadAction\",\"target\":[\"https:\/\/telemet.com\/es\/ash-group\/snow-clearance\/\"]}]},{\"@type\":\"ImageObject\",\"inLanguage\":\"es-ES\",\"@id\":\"https:\/\/telemet.com\/es\/ash-group\/snow-clearance\/#primaryimage\",\"url\":\"https:\/\/telemet.com\/wp-content\/uploads\/2016\/07\/ash-1-f.jpg\",\"contentUrl\":\"https:\/\/telemet.com\/wp-content\/uploads\/2016\/07\/ash-1-f.jpg\"},{\"@type\":\"BreadcrumbList\",\"@id\":\"https:\/\/telemet.com\/es\/ash-group\/snow-clearance\/#breadcrumb\",\"itemListElement\":[{\"@type\":\"ListItem\",\"position\":1,\"name\":\"Home\",\"item\":\"https:\/\/telemet.com\/es\/\"},{\"@type\":\"ListItem\",\"position\":2,\"name\":\"Aebi Schmidt\",\"item\":\"https:\/\/telemet.com\/es\/ash-group\/\"},{\"@type\":\"ListItem\",\"position\":3,\"name\":\"Aebi-Schmidt Limpieza de nieve\"}]},{\"@type\":\"WebSite\",\"@id\":\"https:\/\/telemet.com\/es\/#website\",\"url\":\"https:\/\/telemet.com\/es\/\",\"name\":\"Telemet, Inc.\",\"description\":\"Efficiency through Simplicity\",\"potentialAction\":[{\"@type\":\"SearchAction\",\"target\":{\"@type\":\"EntryPoint\",\"urlTemplate\":\"https:\/\/telemet.com\/es\/?s={search_term_string}\"},\"query-input\":{\"@type\":\"PropertyValueSpecification\",\"valueRequired\":true,\"valueName\":\"search_term_string\"}}],\"inLanguage\":\"es-ES\"}]}<\/script>\n<!-- \/ Yoast SEO plugin. -->","yoast_head_json":{"title":"Aebi-Schmidt Limpieza de nieve - Telemet","robots":{"index":"index","follow":"follow","max-snippet":"max-snippet:-1","max-image-preview":"max-image-preview:large","max-video-preview":"max-video-preview:-1"},"canonical":"https:\/\/telemet.com\/es\/ash-group\/snow-clearance\/","og_locale":"es_ES","og_type":"article","og_title":"Aebi-Schmidt Limpieza de nieve - Telemet","og_url":"https:\/\/telemet.com\/es\/ash-group\/snow-clearance\/","og_site_name":"Telemet","article_modified_time":"2023-08-18T13:41:29+00:00","og_image":[{"url":"https:\/\/telemet.com\/wp-content\/uploads\/2016\/07\/ash-1-f.jpg","type":"","width":"","height":""}],"twitter_card":"summary_large_image","twitter_misc":{"Tiempo de lectura":"4 minutes"},"schema":{"@context":"https:\/\/schema.org","@graph":[{"@type":"WebPage","@id":"https:\/\/telemet.com\/es\/ash-group\/snow-clearance\/","url":"https:\/\/telemet.com\/es\/ash-group\/snow-clearance\/","name":"Aebi-Schmidt Limpieza de nieve - Telemet","isPartOf":{"@id":"https:\/\/telemet.com\/es\/#website"},"primaryImageOfPage":{"@id":"https:\/\/telemet.com\/es\/ash-group\/snow-clearance\/#primaryimage"},"image":{"@id":"https:\/\/telemet.com\/es\/ash-group\/snow-clearance\/#primaryimage"},"thumbnailUrl":"https:\/\/telemet.com\/wp-content\/uploads\/2016\/07\/ash-1-f.jpg","datePublished":"2016-07-29T21:19:32+00:00","dateModified":"2023-08-18T13:41:29+00:00","breadcrumb":{"@id":"https:\/\/telemet.com\/es\/ash-group\/snow-clearance\/#breadcrumb"},"inLanguage":"es-ES","potentialAction":[{"@type":"ReadAction","target":["https:\/\/telemet.com\/es\/ash-group\/snow-clearance\/"]}]},{"@type":"ImageObject","inLanguage":"es-ES","@id":"https:\/\/telemet.com\/es\/ash-group\/snow-clearance\/#primaryimage","url":"https:\/\/telemet.com\/wp-content\/uploads\/2016\/07\/ash-1-f.jpg","contentUrl":"https:\/\/telemet.com\/wp-content\/uploads\/2016\/07\/ash-1-f.jpg"},{"@type":"BreadcrumbList","@id":"https:\/\/telemet.com\/es\/ash-group\/snow-clearance\/#breadcrumb","itemListElement":[{"@type":"ListItem","position":1,"name":"Home","item":"https:\/\/telemet.com\/es\/"},{"@type":"ListItem","position":2,"name":"Aebi Schmidt","item":"https:\/\/telemet.com\/es\/ash-group\/"},{"@type":"ListItem","position":3,"name":"Aebi-Schmidt Limpieza de nieve"}]},{"@type":"WebSite","@id":"https:\/\/telemet.com\/es\/#website","url":"https:\/\/telemet.com\/es\/","name":"Telemet, Inc.","description":"Efficiency through Simplicity","potentialAction":[{"@type":"SearchAction","target":{"@type":"EntryPoint","urlTemplate":"https:\/\/telemet.com\/es\/?s={search_term_string}"},"query-input":{"@type":"PropertyValueSpecification","valueRequired":true,"valueName":"search_term_string"}}],"inLanguage":"es-ES"}]}},"_links":{"self":[{"href":"https:\/\/telemet.com\/es\/wp-json\/wp\/v2\/pages\/6358","targetHints":{"allow":["GET"]}}],"collection":[{"href":"https:\/\/telemet.com\/es\/wp-json\/wp\/v2\/pages"}],"about":[{"href":"https:\/\/telemet.com\/es\/wp-json\/wp\/v2\/types\/page"}],"author":[{"embeddable":true,"href":"https:\/\/telemet.com\/es\/wp-json\/wp\/v2\/users\/1"}],"replies":[{"embeddable":true,"href":"https:\/\/telemet.com\/es\/wp-json\/wp\/v2\/comments?post=6358"}],"version-history":[{"count":6,"href":"https:\/\/telemet.com\/es\/wp-json\/wp\/v2\/pages\/6358\/revisions"}],"predecessor-version":[{"id":13959,"href":"https:\/\/telemet.com\/es\/wp-json\/wp\/v2\/pages\/6358\/revisions\/13959"}],"up":[{"embeddable":true,"href":"https:\/\/telemet.com\/es\/wp-json\/wp\/v2\/pages\/6350"}],"wp:attachment":[{"href":"https:\/\/telemet.com\/es\/wp-json\/wp\/v2\/media?parent=6358"}],"curies":[{"name":"wp","href":"https:\/\/api.w.org\/{rel}","templated":true}]}}