{"id":6360,"date":"2016-07-28T13:00:46","date_gmt":"2016-07-28T13:00:46","guid":{"rendered":"http:\/\/telemet.com\/trecan-snowmelters\/?lang=es"},"modified":"2017-04-24T20:44:04","modified_gmt":"2017-04-24T20:44:04","slug":"trecan-snowmelters","status":"publish","type":"page","link":"https:\/\/telemet.com\/es\/trecan-snowmelters\/","title":{"rendered":"Derretidores de nieve Trecan"},"content":{"rendered":"<p><div class=\"fusion-fullwidth fullwidth-box fusion-builder-row-1 backlink hundred-percent-fullwidth non-hundred-percent-height-scrolling\" style=\"--awb-background-position:left top;--awb-border-radius-top-left:0px;--awb-border-radius-top-right:0px;--awb-border-radius-bottom-right:0px;--awb-border-radius-bottom-left:0px;--awb-padding-top:10px;--awb-padding-bottom:10px;--awb-background-color:#fcfcfc;--awb-border-sizes-top:0px;--awb-border-sizes-bottom:0px;--awb-flex-wrap:wrap;\" ><div class=\"fusion-builder-row fusion-row\"><div class=\"fusion-layout-column fusion_builder_column fusion-builder-column-0 fusion_builder_column_1_1 1_1 fusion-one-full fusion-column-first fusion-column-last fusion-column-no-min-height\" style=\"--awb-bg-size:cover;--awb-margin-top:0px;--awb-margin-bottom:0px;\"><div class=\"fusion-column-wrapper fusion-flex-column-wrapper-legacy\"><div class=\"fusion-title title fusion-title-1 fusion-sep-none fusion-title-center fusion-title-text fusion-title-size-five\" style=\"--awb-margin-top:0px;--awb-margin-bottom:0px;\"><h5 class=\"fusion-title-heading title-heading-center fusion-responsive-typography-calculated\" style=\"margin:0;--fontSize:22;--minFontSize:22;line-height:1.36;\"><a href=\"\/?page_id=2009\">Limpieza de nieve<\/a> \u00a0\/ \u00a0<strong>Trecan<\/strong><\/h5><\/div><div class=\"fusion-clearfix\"><\/div><\/div><\/div><\/div><\/div><div class=\"fusion-fullwidth fullwidth-box fusion-builder-row-2 nonhundred-percent-fullwidth non-hundred-percent-height-scrolling\" style=\"--awb-background-position:left top;--awb-border-radius-top-left:0px;--awb-border-radius-top-right:0px;--awb-border-radius-bottom-right:0px;--awb-border-radius-bottom-left:0px;--awb-padding-top:20px;--awb-padding-bottom:20px;--awb-border-sizes-top:0px;--awb-border-sizes-bottom:0px;--awb-flex-wrap:wrap;\" ><div class=\"fusion-builder-row fusion-row\"><div class=\"fusion-layout-column fusion_builder_column fusion-builder-column-1 fusion_builder_column_1_2 1_2 fusion-one-half fusion-column-first\" style=\"--awb-bg-size:cover;width:48%; margin-right: 4%;\"><div class=\"fusion-column-wrapper fusion-flex-column-wrapper-legacy\"><div class=\"fusion-image-element fusion-image-align-center in-legacy-container\" style=\"text-align:center;--awb-caption-title-font-family:var(--h2_typography-font-family);--awb-caption-title-font-weight:var(--h2_typography-font-weight);--awb-caption-title-font-style:var(--h2_typography-font-style);--awb-caption-title-size:var(--h2_typography-font-size);--awb-caption-title-transform:var(--h2_typography-text-transform);--awb-caption-title-line-height:var(--h2_typography-line-height);--awb-caption-title-letter-spacing:var(--h2_typography-letter-spacing);\"><div class=\"imageframe-align-center\"><span class=\" fusion-imageframe imageframe-none imageframe-1 hover-type-none\"><img decoding=\"async\" width=\"277\" height=\"86\" title=\"trecan-logo-0\" src=\"https:\/\/telemet.com\/wp-content\/uploads\/2016\/07\/trecan-logo-0.jpg\" alt class=\"img-responsive wp-image-1818\" srcset=\"https:\/\/telemet.com\/wp-content\/uploads\/2016\/07\/trecan-logo-0-200x62.jpg 200w, https:\/\/telemet.com\/wp-content\/uploads\/2016\/07\/trecan-logo-0.jpg 277w\" sizes=\"(max-width: 800px) 100vw, 277px\" \/><\/span><\/div><\/div><div class=\"fusion-clearfix\"><\/div><\/div><\/div><div class=\"fusion-layout-column fusion_builder_column fusion-builder-column-2 fusion_builder_column_1_2 1_2 fusion-one-half fusion-column-last\" style=\"--awb-bg-size:cover;width:48%;\"><div class=\"fusion-column-wrapper fusion-flex-column-wrapper-legacy\"><div class=\"fusion-text fusion-text-1\"><p>Con m\u00e1s de 35 a\u00f1os de ingenier\u00eda, construyendo, y la experiencia pr\u00e1ctica, los derretidores de nieve Trecan son los m\u00e1s probados, comprobados y ensayados derretidores de nieve en disponibilidad.<\/p>\n<\/div><div class=\"fusion-clearfix\"><\/div><\/div><\/div><\/div><\/div><div class=\"fusion-fullwidth fullwidth-box fusion-builder-row-3 hundred-percent-fullwidth non-hundred-percent-height-scrolling\" style=\"--awb-border-radius-top-left:0px;--awb-border-radius-top-right:0px;--awb-border-radius-bottom-right:0px;--awb-border-radius-bottom-left:0px;--awb-overflow:visible;--awb-flex-wrap:wrap;\" ><div class=\"fusion-builder-row fusion-row\"><div class=\"fusion-layout-column fusion_builder_column fusion-builder-column-3 fusion_builder_column_1_1 1_1 fusion-one-full fusion-column-first fusion-column-last fusion-column-no-min-height\" style=\"--awb-bg-size:cover;--awb-margin-top:0px;--awb-margin-bottom:0px;\"><div class=\"fusion-column-wrapper fusion-flex-column-wrapper-legacy\"><div class=\"fusion-section-separator section-separator triangle fusion-section-separator-1\" style=\"--awb-border-bottom:0px solid #ffffff;--awb-spacer-height:0px;--awb-svg-margin-left:0;--awb-svg-margin-right:0;--awb-icon-color:#ffffff;\"><div class=\"fusion-section-separator-svg\"><div class=\"divider-candy-arrow bottom\" style=\"top:0px;border-top-color: #ffffff;\"><\/div><div class=\"divider-candy bottom\" style=\"bottom:-20px;border-bottom:1px solid #ffffff;border-left:1px solid #ffffff;\"><\/div><\/div><div class=\"fusion-section-separator-spacer\"><div class=\"fusion-section-separator-spacer-height\"><\/div><\/div><\/div><div class=\"fusion-clearfix\"><\/div><\/div><\/div><\/div><\/div><div class=\"fusion-fullwidth fullwidth-box fusion-builder-row-4 nonhundred-percent-fullwidth non-hundred-percent-height-scrolling\" style=\"--awb-background-position:left top;--awb-border-radius-top-left:0px;--awb-border-radius-top-right:0px;--awb-border-radius-bottom-right:0px;--awb-border-radius-bottom-left:0px;--awb-padding-top:20px;--awb-padding-bottom:20px;--awb-border-sizes-top:0px;--awb-border-sizes-bottom:0px;--awb-flex-wrap:wrap;\" ><div class=\"fusion-builder-row fusion-row\"><div class=\"fusion-layout-column fusion_builder_column fusion-builder-column-4 fusion_builder_column_1_1 1_1 fusion-one-full fusion-column-first fusion-column-last fusion-column-no-min-height\" style=\"--awb-bg-size:cover;--awb-margin-top:0px;--awb-margin-bottom:0px;\"><div class=\"fusion-column-wrapper fusion-flex-column-wrapper-legacy\"><div class=\"fusion-text fusion-text-2\"><p>Los derretidores de nieve Trecan son los m\u00e1s eficientes derretidores de nieve en disponibilidad (aproximadamente 98% de eficiencia).<\/p>\n<p>Esto se debe a la combusti\u00f3n sumergida, un m\u00e9todo de calefacci\u00f3n con contacto directo y de transferencia de energ\u00eda desde el proceso de combusti\u00f3n, al agua y a la nieve en el tanque de derretimiento.<\/p>\n<p>&nbsp;<\/p>\n<h3>Trecan en n\u00fameros:<\/h3>\n<ul>\n<li>#1 del mundo en derretidores de nieve<\/li>\n<li>35+ a\u00f1os de experiencia<\/li>\n<li>Performance 100% garantizada<\/li>\n<li>500+ instalaciones mundiales<\/li>\n<li>#1 en calidad garantizada<\/li>\n<li>Diagn\u00f3sticos remotos 24\/7<\/li>\n<li>9 modelos port\u00e1tiles<\/li>\n<li>10+ modelos fijos<\/li>\n<\/ul>\n<h3>Diagn\u00f3sticos remotos<\/h3>\n<p>Todos los derretidores de nieve Trecan, port\u00e1tiles y estacionarios, est\u00e1n disponibles con el paquete de comunicaciones remotas. \u00c9ste permite a Trecan monitorear la operaci\u00f3n, realizar pruebas y diagn\u00f3sticos las 24 horas, los 7 d\u00edas de la semana, pr\u00e1cticamente en cualquier lugar del mundo. Esta caracter\u00edstica \u00fanica permite tambi\u00e9n la detecci\u00f3n remota de fallas y upgrades del software (si fuera requerido y cuando hubiera disponibilidad). Tambi\u00e9n ofrecemos un m\u00f3dulo integrado opcional de GPS.<\/p>\n<h3>Ahorro de costos<\/h3>\n<p>Las demoras en la remoci\u00f3n de nieve pueden, en forma directa e indirecta, resultar en un p\u00e9rdida de ganancias. En aeropuertos, centros de compras y playas de estacionamiento, las demoras en la remoci\u00f3n de la nieve pueden causar grandes p\u00e9rdidas de ganancias adem\u00e1s de los costos de transporte. A pesar de que los costos son de mayor importancia, la rapidez de la extracci\u00f3n tambi\u00e9n lo es.<\/p>\n<h3>Como funcionan los\u00a0derretidores<\/h3>\n<ul>\n<li>La nieve es volcada en un tanque lleno de agua.<\/li>\n<li>El agua es conducida a trav\u00e9s de un cilindro calefaccionado, creando un roc\u00edo de agua caliente.<\/li>\n<li>El roc\u00edo de agua caliente derrite la nieve.<\/li>\n<li>El agua excedente se escapa a trav\u00e9s del drenaje de sobre nivel y es conducida a las cloacas pasando previamente por un filtro que elimina las part\u00edculas grandes de residuos.<\/li>\n<li>El ventilador de aire de la combusti\u00f3n agita el agua para acelerar el proceso de derretimiento.<\/li>\n<\/ul>\n<h3>Acerca de Trecan<\/h3>\n<p>El nombre TRECAN, fue originalmente un acr\u00f3nimo para \u201cInvestigaci\u00f3n e Ingenier\u00eda de Canad\u00e1\u201d (Thermal Research and Engineering Canada). Los or\u00edgenes y la historia de la compa\u00f1\u00eda est\u00e1n inmersos en la tecnolog\u00eda de la combusti\u00f3n y de la eficiencia t\u00e9rmica. Trecan combustiones es una compa\u00f1\u00eda canadiense que ha estado dise\u00f1ando y construyendo derretidores de nieve por m\u00e1s de 35 a\u00f1os y a la fecha ha entregado m\u00e1s de 500 m\u00e1quinas en el mundo, una gran mayor\u00eda de ellos en los Estados Unidos, Canad\u00e1 y Rusia. Trecan es el \u00fanico fabricante\u00a0de derretidores de nieve que construye 9 modelos diferentes de derretidores port\u00e1tiles y m\u00e1s de diez modelos estacionarios con quemadores simples o m\u00faltiples.<\/p>\n<\/div><div class=\"fusion-clearfix\"><\/div><\/div><\/div><div class=\"fusion-layout-column fusion_builder_column fusion-builder-column-5 fusion_builder_column_1_1 1_1 fusion-one-full fusion-column-first fusion-column-last fusion-column-no-min-height\" style=\"--awb-bg-size:cover;--awb-margin-top:0px;--awb-margin-bottom:0px;\"><div class=\"fusion-column-wrapper fusion-flex-column-wrapper-legacy\"><div class=\"fusion-slider-sc fusion-flexslider-loading flexslider flexslider-hover-type-none\" data-slideshow_autoplay=\"1\" data-slideshow_smooth_height=\"0\" data-slideshow_speed=\"7000\" style=\"max-width:100%;height:100%;\"><ul class=\"slides\"><li class=\"image\"><span class=\"fusion-image-hover-element hover-type-none\"><img decoding=\"async\" src=\"https:\/\/telemet.com\/wp-content\/uploads\/2016\/07\/trecan12.jpg\" width=\"908\" height=\"606\" \/><\/span><\/li><li class=\"image\"><span class=\"fusion-image-hover-element hover-type-none\"><img decoding=\"async\" src=\"https:\/\/telemet.com\/wp-content\/uploads\/2016\/07\/trecan11.jpg\" width=\"908\" height=\"606\" \/><\/span><\/li><li class=\"image\"><span class=\"fusion-image-hover-element hover-type-none\"><img decoding=\"async\" src=\"https:\/\/telemet.com\/wp-content\/uploads\/2016\/07\/trecan9.jpg\" width=\"908\" height=\"606\" \/><\/span><\/li><li class=\"image\"><span class=\"fusion-image-hover-element hover-type-none\"><img decoding=\"async\" src=\"https:\/\/telemet.com\/wp-content\/uploads\/2016\/07\/trecan8.jpg\" width=\"908\" height=\"606\" \/><\/span><\/li><li class=\"image\"><span class=\"fusion-image-hover-element hover-type-none\"><img decoding=\"async\" src=\"https:\/\/telemet.com\/wp-content\/uploads\/2016\/07\/trecan6.jpg\" width=\"908\" height=\"606\" \/><\/span><\/li><li class=\"image\"><span class=\"fusion-image-hover-element hover-type-none\"><img decoding=\"async\" src=\"https:\/\/telemet.com\/wp-content\/uploads\/2016\/07\/trecan5.jpg\" width=\"909\" height=\"607\" \/><\/span><\/li><li class=\"image\"><span class=\"fusion-image-hover-element hover-type-none\"><img decoding=\"async\" src=\"https:\/\/telemet.com\/wp-content\/uploads\/2016\/07\/trecan4.jpg\" width=\"909\" height=\"607\" \/><\/span><\/li><li class=\"image\"><span class=\"fusion-image-hover-element hover-type-none\"><img decoding=\"async\" src=\"https:\/\/telemet.com\/wp-content\/uploads\/2016\/07\/trecan2.jpg\" width=\"909\" height=\"607\" \/><\/span><\/li><li class=\"image\"><span class=\"fusion-image-hover-element hover-type-none\"><img decoding=\"async\" src=\"https:\/\/telemet.com\/wp-content\/uploads\/2016\/07\/trecan1.jpg\" width=\"909\" height=\"607\" \/><\/span><\/li><\/ul><\/div><div class=\"fusion-clearfix\"><\/div><\/div><\/div><\/div><\/div><\/p>\n","protected":false},"excerpt":{"rendered":"","protected":false},"author":1,"featured_media":0,"parent":0,"menu_order":26,"comment_status":"closed","ping_status":"closed","template":"","meta":{"footnotes":""},"class_list":["post-6360","page","type-page","status-publish","hentry"],"yoast_head":"<!-- This site is optimized with the Yoast SEO plugin v26.2 - https:\/\/yoast.com\/wordpress\/plugins\/seo\/ -->\n<title>Derretidores de nieve Trecan - Telemet<\/title>\n<meta name=\"robots\" content=\"index, follow, max-snippet:-1, max-image-preview:large, max-video-preview:-1\" \/>\n<link rel=\"canonical\" href=\"https:\/\/telemet.com\/es\/trecan-snowmelters\/\" \/>\n<meta property=\"og:locale\" content=\"es_ES\" \/>\n<meta property=\"og:type\" content=\"article\" \/>\n<meta property=\"og:title\" content=\"Derretidores de nieve Trecan - Telemet\" \/>\n<meta property=\"og:url\" content=\"https:\/\/telemet.com\/es\/trecan-snowmelters\/\" \/>\n<meta property=\"og:site_name\" content=\"Telemet\" \/>\n<meta property=\"article:modified_time\" content=\"2017-04-24T20:44:04+00:00\" \/>\n<meta property=\"og:image\" content=\"https:\/\/telemet.com\/wp-content\/uploads\/2016\/07\/trecan-logo-0.jpg\" \/>\n<meta name=\"twitter:card\" content=\"summary_large_image\" \/>\n<meta name=\"twitter:label1\" content=\"Tiempo de lectura\" \/>\n\t<meta name=\"twitter:data1\" content=\"7 minutes\" \/>\n<script type=\"application\/ld+json\" class=\"yoast-schema-graph\">{\"@context\":\"https:\/\/schema.org\",\"@graph\":[{\"@type\":\"WebPage\",\"@id\":\"https:\/\/telemet.com\/es\/trecan-snowmelters\/\",\"url\":\"https:\/\/telemet.com\/es\/trecan-snowmelters\/\",\"name\":\"Derretidores de nieve Trecan - Telemet\",\"isPartOf\":{\"@id\":\"https:\/\/telemet.com\/es\/#website\"},\"primaryImageOfPage\":{\"@id\":\"https:\/\/telemet.com\/es\/trecan-snowmelters\/#primaryimage\"},\"image\":{\"@id\":\"https:\/\/telemet.com\/es\/trecan-snowmelters\/#primaryimage\"},\"thumbnailUrl\":\"https:\/\/telemet.com\/wp-content\/uploads\/2016\/07\/trecan-logo-0.jpg\",\"datePublished\":\"2016-07-28T13:00:46+00:00\",\"dateModified\":\"2017-04-24T20:44:04+00:00\",\"breadcrumb\":{\"@id\":\"https:\/\/telemet.com\/es\/trecan-snowmelters\/#breadcrumb\"},\"inLanguage\":\"es-ES\",\"potentialAction\":[{\"@type\":\"ReadAction\",\"target\":[\"https:\/\/telemet.com\/es\/trecan-snowmelters\/\"]}]},{\"@type\":\"ImageObject\",\"inLanguage\":\"es-ES\",\"@id\":\"https:\/\/telemet.com\/es\/trecan-snowmelters\/#primaryimage\",\"url\":\"https:\/\/telemet.com\/wp-content\/uploads\/2016\/07\/trecan-logo-0.jpg\",\"contentUrl\":\"https:\/\/telemet.com\/wp-content\/uploads\/2016\/07\/trecan-logo-0.jpg\"},{\"@type\":\"BreadcrumbList\",\"@id\":\"https:\/\/telemet.com\/es\/trecan-snowmelters\/#breadcrumb\",\"itemListElement\":[{\"@type\":\"ListItem\",\"position\":1,\"name\":\"Home\",\"item\":\"https:\/\/telemet.com\/es\/\"},{\"@type\":\"ListItem\",\"position\":2,\"name\":\"Derretidores de nieve Trecan\"}]},{\"@type\":\"WebSite\",\"@id\":\"https:\/\/telemet.com\/es\/#website\",\"url\":\"https:\/\/telemet.com\/es\/\",\"name\":\"Telemet, Inc.\",\"description\":\"Efficiency through Simplicity\",\"potentialAction\":[{\"@type\":\"SearchAction\",\"target\":{\"@type\":\"EntryPoint\",\"urlTemplate\":\"https:\/\/telemet.com\/es\/?s={search_term_string}\"},\"query-input\":{\"@type\":\"PropertyValueSpecification\",\"valueRequired\":true,\"valueName\":\"search_term_string\"}}],\"inLanguage\":\"es-ES\"}]}<\/script>\n<!-- \/ Yoast SEO plugin. -->","yoast_head_json":{"title":"Derretidores de nieve Trecan - Telemet","robots":{"index":"index","follow":"follow","max-snippet":"max-snippet:-1","max-image-preview":"max-image-preview:large","max-video-preview":"max-video-preview:-1"},"canonical":"https:\/\/telemet.com\/es\/trecan-snowmelters\/","og_locale":"es_ES","og_type":"article","og_title":"Derretidores de nieve Trecan - Telemet","og_url":"https:\/\/telemet.com\/es\/trecan-snowmelters\/","og_site_name":"Telemet","article_modified_time":"2017-04-24T20:44:04+00:00","og_image":[{"url":"https:\/\/telemet.com\/wp-content\/uploads\/2016\/07\/trecan-logo-0.jpg","type":"","width":"","height":""}],"twitter_card":"summary_large_image","twitter_misc":{"Tiempo de lectura":"7 minutes"},"schema":{"@context":"https:\/\/schema.org","@graph":[{"@type":"WebPage","@id":"https:\/\/telemet.com\/es\/trecan-snowmelters\/","url":"https:\/\/telemet.com\/es\/trecan-snowmelters\/","name":"Derretidores de nieve Trecan - Telemet","isPartOf":{"@id":"https:\/\/telemet.com\/es\/#website"},"primaryImageOfPage":{"@id":"https:\/\/telemet.com\/es\/trecan-snowmelters\/#primaryimage"},"image":{"@id":"https:\/\/telemet.com\/es\/trecan-snowmelters\/#primaryimage"},"thumbnailUrl":"https:\/\/telemet.com\/wp-content\/uploads\/2016\/07\/trecan-logo-0.jpg","datePublished":"2016-07-28T13:00:46+00:00","dateModified":"2017-04-24T20:44:04+00:00","breadcrumb":{"@id":"https:\/\/telemet.com\/es\/trecan-snowmelters\/#breadcrumb"},"inLanguage":"es-ES","potentialAction":[{"@type":"ReadAction","target":["https:\/\/telemet.com\/es\/trecan-snowmelters\/"]}]},{"@type":"ImageObject","inLanguage":"es-ES","@id":"https:\/\/telemet.com\/es\/trecan-snowmelters\/#primaryimage","url":"https:\/\/telemet.com\/wp-content\/uploads\/2016\/07\/trecan-logo-0.jpg","contentUrl":"https:\/\/telemet.com\/wp-content\/uploads\/2016\/07\/trecan-logo-0.jpg"},{"@type":"BreadcrumbList","@id":"https:\/\/telemet.com\/es\/trecan-snowmelters\/#breadcrumb","itemListElement":[{"@type":"ListItem","position":1,"name":"Home","item":"https:\/\/telemet.com\/es\/"},{"@type":"ListItem","position":2,"name":"Derretidores de nieve Trecan"}]},{"@type":"WebSite","@id":"https:\/\/telemet.com\/es\/#website","url":"https:\/\/telemet.com\/es\/","name":"Telemet, Inc.","description":"Efficiency through Simplicity","potentialAction":[{"@type":"SearchAction","target":{"@type":"EntryPoint","urlTemplate":"https:\/\/telemet.com\/es\/?s={search_term_string}"},"query-input":{"@type":"PropertyValueSpecification","valueRequired":true,"valueName":"search_term_string"}}],"inLanguage":"es-ES"}]}},"_links":{"self":[{"href":"https:\/\/telemet.com\/es\/wp-json\/wp\/v2\/pages\/6360","targetHints":{"allow":["GET"]}}],"collection":[{"href":"https:\/\/telemet.com\/es\/wp-json\/wp\/v2\/pages"}],"about":[{"href":"https:\/\/telemet.com\/es\/wp-json\/wp\/v2\/types\/page"}],"author":[{"embeddable":true,"href":"https:\/\/telemet.com\/es\/wp-json\/wp\/v2\/users\/1"}],"replies":[{"embeddable":true,"href":"https:\/\/telemet.com\/es\/wp-json\/wp\/v2\/comments?post=6360"}],"version-history":[{"count":4,"href":"https:\/\/telemet.com\/es\/wp-json\/wp\/v2\/pages\/6360\/revisions"}],"predecessor-version":[{"id":8477,"href":"https:\/\/telemet.com\/es\/wp-json\/wp\/v2\/pages\/6360\/revisions\/8477"}],"wp:attachment":[{"href":"https:\/\/telemet.com\/es\/wp-json\/wp\/v2\/media?parent=6360"}],"curies":[{"name":"wp","href":"https:\/\/api.w.org\/{rel}","templated":true}]}}