{"id":6382,"date":"2016-07-22T12:57:13","date_gmt":"2016-07-22T12:57:13","guid":{"rendered":"http:\/\/telemet.com\/our-partners\/?lang=es"},"modified":"2017-04-24T20:44:09","modified_gmt":"2017-04-24T20:44:09","slug":"our-partners","status":"publish","type":"page","link":"https:\/\/telemet.com\/es\/our-partners\/","title":{"rendered":"Nuestros Socios"},"content":{"rendered":"<div class=\"fusion-fullwidth fullwidth-box fusion-builder-row-1 hundred-percent-fullwidth non-hundred-percent-height-scrolling\" style=\"--awb-border-radius-top-left:0px;--awb-border-radius-top-right:0px;--awb-border-radius-bottom-right:0px;--awb-border-radius-bottom-left:0px;--awb-overflow:visible;--awb-flex-wrap:wrap;\" ><div class=\"fusion-builder-row fusion-row\"><div class=\"fusion-layout-column fusion_builder_column fusion-builder-column-0 fusion_builder_column_1_1 1_1 fusion-one-full fusion-column-first fusion-column-last\" style=\"--awb-bg-size:cover;\"><div class=\"fusion-column-wrapper fusion-flex-column-wrapper-legacy\"><div class=\"fusion-title title fusion-title-1 fusion-title-center fusion-title-text fusion-title-size-two\" style=\"--awb-sep-color:#eaeaea;\"><div class=\"title-sep-container title-sep-container-left\"><div class=\"title-sep sep-single sep-solid\" style=\"border-color:#eaeaea;\"><\/div><\/div><span class=\"awb-title-spacer\"><\/span><h2 class=\"fusion-title-heading title-heading-center fusion-responsive-typography-calculated\" style=\"margin:0;--fontSize:40;line-height:1.2;\">Telemet est\u00e1 orgulloso de estar en asociaci\u00f3n con un n\u00famero de compa\u00f1\u00edas de alto calibre representando una amplia variedad de servicios profesionales en diferentes campos. Debajo se encuentran algunos de nuestros valuados socios.<\/h2><span class=\"awb-title-spacer\"><\/span><div class=\"title-sep-container title-sep-container-right\"><div class=\"title-sep sep-single sep-solid\" style=\"border-color:#eaeaea;\"><\/div><\/div><\/div><div class=\"fusion-flip-boxes flip-boxes row fusion-columns-2 flip-effect-classic ourparners\"><div class=\"fusion-flip-box-wrapper fusion-column col-lg-6 col-md-6 col-sm-6\"><div class=\"fusion-flip-box flip-right\" tabindex=\"0\"><div class=\"flip-box-inner-wrapper\"><div class=\"flip-box-front\" style=\"--awb-border-size:1px;--awb-border-radius:4px;\"><div class=\"flip-box-front-inner\"><div class=\"flip-box-grafix flip-box-image\"><img decoding=\"async\" src=\"http:\/\/testus.telemet.com\/wp-content\/uploads\/2016\/05\/accuweather.jpg\" width=\"177\" height=\"177\" alt=\"\" \/><\/div><h2 class=\"flip-box-heading without-text\">Accuweather Inc.<\/h2><\/div><\/div><div class=\"flip-box-back\" style=\"--awb-border-size:1px;--awb-border-radius:4px;--awb-background-color-back:#91bfff;--awb-title-back-color:#000000;--awb-text-back-color:#ffffff;\"><div class=\"flip-box-back-inner\"><h3 class=\"flip-box-heading-back\">Accuweather Inc.<\/h3>385 Science Park Road<br \/>\nState College, PA 16803-2215<br \/>\nwww.accuweather.com<\/div><\/div><\/div><\/div><\/div><div class=\"fusion-flip-box-wrapper fusion-column col-lg-6 col-md-6 col-sm-6\"><div class=\"fusion-flip-box flip-right\" tabindex=\"0\"><div class=\"flip-box-inner-wrapper\"><div class=\"flip-box-front\" style=\"--awb-border-size:1px;--awb-border-radius:4px;\"><div class=\"flip-box-front-inner\"><div class=\"flip-box-grafix flip-box-image\"><img decoding=\"async\" src=\"https:\/\/telemet.com\/wp-content\/uploads\/2016\/07\/pb-bt-pwb.jpg\" width=\"177\" height=\"177\" alt=\"\" \/><\/div><h2 class=\"flip-box-heading without-text\">K\u00e4ssbohrer<\/h2><\/div><\/div><div class=\"flip-box-back\" style=\"--awb-border-size:1px;--awb-border-radius:4px;--awb-background-color-back:#f27b7b;--awb-title-back-color:#000000;--awb-text-back-color:#ffffff;\"><div class=\"flip-box-back-inner\"><h3 class=\"flip-box-heading-back\">K\u00e4ssbohrer <\/h3>Gel\u00e4ndefahrzeug GmBH<br \/>\nK\u00e4ssbohrerstrasse 11<br \/>\nD-88471 Laupheim<br \/>\nwww.pistenbully.com<br \/>\nwww.beach-tech.com<\/div><\/div><\/div><\/div><\/div><div class=\"fusion-flip-box-wrapper fusion-column col-lg-6 col-md-6 col-sm-6\"><div class=\"fusion-flip-box flip-right\" tabindex=\"0\"><div class=\"flip-box-inner-wrapper\"><div class=\"flip-box-front\" style=\"--awb-border-size:1px;--awb-border-radius:4px;\"><div class=\"flip-box-front-inner\"><div class=\"flip-box-grafix flip-box-image\"><img decoding=\"async\" src=\"https:\/\/telemet.com\/wp-content\/uploads\/2016\/07\/smi-177.jpg\" width=\"177\" height=\"177\" alt=\"\" \/><\/div><h2 class=\"flip-box-heading without-text\">Snow Machines<\/h2><\/div><\/div><div class=\"flip-box-back\" style=\"--awb-border-size:1px;--awb-border-radius:4px;--awb-background-color-back:#94f2fc;--awb-title-back-color:#000000;--awb-text-back-color:#ffffff;\"><div class=\"flip-box-back-inner\"><h3 class=\"flip-box-heading-back\">Snow Machines, Inc.<\/h3>1512 N. Rockwell Dr.<br \/>\nMidland, MI 48642<br \/>\nwww.snowmakers.com<\/div><\/div><\/div><\/div><\/div><div class=\"fusion-flip-box-wrapper fusion-column col-lg-6 col-md-6 col-sm-6\"><div class=\"fusion-flip-box flip-right\" tabindex=\"0\"><div class=\"flip-box-inner-wrapper\"><div class=\"flip-box-front\" style=\"--awb-border-size:1px;--awb-border-radius:4px;\"><div class=\"flip-box-front-inner\"><div class=\"flip-box-grafix flip-box-image\"><img decoding=\"async\" src=\"http:\/\/testus.telemet.com\/wp-content\/uploads\/2016\/05\/aebi.jpg\" width=\"177\" height=\"177\" alt=\"\" \/><\/div><h2 class=\"flip-box-heading without-text\">AEBI & Co., AG<\/h2><\/div><\/div><div class=\"flip-box-back\" style=\"--awb-border-size:1px;--awb-border-radius:4px;--awb-background-color-back:#d6d6d6;--awb-title-back-color:#000000;--awb-text-back-color:#ffffff;\"><div class=\"flip-box-back-inner\"><h3 class=\"flip-box-heading-back\">AEBI & Co., AG<\/h3>Buchmattstrasse 56, 3400 Burgdorf<br \/>\nSwitzerland<br \/>\nwww.aebi.com<\/div><\/div><\/div><\/div><\/div><div class=\"fusion-flip-box-wrapper fusion-column col-lg-6 col-md-6 col-sm-6\"><div class=\"fusion-flip-box flip-right\" tabindex=\"0\"><div class=\"flip-box-inner-wrapper\"><div class=\"flip-box-front\" style=\"--awb-border-size:1px;--awb-border-radius:4px;\"><div class=\"flip-box-front-inner\"><div class=\"flip-box-grafix flip-box-image\"><img decoding=\"async\" src=\"http:\/\/testus.telemet.com\/wp-content\/uploads\/2016\/05\/kodiak.jpg\" width=\"177\" height=\"177\" alt=\"\" \/><\/div><h2 class=\"flip-box-heading without-text\">Kodiak Northwest<\/h2><\/div><\/div><div class=\"flip-box-back\" style=\"--awb-border-size:1px;--awb-border-radius:4px;--awb-background-color-back:#ffe44f;--awb-title-back-color:#000000;--awb-text-back-color:#ffffff;\"><div class=\"flip-box-back-inner\"><h3 class=\"flip-box-heading-back\">Kodiak Northwest<\/h3>1350 Pomerelle Avenue<br \/>\nBurley, ID 83318<br \/>\nwww.kodiakamerica.us<\/div><\/div><\/div><\/div><\/div><div class=\"fusion-flip-box-wrapper fusion-column col-lg-6 col-md-6 col-sm-6\"><div class=\"fusion-flip-box flip-right\" tabindex=\"0\"><div class=\"flip-box-inner-wrapper\"><div class=\"flip-box-front\" style=\"--awb-border-size:1px;--awb-border-radius:4px;\"><div class=\"flip-box-front-inner\"><div class=\"flip-box-grafix flip-box-image\"><img decoding=\"async\" src=\"http:\/\/testus.telemet.com\/wp-content\/uploads\/2016\/05\/hawaii69.jpg\" width=\"177\" height=\"177\" alt=\"\" \/><\/div><h2 class=\"flip-box-heading without-text\">Hawaii69<\/h2><\/div><\/div><div class=\"flip-box-back\" style=\"--awb-border-size:1px;--awb-border-radius:4px;--awb-background-color-back:#23aadb;--awb-title-back-color:#000000;--awb-text-back-color:#ffffff;\"><div class=\"flip-box-back-inner\"><h3 class=\"flip-box-heading-back\">Hawaii69<\/h3>Los Canteros 8723<br \/>\nLa Reina, Santiago Chile<br \/>\nwww.hawaii69.cl<\/div><\/div><\/div><\/div><\/div><div class=\"fusion-flip-box-wrapper fusion-column col-lg-6 col-md-6 col-sm-6\"><div class=\"fusion-flip-box flip-right\" tabindex=\"0\"><div class=\"flip-box-inner-wrapper\"><div class=\"flip-box-front\" style=\"--awb-border-size:1px;--awb-border-radius:4px;\"><div class=\"flip-box-front-inner\"><div class=\"flip-box-grafix flip-box-image\"><img decoding=\"async\" src=\"http:\/\/testus.telemet.com\/wp-content\/uploads\/2016\/05\/boss.jpg\" width=\"177\" height=\"177\" alt=\"\" \/><\/div><h2 class=\"flip-box-heading without-text\">Dust Control Technology\u00ae<\/h2><\/div><\/div><div class=\"flip-box-back\" style=\"--awb-border-size:1px;--awb-border-radius:4px;--awb-background-color-back:#a0a0a0;--awb-title-back-color:#000000;--awb-text-back-color:#ffffff;\"><div class=\"flip-box-back-inner\"><h3 class=\"flip-box-heading-back\">Dust Control Technology\u00ae<\/h3>1607 W. Chanute Rd.<br \/>\nPeoria, IL 61615<br \/>\nwww.dustboss.com<\/div><\/div><\/div><\/div><\/div><div class=\"fusion-flip-box-wrapper fusion-column col-lg-6 col-md-6 col-sm-6\"><div class=\"fusion-flip-box flip-right\" tabindex=\"0\"><div class=\"flip-box-inner-wrapper\"><div class=\"flip-box-front\" style=\"--awb-border-size:1px;--awb-border-radius:4px;\"><div class=\"flip-box-front-inner\"><div class=\"flip-box-grafix flip-box-image\"><img decoding=\"async\" src=\"http:\/\/testus.telemet.com\/wp-content\/uploads\/2016\/05\/trecan.jpg\" width=\"177\" height=\"177\" alt=\"\" \/><\/div><h2 class=\"flip-box-heading without-text\">Trecan Combustion<\/h2><\/div><\/div><div class=\"flip-box-back\" style=\"--awb-border-size:1px;--awb-border-radius:4px;--awb-background-color-back:#eda521;--awb-title-back-color:#000000;--awb-text-back-color:#ffffff;\"><div class=\"flip-box-back-inner\"><h3 class=\"flip-box-heading-back\">Trecan Combustion Limited<\/h3>4049 St. Margarets Bay Road<br \/>\nHubley, Nova Scotia, B3Z 1C2, Canada<br \/>\nwww.trecan.ca<\/div><\/div><\/div><\/div><\/div><div class=\"fusion-flip-box-wrapper fusion-column col-lg-6 col-md-6 col-sm-6\"><div class=\"fusion-flip-box flip-right\" tabindex=\"0\"><div class=\"flip-box-inner-wrapper\"><div class=\"flip-box-front\" style=\"--awb-border-size:1px;--awb-border-radius:4px;\"><div class=\"flip-box-front-inner\"><div class=\"flip-box-grafix flip-box-image\"><img decoding=\"async\" src=\"https:\/\/telemet.com\/wp-content\/uploads\/2016\/07\/torrent-177.jpg\" width=\"177\" height=\"177\" alt=\"\" \/><\/div><h2 class=\"flip-box-heading without-text\">Torrent<\/h2><\/div><\/div><div class=\"flip-box-back\" style=\"--awb-border-size:1px;--awb-border-radius:4px;--awb-background-color-back:#24cce2;--awb-title-back-color:#000000;--awb-text-back-color:#ffffff;\"><div class=\"flip-box-back-inner\"><h3 class=\"flip-box-heading-back\">Torrent Engineering & Equipment<\/h3>406 E Bell Drive<br \/>\nWarsaw, Indiana 46582<br \/>\nwww.TorrentEE.com<\/div><\/div><\/div><\/div><\/div><div class=\"fusion-flip-box-wrapper fusion-column col-lg-6 col-md-6 col-sm-6\"><div class=\"fusion-flip-box flip-right\" tabindex=\"0\"><div class=\"flip-box-inner-wrapper\"><div class=\"flip-box-front\" style=\"--awb-border-size:1px;--awb-border-radius:4px;\"><div class=\"flip-box-front-inner\"><div class=\"flip-box-grafix flip-box-image\"><img decoding=\"async\" src=\"http:\/\/testus.telemet.com\/wp-content\/uploads\/2016\/05\/onspot.jpg\" width=\"177\" height=\"177\" alt=\"\" \/><\/div><h2 class=\"flip-box-heading without-text\">Onspot<\/h2><\/div><\/div><div class=\"flip-box-back\" style=\"--awb-border-size:1px;--awb-border-radius:4px;--awb-background-color-back:#789dbf;--awb-title-back-color:#000000;--awb-text-back-color:#ffffff;\"><div class=\"flip-box-back-inner\"><h3 class=\"flip-box-heading-back\">Onspot<\/h3>VBG Group Truck Equipment AB<br \/>\nBox 1216<br \/>\nSE-462 28 V\u00e4nersborg<br \/>\nwww.onspot.se<\/div><\/div><\/div><\/div><\/div><div class=\"fusion-flip-box-wrapper fusion-column col-lg-6 col-md-6 col-sm-6\"><div class=\"fusion-flip-box flip-right\" tabindex=\"0\"><div class=\"flip-box-inner-wrapper\"><div class=\"flip-box-front\" style=\"--awb-border-size:1px;--awb-border-radius:4px;\"><div class=\"flip-box-front-inner\"><div class=\"flip-box-grafix flip-box-image\"><img decoding=\"async\" src=\"http:\/\/testus.telemet.com\/wp-content\/uploads\/2016\/05\/liftrack.jpg\" width=\"177\" height=\"177\" alt=\"\" \/><\/div><h2 class=\"flip-box-heading without-text\">Lif-Track, Inc.<\/h2><\/div><\/div><div class=\"flip-box-back\" style=\"--awb-border-size:1px;--awb-border-radius:4px;--awb-background-color-back:#3878bc;--awb-title-back-color:#000000;--awb-text-back-color:#ffffff;\"><div class=\"flip-box-back-inner\"><h3 class=\"flip-box-heading-back\">Lif-Track, Inc.<\/h3>Lif-Tech Equipment Sales, Inc.<br \/>\n927 Broadway<br \/>\nAlbany, NY 12207<br \/>\nwww.liftech.com<\/div><\/div><\/div><\/div><\/div><div class=\"fusion-flip-box-wrapper fusion-column col-lg-6 col-md-6 col-sm-6\"><div class=\"fusion-flip-box flip-right\" tabindex=\"0\"><div class=\"flip-box-inner-wrapper\"><div class=\"flip-box-front\" style=\"--awb-border-size:1px;--awb-border-radius:4px;\"><div class=\"flip-box-front-inner\"><div class=\"flip-box-grafix flip-box-image\"><img decoding=\"async\" src=\"http:\/\/testus.telemet.com\/wp-content\/uploads\/2016\/05\/york.jpg\" width=\"177\" height=\"177\" alt=\"\" \/><\/div><h2 class=\"flip-box-heading without-text\">Snomax<\/h2><\/div><\/div><div class=\"flip-box-back\" style=\"--awb-border-size:1px;--awb-border-radius:4px;--awb-background-color-back:#b5b5b5;--awb-title-back-color:#000000;--awb-text-back-color:#ffffff;\"><div class=\"flip-box-back-inner\"><h3 class=\"flip-box-heading-back\">Snomax International<\/h3>8465 Concord Center Dr. #200<br \/>\nEnglewood\u00a0&#8211; CO 80112<br \/>\nwww.snomax.com<\/div><\/div><\/div><\/div><\/div><div class=\"fusion-flip-box-wrapper fusion-column col-lg-6 col-md-6 col-sm-6\"><div class=\"fusion-flip-box flip-right\" tabindex=\"0\"><div class=\"flip-box-inner-wrapper\"><div class=\"flip-box-front\" style=\"--awb-border-size:1px;--awb-border-radius:4px;\"><div class=\"flip-box-front-inner\"><div class=\"flip-box-grafix flip-box-image\"><img decoding=\"async\" src=\"http:\/\/testus.telemet.com\/wp-content\/uploads\/2016\/05\/hunter.jpg\" width=\"177\" height=\"177\" alt=\"\" \/><\/div><h2 class=\"flip-box-heading without-text\">Hunter Mountain<\/h2><\/div><\/div><div class=\"flip-box-back\" style=\"--awb-border-size:1px;--awb-border-radius:4px;--awb-background-color-back:#edb05c;--awb-title-back-color:#000000;--awb-text-back-color:#ffffff;\"><div class=\"flip-box-back-inner\"><h3 class=\"flip-box-heading-back\">Hunter Mountain Ski Bowl<\/h3>PO Box 295<br \/>\nHunter, NY 12442<br \/>\nwww.huntermtn.com<\/div><\/div><\/div><\/div><\/div><div class=\"fusion-flip-box-wrapper fusion-column col-lg-6 col-md-6 col-sm-6\"><div class=\"fusion-flip-box flip-right\" tabindex=\"0\"><div class=\"flip-box-inner-wrapper\"><div class=\"flip-box-front\" style=\"--awb-border-size:1px;--awb-border-radius:4px;\"><div class=\"flip-box-front-inner\"><div class=\"flip-box-grafix flip-box-image\"><img decoding=\"async\" src=\"http:\/\/testus.telemet.com\/wp-content\/uploads\/2016\/05\/hkd.jpg\" width=\"177\" height=\"177\" alt=\"\" \/><\/div><h2 class=\"flip-box-heading without-text\">Snow Economics, Inc.<\/h2><\/div><\/div><div class=\"flip-box-back\" style=\"--awb-border-size:1px;--awb-border-radius:4px;--awb-background-color-back:#f4c322;--awb-title-back-color:#000000;--awb-text-back-color:#ffffff;\"><div class=\"flip-box-back-inner\"><h3 class=\"flip-box-heading-back\">Snow Economics, Inc.<\/h3>15 Mercer Rd.<br \/>\nNatick, MA 01760<br \/>\nwww.hkdsnowmakers.com<\/div><\/div><\/div><\/div><\/div><\/div><div class=\"clearfix\"><\/div><div class=\"fusion-clearfix\"><\/div><\/div><\/div><div class=\"fusion-layout-column fusion_builder_column fusion-builder-column-1 fusion_builder_column_2_3 2_3 fusion-two-third fusion-column-first\" style=\"--awb-bg-size:cover;width:65.3333%; margin-right: 4%;\"><div class=\"fusion-column-wrapper fusion-flex-column-wrapper-legacy\"><div class=\"fusion-clearfix\"><\/div><\/div><\/div><\/div><\/div>\n","protected":false},"excerpt":{"rendered":"","protected":false},"author":1,"featured_media":0,"parent":0,"menu_order":41,"comment_status":"closed","ping_status":"closed","template":"","meta":{"footnotes":""},"class_list":["post-6382","page","type-page","status-publish","hentry"],"yoast_head":"<!-- This site is optimized with the Yoast SEO plugin v26.2 - https:\/\/yoast.com\/wordpress\/plugins\/seo\/ -->\n<title>Nuestros Socios - Telemet<\/title>\n<meta name=\"robots\" content=\"index, follow, max-snippet:-1, max-image-preview:large, max-video-preview:-1\" \/>\n<link rel=\"canonical\" href=\"https:\/\/telemet.com\/es\/our-partners\/\" \/>\n<meta property=\"og:locale\" content=\"es_ES\" \/>\n<meta property=\"og:type\" content=\"article\" \/>\n<meta property=\"og:title\" content=\"Nuestros Socios - Telemet\" \/>\n<meta property=\"og:url\" content=\"https:\/\/telemet.com\/es\/our-partners\/\" \/>\n<meta property=\"og:site_name\" content=\"Telemet\" \/>\n<meta property=\"article:modified_time\" content=\"2017-04-24T20:44:09+00:00\" \/>\n<meta name=\"twitter:card\" content=\"summary_large_image\" \/>\n<meta name=\"twitter:label1\" content=\"Tiempo de lectura\" \/>\n\t<meta name=\"twitter:data1\" content=\"7 minutes\" \/>\n<script type=\"application\/ld+json\" class=\"yoast-schema-graph\">{\"@context\":\"https:\/\/schema.org\",\"@graph\":[{\"@type\":\"WebPage\",\"@id\":\"https:\/\/telemet.com\/es\/our-partners\/\",\"url\":\"https:\/\/telemet.com\/es\/our-partners\/\",\"name\":\"Nuestros Socios - Telemet\",\"isPartOf\":{\"@id\":\"https:\/\/telemet.com\/es\/#website\"},\"datePublished\":\"2016-07-22T12:57:13+00:00\",\"dateModified\":\"2017-04-24T20:44:09+00:00\",\"breadcrumb\":{\"@id\":\"https:\/\/telemet.com\/es\/our-partners\/#breadcrumb\"},\"inLanguage\":\"es-ES\",\"potentialAction\":[{\"@type\":\"ReadAction\",\"target\":[\"https:\/\/telemet.com\/es\/our-partners\/\"]}]},{\"@type\":\"BreadcrumbList\",\"@id\":\"https:\/\/telemet.com\/es\/our-partners\/#breadcrumb\",\"itemListElement\":[{\"@type\":\"ListItem\",\"position\":1,\"name\":\"Home\",\"item\":\"https:\/\/telemet.com\/es\/\"},{\"@type\":\"ListItem\",\"position\":2,\"name\":\"Nuestros Socios\"}]},{\"@type\":\"WebSite\",\"@id\":\"https:\/\/telemet.com\/es\/#website\",\"url\":\"https:\/\/telemet.com\/es\/\",\"name\":\"Telemet, Inc.\",\"description\":\"Efficiency through Simplicity\",\"potentialAction\":[{\"@type\":\"SearchAction\",\"target\":{\"@type\":\"EntryPoint\",\"urlTemplate\":\"https:\/\/telemet.com\/es\/?s={search_term_string}\"},\"query-input\":{\"@type\":\"PropertyValueSpecification\",\"valueRequired\":true,\"valueName\":\"search_term_string\"}}],\"inLanguage\":\"es-ES\"}]}<\/script>\n<!-- \/ Yoast SEO plugin. -->","yoast_head_json":{"title":"Nuestros Socios - Telemet","robots":{"index":"index","follow":"follow","max-snippet":"max-snippet:-1","max-image-preview":"max-image-preview:large","max-video-preview":"max-video-preview:-1"},"canonical":"https:\/\/telemet.com\/es\/our-partners\/","og_locale":"es_ES","og_type":"article","og_title":"Nuestros Socios - Telemet","og_url":"https:\/\/telemet.com\/es\/our-partners\/","og_site_name":"Telemet","article_modified_time":"2017-04-24T20:44:09+00:00","twitter_card":"summary_large_image","twitter_misc":{"Tiempo de lectura":"7 minutes"},"schema":{"@context":"https:\/\/schema.org","@graph":[{"@type":"WebPage","@id":"https:\/\/telemet.com\/es\/our-partners\/","url":"https:\/\/telemet.com\/es\/our-partners\/","name":"Nuestros Socios - Telemet","isPartOf":{"@id":"https:\/\/telemet.com\/es\/#website"},"datePublished":"2016-07-22T12:57:13+00:00","dateModified":"2017-04-24T20:44:09+00:00","breadcrumb":{"@id":"https:\/\/telemet.com\/es\/our-partners\/#breadcrumb"},"inLanguage":"es-ES","potentialAction":[{"@type":"ReadAction","target":["https:\/\/telemet.com\/es\/our-partners\/"]}]},{"@type":"BreadcrumbList","@id":"https:\/\/telemet.com\/es\/our-partners\/#breadcrumb","itemListElement":[{"@type":"ListItem","position":1,"name":"Home","item":"https:\/\/telemet.com\/es\/"},{"@type":"ListItem","position":2,"name":"Nuestros Socios"}]},{"@type":"WebSite","@id":"https:\/\/telemet.com\/es\/#website","url":"https:\/\/telemet.com\/es\/","name":"Telemet, Inc.","description":"Efficiency through Simplicity","potentialAction":[{"@type":"SearchAction","target":{"@type":"EntryPoint","urlTemplate":"https:\/\/telemet.com\/es\/?s={search_term_string}"},"query-input":{"@type":"PropertyValueSpecification","valueRequired":true,"valueName":"search_term_string"}}],"inLanguage":"es-ES"}]}},"_links":{"self":[{"href":"https:\/\/telemet.com\/es\/wp-json\/wp\/v2\/pages\/6382","targetHints":{"allow":["GET"]}}],"collection":[{"href":"https:\/\/telemet.com\/es\/wp-json\/wp\/v2\/pages"}],"about":[{"href":"https:\/\/telemet.com\/es\/wp-json\/wp\/v2\/types\/page"}],"author":[{"embeddable":true,"href":"https:\/\/telemet.com\/es\/wp-json\/wp\/v2\/users\/1"}],"replies":[{"embeddable":true,"href":"https:\/\/telemet.com\/es\/wp-json\/wp\/v2\/comments?post=6382"}],"version-history":[{"count":4,"href":"https:\/\/telemet.com\/es\/wp-json\/wp\/v2\/pages\/6382\/revisions"}],"predecessor-version":[{"id":8536,"href":"https:\/\/telemet.com\/es\/wp-json\/wp\/v2\/pages\/6382\/revisions\/8536"}],"wp:attachment":[{"href":"https:\/\/telemet.com\/es\/wp-json\/wp\/v2\/media?parent=6382"}],"curies":[{"name":"wp","href":"https:\/\/api.w.org\/{rel}","templated":true}]}}