{"id":6385,"date":"2016-08-30T20:35:50","date_gmt":"2016-08-30T20:35:50","guid":{"rendered":"http:\/\/telemet.com\/pistenbully\/tracks\/?lang=es"},"modified":"2017-04-24T20:43:49","modified_gmt":"2017-04-24T20:43:49","slug":"tracks","status":"publish","type":"page","link":"https:\/\/telemet.com\/es\/pistenbully\/tracks\/","title":{"rendered":"Orugas"},"content":{"rendered":"<div class=\"fusion-fullwidth fullwidth-box fusion-builder-row-1 nonhundred-percent-fullwidth non-hundred-percent-height-scrolling\" style=\"--awb-background-position:left top;--awb-border-radius-top-left:0px;--awb-border-radius-top-right:0px;--awb-border-radius-bottom-right:0px;--awb-border-radius-bottom-left:0px;--awb-padding-top:20px;--awb-padding-bottom:20px;--awb-border-sizes-top:0px;--awb-border-sizes-bottom:0px;--awb-flex-wrap:wrap;\" ><div class=\"fusion-builder-row fusion-row\"><div class=\"fusion-layout-column fusion_builder_column fusion-builder-column-0 fusion_builder_column_1_1 1_1 fusion-one-full fusion-column-first fusion-column-last fusion-column-no-min-height\" style=\"--awb-bg-size:cover;--awb-margin-top:0px;--awb-margin-bottom:0px;\"><div class=\"fusion-column-wrapper fusion-flex-column-wrapper-legacy\"><div class=\"fusion-text fusion-text-1\"><h2>Orugas combinadas Plus<\/h2>\n<p><img decoding=\"async\" class=\"alignleft size-full wp-image-6151\" src=\"https:\/\/telemet.com\/wp-content\/uploads\/2016\/08\/track-1.jpg\" alt=\"track-1\" width=\"220\" height=\"146\" srcset=\"https:\/\/telemet.com\/wp-content\/uploads\/2016\/08\/track-1-200x133.jpg 200w, https:\/\/telemet.com\/wp-content\/uploads\/2016\/08\/track-1.jpg 220w\" sizes=\"(max-width: 220px) 100vw, 220px\" \/><\/p>\n<p>Estas orugas para todo uso son la perfecta combinaci\u00f3n de travesa\u00f1os livianos de aluminio y un borde de corte de gran desempe\u00f1o. Las poderosas, extremadamente resistentes y amplias placas de apoyo le otorgan una gran estabilidad y \u00f3ptima transferencia de fuerza. La oruga combinada Plus puede ser utilizada en cualquier lugar, desde un terreno &#8220;normal&#8221; hasta fuertes pendientes , siempre garantizando un manejo y comportamiento \u00f3ptimo sobre cualquier tipo de nieve.<\/p>\n<p>El nuevo dise\u00f1o consta de 7 bandas que permiten distribuir la fuerza en forma m\u00e1s equilibrada y disminuye la presi\u00f3n sobre los tacos y las bandas de goma. El dise\u00f1o escalonado de los elementos de la oruga ofrece una mejor capacidad de trepado y reducen la vibraci\u00f3n. Combinados los elementos de las gu\u00edas laterales con las p\u00faas, se reduce aun m\u00e1s la diversidad de los componentes.<\/p>\n<h2>X-Track<\/h2>\n<p><img decoding=\"async\" class=\"alignleft size-full wp-image-6153\" src=\"https:\/\/telemet.com\/wp-content\/uploads\/2016\/08\/track-2.jpg\" alt=\"track-2\" width=\"220\" height=\"146\" srcset=\"https:\/\/telemet.com\/wp-content\/uploads\/2016\/08\/track-2-200x133.jpg 200w, https:\/\/telemet.com\/wp-content\/uploads\/2016\/08\/track-2.jpg 220w\" sizes=\"(max-width: 220px) 100vw, 220px\" \/><\/p>\n<p>La oruga X-Track combina un alma de acero con un revestimiento de goma vulcanizada de alta calidad. La malla tiene una estructura de espiga que le otorga un excelente agarre.<\/p>\n<p>Con el X-Track, se puede conducir un PistenBully a trav\u00e9s de zonas boscosas, praderas y p\u00e1ramos produciendo muy poco da\u00f1o al terreno. La oruga tambi\u00e9n aporta una \u00f3ptima estabilidad en terrenos anegados o pantanos \u00a0y asegurando por lo tanto una marcha segura. El X-Track no es solo una oruga de verano. Durante su desarrollo se tom\u00f3 un gran cuidado para asegurarse que el X-Track le otorgara al PistenBully una buena estabilidad y la tracci\u00f3n necesaria sobre la nieve. El X-Track no solo es particularmente adecuado para su uso como una oruga protectora cuando existe una m\u00ednima cobertura de nieve, pero tambi\u00e9n puede ser usada en centros de esqu\u00ed interiores y para la preparaci\u00f3n de pistas. Adem\u00e1s, los travesa\u00f1os de goma aseguran un andar silencioso sobre superficies duras y caminos asfaltados.<\/p>\n<h2>Orugas combinadas<\/h2>\n<p><img decoding=\"async\" class=\"alignleft size-full wp-image-6154\" src=\"https:\/\/telemet.com\/wp-content\/uploads\/2016\/08\/track-3.jpg\" alt=\"track-3\" width=\"220\" height=\"146\" srcset=\"https:\/\/telemet.com\/wp-content\/uploads\/2016\/08\/track-3-200x133.jpg 200w, https:\/\/telemet.com\/wp-content\/uploads\/2016\/08\/track-3.jpg 220w\" sizes=\"(max-width: 220px) 100vw, 220px\" \/><\/p>\n<p>Estas orugas para todo uso son la perfecta combinaci\u00f3n de travesa\u00f1os livianos de aluminio y un borde de acero de servicio pesado para una tracci\u00f3n \u00f3ptima. Estos poderosos y extremadamente resistentes travesa\u00f1os se destacan por su alta resistencia y su \u00f3ptima capacidad de transmisi\u00f3n de fuerza.\u00a0 Los bordes dentados de acero y los componentes adicionales de la oruga, optimizan el manejo y comportamiento al trepar sobre todo tipo de superficies de nieve.<\/p>\n<p>La oruga combinada puede ser utilizada en cualquier lugar, desde un terreno &#8220;normal&#8221; hasta fuertes pendientes. Los bordes de acero dentados no encuentra problemas durante los trabajos de topado o de preparaci\u00f3n, a\u00fan en nieve fabricada o en pendientes heladas. Los bordes de acero dentado tambi\u00e9n proveen una efectiva protecci\u00f3n contra los da\u00f1os y desgastes causado por la tierra cuando se realizan traves\u00edas sobre finas capas de nieve.<\/p>\n<h2>Orugas de acero<\/h2>\n<p><img decoding=\"async\" class=\"alignleft size-full wp-image-6155\" src=\"https:\/\/telemet.com\/wp-content\/uploads\/2016\/08\/track-4.jpg\" alt=\"track-4\" width=\"214\" height=\"146\" srcset=\"https:\/\/telemet.com\/wp-content\/uploads\/2016\/08\/track-4-200x136.jpg 200w, https:\/\/telemet.com\/wp-content\/uploads\/2016\/08\/track-4.jpg 214w\" sizes=\"(max-width: 214px) 100vw, 214px\" \/>La secci\u00f3n cerrada est\u00e1 construida de acero de grano fino, de gran rigidez y bajo desgaste. El perfil afilado del borde penetra bien, a\u00fan en superficies duras. Con una completa dotaci\u00f3n de p\u00faas, la oruga de acero tiene una buena performance de trepado y estabilidad lateral.<\/p>\n<p>Las orugas de acero est\u00e1n dise\u00f1adas para trabajos extremos, m\u00e1ximo empuje sobre terrenos abruptos, sobre hielo y roca. A\u00fan sobre nieve fabricada est\u00e1n perfectamente adecuados a los trabajos de topado o de preparaci\u00f3n.<\/p>\n<\/div><div class=\"fusion-clearfix\"><\/div><\/div><\/div><\/div><\/div>\n","protected":false},"excerpt":{"rendered":"","protected":false},"author":1,"featured_media":0,"parent":6261,"menu_order":25,"comment_status":"closed","ping_status":"closed","template":"side-navigation.php","meta":{"footnotes":""},"class_list":["post-6385","page","type-page","status-publish","hentry"],"yoast_head":"<!-- This site is optimized with the Yoast SEO plugin v26.2 - https:\/\/yoast.com\/wordpress\/plugins\/seo\/ -->\n<title>Orugas - Telemet<\/title>\n<meta name=\"robots\" content=\"index, follow, max-snippet:-1, max-image-preview:large, max-video-preview:-1\" \/>\n<link rel=\"canonical\" href=\"https:\/\/telemet.com\/es\/pistenbully\/tracks\/\" \/>\n<meta property=\"og:locale\" content=\"es_ES\" \/>\n<meta property=\"og:type\" content=\"article\" \/>\n<meta property=\"og:title\" content=\"Orugas - Telemet\" \/>\n<meta property=\"og:url\" content=\"https:\/\/telemet.com\/es\/pistenbully\/tracks\/\" \/>\n<meta property=\"og:site_name\" content=\"Telemet\" \/>\n<meta property=\"article:modified_time\" content=\"2017-04-24T20:43:49+00:00\" \/>\n<meta property=\"og:image\" content=\"https:\/\/telemet.com\/wp-content\/uploads\/2016\/08\/track-1.jpg\" \/>\n<meta name=\"twitter:card\" content=\"summary_large_image\" \/>\n<meta name=\"twitter:label1\" content=\"Tiempo de lectura\" \/>\n\t<meta name=\"twitter:data1\" content=\"4 minutes\" \/>\n<script type=\"application\/ld+json\" class=\"yoast-schema-graph\">{\"@context\":\"https:\/\/schema.org\",\"@graph\":[{\"@type\":\"WebPage\",\"@id\":\"https:\/\/telemet.com\/es\/pistenbully\/tracks\/\",\"url\":\"https:\/\/telemet.com\/es\/pistenbully\/tracks\/\",\"name\":\"Orugas - Telemet\",\"isPartOf\":{\"@id\":\"https:\/\/telemet.com\/es\/#website\"},\"primaryImageOfPage\":{\"@id\":\"https:\/\/telemet.com\/es\/pistenbully\/tracks\/#primaryimage\"},\"image\":{\"@id\":\"https:\/\/telemet.com\/es\/pistenbully\/tracks\/#primaryimage\"},\"thumbnailUrl\":\"https:\/\/telemet.com\/wp-content\/uploads\/2016\/08\/track-1.jpg\",\"datePublished\":\"2016-08-30T20:35:50+00:00\",\"dateModified\":\"2017-04-24T20:43:49+00:00\",\"breadcrumb\":{\"@id\":\"https:\/\/telemet.com\/es\/pistenbully\/tracks\/#breadcrumb\"},\"inLanguage\":\"es-ES\",\"potentialAction\":[{\"@type\":\"ReadAction\",\"target\":[\"https:\/\/telemet.com\/es\/pistenbully\/tracks\/\"]}]},{\"@type\":\"ImageObject\",\"inLanguage\":\"es-ES\",\"@id\":\"https:\/\/telemet.com\/es\/pistenbully\/tracks\/#primaryimage\",\"url\":\"https:\/\/telemet.com\/wp-content\/uploads\/2016\/08\/track-1.jpg\",\"contentUrl\":\"https:\/\/telemet.com\/wp-content\/uploads\/2016\/08\/track-1.jpg\"},{\"@type\":\"BreadcrumbList\",\"@id\":\"https:\/\/telemet.com\/es\/pistenbully\/tracks\/#breadcrumb\",\"itemListElement\":[{\"@type\":\"ListItem\",\"position\":1,\"name\":\"Home\",\"item\":\"https:\/\/telemet.com\/es\/\"},{\"@type\":\"ListItem\",\"position\":2,\"name\":\"PistenBully\",\"item\":\"https:\/\/telemet.com\/es\/pistenbully\/\"},{\"@type\":\"ListItem\",\"position\":3,\"name\":\"Orugas\"}]},{\"@type\":\"WebSite\",\"@id\":\"https:\/\/telemet.com\/es\/#website\",\"url\":\"https:\/\/telemet.com\/es\/\",\"name\":\"Telemet, Inc.\",\"description\":\"Efficiency through Simplicity\",\"potentialAction\":[{\"@type\":\"SearchAction\",\"target\":{\"@type\":\"EntryPoint\",\"urlTemplate\":\"https:\/\/telemet.com\/es\/?s={search_term_string}\"},\"query-input\":{\"@type\":\"PropertyValueSpecification\",\"valueRequired\":true,\"valueName\":\"search_term_string\"}}],\"inLanguage\":\"es-ES\"}]}<\/script>\n<!-- \/ Yoast SEO plugin. -->","yoast_head_json":{"title":"Orugas - Telemet","robots":{"index":"index","follow":"follow","max-snippet":"max-snippet:-1","max-image-preview":"max-image-preview:large","max-video-preview":"max-video-preview:-1"},"canonical":"https:\/\/telemet.com\/es\/pistenbully\/tracks\/","og_locale":"es_ES","og_type":"article","og_title":"Orugas - Telemet","og_url":"https:\/\/telemet.com\/es\/pistenbully\/tracks\/","og_site_name":"Telemet","article_modified_time":"2017-04-24T20:43:49+00:00","og_image":[{"url":"https:\/\/telemet.com\/wp-content\/uploads\/2016\/08\/track-1.jpg","type":"","width":"","height":""}],"twitter_card":"summary_large_image","twitter_misc":{"Tiempo de lectura":"4 minutes"},"schema":{"@context":"https:\/\/schema.org","@graph":[{"@type":"WebPage","@id":"https:\/\/telemet.com\/es\/pistenbully\/tracks\/","url":"https:\/\/telemet.com\/es\/pistenbully\/tracks\/","name":"Orugas - Telemet","isPartOf":{"@id":"https:\/\/telemet.com\/es\/#website"},"primaryImageOfPage":{"@id":"https:\/\/telemet.com\/es\/pistenbully\/tracks\/#primaryimage"},"image":{"@id":"https:\/\/telemet.com\/es\/pistenbully\/tracks\/#primaryimage"},"thumbnailUrl":"https:\/\/telemet.com\/wp-content\/uploads\/2016\/08\/track-1.jpg","datePublished":"2016-08-30T20:35:50+00:00","dateModified":"2017-04-24T20:43:49+00:00","breadcrumb":{"@id":"https:\/\/telemet.com\/es\/pistenbully\/tracks\/#breadcrumb"},"inLanguage":"es-ES","potentialAction":[{"@type":"ReadAction","target":["https:\/\/telemet.com\/es\/pistenbully\/tracks\/"]}]},{"@type":"ImageObject","inLanguage":"es-ES","@id":"https:\/\/telemet.com\/es\/pistenbully\/tracks\/#primaryimage","url":"https:\/\/telemet.com\/wp-content\/uploads\/2016\/08\/track-1.jpg","contentUrl":"https:\/\/telemet.com\/wp-content\/uploads\/2016\/08\/track-1.jpg"},{"@type":"BreadcrumbList","@id":"https:\/\/telemet.com\/es\/pistenbully\/tracks\/#breadcrumb","itemListElement":[{"@type":"ListItem","position":1,"name":"Home","item":"https:\/\/telemet.com\/es\/"},{"@type":"ListItem","position":2,"name":"PistenBully","item":"https:\/\/telemet.com\/es\/pistenbully\/"},{"@type":"ListItem","position":3,"name":"Orugas"}]},{"@type":"WebSite","@id":"https:\/\/telemet.com\/es\/#website","url":"https:\/\/telemet.com\/es\/","name":"Telemet, Inc.","description":"Efficiency through Simplicity","potentialAction":[{"@type":"SearchAction","target":{"@type":"EntryPoint","urlTemplate":"https:\/\/telemet.com\/es\/?s={search_term_string}"},"query-input":{"@type":"PropertyValueSpecification","valueRequired":true,"valueName":"search_term_string"}}],"inLanguage":"es-ES"}]}},"_links":{"self":[{"href":"https:\/\/telemet.com\/es\/wp-json\/wp\/v2\/pages\/6385","targetHints":{"allow":["GET"]}}],"collection":[{"href":"https:\/\/telemet.com\/es\/wp-json\/wp\/v2\/pages"}],"about":[{"href":"https:\/\/telemet.com\/es\/wp-json\/wp\/v2\/types\/page"}],"author":[{"embeddable":true,"href":"https:\/\/telemet.com\/es\/wp-json\/wp\/v2\/users\/1"}],"replies":[{"embeddable":true,"href":"https:\/\/telemet.com\/es\/wp-json\/wp\/v2\/comments?post=6385"}],"version-history":[{"count":2,"href":"https:\/\/telemet.com\/es\/wp-json\/wp\/v2\/pages\/6385\/revisions"}],"predecessor-version":[{"id":8375,"href":"https:\/\/telemet.com\/es\/wp-json\/wp\/v2\/pages\/6385\/revisions\/8375"}],"up":[{"embeddable":true,"href":"https:\/\/telemet.com\/es\/wp-json\/wp\/v2\/pages\/6261"}],"wp:attachment":[{"href":"https:\/\/telemet.com\/es\/wp-json\/wp\/v2\/media?parent=6385"}],"curies":[{"name":"wp","href":"https:\/\/api.w.org\/{rel}","templated":true}]}}