{"id":6388,"date":"2016-08-31T18:21:19","date_gmt":"2016-08-31T18:21:19","guid":{"rendered":"http:\/\/telemet.com\/pistenbully\/snowsat\/?lang=es"},"modified":"2017-04-24T20:43:49","modified_gmt":"2017-04-24T20:43:49","slug":"snowsat","status":"publish","type":"page","link":"https:\/\/telemet.com\/es\/pistenbully\/snowsat\/","title":{"rendered":"SNOWSat"},"content":{"rendered":"<div class=\"fusion-fullwidth fullwidth-box fusion-builder-row-1 nonhundred-percent-fullwidth non-hundred-percent-height-scrolling\" style=\"--awb-background-position:left top;--awb-border-radius-top-left:0px;--awb-border-radius-top-right:0px;--awb-border-radius-bottom-right:0px;--awb-border-radius-bottom-left:0px;--awb-padding-top:20px;--awb-padding-bottom:20px;--awb-border-sizes-top:0px;--awb-border-sizes-bottom:0px;--awb-flex-wrap:wrap;\" ><div class=\"fusion-builder-row fusion-row\"><div class=\"fusion-layout-column fusion_builder_column fusion-builder-column-0 fusion_builder_column_1_1 1_1 fusion-one-full fusion-column-first fusion-column-last fusion-column-no-min-height\" style=\"--awb-bg-size:cover;--awb-margin-top:0px;--awb-margin-bottom:0px;\"><div class=\"fusion-column-wrapper fusion-flex-column-wrapper-legacy\"><div class=\"fusion-text fusion-text-1\"><h2>Ayuda de arriba<\/h2>\n<p>&nbsp;<\/p>\n<p>El SNOWSat es un sistema profesional de manejo de pistas y\u00a0 flota, el cual mide la profundidad de la nieve basandose en la posici\u00f3n satelital.<\/p>\n<h3>Medici\u00f3n de la profundidad de la nieve<\/h3>\n<p>La posici\u00f3n actual del pisa nieves es monitoreada continuamente con una margen de error de unos pocos cent\u00edmetros. El valor que resulte luego de deducir la altura del veh\u00edculo, es comparada\u00a0 con el valor de profundidad del modelo digital del terreno (profundidad de referencia) que est\u00e1 almacenada en el sistema. El espesor de la nieve en la posici\u00f3n actual del veh\u00edculo es la diferencia entre ambas alturas.<\/p>\n<div class=\"fusion-video fusion-vimeo\" style=\"--awb-max-width:820px;--awb-max-height:400px;\"><div class=\"video-shortcode\"><div class=\"fluid-width-video-wrapper\" style=\"padding-top:48.78%;\" ><iframe title=\"Vimeo video player 1\" src=\"https:\/\/player.vimeo.com\/video\/180933996?autoplay=0&amp;autopause=0\" width=\"820\" height=\"400\" allowfullscreen allow=\"autoplay; fullscreen\"><\/iframe><\/div><\/div><\/div>\n<h3>Infraestructura<\/h3>\n<p>El posicionamiento preciso es esencial para determinar con exactitud el espesor de la nieve. Esto requiere de se\u00f1ales de correcci\u00f3n, que al eliminar los errores relacionados con el sistema, aumenta la precisi\u00f3n aun m\u00e1s. La estaci\u00f3n base del SNOWsat calcula estos valores utilizando GPS, y las se\u00f1ales de los sat\u00e9lites GLONASS y GALILEO. Las se\u00f1ales de correcci\u00f3n son enviadas al pisanieves en forma directa o con la ayuda de repetidoras. Estas pueden ser requeridas para garantizar la optima recepci\u00f3n en los centros de esqu\u00ed con topograf\u00eda compleja.<br \/>\nDentro del pisanieves, el receptor de GNSS y la computadora calculan continuamente la posici\u00f3n, la profundidad de la nieve y otros datos del veh\u00edculo y lo presentan en una pantalla t\u00e1ctil ubicada en la cabina del conductor.\u00a0 Cuando el veh\u00edculo est\u00e9 dentro del \u00e1rea de cobertura de un receptor de WiFi del SNOWSat, la informaci\u00f3n ser\u00e1 transmitida autom\u00e1ticamente al servidor del SNOWsat y almacenada all\u00ed.<\/p>\n<div class=\"fusion-video fusion-vimeo\" style=\"--awb-max-width:820px;--awb-max-height:400px;\"><div class=\"video-shortcode\"><div class=\"fluid-width-video-wrapper\" style=\"padding-top:48.78%;\" ><iframe title=\"Vimeo video player 2\" src=\"https:\/\/player.vimeo.com\/video\/180933995?autoplay=0&amp;autopause=0\" width=\"820\" height=\"400\" allowfullscreen allow=\"autoplay; fullscreen\"><\/iframe><\/div><\/div><\/div>\n<h3>Gesti\u00f3n de la flota y las pistas<\/h3>\n<p>El software de an\u00e1lisis utilizado con SNOWsat le permite al administrador de las pistas y de la flota acceder a \u00a0variada informaci\u00f3n y realizar procesos de an\u00e1lisis adicionales. Esto genera resultados diversos: mejora en el proceso de trabajo y en las rutas de los veh\u00edculos, por ejemplo ayuda a incrementar la eficiencia y reducir el consumo del combustible.\u00a0 Los datos del veh\u00edculo y los espesores de nieve se muestran con facilidad sobre un mapa del centro de esqu\u00ed.<\/p>\n<p>La producci\u00f3n de nieve es uno de los costos m\u00e1s grandes de un centro de esqu\u00ed. SNOWsat env\u00eda la informaci\u00f3n detallada de cuales ca\u00f1ones de nieve deber\u00edan ser activados y en qu\u00e9 momento. Esto le permite al centro de esqu\u00ed optimizar el uso de los pisanieves y producir nieve solo cuando se necesita. Esta es una enorme ventaja financiera, que cubre la inversi\u00f3n inicial en un periodo sorprendentemente corto.<\/p>\n<h3>Orientaci\u00f3n y seguridad<\/h3>\n<p>El SNOWsat tambi\u00e9n le provee al conductor con una visi\u00f3n general de\u00a0 toda la informaci\u00f3n importante. Respalda activamente la orientaci\u00f3n dentro el \u00e1rea, sin importar la visibilidad o las condiciones de la nieve. Adem\u00e1s de mostrar los espesores de la nieve, los bordes de la pista, aparatos para fabrica nieve, caminos y senderos, el sistema advierte al conductor sobre zonas peligrosas y de la presencia de otros pisanieves y sus cables de malacate, si estos tambi\u00e9n estuvieran provistos del sistema SNOWsat.<\/p>\n<h3>Sistema vehicular<\/h3>\n<p>Su PistenBully o a\u00fan veh\u00edculos de terceros pueden ser equipados con el sistema vehicular de SNOWsat de su elecci\u00f3n. Esto puede ser realizado fuera de f\u00e1brica o localmente en su centro de esqu\u00ed. Hay varios sistemas de los cuales elegir, adaptados individualmente para la gesti\u00f3n de pista y\/o la gesti\u00f3n de la flota completa.<\/p>\n<\/div><div class=\"fusion-text fusion-text-2\"><h2><\/h2>\n<h2>\u00a1C\u00f3mo funciona!<\/h2>\n<p>Grandes ahorros y la posibilidad de mejoras, adem\u00e1s de los beneficios adicionales, hacen del SNOWsat una inversi\u00f3n que vale la pena para el futuro de cualquier centro de esqu\u00ed.<\/p>\n<p><img decoding=\"async\" class=\"alignnone size-full wp-image-6169\" src=\"https:\/\/telemet.com\/wp-content\/uploads\/2016\/08\/innovation-snowsat-grafik-en.jpg\" alt=\"innovation-snowsat-grafik-en\" width=\"940\" height=\"450\" srcset=\"https:\/\/telemet.com\/wp-content\/uploads\/2016\/08\/innovation-snowsat-grafik-en-200x96.jpg 200w, https:\/\/telemet.com\/wp-content\/uploads\/2016\/08\/innovation-snowsat-grafik-en-300x144.jpg 300w, https:\/\/telemet.com\/wp-content\/uploads\/2016\/08\/innovation-snowsat-grafik-en-400x191.jpg 400w, https:\/\/telemet.com\/wp-content\/uploads\/2016\/08\/innovation-snowsat-grafik-en-600x287.jpg 600w, https:\/\/telemet.com\/wp-content\/uploads\/2016\/08\/innovation-snowsat-grafik-en-768x368.jpg 768w, https:\/\/telemet.com\/wp-content\/uploads\/2016\/08\/innovation-snowsat-grafik-en-800x383.jpg 800w, https:\/\/telemet.com\/wp-content\/uploads\/2016\/08\/innovation-snowsat-grafik-en.jpg 940w\" sizes=\"(max-width: 940px) 100vw, 940px\" \/><\/p>\n<\/div><div class=\"fusion-clearfix\"><\/div><\/div><\/div><\/div><\/div>\n","protected":false},"excerpt":{"rendered":"","protected":false},"author":1,"featured_media":0,"parent":6261,"menu_order":26,"comment_status":"closed","ping_status":"closed","template":"side-navigation.php","meta":{"footnotes":""},"class_list":["post-6388","page","type-page","status-publish","hentry"],"yoast_head":"<!-- This site is optimized with the Yoast SEO plugin v26.2 - https:\/\/yoast.com\/wordpress\/plugins\/seo\/ -->\n<title>SNOWSat - Telemet<\/title>\n<meta name=\"robots\" content=\"index, follow, max-snippet:-1, max-image-preview:large, max-video-preview:-1\" \/>\n<link rel=\"canonical\" href=\"https:\/\/telemet.com\/es\/pistenbully\/snowsat\/\" \/>\n<meta property=\"og:locale\" content=\"es_ES\" \/>\n<meta property=\"og:type\" content=\"article\" \/>\n<meta property=\"og:title\" content=\"SNOWSat - Telemet\" \/>\n<meta property=\"og:url\" content=\"https:\/\/telemet.com\/es\/pistenbully\/snowsat\/\" \/>\n<meta property=\"og:site_name\" content=\"Telemet\" \/>\n<meta property=\"article:modified_time\" content=\"2017-04-24T20:43:49+00:00\" \/>\n<meta property=\"og:image\" content=\"https:\/\/telemet.com\/wp-content\/uploads\/2016\/08\/innovation-snowsat-grafik-en.jpg\" \/>\n<meta name=\"twitter:card\" content=\"summary_large_image\" \/>\n<meta name=\"twitter:label1\" content=\"Tiempo de lectura\" \/>\n\t<meta name=\"twitter:data1\" content=\"4 minutes\" \/>\n<script type=\"application\/ld+json\" class=\"yoast-schema-graph\">{\"@context\":\"https:\/\/schema.org\",\"@graph\":[{\"@type\":\"WebPage\",\"@id\":\"https:\/\/telemet.com\/es\/pistenbully\/snowsat\/\",\"url\":\"https:\/\/telemet.com\/es\/pistenbully\/snowsat\/\",\"name\":\"SNOWSat - Telemet\",\"isPartOf\":{\"@id\":\"https:\/\/telemet.com\/es\/#website\"},\"primaryImageOfPage\":{\"@id\":\"https:\/\/telemet.com\/es\/pistenbully\/snowsat\/#primaryimage\"},\"image\":{\"@id\":\"https:\/\/telemet.com\/es\/pistenbully\/snowsat\/#primaryimage\"},\"thumbnailUrl\":\"https:\/\/telemet.com\/wp-content\/uploads\/2016\/08\/innovation-snowsat-grafik-en.jpg\",\"datePublished\":\"2016-08-31T18:21:19+00:00\",\"dateModified\":\"2017-04-24T20:43:49+00:00\",\"breadcrumb\":{\"@id\":\"https:\/\/telemet.com\/es\/pistenbully\/snowsat\/#breadcrumb\"},\"inLanguage\":\"es-ES\",\"potentialAction\":[{\"@type\":\"ReadAction\",\"target\":[\"https:\/\/telemet.com\/es\/pistenbully\/snowsat\/\"]}]},{\"@type\":\"ImageObject\",\"inLanguage\":\"es-ES\",\"@id\":\"https:\/\/telemet.com\/es\/pistenbully\/snowsat\/#primaryimage\",\"url\":\"https:\/\/telemet.com\/wp-content\/uploads\/2016\/08\/innovation-snowsat-grafik-en.jpg\",\"contentUrl\":\"https:\/\/telemet.com\/wp-content\/uploads\/2016\/08\/innovation-snowsat-grafik-en.jpg\"},{\"@type\":\"BreadcrumbList\",\"@id\":\"https:\/\/telemet.com\/es\/pistenbully\/snowsat\/#breadcrumb\",\"itemListElement\":[{\"@type\":\"ListItem\",\"position\":1,\"name\":\"Home\",\"item\":\"https:\/\/telemet.com\/es\/\"},{\"@type\":\"ListItem\",\"position\":2,\"name\":\"PistenBully\",\"item\":\"https:\/\/telemet.com\/es\/pistenbully\/\"},{\"@type\":\"ListItem\",\"position\":3,\"name\":\"SNOWSat\"}]},{\"@type\":\"WebSite\",\"@id\":\"https:\/\/telemet.com\/es\/#website\",\"url\":\"https:\/\/telemet.com\/es\/\",\"name\":\"Telemet, Inc.\",\"description\":\"Efficiency through Simplicity\",\"potentialAction\":[{\"@type\":\"SearchAction\",\"target\":{\"@type\":\"EntryPoint\",\"urlTemplate\":\"https:\/\/telemet.com\/es\/?s={search_term_string}\"},\"query-input\":{\"@type\":\"PropertyValueSpecification\",\"valueRequired\":true,\"valueName\":\"search_term_string\"}}],\"inLanguage\":\"es-ES\"}]}<\/script>\n<!-- \/ Yoast SEO plugin. -->","yoast_head_json":{"title":"SNOWSat - Telemet","robots":{"index":"index","follow":"follow","max-snippet":"max-snippet:-1","max-image-preview":"max-image-preview:large","max-video-preview":"max-video-preview:-1"},"canonical":"https:\/\/telemet.com\/es\/pistenbully\/snowsat\/","og_locale":"es_ES","og_type":"article","og_title":"SNOWSat - Telemet","og_url":"https:\/\/telemet.com\/es\/pistenbully\/snowsat\/","og_site_name":"Telemet","article_modified_time":"2017-04-24T20:43:49+00:00","og_image":[{"url":"https:\/\/telemet.com\/wp-content\/uploads\/2016\/08\/innovation-snowsat-grafik-en.jpg","type":"","width":"","height":""}],"twitter_card":"summary_large_image","twitter_misc":{"Tiempo de lectura":"4 minutes"},"schema":{"@context":"https:\/\/schema.org","@graph":[{"@type":"WebPage","@id":"https:\/\/telemet.com\/es\/pistenbully\/snowsat\/","url":"https:\/\/telemet.com\/es\/pistenbully\/snowsat\/","name":"SNOWSat - Telemet","isPartOf":{"@id":"https:\/\/telemet.com\/es\/#website"},"primaryImageOfPage":{"@id":"https:\/\/telemet.com\/es\/pistenbully\/snowsat\/#primaryimage"},"image":{"@id":"https:\/\/telemet.com\/es\/pistenbully\/snowsat\/#primaryimage"},"thumbnailUrl":"https:\/\/telemet.com\/wp-content\/uploads\/2016\/08\/innovation-snowsat-grafik-en.jpg","datePublished":"2016-08-31T18:21:19+00:00","dateModified":"2017-04-24T20:43:49+00:00","breadcrumb":{"@id":"https:\/\/telemet.com\/es\/pistenbully\/snowsat\/#breadcrumb"},"inLanguage":"es-ES","potentialAction":[{"@type":"ReadAction","target":["https:\/\/telemet.com\/es\/pistenbully\/snowsat\/"]}]},{"@type":"ImageObject","inLanguage":"es-ES","@id":"https:\/\/telemet.com\/es\/pistenbully\/snowsat\/#primaryimage","url":"https:\/\/telemet.com\/wp-content\/uploads\/2016\/08\/innovation-snowsat-grafik-en.jpg","contentUrl":"https:\/\/telemet.com\/wp-content\/uploads\/2016\/08\/innovation-snowsat-grafik-en.jpg"},{"@type":"BreadcrumbList","@id":"https:\/\/telemet.com\/es\/pistenbully\/snowsat\/#breadcrumb","itemListElement":[{"@type":"ListItem","position":1,"name":"Home","item":"https:\/\/telemet.com\/es\/"},{"@type":"ListItem","position":2,"name":"PistenBully","item":"https:\/\/telemet.com\/es\/pistenbully\/"},{"@type":"ListItem","position":3,"name":"SNOWSat"}]},{"@type":"WebSite","@id":"https:\/\/telemet.com\/es\/#website","url":"https:\/\/telemet.com\/es\/","name":"Telemet, Inc.","description":"Efficiency through Simplicity","potentialAction":[{"@type":"SearchAction","target":{"@type":"EntryPoint","urlTemplate":"https:\/\/telemet.com\/es\/?s={search_term_string}"},"query-input":{"@type":"PropertyValueSpecification","valueRequired":true,"valueName":"search_term_string"}}],"inLanguage":"es-ES"}]}},"_links":{"self":[{"href":"https:\/\/telemet.com\/es\/wp-json\/wp\/v2\/pages\/6388","targetHints":{"allow":["GET"]}}],"collection":[{"href":"https:\/\/telemet.com\/es\/wp-json\/wp\/v2\/pages"}],"about":[{"href":"https:\/\/telemet.com\/es\/wp-json\/wp\/v2\/types\/page"}],"author":[{"embeddable":true,"href":"https:\/\/telemet.com\/es\/wp-json\/wp\/v2\/users\/1"}],"replies":[{"embeddable":true,"href":"https:\/\/telemet.com\/es\/wp-json\/wp\/v2\/comments?post=6388"}],"version-history":[{"count":3,"href":"https:\/\/telemet.com\/es\/wp-json\/wp\/v2\/pages\/6388\/revisions"}],"predecessor-version":[{"id":8371,"href":"https:\/\/telemet.com\/es\/wp-json\/wp\/v2\/pages\/6388\/revisions\/8371"}],"up":[{"embeddable":true,"href":"https:\/\/telemet.com\/es\/wp-json\/wp\/v2\/pages\/6261"}],"wp:attachment":[{"href":"https:\/\/telemet.com\/es\/wp-json\/wp\/v2\/media?parent=6388"}],"curies":[{"name":"wp","href":"https:\/\/api.w.org\/{rel}","templated":true}]}}