{"id":6399,"date":"2016-08-02T22:16:59","date_gmt":"2016-08-02T22:16:28","guid":{"rendered":"http:\/\/telemet.com\/kodiak\/single-engine-snow-blower-full-hydrostatic\/?lang=es"},"modified":"2017-04-24T20:43:57","modified_gmt":"2017-04-24T20:43:57","slug":"single-engine-snow-blower-full-hydrostatic","status":"publish","type":"page","link":"https:\/\/telemet.com\/es\/kodiak\/single-engine-snow-blower-full-hydrostatic\/","title":{"rendered":"Fresa limpia nieve de un motor totalmente hidrost\u00e1tico"},"content":{"rendered":"<div class=\"fusion-fullwidth fullwidth-box fusion-builder-row-1 nonhundred-percent-fullwidth non-hundred-percent-height-scrolling\" style=\"--awb-background-position:left top;--awb-border-radius-top-left:0px;--awb-border-radius-top-right:0px;--awb-border-radius-bottom-right:0px;--awb-border-radius-bottom-left:0px;--awb-padding-top:0px;--awb-padding-bottom:20px;--awb-border-sizes-top:0px;--awb-border-sizes-bottom:0px;--awb-flex-wrap:wrap;\" ><div class=\"fusion-builder-row fusion-row\"><div class=\"fusion-layout-column fusion_builder_column fusion-builder-column-0 fusion_builder_column_1_1 1_1 fusion-one-full fusion-column-first fusion-column-last fusion-column-no-min-height\" style=\"--awb-bg-size:cover;--awb-margin-top:0px;--awb-margin-bottom:0px;\"><div class=\"fusion-column-wrapper fusion-flex-column-wrapper-legacy\"><div class=\"fusion-image-element fusion-image-align-center in-legacy-container\" style=\"text-align:center;--awb-caption-title-font-family:var(--h2_typography-font-family);--awb-caption-title-font-weight:var(--h2_typography-font-weight);--awb-caption-title-font-style:var(--h2_typography-font-style);--awb-caption-title-size:var(--h2_typography-font-size);--awb-caption-title-transform:var(--h2_typography-text-transform);--awb-caption-title-line-height:var(--h2_typography-line-height);--awb-caption-title-letter-spacing:var(--h2_typography-letter-spacing);\"><div class=\"imageframe-align-center\"><span class=\" fusion-imageframe imageframe-none imageframe-1 hover-type-none\"><img decoding=\"async\" width=\"400\" height=\"300\" title=\"3-singleengine_2\" src=\"https:\/\/telemet.com\/wp-content\/uploads\/2016\/08\/3-singleengine_2.jpg\" alt class=\"img-responsive wp-image-2640\" srcset=\"https:\/\/telemet.com\/wp-content\/uploads\/2016\/08\/3-singleengine_2-200x150.jpg 200w, https:\/\/telemet.com\/wp-content\/uploads\/2016\/08\/3-singleengine_2.jpg 400w\" sizes=\"(max-width: 800px) 100vw, 400px\" \/><\/span><\/div><\/div><div class=\"fusion-sep-clear\"><\/div><div class=\"fusion-separator fusion-full-width-sep\" style=\"margin-left: auto;margin-right: auto;margin-top:20px;width:100%;\"><\/div><div class=\"fusion-sep-clear\"><\/div><div class=\"fusion-text fusion-text-1\"><p>La empresa Kodiak ofrece una fresa limpia nieve totalmente hidrost\u00e1tica. Tanto el chasis como el cabezal soplador tienen transmisi\u00f3n hidrost\u00e1tica. El del cabezal soplador es de dos etapas con velocidad infinitamente variable y reversible. Esta unidad incorpora un sensor de carga en el conjunto de la fresa y una opci\u00f3n para que flote el cabezal. Un sistema de direcci\u00f3n digital permite la opci\u00f3n de conducir las ruedas delanteras y traseras de forma individual, ambas de forma simult\u00e1nea o coordinadas. Todas las funciones de conducci\u00f3n pueden realizarse desde el volante e inclusive, la conducci\u00f3n trasera puede realizarse aparte a trav\u00e9s de un joystick. Todos los sensores de posici\u00f3n de la direcci\u00f3n est\u00e1n dentro de los v\u00e1stagos para evitar el congelamiento y da\u00f1os por impacto. Todos los cambios de conducci\u00f3n pueden realizarse en movimiento. Por razones de seguridad estos cambios est\u00e1n limitados a velocidades por debajo de 15 MPH.<\/p>\n<h3>El modelo de un solo motor y con transmisi\u00f3n hidrost\u00e1tica ofrece las siguientes opciones:<\/h3>\n<ul>\n<li>Opciones de potencia de 500 HP a 1000 HP<\/li>\n<li>Dimensiones de tambor de la fresa de 48 pulgadas a 72 pulgadas.<\/li>\n<li>Impelente (ventilador) de 48 pulgadas a 136 pulgadas<\/li>\n<li>Anchos de limpieza de 108 pulgadas a 136 pulgadas<\/li>\n<li>Rendimiento de 3.000 ton\/hora a 6.000 ton\/hora<\/li>\n<li>Opciones de motores: Caterpillar, John Deere, Detroit Diesel o Cummins<\/li>\n<li>Opciones de transmisi\u00f3n: Funk, Grizzly Planetary<\/li>\n<li>Componentes hidrost\u00e1ticos Rexroth, Linde o Sauer Danfoss<\/li>\n<li>Tama\u00f1o de la cabina. Una sola persona (60 pulgadas). Dos personas (72 pulgadas)<\/li>\n<\/ul>\n<\/div><div class=\"fusion-clearfix\"><\/div><\/div><\/div><\/div><\/div>\n","protected":false},"excerpt":{"rendered":"","protected":false},"author":1,"featured_media":0,"parent":6373,"menu_order":2,"comment_status":"closed","ping_status":"closed","template":"side-navigation.php","meta":{"footnotes":""},"class_list":["post-6399","page","type-page","status-publish","hentry"],"yoast_head":"<!-- This site is optimized with the Yoast SEO plugin v26.2 - https:\/\/yoast.com\/wordpress\/plugins\/seo\/ -->\n<title>Fresa limpia nieve de un motor totalmente hidrost\u00e1tico - Telemet<\/title>\n<meta name=\"robots\" content=\"index, follow, max-snippet:-1, max-image-preview:large, max-video-preview:-1\" \/>\n<link rel=\"canonical\" href=\"https:\/\/telemet.com\/es\/kodiak\/single-engine-snow-blower-full-hydrostatic\/\" \/>\n<meta property=\"og:locale\" content=\"es_ES\" \/>\n<meta property=\"og:type\" content=\"article\" \/>\n<meta property=\"og:title\" content=\"Fresa limpia nieve de un motor totalmente hidrost\u00e1tico - Telemet\" \/>\n<meta property=\"og:url\" content=\"https:\/\/telemet.com\/es\/kodiak\/single-engine-snow-blower-full-hydrostatic\/\" \/>\n<meta property=\"og:site_name\" content=\"Telemet\" \/>\n<meta property=\"article:modified_time\" content=\"2017-04-24T20:43:57+00:00\" \/>\n<meta property=\"og:image\" content=\"https:\/\/telemet.com\/wp-content\/uploads\/2016\/08\/3-singleengine_2.jpg\" \/>\n<meta name=\"twitter:card\" content=\"summary_large_image\" \/>\n<meta name=\"twitter:label1\" content=\"Tiempo de lectura\" \/>\n\t<meta name=\"twitter:data1\" content=\"2 minutes\" \/>\n<script type=\"application\/ld+json\" class=\"yoast-schema-graph\">{\"@context\":\"https:\/\/schema.org\",\"@graph\":[{\"@type\":\"WebPage\",\"@id\":\"https:\/\/telemet.com\/es\/kodiak\/single-engine-snow-blower-full-hydrostatic\/\",\"url\":\"https:\/\/telemet.com\/es\/kodiak\/single-engine-snow-blower-full-hydrostatic\/\",\"name\":\"Fresa limpia nieve de un motor totalmente hidrost\u00e1tico - Telemet\",\"isPartOf\":{\"@id\":\"https:\/\/telemet.com\/es\/#website\"},\"primaryImageOfPage\":{\"@id\":\"https:\/\/telemet.com\/es\/kodiak\/single-engine-snow-blower-full-hydrostatic\/#primaryimage\"},\"image\":{\"@id\":\"https:\/\/telemet.com\/es\/kodiak\/single-engine-snow-blower-full-hydrostatic\/#primaryimage\"},\"thumbnailUrl\":\"https:\/\/telemet.com\/wp-content\/uploads\/2016\/08\/3-singleengine_2.jpg\",\"datePublished\":\"2016-08-02T22:16:28+00:00\",\"dateModified\":\"2017-04-24T20:43:57+00:00\",\"breadcrumb\":{\"@id\":\"https:\/\/telemet.com\/es\/kodiak\/single-engine-snow-blower-full-hydrostatic\/#breadcrumb\"},\"inLanguage\":\"es-ES\",\"potentialAction\":[{\"@type\":\"ReadAction\",\"target\":[\"https:\/\/telemet.com\/es\/kodiak\/single-engine-snow-blower-full-hydrostatic\/\"]}]},{\"@type\":\"ImageObject\",\"inLanguage\":\"es-ES\",\"@id\":\"https:\/\/telemet.com\/es\/kodiak\/single-engine-snow-blower-full-hydrostatic\/#primaryimage\",\"url\":\"https:\/\/telemet.com\/wp-content\/uploads\/2016\/08\/3-singleengine_2.jpg\",\"contentUrl\":\"https:\/\/telemet.com\/wp-content\/uploads\/2016\/08\/3-singleengine_2.jpg\"},{\"@type\":\"BreadcrumbList\",\"@id\":\"https:\/\/telemet.com\/es\/kodiak\/single-engine-snow-blower-full-hydrostatic\/#breadcrumb\",\"itemListElement\":[{\"@type\":\"ListItem\",\"position\":1,\"name\":\"Home\",\"item\":\"https:\/\/telemet.com\/es\/\"},{\"@type\":\"ListItem\",\"position\":2,\"name\":\"Kodiak America\",\"item\":\"https:\/\/telemet.com\/es\/kodiak\/\"},{\"@type\":\"ListItem\",\"position\":3,\"name\":\"Fresa limpia nieve de un motor totalmente hidrost\u00e1tico\"}]},{\"@type\":\"WebSite\",\"@id\":\"https:\/\/telemet.com\/es\/#website\",\"url\":\"https:\/\/telemet.com\/es\/\",\"name\":\"Telemet, Inc.\",\"description\":\"Efficiency through Simplicity\",\"potentialAction\":[{\"@type\":\"SearchAction\",\"target\":{\"@type\":\"EntryPoint\",\"urlTemplate\":\"https:\/\/telemet.com\/es\/?s={search_term_string}\"},\"query-input\":{\"@type\":\"PropertyValueSpecification\",\"valueRequired\":true,\"valueName\":\"search_term_string\"}}],\"inLanguage\":\"es-ES\"}]}<\/script>\n<!-- \/ Yoast SEO plugin. -->","yoast_head_json":{"title":"Fresa limpia nieve de un motor totalmente hidrost\u00e1tico - Telemet","robots":{"index":"index","follow":"follow","max-snippet":"max-snippet:-1","max-image-preview":"max-image-preview:large","max-video-preview":"max-video-preview:-1"},"canonical":"https:\/\/telemet.com\/es\/kodiak\/single-engine-snow-blower-full-hydrostatic\/","og_locale":"es_ES","og_type":"article","og_title":"Fresa limpia nieve de un motor totalmente hidrost\u00e1tico - Telemet","og_url":"https:\/\/telemet.com\/es\/kodiak\/single-engine-snow-blower-full-hydrostatic\/","og_site_name":"Telemet","article_modified_time":"2017-04-24T20:43:57+00:00","og_image":[{"url":"https:\/\/telemet.com\/wp-content\/uploads\/2016\/08\/3-singleengine_2.jpg","type":"","width":"","height":""}],"twitter_card":"summary_large_image","twitter_misc":{"Tiempo de lectura":"2 minutes"},"schema":{"@context":"https:\/\/schema.org","@graph":[{"@type":"WebPage","@id":"https:\/\/telemet.com\/es\/kodiak\/single-engine-snow-blower-full-hydrostatic\/","url":"https:\/\/telemet.com\/es\/kodiak\/single-engine-snow-blower-full-hydrostatic\/","name":"Fresa limpia nieve de un motor totalmente hidrost\u00e1tico - Telemet","isPartOf":{"@id":"https:\/\/telemet.com\/es\/#website"},"primaryImageOfPage":{"@id":"https:\/\/telemet.com\/es\/kodiak\/single-engine-snow-blower-full-hydrostatic\/#primaryimage"},"image":{"@id":"https:\/\/telemet.com\/es\/kodiak\/single-engine-snow-blower-full-hydrostatic\/#primaryimage"},"thumbnailUrl":"https:\/\/telemet.com\/wp-content\/uploads\/2016\/08\/3-singleengine_2.jpg","datePublished":"2016-08-02T22:16:28+00:00","dateModified":"2017-04-24T20:43:57+00:00","breadcrumb":{"@id":"https:\/\/telemet.com\/es\/kodiak\/single-engine-snow-blower-full-hydrostatic\/#breadcrumb"},"inLanguage":"es-ES","potentialAction":[{"@type":"ReadAction","target":["https:\/\/telemet.com\/es\/kodiak\/single-engine-snow-blower-full-hydrostatic\/"]}]},{"@type":"ImageObject","inLanguage":"es-ES","@id":"https:\/\/telemet.com\/es\/kodiak\/single-engine-snow-blower-full-hydrostatic\/#primaryimage","url":"https:\/\/telemet.com\/wp-content\/uploads\/2016\/08\/3-singleengine_2.jpg","contentUrl":"https:\/\/telemet.com\/wp-content\/uploads\/2016\/08\/3-singleengine_2.jpg"},{"@type":"BreadcrumbList","@id":"https:\/\/telemet.com\/es\/kodiak\/single-engine-snow-blower-full-hydrostatic\/#breadcrumb","itemListElement":[{"@type":"ListItem","position":1,"name":"Home","item":"https:\/\/telemet.com\/es\/"},{"@type":"ListItem","position":2,"name":"Kodiak America","item":"https:\/\/telemet.com\/es\/kodiak\/"},{"@type":"ListItem","position":3,"name":"Fresa limpia nieve de un motor totalmente hidrost\u00e1tico"}]},{"@type":"WebSite","@id":"https:\/\/telemet.com\/es\/#website","url":"https:\/\/telemet.com\/es\/","name":"Telemet, Inc.","description":"Efficiency through Simplicity","potentialAction":[{"@type":"SearchAction","target":{"@type":"EntryPoint","urlTemplate":"https:\/\/telemet.com\/es\/?s={search_term_string}"},"query-input":{"@type":"PropertyValueSpecification","valueRequired":true,"valueName":"search_term_string"}}],"inLanguage":"es-ES"}]}},"_links":{"self":[{"href":"https:\/\/telemet.com\/es\/wp-json\/wp\/v2\/pages\/6399","targetHints":{"allow":["GET"]}}],"collection":[{"href":"https:\/\/telemet.com\/es\/wp-json\/wp\/v2\/pages"}],"about":[{"href":"https:\/\/telemet.com\/es\/wp-json\/wp\/v2\/types\/page"}],"author":[{"embeddable":true,"href":"https:\/\/telemet.com\/es\/wp-json\/wp\/v2\/users\/1"}],"replies":[{"embeddable":true,"href":"https:\/\/telemet.com\/es\/wp-json\/wp\/v2\/comments?post=6399"}],"version-history":[{"count":3,"href":"https:\/\/telemet.com\/es\/wp-json\/wp\/v2\/pages\/6399\/revisions"}],"predecessor-version":[{"id":8440,"href":"https:\/\/telemet.com\/es\/wp-json\/wp\/v2\/pages\/6399\/revisions\/8440"}],"up":[{"embeddable":true,"href":"https:\/\/telemet.com\/es\/wp-json\/wp\/v2\/pages\/6373"}],"wp:attachment":[{"href":"https:\/\/telemet.com\/es\/wp-json\/wp\/v2\/media?parent=6399"}],"curies":[{"name":"wp","href":"https:\/\/api.w.org\/{rel}","templated":true}]}}