{"id":6403,"date":"2016-08-02T22:16:59","date_gmt":"2016-08-02T22:16:29","guid":{"rendered":"http:\/\/telemet.com\/kodiak\/single-engine-cab-rear-front-discharge\/?lang=es"},"modified":"2017-04-24T20:43:57","modified_gmt":"2017-04-24T20:43:57","slug":"single-engine-cab-rear-front-discharge","status":"publish","type":"page","link":"https:\/\/telemet.com\/es\/kodiak\/single-engine-cab-rear-front-discharge\/","title":{"rendered":"De un motor, cabina simple y con descarga delantera"},"content":{"rendered":"<div class=\"fusion-fullwidth fullwidth-box fusion-builder-row-1 nonhundred-percent-fullwidth non-hundred-percent-height-scrolling\" style=\"--awb-background-position:left top;--awb-border-radius-top-left:0px;--awb-border-radius-top-right:0px;--awb-border-radius-bottom-right:0px;--awb-border-radius-bottom-left:0px;--awb-padding-top:0px;--awb-padding-bottom:20px;--awb-border-sizes-top:0px;--awb-border-sizes-bottom:0px;--awb-flex-wrap:wrap;\" ><div class=\"fusion-builder-row fusion-row\"><div class=\"fusion-layout-column fusion_builder_column fusion-builder-column-0 fusion_builder_column_1_1 1_1 fusion-one-full fusion-column-first fusion-column-last fusion-column-no-min-height\" style=\"--awb-bg-size:cover;--awb-margin-top:0px;--awb-margin-bottom:0px;\"><div class=\"fusion-column-wrapper fusion-flex-column-wrapper-legacy\"><div class=\"fusion-image-element fusion-image-align-center in-legacy-container\" style=\"text-align:center;--awb-caption-title-font-family:var(--h2_typography-font-family);--awb-caption-title-font-weight:var(--h2_typography-font-weight);--awb-caption-title-font-style:var(--h2_typography-font-style);--awb-caption-title-size:var(--h2_typography-font-size);--awb-caption-title-transform:var(--h2_typography-text-transform);--awb-caption-title-line-height:var(--h2_typography-line-height);--awb-caption-title-letter-spacing:var(--h2_typography-letter-spacing);\"><div class=\"imageframe-align-center\"><span class=\" fusion-imageframe imageframe-none imageframe-1 hover-type-none\"><img decoding=\"async\" width=\"400\" height=\"267\" title=\"4-singleengine_3\" src=\"https:\/\/telemet.com\/wp-content\/uploads\/2016\/08\/4-singleengine_3.jpg\" alt class=\"img-responsive wp-image-2642\" srcset=\"https:\/\/telemet.com\/wp-content\/uploads\/2016\/08\/4-singleengine_3-200x134.jpg 200w, https:\/\/telemet.com\/wp-content\/uploads\/2016\/08\/4-singleengine_3.jpg 400w\" sizes=\"(max-width: 800px) 100vw, 400px\" \/><\/span><\/div><\/div><div class=\"fusion-sep-clear\"><\/div><div class=\"fusion-separator fusion-full-width-sep\" style=\"margin-left: auto;margin-right: auto;margin-top:20px;width:100%;\"><\/div><div class=\"fusion-sep-clear\"><\/div><div class=\"fusion-text fusion-text-1\"><p>La fresa limpia nieve de un solo motor y con descarga frontal de la empresa Kodiak Northwest es conducida por una transmisi\u00f3n reversible y el chasis esta potenciado por una transmisi\u00f3n hidrost\u00e1tica de seis velocidades. La unidad de descarga frontal incorpora un sensor de carga en el conjunto de la fresa y una opci\u00f3n para que flote el cabezal. Un sistema de conducci\u00f3n digitalizada de \u00faltima tecnolog\u00eda permite conducir las ruedas delanteras, traseras, ambas simult\u00e1neas o coordinadas, todas desde el volante e inclusive la conducci\u00f3n trasera puede realizarse aparte a trav\u00e9s de un joystick. Se puede cambiar de un m\u00e9todo a otro mientras el equipo est\u00e1 en marcha. Como elemento de seguridad, las funciones de conducci\u00f3n retornan autom\u00e1ticamente a la tracci\u00f3n delantera a una velocidad de 15 MPH (25 Kph).<\/p>\n<h3>El modelo de un solo motor ofrece las siguientes opciones:<\/h3>\n<ul>\n<li>Opciones de potencia de 500 HP a 1200 HP<\/li>\n<li>Dimensiones de tambor de la fresa de 48 pulgadas a 72 pulgadas.<\/li>\n<li>Impelente (ventilador) de 48 pulgadas a 82 pulgadas<\/li>\n<li>Anchos de limpieza de 108 pulgadas a 136 pulgadas<\/li>\n<li>Rendimiento de 3.000 ton\/hora a 10.000 ton\/hora<\/li>\n<li>Opciones de motores: Caterpillar, John Deere, Detroit Diesel o Cummins<\/li>\n<li>Opciones de transmisi\u00f3n: Funk, Eaton-Fuller o Allison<\/li>\n<li>Componentes hidrost\u00e1ticos Rexroth, Linde o Sauer Danfoss<\/li>\n<li>Tama\u00f1o de la cabina. Una sola persona (60 pulgadas). Dos personas (72 pulgadas)<\/li>\n<\/ul>\n<p>Kodiak puede construir el tama\u00f1o de equipo de un solo motor para adecuarse al rendimiento que Ud. requiera. Todas las unidades est\u00e1n disponibles con \u201cspot chutes\u201d opcionales. Kodiak puede incorporar los cambios que cada cliente requiera para adecuarse a sus necesidades espec\u00edficas.<\/p>\n<\/div><div class=\"fusion-clearfix\"><\/div><\/div><\/div><\/div><\/div>\n","protected":false},"excerpt":{"rendered":"","protected":false},"author":1,"featured_media":0,"parent":6373,"menu_order":3,"comment_status":"closed","ping_status":"closed","template":"side-navigation.php","meta":{"footnotes":""},"class_list":["post-6403","page","type-page","status-publish","hentry"],"yoast_head":"<!-- This site is optimized with the Yoast SEO plugin v26.2 - https:\/\/yoast.com\/wordpress\/plugins\/seo\/ -->\n<title>De un motor, cabina simple y con descarga delantera - Telemet<\/title>\n<meta name=\"robots\" content=\"index, follow, max-snippet:-1, max-image-preview:large, max-video-preview:-1\" \/>\n<link rel=\"canonical\" href=\"https:\/\/telemet.com\/es\/kodiak\/single-engine-cab-rear-front-discharge\/\" \/>\n<meta property=\"og:locale\" content=\"es_ES\" \/>\n<meta property=\"og:type\" content=\"article\" \/>\n<meta property=\"og:title\" content=\"De un motor, cabina simple y con descarga delantera - Telemet\" \/>\n<meta property=\"og:url\" content=\"https:\/\/telemet.com\/es\/kodiak\/single-engine-cab-rear-front-discharge\/\" \/>\n<meta property=\"og:site_name\" content=\"Telemet\" \/>\n<meta property=\"article:modified_time\" content=\"2017-04-24T20:43:57+00:00\" \/>\n<meta property=\"og:image\" content=\"https:\/\/telemet.com\/wp-content\/uploads\/2016\/08\/4-singleengine_3.jpg\" \/>\n<meta name=\"twitter:card\" content=\"summary_large_image\" \/>\n<meta name=\"twitter:label1\" content=\"Tiempo de lectura\" \/>\n\t<meta name=\"twitter:data1\" content=\"2 minutes\" \/>\n<script type=\"application\/ld+json\" class=\"yoast-schema-graph\">{\"@context\":\"https:\/\/schema.org\",\"@graph\":[{\"@type\":\"WebPage\",\"@id\":\"https:\/\/telemet.com\/es\/kodiak\/single-engine-cab-rear-front-discharge\/\",\"url\":\"https:\/\/telemet.com\/es\/kodiak\/single-engine-cab-rear-front-discharge\/\",\"name\":\"De un motor, cabina simple y con descarga delantera - Telemet\",\"isPartOf\":{\"@id\":\"https:\/\/telemet.com\/es\/#website\"},\"primaryImageOfPage\":{\"@id\":\"https:\/\/telemet.com\/es\/kodiak\/single-engine-cab-rear-front-discharge\/#primaryimage\"},\"image\":{\"@id\":\"https:\/\/telemet.com\/es\/kodiak\/single-engine-cab-rear-front-discharge\/#primaryimage\"},\"thumbnailUrl\":\"https:\/\/telemet.com\/wp-content\/uploads\/2016\/08\/4-singleengine_3.jpg\",\"datePublished\":\"2016-08-02T22:16:29+00:00\",\"dateModified\":\"2017-04-24T20:43:57+00:00\",\"breadcrumb\":{\"@id\":\"https:\/\/telemet.com\/es\/kodiak\/single-engine-cab-rear-front-discharge\/#breadcrumb\"},\"inLanguage\":\"es-ES\",\"potentialAction\":[{\"@type\":\"ReadAction\",\"target\":[\"https:\/\/telemet.com\/es\/kodiak\/single-engine-cab-rear-front-discharge\/\"]}]},{\"@type\":\"ImageObject\",\"inLanguage\":\"es-ES\",\"@id\":\"https:\/\/telemet.com\/es\/kodiak\/single-engine-cab-rear-front-discharge\/#primaryimage\",\"url\":\"https:\/\/telemet.com\/wp-content\/uploads\/2016\/08\/4-singleengine_3.jpg\",\"contentUrl\":\"https:\/\/telemet.com\/wp-content\/uploads\/2016\/08\/4-singleengine_3.jpg\"},{\"@type\":\"BreadcrumbList\",\"@id\":\"https:\/\/telemet.com\/es\/kodiak\/single-engine-cab-rear-front-discharge\/#breadcrumb\",\"itemListElement\":[{\"@type\":\"ListItem\",\"position\":1,\"name\":\"Home\",\"item\":\"https:\/\/telemet.com\/es\/\"},{\"@type\":\"ListItem\",\"position\":2,\"name\":\"Kodiak America\",\"item\":\"https:\/\/telemet.com\/es\/kodiak\/\"},{\"@type\":\"ListItem\",\"position\":3,\"name\":\"De un motor, cabina simple y con descarga delantera\"}]},{\"@type\":\"WebSite\",\"@id\":\"https:\/\/telemet.com\/es\/#website\",\"url\":\"https:\/\/telemet.com\/es\/\",\"name\":\"Telemet, Inc.\",\"description\":\"Efficiency through Simplicity\",\"potentialAction\":[{\"@type\":\"SearchAction\",\"target\":{\"@type\":\"EntryPoint\",\"urlTemplate\":\"https:\/\/telemet.com\/es\/?s={search_term_string}\"},\"query-input\":{\"@type\":\"PropertyValueSpecification\",\"valueRequired\":true,\"valueName\":\"search_term_string\"}}],\"inLanguage\":\"es-ES\"}]}<\/script>\n<!-- \/ Yoast SEO plugin. -->","yoast_head_json":{"title":"De un motor, cabina simple y con descarga delantera - Telemet","robots":{"index":"index","follow":"follow","max-snippet":"max-snippet:-1","max-image-preview":"max-image-preview:large","max-video-preview":"max-video-preview:-1"},"canonical":"https:\/\/telemet.com\/es\/kodiak\/single-engine-cab-rear-front-discharge\/","og_locale":"es_ES","og_type":"article","og_title":"De un motor, cabina simple y con descarga delantera - Telemet","og_url":"https:\/\/telemet.com\/es\/kodiak\/single-engine-cab-rear-front-discharge\/","og_site_name":"Telemet","article_modified_time":"2017-04-24T20:43:57+00:00","og_image":[{"url":"https:\/\/telemet.com\/wp-content\/uploads\/2016\/08\/4-singleengine_3.jpg","type":"","width":"","height":""}],"twitter_card":"summary_large_image","twitter_misc":{"Tiempo de lectura":"2 minutes"},"schema":{"@context":"https:\/\/schema.org","@graph":[{"@type":"WebPage","@id":"https:\/\/telemet.com\/es\/kodiak\/single-engine-cab-rear-front-discharge\/","url":"https:\/\/telemet.com\/es\/kodiak\/single-engine-cab-rear-front-discharge\/","name":"De un motor, cabina simple y con descarga delantera - Telemet","isPartOf":{"@id":"https:\/\/telemet.com\/es\/#website"},"primaryImageOfPage":{"@id":"https:\/\/telemet.com\/es\/kodiak\/single-engine-cab-rear-front-discharge\/#primaryimage"},"image":{"@id":"https:\/\/telemet.com\/es\/kodiak\/single-engine-cab-rear-front-discharge\/#primaryimage"},"thumbnailUrl":"https:\/\/telemet.com\/wp-content\/uploads\/2016\/08\/4-singleengine_3.jpg","datePublished":"2016-08-02T22:16:29+00:00","dateModified":"2017-04-24T20:43:57+00:00","breadcrumb":{"@id":"https:\/\/telemet.com\/es\/kodiak\/single-engine-cab-rear-front-discharge\/#breadcrumb"},"inLanguage":"es-ES","potentialAction":[{"@type":"ReadAction","target":["https:\/\/telemet.com\/es\/kodiak\/single-engine-cab-rear-front-discharge\/"]}]},{"@type":"ImageObject","inLanguage":"es-ES","@id":"https:\/\/telemet.com\/es\/kodiak\/single-engine-cab-rear-front-discharge\/#primaryimage","url":"https:\/\/telemet.com\/wp-content\/uploads\/2016\/08\/4-singleengine_3.jpg","contentUrl":"https:\/\/telemet.com\/wp-content\/uploads\/2016\/08\/4-singleengine_3.jpg"},{"@type":"BreadcrumbList","@id":"https:\/\/telemet.com\/es\/kodiak\/single-engine-cab-rear-front-discharge\/#breadcrumb","itemListElement":[{"@type":"ListItem","position":1,"name":"Home","item":"https:\/\/telemet.com\/es\/"},{"@type":"ListItem","position":2,"name":"Kodiak America","item":"https:\/\/telemet.com\/es\/kodiak\/"},{"@type":"ListItem","position":3,"name":"De un motor, cabina simple y con descarga delantera"}]},{"@type":"WebSite","@id":"https:\/\/telemet.com\/es\/#website","url":"https:\/\/telemet.com\/es\/","name":"Telemet, Inc.","description":"Efficiency through Simplicity","potentialAction":[{"@type":"SearchAction","target":{"@type":"EntryPoint","urlTemplate":"https:\/\/telemet.com\/es\/?s={search_term_string}"},"query-input":{"@type":"PropertyValueSpecification","valueRequired":true,"valueName":"search_term_string"}}],"inLanguage":"es-ES"}]}},"_links":{"self":[{"href":"https:\/\/telemet.com\/es\/wp-json\/wp\/v2\/pages\/6403","targetHints":{"allow":["GET"]}}],"collection":[{"href":"https:\/\/telemet.com\/es\/wp-json\/wp\/v2\/pages"}],"about":[{"href":"https:\/\/telemet.com\/es\/wp-json\/wp\/v2\/types\/page"}],"author":[{"embeddable":true,"href":"https:\/\/telemet.com\/es\/wp-json\/wp\/v2\/users\/1"}],"replies":[{"embeddable":true,"href":"https:\/\/telemet.com\/es\/wp-json\/wp\/v2\/comments?post=6403"}],"version-history":[{"count":2,"href":"https:\/\/telemet.com\/es\/wp-json\/wp\/v2\/pages\/6403\/revisions"}],"predecessor-version":[{"id":8439,"href":"https:\/\/telemet.com\/es\/wp-json\/wp\/v2\/pages\/6403\/revisions\/8439"}],"up":[{"embeddable":true,"href":"https:\/\/telemet.com\/es\/wp-json\/wp\/v2\/pages\/6373"}],"wp:attachment":[{"href":"https:\/\/telemet.com\/es\/wp-json\/wp\/v2\/media?parent=6403"}],"curies":[{"name":"wp","href":"https:\/\/api.w.org\/{rel}","templated":true}]}}