{"id":6405,"date":"2016-08-02T22:16:59","date_gmt":"2016-08-02T22:16:29","guid":{"rendered":"http:\/\/telemet.com\/kodiak\/hydrostatic-loader-mounted-snow-blower\/?lang=es"},"modified":"2017-04-24T20:43:57","modified_gmt":"2017-04-24T20:43:57","slug":"hydrostatic-loader-mounted-snow-blower","status":"publish","type":"page","link":"https:\/\/telemet.com\/es\/kodiak\/hydrostatic-loader-mounted-snow-blower\/","title":{"rendered":"Fresa limpia nieve con transmisi\u00f3n hidrost\u00e1tica para montaje sobre cargadora"},"content":{"rendered":"<div class=\"fusion-fullwidth fullwidth-box fusion-builder-row-1 nonhundred-percent-fullwidth non-hundred-percent-height-scrolling\" style=\"--awb-background-position:left top;--awb-border-radius-top-left:0px;--awb-border-radius-top-right:0px;--awb-border-radius-bottom-right:0px;--awb-border-radius-bottom-left:0px;--awb-padding-top:0px;--awb-padding-bottom:20px;--awb-border-sizes-top:0px;--awb-border-sizes-bottom:0px;--awb-flex-wrap:wrap;\" ><div class=\"fusion-builder-row fusion-row\"><div class=\"fusion-layout-column fusion_builder_column fusion-builder-column-0 fusion_builder_column_1_1 1_1 fusion-one-full fusion-column-first fusion-column-last fusion-column-no-min-height\" style=\"--awb-bg-size:cover;--awb-margin-top:0px;--awb-margin-bottom:0px;\"><div class=\"fusion-column-wrapper fusion-flex-column-wrapper-legacy\"><div class=\"fusion-image-element fusion-image-align-center in-legacy-container\" style=\"text-align:center;--awb-caption-title-font-family:var(--h2_typography-font-family);--awb-caption-title-font-weight:var(--h2_typography-font-weight);--awb-caption-title-font-style:var(--h2_typography-font-style);--awb-caption-title-size:var(--h2_typography-font-size);--awb-caption-title-transform:var(--h2_typography-text-transform);--awb-caption-title-line-height:var(--h2_typography-line-height);--awb-caption-title-letter-spacing:var(--h2_typography-letter-spacing);\"><div class=\"imageframe-align-center\"><span class=\" fusion-imageframe imageframe-none imageframe-1 hover-type-none\"><img decoding=\"async\" width=\"400\" height=\"300\" title=\"5-LoaderMonted1\" src=\"https:\/\/telemet.com\/wp-content\/uploads\/2016\/08\/5-LoaderMonted1.jpg\" alt class=\"img-responsive wp-image-2645\" srcset=\"https:\/\/telemet.com\/wp-content\/uploads\/2016\/08\/5-LoaderMonted1-200x150.jpg 200w, https:\/\/telemet.com\/wp-content\/uploads\/2016\/08\/5-LoaderMonted1.jpg 400w\" sizes=\"(max-width: 800px) 100vw, 400px\" \/><\/span><\/div><\/div><div class=\"fusion-sep-clear\"><\/div><div class=\"fusion-separator fusion-full-width-sep\" style=\"margin-left: auto;margin-right: auto;margin-top:20px;width:100%;\"><\/div><div class=\"fusion-sep-clear\"><\/div><div class=\"fusion-text fusion-text-1\"><p>Kodiak Northwest ofrece la opci\u00f3n de una fresa limpia nieve hidrost\u00e1tica montada sobre cargadora como as\u00ed tambi\u00e9n un modelo mec\u00e1nico. Adaptadas para ser instaladas sobre las palas cargadoras frontales del cliente utilizando un enganche r\u00e1pido, la unidad Kodiak es una fresa limpia nieves de dos etapas, con velocidades infinitamente variables y reversibles de transmisi\u00f3n hidrost\u00e1tica.<\/p>\n<h3>Las siguientes opciones de tama\u00f1os est\u00e1n disponibles<\/h3>\n<ul>\n<li>Potencia de 180 HP a 600 HP<\/li>\n<li>Dimensiones de tambor de la fresa de 30 pulgadas a 56 pulgadas.<\/li>\n<li>Impelente (ventilador) de 30 pulgadas a 56 pulgadas<\/li>\n<li>Anchos de limpieza de 108 pulgadas a 136 pulgadas<\/li>\n<li>Rendimiento de 1500 ton\/hora a 5000 ton\/hora<\/li>\n<li>Opciones de motor: Caterpillar, Detroit Diesel, John Deere o Cummins.<\/li>\n<li>Sistemas de transmisi\u00f3n hidrost\u00e1tica Rexroth, Linde or Sauer-DanFoss (Sundstrand)<\/li>\n<\/ul>\n<p>Kodiak puede configurar y construir el tama\u00f1o apropiado de fresa limpia nieve para su pala cargadora frontal y lograr el rendimiento pretendido por Ud. Todas las unidades est\u00e1n disponibles con toberas de descarga de variados dise\u00f1os.<\/p>\n<\/div><div class=\"fusion-clearfix\"><\/div><\/div><\/div><\/div><\/div>\n","protected":false},"excerpt":{"rendered":"","protected":false},"author":1,"featured_media":0,"parent":6373,"menu_order":4,"comment_status":"closed","ping_status":"closed","template":"side-navigation.php","meta":{"footnotes":""},"class_list":["post-6405","page","type-page","status-publish","hentry"],"yoast_head":"<!-- This site is optimized with the Yoast SEO plugin v26.2 - https:\/\/yoast.com\/wordpress\/plugins\/seo\/ -->\n<title>Fresa limpia nieve con transmisi\u00f3n hidrost\u00e1tica para montaje sobre cargadora - Telemet<\/title>\n<meta name=\"robots\" content=\"index, follow, max-snippet:-1, max-image-preview:large, max-video-preview:-1\" \/>\n<link rel=\"canonical\" href=\"https:\/\/telemet.com\/es\/kodiak\/hydrostatic-loader-mounted-snow-blower\/\" \/>\n<meta property=\"og:locale\" content=\"es_ES\" \/>\n<meta property=\"og:type\" content=\"article\" \/>\n<meta property=\"og:title\" content=\"Fresa limpia nieve con transmisi\u00f3n hidrost\u00e1tica para montaje sobre cargadora - Telemet\" \/>\n<meta property=\"og:url\" content=\"https:\/\/telemet.com\/es\/kodiak\/hydrostatic-loader-mounted-snow-blower\/\" \/>\n<meta property=\"og:site_name\" content=\"Telemet\" \/>\n<meta property=\"article:modified_time\" content=\"2017-04-24T20:43:57+00:00\" \/>\n<meta property=\"og:image\" content=\"https:\/\/telemet.com\/wp-content\/uploads\/2016\/08\/5-LoaderMonted1.jpg\" \/>\n<meta name=\"twitter:card\" content=\"summary_large_image\" \/>\n<meta name=\"twitter:label1\" content=\"Tiempo de lectura\" \/>\n\t<meta name=\"twitter:data1\" content=\"2 minutes\" \/>\n<script type=\"application\/ld+json\" class=\"yoast-schema-graph\">{\"@context\":\"https:\/\/schema.org\",\"@graph\":[{\"@type\":\"WebPage\",\"@id\":\"https:\/\/telemet.com\/es\/kodiak\/hydrostatic-loader-mounted-snow-blower\/\",\"url\":\"https:\/\/telemet.com\/es\/kodiak\/hydrostatic-loader-mounted-snow-blower\/\",\"name\":\"Fresa limpia nieve con transmisi\u00f3n hidrost\u00e1tica para montaje sobre cargadora - Telemet\",\"isPartOf\":{\"@id\":\"https:\/\/telemet.com\/es\/#website\"},\"primaryImageOfPage\":{\"@id\":\"https:\/\/telemet.com\/es\/kodiak\/hydrostatic-loader-mounted-snow-blower\/#primaryimage\"},\"image\":{\"@id\":\"https:\/\/telemet.com\/es\/kodiak\/hydrostatic-loader-mounted-snow-blower\/#primaryimage\"},\"thumbnailUrl\":\"https:\/\/telemet.com\/wp-content\/uploads\/2016\/08\/5-LoaderMonted1.jpg\",\"datePublished\":\"2016-08-02T22:16:29+00:00\",\"dateModified\":\"2017-04-24T20:43:57+00:00\",\"breadcrumb\":{\"@id\":\"https:\/\/telemet.com\/es\/kodiak\/hydrostatic-loader-mounted-snow-blower\/#breadcrumb\"},\"inLanguage\":\"es-ES\",\"potentialAction\":[{\"@type\":\"ReadAction\",\"target\":[\"https:\/\/telemet.com\/es\/kodiak\/hydrostatic-loader-mounted-snow-blower\/\"]}]},{\"@type\":\"ImageObject\",\"inLanguage\":\"es-ES\",\"@id\":\"https:\/\/telemet.com\/es\/kodiak\/hydrostatic-loader-mounted-snow-blower\/#primaryimage\",\"url\":\"https:\/\/telemet.com\/wp-content\/uploads\/2016\/08\/5-LoaderMonted1.jpg\",\"contentUrl\":\"https:\/\/telemet.com\/wp-content\/uploads\/2016\/08\/5-LoaderMonted1.jpg\"},{\"@type\":\"BreadcrumbList\",\"@id\":\"https:\/\/telemet.com\/es\/kodiak\/hydrostatic-loader-mounted-snow-blower\/#breadcrumb\",\"itemListElement\":[{\"@type\":\"ListItem\",\"position\":1,\"name\":\"Home\",\"item\":\"https:\/\/telemet.com\/es\/\"},{\"@type\":\"ListItem\",\"position\":2,\"name\":\"Kodiak America\",\"item\":\"https:\/\/telemet.com\/es\/kodiak\/\"},{\"@type\":\"ListItem\",\"position\":3,\"name\":\"Fresa limpia nieve con transmisi\u00f3n hidrost\u00e1tica para montaje sobre cargadora\"}]},{\"@type\":\"WebSite\",\"@id\":\"https:\/\/telemet.com\/es\/#website\",\"url\":\"https:\/\/telemet.com\/es\/\",\"name\":\"Telemet, Inc.\",\"description\":\"Efficiency through Simplicity\",\"potentialAction\":[{\"@type\":\"SearchAction\",\"target\":{\"@type\":\"EntryPoint\",\"urlTemplate\":\"https:\/\/telemet.com\/es\/?s={search_term_string}\"},\"query-input\":{\"@type\":\"PropertyValueSpecification\",\"valueRequired\":true,\"valueName\":\"search_term_string\"}}],\"inLanguage\":\"es-ES\"}]}<\/script>\n<!-- \/ Yoast SEO plugin. -->","yoast_head_json":{"title":"Fresa limpia nieve con transmisi\u00f3n hidrost\u00e1tica para montaje sobre cargadora - Telemet","robots":{"index":"index","follow":"follow","max-snippet":"max-snippet:-1","max-image-preview":"max-image-preview:large","max-video-preview":"max-video-preview:-1"},"canonical":"https:\/\/telemet.com\/es\/kodiak\/hydrostatic-loader-mounted-snow-blower\/","og_locale":"es_ES","og_type":"article","og_title":"Fresa limpia nieve con transmisi\u00f3n hidrost\u00e1tica para montaje sobre cargadora - Telemet","og_url":"https:\/\/telemet.com\/es\/kodiak\/hydrostatic-loader-mounted-snow-blower\/","og_site_name":"Telemet","article_modified_time":"2017-04-24T20:43:57+00:00","og_image":[{"url":"https:\/\/telemet.com\/wp-content\/uploads\/2016\/08\/5-LoaderMonted1.jpg","type":"","width":"","height":""}],"twitter_card":"summary_large_image","twitter_misc":{"Tiempo de lectura":"2 minutes"},"schema":{"@context":"https:\/\/schema.org","@graph":[{"@type":"WebPage","@id":"https:\/\/telemet.com\/es\/kodiak\/hydrostatic-loader-mounted-snow-blower\/","url":"https:\/\/telemet.com\/es\/kodiak\/hydrostatic-loader-mounted-snow-blower\/","name":"Fresa limpia nieve con transmisi\u00f3n hidrost\u00e1tica para montaje sobre cargadora - Telemet","isPartOf":{"@id":"https:\/\/telemet.com\/es\/#website"},"primaryImageOfPage":{"@id":"https:\/\/telemet.com\/es\/kodiak\/hydrostatic-loader-mounted-snow-blower\/#primaryimage"},"image":{"@id":"https:\/\/telemet.com\/es\/kodiak\/hydrostatic-loader-mounted-snow-blower\/#primaryimage"},"thumbnailUrl":"https:\/\/telemet.com\/wp-content\/uploads\/2016\/08\/5-LoaderMonted1.jpg","datePublished":"2016-08-02T22:16:29+00:00","dateModified":"2017-04-24T20:43:57+00:00","breadcrumb":{"@id":"https:\/\/telemet.com\/es\/kodiak\/hydrostatic-loader-mounted-snow-blower\/#breadcrumb"},"inLanguage":"es-ES","potentialAction":[{"@type":"ReadAction","target":["https:\/\/telemet.com\/es\/kodiak\/hydrostatic-loader-mounted-snow-blower\/"]}]},{"@type":"ImageObject","inLanguage":"es-ES","@id":"https:\/\/telemet.com\/es\/kodiak\/hydrostatic-loader-mounted-snow-blower\/#primaryimage","url":"https:\/\/telemet.com\/wp-content\/uploads\/2016\/08\/5-LoaderMonted1.jpg","contentUrl":"https:\/\/telemet.com\/wp-content\/uploads\/2016\/08\/5-LoaderMonted1.jpg"},{"@type":"BreadcrumbList","@id":"https:\/\/telemet.com\/es\/kodiak\/hydrostatic-loader-mounted-snow-blower\/#breadcrumb","itemListElement":[{"@type":"ListItem","position":1,"name":"Home","item":"https:\/\/telemet.com\/es\/"},{"@type":"ListItem","position":2,"name":"Kodiak America","item":"https:\/\/telemet.com\/es\/kodiak\/"},{"@type":"ListItem","position":3,"name":"Fresa limpia nieve con transmisi\u00f3n hidrost\u00e1tica para montaje sobre cargadora"}]},{"@type":"WebSite","@id":"https:\/\/telemet.com\/es\/#website","url":"https:\/\/telemet.com\/es\/","name":"Telemet, Inc.","description":"Efficiency through Simplicity","potentialAction":[{"@type":"SearchAction","target":{"@type":"EntryPoint","urlTemplate":"https:\/\/telemet.com\/es\/?s={search_term_string}"},"query-input":{"@type":"PropertyValueSpecification","valueRequired":true,"valueName":"search_term_string"}}],"inLanguage":"es-ES"}]}},"_links":{"self":[{"href":"https:\/\/telemet.com\/es\/wp-json\/wp\/v2\/pages\/6405","targetHints":{"allow":["GET"]}}],"collection":[{"href":"https:\/\/telemet.com\/es\/wp-json\/wp\/v2\/pages"}],"about":[{"href":"https:\/\/telemet.com\/es\/wp-json\/wp\/v2\/types\/page"}],"author":[{"embeddable":true,"href":"https:\/\/telemet.com\/es\/wp-json\/wp\/v2\/users\/1"}],"replies":[{"embeddable":true,"href":"https:\/\/telemet.com\/es\/wp-json\/wp\/v2\/comments?post=6405"}],"version-history":[{"count":3,"href":"https:\/\/telemet.com\/es\/wp-json\/wp\/v2\/pages\/6405\/revisions"}],"predecessor-version":[{"id":8438,"href":"https:\/\/telemet.com\/es\/wp-json\/wp\/v2\/pages\/6405\/revisions\/8438"}],"up":[{"embeddable":true,"href":"https:\/\/telemet.com\/es\/wp-json\/wp\/v2\/pages\/6373"}],"wp:attachment":[{"href":"https:\/\/telemet.com\/es\/wp-json\/wp\/v2\/media?parent=6405"}],"curies":[{"name":"wp","href":"https:\/\/api.w.org\/{rel}","templated":true}]}}