{"id":6439,"date":"2016-08-02T22:16:59","date_gmt":"2016-08-02T22:16:29","guid":{"rendered":"http:\/\/telemet.com\/kodiak\/dump-truck-runway-sweeper-broom\/?lang=es"},"modified":"2017-04-24T20:43:57","modified_gmt":"2017-04-24T20:43:57","slug":"dump-truck-runway-sweeper-broom","status":"publish","type":"page","link":"https:\/\/telemet.com\/es\/kodiak\/dump-truck-runway-sweeper-broom\/","title":{"rendered":"Limpia barredoras para pista de aterrizaje para montaje sobre cami\u00f3n volcador"},"content":{"rendered":"<div class=\"fusion-fullwidth fullwidth-box fusion-builder-row-1 nonhundred-percent-fullwidth non-hundred-percent-height-scrolling\" style=\"--awb-background-position:left top;--awb-border-radius-top-left:0px;--awb-border-radius-top-right:0px;--awb-border-radius-bottom-right:0px;--awb-border-radius-bottom-left:0px;--awb-padding-top:0px;--awb-padding-bottom:20px;--awb-border-sizes-top:0px;--awb-border-sizes-bottom:0px;--awb-flex-wrap:wrap;\" ><div class=\"fusion-builder-row fusion-row\"><div class=\"fusion-layout-column fusion_builder_column fusion-builder-column-0 fusion_builder_column_1_1 1_1 fusion-one-full fusion-column-first fusion-column-last fusion-column-no-min-height\" style=\"--awb-bg-size:cover;--awb-margin-top:0px;--awb-margin-bottom:0px;\"><div class=\"fusion-column-wrapper fusion-flex-column-wrapper-legacy\"><div class=\"fusion-image-element fusion-image-align-center in-legacy-container\" style=\"text-align:center;--awb-caption-title-font-family:var(--h2_typography-font-family);--awb-caption-title-font-weight:var(--h2_typography-font-weight);--awb-caption-title-font-style:var(--h2_typography-font-style);--awb-caption-title-size:var(--h2_typography-font-size);--awb-caption-title-transform:var(--h2_typography-text-transform);--awb-caption-title-line-height:var(--h2_typography-line-height);--awb-caption-title-letter-spacing:var(--h2_typography-letter-spacing);\"><div class=\"imageframe-align-center\"><span class=\" fusion-imageframe imageframe-none imageframe-1 hover-type-none\"><img decoding=\"async\" width=\"400\" height=\"263\" title=\"12-sweeperbrooms_dumptruck\" src=\"https:\/\/telemet.com\/wp-content\/uploads\/2016\/08\/12-sweeperbrooms_dumptruck.jpg\" alt class=\"img-responsive wp-image-2657\" srcset=\"https:\/\/telemet.com\/wp-content\/uploads\/2016\/08\/12-sweeperbrooms_dumptruck-200x132.jpg 200w, https:\/\/telemet.com\/wp-content\/uploads\/2016\/08\/12-sweeperbrooms_dumptruck.jpg 400w\" sizes=\"(max-width: 800px) 100vw, 400px\" \/><\/span><\/div><\/div><div class=\"fusion-sep-clear\"><\/div><div class=\"fusion-separator fusion-full-width-sep\" style=\"margin-left: auto;margin-right: auto;margin-top:20px;width:100%;\"><\/div><div class=\"fusion-sep-clear\"><\/div><div class=\"fusion-text fusion-text-1\"><p>Una opci\u00f3n menos costosa para una limpia barredora para pista de aterrizaje, es montar la barredora en el frente de un cami\u00f3n que ya se posee. El motor auxiliar puede ser montado sobre patines y cargarlo o descargarlo sobre la caja volcadora cuando se lo precise.<\/p>\n<p>El accionamiento de la barredora que est\u00e1 montada adelante del cami\u00f3n es mediante una transmisi\u00f3n hidrost\u00e1tica. Cualquier cami\u00f3n con el tama\u00f1o adecuado es el apropiado y los anchos de las barredoras var\u00edan de 12 a 22 pies. Un compacto panel de control est\u00e1 montado en el interior de la cabina del cami\u00f3n y controla la barredora y el motor de accionamiento. Esta aplicaci\u00f3n permite el uso del cami\u00f3n para otras aplicaciones. La empresa Kodiak construye la limpia barredora y el sistema de enganche, las conexiones hidrost\u00e1ticas y la bomba y el motor hidrost\u00e1tico del propio motor. El montaje puede ser realizado en la f\u00e1brica Kodiak o in situ con personal de Kodiak.<\/p>\n<\/div><div class=\"fusion-clearfix\"><\/div><\/div><\/div><\/div><\/div>\n","protected":false},"excerpt":{"rendered":"","protected":false},"author":1,"featured_media":0,"parent":6373,"menu_order":10,"comment_status":"closed","ping_status":"closed","template":"side-navigation.php","meta":{"footnotes":""},"class_list":["post-6439","page","type-page","status-publish","hentry"],"yoast_head":"<!-- This site is optimized with the Yoast SEO plugin v26.2 - https:\/\/yoast.com\/wordpress\/plugins\/seo\/ -->\n<title>Limpia barredoras para pista de aterrizaje para montaje sobre cami\u00f3n volcador - Telemet<\/title>\n<meta name=\"robots\" content=\"index, follow, max-snippet:-1, max-image-preview:large, max-video-preview:-1\" \/>\n<link rel=\"canonical\" href=\"https:\/\/telemet.com\/es\/kodiak\/dump-truck-runway-sweeper-broom\/\" \/>\n<meta property=\"og:locale\" content=\"es_ES\" \/>\n<meta property=\"og:type\" content=\"article\" \/>\n<meta property=\"og:title\" content=\"Limpia barredoras para pista de aterrizaje para montaje sobre cami\u00f3n volcador - Telemet\" \/>\n<meta property=\"og:url\" content=\"https:\/\/telemet.com\/es\/kodiak\/dump-truck-runway-sweeper-broom\/\" \/>\n<meta property=\"og:site_name\" content=\"Telemet\" \/>\n<meta property=\"article:modified_time\" content=\"2017-04-24T20:43:57+00:00\" \/>\n<meta property=\"og:image\" content=\"https:\/\/telemet.com\/wp-content\/uploads\/2016\/08\/12-sweeperbrooms_dumptruck.jpg\" \/>\n<meta name=\"twitter:card\" content=\"summary_large_image\" \/>\n<meta name=\"twitter:label1\" content=\"Tiempo de lectura\" \/>\n\t<meta name=\"twitter:data1\" content=\"2 minutes\" \/>\n<script type=\"application\/ld+json\" class=\"yoast-schema-graph\">{\"@context\":\"https:\/\/schema.org\",\"@graph\":[{\"@type\":\"WebPage\",\"@id\":\"https:\/\/telemet.com\/es\/kodiak\/dump-truck-runway-sweeper-broom\/\",\"url\":\"https:\/\/telemet.com\/es\/kodiak\/dump-truck-runway-sweeper-broom\/\",\"name\":\"Limpia barredoras para pista de aterrizaje para montaje sobre cami\u00f3n volcador - Telemet\",\"isPartOf\":{\"@id\":\"https:\/\/telemet.com\/es\/#website\"},\"primaryImageOfPage\":{\"@id\":\"https:\/\/telemet.com\/es\/kodiak\/dump-truck-runway-sweeper-broom\/#primaryimage\"},\"image\":{\"@id\":\"https:\/\/telemet.com\/es\/kodiak\/dump-truck-runway-sweeper-broom\/#primaryimage\"},\"thumbnailUrl\":\"https:\/\/telemet.com\/wp-content\/uploads\/2016\/08\/12-sweeperbrooms_dumptruck.jpg\",\"datePublished\":\"2016-08-02T22:16:29+00:00\",\"dateModified\":\"2017-04-24T20:43:57+00:00\",\"breadcrumb\":{\"@id\":\"https:\/\/telemet.com\/es\/kodiak\/dump-truck-runway-sweeper-broom\/#breadcrumb\"},\"inLanguage\":\"es-ES\",\"potentialAction\":[{\"@type\":\"ReadAction\",\"target\":[\"https:\/\/telemet.com\/es\/kodiak\/dump-truck-runway-sweeper-broom\/\"]}]},{\"@type\":\"ImageObject\",\"inLanguage\":\"es-ES\",\"@id\":\"https:\/\/telemet.com\/es\/kodiak\/dump-truck-runway-sweeper-broom\/#primaryimage\",\"url\":\"https:\/\/telemet.com\/wp-content\/uploads\/2016\/08\/12-sweeperbrooms_dumptruck.jpg\",\"contentUrl\":\"https:\/\/telemet.com\/wp-content\/uploads\/2016\/08\/12-sweeperbrooms_dumptruck.jpg\"},{\"@type\":\"BreadcrumbList\",\"@id\":\"https:\/\/telemet.com\/es\/kodiak\/dump-truck-runway-sweeper-broom\/#breadcrumb\",\"itemListElement\":[{\"@type\":\"ListItem\",\"position\":1,\"name\":\"Home\",\"item\":\"https:\/\/telemet.com\/es\/\"},{\"@type\":\"ListItem\",\"position\":2,\"name\":\"Kodiak America\",\"item\":\"https:\/\/telemet.com\/es\/kodiak\/\"},{\"@type\":\"ListItem\",\"position\":3,\"name\":\"Limpia barredoras para pista de aterrizaje para montaje sobre cami\u00f3n volcador\"}]},{\"@type\":\"WebSite\",\"@id\":\"https:\/\/telemet.com\/es\/#website\",\"url\":\"https:\/\/telemet.com\/es\/\",\"name\":\"Telemet, Inc.\",\"description\":\"Efficiency through Simplicity\",\"potentialAction\":[{\"@type\":\"SearchAction\",\"target\":{\"@type\":\"EntryPoint\",\"urlTemplate\":\"https:\/\/telemet.com\/es\/?s={search_term_string}\"},\"query-input\":{\"@type\":\"PropertyValueSpecification\",\"valueRequired\":true,\"valueName\":\"search_term_string\"}}],\"inLanguage\":\"es-ES\"}]}<\/script>\n<!-- \/ Yoast SEO plugin. -->","yoast_head_json":{"title":"Limpia barredoras para pista de aterrizaje para montaje sobre cami\u00f3n volcador - Telemet","robots":{"index":"index","follow":"follow","max-snippet":"max-snippet:-1","max-image-preview":"max-image-preview:large","max-video-preview":"max-video-preview:-1"},"canonical":"https:\/\/telemet.com\/es\/kodiak\/dump-truck-runway-sweeper-broom\/","og_locale":"es_ES","og_type":"article","og_title":"Limpia barredoras para pista de aterrizaje para montaje sobre cami\u00f3n volcador - Telemet","og_url":"https:\/\/telemet.com\/es\/kodiak\/dump-truck-runway-sweeper-broom\/","og_site_name":"Telemet","article_modified_time":"2017-04-24T20:43:57+00:00","og_image":[{"url":"https:\/\/telemet.com\/wp-content\/uploads\/2016\/08\/12-sweeperbrooms_dumptruck.jpg","type":"","width":"","height":""}],"twitter_card":"summary_large_image","twitter_misc":{"Tiempo de lectura":"2 minutes"},"schema":{"@context":"https:\/\/schema.org","@graph":[{"@type":"WebPage","@id":"https:\/\/telemet.com\/es\/kodiak\/dump-truck-runway-sweeper-broom\/","url":"https:\/\/telemet.com\/es\/kodiak\/dump-truck-runway-sweeper-broom\/","name":"Limpia barredoras para pista de aterrizaje para montaje sobre cami\u00f3n volcador - Telemet","isPartOf":{"@id":"https:\/\/telemet.com\/es\/#website"},"primaryImageOfPage":{"@id":"https:\/\/telemet.com\/es\/kodiak\/dump-truck-runway-sweeper-broom\/#primaryimage"},"image":{"@id":"https:\/\/telemet.com\/es\/kodiak\/dump-truck-runway-sweeper-broom\/#primaryimage"},"thumbnailUrl":"https:\/\/telemet.com\/wp-content\/uploads\/2016\/08\/12-sweeperbrooms_dumptruck.jpg","datePublished":"2016-08-02T22:16:29+00:00","dateModified":"2017-04-24T20:43:57+00:00","breadcrumb":{"@id":"https:\/\/telemet.com\/es\/kodiak\/dump-truck-runway-sweeper-broom\/#breadcrumb"},"inLanguage":"es-ES","potentialAction":[{"@type":"ReadAction","target":["https:\/\/telemet.com\/es\/kodiak\/dump-truck-runway-sweeper-broom\/"]}]},{"@type":"ImageObject","inLanguage":"es-ES","@id":"https:\/\/telemet.com\/es\/kodiak\/dump-truck-runway-sweeper-broom\/#primaryimage","url":"https:\/\/telemet.com\/wp-content\/uploads\/2016\/08\/12-sweeperbrooms_dumptruck.jpg","contentUrl":"https:\/\/telemet.com\/wp-content\/uploads\/2016\/08\/12-sweeperbrooms_dumptruck.jpg"},{"@type":"BreadcrumbList","@id":"https:\/\/telemet.com\/es\/kodiak\/dump-truck-runway-sweeper-broom\/#breadcrumb","itemListElement":[{"@type":"ListItem","position":1,"name":"Home","item":"https:\/\/telemet.com\/es\/"},{"@type":"ListItem","position":2,"name":"Kodiak America","item":"https:\/\/telemet.com\/es\/kodiak\/"},{"@type":"ListItem","position":3,"name":"Limpia barredoras para pista de aterrizaje para montaje sobre cami\u00f3n volcador"}]},{"@type":"WebSite","@id":"https:\/\/telemet.com\/es\/#website","url":"https:\/\/telemet.com\/es\/","name":"Telemet, Inc.","description":"Efficiency through Simplicity","potentialAction":[{"@type":"SearchAction","target":{"@type":"EntryPoint","urlTemplate":"https:\/\/telemet.com\/es\/?s={search_term_string}"},"query-input":{"@type":"PropertyValueSpecification","valueRequired":true,"valueName":"search_term_string"}}],"inLanguage":"es-ES"}]}},"_links":{"self":[{"href":"https:\/\/telemet.com\/es\/wp-json\/wp\/v2\/pages\/6439","targetHints":{"allow":["GET"]}}],"collection":[{"href":"https:\/\/telemet.com\/es\/wp-json\/wp\/v2\/pages"}],"about":[{"href":"https:\/\/telemet.com\/es\/wp-json\/wp\/v2\/types\/page"}],"author":[{"embeddable":true,"href":"https:\/\/telemet.com\/es\/wp-json\/wp\/v2\/users\/1"}],"replies":[{"embeddable":true,"href":"https:\/\/telemet.com\/es\/wp-json\/wp\/v2\/comments?post=6439"}],"version-history":[{"count":2,"href":"https:\/\/telemet.com\/es\/wp-json\/wp\/v2\/pages\/6439\/revisions"}],"predecessor-version":[{"id":8432,"href":"https:\/\/telemet.com\/es\/wp-json\/wp\/v2\/pages\/6439\/revisions\/8432"}],"up":[{"embeddable":true,"href":"https:\/\/telemet.com\/es\/wp-json\/wp\/v2\/pages\/6373"}],"wp:attachment":[{"href":"https:\/\/telemet.com\/es\/wp-json\/wp\/v2\/media?parent=6439"}],"curies":[{"name":"wp","href":"https:\/\/api.w.org\/{rel}","templated":true}]}}