{"id":6441,"date":"2016-08-02T22:16:59","date_gmt":"2016-08-02T22:16:41","guid":{"rendered":"http:\/\/telemet.com\/kodiak\/runway-sweeper-brooms-double-engine\/?lang=es"},"modified":"2017-04-24T20:43:57","modified_gmt":"2017-04-24T20:43:57","slug":"runway-sweeper-brooms-double-engine","status":"publish","type":"page","link":"https:\/\/telemet.com\/es\/kodiak\/runway-sweeper-brooms-double-engine\/","title":{"rendered":"Limpia barredoras con dos motores, para pista de aterrizaje"},"content":{"rendered":"<div class=\"fusion-fullwidth fullwidth-box fusion-builder-row-1 nonhundred-percent-fullwidth non-hundred-percent-height-scrolling\" style=\"--awb-background-position:left top;--awb-border-radius-top-left:0px;--awb-border-radius-top-right:0px;--awb-border-radius-bottom-right:0px;--awb-border-radius-bottom-left:0px;--awb-padding-top:0px;--awb-padding-bottom:20px;--awb-border-sizes-top:0px;--awb-border-sizes-bottom:0px;--awb-flex-wrap:wrap;\" ><div class=\"fusion-builder-row fusion-row\"><div class=\"fusion-layout-column fusion_builder_column fusion-builder-column-0 fusion_builder_column_1_1 1_1 fusion-one-full fusion-column-first fusion-column-last fusion-column-no-min-height\" style=\"--awb-bg-size:cover;--awb-margin-top:0px;--awb-margin-bottom:0px;\"><div class=\"fusion-column-wrapper fusion-flex-column-wrapper-legacy\"><div class=\"fusion-image-element fusion-image-align-center in-legacy-container\" style=\"text-align:center;--awb-caption-title-font-family:var(--h2_typography-font-family);--awb-caption-title-font-weight:var(--h2_typography-font-weight);--awb-caption-title-font-style:var(--h2_typography-font-style);--awb-caption-title-size:var(--h2_typography-font-size);--awb-caption-title-transform:var(--h2_typography-text-transform);--awb-caption-title-line-height:var(--h2_typography-line-height);--awb-caption-title-letter-spacing:var(--h2_typography-letter-spacing);\"><div class=\"imageframe-align-center\"><span class=\" fusion-imageframe imageframe-none imageframe-1 hover-type-none\"><img decoding=\"async\" width=\"300\" height=\"225\" title=\"13-sweeperbrooms_doubleengine\" src=\"https:\/\/telemet.com\/wp-content\/uploads\/2016\/08\/13-sweeperbrooms_doubleengine.jpg\" alt class=\"img-responsive wp-image-2659\" srcset=\"https:\/\/telemet.com\/wp-content\/uploads\/2016\/08\/13-sweeperbrooms_doubleengine-200x150.jpg 200w, https:\/\/telemet.com\/wp-content\/uploads\/2016\/08\/13-sweeperbrooms_doubleengine.jpg 300w\" sizes=\"(max-width: 800px) 100vw, 300px\" \/><\/span><\/div><\/div><div class=\"fusion-sep-clear\"><\/div><div class=\"fusion-separator fusion-full-width-sep\" style=\"margin-left: auto;margin-right: auto;margin-top:20px;width:100%;\"><\/div><div class=\"fusion-sep-clear\"><\/div><div class=\"fusion-text fusion-text-1\"><p>Las barredoras Kodiak para pistas de aterrizaje combinan las probadas tecnolog\u00edas de transmisi\u00f3n central o desde una de las puntas de la m\u00e1quina, con un mismo chasis que soporta las fresas limpia nieve de doble motor. Un sistema interno de soplado de aire con brazos retractiles, provee la caracter\u00edstica adicional de barrido con aire por detr\u00e1s del cabezal de la fresa. La columna de aire se invierte autom\u00e1ticamente cuando la barredora cambia de \u00e1ngulo. Un protector de cabezal elevable, permite al operador descargar toda nieve acumulada sobre la fresa limpianieve. Esta barredora incorpora todas las \u00faltimas tecnolog\u00edas y componentes.<\/p>\n<h3>Las siguientes opciones est\u00e1n disponibles:<\/h3>\n<ul>\n<li>Potencia del transportador de 250 HP a 400 HP<\/li>\n<li>Potencia del motor auxiliar de 400 HP a 600 HP<\/li>\n<li>Tama\u00f1o de los pelos de 36 pulgadas a 46 pulgadas<\/li>\n<li>Ancho de la barredora de 12 pies a 22 pies<\/li>\n<li>Componentes hidrost\u00e1ticos: Rexroth, Linde o Sauer Danfoss<\/li>\n<li>Tama\u00f1o de la cabina: simple cabina (60\u201d) con el operador al centro o doble cabina (72\u201d) con el operador ubicado a la derecha o a la izquierda.<\/li>\n<li>Velocidades de barrido de hasta 30 mph, (50 kph).<\/li>\n<\/ul>\n<\/div><div class=\"fusion-clearfix\"><\/div><\/div><\/div><\/div><\/div>\n","protected":false},"excerpt":{"rendered":"","protected":false},"author":1,"featured_media":0,"parent":6373,"menu_order":11,"comment_status":"closed","ping_status":"closed","template":"side-navigation.php","meta":{"footnotes":""},"class_list":["post-6441","page","type-page","status-publish","hentry"],"yoast_head":"<!-- This site is optimized with the Yoast SEO plugin v26.2 - https:\/\/yoast.com\/wordpress\/plugins\/seo\/ -->\n<title>Limpia barredoras con dos motores, para pista de aterrizaje - Telemet<\/title>\n<meta name=\"robots\" content=\"index, follow, max-snippet:-1, max-image-preview:large, max-video-preview:-1\" \/>\n<link rel=\"canonical\" href=\"https:\/\/telemet.com\/es\/kodiak\/runway-sweeper-brooms-double-engine\/\" \/>\n<meta property=\"og:locale\" content=\"es_ES\" \/>\n<meta property=\"og:type\" content=\"article\" \/>\n<meta property=\"og:title\" content=\"Limpia barredoras con dos motores, para pista de aterrizaje - Telemet\" \/>\n<meta property=\"og:url\" content=\"https:\/\/telemet.com\/es\/kodiak\/runway-sweeper-brooms-double-engine\/\" \/>\n<meta property=\"og:site_name\" content=\"Telemet\" \/>\n<meta property=\"article:modified_time\" content=\"2017-04-24T20:43:57+00:00\" \/>\n<meta property=\"og:image\" content=\"https:\/\/telemet.com\/wp-content\/uploads\/2016\/08\/13-sweeperbrooms_doubleengine.jpg\" \/>\n<meta name=\"twitter:card\" content=\"summary_large_image\" \/>\n<meta name=\"twitter:label1\" content=\"Tiempo de lectura\" \/>\n\t<meta name=\"twitter:data1\" content=\"2 minutes\" \/>\n<script type=\"application\/ld+json\" class=\"yoast-schema-graph\">{\"@context\":\"https:\/\/schema.org\",\"@graph\":[{\"@type\":\"WebPage\",\"@id\":\"https:\/\/telemet.com\/es\/kodiak\/runway-sweeper-brooms-double-engine\/\",\"url\":\"https:\/\/telemet.com\/es\/kodiak\/runway-sweeper-brooms-double-engine\/\",\"name\":\"Limpia barredoras con dos motores, para pista de aterrizaje - Telemet\",\"isPartOf\":{\"@id\":\"https:\/\/telemet.com\/es\/#website\"},\"primaryImageOfPage\":{\"@id\":\"https:\/\/telemet.com\/es\/kodiak\/runway-sweeper-brooms-double-engine\/#primaryimage\"},\"image\":{\"@id\":\"https:\/\/telemet.com\/es\/kodiak\/runway-sweeper-brooms-double-engine\/#primaryimage\"},\"thumbnailUrl\":\"https:\/\/telemet.com\/wp-content\/uploads\/2016\/08\/13-sweeperbrooms_doubleengine.jpg\",\"datePublished\":\"2016-08-02T22:16:41+00:00\",\"dateModified\":\"2017-04-24T20:43:57+00:00\",\"breadcrumb\":{\"@id\":\"https:\/\/telemet.com\/es\/kodiak\/runway-sweeper-brooms-double-engine\/#breadcrumb\"},\"inLanguage\":\"es-ES\",\"potentialAction\":[{\"@type\":\"ReadAction\",\"target\":[\"https:\/\/telemet.com\/es\/kodiak\/runway-sweeper-brooms-double-engine\/\"]}]},{\"@type\":\"ImageObject\",\"inLanguage\":\"es-ES\",\"@id\":\"https:\/\/telemet.com\/es\/kodiak\/runway-sweeper-brooms-double-engine\/#primaryimage\",\"url\":\"https:\/\/telemet.com\/wp-content\/uploads\/2016\/08\/13-sweeperbrooms_doubleengine.jpg\",\"contentUrl\":\"https:\/\/telemet.com\/wp-content\/uploads\/2016\/08\/13-sweeperbrooms_doubleengine.jpg\"},{\"@type\":\"BreadcrumbList\",\"@id\":\"https:\/\/telemet.com\/es\/kodiak\/runway-sweeper-brooms-double-engine\/#breadcrumb\",\"itemListElement\":[{\"@type\":\"ListItem\",\"position\":1,\"name\":\"Home\",\"item\":\"https:\/\/telemet.com\/es\/\"},{\"@type\":\"ListItem\",\"position\":2,\"name\":\"Kodiak America\",\"item\":\"https:\/\/telemet.com\/es\/kodiak\/\"},{\"@type\":\"ListItem\",\"position\":3,\"name\":\"Limpia barredoras con dos motores, para pista de aterrizaje\"}]},{\"@type\":\"WebSite\",\"@id\":\"https:\/\/telemet.com\/es\/#website\",\"url\":\"https:\/\/telemet.com\/es\/\",\"name\":\"Telemet, Inc.\",\"description\":\"Efficiency through Simplicity\",\"potentialAction\":[{\"@type\":\"SearchAction\",\"target\":{\"@type\":\"EntryPoint\",\"urlTemplate\":\"https:\/\/telemet.com\/es\/?s={search_term_string}\"},\"query-input\":{\"@type\":\"PropertyValueSpecification\",\"valueRequired\":true,\"valueName\":\"search_term_string\"}}],\"inLanguage\":\"es-ES\"}]}<\/script>\n<!-- \/ Yoast SEO plugin. -->","yoast_head_json":{"title":"Limpia barredoras con dos motores, para pista de aterrizaje - Telemet","robots":{"index":"index","follow":"follow","max-snippet":"max-snippet:-1","max-image-preview":"max-image-preview:large","max-video-preview":"max-video-preview:-1"},"canonical":"https:\/\/telemet.com\/es\/kodiak\/runway-sweeper-brooms-double-engine\/","og_locale":"es_ES","og_type":"article","og_title":"Limpia barredoras con dos motores, para pista de aterrizaje - Telemet","og_url":"https:\/\/telemet.com\/es\/kodiak\/runway-sweeper-brooms-double-engine\/","og_site_name":"Telemet","article_modified_time":"2017-04-24T20:43:57+00:00","og_image":[{"url":"https:\/\/telemet.com\/wp-content\/uploads\/2016\/08\/13-sweeperbrooms_doubleengine.jpg","type":"","width":"","height":""}],"twitter_card":"summary_large_image","twitter_misc":{"Tiempo de lectura":"2 minutes"},"schema":{"@context":"https:\/\/schema.org","@graph":[{"@type":"WebPage","@id":"https:\/\/telemet.com\/es\/kodiak\/runway-sweeper-brooms-double-engine\/","url":"https:\/\/telemet.com\/es\/kodiak\/runway-sweeper-brooms-double-engine\/","name":"Limpia barredoras con dos motores, para pista de aterrizaje - Telemet","isPartOf":{"@id":"https:\/\/telemet.com\/es\/#website"},"primaryImageOfPage":{"@id":"https:\/\/telemet.com\/es\/kodiak\/runway-sweeper-brooms-double-engine\/#primaryimage"},"image":{"@id":"https:\/\/telemet.com\/es\/kodiak\/runway-sweeper-brooms-double-engine\/#primaryimage"},"thumbnailUrl":"https:\/\/telemet.com\/wp-content\/uploads\/2016\/08\/13-sweeperbrooms_doubleengine.jpg","datePublished":"2016-08-02T22:16:41+00:00","dateModified":"2017-04-24T20:43:57+00:00","breadcrumb":{"@id":"https:\/\/telemet.com\/es\/kodiak\/runway-sweeper-brooms-double-engine\/#breadcrumb"},"inLanguage":"es-ES","potentialAction":[{"@type":"ReadAction","target":["https:\/\/telemet.com\/es\/kodiak\/runway-sweeper-brooms-double-engine\/"]}]},{"@type":"ImageObject","inLanguage":"es-ES","@id":"https:\/\/telemet.com\/es\/kodiak\/runway-sweeper-brooms-double-engine\/#primaryimage","url":"https:\/\/telemet.com\/wp-content\/uploads\/2016\/08\/13-sweeperbrooms_doubleengine.jpg","contentUrl":"https:\/\/telemet.com\/wp-content\/uploads\/2016\/08\/13-sweeperbrooms_doubleengine.jpg"},{"@type":"BreadcrumbList","@id":"https:\/\/telemet.com\/es\/kodiak\/runway-sweeper-brooms-double-engine\/#breadcrumb","itemListElement":[{"@type":"ListItem","position":1,"name":"Home","item":"https:\/\/telemet.com\/es\/"},{"@type":"ListItem","position":2,"name":"Kodiak America","item":"https:\/\/telemet.com\/es\/kodiak\/"},{"@type":"ListItem","position":3,"name":"Limpia barredoras con dos motores, para pista de aterrizaje"}]},{"@type":"WebSite","@id":"https:\/\/telemet.com\/es\/#website","url":"https:\/\/telemet.com\/es\/","name":"Telemet, Inc.","description":"Efficiency through Simplicity","potentialAction":[{"@type":"SearchAction","target":{"@type":"EntryPoint","urlTemplate":"https:\/\/telemet.com\/es\/?s={search_term_string}"},"query-input":{"@type":"PropertyValueSpecification","valueRequired":true,"valueName":"search_term_string"}}],"inLanguage":"es-ES"}]}},"_links":{"self":[{"href":"https:\/\/telemet.com\/es\/wp-json\/wp\/v2\/pages\/6441","targetHints":{"allow":["GET"]}}],"collection":[{"href":"https:\/\/telemet.com\/es\/wp-json\/wp\/v2\/pages"}],"about":[{"href":"https:\/\/telemet.com\/es\/wp-json\/wp\/v2\/types\/page"}],"author":[{"embeddable":true,"href":"https:\/\/telemet.com\/es\/wp-json\/wp\/v2\/users\/1"}],"replies":[{"embeddable":true,"href":"https:\/\/telemet.com\/es\/wp-json\/wp\/v2\/comments?post=6441"}],"version-history":[{"count":2,"href":"https:\/\/telemet.com\/es\/wp-json\/wp\/v2\/pages\/6441\/revisions"}],"predecessor-version":[{"id":8431,"href":"https:\/\/telemet.com\/es\/wp-json\/wp\/v2\/pages\/6441\/revisions\/8431"}],"up":[{"embeddable":true,"href":"https:\/\/telemet.com\/es\/wp-json\/wp\/v2\/pages\/6373"}],"wp:attachment":[{"href":"https:\/\/telemet.com\/es\/wp-json\/wp\/v2\/media?parent=6441"}],"curies":[{"name":"wp","href":"https:\/\/api.w.org\/{rel}","templated":true}]}}