{"id":6450,"date":"2016-08-02T22:16:59","date_gmt":"2016-08-02T22:16:41","guid":{"rendered":"http:\/\/telemet.com\/kodiak\/kodiak-railway-snow-renoval\/?lang=es"},"modified":"2017-09-06T19:59:32","modified_gmt":"2017-09-06T19:59:32","slug":"kodiak-railway-snow-renoval","status":"publish","type":"page","link":"https:\/\/telemet.com\/es\/kodiak\/kodiak-railway-snow-renoval\/","title":{"rendered":"Kodiak, limpieza de nieve para ferrocarriles"},"content":{"rendered":"<div class=\"fusion-fullwidth fullwidth-box fusion-builder-row-1 nonhundred-percent-fullwidth non-hundred-percent-height-scrolling\" style=\"--awb-background-position:left top;--awb-border-radius-top-left:0px;--awb-border-radius-top-right:0px;--awb-border-radius-bottom-right:0px;--awb-border-radius-bottom-left:0px;--awb-padding-top:0px;--awb-padding-bottom:20px;--awb-border-sizes-top:0px;--awb-border-sizes-bottom:0px;--awb-flex-wrap:wrap;\" ><div class=\"fusion-builder-row fusion-row\"><div class=\"fusion-layout-column fusion_builder_column fusion-builder-column-0 fusion_builder_column_1_1 1_1 fusion-one-full fusion-column-first fusion-column-last fusion-column-no-min-height\" style=\"--awb-bg-size:cover;--awb-margin-top:0px;--awb-margin-bottom:0px;\"><div class=\"fusion-column-wrapper fusion-flex-column-wrapper-legacy\"><div class=\"fusion-image-element fusion-image-align-center in-legacy-container\" style=\"text-align:center;--awb-caption-title-font-family:var(--h2_typography-font-family);--awb-caption-title-font-weight:var(--h2_typography-font-weight);--awb-caption-title-font-style:var(--h2_typography-font-style);--awb-caption-title-size:var(--h2_typography-font-size);--awb-caption-title-transform:var(--h2_typography-text-transform);--awb-caption-title-line-height:var(--h2_typography-line-height);--awb-caption-title-letter-spacing:var(--h2_typography-letter-spacing);\"><div class=\"imageframe-align-center\"><span class=\" fusion-imageframe imageframe-none imageframe-1 hover-type-none\"><img decoding=\"async\" width=\"400\" height=\"180\" title=\"17-runwayblower_400\" src=\"https:\/\/telemet.com\/wp-content\/uploads\/2016\/08\/17-runwayblower_400.jpg\" alt class=\"img-responsive wp-image-2667\" srcset=\"https:\/\/telemet.com\/wp-content\/uploads\/2016\/08\/17-runwayblower_400-200x90.jpg 200w, https:\/\/telemet.com\/wp-content\/uploads\/2016\/08\/17-runwayblower_400.jpg 400w\" sizes=\"(max-width: 800px) 100vw, 400px\" \/><\/span><\/div><\/div><div class=\"fusion-sep-clear\"><\/div><div class=\"fusion-separator fusion-full-width-sep\" style=\"margin-left: auto;margin-right: auto;margin-top:20px;width:100%;\"><\/div><div class=\"fusion-sep-clear\"><\/div><div class=\"fusion-text fusion-text-1\"><p>Kodiak es el l\u00edder de la industria para la limpieza de nieve en ferrocarriles, incluyendo equipos montados sobre la locomotora para limpieza de c\u00famulos de nieve y avalanchas.<\/p>\n<p>Estamos dedicados a llevar la industria ferrocarrilera a otro nivel.<\/p>\n<p>Otros equipamientos para el ferrocarril incluyen grandes chasis aut\u00f3nomos montados sobre ruedas para v\u00edas, con fresa limpia nieve, sopladores de aire, barredoras de arrastre para la limpieza de las v\u00edas, playas de maniobras y para eliminar la nieve de las agujas de cambio de v\u00edas<\/p>\n<p>Tambi\u00e9n se construyen equipos m\u00e1s peque\u00f1os para la limpieza de v\u00edas y de playas de maniobras.<\/p>\n<p>Tambi\u00e9n se puede construir equipos adaptados para aplicaciones espec\u00edficas.<\/p>\n<\/div><div class=\"fusion-clearfix\"><\/div><\/div><\/div><\/div><\/div>\n","protected":false},"excerpt":{"rendered":"","protected":false},"author":1,"featured_media":0,"parent":6373,"menu_order":15,"comment_status":"closed","ping_status":"closed","template":"side-navigation.php","meta":{"footnotes":""},"class_list":["post-6450","page","type-page","status-publish","hentry"],"yoast_head":"<!-- This site is optimized with the Yoast SEO plugin v26.2 - https:\/\/yoast.com\/wordpress\/plugins\/seo\/ -->\n<title>Kodiak, limpieza de nieve para ferrocarriles - Telemet<\/title>\n<meta name=\"robots\" content=\"index, follow, max-snippet:-1, max-image-preview:large, max-video-preview:-1\" \/>\n<link rel=\"canonical\" href=\"https:\/\/telemet.com\/es\/kodiak\/kodiak-railway-snow-renoval\/\" \/>\n<meta property=\"og:locale\" content=\"es_ES\" \/>\n<meta property=\"og:type\" content=\"article\" \/>\n<meta property=\"og:title\" content=\"Kodiak, limpieza de nieve para ferrocarriles - Telemet\" \/>\n<meta property=\"og:url\" content=\"https:\/\/telemet.com\/es\/kodiak\/kodiak-railway-snow-renoval\/\" \/>\n<meta property=\"og:site_name\" content=\"Telemet\" \/>\n<meta property=\"article:modified_time\" content=\"2017-09-06T19:59:32+00:00\" \/>\n<meta property=\"og:image\" content=\"https:\/\/telemet.com\/wp-content\/uploads\/2016\/08\/17-runwayblower_400.jpg\" \/>\n<meta name=\"twitter:card\" content=\"summary_large_image\" \/>\n<meta name=\"twitter:label1\" content=\"Tiempo de lectura\" \/>\n\t<meta name=\"twitter:data1\" content=\"2 minutes\" \/>\n<script type=\"application\/ld+json\" class=\"yoast-schema-graph\">{\"@context\":\"https:\/\/schema.org\",\"@graph\":[{\"@type\":\"WebPage\",\"@id\":\"https:\/\/telemet.com\/es\/kodiak\/kodiak-railway-snow-renoval\/\",\"url\":\"https:\/\/telemet.com\/es\/kodiak\/kodiak-railway-snow-renoval\/\",\"name\":\"Kodiak, limpieza de nieve para ferrocarriles - Telemet\",\"isPartOf\":{\"@id\":\"https:\/\/telemet.com\/es\/#website\"},\"primaryImageOfPage\":{\"@id\":\"https:\/\/telemet.com\/es\/kodiak\/kodiak-railway-snow-renoval\/#primaryimage\"},\"image\":{\"@id\":\"https:\/\/telemet.com\/es\/kodiak\/kodiak-railway-snow-renoval\/#primaryimage\"},\"thumbnailUrl\":\"https:\/\/telemet.com\/wp-content\/uploads\/2016\/08\/17-runwayblower_400.jpg\",\"datePublished\":\"2016-08-02T22:16:41+00:00\",\"dateModified\":\"2017-09-06T19:59:32+00:00\",\"breadcrumb\":{\"@id\":\"https:\/\/telemet.com\/es\/kodiak\/kodiak-railway-snow-renoval\/#breadcrumb\"},\"inLanguage\":\"es-ES\",\"potentialAction\":[{\"@type\":\"ReadAction\",\"target\":[\"https:\/\/telemet.com\/es\/kodiak\/kodiak-railway-snow-renoval\/\"]}]},{\"@type\":\"ImageObject\",\"inLanguage\":\"es-ES\",\"@id\":\"https:\/\/telemet.com\/es\/kodiak\/kodiak-railway-snow-renoval\/#primaryimage\",\"url\":\"https:\/\/telemet.com\/wp-content\/uploads\/2016\/08\/17-runwayblower_400.jpg\",\"contentUrl\":\"https:\/\/telemet.com\/wp-content\/uploads\/2016\/08\/17-runwayblower_400.jpg\"},{\"@type\":\"BreadcrumbList\",\"@id\":\"https:\/\/telemet.com\/es\/kodiak\/kodiak-railway-snow-renoval\/#breadcrumb\",\"itemListElement\":[{\"@type\":\"ListItem\",\"position\":1,\"name\":\"Home\",\"item\":\"https:\/\/telemet.com\/es\/\"},{\"@type\":\"ListItem\",\"position\":2,\"name\":\"Kodiak America\",\"item\":\"https:\/\/telemet.com\/es\/kodiak\/\"},{\"@type\":\"ListItem\",\"position\":3,\"name\":\"Kodiak, limpieza de nieve para ferrocarriles\"}]},{\"@type\":\"WebSite\",\"@id\":\"https:\/\/telemet.com\/es\/#website\",\"url\":\"https:\/\/telemet.com\/es\/\",\"name\":\"Telemet, Inc.\",\"description\":\"Efficiency through Simplicity\",\"potentialAction\":[{\"@type\":\"SearchAction\",\"target\":{\"@type\":\"EntryPoint\",\"urlTemplate\":\"https:\/\/telemet.com\/es\/?s={search_term_string}\"},\"query-input\":{\"@type\":\"PropertyValueSpecification\",\"valueRequired\":true,\"valueName\":\"search_term_string\"}}],\"inLanguage\":\"es-ES\"}]}<\/script>\n<!-- \/ Yoast SEO plugin. -->","yoast_head_json":{"title":"Kodiak, limpieza de nieve para ferrocarriles - Telemet","robots":{"index":"index","follow":"follow","max-snippet":"max-snippet:-1","max-image-preview":"max-image-preview:large","max-video-preview":"max-video-preview:-1"},"canonical":"https:\/\/telemet.com\/es\/kodiak\/kodiak-railway-snow-renoval\/","og_locale":"es_ES","og_type":"article","og_title":"Kodiak, limpieza de nieve para ferrocarriles - Telemet","og_url":"https:\/\/telemet.com\/es\/kodiak\/kodiak-railway-snow-renoval\/","og_site_name":"Telemet","article_modified_time":"2017-09-06T19:59:32+00:00","og_image":[{"url":"https:\/\/telemet.com\/wp-content\/uploads\/2016\/08\/17-runwayblower_400.jpg","type":"","width":"","height":""}],"twitter_card":"summary_large_image","twitter_misc":{"Tiempo de lectura":"2 minutes"},"schema":{"@context":"https:\/\/schema.org","@graph":[{"@type":"WebPage","@id":"https:\/\/telemet.com\/es\/kodiak\/kodiak-railway-snow-renoval\/","url":"https:\/\/telemet.com\/es\/kodiak\/kodiak-railway-snow-renoval\/","name":"Kodiak, limpieza de nieve para ferrocarriles - Telemet","isPartOf":{"@id":"https:\/\/telemet.com\/es\/#website"},"primaryImageOfPage":{"@id":"https:\/\/telemet.com\/es\/kodiak\/kodiak-railway-snow-renoval\/#primaryimage"},"image":{"@id":"https:\/\/telemet.com\/es\/kodiak\/kodiak-railway-snow-renoval\/#primaryimage"},"thumbnailUrl":"https:\/\/telemet.com\/wp-content\/uploads\/2016\/08\/17-runwayblower_400.jpg","datePublished":"2016-08-02T22:16:41+00:00","dateModified":"2017-09-06T19:59:32+00:00","breadcrumb":{"@id":"https:\/\/telemet.com\/es\/kodiak\/kodiak-railway-snow-renoval\/#breadcrumb"},"inLanguage":"es-ES","potentialAction":[{"@type":"ReadAction","target":["https:\/\/telemet.com\/es\/kodiak\/kodiak-railway-snow-renoval\/"]}]},{"@type":"ImageObject","inLanguage":"es-ES","@id":"https:\/\/telemet.com\/es\/kodiak\/kodiak-railway-snow-renoval\/#primaryimage","url":"https:\/\/telemet.com\/wp-content\/uploads\/2016\/08\/17-runwayblower_400.jpg","contentUrl":"https:\/\/telemet.com\/wp-content\/uploads\/2016\/08\/17-runwayblower_400.jpg"},{"@type":"BreadcrumbList","@id":"https:\/\/telemet.com\/es\/kodiak\/kodiak-railway-snow-renoval\/#breadcrumb","itemListElement":[{"@type":"ListItem","position":1,"name":"Home","item":"https:\/\/telemet.com\/es\/"},{"@type":"ListItem","position":2,"name":"Kodiak America","item":"https:\/\/telemet.com\/es\/kodiak\/"},{"@type":"ListItem","position":3,"name":"Kodiak, limpieza de nieve para ferrocarriles"}]},{"@type":"WebSite","@id":"https:\/\/telemet.com\/es\/#website","url":"https:\/\/telemet.com\/es\/","name":"Telemet, Inc.","description":"Efficiency through Simplicity","potentialAction":[{"@type":"SearchAction","target":{"@type":"EntryPoint","urlTemplate":"https:\/\/telemet.com\/es\/?s={search_term_string}"},"query-input":{"@type":"PropertyValueSpecification","valueRequired":true,"valueName":"search_term_string"}}],"inLanguage":"es-ES"}]}},"_links":{"self":[{"href":"https:\/\/telemet.com\/es\/wp-json\/wp\/v2\/pages\/6450","targetHints":{"allow":["GET"]}}],"collection":[{"href":"https:\/\/telemet.com\/es\/wp-json\/wp\/v2\/pages"}],"about":[{"href":"https:\/\/telemet.com\/es\/wp-json\/wp\/v2\/types\/page"}],"author":[{"embeddable":true,"href":"https:\/\/telemet.com\/es\/wp-json\/wp\/v2\/users\/1"}],"replies":[{"embeddable":true,"href":"https:\/\/telemet.com\/es\/wp-json\/wp\/v2\/comments?post=6450"}],"version-history":[{"count":2,"href":"https:\/\/telemet.com\/es\/wp-json\/wp\/v2\/pages\/6450\/revisions"}],"predecessor-version":[{"id":8427,"href":"https:\/\/telemet.com\/es\/wp-json\/wp\/v2\/pages\/6450\/revisions\/8427"}],"up":[{"embeddable":true,"href":"https:\/\/telemet.com\/es\/wp-json\/wp\/v2\/pages\/6373"}],"wp:attachment":[{"href":"https:\/\/telemet.com\/es\/wp-json\/wp\/v2\/media?parent=6450"}],"curies":[{"name":"wp","href":"https:\/\/api.w.org\/{rel}","templated":true}]}}