{"id":6460,"date":"2016-07-27T14:34:59","date_gmt":"2016-07-27T14:34:05","guid":{"rendered":"http:\/\/telemet.com\/smi-snowmakers\/standard-puma\/?lang=es"},"modified":"2017-04-24T20:44:07","modified_gmt":"2017-04-24T20:44:07","slug":"standard-puma","status":"publish","type":"page","link":"https:\/\/telemet.com\/es\/smi-snowmakers\/standard-puma\/","title":{"rendered":"SMI\u00ae Standard Puma"},"content":{"rendered":"<div class=\"fusion-fullwidth fullwidth-box fusion-builder-row-1 nonhundred-percent-fullwidth non-hundred-percent-height-scrolling\" style=\"--awb-background-position:left top;--awb-border-radius-top-left:0px;--awb-border-radius-top-right:0px;--awb-border-radius-bottom-right:0px;--awb-border-radius-bottom-left:0px;--awb-padding-top:0px;--awb-padding-bottom:20px;--awb-border-sizes-top:0px;--awb-border-sizes-bottom:0px;--awb-flex-wrap:wrap;\" ><div class=\"fusion-builder-row fusion-row\"><div class=\"fusion-layout-column fusion_builder_column fusion-builder-column-0 fusion_builder_column_1_1 1_1 fusion-one-full fusion-column-first fusion-column-last fusion-column-no-min-height\" style=\"--awb-bg-size:cover;--awb-margin-top:0px;--awb-margin-bottom:0px;\"><div class=\"fusion-column-wrapper fusion-flex-column-wrapper-legacy\"><div class=\"fusion-slider-sc fusion-flexslider-loading flexslider flexslider-hover-type-none\" data-slideshow_autoplay=\"1\" data-slideshow_smooth_height=\"0\" data-slideshow_speed=\"7000\" style=\"max-width:100%;height:100%;\"><ul class=\"slides\"><li class=\"image\"><span class=\"fusion-image-hover-element hover-type-none\"><img decoding=\"async\" src=\"https:\/\/telemet.com\/wp-content\/uploads\/2016\/07\/puma-slider7.jpg\" width=\"590\" height=\"325\" \/><\/span><\/li><li class=\"image\"><span class=\"fusion-image-hover-element hover-type-none\"><img decoding=\"async\" src=\"https:\/\/telemet.com\/wp-content\/uploads\/2016\/07\/puma-slider6b.jpg\" width=\"590\" height=\"325\" \/><\/span><\/li><li class=\"image\"><span class=\"fusion-image-hover-element hover-type-none\"><img decoding=\"async\" src=\"https:\/\/telemet.com\/wp-content\/uploads\/2016\/07\/puma-slider5b.jpg\" width=\"590\" height=\"325\" \/><\/span><\/li><li class=\"image\"><span class=\"fusion-image-hover-element hover-type-none\"><img decoding=\"async\" src=\"https:\/\/telemet.com\/wp-content\/uploads\/2016\/07\/puma-slider4b.jpg\" width=\"590\" height=\"325\" \/><\/span><\/li><li class=\"image\"><span class=\"fusion-image-hover-element hover-type-none\"><img decoding=\"async\" src=\"https:\/\/telemet.com\/wp-content\/uploads\/2016\/07\/puma-slider3b.jpg\" width=\"590\" height=\"325\" \/><\/span><\/li><li class=\"image\"><span class=\"fusion-image-hover-element hover-type-none\"><img decoding=\"async\" src=\"https:\/\/telemet.com\/wp-content\/uploads\/2016\/07\/puma-slider1b.jpg\" width=\"590\" height=\"325\" \/><\/span><\/li><\/ul><\/div><div class=\"fusion-align-block\"><a class=\"fusion-button button-flat button-xlarge button-default fusion-button-default button-1 fusion-button-default-span \" style=\"width:calc(100%);\" target=\"_blank\" rel=\"noopener noreferrer\" title=\"BROCHURE PistenBully 600 Select\" aria-label=\"BROCHURE PistenBully 600 Select\" href=\"\/wp-content\/uploads\/2016\/07\/Lit_PumaCatalogue-2015-web-EN.pdf\"><span class=\"fusion-button-text awb-button__text awb-button__text--default\">Descargar folleto (PDF)<\/span><i class=\" fa fa-file-pdf-o awb-button__icon awb-button__icon--default button-icon-right\" aria-hidden=\"true\"><\/i><\/a><\/div><div class=\"fusion-align-block\"><a class=\"fusion-button button-flat button-xlarge button-default fusion-button-default button-2 fusion-button-default-span \" style=\"width:calc(100%);\" target=\"_blank\" rel=\"noopener noreferrer\" title=\"BROCHURE PistenBully 600 Select\" aria-label=\"BROCHURE PistenBully 600 Select\" href=\"\/wp-content\/uploads\/2017\/03\/SMI-Puma.pdf\"><span class=\"fusion-button-text awb-button__text awb-button__text--default\">Descargar Ficha T{ecnica (PDF)<\/span><i class=\" fa fa-file-pdf-o awb-button__icon awb-button__icon--default button-icon-right\" aria-hidden=\"true\"><\/i><\/a><\/div><div class=\"fusion-sep-clear\"><\/div><div class=\"fusion-separator fusion-full-width-sep\" style=\"margin-left: auto;margin-right: auto;margin-top:20px;width:100%;\"><\/div><div class=\"fusion-sep-clear\"><\/div><div class=\"fusion-text fusion-text-1\"><p>El nuevo ca\u00f1\u00f3n de nieve Puma\u00ae ha sido desarrollado con el aporte de clientes, del servicio t\u00e9cnico y de los representantes de ventas cuyo objetivo es maximizar la producci\u00f3n de nieve bajo un amplio rango de condiciones, especialmente con temperaturas marginales.<\/p>\n<p>El Puma\u00ae ha sido dise\u00f1ado para relacionarse con software de automatizaci\u00f3n y de control para un \u00f3ptimo desempe\u00f1o bajo cualquier clima. Est\u00e1 equipado con una peque\u00f1a estaci\u00f3n meteorol\u00f3gica aspirada a bordo, con monitores a presi\u00f3n de agua y de aire y un control autom\u00e1tico de caudal. Los peque\u00f1os cambios del caudal permiten una curva suave de fabricaci\u00f3n de nieve, regulando el volumen de agua, la presi\u00f3n del aire y la nucleaci\u00f3n para mejor adecuarse a las condiciones existentes.<\/p>\n<p>Cada unidad utiliza una pantalla t\u00e1ctil adecuada, a nivel de los ojos, para control manual cuando as\u00ed se desee. El Puma puede ser configurado para comunicarse con la computadora central v\u00eda cableado (cobre, CAT 5 Ethernet o fibra \u00f3ptica), o por radio. La maquina est\u00e1 adecuada para un control central (una simple computadora o sala de control maneja todos los ca\u00f1ones de nieve) o control distribuido (alg\u00fan tipo de computadora para administrar cada ca\u00f1\u00f3n, grupo o pista de esqu\u00ed).<\/p>\n<p>Gracias al nivel de automatizaci\u00f3n del Puma, los operadores pueden subir o bajar el ca\u00f1\u00f3n o ajustar el nivel de oscilaci\u00f3n de cualquier n\u00famero de maquinas desde una estaci\u00f3n de control central, ayudando as\u00ed a obtener un control preciso con un m\u00ednimo de trabajo. El resultado es una mejor distribuci\u00f3n de la nieve y la reducci\u00f3n de horas hombre en el pisado de pistas.<\/p>\n<p>Con su bajo y compacto centro de gravedad y su dise\u00f1o ergon\u00f3mico, el Puma es f\u00e1cil de usar y de transportar. Los componentes est\u00e1n dispuestos para hacer que el transporte, mediante la pala del nieve de los pisa pistas sea f\u00e1cil y seguro, minimizando las cargas sobrantes y reduciendo las tensiones sobre la pala. Los soportes ajustables para el transporte se montan sobre cualquier dise\u00f1o de pala y los pernos de ajuste son autoretenidos, evitando el uso de correas que pueden ser da\u00f1adas o perdidas.\u00a0 SMI\u00ae\u00a0 tambi\u00e9n ha integrado a la estructura, anclajes para el izado para un transporte seguro en helic\u00f3ptero, como tambi\u00e9n una caja que puede almacenar componentes de automatismo o herramientas variadas.<\/p>\n<p>El dise\u00f1o completamente cerrado tiene una cobertura liviana que ayuda a mantener el calor del compresor para preservar todos los componentes sin hielo y operar el m\u00e1ximo bajo cualquier clima. El puma utiliza un bypass en el enfriamiento del compresor para ayudar a enfriar el aire de nucleaci\u00f3n bajo condiciones marginales. El bypass se utiliza con temperaturas m\u00e1s bajas para evita el congelamiento.<\/p>\n<p>Considerado el dise\u00f1o m\u00e1s eficiente de SMI a la fecha, el puma presenta puestas en marcha y detenciones r\u00e1pidas, con la opci\u00f3n de una verdadera operaci\u00f3n sin manos. La estaci\u00f3n meteorol\u00f3gica aspirada, entrega datos precisos al controlador para el ajuste autom\u00e1tico ante el cambio del tiempo, asegurando que los par\u00e1metros de la maquina\u00a0 se optimizan individualmente para una m\u00e1xima fabricaci\u00f3n de nieve.<\/p>\n<p>Como todos los productos de SMI, el Puma continua con la filosof\u00eda de facilidad de operaci\u00f3n, transporte y mantenimiento. Las unidades est\u00e1n dise\u00f1adas para ser reparadas por el usuario, con piezas de recambio f\u00e1cilmente disponibles<\/p>\n<p>El objetivo final de SMI es proveer equipos a los centro de esqu\u00ed que les permitan abrir m\u00e1s temprano en la temporada con una cantidad mayor de pistas. El aumento de los niveles de automatizaci\u00f3n, como en el Puma, le ayudan a lograrlo, recuper\u00e1ndose m\u00e1s r\u00e1pido de los eventos clim\u00e1ticos adversos para permanecer abiertos m\u00e1s tiempo.<\/p>\n<\/div><div class=\"fusion-clearfix\"><\/div><\/div><\/div><\/div><\/div>\n","protected":false},"excerpt":{"rendered":"","protected":false},"author":1,"featured_media":0,"parent":6309,"menu_order":2,"comment_status":"closed","ping_status":"closed","template":"side-navigation.php","meta":{"footnotes":""},"class_list":["post-6460","page","type-page","status-publish","hentry"],"yoast_head":"<!-- This site is optimized with the Yoast SEO plugin v26.2 - https:\/\/yoast.com\/wordpress\/plugins\/seo\/ -->\n<title>SMI\u00ae Standard Puma - Telemet<\/title>\n<meta name=\"robots\" content=\"index, follow, max-snippet:-1, max-image-preview:large, max-video-preview:-1\" \/>\n<link rel=\"canonical\" href=\"https:\/\/telemet.com\/es\/smi-snowmakers\/standard-puma\/\" \/>\n<meta property=\"og:locale\" content=\"es_ES\" \/>\n<meta property=\"og:type\" content=\"article\" \/>\n<meta property=\"og:title\" content=\"SMI\u00ae Standard Puma - Telemet\" \/>\n<meta property=\"og:url\" content=\"https:\/\/telemet.com\/es\/smi-snowmakers\/standard-puma\/\" \/>\n<meta property=\"og:site_name\" content=\"Telemet\" \/>\n<meta property=\"article:modified_time\" content=\"2017-04-24T20:44:07+00:00\" \/>\n<meta name=\"twitter:card\" content=\"summary_large_image\" \/>\n<meta name=\"twitter:label1\" content=\"Tiempo de lectura\" \/>\n\t<meta name=\"twitter:data1\" content=\"5 minutes\" \/>\n<script type=\"application\/ld+json\" class=\"yoast-schema-graph\">{\"@context\":\"https:\/\/schema.org\",\"@graph\":[{\"@type\":\"WebPage\",\"@id\":\"https:\/\/telemet.com\/es\/smi-snowmakers\/standard-puma\/\",\"url\":\"https:\/\/telemet.com\/es\/smi-snowmakers\/standard-puma\/\",\"name\":\"SMI\u00ae Standard Puma - Telemet\",\"isPartOf\":{\"@id\":\"https:\/\/telemet.com\/es\/#website\"},\"datePublished\":\"2016-07-27T14:34:05+00:00\",\"dateModified\":\"2017-04-24T20:44:07+00:00\",\"breadcrumb\":{\"@id\":\"https:\/\/telemet.com\/es\/smi-snowmakers\/standard-puma\/#breadcrumb\"},\"inLanguage\":\"es-ES\",\"potentialAction\":[{\"@type\":\"ReadAction\",\"target\":[\"https:\/\/telemet.com\/es\/smi-snowmakers\/standard-puma\/\"]}]},{\"@type\":\"BreadcrumbList\",\"@id\":\"https:\/\/telemet.com\/es\/smi-snowmakers\/standard-puma\/#breadcrumb\",\"itemListElement\":[{\"@type\":\"ListItem\",\"position\":1,\"name\":\"Home\",\"item\":\"https:\/\/telemet.com\/es\/\"},{\"@type\":\"ListItem\",\"position\":2,\"name\":\"Smi Snowmakers\",\"item\":\"https:\/\/telemet.com\/es\/smi-snowmakers\/\"},{\"@type\":\"ListItem\",\"position\":3,\"name\":\"SMI\u00ae Standard Puma\"}]},{\"@type\":\"WebSite\",\"@id\":\"https:\/\/telemet.com\/es\/#website\",\"url\":\"https:\/\/telemet.com\/es\/\",\"name\":\"Telemet, Inc.\",\"description\":\"Efficiency through Simplicity\",\"potentialAction\":[{\"@type\":\"SearchAction\",\"target\":{\"@type\":\"EntryPoint\",\"urlTemplate\":\"https:\/\/telemet.com\/es\/?s={search_term_string}\"},\"query-input\":{\"@type\":\"PropertyValueSpecification\",\"valueRequired\":true,\"valueName\":\"search_term_string\"}}],\"inLanguage\":\"es-ES\"}]}<\/script>\n<!-- \/ Yoast SEO plugin. -->","yoast_head_json":{"title":"SMI\u00ae Standard Puma - Telemet","robots":{"index":"index","follow":"follow","max-snippet":"max-snippet:-1","max-image-preview":"max-image-preview:large","max-video-preview":"max-video-preview:-1"},"canonical":"https:\/\/telemet.com\/es\/smi-snowmakers\/standard-puma\/","og_locale":"es_ES","og_type":"article","og_title":"SMI\u00ae Standard Puma - Telemet","og_url":"https:\/\/telemet.com\/es\/smi-snowmakers\/standard-puma\/","og_site_name":"Telemet","article_modified_time":"2017-04-24T20:44:07+00:00","twitter_card":"summary_large_image","twitter_misc":{"Tiempo de lectura":"5 minutes"},"schema":{"@context":"https:\/\/schema.org","@graph":[{"@type":"WebPage","@id":"https:\/\/telemet.com\/es\/smi-snowmakers\/standard-puma\/","url":"https:\/\/telemet.com\/es\/smi-snowmakers\/standard-puma\/","name":"SMI\u00ae Standard Puma - Telemet","isPartOf":{"@id":"https:\/\/telemet.com\/es\/#website"},"datePublished":"2016-07-27T14:34:05+00:00","dateModified":"2017-04-24T20:44:07+00:00","breadcrumb":{"@id":"https:\/\/telemet.com\/es\/smi-snowmakers\/standard-puma\/#breadcrumb"},"inLanguage":"es-ES","potentialAction":[{"@type":"ReadAction","target":["https:\/\/telemet.com\/es\/smi-snowmakers\/standard-puma\/"]}]},{"@type":"BreadcrumbList","@id":"https:\/\/telemet.com\/es\/smi-snowmakers\/standard-puma\/#breadcrumb","itemListElement":[{"@type":"ListItem","position":1,"name":"Home","item":"https:\/\/telemet.com\/es\/"},{"@type":"ListItem","position":2,"name":"Smi Snowmakers","item":"https:\/\/telemet.com\/es\/smi-snowmakers\/"},{"@type":"ListItem","position":3,"name":"SMI\u00ae Standard Puma"}]},{"@type":"WebSite","@id":"https:\/\/telemet.com\/es\/#website","url":"https:\/\/telemet.com\/es\/","name":"Telemet, Inc.","description":"Efficiency through Simplicity","potentialAction":[{"@type":"SearchAction","target":{"@type":"EntryPoint","urlTemplate":"https:\/\/telemet.com\/es\/?s={search_term_string}"},"query-input":{"@type":"PropertyValueSpecification","valueRequired":true,"valueName":"search_term_string"}}],"inLanguage":"es-ES"}]}},"_links":{"self":[{"href":"https:\/\/telemet.com\/es\/wp-json\/wp\/v2\/pages\/6460","targetHints":{"allow":["GET"]}}],"collection":[{"href":"https:\/\/telemet.com\/es\/wp-json\/wp\/v2\/pages"}],"about":[{"href":"https:\/\/telemet.com\/es\/wp-json\/wp\/v2\/types\/page"}],"author":[{"embeddable":true,"href":"https:\/\/telemet.com\/es\/wp-json\/wp\/v2\/users\/1"}],"replies":[{"embeddable":true,"href":"https:\/\/telemet.com\/es\/wp-json\/wp\/v2\/comments?post=6460"}],"version-history":[{"count":4,"href":"https:\/\/telemet.com\/es\/wp-json\/wp\/v2\/pages\/6460\/revisions"}],"predecessor-version":[{"id":8512,"href":"https:\/\/telemet.com\/es\/wp-json\/wp\/v2\/pages\/6460\/revisions\/8512"}],"up":[{"embeddable":true,"href":"https:\/\/telemet.com\/es\/wp-json\/wp\/v2\/pages\/6309"}],"wp:attachment":[{"href":"https:\/\/telemet.com\/es\/wp-json\/wp\/v2\/media?parent=6460"}],"curies":[{"name":"wp","href":"https:\/\/api.w.org\/{rel}","templated":true}]}}