{"id":6466,"date":"2016-07-25T20:48:33","date_gmt":"2016-07-25T20:48:33","guid":{"rendered":"http:\/\/telemet.com\/onspot-automatic-tire-chains\/?lang=es"},"modified":"2017-04-24T20:44:08","modified_gmt":"2017-04-24T20:44:08","slug":"onspot-automatic-tire-chains","status":"publish","type":"page","link":"https:\/\/telemet.com\/es\/onspot-automatic-tire-chains\/","title":{"rendered":"Cadenas autom\u00e1ticas para neum\u00e1ticos"},"content":{"rendered":"<p><div class=\"fusion-fullwidth fullwidth-box fusion-builder-row-1 nonhundred-percent-fullwidth non-hundred-percent-height-scrolling\" style=\"--awb-background-position:left top;--awb-border-radius-top-left:0px;--awb-border-radius-top-right:0px;--awb-border-radius-bottom-right:0px;--awb-border-radius-bottom-left:0px;--awb-padding-top:20px;--awb-padding-bottom:20px;--awb-border-sizes-top:0px;--awb-border-sizes-bottom:0px;--awb-flex-wrap:wrap;\" ><div class=\"fusion-builder-row fusion-row\"><div class=\"fusion-layout-column fusion_builder_column fusion-builder-column-0 fusion_builder_column_1_1 1_1 fusion-one-full fusion-column-first fusion-column-last fusion-column-no-min-height\" style=\"--awb-bg-size:cover;--awb-margin-top:0px;--awb-margin-bottom:0px;\"><div class=\"fusion-column-wrapper fusion-flex-column-wrapper-legacy\"><div class=\"fusion-text fusion-text-1\"><h1>Onspot Automatic Tire Chains<\/h1>\n<\/div><div class=\"fusion-sep-clear\"><\/div><div class=\"fusion-separator fusion-full-width-sep\" style=\"margin-left: auto;margin-right: auto;margin-top:20px;width:100%;\"><\/div><div class=\"fusion-sep-clear\"><\/div><div class=\"fusion-clearfix\"><\/div><\/div><\/div><div class=\"fusion-layout-column fusion_builder_column fusion-builder-column-1 fusion_builder_column_1_2 1_2 fusion-one-half fusion-column-first\" style=\"--awb-bg-size:cover;width:48%; margin-right: 4%;\"><div class=\"fusion-column-wrapper fusion-flex-column-wrapper-legacy\"><div class=\"fusion-image-element fusion-image-align-center in-legacy-container\" style=\"text-align:center;--awb-caption-title-font-family:var(--h2_typography-font-family);--awb-caption-title-font-weight:var(--h2_typography-font-weight);--awb-caption-title-font-style:var(--h2_typography-font-style);--awb-caption-title-size:var(--h2_typography-font-size);--awb-caption-title-transform:var(--h2_typography-text-transform);--awb-caption-title-line-height:var(--h2_typography-line-height);--awb-caption-title-letter-spacing:var(--h2_typography-letter-spacing);\"><div class=\"imageframe-align-center\"><span class=\" fusion-imageframe imageframe-none imageframe-1 hover-type-none\"><img decoding=\"async\" width=\"266\" height=\"85\" title=\"onspot-logo-0\" src=\"https:\/\/telemet.com\/wp-content\/uploads\/2016\/07\/onspot-logo-0.jpg\" alt class=\"img-responsive wp-image-1811\" srcset=\"https:\/\/telemet.com\/wp-content\/uploads\/2016\/07\/onspot-logo-0-200x64.jpg 200w, https:\/\/telemet.com\/wp-content\/uploads\/2016\/07\/onspot-logo-0.jpg 266w\" sizes=\"(max-width: 800px) 100vw, 266px\" \/><\/span><\/div><\/div><div class=\"fusion-clearfix\"><\/div><\/div><\/div><div class=\"fusion-layout-column fusion_builder_column fusion-builder-column-2 fusion_builder_column_1_2 1_2 fusion-one-half fusion-column-last\" style=\"--awb-bg-size:cover;width:48%;\"><div class=\"fusion-column-wrapper fusion-flex-column-wrapper-legacy\"><div class=\"fusion-text fusion-text-2\"><p>Las cadenas autom\u00e1ticas para neum\u00e1ticos de Onspot ofrecen la tracci\u00f3n de un set de cadenas convencionales para nieve al alcance de un interruptor, sin tener que detener su veh\u00edculo.<\/p>\n<\/div><div class=\"fusion-clearfix\"><\/div><\/div><\/div><\/div><\/div><div class=\"fusion-fullwidth fullwidth-box fusion-builder-row-2 hundred-percent-fullwidth non-hundred-percent-height-scrolling\" style=\"--awb-border-radius-top-left:0px;--awb-border-radius-top-right:0px;--awb-border-radius-bottom-right:0px;--awb-border-radius-bottom-left:0px;--awb-overflow:visible;--awb-flex-wrap:wrap;\" ><div class=\"fusion-builder-row fusion-row\"><div class=\"fusion-layout-column fusion_builder_column fusion-builder-column-3 fusion_builder_column_1_1 1_1 fusion-one-full fusion-column-first fusion-column-last fusion-column-no-min-height\" style=\"--awb-bg-size:cover;--awb-margin-top:0px;--awb-margin-bottom:0px;\"><div class=\"fusion-column-wrapper fusion-flex-column-wrapper-legacy\"><div class=\"fusion-section-separator section-separator triangle fusion-section-separator-1\" style=\"--awb-border-bottom:0px solid #ffffff;--awb-spacer-height:0px;--awb-svg-margin-left:0;--awb-svg-margin-right:0;--awb-icon-color:#ffffff;\"><div class=\"fusion-section-separator-svg\"><div class=\"divider-candy-arrow bottom\" style=\"top:0px;border-top-color: #ffffff;\"><\/div><div class=\"divider-candy bottom\" style=\"bottom:-20px;border-bottom:1px solid #ffffff;border-left:1px solid #ffffff;\"><\/div><\/div><div class=\"fusion-section-separator-spacer\"><div class=\"fusion-section-separator-spacer-height\"><\/div><\/div><\/div><div class=\"fusion-clearfix\"><\/div><\/div><\/div><\/div><\/div><div class=\"fusion-fullwidth fullwidth-box fusion-builder-row-3 nonhundred-percent-fullwidth non-hundred-percent-height-scrolling\" style=\"--awb-background-position:left top;--awb-border-radius-top-left:0px;--awb-border-radius-top-right:0px;--awb-border-radius-bottom-right:0px;--awb-border-radius-bottom-left:0px;--awb-padding-top:20px;--awb-padding-bottom:20px;--awb-border-sizes-top:0px;--awb-border-sizes-bottom:0px;--awb-flex-wrap:wrap;\" ><div class=\"fusion-builder-row fusion-row\"><div class=\"fusion-layout-column fusion_builder_column fusion-builder-column-4 fusion_builder_column_1_1 1_1 fusion-one-full fusion-column-first fusion-column-last fusion-column-no-min-height\" style=\"--awb-bg-size:cover;--awb-margin-top:0px;--awb-margin-bottom:0px;\"><div class=\"fusion-column-wrapper fusion-flex-column-wrapper-legacy\"><div class=\"fusion-text fusion-text-3\"><h3>Una soluci\u00f3n simple<\/h3>\n<p>Todos se benefician con Onspot. Puede cumplir con sus horas de entrega y crea un mejor ambiente de trabajo para el conductor. Usted mantiene su buena reputaci\u00f3n y evita costos innecesarios. Aumenta la seguridad vial y se salvan vidas humanas. Beneficios reales y ahorros reales.<\/p>\n<p>Onspot es un concepto muy simple. Cuando las calles se tornan heladas y resbaladizas, todo lo que el conductor precisa hacer es presionar un bot\u00f3n desde su cabina y Onspot se activa. Es posible activarlo a una velocidad de marcha de hasta 50Km\/h (30 mi\/h). Dado que este implemento de seguridad es f\u00e1cil de utilizar, es s\u00f3lo utilizado cuando se lo necesita. No tiene nada de especial y no cuesta mucho dinero, pero todo riesgo es reducido con su uso, los conductores se sienten m\u00e1s seguros y su ambiente laboral es mejorado. Facilita que los veh\u00edculos de alimentos arriben a tiempo y que los veh\u00edculos de rescate lleguen al lugar necesario lo m\u00e1s r\u00e1pido posible. Su destino es siempre importante. Onspot le ayuda a llegar a tiempo y de forma segura.<\/p>\n<div class=\"video-shortcode\"><iframe src=\"https:\/\/player.vimeo.com\/video\/71456565\" width=\"640\" height=\"480\" frameborder=\"0\" title=\"Onspot\" webkitallowfullscreen mozallowfullscreen allowfullscreen><\/iframe><\/div>\n<h3>Un set completo de Onspot consiste de:<\/h3>\n<div class=\"entry-text\">\n<p><strong>Kit Onspot<\/strong><br \/>\nExisten 2 tipos distintos de kits Onspot, 04 y 012, para asegurar un calce \u00f3ptimo. En la lista de orden es posible definir cu\u00e1l tipo se ajusta mejor para su veh\u00edculo.<\/p>\n<p><strong>Kit El\u00e9ctrico y Aire<\/strong><br \/>\nHay varios tipos de kits de adaptaci\u00f3n para diferentes sistemas el\u00e9ctricos y de aire. En el kit Onspot se incluye el kit el\u00e9ctrico y de aire para Onspot 012.<\/p>\n<p><strong>Kit de Soporte de Veh\u00edculo<\/strong><br \/>\nLos exclusivos soportes de veh\u00edculo son aptos para todas las marcas de veh\u00edculos. Los soportes tienen alta resistencia a la corrosi\u00f3n gracias a un pre-tratamiento electrol\u00edtico.<\/p>\n<p><strong>Kit de Ruedas<\/strong><br \/>\nCuatro alternativas diferentes: 6 cadenas, 6 cadenas resistentes a chispas para transportes ADR, 12 cadenas y 18 cadenas.<\/p>\n<\/div>\n<\/div><div class=\"fusion-clearfix\"><\/div><\/div><\/div><\/div><\/div><\/p>\n","protected":false},"excerpt":{"rendered":"","protected":false},"author":1,"featured_media":0,"parent":0,"menu_order":37,"comment_status":"closed","ping_status":"closed","template":"","meta":{"footnotes":""},"class_list":["post-6466","page","type-page","status-publish","hentry"],"yoast_head":"<!-- This site is optimized with the Yoast SEO plugin v26.2 - https:\/\/yoast.com\/wordpress\/plugins\/seo\/ -->\n<title>Cadenas autom\u00e1ticas para neum\u00e1ticos - Telemet<\/title>\n<meta name=\"robots\" content=\"index, follow, max-snippet:-1, max-image-preview:large, max-video-preview:-1\" \/>\n<link rel=\"canonical\" href=\"https:\/\/telemet.com\/es\/onspot-automatic-tire-chains\/\" \/>\n<meta property=\"og:locale\" content=\"es_ES\" \/>\n<meta property=\"og:type\" content=\"article\" \/>\n<meta property=\"og:title\" content=\"Cadenas autom\u00e1ticas para neum\u00e1ticos - Telemet\" \/>\n<meta property=\"og:url\" content=\"https:\/\/telemet.com\/es\/onspot-automatic-tire-chains\/\" \/>\n<meta property=\"og:site_name\" content=\"Telemet\" \/>\n<meta property=\"article:modified_time\" content=\"2017-04-24T20:44:08+00:00\" \/>\n<meta property=\"og:image\" content=\"https:\/\/telemet.com\/wp-content\/uploads\/2016\/07\/onspot-logo-0.jpg\" \/>\n<meta name=\"twitter:card\" content=\"summary_large_image\" \/>\n<meta name=\"twitter:label1\" content=\"Tiempo de lectura\" \/>\n\t<meta name=\"twitter:data1\" content=\"5 minutes\" \/>\n<script type=\"application\/ld+json\" class=\"yoast-schema-graph\">{\"@context\":\"https:\/\/schema.org\",\"@graph\":[{\"@type\":\"WebPage\",\"@id\":\"https:\/\/telemet.com\/es\/onspot-automatic-tire-chains\/\",\"url\":\"https:\/\/telemet.com\/es\/onspot-automatic-tire-chains\/\",\"name\":\"Cadenas autom\u00e1ticas para neum\u00e1ticos - Telemet\",\"isPartOf\":{\"@id\":\"https:\/\/telemet.com\/es\/#website\"},\"primaryImageOfPage\":{\"@id\":\"https:\/\/telemet.com\/es\/onspot-automatic-tire-chains\/#primaryimage\"},\"image\":{\"@id\":\"https:\/\/telemet.com\/es\/onspot-automatic-tire-chains\/#primaryimage\"},\"thumbnailUrl\":\"https:\/\/telemet.com\/wp-content\/uploads\/2016\/07\/onspot-logo-0.jpg\",\"datePublished\":\"2016-07-25T20:48:33+00:00\",\"dateModified\":\"2017-04-24T20:44:08+00:00\",\"breadcrumb\":{\"@id\":\"https:\/\/telemet.com\/es\/onspot-automatic-tire-chains\/#breadcrumb\"},\"inLanguage\":\"es-ES\",\"potentialAction\":[{\"@type\":\"ReadAction\",\"target\":[\"https:\/\/telemet.com\/es\/onspot-automatic-tire-chains\/\"]}]},{\"@type\":\"ImageObject\",\"inLanguage\":\"es-ES\",\"@id\":\"https:\/\/telemet.com\/es\/onspot-automatic-tire-chains\/#primaryimage\",\"url\":\"https:\/\/telemet.com\/wp-content\/uploads\/2016\/07\/onspot-logo-0.jpg\",\"contentUrl\":\"https:\/\/telemet.com\/wp-content\/uploads\/2016\/07\/onspot-logo-0.jpg\"},{\"@type\":\"BreadcrumbList\",\"@id\":\"https:\/\/telemet.com\/es\/onspot-automatic-tire-chains\/#breadcrumb\",\"itemListElement\":[{\"@type\":\"ListItem\",\"position\":1,\"name\":\"Home\",\"item\":\"https:\/\/telemet.com\/es\/\"},{\"@type\":\"ListItem\",\"position\":2,\"name\":\"Cadenas autom\u00e1ticas para neum\u00e1ticos\"}]},{\"@type\":\"WebSite\",\"@id\":\"https:\/\/telemet.com\/es\/#website\",\"url\":\"https:\/\/telemet.com\/es\/\",\"name\":\"Telemet, Inc.\",\"description\":\"Efficiency through Simplicity\",\"potentialAction\":[{\"@type\":\"SearchAction\",\"target\":{\"@type\":\"EntryPoint\",\"urlTemplate\":\"https:\/\/telemet.com\/es\/?s={search_term_string}\"},\"query-input\":{\"@type\":\"PropertyValueSpecification\",\"valueRequired\":true,\"valueName\":\"search_term_string\"}}],\"inLanguage\":\"es-ES\"}]}<\/script>\n<!-- \/ Yoast SEO plugin. -->","yoast_head_json":{"title":"Cadenas autom\u00e1ticas para neum\u00e1ticos - Telemet","robots":{"index":"index","follow":"follow","max-snippet":"max-snippet:-1","max-image-preview":"max-image-preview:large","max-video-preview":"max-video-preview:-1"},"canonical":"https:\/\/telemet.com\/es\/onspot-automatic-tire-chains\/","og_locale":"es_ES","og_type":"article","og_title":"Cadenas autom\u00e1ticas para neum\u00e1ticos - Telemet","og_url":"https:\/\/telemet.com\/es\/onspot-automatic-tire-chains\/","og_site_name":"Telemet","article_modified_time":"2017-04-24T20:44:08+00:00","og_image":[{"url":"https:\/\/telemet.com\/wp-content\/uploads\/2016\/07\/onspot-logo-0.jpg","type":"","width":"","height":""}],"twitter_card":"summary_large_image","twitter_misc":{"Tiempo de lectura":"5 minutes"},"schema":{"@context":"https:\/\/schema.org","@graph":[{"@type":"WebPage","@id":"https:\/\/telemet.com\/es\/onspot-automatic-tire-chains\/","url":"https:\/\/telemet.com\/es\/onspot-automatic-tire-chains\/","name":"Cadenas autom\u00e1ticas para neum\u00e1ticos - Telemet","isPartOf":{"@id":"https:\/\/telemet.com\/es\/#website"},"primaryImageOfPage":{"@id":"https:\/\/telemet.com\/es\/onspot-automatic-tire-chains\/#primaryimage"},"image":{"@id":"https:\/\/telemet.com\/es\/onspot-automatic-tire-chains\/#primaryimage"},"thumbnailUrl":"https:\/\/telemet.com\/wp-content\/uploads\/2016\/07\/onspot-logo-0.jpg","datePublished":"2016-07-25T20:48:33+00:00","dateModified":"2017-04-24T20:44:08+00:00","breadcrumb":{"@id":"https:\/\/telemet.com\/es\/onspot-automatic-tire-chains\/#breadcrumb"},"inLanguage":"es-ES","potentialAction":[{"@type":"ReadAction","target":["https:\/\/telemet.com\/es\/onspot-automatic-tire-chains\/"]}]},{"@type":"ImageObject","inLanguage":"es-ES","@id":"https:\/\/telemet.com\/es\/onspot-automatic-tire-chains\/#primaryimage","url":"https:\/\/telemet.com\/wp-content\/uploads\/2016\/07\/onspot-logo-0.jpg","contentUrl":"https:\/\/telemet.com\/wp-content\/uploads\/2016\/07\/onspot-logo-0.jpg"},{"@type":"BreadcrumbList","@id":"https:\/\/telemet.com\/es\/onspot-automatic-tire-chains\/#breadcrumb","itemListElement":[{"@type":"ListItem","position":1,"name":"Home","item":"https:\/\/telemet.com\/es\/"},{"@type":"ListItem","position":2,"name":"Cadenas autom\u00e1ticas para neum\u00e1ticos"}]},{"@type":"WebSite","@id":"https:\/\/telemet.com\/es\/#website","url":"https:\/\/telemet.com\/es\/","name":"Telemet, Inc.","description":"Efficiency through Simplicity","potentialAction":[{"@type":"SearchAction","target":{"@type":"EntryPoint","urlTemplate":"https:\/\/telemet.com\/es\/?s={search_term_string}"},"query-input":{"@type":"PropertyValueSpecification","valueRequired":true,"valueName":"search_term_string"}}],"inLanguage":"es-ES"}]}},"_links":{"self":[{"href":"https:\/\/telemet.com\/es\/wp-json\/wp\/v2\/pages\/6466","targetHints":{"allow":["GET"]}}],"collection":[{"href":"https:\/\/telemet.com\/es\/wp-json\/wp\/v2\/pages"}],"about":[{"href":"https:\/\/telemet.com\/es\/wp-json\/wp\/v2\/types\/page"}],"author":[{"embeddable":true,"href":"https:\/\/telemet.com\/es\/wp-json\/wp\/v2\/users\/1"}],"replies":[{"embeddable":true,"href":"https:\/\/telemet.com\/es\/wp-json\/wp\/v2\/comments?post=6466"}],"version-history":[{"count":4,"href":"https:\/\/telemet.com\/es\/wp-json\/wp\/v2\/pages\/6466\/revisions"}],"predecessor-version":[{"id":8522,"href":"https:\/\/telemet.com\/es\/wp-json\/wp\/v2\/pages\/6466\/revisions\/8522"}],"wp:attachment":[{"href":"https:\/\/telemet.com\/es\/wp-json\/wp\/v2\/media?parent=6466"}],"curies":[{"name":"wp","href":"https:\/\/api.w.org\/{rel}","templated":true}]}}