{"id":6508,"date":"2016-08-22T18:20:30","date_gmt":"2016-08-22T18:20:30","guid":{"rendered":"http:\/\/telemet.com\/smi-snowmakers\/axis-snowtower\/?lang=es"},"modified":"2017-04-24T20:43:50","modified_gmt":"2017-04-24T20:43:50","slug":"axis-snowtower","status":"publish","type":"page","link":"https:\/\/telemet.com\/es\/smi-snowmakers\/axis-snowtower\/","title":{"rendered":"SMI\u00ae Axis SnowTower"},"content":{"rendered":"<div class=\"fusion-fullwidth fullwidth-box fusion-builder-row-1 nonhundred-percent-fullwidth non-hundred-percent-height-scrolling\" style=\"--awb-background-position:left top;--awb-border-radius-top-left:0px;--awb-border-radius-top-right:0px;--awb-border-radius-bottom-right:0px;--awb-border-radius-bottom-left:0px;--awb-padding-top:0px;--awb-padding-bottom:20px;--awb-border-sizes-top:0px;--awb-border-sizes-bottom:0px;--awb-flex-wrap:wrap;\" ><div class=\"fusion-builder-row fusion-row\"><div class=\"fusion-layout-column fusion_builder_column fusion-builder-column-0 fusion_builder_column_1_1 1_1 fusion-one-full fusion-column-first fusion-column-last fusion-column-no-min-height\" style=\"--awb-bg-size:cover;--awb-margin-top:0px;--awb-margin-bottom:0px;\"><div class=\"fusion-column-wrapper fusion-flex-column-wrapper-legacy\"><div class=\"fusion-slider-sc fusion-flexslider-loading flexslider flexslider-hover-type-none\" data-slideshow_autoplay=\"1\" data-slideshow_smooth_height=\"0\" data-slideshow_speed=\"7000\" style=\"max-width:100%;height:100%;\"><ul class=\"slides\"><li class=\"image\"><span class=\"fusion-image-hover-element hover-type-none\"><img decoding=\"async\" src=\"https:\/\/telemet.com\/wp-content\/uploads\/2016\/08\/axis-slider1.jpg\" width=\"590\" height=\"393\" \/><\/span><\/li><li class=\"image\"><span class=\"fusion-image-hover-element hover-type-none\"><img decoding=\"async\" src=\"https:\/\/telemet.com\/wp-content\/uploads\/2016\/08\/axis-slider2.jpg\" width=\"590\" height=\"393\" \/><\/span><\/li><li class=\"image\"><span class=\"fusion-image-hover-element hover-type-none\"><img decoding=\"async\" src=\"https:\/\/telemet.com\/wp-content\/uploads\/2016\/08\/axis-slider4.jpg\" width=\"590\" height=\"393\" \/><\/span><\/li><li class=\"image\"><span class=\"fusion-image-hover-element hover-type-none\"><img decoding=\"async\" src=\"https:\/\/telemet.com\/wp-content\/uploads\/2016\/08\/axis-slider5.jpg\" width=\"590\" height=\"393\" \/><\/span><\/li><li class=\"image\"><span class=\"fusion-image-hover-element hover-type-none\"><img decoding=\"async\" src=\"https:\/\/telemet.com\/wp-content\/uploads\/2016\/08\/axis-slider8.jpg\" width=\"590\" height=\"393\" \/><\/span><\/li><\/ul><\/div><div class=\"fusion-align-block\"><a class=\"fusion-button button-flat button-xlarge button-default fusion-button-default button-1 fusion-button-default-span \" style=\"width:calc(100%);\" target=\"_blank\" rel=\"noopener noreferrer\" title=\"BROCHURE PistenBully 600 Select\" aria-label=\"BROCHURE PistenBully 600 Select\" href=\"wp-content\/uploads\/2017\/03\/Smi-Axis-Snowtower.pdf\"><span class=\"fusion-button-text awb-button__text awb-button__text--default\">DESCARGAR FOLLETO (PDF)<\/span><i class=\" fa fa-file-pdf-o awb-button__icon awb-button__icon--default button-icon-right\" aria-hidden=\"true\"><\/i><\/a><\/div><div class=\"fusion-sep-clear\"><\/div><div class=\"fusion-separator fusion-full-width-sep\" style=\"margin-left: auto;margin-right: auto;margin-top:20px;width:100%;\"><\/div><div class=\"fusion-sep-clear\"><\/div><div class=\"fusion-text fusion-text-1\"><p>El SMI Axis Snowtower\u2122 (patente en tr\u00e1mite) tiene un cabezal pivotante que mejora dram\u00e1ticamente la nucleaci\u00f3n y el mezclado en boquillas a medida que las condiciones de viento cambian, permitiendo de esta forma m\u00e1s tiempo de vuelo. La garrochas de bajo consumo energ\u00e9tico han sido utilizadas exitosamente bajo todas las condiciones por muchos a\u00f1o, pero han tenido desventajas como resultado de los cambios de direcci\u00f3n del viento, especialmente con vientos que no provengan de detr\u00e1s del cabezal y vientos cruzados.\u00a0 Estos desaf\u00edos han imposibilitado la obtenci\u00f3n del \u00f3ptimo tiempo de vuelo y adem\u00e1s, la irregular nucleaci\u00f3n y mezclado en boquillas a resultado en mont\u00edculos de nieve m\u00e1s h\u00famedos.<\/p>\n<p>El Axis Snowtower\u2122 soluciona estos problemas porque ha sido dise\u00f1ado con un cabezal que puede ser rotado en infinitos cambios de posici\u00f3n hacia arriba o abajo de la pendiente para obtener un mejor provecho de los vientos que tiene el ca\u00f1\u00f3n y ayud\u00e1ndole a continuar haciendo nieve de la calidad y cantidad que Ud. desee.<\/p>\n<\/div><div class=\"fusion-clearfix\"><\/div><\/div><\/div><\/div><\/div>\n","protected":false},"excerpt":{"rendered":"","protected":false},"author":1,"featured_media":0,"parent":6309,"menu_order":10,"comment_status":"closed","ping_status":"closed","template":"side-navigation.php","meta":{"footnotes":""},"class_list":["post-6508","page","type-page","status-publish","hentry"],"yoast_head":"<!-- This site is optimized with the Yoast SEO plugin v26.2 - https:\/\/yoast.com\/wordpress\/plugins\/seo\/ -->\n<title>SMI\u00ae Axis SnowTower - Telemet<\/title>\n<meta name=\"robots\" content=\"index, follow, max-snippet:-1, max-image-preview:large, max-video-preview:-1\" \/>\n<link rel=\"canonical\" href=\"https:\/\/telemet.com\/es\/smi-snowmakers\/axis-snowtower\/\" \/>\n<meta property=\"og:locale\" content=\"es_ES\" \/>\n<meta property=\"og:type\" content=\"article\" \/>\n<meta property=\"og:title\" content=\"SMI\u00ae Axis SnowTower - Telemet\" \/>\n<meta property=\"og:url\" content=\"https:\/\/telemet.com\/es\/smi-snowmakers\/axis-snowtower\/\" \/>\n<meta property=\"og:site_name\" content=\"Telemet\" \/>\n<meta property=\"article:modified_time\" content=\"2017-04-24T20:43:50+00:00\" \/>\n<meta name=\"twitter:card\" content=\"summary_large_image\" \/>\n<meta name=\"twitter:label1\" content=\"Tiempo de lectura\" \/>\n\t<meta name=\"twitter:data1\" content=\"3 minutes\" \/>\n<script type=\"application\/ld+json\" class=\"yoast-schema-graph\">{\"@context\":\"https:\/\/schema.org\",\"@graph\":[{\"@type\":\"WebPage\",\"@id\":\"https:\/\/telemet.com\/es\/smi-snowmakers\/axis-snowtower\/\",\"url\":\"https:\/\/telemet.com\/es\/smi-snowmakers\/axis-snowtower\/\",\"name\":\"SMI\u00ae Axis SnowTower - Telemet\",\"isPartOf\":{\"@id\":\"https:\/\/telemet.com\/es\/#website\"},\"datePublished\":\"2016-08-22T18:20:30+00:00\",\"dateModified\":\"2017-04-24T20:43:50+00:00\",\"breadcrumb\":{\"@id\":\"https:\/\/telemet.com\/es\/smi-snowmakers\/axis-snowtower\/#breadcrumb\"},\"inLanguage\":\"es-ES\",\"potentialAction\":[{\"@type\":\"ReadAction\",\"target\":[\"https:\/\/telemet.com\/es\/smi-snowmakers\/axis-snowtower\/\"]}]},{\"@type\":\"BreadcrumbList\",\"@id\":\"https:\/\/telemet.com\/es\/smi-snowmakers\/axis-snowtower\/#breadcrumb\",\"itemListElement\":[{\"@type\":\"ListItem\",\"position\":1,\"name\":\"Home\",\"item\":\"https:\/\/telemet.com\/es\/\"},{\"@type\":\"ListItem\",\"position\":2,\"name\":\"Smi Snowmakers\",\"item\":\"https:\/\/telemet.com\/es\/smi-snowmakers\/\"},{\"@type\":\"ListItem\",\"position\":3,\"name\":\"SMI\u00ae Axis SnowTower\"}]},{\"@type\":\"WebSite\",\"@id\":\"https:\/\/telemet.com\/es\/#website\",\"url\":\"https:\/\/telemet.com\/es\/\",\"name\":\"Telemet, Inc.\",\"description\":\"Efficiency through Simplicity\",\"potentialAction\":[{\"@type\":\"SearchAction\",\"target\":{\"@type\":\"EntryPoint\",\"urlTemplate\":\"https:\/\/telemet.com\/es\/?s={search_term_string}\"},\"query-input\":{\"@type\":\"PropertyValueSpecification\",\"valueRequired\":true,\"valueName\":\"search_term_string\"}}],\"inLanguage\":\"es-ES\"}]}<\/script>\n<!-- \/ Yoast SEO plugin. -->","yoast_head_json":{"title":"SMI\u00ae Axis SnowTower - Telemet","robots":{"index":"index","follow":"follow","max-snippet":"max-snippet:-1","max-image-preview":"max-image-preview:large","max-video-preview":"max-video-preview:-1"},"canonical":"https:\/\/telemet.com\/es\/smi-snowmakers\/axis-snowtower\/","og_locale":"es_ES","og_type":"article","og_title":"SMI\u00ae Axis SnowTower - Telemet","og_url":"https:\/\/telemet.com\/es\/smi-snowmakers\/axis-snowtower\/","og_site_name":"Telemet","article_modified_time":"2017-04-24T20:43:50+00:00","twitter_card":"summary_large_image","twitter_misc":{"Tiempo de lectura":"3 minutes"},"schema":{"@context":"https:\/\/schema.org","@graph":[{"@type":"WebPage","@id":"https:\/\/telemet.com\/es\/smi-snowmakers\/axis-snowtower\/","url":"https:\/\/telemet.com\/es\/smi-snowmakers\/axis-snowtower\/","name":"SMI\u00ae Axis SnowTower - Telemet","isPartOf":{"@id":"https:\/\/telemet.com\/es\/#website"},"datePublished":"2016-08-22T18:20:30+00:00","dateModified":"2017-04-24T20:43:50+00:00","breadcrumb":{"@id":"https:\/\/telemet.com\/es\/smi-snowmakers\/axis-snowtower\/#breadcrumb"},"inLanguage":"es-ES","potentialAction":[{"@type":"ReadAction","target":["https:\/\/telemet.com\/es\/smi-snowmakers\/axis-snowtower\/"]}]},{"@type":"BreadcrumbList","@id":"https:\/\/telemet.com\/es\/smi-snowmakers\/axis-snowtower\/#breadcrumb","itemListElement":[{"@type":"ListItem","position":1,"name":"Home","item":"https:\/\/telemet.com\/es\/"},{"@type":"ListItem","position":2,"name":"Smi Snowmakers","item":"https:\/\/telemet.com\/es\/smi-snowmakers\/"},{"@type":"ListItem","position":3,"name":"SMI\u00ae Axis SnowTower"}]},{"@type":"WebSite","@id":"https:\/\/telemet.com\/es\/#website","url":"https:\/\/telemet.com\/es\/","name":"Telemet, Inc.","description":"Efficiency through Simplicity","potentialAction":[{"@type":"SearchAction","target":{"@type":"EntryPoint","urlTemplate":"https:\/\/telemet.com\/es\/?s={search_term_string}"},"query-input":{"@type":"PropertyValueSpecification","valueRequired":true,"valueName":"search_term_string"}}],"inLanguage":"es-ES"}]}},"_links":{"self":[{"href":"https:\/\/telemet.com\/es\/wp-json\/wp\/v2\/pages\/6508","targetHints":{"allow":["GET"]}}],"collection":[{"href":"https:\/\/telemet.com\/es\/wp-json\/wp\/v2\/pages"}],"about":[{"href":"https:\/\/telemet.com\/es\/wp-json\/wp\/v2\/types\/page"}],"author":[{"embeddable":true,"href":"https:\/\/telemet.com\/es\/wp-json\/wp\/v2\/users\/1"}],"replies":[{"embeddable":true,"href":"https:\/\/telemet.com\/es\/wp-json\/wp\/v2\/comments?post=6508"}],"version-history":[{"count":4,"href":"https:\/\/telemet.com\/es\/wp-json\/wp\/v2\/pages\/6508\/revisions"}],"predecessor-version":[{"id":8386,"href":"https:\/\/telemet.com\/es\/wp-json\/wp\/v2\/pages\/6508\/revisions\/8386"}],"up":[{"embeddable":true,"href":"https:\/\/telemet.com\/es\/wp-json\/wp\/v2\/pages\/6309"}],"wp:attachment":[{"href":"https:\/\/telemet.com\/es\/wp-json\/wp\/v2\/media?parent=6508"}],"curies":[{"name":"wp","href":"https:\/\/api.w.org\/{rel}","templated":true}]}}